{"id":4148,"date":"2020-04-21T13:38:55","date_gmt":"2020-04-21T13:38:55","guid":{"rendered":"https:\/\/multihoster.org\/hitfile\/"},"modified":"2020-04-21T14:03:59","modified_gmt":"2020-04-21T14:03:59","slug":"hitfile","status":"publish","type":"page","link":"https:\/\/multihoster.org\/fr\/hitfile\/","title":{"rendered":"HitFile Premium Compte: Le Filehoster En Un Coup D&rsquo;\u0153il"},"content":{"rendered":"\n<figure class=\"wp-block-image\"><img src=\"https:\/\/lh5.googleusercontent.com\/psmArbJyOPQToAelAKReR6w8u_TN38n6-JFWYyeR1bVafnTkFlUTCWWFlurqKCkVG33WWByZVLtepWod6-ShScUoA11NeZzvEeRpH7vEPv4eaIjOFudHCCRg7SlfX6GUpFPDHKE\" alt=\"HitFile logo\"\/><\/figure>\n\n\n\n<p>HitFile est un h\u00e9bergeur de fichiers qui peut \u00eatre utilis\u00e9 pour le chargement, le t\u00e9l\u00e9chargement, le partage et le stockage des fichiers des utilisateurs.<\/p>\n\n\n<a class=\"maxbutton-2 maxbutton maxbutton-cta\" target=\"_blank\" rel=\"nofollow noopener\" href=\"\/go\/\"><span class='mb-text'>&gt;&gt; Acc\u00e9der au site original de Linkifier<\/span><\/a>\n\n\n<p><\/p>\n\n\n\n<h2>Comment t\u00e9l\u00e9charger des fichiers<\/h2>\n\n\n\n<p>HitFile dispose de trois (3) m\u00e9thodes pour t\u00e9l\u00e9charger un ou plusieurs fichiers. Les utilisateurs de comptes gratuits et de comptes premium de HitFile peuvent acc\u00e9der \u00e0 ces trois m\u00e9thodes. Les utilisateurs enregistr\u00e9s peuvent utiliser n&rsquo;importe laquelle de ces m\u00e9thodes pour t\u00e9l\u00e9charger un fichier, mais les utilisateurs qui ne sont pas enregistr\u00e9s sur le site de HitFile ont une limite dans l&rsquo;utilisation ou l&rsquo;acc\u00e8s \u00e0 ces m\u00e9thodes.<\/p>\n\n\n\n<p>Les trois (3) m\u00e9thodes pour t\u00e9l\u00e9charger un fichier sur HitFile :<\/p>\n\n\n\n<p>1. <strong>T\u00e9l\u00e9chargement par navigateur<\/strong><\/p>\n\n\n\n<p>Les utilisateurs peuvent utiliser n&rsquo;importe quel navigateur web pour y acc\u00e9der. Cette m\u00e9thode est accessible aux utilisateurs enregistr\u00e9s et non enregistr\u00e9s.  Pour t\u00e9l\u00e9charger un fichier par cette m\u00e9thode, les utilisateurs doivent se rendre sur le site de HitFile et trouver l&rsquo;onglet \u00ab\u00a0Browser Upload\u00a0\u00bb (voir la photo ci-dessous). Ensuite, les utilisateurs peuvent cliquer sur le bouton \u00ab\u00a0Select File\u00a0\u00bb pour s\u00e9lectionner le ou les fichiers ou, pour plus de simplicit\u00e9, ils peuvent simplement \u00ab\u00a0glisser et d\u00e9poser\u00a0\u00bb le ou les fichiers qu&rsquo;ils souhaitent t\u00e9l\u00e9charger sur le site.<\/p>\n\n\n\n<p><strong>2. T\u00e9l\u00e9chargement FTP<\/strong><\/p>\n\n\n\n<p>Le <a rel=\"noreferrer noopener\" aria-label=\"FTP  (opens in a new tab)\" href=\"https:\/\/searchnetworking.techtarget.com\/definition\/File-Transfer-Protocol-FTP\" target=\"_blank\">FTP <\/a>est le court terme du protocole de transfert de fichiers. Cette m\u00e9thode est accessible aux utilisateurs enregistr\u00e9s et non enregistr\u00e9s. Pour t\u00e9l\u00e9charger un fichier par cette m\u00e9thode, les utilisateurs doivent se rendre sur le site de HitFile et trouver le lien \u00ab\u00a0FTP Upload\u00a0\u00bb (voir la photo ci-dessous). Cliquez dessus, mais avant que les utilisateurs puissent acc\u00e9der \u00e0 cette fonction FTP Upload, ils doivent d&rsquo;abord se connecter sur le site de HitFile.<\/p>\n\n\n\n<p><strong>3. T\u00e9l\u00e9chargement d&rsquo;URL<\/strong><\/p>\n\n\n\n<p>L&rsquo;<a rel=\"noreferrer noopener\" aria-label=\"URL (opens in a new tab)\" href=\"https:\/\/www.computerhope.com\/jargon\/u\/url.htm\" target=\"_blank\">URL<\/a> est le terme court pour le localisateur de ressources uniformes. Cette m\u00e9thode est UNIQUEMENT accessible et disponible pour les utilisateurs enregistr\u00e9s. Pour t\u00e9l\u00e9charger un fichier par cette m\u00e9thode, les utilisateurs doivent se rendre sur le site de HitFile et trouver le lien \u00ab\u00a0URL Upload\u00a0\u00bb (voir la photo ci-dessous). Cliquez dessus, mais avant que les utilisateurs puissent acc\u00e9der \u00e0 cette fonction de t\u00e9l\u00e9chargement d&rsquo;URL, ils doivent d&rsquo;abord se connecter sur le site de HitFile.<\/p>\n\n\n\n<figure class=\"wp-block-image\"><img src=\"https:\/\/lh4.googleusercontent.com\/gVA_41CU0EDl621L4XjsBkHV5OdAaVh2jbKJHoRMxrl-R9k8ed02sHNYN7Kj_lmX78JnPNLj0NdsZ78cr31hzldmyTOBRyXfGwcBgT2uqmVbqAJdeoKiqWJRiujL6jNbWjIblrM\" alt=\"Upload Methods of HitFile\"\/><\/figure>\n\n\n\n<h2>T\u00e9l\u00e9chargement d&rsquo;un fichier<\/h2>\n\n\n\n<p>Pour t\u00e9l\u00e9charger un fichier, les utilisateurs peuvent utiliser un gestionnaire de t\u00e9l\u00e9chargement tel que la liste ci-dessous :<\/p>\n\n\n\n<ul><li>FlashGet,<\/li><li> T\u00e9l\u00e9chargez Accelerator Plus,<\/li><li> GetRight,<\/li><li> FlashGet,<\/li><li> GoZilla,<\/li><li> le gestionnaire de t\u00e9l\u00e9chargement de fichiers de Google, et<\/li><li> Autres<\/li><\/ul>\n\n\n\n<h2>Le v\u00e9rificateur de fichiers<\/h2>\n\n\n\n<p>HitFile dispose d&rsquo;un v\u00e9rificateur de fichiers, qui est l&rsquo;une de ses bonnes caract\u00e9ristiques. Il est n\u00e9cessaire pour v\u00e9rifier un ou plusieurs fichiers si ceux-ci sont disponibles dans la base de donn\u00e9es ou sur le serveur de HitFile.<\/p>\n\n\n\n<h3>Comment v\u00e9rifier un fichier \u00e0 l&rsquo;aide du File Checker ?<\/h3>\n\n\n\n<ol><li>Allez sur le site de HitFile.<\/li><li>Aller \u00e0 la partie inf\u00e9rieure de la page d&rsquo;accueil du site.<\/li><li>Trouvez le lien du \u00ab\u00a0File Checker\u00a0\u00bb.<\/li><li>Cliquez dessus et il dirigera les utilisateurs vers la page du File Checker.<\/li><li>Copiez le lien d&rsquo;un fichier, puis collez-le dans la case \u00ab\u00a0File Checker\u00a0\u00bb.<\/li><li>Click on the \u201cCheck\u201d button to check the entered links of the file or files. The users can also clear the contents of the box of the File Checker by clicking on the \u201cClear\u201d button.<\/li><\/ol>\n\n\n\n<h3>R\u00e8gles dans le v\u00e9rificateur de fichiers :<\/h3>\n\n\n\n<ul><li>Les utilisateurs ne peuvent pas entrer plus de deux cents (200) liens \u00e0 la fois.<\/li><li> Les utilisateurs doivent saisir les liens par ligne. Un (1) lien est \u00e9gal \u00e0 une (1) ligne.<\/li><\/ul>\n\n\n\n<h3>Le v\u00e9rificateur de liens de l&rsquo;interface de programmation d&rsquo;applications (API)<\/h3>\n\n\n\n<p>En outre, pour les d\u00e9veloppeurs, HitFile a cr\u00e9\u00e9 et pr\u00e9par\u00e9 des scripts leur permettant d&rsquo;utiliser l&rsquo;interface de programmation d&rsquo;application ou le v\u00e9rificateur de liens <a rel=\"noreferrer noopener\" aria-label=\"API (opens in a new tab)\" href=\"https:\/\/en.wikipedia.org\/wiki\/Application_programming_interface\" target=\"_blank\">API<\/a> pour v\u00e9rifier la pr\u00e9sence d&rsquo;un ou plusieurs fichiers.<\/p>\n\n\n\n<p>Voici quelques exemples pour v\u00e9rifier l&rsquo;\u00e9tat d&rsquo;un ou plusieurs dossiers.<\/p>\n\n\n\n<p>1. Si vous \u00eates un d\u00e9veloppeur qui souhaite v\u00e9rifier le statut d&rsquo;un (1) seul fichier. Il ou elle peut alors se r\u00e9f\u00e9rer \u00e0 l&rsquo;exemple de photo ci-dessous.<\/p>\n\n\n\n<figure class=\"wp-block-image\"><img src=\"https:\/\/lh4.googleusercontent.com\/vIh0D0ak1psOMOGDcNGwP31uZ-iQqe483iMJtVWpxfcbIj5LxQlwAS8dw9C4m5JBJEJsKSlZAbLZrG25qGfeZb5x03Z_SvSlU03kQkSTAenKoP8-i2l2xdsqAnL6e7rgUE1BNLg\" alt=\"API link checker for 1 file\"\/><\/figure>\n\n\n\n<p>2.. Mais, si vous \u00eates un d\u00e9veloppeur qui veut v\u00e9rifier le statut de plus d&rsquo;un (1) seul fichier. Alors, l&rsquo;exemple de photo ci-dessous est pour vous.<\/p>\n\n\n\n<figure class=\"wp-block-image\"><img src=\"https:\/\/lh3.googleusercontent.com\/pLWF2_WGdHXroQPMU1iemWrpxpLMg35sE5GpVHDHr2fyfg1YjXpwePMBZauSDTO62j2JNciJB14lfgDYUo3XrEwzcq3EkFWbRqYhxuFsf-_EQd1ScflP1En51xu_ETlroa8M0mk\" alt=\"API link checker for files\"\/><\/figure>\n\n\n\n<h2>HitFile Premium Compte <\/h2>\n\n\n\n<p>Type d&rsquo;adh\u00e9sion \u00e0 HitFile pour le compte premium<\/p>\n\n\n\n<figure class=\"wp-block-table\"><table class=\"\"><tbody><tr><td>Nombre de jours<\/td><td>Prix (pour l&rsquo;ensemble)<\/td><td>Prix (par jour)<\/td><td>Combien d&rsquo;argent un utilisateur peut-il \u00e9conomiser ?<\/td><\/tr><tr><td>25<\/td><td>9,95 USD<\/td><td>0.40 USD \/ day<\/td><td>De base (0 %)<\/td><\/tr><tr><td>70<\/td><td>24,95 USD<\/td><td>0.36 USD \/ day&nbsp;<\/td><td>Dix pour cent (10%)<\/td><\/tr><tr><td>150<\/td><td>49,95 USD<\/td><td>0.33 USD \/ day<\/td><td>Quinze pour cent (15%)<\/td><\/tr><tr><td>350<\/td><td>89,95 USD<\/td><td>0.26 USD \/ day<\/td><td>Trente-cinq pour cent (35%)<\/td><\/tr><\/tbody><\/table><\/figure>\n\n\n\n<h3>Mise \u00e0 niveau du compte HitFile<\/h3>\n\n\n\n<p>Les utilisateurs doivent suivre les \u00e9tapes ci-dessous pour passer du compte des utilisateurs au compte premium.<\/p>\n\n\n<a class=\"maxbutton-2 maxbutton maxbutton-cta\" target=\"_blank\" rel=\"nofollow noopener\" href=\"\/go\/\"><span class='mb-text'>&gt;&gt; Acc\u00e9der au site original de Linkifier<\/span><\/a>\n\n\n<p><\/p>\n\n\n\n<ol><li>Les utilisateurs doivent d&rsquo;abord choisir le type d&rsquo;adh\u00e9sion qu&rsquo;ils souhaitent ou dont ils ont besoin.<\/li><li> Ensuite, les utilisateurs doivent choisir l&rsquo;un des modes de paiement pour le paiement du compte Premium.<\/li><li> Les utilisateurs doivent toujours v\u00e9rifier la \u00ab\u00a0protection https\u00a0\u00bb pour assurer la s\u00e9curit\u00e9 lors du t\u00e9l\u00e9chargement d&rsquo;un ou plusieurs fichiers.<\/li><li> Les utilisateurs peuvent cocher la case pour l&rsquo;abonnement \u00e0 HitFile, mais ils sont libres de ne pas s&rsquo;y abonner.<\/li><li> Saisissez une adresse \u00e9lectronique. Celle-ci est n\u00e9cessaire pour recevoir le compte premium, les codes premium et les mises \u00e0 jour concernant les fonctionnalit\u00e9s, les services et les comptes (si vous y \u00eates abonn\u00e9).<\/li><li> Ensuite, cliquez sur le bouton \u00ab\u00a0Payer maintenant\u00a0\u00bb pour soumettre les d\u00e9tails saisis et pour payer le compte premium choisi.<\/li><li>If users already have the code for the premium account, then they should enter it on the field where the premium code for the premium account needs to be input to activate all of the premium features and services.<\/li><\/ol>\n\n\n\n<figure class=\"wp-block-table\"><table class=\"\"><tbody><tr><td>\u2714 \u2714 \u2714 Rappelez-vous que les utilisateurs doivent d&rsquo;abord lire les conditions d&rsquo;utilisation de HitFile pour savoir comment utiliser correctement les fonctionnalit\u00e9s et les services du site et aussi pour \u00e9viter tout type d&rsquo;abus concernant HitFile.<\/td><\/tr><\/tbody><\/table><\/figure>\n\n\n\n<h3>Paiement du compte premium HitFile<\/h3>\n\n\n\n<p>Les utilisateurs peuvent payer le type d&rsquo;adh\u00e9sion qu&rsquo;ils ont choisi pour le compte premium de HitFile par le biais de diff\u00e9rents modes de paiement. <\/p>\n\n\n\n<p>M\u00e9thodes de paiement support\u00e9es par HitFile :<\/p>\n\n\n\n<ul><li>Visa,<\/li><li> MasterCard,<\/li><li> PayPal,<\/li><li> PaysafeCard,<\/li><li> Bitcoins, Litecoins, ou autres cryptocurrences<\/li><li> Sofort banking,<\/li><li> iDeal,<\/li><li> Bancontact, et<\/li><li> Les revendeurs autoris\u00e9s<\/li><\/ul>\n\n\n\n<p>Les utilisateurs n&rsquo;ont pas \u00e0 se soucier de leur paiement et de leurs coordonn\u00e9es de paiement car les donn\u00e9es sur le site sont toutes crypt\u00e9es et 100% s\u00e9curis\u00e9es.<\/p>\n\n\n\n<h3>Compte Premium HitFile : Activez-le !<\/h3>\n\n\n\n<p>Les utilisateurs ont besoin d&rsquo;un code de bon pour activer leur compte premium afin d&rsquo;utiliser et d&rsquo;acc\u00e9der \u00e0 toutes les fonctionnalit\u00e9s et services du produit. Ils peuvent acheter le code de bon d&rsquo;achat aupr\u00e8s des revendeurs de HitFile. Pour l&rsquo;activer, les utilisateurs doivent suivre les proc\u00e9dures suivantes<\/p>\n\n\n\n<ol><li>Les utilisateurs doivent d&rsquo;abord acheter un code de bon aupr\u00e8s des revendeurs. Le code de bon d&rsquo;achat que les utilisateurs ont achet\u00e9 pour le compte premium de HitFile sera rapidement livr\u00e9 \u00e0 leur adresse \u00e9lectronique.<\/li><li> Ensuite, ils doivent se rendre sur le site de HitFile pour se connecter \u00e0 leur compte (adresse \u00e9lectronique et mot de passe) sur la page de connexion. S&rsquo;ils ne sont pas encore enregistr\u00e9s, ils doivent d&rsquo;abord se rendre \u00e0 la page d&rsquo;enregistrement situ\u00e9e sur le site de HitFile. Les utilisateurs doivent toujours s&rsquo;assurer qu&rsquo;ils sont bien connect\u00e9s sur le site.<\/li><li> Ensuite, les utilisateurs doivent se rendre sur la page Premium du site de HitFile et y trouver le champ pour le code premium afin d&rsquo;y entrer le code du bon d&rsquo;achat.<\/li><li> Saisissez le code du bon, puis cliquez sur le bouton \u00ab\u00a0Activer un code premium\u00a0\u00bb pour activer le compte premium achet\u00e9.<\/li><\/ol>\n\n\n\n<figure class=\"wp-block-table\"><table class=\"\"><tbody><tr><td>ERREUR : \u00ab\u00a0Trop de tentatives pour ce code d&rsquo;acc\u00e8s\u00a0\u00bb<\/td><\/tr><tr><td>Les utilisateurs premium peuvent seulement acc\u00e9der au site jusqu&rsquo;\u00e0 quarante (40) fois par jour, mais apr\u00e8s avoir activ\u00e9 avec succ\u00e8s leur compte premium, le site se souvient des utilisateurs et ne leur demandera plus de code d&rsquo;acc\u00e8s.<\/td><\/tr><\/tbody><\/table><\/figure>\n\n\n\n<h2>Le programme de revente de HitFile<\/h2>\n\n\n\n<p>Les utilisateurs peuvent participer au programme de revente de HitFile. HitFile permet aux revendeurs d&rsquo;\u00eatre pr\u00e9sents sur le march\u00e9 local et international. Les utilisateurs qui veulent participer doivent avoir leur site web qui a un syst\u00e8me de paiement car c&rsquo;est une des premi\u00e8res conditions pour ce programme.<\/p>\n\n\n\n<p>Pour l&rsquo;instant, ils ne soutiennent pas le d\u00e9p\u00f4t initial pour l&rsquo;achat des codes de prime.<\/p>\n\n\n\n<p>Pour que les utilisateurs puissent postuler au programme de revendeurs, ils doivent remplir le formulaire de recommandation. Ensuite, la demande des utilisateurs sera v\u00e9rifi\u00e9e et sera examin\u00e9e dans un d\u00e9lai de cinq (5) jours ouvrables \u00e0 compter du jour o\u00f9 ils ont soumis leur demande. HitFile enverra un message \u00e0 l&rsquo;adresse \u00e9lectronique des utilisateurs pour les informer que leur demande ou leur candidature pour devenir un revendeur autoris\u00e9 de HitFile est approuv\u00e9e.<\/p>\n\n\n\n<p>Revendeurs HitFile &#8211; Tableau de la Commission<\/p>\n\n\n\n<figure class=\"wp-block-table\"><table class=\"\"><tbody><tr><td>Volume des ventes<\/td><td>Taux d&rsquo;escompte pour le produit<\/td><\/tr><tr><td>sup\u00e9rieur ou \u00e9gal \u00e0 100,00 USD<\/td><td>20%<\/td><\/tr><tr><td>sup\u00e9rieur ou \u00e9gal \u00e0 500,00 USD<\/td><td>22.5%<\/td><\/tr><tr><td>sup\u00e9rieur ou \u00e9gal \u00e0 1.000,00 USD<\/td><td>25%<\/td><\/tr><tr><td>sup\u00e9rieur ou \u00e9gal \u00e0 2.500,00 USD<\/td><td>27.5%<\/td><\/tr><tr><td>sup\u00e9rieur ou \u00e9gal \u00e0 5.000,00 USD<\/td><td>30%<\/td><\/tr><tr><td>sup\u00e9rieur ou \u00e9gal \u00e0 12.500,00 USD<\/td><td>32.5%<\/td><\/tr><tr><td>sup\u00e9rieur ou \u00e9gal \u00e0 25.500,00 USD<\/td><td>35%<\/td><\/tr><tr><td>sup\u00e9rieur ou \u00e9gal \u00e0 50.500,00 USD<\/td><td>37.5%<\/td><\/tr><tr><td>sup\u00e9rieur ou \u00e9gal \u00e0 100.500,00 USD<\/td><td>40%<\/td><\/tr><\/tbody><\/table><\/figure>\n\n\n\n<h2>Ouverture d&rsquo;un billet<\/h2>\n\n\n\n<p>Un billet est utilis\u00e9 pour soulever les questions et les pr\u00e9occupations d&rsquo;un utilisateur. Les utilisateurs peuvent ouvrir un ticket sur la page \u00ab\u00a0Ma conversation\u00a0\u00bb. Sur cette page, ils peuvent \u00e9galement trouver leurs tickets existants. Ils peuvent \u00e9galement acc\u00e9der \u00e0 HitFile par skype, par e-mail ou par le biais du ticket.<\/p>\n\n\n<a class=\"maxbutton-2 maxbutton maxbutton-cta\" target=\"_blank\" rel=\"nofollow noopener\" href=\"\/go\/\"><span class='mb-text'>&gt;&gt; Acc\u00e9der au site original de Linkifier<\/span><\/a>\n\n\n<p><\/p>\n","protected":false},"excerpt":{"rendered":"<p>HitFile est un h\u00e9bergeur de fichiers qui peut \u00eatre utilis\u00e9 pour le chargement, le t\u00e9l\u00e9chargement, le partage et le stockage<\/p>\n","protected":false},"author":2,"featured_media":0,"parent":0,"menu_order":0,"comment_status":"closed","ping_status":"closed","template":"","meta":[],"yoast_head":"<!-- This site is optimized with the Yoast SEO plugin v18.3 - https:\/\/yoast.com\/wordpress\/plugins\/seo\/ -->\n<title>HitFile Premium Compte: Le Filehoster En Un Coup D&#039;\u0153il<\/title>\n<meta name=\"description\" content=\"HitFile est-il un fournisseur r\u00e9put\u00e9 ou non, vous pouvez trouver la r\u00e9ponse dans le test actuel sur Multihoster.org \u279c Cliquez maintenant sur \u271a pour lire nos exp\u00e9riences !\" \/>\n<meta name=\"robots\" content=\"index, follow, max-snippet:-1, max-image-preview:large, max-video-preview:-1\" \/>\n<link rel=\"canonical\" href=\"https:\/\/multihoster.org\/fr\/hitfile\/\" \/>\n<meta property=\"og:locale\" content=\"fr_FR\" \/>\n<meta property=\"og:type\" content=\"article\" \/>\n<meta property=\"og:title\" content=\"HitFile Premium Compte: Le Filehoster En Un Coup D&#039;\u0153il\" \/>\n<meta property=\"og:description\" content=\"HitFile est-il un fournisseur r\u00e9put\u00e9 ou non, vous pouvez trouver la r\u00e9ponse dans le test actuel sur Multihoster.org \u279c Cliquez maintenant sur \u271a pour lire nos exp\u00e9riences !\" \/>\n<meta property=\"og:url\" content=\"https:\/\/multihoster.org\/fr\/hitfile\/\" \/>\n<meta property=\"og:site_name\" content=\"Multihoster.org\" \/>\n<meta property=\"article:modified_time\" content=\"2020-04-21T14:03:59+00:00\" \/>\n<meta property=\"og:image\" content=\"https:\/\/lh5.googleusercontent.com\/psmArbJyOPQToAelAKReR6w8u_TN38n6-JFWYyeR1bVafnTkFlUTCWWFlurqKCkVG33WWByZVLtepWod6-ShScUoA11NeZzvEeRpH7vEPv4eaIjOFudHCCRg7SlfX6GUpFPDHKE\" \/>\n<meta name=\"twitter:card\" content=\"summary\" \/>\n<meta name=\"twitter:label1\" content=\"Dur\u00e9e de lecture estim\u00e9e\" \/>\n\t<meta name=\"twitter:data1\" content=\"8 minutes\" \/>\n<script type=\"application\/ld+json\" class=\"yoast-schema-graph\">{\"@context\":\"https:\/\/schema.org\",\"@graph\":[{\"@type\":\"WebSite\",\"@id\":\"https:\/\/multihoster.org\/#website\",\"url\":\"https:\/\/multihoster.org\/\",\"name\":\"Multihoster.org\",\"description\":\"Reviews of the major Filehosting services\",\"potentialAction\":[{\"@type\":\"SearchAction\",\"target\":{\"@type\":\"EntryPoint\",\"urlTemplate\":\"https:\/\/multihoster.org\/?s={search_term_string}\"},\"query-input\":\"required name=search_term_string\"}],\"inLanguage\":\"fr-FR\"},{\"@type\":\"ImageObject\",\"@id\":\"https:\/\/multihoster.org\/fr\/hitfile\/#primaryimage\",\"inLanguage\":\"fr-FR\",\"url\":\"https:\/\/lh5.googleusercontent.com\/psmArbJyOPQToAelAKReR6w8u_TN38n6-JFWYyeR1bVafnTkFlUTCWWFlurqKCkVG33WWByZVLtepWod6-ShScUoA11NeZzvEeRpH7vEPv4eaIjOFudHCCRg7SlfX6GUpFPDHKE\",\"contentUrl\":\"https:\/\/lh5.googleusercontent.com\/psmArbJyOPQToAelAKReR6w8u_TN38n6-JFWYyeR1bVafnTkFlUTCWWFlurqKCkVG33WWByZVLtepWod6-ShScUoA11NeZzvEeRpH7vEPv4eaIjOFudHCCRg7SlfX6GUpFPDHKE\"},{\"@type\":\"WebPage\",\"@id\":\"https:\/\/multihoster.org\/fr\/hitfile\/#webpage\",\"url\":\"https:\/\/multihoster.org\/fr\/hitfile\/\",\"name\":\"HitFile Premium Compte: Le Filehoster En Un Coup D'\u0153il\",\"isPartOf\":{\"@id\":\"https:\/\/multihoster.org\/#website\"},\"primaryImageOfPage\":{\"@id\":\"https:\/\/multihoster.org\/fr\/hitfile\/#primaryimage\"},\"datePublished\":\"2020-04-21T13:38:55+00:00\",\"dateModified\":\"2020-04-21T14:03:59+00:00\",\"description\":\"HitFile est-il un fournisseur r\u00e9put\u00e9 ou non, vous pouvez trouver la r\u00e9ponse dans le test actuel sur Multihoster.org \u279c Cliquez maintenant sur \u271a pour lire nos exp\u00e9riences !\",\"breadcrumb\":{\"@id\":\"https:\/\/multihoster.org\/fr\/hitfile\/#breadcrumb\"},\"inLanguage\":\"fr-FR\",\"potentialAction\":[{\"@type\":\"ReadAction\",\"target\":[\"https:\/\/multihoster.org\/fr\/hitfile\/\"]}]},{\"@type\":\"BreadcrumbList\",\"@id\":\"https:\/\/multihoster.org\/fr\/hitfile\/#breadcrumb\",\"itemListElement\":[{\"@type\":\"ListItem\",\"position\":1,\"name\":\"Startseite\",\"item\":\"https:\/\/multihoster.org\/fr\/\"},{\"@type\":\"ListItem\",\"position\":2,\"name\":\"HitFile Premium Compte: Le Filehoster En Un Coup D&rsquo;\u0153il\"}]}]}<\/script>\n<!-- \/ Yoast SEO plugin. -->","yoast_head_json":{"title":"HitFile Premium Compte: Le Filehoster En Un Coup D'\u0153il","description":"HitFile est-il un fournisseur r\u00e9put\u00e9 ou non, vous pouvez trouver la r\u00e9ponse dans le test actuel sur Multihoster.org \u279c Cliquez maintenant sur \u271a pour lire nos exp\u00e9riences !","robots":{"index":"index","follow":"follow","max-snippet":"max-snippet:-1","max-image-preview":"max-image-preview:large","max-video-preview":"max-video-preview:-1"},"canonical":"https:\/\/multihoster.org\/fr\/hitfile\/","og_locale":"fr_FR","og_type":"article","og_title":"HitFile Premium Compte: Le Filehoster En Un Coup D'\u0153il","og_description":"HitFile est-il un fournisseur r\u00e9put\u00e9 ou non, vous pouvez trouver la r\u00e9ponse dans le test actuel sur Multihoster.org \u279c Cliquez maintenant sur \u271a pour lire nos exp\u00e9riences !","og_url":"https:\/\/multihoster.org\/fr\/hitfile\/","og_site_name":"Multihoster.org","article_modified_time":"2020-04-21T14:03:59+00:00","og_image":[{"url":"https:\/\/lh5.googleusercontent.com\/psmArbJyOPQToAelAKReR6w8u_TN38n6-JFWYyeR1bVafnTkFlUTCWWFlurqKCkVG33WWByZVLtepWod6-ShScUoA11NeZzvEeRpH7vEPv4eaIjOFudHCCRg7SlfX6GUpFPDHKE"}],"twitter_card":"summary","twitter_misc":{"Dur\u00e9e de lecture estim\u00e9e":"8 minutes"},"schema":{"@context":"https:\/\/schema.org","@graph":[{"@type":"WebSite","@id":"https:\/\/multihoster.org\/#website","url":"https:\/\/multihoster.org\/","name":"Multihoster.org","description":"Reviews of the major Filehosting services","potentialAction":[{"@type":"SearchAction","target":{"@type":"EntryPoint","urlTemplate":"https:\/\/multihoster.org\/?s={search_term_string}"},"query-input":"required name=search_term_string"}],"inLanguage":"fr-FR"},{"@type":"ImageObject","@id":"https:\/\/multihoster.org\/fr\/hitfile\/#primaryimage","inLanguage":"fr-FR","url":"https:\/\/lh5.googleusercontent.com\/psmArbJyOPQToAelAKReR6w8u_TN38n6-JFWYyeR1bVafnTkFlUTCWWFlurqKCkVG33WWByZVLtepWod6-ShScUoA11NeZzvEeRpH7vEPv4eaIjOFudHCCRg7SlfX6GUpFPDHKE","contentUrl":"https:\/\/lh5.googleusercontent.com\/psmArbJyOPQToAelAKReR6w8u_TN38n6-JFWYyeR1bVafnTkFlUTCWWFlurqKCkVG33WWByZVLtepWod6-ShScUoA11NeZzvEeRpH7vEPv4eaIjOFudHCCRg7SlfX6GUpFPDHKE"},{"@type":"WebPage","@id":"https:\/\/multihoster.org\/fr\/hitfile\/#webpage","url":"https:\/\/multihoster.org\/fr\/hitfile\/","name":"HitFile Premium Compte: Le Filehoster En Un Coup D'\u0153il","isPartOf":{"@id":"https:\/\/multihoster.org\/#website"},"primaryImageOfPage":{"@id":"https:\/\/multihoster.org\/fr\/hitfile\/#primaryimage"},"datePublished":"2020-04-21T13:38:55+00:00","dateModified":"2020-04-21T14:03:59+00:00","description":"HitFile est-il un fournisseur r\u00e9put\u00e9 ou non, vous pouvez trouver la r\u00e9ponse dans le test actuel sur Multihoster.org \u279c Cliquez maintenant sur \u271a pour lire nos exp\u00e9riences !","breadcrumb":{"@id":"https:\/\/multihoster.org\/fr\/hitfile\/#breadcrumb"},"inLanguage":"fr-FR","potentialAction":[{"@type":"ReadAction","target":["https:\/\/multihoster.org\/fr\/hitfile\/"]}]},{"@type":"BreadcrumbList","@id":"https:\/\/multihoster.org\/fr\/hitfile\/#breadcrumb","itemListElement":[{"@type":"ListItem","position":1,"name":"Startseite","item":"https:\/\/multihoster.org\/fr\/"},{"@type":"ListItem","position":2,"name":"HitFile Premium Compte: Le Filehoster En Un Coup D&rsquo;\u0153il"}]}]}},"_links":{"self":[{"href":"https:\/\/multihoster.org\/fr\/wp-json\/wp\/v2\/pages\/4148"}],"collection":[{"href":"https:\/\/multihoster.org\/fr\/wp-json\/wp\/v2\/pages"}],"about":[{"href":"https:\/\/multihoster.org\/fr\/wp-json\/wp\/v2\/types\/page"}],"author":[{"embeddable":true,"href":"https:\/\/multihoster.org\/fr\/wp-json\/wp\/v2\/users\/2"}],"replies":[{"embeddable":true,"href":"https:\/\/multihoster.org\/fr\/wp-json\/wp\/v2\/comments?post=4148"}],"version-history":[{"count":1,"href":"https:\/\/multihoster.org\/fr\/wp-json\/wp\/v2\/pages\/4148\/revisions"}],"predecessor-version":[{"id":4160,"href":"https:\/\/multihoster.org\/fr\/wp-json\/wp\/v2\/pages\/4148\/revisions\/4160"}],"wp:attachment":[{"href":"https:\/\/multihoster.org\/fr\/wp-json\/wp\/v2\/media?parent=4148"}],"curies":[{"name":"wp","href":"https:\/\/api.w.org\/{rel}","templated":true}]}}