{"id":4193,"date":"2020-04-22T09:42:02","date_gmt":"2020-04-22T09:42:02","guid":{"rendered":"https:\/\/multihoster.org\/easybytez-2\/"},"modified":"2020-04-22T10:09:42","modified_gmt":"2020-04-22T10:09:42","slug":"easybytez-2","status":"publish","type":"page","link":"https:\/\/multihoster.org\/fr\/easybytez-2\/","title":{"rendered":"Easybytez Premium Compte: Le Filehoster En Un Coup D&rsquo;\u0153il"},"content":{"rendered":"\n<figure class=\"wp-block-image\"><img src=\"https:\/\/lh3.googleusercontent.com\/7sfcXzV_u2BPeouW-wuBjXqm-MqY932QRkL-JyOSuK8zPkTenI_E2y9N1CSskXlVvXUk4p9xSKJGO8Sf6Ih44wVJ_hMs6n57ybNKpCeG-IQrrKkupcu--8JouUcWxCYFXSUN36E\" alt=\"Easybytez logo\"\/><\/figure>\n\n\n\n<p>Easybytez est un fournisseur d&rsquo;h\u00e9bergement de fichiers qui propose des t\u00e9l\u00e9chargements et des chargements de fichiers \u00e0 tout moment et en tout lieu. De nombreux types de fichiers sont pris en charge pour le t\u00e9l\u00e9chargement, tels que des photos, des vid\u00e9os, des documents et des fichiers archiv\u00e9s. Contrairement \u00e0 d&rsquo;autres h\u00e9bergeurs de fichiers plus chers, plus complexes et plus compliqu\u00e9s, Easybytez est \u00e0 la hauteur de son nom en proposant un h\u00e9bergement de fichiers simple et de qualit\u00e9 sup\u00e9rieure au bout de vos doigts.  Le t\u00e9l\u00e9chargement de fichiers sur Easybytez est gratuit. Toutefois, si vous souhaitez profiter du service de compte premium d&rsquo;Easybytez et profiter des fonctionnalit\u00e9s qu&rsquo;il offre, l&rsquo;inscription \u00e0 un compte premium est tr\u00e8s facile. \u00c0 partir de seulement 3,99 $, vous pouvez profiter du compte premium d&rsquo;Easybytez pendant 7 jours. Vous pouvez t\u00e9l\u00e9charger des fichiers depuis plusieurs h\u00f4tes, disposer d&rsquo;un temps de stockage illimit\u00e9 pour vos fichiers, mettre en pause et reprendre les t\u00e9l\u00e9chargements, disposer d&rsquo;un tableau de bord sans publicit\u00e9 et sauter des captures. Ce qui distingue le compte premium d&rsquo;Easybytez des autres sites web est que vous pouvez b\u00e9n\u00e9ficier de tous ces avantages sans vous soucier de la s\u00e9curit\u00e9 et de la protection de vos fichiers. Par rapport aux fournisseurs d&rsquo;h\u00e9bergement de fichiers les plus populaires sur Internet, le service d&rsquo;Easybytez est nettement moins cher et offre presque les m\u00eames fonctionnalit\u00e9s que celles que l&rsquo;on trouve sur ces sites.<\/p>\n\n\n<a class=\"maxbutton-2 maxbutton maxbutton-cta\" target=\"_blank\" rel=\"nofollow noopener\" href=\"\/go\/\"><span class='mb-text'>&gt;&gt; Acc\u00e9der au site original de Linkifier<\/span><\/a>\n\n\n<p><\/p>\n\n\n\n<h2>LES CARACT\u00c9RISTIQUES DU COMPTE PREMIUM EASYBYTEZ<\/h2>\n\n\n\n<h3>UNE INTERFACE CONVIVIALE<\/h3>\n\n\n\n<p>Gr\u00e2ce \u00e0 une interface utilisateur facile \u00e0 utiliser et \u00e0 comprendre, le chargement et le t\u00e9l\u00e9chargement de vos fichiers sur le <a rel=\"noreferrer noopener\" aria-label=\"stockage en nuage (opens in a new tab)\" href=\"https:\/\/www.techopedia.com\/definition\/26535\/cloud-storage\" target=\"_blank\">stockage en nuage<\/a> d&rsquo;Easybyte ont \u00e9t\u00e9 facilit\u00e9s.  L&rsquo;ouverture d&rsquo;un compte premium vous permettra de t\u00e9l\u00e9charger rapidement et facilement, sans avoir \u00e0 passer par diff\u00e9rents liens ou des publicit\u00e9s ennuyeuses. Pour t\u00e9l\u00e9charger un fichier, vous pouvez glisser et d\u00e9poser vos fichiers sur votre navigateur et le t\u00e9l\u00e9chargement commencera automatiquement. Les t\u00e9l\u00e9chargements en un clic sont disponibles pour vos propres fichiers qui peuvent \u00eatre facilement accessibles via votre profil. Vous pouvez partager ce lien avec qui vous voulez, mais le temps dont ils disposent pour t\u00e9l\u00e9charger et acc\u00e9der \u00e0 votre fichier est limit\u00e9 avant que le lien ne disparaisse et que vous deviez en g\u00e9n\u00e9rer un autre. Vous pouvez \u00e9galement trier et organiser facilement vos fichiers t\u00e9l\u00e9charg\u00e9s par cat\u00e9gories telles que la taille du fichier, la date de t\u00e9l\u00e9chargement ou le type de fichier, r\u00e9duisant ainsi le temps n\u00e9cessaire pour rechercher un certain fichier au cas o\u00f9 vous en auriez besoin. Le site web d&rsquo;Easybytez est facilement accessible \u00e0 tous, \u00e0 condition d&rsquo;\u00eatre connect\u00e9 \u00e0 l&rsquo;internet par l&rsquo;interm\u00e9diaire de son ordinateur personnel ou de son appareil mobile. Par exemple, lorsque vous avez besoin de transf\u00e9rer un fichier de votre ordinateur personnel \u00e0 la maison vers un autre appareil au bureau, vous pouvez le t\u00e9l\u00e9charger \u00e0 la maison et y acc\u00e9der facilement, puis le t\u00e9l\u00e9charger d&rsquo;un autre ordinateur en quelques clics.<\/p>\n\n\n\n<h3>DUR\u00c9E ILLIMIT\u00c9E DE STOCKAGE DES FICHIERS<\/h3>\n\n\n\n<p>Avec un compte gratuit, tout fichier que vous avez t\u00e9l\u00e9charg\u00e9 sera stock\u00e9 sur les serveurs pendant sept jours au maximum, apr\u00e8s quoi il sera supprim\u00e9 \u00e0 jamais. Toutefois, si vous travaillez sur des fichiers volumineux qui doivent \u00eatre stock\u00e9s ou sauvegard\u00e9s \u00e0 distance pendant des p\u00e9riodes prolong\u00e9es, le fait de disposer d&rsquo;un compte premium vous permettra d&rsquo;utiliser les serveurs de stockage en nuage d&rsquo;Easybytez comme sauvegarde secondaire de ces fichiers. Les entreprises et les petites entreprises qui recherchent une sauvegarde \u00e0 distance pour leurs fichiers critiques peuvent b\u00e9n\u00e9ficier de ces fonctionnalit\u00e9s. De nos jours, il est n\u00e9cessaire de disposer d&rsquo;une solution de stockage de sauvegarde fiable. Lorsque vous avez accidentellement supprim\u00e9 un fichier important sur votre ordinateur ou votre appareil, vous pouvez facilement y acc\u00e9der et le r\u00e9cup\u00e9rer \u00e0 partir des serveurs en nuage. Soyez assur\u00e9 que les fichiers que vous avez t\u00e9l\u00e9charg\u00e9s ne seront jamais supprim\u00e9s et qu&rsquo;ils sont toujours s\u00e9curis\u00e9s, \u00e0 condition de vous connecter \u00e0 votre compte premium au moins une fois tous les 30 jours.<\/p>\n\n\n\n<h3>LES VITESSES MAXIMALES DE T\u00c9L\u00c9CHARGEMENT EN AMONT ET EN AVAL<\/h3>\n\n\n\n<p>Des vitesses de t\u00e9l\u00e9chargement maximales sont \u00e9galement disponibles pour les comptes premium afin de garantir un transfert rapide de fichiers tels que des documents, des photos ou des vid\u00e9os. Les comptes premium sont \u00e9galement autoris\u00e9s \u00e0 avoir des priorit\u00e9s lorsqu&rsquo;il s&rsquo;agit de t\u00e9l\u00e9charger un fichier. Vous n&rsquo;aurez jamais \u00e0 attendre pour t\u00e9l\u00e9charger les fichiers dont vous avez besoin et tout peut \u00eatre fait en un seul clic, tandis que les utilisateurs gratuits ont des restrictions telles que le t\u00e9l\u00e9chargement d&rsquo;un seul fichier \u00e0 la fois. Les vitesses maximales de transfert de fichiers sont \u00e9galement incluses dans le compte premium, ce qui vous permet de t\u00e9l\u00e9charger plus de fichiers en peu de temps. L&rsquo;utilisation de <a rel=\"noreferrer noopener\" aria-label=\"gestionnaires de t\u00e9l\u00e9chargement (opens in a new tab)\" href=\"https:\/\/encyclopedia2.thefreedictionary.com\/download+manager\" target=\"_blank\">gestionnaires de t\u00e9l\u00e9chargement<\/a> est \u00e9galement autoris\u00e9e pour les utilisateurs Premium afin de garantir que vous utilisez la vitesse maximale fournie par votre fournisseur de services et vous permet d&rsquo;organiser vos t\u00e9l\u00e9chargements de mani\u00e8re pratique. Les utilisateurs gratuits ne peuvent t\u00e9l\u00e9charger qu&rsquo;un seul fichier \u00e0 la fois, avec une limite de 200 Mo par fichier, tandis que les utilisateurs Premium peuvent t\u00e9l\u00e9charger plusieurs fichiers \u00e0 la fois, avec une taille maximale de 5 Go par fichier.<\/p>\n\n\n\n<h3>T\u00c9L\u00c9CHARGEMENTS MULTIPLES ET REPRISE DES T\u00c9L\u00c9CHARGEMENTS<\/h3>\n\n\n\n<p>Les utilisateurs du compte premium Easybytez peuvent t\u00e9l\u00e9charger plusieurs fichiers \u00e0 la fois. Sans avoir \u00e0 attendre la fin du t\u00e9l\u00e9chargement d&rsquo;un fichier, vous pouvez commencer \u00e0 t\u00e9l\u00e9charger des fichiers volumineux et en t\u00e9l\u00e9charger imm\u00e9diatement un autre. Vous gagnerez ainsi du temps si vous t\u00e9l\u00e9chargez des fichiers volumineux, comme des vid\u00e9os qui sont divis\u00e9es en plusieurs fichiers. La reprise des t\u00e9l\u00e9chargements est \u00e9galement autoris\u00e9e lorsque vous souscrivez \u00e0 un plan premium. Si vous devez interrompre le t\u00e9l\u00e9chargement d&rsquo;un fichier, la prochaine fois que vous reprenez le t\u00e9l\u00e9chargement, il reprendra l\u00e0 o\u00f9 vous l&rsquo;avez laiss\u00e9, m\u00eame si vous avez \u00e9teint votre ordinateur et quitt\u00e9 votre navigateur. La possibilit\u00e9 de reprendre le t\u00e9l\u00e9chargement de fichiers est \u00e0 votre disposition lorsque vous utilisez le compte premium d&rsquo;Easybyte. Les utilisateurs du compte premium peuvent t\u00e9l\u00e9charger jusqu&rsquo;\u00e0 5 Go par fichier, qui peuvent \u00eatre stock\u00e9s ind\u00e9finiment dans les serveurs en nuage d&rsquo;Easybyte.<\/p>\n\n\n<a class=\"maxbutton-2 maxbutton maxbutton-cta\" target=\"_blank\" rel=\"nofollow noopener\" href=\"\/go\/\"><span class='mb-text'>&gt;&gt; Acc\u00e9der au site original de Linkifier<\/span><\/a>\n\n\n<p><\/p>\n\n\n\n<h3>PUBLICIT\u00c9 ET INTERFACE SANS CAPTCHA<\/h3>\n\n\n\n<p>La plupart des sites web ont des publicit\u00e9s pour soutenir son financement afin de le maintenir en activit\u00e9. Les <a rel=\"noreferrer noopener\" aria-label=\"CAPTCHA  (opens in a new tab)\" href=\"https:\/\/techterms.com\/definition\/captcha\" target=\"_blank\">CAPTCHA <\/a>sont mis en \u0153uvre pour emp\u00eacher les robots de spammer les t\u00e9l\u00e9chargements et les chargements de contenu sur les serveurs. Les utilisateurs de comptes Premium ont le privil\u00e8ge d&rsquo;une interface sans publicit\u00e9 et n&rsquo;ont pas besoin de r\u00e9pondre \u00e0 des captchas pour commencer \u00e0 t\u00e9l\u00e9charger des fichiers en amont ou en aval. Cela garantit que les utilisateurs gratuits n&rsquo;interf\u00e8rent pas et ne surchargent pas les capacit\u00e9s de <a rel=\"noreferrer noopener\" aria-label=\"bande  (opens in a new tab)\" href=\"https:\/\/techterms.com\/definition\/bandwidth\" target=\"_blank\">bande <\/a>passante du serveur et donne aux comptes premium la priorit\u00e9 lorsqu&rsquo;il s&rsquo;agit de t\u00e9l\u00e9charger des fichiers.<\/p>\n\n\n\n<h3>UN H\u00c9BERGEMENT DE FICHIERS BON MARCH\u00c9 ET POURTANT S\u00dbR<\/h3>\n\n\n\n<p>Les mots de passe peuvent \u00eatre utilis\u00e9s pour prot\u00e9ger vos fichiers personnels tels que les photos et les vid\u00e9os. Les autres utilisateurs peuvent rechercher et t\u00e9l\u00e9charger des fichiers de n&rsquo;importe qui dans le monde entier et en mettant un mot de passe s\u00e9curis\u00e9 sur vos fichiers, ils ne peuvent pas les t\u00e9l\u00e9charger sans votre mot de passe et votre autorisation. Des m\u00e9thodes de s\u00e9curit\u00e9 \u00e9tendues sont utilis\u00e9es lors du chargement et du t\u00e9l\u00e9chargement de fichiers afin d&rsquo;\u00e9viter tout comportement inutile et intrusif. En cas d&rsquo;acc\u00e8s non familier \u00e0 votre compte, (comme un acc\u00e8s \u00e0 partir d&rsquo;un appareil que vous n&rsquo;utilisez pas habituellement ou d&rsquo;une adresse IP non reconnue), un courriel de confirmation vous sera envoy\u00e9 pour confirmer votre identit\u00e9.<\/p>\n\n\n\n<p>Aucun autre service d&rsquo;h\u00e9bergement de fichiers ne se rapproche des caract\u00e9ristiques du compte premium d&rsquo;EasyBytez. Des m\u00e9thodes de paiement flexibles sont disponibles si vous disposez d&rsquo;un compte premium. \u00c0 partir de 3,99 $, vous pouvez profiter de tous les avantages d&rsquo;un compte premium pendant 7 jours. En renouvelant votre abonnement, vous b\u00e9n\u00e9ficierez d&rsquo;une r\u00e9duction et, en prolongeant la dur\u00e9e de votre compte premium, vous b\u00e9n\u00e9ficierez de r\u00e9ductions allant jusqu&rsquo;\u00e0 25 %. Le paiement de la prime EasyBytez est s\u00e9curis\u00e9 et instantan\u00e9. La plupart des cartes de cr\u00e9dit telles que Mastercard, Visa, Citibank ou American Express sont accept\u00e9es \u00e0 la page de paiement. Plusieurs fournisseurs de services de paiement sont \u00e9galement disponibles sur le site web si vous les trouvez plus pratiques que les m\u00e9thodes de paiement traditionnelles. Le paiement effectu\u00e9 sur le site d&rsquo;Easybytez est rapide et s\u00e9curis\u00e9.<\/p>\n\n\n\n<h2>COMPTE GRATUIT OU COMPTE PAYANT<\/h2>\n\n\n\n<figure class=\"wp-block-table\"><table class=\"\"><tbody><tr><td>CARACT\u00c9RISTIQUES<\/td><td>GRATUIT<\/td><td>PREMIUM<\/td><\/tr><tr><td>VITESSE DE T\u00c9L\u00c9CHARGEMENT<\/td><td>300Kb\/s<\/td><td>ILLIMIT\u00c9<\/td><\/tr><tr><td>BANDWIDTH<\/td><td>LIMIT\u00c9E<\/td><td>MAXIMUM<\/td><\/tr><tr><td>ANNONCES ET CAPTCHA<\/td><td>OUI<\/td><td>NON<\/td><\/tr><tr><td>NOMBRE DE FICHIERS PAR T\u00c9L\u00c9CHARGEMENT<\/td><td>1 \u00c0 LA FOIS<\/td><td>JUSQU&rsquo;\u00c0 5 DOSSIERS<\/td><\/tr><tr><td>CAPACIT\u00c9 DE T\u00c9L\u00c9CHARGEMENT<\/td><td>1GB\/HOUR<\/td><td>ILLIMIT\u00c9<\/td><\/tr><tr><td>TAILLE MAXIMALE DES FICHIERS \u00c0 T\u00c9L\u00c9CHARGER<\/td><td>200MB<\/td><td>5GB<\/td><\/tr><tr><td>REPRISE DES T\u00c9L\u00c9CHARGEMENTS<\/td><td>NON<\/td><td>AUTORIS\u00c9<\/td><\/tr><tr><td>SOUTIEN AUX GESTIONNAIRES DE T\u00c9L\u00c9CHARGEMENT<\/td><td>NON<\/td><td>OUI<\/td><\/tr><tr><td>T\u00c9L\u00c9CHARGEMENTS INSTANTAN\u00c9S<\/td><td>NON<\/td><td>OUI<\/td><\/tr><\/tbody><\/table><\/figure>\n\n\n\n<h2>IL EST FACILE DE SE PROCURER UN COMPTE PREMIUM<\/h2>\n\n\n\n<p>Il est facile de se procurer un compte premium si vous le souhaitez. Sur le site web d&rsquo;Easybytez, il suffit de cliquer sur l&rsquo;onglet PREMIUM qui se trouve en haut de la page web. Cela vous am\u00e8nera \u00e0 la page d&rsquo;inscription. Remplissez les informations n\u00e9cessaires et importantes, choisissez la dur\u00e9e de votre abonnement et les m\u00e9thodes de paiement vous seront fournies. Un courriel vous sera \u00e9galement envoy\u00e9 pour la confirmation de votre inscription avec les d\u00e9tails de votre compte. <\/p>\n\n\n\n<figure class=\"wp-block-image\"><img src=\"https:\/\/lh6.googleusercontent.com\/XbpNEtdZIwyLYqDb6VDaBfktDsH_4QFTTdxK_4JYpbvaryOdF2KqUAK-mJm6sfLFfUWbYCA6ESdCTpwelxYWwg-yFOp_ZxStE14vbCRgj9fgS39BWocuoHNxqQ6zg72MQWdCtR4\" alt=\"Easybytez premium account link\"\/><\/figure>\n\n\n\n<figure class=\"wp-block-image\"><img src=\"https:\/\/lh5.googleusercontent.com\/w3uqvoyy9XNtC6Gd_seRXm2oGWEmKi9Mgm6elv3umo3eQ21EWsymgjp7gS_iNMI6MmNeKs1TVuH51iGm-5J8wp2fZe_1xg9jIoQedv6-J-ef4xSrfmIu3ZaBJS4TGozQnE8Tqic\" alt=\"Easybytez user registration form\"\/><\/figure>\n\n\n\n<p>Le paiement par carte de cr\u00e9dit est conseill\u00e9 car il est rapide, s\u00e9curis\u00e9 et la plupart du temps, le paiement est instantan\u00e9. Toutefois, si vous n&rsquo;avez pas de carte de cr\u00e9dit, le paiement via Paypal est \u00e9galement conseill\u00e9. Les modes de paiement et les formules d&rsquo;abonnement sont \u00e9num\u00e9r\u00e9s ci-dessous.<\/p>\n\n\n\n<figure class=\"wp-block-table\"><table class=\"\"><tbody><tr><td>Prime de 7 jours<\/td><td>Prime de 30 jours<\/td><td>Prime de 90 jours<\/td><td>Prime de 180 jours<\/td><td>Prime de 365 jours<\/td><\/tr><tr><td>$3.99<\/td><td>$7.99<\/td><td>$17.99<\/td><td>$29.99<\/td><td>$54.99<\/td><\/tr><\/tbody><\/table><\/figure>\n\n\n\n<figure class=\"wp-block-image\"><img src=\"https:\/\/lh6.googleusercontent.com\/2cW4_B8fAFVEit8qPeWTkTYLv4VYbm0HSLnm24RPfRMPZE0-CoeF2ejrZosb5aF8Hp2KpD2A4cVupO70JC4qqYKNHpEjXqRR-Zwi1DlPI7vLdXl19eGEocdHHKHH5q2xjL_Mtek\" alt=\"Easybytez payment methods\"\/><\/figure>\n\n\n\n<h2>EASYBYTEZ EST-IL S\u00dbR ?<\/h2>\n\n\n\n<p>Easybytez s&rsquo;assure que toutes les informations partag\u00e9es par ses utilisateurs, telles que les informations relatives aux cartes de cr\u00e9dit ou votre adresse \u00e9lectronique, sont s\u00fbres et s\u00e9curis\u00e9es. Toutes les informations qu&rsquo;ils d\u00e9tiennent ne sont jamais partag\u00e9es avec quiconque. M\u00eame les fichiers que vous avez t\u00e9l\u00e9charg\u00e9s sont s\u00e9curis\u00e9s et prot\u00e9g\u00e9s contre les pirates informatiques qui tentent d&rsquo;acc\u00e9der \u00e0 vos fichiers sans votre consentement. Des protocoles avanc\u00e9s de cryptage et de s\u00e9curit\u00e9 des fichiers sont mis en \u0153uvre pour vous prot\u00e9ger et prot\u00e9ger la confidentialit\u00e9 de vos fichiers. Bien qu&rsquo;il soit permis de t\u00e9l\u00e9charger n&rsquo;importe quel fichier sur les serveurs, une analyse initiale des fichiers est lanc\u00e9e pour d\u00e9tecter les logiciels malveillants ou les activit\u00e9s suspectes.  Une maintenance constante est \u00e9galement mise en place pour pr\u00e9venir la perte de donn\u00e9es. Tous les fichiers t\u00e9l\u00e9charg\u00e9s et stock\u00e9s sur les serveurs sont la propri\u00e9t\u00e9 de l&rsquo;utilisateur et Easybytez n&rsquo;interf\u00e8re en aucune fa\u00e7on avec eux. Vous pouvez toujours avoir confiance dans les m\u00e9thodes de s\u00e9curit\u00e9 mises en \u0153uvre par Easybytez pour vous faire gagner du temps et de l&rsquo;argent pour vos besoins de sauvegarde et de stockage en ligne.<\/p>\n\n\n<a class=\"maxbutton-2 maxbutton maxbutton-cta\" target=\"_blank\" rel=\"nofollow noopener\" href=\"\/go\/\"><span class='mb-text'>&gt;&gt; Acc\u00e9der au site original de Linkifier<\/span><\/a>\n\n\n<p><\/p>\n","protected":false},"excerpt":{"rendered":"<p>Easybytez est un fournisseur d&rsquo;h\u00e9bergement de fichiers qui propose des t\u00e9l\u00e9chargements et des chargements de fichiers \u00e0 tout moment et<\/p>\n","protected":false},"author":2,"featured_media":0,"parent":0,"menu_order":0,"comment_status":"closed","ping_status":"closed","template":"","meta":[],"yoast_head":"<!-- This site is optimized with the Yoast SEO plugin v18.3 - https:\/\/yoast.com\/wordpress\/plugins\/seo\/ -->\n<title>Easybytez Premium Compte: Le Filehoster En Un Coup D&#039;\u0153il<\/title>\n<meta name=\"description\" content=\"Que Easybytez soit un fournisseur r\u00e9put\u00e9 ou non, vous pouvez trouver la r\u00e9ponse dans le test actuel sur Multihoster.org \u279c Cliquez maintenant sur \u271a pour lire nos exp\u00e9riences !\" \/>\n<meta name=\"robots\" content=\"index, follow, max-snippet:-1, max-image-preview:large, max-video-preview:-1\" \/>\n<link rel=\"canonical\" href=\"https:\/\/multihoster.org\/fr\/easybytez-2\/\" \/>\n<meta property=\"og:locale\" content=\"fr_FR\" \/>\n<meta property=\"og:type\" content=\"article\" \/>\n<meta property=\"og:title\" content=\"Easybytez Premium Compte: Le Filehoster En Un Coup D&#039;\u0153il\" \/>\n<meta property=\"og:description\" content=\"Que Easybytez soit un fournisseur r\u00e9put\u00e9 ou non, vous pouvez trouver la r\u00e9ponse dans le test actuel sur Multihoster.org \u279c Cliquez maintenant sur \u271a pour lire nos exp\u00e9riences !\" \/>\n<meta property=\"og:url\" content=\"https:\/\/multihoster.org\/fr\/easybytez-2\/\" \/>\n<meta property=\"og:site_name\" content=\"Multihoster.org\" \/>\n<meta property=\"article:modified_time\" content=\"2020-04-22T10:09:42+00:00\" \/>\n<meta property=\"og:image\" content=\"https:\/\/lh3.googleusercontent.com\/7sfcXzV_u2BPeouW-wuBjXqm-MqY932QRkL-JyOSuK8zPkTenI_E2y9N1CSskXlVvXUk4p9xSKJGO8Sf6Ih44wVJ_hMs6n57ybNKpCeG-IQrrKkupcu--8JouUcWxCYFXSUN36E\" \/>\n<meta name=\"twitter:card\" content=\"summary\" \/>\n<meta name=\"twitter:label1\" content=\"Dur\u00e9e de lecture estim\u00e9e\" \/>\n\t<meta name=\"twitter:data1\" content=\"10 minutes\" \/>\n<script type=\"application\/ld+json\" class=\"yoast-schema-graph\">{\"@context\":\"https:\/\/schema.org\",\"@graph\":[{\"@type\":\"WebSite\",\"@id\":\"https:\/\/multihoster.org\/#website\",\"url\":\"https:\/\/multihoster.org\/\",\"name\":\"Multihoster.org\",\"description\":\"Reviews of the major Filehosting services\",\"potentialAction\":[{\"@type\":\"SearchAction\",\"target\":{\"@type\":\"EntryPoint\",\"urlTemplate\":\"https:\/\/multihoster.org\/?s={search_term_string}\"},\"query-input\":\"required name=search_term_string\"}],\"inLanguage\":\"fr-FR\"},{\"@type\":\"ImageObject\",\"@id\":\"https:\/\/multihoster.org\/fr\/easybytez-2\/#primaryimage\",\"inLanguage\":\"fr-FR\",\"url\":\"https:\/\/lh3.googleusercontent.com\/7sfcXzV_u2BPeouW-wuBjXqm-MqY932QRkL-JyOSuK8zPkTenI_E2y9N1CSskXlVvXUk4p9xSKJGO8Sf6Ih44wVJ_hMs6n57ybNKpCeG-IQrrKkupcu--8JouUcWxCYFXSUN36E\",\"contentUrl\":\"https:\/\/lh3.googleusercontent.com\/7sfcXzV_u2BPeouW-wuBjXqm-MqY932QRkL-JyOSuK8zPkTenI_E2y9N1CSskXlVvXUk4p9xSKJGO8Sf6Ih44wVJ_hMs6n57ybNKpCeG-IQrrKkupcu--8JouUcWxCYFXSUN36E\"},{\"@type\":\"WebPage\",\"@id\":\"https:\/\/multihoster.org\/fr\/easybytez-2\/#webpage\",\"url\":\"https:\/\/multihoster.org\/fr\/easybytez-2\/\",\"name\":\"Easybytez Premium Compte: Le Filehoster En Un Coup D'\u0153il\",\"isPartOf\":{\"@id\":\"https:\/\/multihoster.org\/#website\"},\"primaryImageOfPage\":{\"@id\":\"https:\/\/multihoster.org\/fr\/easybytez-2\/#primaryimage\"},\"datePublished\":\"2020-04-22T09:42:02+00:00\",\"dateModified\":\"2020-04-22T10:09:42+00:00\",\"description\":\"Que Easybytez soit un fournisseur r\u00e9put\u00e9 ou non, vous pouvez trouver la r\u00e9ponse dans le test actuel sur Multihoster.org \u279c Cliquez maintenant sur \u271a pour lire nos exp\u00e9riences !\",\"breadcrumb\":{\"@id\":\"https:\/\/multihoster.org\/fr\/easybytez-2\/#breadcrumb\"},\"inLanguage\":\"fr-FR\",\"potentialAction\":[{\"@type\":\"ReadAction\",\"target\":[\"https:\/\/multihoster.org\/fr\/easybytez-2\/\"]}]},{\"@type\":\"BreadcrumbList\",\"@id\":\"https:\/\/multihoster.org\/fr\/easybytez-2\/#breadcrumb\",\"itemListElement\":[{\"@type\":\"ListItem\",\"position\":1,\"name\":\"Startseite\",\"item\":\"https:\/\/multihoster.org\/fr\/\"},{\"@type\":\"ListItem\",\"position\":2,\"name\":\"Easybytez Premium Compte: Le Filehoster En Un Coup D&rsquo;\u0153il\"}]}]}<\/script>\n<!-- \/ Yoast SEO plugin. -->","yoast_head_json":{"title":"Easybytez Premium Compte: Le Filehoster En Un Coup D'\u0153il","description":"Que Easybytez soit un fournisseur r\u00e9put\u00e9 ou non, vous pouvez trouver la r\u00e9ponse dans le test actuel sur Multihoster.org \u279c Cliquez maintenant sur \u271a pour lire nos exp\u00e9riences !","robots":{"index":"index","follow":"follow","max-snippet":"max-snippet:-1","max-image-preview":"max-image-preview:large","max-video-preview":"max-video-preview:-1"},"canonical":"https:\/\/multihoster.org\/fr\/easybytez-2\/","og_locale":"fr_FR","og_type":"article","og_title":"Easybytez Premium Compte: Le Filehoster En Un Coup D'\u0153il","og_description":"Que Easybytez soit un fournisseur r\u00e9put\u00e9 ou non, vous pouvez trouver la r\u00e9ponse dans le test actuel sur Multihoster.org \u279c Cliquez maintenant sur \u271a pour lire nos exp\u00e9riences !","og_url":"https:\/\/multihoster.org\/fr\/easybytez-2\/","og_site_name":"Multihoster.org","article_modified_time":"2020-04-22T10:09:42+00:00","og_image":[{"url":"https:\/\/lh3.googleusercontent.com\/7sfcXzV_u2BPeouW-wuBjXqm-MqY932QRkL-JyOSuK8zPkTenI_E2y9N1CSskXlVvXUk4p9xSKJGO8Sf6Ih44wVJ_hMs6n57ybNKpCeG-IQrrKkupcu--8JouUcWxCYFXSUN36E"}],"twitter_card":"summary","twitter_misc":{"Dur\u00e9e de lecture estim\u00e9e":"10 minutes"},"schema":{"@context":"https:\/\/schema.org","@graph":[{"@type":"WebSite","@id":"https:\/\/multihoster.org\/#website","url":"https:\/\/multihoster.org\/","name":"Multihoster.org","description":"Reviews of the major Filehosting services","potentialAction":[{"@type":"SearchAction","target":{"@type":"EntryPoint","urlTemplate":"https:\/\/multihoster.org\/?s={search_term_string}"},"query-input":"required name=search_term_string"}],"inLanguage":"fr-FR"},{"@type":"ImageObject","@id":"https:\/\/multihoster.org\/fr\/easybytez-2\/#primaryimage","inLanguage":"fr-FR","url":"https:\/\/lh3.googleusercontent.com\/7sfcXzV_u2BPeouW-wuBjXqm-MqY932QRkL-JyOSuK8zPkTenI_E2y9N1CSskXlVvXUk4p9xSKJGO8Sf6Ih44wVJ_hMs6n57ybNKpCeG-IQrrKkupcu--8JouUcWxCYFXSUN36E","contentUrl":"https:\/\/lh3.googleusercontent.com\/7sfcXzV_u2BPeouW-wuBjXqm-MqY932QRkL-JyOSuK8zPkTenI_E2y9N1CSskXlVvXUk4p9xSKJGO8Sf6Ih44wVJ_hMs6n57ybNKpCeG-IQrrKkupcu--8JouUcWxCYFXSUN36E"},{"@type":"WebPage","@id":"https:\/\/multihoster.org\/fr\/easybytez-2\/#webpage","url":"https:\/\/multihoster.org\/fr\/easybytez-2\/","name":"Easybytez Premium Compte: Le Filehoster En Un Coup D'\u0153il","isPartOf":{"@id":"https:\/\/multihoster.org\/#website"},"primaryImageOfPage":{"@id":"https:\/\/multihoster.org\/fr\/easybytez-2\/#primaryimage"},"datePublished":"2020-04-22T09:42:02+00:00","dateModified":"2020-04-22T10:09:42+00:00","description":"Que Easybytez soit un fournisseur r\u00e9put\u00e9 ou non, vous pouvez trouver la r\u00e9ponse dans le test actuel sur Multihoster.org \u279c Cliquez maintenant sur \u271a pour lire nos exp\u00e9riences !","breadcrumb":{"@id":"https:\/\/multihoster.org\/fr\/easybytez-2\/#breadcrumb"},"inLanguage":"fr-FR","potentialAction":[{"@type":"ReadAction","target":["https:\/\/multihoster.org\/fr\/easybytez-2\/"]}]},{"@type":"BreadcrumbList","@id":"https:\/\/multihoster.org\/fr\/easybytez-2\/#breadcrumb","itemListElement":[{"@type":"ListItem","position":1,"name":"Startseite","item":"https:\/\/multihoster.org\/fr\/"},{"@type":"ListItem","position":2,"name":"Easybytez Premium Compte: Le Filehoster En Un Coup D&rsquo;\u0153il"}]}]}},"_links":{"self":[{"href":"https:\/\/multihoster.org\/fr\/wp-json\/wp\/v2\/pages\/4193"}],"collection":[{"href":"https:\/\/multihoster.org\/fr\/wp-json\/wp\/v2\/pages"}],"about":[{"href":"https:\/\/multihoster.org\/fr\/wp-json\/wp\/v2\/types\/page"}],"author":[{"embeddable":true,"href":"https:\/\/multihoster.org\/fr\/wp-json\/wp\/v2\/users\/2"}],"replies":[{"embeddable":true,"href":"https:\/\/multihoster.org\/fr\/wp-json\/wp\/v2\/comments?post=4193"}],"version-history":[{"count":3,"href":"https:\/\/multihoster.org\/fr\/wp-json\/wp\/v2\/pages\/4193\/revisions"}],"predecessor-version":[{"id":4220,"href":"https:\/\/multihoster.org\/fr\/wp-json\/wp\/v2\/pages\/4193\/revisions\/4220"}],"wp:attachment":[{"href":"https:\/\/multihoster.org\/fr\/wp-json\/wp\/v2\/media?parent=4193"}],"curies":[{"name":"wp","href":"https:\/\/api.w.org\/{rel}","templated":true}]}}