{"id":4236,"date":"2020-04-22T11:30:45","date_gmt":"2020-04-22T11:30:45","guid":{"rendered":"https:\/\/multihoster.org\/yuvutu\/"},"modified":"2020-04-22T15:36:24","modified_gmt":"2020-04-22T15:36:24","slug":"yuvutu","status":"publish","type":"page","link":"https:\/\/multihoster.org\/fr\/yuvutu\/","title":{"rendered":"Yuvutu Premium Compte: Le meilleur site de streaming en un coup d&rsquo;\u0153il"},"content":{"rendered":"\n<div class=\"wp-block-image\"><figure class=\"aligncenter\"><img src=\"https:\/\/lh5.googleusercontent.com\/ksS0ngJd_qKDwy5l-mYDrqPQU6ueIVHGZOFdfmxVLcbxiBXqjSVR4K0_Hn078Vvkoy_qdsFqx0RIGuNvEuyxbd2fgJS9FmPQYkoQ9RA47DyGh5reN8tGpEobW4Tw6QNkJaRunA9M\" alt=\"Yuvutu Premium Account: The Best Streaming Site at a Glance\"\/><\/figure><\/div>\n\n\n\n<p>Il existe de nombreux sites de vid\u00e9os pour adultes et les vid\u00e9os HD pour adultes sont devenues facilement la tendance, mais nous savons tous que ces vid\u00e9os sc\u00e9naris\u00e9es deviennent de plus en plus clich\u00e9es avec le temps. Les recherches montrent que la majorit\u00e9 des personnes qui regardent du porno ne se basent pas seulement sur la qualit\u00e9 des vid\u00e9os ou sur les pornstars elles-m\u00eames. Il y a un grand nombre de personnes qui pr\u00e9f\u00e8rent les vid\u00e9os r\u00e9alistes \u00e0 celles qui sont sc\u00e9naris\u00e9es.<\/p>\n\n\n\n<p>Les vid\u00e9os pour adultes ont fait du chemin depuis. Il existe maintenant des vid\u00e9os pornographiques de RV qui sont actuellement populaires aupr\u00e8s d&rsquo;un public plus jeune. Il existe aussi des vid\u00e9os interactives o\u00f9 c&rsquo;est \u00e0 vous de d\u00e9cider ce que les acteurs feront dans la sc\u00e8ne suivante. C&rsquo;est tr\u00e8s s\u00e9duisant, mais n&rsquo;est-ce pas tr\u00e8s contre nature ? L&rsquo;industrie du porno s&rsquo;est peut-\u00eatre d\u00e9velopp\u00e9e pour le plus grand bien, mais elle r\u00e9duit aussi le public potentiel en utilisant des sch\u00e9mas aussi complexes dans ses contenus.<\/p>\n\n\n\n<p>Avec toutes ces choses que l&rsquo;industrie du porno a d\u00e9velopp\u00e9es, il y a encore des sites pornographiques qui restent fid\u00e8les \u00e0 l&rsquo;id\u00e9e principale des vid\u00e9os pour adultes. Yuvutu vise \u00e0 r\u00e9pondre aux besoins de toutes sortes de personnes qui pourraient, d&rsquo;une mani\u00e8re ou d&rsquo;une autre, tomber sur leur site web.<\/p>\n\n\n<a class=\"maxbutton-2 maxbutton maxbutton-cta\" target=\"_blank\" rel=\"nofollow noopener\" href=\"\/go\/\"><span class='mb-text'>&gt;&gt; Acc\u00e9der au site original de Linkifier<\/span><\/a>\n\n\n<p><\/p>\n\n\n\n<h2>Qu&rsquo;est-ce que le Yuvutu ?<\/h2>\n\n\n\n<p>Yuvutu est un site web de premier plan en ce qui concerne les vid\u00e9os pornographiques amateurs. Il se compose d&rsquo;une biblioth\u00e8que de milliers de vid\u00e9os pour adultes provenant de diff\u00e9rents utilisateurs du monde entier. Vous pouvez \u00e9galement t\u00e9l\u00e9charger vos propres vid\u00e9os maison et les partager avec des milliers d&rsquo;autres utilisateurs. Yuvutu n&rsquo;est pas seulement une archive de vid\u00e9os pour adultes amateurs, mais aussi un endroit o\u00f9 l&rsquo;on peut bloguer, rencontrer d&rsquo;autres personnes et se faire de nouveaux amis.<\/p>\n\n\n\n<p>Yuvutu a une approche tr\u00e8s rafra\u00eechissante. Contrairement aux sites pornographiques HD conventionnels, Yuvutu offre une sensation plus immersive et naturelle sur le site. Yuvutu ne met pas en avant ces belles et chaudes stars du porno, mais donne aux gens normaux la possibilit\u00e9 de se faire une place dans l&rsquo;industrie du porno en les laissant t\u00e9l\u00e9charger et produire leurs propres vid\u00e9os pour adultes. La biblioth\u00e8que se compose principalement de vid\u00e9os faites maison. Ne vous attendez pas \u00e0 voir votre pornstar latino pr\u00e9f\u00e9r\u00e9e ici. \u00c0 Yuvutu, ils mettent en avant les gens normaux comme vous.<\/p>\n\n\n\n<h2>Les choses que nous aimons \u00e0 propos de Yuvutu<\/h2>\n\n\n\n<h3>Yuvutu et sa biblioth\u00e8que de contenu unique<\/h3>\n\n\n\n<p>Sans surprise, Yuvutu a un large \u00e9ventail de publics \u00e0 travers la plan\u00e8te. Sa d\u00e9mographie s&rsquo;\u00e9tend de tout \u00e2ge. Cela montre qu&rsquo;Internet est toujours plus r\u00e9aliste dans les vid\u00e9os, celles qui semblent \u00eatre prises avec des appareils bas de gamme. En r\u00e9alit\u00e9, c&rsquo;est l&rsquo;attrait de Yuvutu. Quand on parle de porno, ce qui vient en premier \u00e0 l&rsquo;esprit, ce sont des sites comme Pornhub ou Spankbang. Il est certain que les vid\u00e9os HD sont tr\u00e8s divertissantes en raison de leur qualit\u00e9, car honn\u00eatement, nous voulons vraiment voir clairement ce pour quoi nous sommes venus sur chaque site porno. Mais la fa\u00e7on dont l&rsquo;histoire et les sc\u00e8nes sont tr\u00e8s pr\u00e9visibles et le clich\u00e9 r\u00e9duit l&rsquo;excitation. Yuvutu nous am\u00e8ne dans le monde plus immersif des gens ordinaires et de leurs activit\u00e9s apr\u00e8s la tomb\u00e9e de la nuit. La section VOD, associ\u00e9e \u00e0 VideoBox, offre un moyen plus pratique de diffuser des vid\u00e9os en continu en acqu\u00e9rant un compte Yuvutu Premium.<\/p>\n\n\n\n<figure class=\"wp-block-image\"><img src=\"https:\/\/lh3.googleusercontent.com\/YXGvwqX6IsjgPzcQQWPunCdHAv-JDBy9HlavQ6IbmtWdj1DV5KtvTzAiSOEX66_cLg3GvoNUp0xMVM3zB5mqCms_NOPZIxeHD5HH-ARrhwd-CtEApayx8218eLfhl3-UR_yKYm2L\" alt=\"Yuvutu Videos Library\"\/><\/figure>\n\n\n\n<h3>Yuvutu avec leur site web simpliste<\/h3>\n\n\n\n<p>Si vous regardez bien, le site web de Yuvutu est tr\u00e8s simple. On peut m\u00eame dire qu&rsquo;il est tr\u00e8s primitif. Mais cela ajoute \u00e0 l&rsquo;attrait du site. La conception de base du site le rend moins intimidant pour la majorit\u00e9 des gens. Gr\u00e2ce \u00e0 sa conception, davantage de personnes sont engag\u00e9es dans l&rsquo;exploration et le t\u00e9l\u00e9chargement de leur propre contenu. Cette qualit\u00e9 de Yuvutu est tr\u00e8s attrayante pour le public, ce qui en fait l&rsquo;un des plus grands sites de webcam en direct sur Internet.<\/p>\n\n\n\n<h3>Yuvutu a l&rsquo;une des meilleures cam\u00e9ras en direct<\/h3>\n\n\n\n<p>Yuvutu est le foyer des cam\u00e9ras en direct de qualit\u00e9. Il existe plusieurs vid\u00e9os qui sont devenues populaires sur Internet et qui ont leurs racines \u00e0 Yuvutu. Dans un sens, toute la biblioth\u00e8que de Yuvutu est une mine de cam\u00e9ras de qualit\u00e9, chacune \u00e9tant unique \u00e0 sa mani\u00e8re. Comme les principaux acteurs de ces cam\u00e9ras en direct sont les spectateurs et les abonn\u00e9s eux-m\u00eames, vous pouvez trouver \u00e0 peu pr\u00e8s tout ce que vous cherchez, des MILF les plus chaudes \u00e0 ces \u00e9bonites qui veulent juste de la compagnie. Elles peuvent \u00e9galement permettre des interactions entre les abonn\u00e9s eux-m\u00eames. Vous pouvez passer votre temps \u00e0 regarder les cam\u00e9ras en direct ou vous pouvez faire votre propre \u00e9mission en direct et rassembler votre propre public et vos fans.<\/p>\n\n\n<a class=\"maxbutton-2 maxbutton maxbutton-cta\" target=\"_blank\" rel=\"nofollow noopener\" href=\"\/go\/\"><span class='mb-text'>&gt;&gt; Acc\u00e9der au site original de Linkifier<\/span><\/a>\n\n\n<h3>Yuvutu et sa communaut\u00e9 anim\u00e9e<\/h3>\n\n\n\n<p>Yuvutu est compos\u00e9 d&rsquo;\u00e0 peu pr\u00e8s toutes les personnes que vous pouvez imaginer. Le site offre \u00e0 ses abonn\u00e9s de nombreux moyens de se m\u00ealer aux autres. Le Live Chats en est un exemple. Gr\u00e2ce au Live Chat, vous pouvez rencontrer d&rsquo;autres personnes dans le monde entier qui veulent simplement une entreprise comme la v\u00f4tre. Et comme la communaut\u00e9 est compos\u00e9e de diverses personnes dans le monde entier, le Live Chat ouvre une fen\u00eatre pour des interactions \u00e0 l&rsquo;\u00e9tranger. Les forums sont un autre moyen d&rsquo;interagir avec les diff\u00e9rents utilisateurs qui se r\u00e9unissent pour partager leurs id\u00e9es et leurs r\u00e9flexions sur n&rsquo;importe quel sujet. C&rsquo;est \u00e9galement l\u00e0 que les administrateurs re\u00e7oivent toutes les suggestions pour am\u00e9liorer le site. La section Blog est un autre moyen de communiquer avec les autres membres de la communaut\u00e9. Vous venez de trouver une date ? Inscrivez-la dans votre blog. Si vous voulez juste partager ce que vous ressentez ces derniers temps, c&rsquo;est \u00e0 vous de le faire.<\/p>\n\n\n\n<figure class=\"wp-block-image\"><img src=\"https:\/\/lh3.googleusercontent.com\/qydOcysoQej5b7ysuajTE-4YAQVm9OGfNz4jnMelMSgvvIXJ9hEJ4skrRGHYC9qybITYoND184DK3bQkMfpQoNUqCpI5sZV48qy7nrwjNtWW_JGsH-hiNsgZj_I7ePGzdofpUvyM\" alt=\"Yuvutu Blog page\"\/><\/figure>\n\n\n\n<h3>Yuvutu est \u00e9galement un site de rencontres<\/h3>\n\n\n\n<p>Yuvutu, croyez-le ou non, est aussi un site de rencontres. Bien que le site semble se concentrer uniquement sur le contenu de vid\u00e9os pour adultes, il constitue \u00e9galement un excellent moyen de trouver la personne sp\u00e9ciale que vous recherchez. Yuvutu permet \u00e0 ses membres de trouver leur partenaire et, parfois, d&rsquo;obtenir leurs propres rendez-vous. Comme toutes les applications de rencontre, Yuvutu vous offre des options pour trier les gens et trouver la personne que vous recherchez. La section \u00ab\u00a0Rencontres\u00a0\u00bb comporte de nombreuses fonctionnalit\u00e9s que vous pouvez utiliser pour affiner votre recherche. Du sexe, de la pr\u00e9f\u00e9rence sexuelle, de l&rsquo;\u00e2ge et m\u00eame du lieu, vous pouvez ajuster vos propres pr\u00e9f\u00e9rences afin d&rsquo;optimiser la fonction de mise en relation. Elle comporte \u00e9galement une page de profil, comme tout autre m\u00e9dia social ou site de rencontre.<\/p>\n\n\n\n<figure class=\"wp-block-image\"><img src=\"https:\/\/lh6.googleusercontent.com\/N8wWY7PHkjMaxYZVZfF98b3fTGQ3l5tfUktw_lWHqbMIEVBoBN7ho7U8XZ2J-nOHFU_PEK9Kc_ZhDg-19dTubKbmly50p1FbG2GMCaXCx8yb0x8JvRTach0UtAtY13hqC68HBMLH\" alt=\"Yuvutu Dating window\"\/><\/figure>\n\n\n\n<h2>Yuvutu Premium : Pourquoi s&rsquo;abonner ?<\/h2>\n\n\n\n<p>Yuvutu Premium est un moyen pour vous de soutenir le site web. En ouvrant un compte Yuvutu Premium, vous b\u00e9n\u00e9ficiez de diff\u00e9rents avantages qui peuvent rendre votre exp\u00e9rience Yuvutu plus facile et plus amusante. Le titulaire d&rsquo;un compte Yuvutu Premium peut b\u00e9n\u00e9ficier de diverses fonctionnalit\u00e9s qui lui permettent de s&rsquo;immerger totalement dans le visionnage et la navigation dans la vaste quantit\u00e9 de vid\u00e9os de la biblioth\u00e8que Yuvutu.<\/p>\n\n\n\n<p>En tant que titulaire d&rsquo;un compte Yuvutu Premium, vous b\u00e9n\u00e9ficiez des privil\u00e8ges suivants.<\/p>\n\n\n\n<p><strong>Vid\u00e9os HD<\/strong><\/p>\n\n\n\n<p>Les titulaires d&rsquo;un compte Yuvutu Premium peuvent regarder et appr\u00e9cier des vid\u00e9os pour adultes en haute d\u00e9finition. Bien que les vid\u00e9os soient toutes amateur, Yuvutu dispose d&rsquo;une large liste de vid\u00e9os HD pour que ses utilisateurs puissent en profiter pendant leur temps libre. Oui, c&rsquo;est vrai, ils ont des cam\u00e9ras et des vid\u00e9os de haute qualit\u00e9. Cela semble tir\u00e9 par les cheveux, mais vous pouvez v\u00e9rifier par vous-m\u00eame.<\/p>\n\n\n\n<p><strong>Pas de publicit\u00e9<\/strong><\/p>\n\n\n\n<p>Les titulaires d&rsquo;un compte Yuvutu Premium peuvent regarder des vid\u00e9os pour adultes sans \u00eatre d\u00e9rang\u00e9s par les publicit\u00e9s et autres pop-ups. Regardez des vid\u00e9os amateurs de qualit\u00e9 librement et sans \u00eatre interrompu. Pas besoin de se d\u00e9battre avec des publicit\u00e9s insaisissables et des liens al\u00e9atoires. Juste un bon vieux Yuvutu et du calme.<\/p>\n\n\n\n<p><strong>Chats en direct<\/strong><\/p>\n\n\n\n<p>L&rsquo;une des caract\u00e9ristiques recherch\u00e9es de la prime Yuvutu est la fonction de chat en direct. Ce chat en direct vous permet de vous m\u00ealer et d&rsquo;\u00eatre amis avec d&rsquo;autres membres et t\u00e9l\u00e9chargeurs. Les chats en direct sont ouverts 24 heures sur 24 et 7 jours sur 7, ce qui vous permet de vous amuser en rencontrant de nouvelles personnes avec lesquelles vous pouvez \u00eatre amis.<\/p>\n\n\n\n<p><strong>Cam\u00e9ras en direct<\/strong><\/p>\n\n\n\n<p>La communaut\u00e9 Yuvutu Premium offre \u00e9galement un acc\u00e8s aux Live Cams. Il s&rsquo;agit de spectacles en direct de diff\u00e9rents utilisateurs dans le monde entier. Vous pouvez \u00e9galement avoir votre propre flux en direct et obtenir votre propre audience et vos propres adeptes.<\/p>\n\n\n\n<p><strong>Forums<\/strong><\/p>\n\n\n\n<p>Les titulaires d&rsquo;un compte Yuvutu Premium sont \u00e9galement autoris\u00e9s \u00e0 discuter dans leurs forums. C&rsquo;est une autre fa\u00e7on d&rsquo;interagir avec la communaut\u00e9 et de permettre au site de rechercher des suggestions pour am\u00e9liorer encore le site et ses services aux clients et aux usagers.<\/p>\n\n\n\n<p><strong>Une bande passante plus large<\/strong><\/p>\n\n\n\n<p>\u00c9tant donn\u00e9 que le titulaire d&rsquo;un compte Yuvutu Premium b\u00e9n\u00e9ficie d&rsquo;une priorit\u00e9 plus \u00e9lev\u00e9e en mati\u00e8re de trafic de donn\u00e9es, vous pouvez garantir une exp\u00e9rience de streaming fluide. Un d\u00e9tenteur de compte premium dispose d&rsquo;une plus grande allocation de bande passante qu&rsquo;un utilisateur gratuit, ce qui signifie que toutes les vid\u00e9os sont mises en m\u00e9moire tampon plus rapidement et que vous pouvez diffuser autant de vid\u00e9os que vous le souhaitez.<\/p>\n\n\n\n<h2>Yuvutu Premium Compte: Comment obtenir le v\u00f4tre ?<\/h2>\n\n\n\n<figure class=\"wp-block-image\"><img src=\"https:\/\/lh6.googleusercontent.com\/fTQs4pIIhRVSJ1ofBemQh8mfn8GrIYDHhU6FRtBBDtCQ6uIsl9I1LaR1BLB_UHLL9E9lmYCOGiguSXo8kw75N07nv2cPIUnHI63nsWzkDfawHp3qC3loAwi421UgnRtwOEyvyJCk\" alt=\"Yuvutu Premium account registration page\"\/><\/figure>\n\n\n\n<p>Pour profiter des avantages de la prime Yuvutu, il vous suffit de remplir le formulaire pr\u00e9vu \u00e0 cet effet sur la page d&rsquo;inscription. Il vous suffit de remplir toutes les informations n\u00e9cessaires puis de passer \u00e0 la fen\u00eatre de paiement. Avec seulement 74,95 $ par an, vous pouvez utiliser tous les contenus et fonctionnalit\u00e9s de la prime que le compte Yuvutu Premium vous offre. Apr\u00e8s avoir pay\u00e9, vous \u00eates maintenant pr\u00eat \u00e0 explorer davantage le site web et \u00e0 profiter de l&rsquo;interaction et de la navigation dans leur vaste collection de vid\u00e9os.<\/p>\n\n\n\n<h2>Revue Yuvutu : Votre portail vers des vid\u00e9os amateurs de qualit\u00e9<\/h2>\n\n\n\n<p>La prochaine fois que vous envisagerez de chercher un bon site pour profiter simplement d&rsquo;un bon contenu pour adultes, pourquoi ne pas essayer le site Yuvutu. Yuvutu n&rsquo;a peut-\u00eatre pas l&rsquo;esth\u00e9tique d&rsquo;un bon site porno, mais nous pouvons tous dire que leur Live Cams est l&rsquo;une des meilleures qui existent. Le service Premium propose des frais d&rsquo;abonnement peu \u00e9lev\u00e9s, mais vous savez qu&rsquo;il ne manque pas de service et de fonctionnalit\u00e9s.<\/p>\n\n\n<a class=\"maxbutton-2 maxbutton maxbutton-cta\" target=\"_blank\" rel=\"nofollow noopener\" href=\"\/go\/\"><span class='mb-text'>&gt;&gt; Acc\u00e9der au site original de Linkifier<\/span><\/a>","protected":false},"excerpt":{"rendered":"<p>Il existe de nombreux sites de vid\u00e9os pour adultes et les vid\u00e9os HD pour adultes sont devenues facilement la tendance,<\/p>\n","protected":false},"author":2,"featured_media":0,"parent":0,"menu_order":0,"comment_status":"closed","ping_status":"closed","template":"","meta":[],"yoast_head":"<!-- This site is optimized with the Yoast SEO plugin v18.3 - https:\/\/yoast.com\/wordpress\/plugins\/seo\/ -->\n<title>Yuvutu Premium Compte - Le meilleur site de streaming en un coup d&#039;\u0153il<\/title>\n<meta name=\"description\" content=\"Que Yuvutu soit un fournisseur r\u00e9put\u00e9 ou non, vous pouvez trouver la r\u00e9ponse dans le test actuel sur Multihoster.org \u279c Cliquez maintenant sur \u271a pour lire nos exp\u00e9riences !\" \/>\n<meta name=\"robots\" content=\"index, follow, max-snippet:-1, max-image-preview:large, max-video-preview:-1\" \/>\n<link rel=\"canonical\" href=\"https:\/\/multihoster.org\/fr\/yuvutu\/\" \/>\n<meta property=\"og:locale\" content=\"fr_FR\" \/>\n<meta property=\"og:type\" content=\"article\" \/>\n<meta property=\"og:title\" content=\"Yuvutu Premium Compte - Le meilleur site de streaming en un coup d&#039;\u0153il\" \/>\n<meta property=\"og:description\" content=\"Que Yuvutu soit un fournisseur r\u00e9put\u00e9 ou non, vous pouvez trouver la r\u00e9ponse dans le test actuel sur Multihoster.org \u279c Cliquez maintenant sur \u271a pour lire nos exp\u00e9riences !\" \/>\n<meta property=\"og:url\" content=\"https:\/\/multihoster.org\/fr\/yuvutu\/\" \/>\n<meta property=\"og:site_name\" content=\"Multihoster.org\" \/>\n<meta property=\"article:modified_time\" content=\"2020-04-22T15:36:24+00:00\" \/>\n<meta property=\"og:image\" content=\"https:\/\/lh5.googleusercontent.com\/ksS0ngJd_qKDwy5l-mYDrqPQU6ueIVHGZOFdfmxVLcbxiBXqjSVR4K0_Hn078Vvkoy_qdsFqx0RIGuNvEuyxbd2fgJS9FmPQYkoQ9RA47DyGh5reN8tGpEobW4Tw6QNkJaRunA9M\" \/>\n<meta name=\"twitter:card\" content=\"summary\" \/>\n<meta name=\"twitter:label1\" content=\"Dur\u00e9e de lecture estim\u00e9e\" \/>\n\t<meta name=\"twitter:data1\" content=\"9 minutes\" \/>\n<script type=\"application\/ld+json\" class=\"yoast-schema-graph\">{\"@context\":\"https:\/\/schema.org\",\"@graph\":[{\"@type\":\"WebSite\",\"@id\":\"https:\/\/multihoster.org\/#website\",\"url\":\"https:\/\/multihoster.org\/\",\"name\":\"Multihoster.org\",\"description\":\"Reviews of the major Filehosting services\",\"potentialAction\":[{\"@type\":\"SearchAction\",\"target\":{\"@type\":\"EntryPoint\",\"urlTemplate\":\"https:\/\/multihoster.org\/?s={search_term_string}\"},\"query-input\":\"required name=search_term_string\"}],\"inLanguage\":\"fr-FR\"},{\"@type\":\"ImageObject\",\"@id\":\"https:\/\/multihoster.org\/fr\/yuvutu\/#primaryimage\",\"inLanguage\":\"fr-FR\",\"url\":\"https:\/\/lh5.googleusercontent.com\/ksS0ngJd_qKDwy5l-mYDrqPQU6ueIVHGZOFdfmxVLcbxiBXqjSVR4K0_Hn078Vvkoy_qdsFqx0RIGuNvEuyxbd2fgJS9FmPQYkoQ9RA47DyGh5reN8tGpEobW4Tw6QNkJaRunA9M\",\"contentUrl\":\"https:\/\/lh5.googleusercontent.com\/ksS0ngJd_qKDwy5l-mYDrqPQU6ueIVHGZOFdfmxVLcbxiBXqjSVR4K0_Hn078Vvkoy_qdsFqx0RIGuNvEuyxbd2fgJS9FmPQYkoQ9RA47DyGh5reN8tGpEobW4Tw6QNkJaRunA9M\"},{\"@type\":\"WebPage\",\"@id\":\"https:\/\/multihoster.org\/fr\/yuvutu\/#webpage\",\"url\":\"https:\/\/multihoster.org\/fr\/yuvutu\/\",\"name\":\"Yuvutu Premium Compte - Le meilleur site de streaming en un coup d'\u0153il\",\"isPartOf\":{\"@id\":\"https:\/\/multihoster.org\/#website\"},\"primaryImageOfPage\":{\"@id\":\"https:\/\/multihoster.org\/fr\/yuvutu\/#primaryimage\"},\"datePublished\":\"2020-04-22T11:30:45+00:00\",\"dateModified\":\"2020-04-22T15:36:24+00:00\",\"description\":\"Que Yuvutu soit un fournisseur r\u00e9put\u00e9 ou non, vous pouvez trouver la r\u00e9ponse dans le test actuel sur Multihoster.org \u279c Cliquez maintenant sur \u271a pour lire nos exp\u00e9riences !\",\"breadcrumb\":{\"@id\":\"https:\/\/multihoster.org\/fr\/yuvutu\/#breadcrumb\"},\"inLanguage\":\"fr-FR\",\"potentialAction\":[{\"@type\":\"ReadAction\",\"target\":[\"https:\/\/multihoster.org\/fr\/yuvutu\/\"]}]},{\"@type\":\"BreadcrumbList\",\"@id\":\"https:\/\/multihoster.org\/fr\/yuvutu\/#breadcrumb\",\"itemListElement\":[{\"@type\":\"ListItem\",\"position\":1,\"name\":\"Startseite\",\"item\":\"https:\/\/multihoster.org\/fr\/\"},{\"@type\":\"ListItem\",\"position\":2,\"name\":\"Yuvutu Premium Compte: Le meilleur site de streaming en un coup d&rsquo;\u0153il\"}]}]}<\/script>\n<!-- \/ Yoast SEO plugin. -->","yoast_head_json":{"title":"Yuvutu Premium Compte - Le meilleur site de streaming en un coup d'\u0153il","description":"Que Yuvutu soit un fournisseur r\u00e9put\u00e9 ou non, vous pouvez trouver la r\u00e9ponse dans le test actuel sur Multihoster.org \u279c Cliquez maintenant sur \u271a pour lire nos exp\u00e9riences !","robots":{"index":"index","follow":"follow","max-snippet":"max-snippet:-1","max-image-preview":"max-image-preview:large","max-video-preview":"max-video-preview:-1"},"canonical":"https:\/\/multihoster.org\/fr\/yuvutu\/","og_locale":"fr_FR","og_type":"article","og_title":"Yuvutu Premium Compte - Le meilleur site de streaming en un coup d'\u0153il","og_description":"Que Yuvutu soit un fournisseur r\u00e9put\u00e9 ou non, vous pouvez trouver la r\u00e9ponse dans le test actuel sur Multihoster.org \u279c Cliquez maintenant sur \u271a pour lire nos exp\u00e9riences !","og_url":"https:\/\/multihoster.org\/fr\/yuvutu\/","og_site_name":"Multihoster.org","article_modified_time":"2020-04-22T15:36:24+00:00","og_image":[{"url":"https:\/\/lh5.googleusercontent.com\/ksS0ngJd_qKDwy5l-mYDrqPQU6ueIVHGZOFdfmxVLcbxiBXqjSVR4K0_Hn078Vvkoy_qdsFqx0RIGuNvEuyxbd2fgJS9FmPQYkoQ9RA47DyGh5reN8tGpEobW4Tw6QNkJaRunA9M"}],"twitter_card":"summary","twitter_misc":{"Dur\u00e9e de lecture estim\u00e9e":"9 minutes"},"schema":{"@context":"https:\/\/schema.org","@graph":[{"@type":"WebSite","@id":"https:\/\/multihoster.org\/#website","url":"https:\/\/multihoster.org\/","name":"Multihoster.org","description":"Reviews of the major Filehosting services","potentialAction":[{"@type":"SearchAction","target":{"@type":"EntryPoint","urlTemplate":"https:\/\/multihoster.org\/?s={search_term_string}"},"query-input":"required name=search_term_string"}],"inLanguage":"fr-FR"},{"@type":"ImageObject","@id":"https:\/\/multihoster.org\/fr\/yuvutu\/#primaryimage","inLanguage":"fr-FR","url":"https:\/\/lh5.googleusercontent.com\/ksS0ngJd_qKDwy5l-mYDrqPQU6ueIVHGZOFdfmxVLcbxiBXqjSVR4K0_Hn078Vvkoy_qdsFqx0RIGuNvEuyxbd2fgJS9FmPQYkoQ9RA47DyGh5reN8tGpEobW4Tw6QNkJaRunA9M","contentUrl":"https:\/\/lh5.googleusercontent.com\/ksS0ngJd_qKDwy5l-mYDrqPQU6ueIVHGZOFdfmxVLcbxiBXqjSVR4K0_Hn078Vvkoy_qdsFqx0RIGuNvEuyxbd2fgJS9FmPQYkoQ9RA47DyGh5reN8tGpEobW4Tw6QNkJaRunA9M"},{"@type":"WebPage","@id":"https:\/\/multihoster.org\/fr\/yuvutu\/#webpage","url":"https:\/\/multihoster.org\/fr\/yuvutu\/","name":"Yuvutu Premium Compte - Le meilleur site de streaming en un coup d'\u0153il","isPartOf":{"@id":"https:\/\/multihoster.org\/#website"},"primaryImageOfPage":{"@id":"https:\/\/multihoster.org\/fr\/yuvutu\/#primaryimage"},"datePublished":"2020-04-22T11:30:45+00:00","dateModified":"2020-04-22T15:36:24+00:00","description":"Que Yuvutu soit un fournisseur r\u00e9put\u00e9 ou non, vous pouvez trouver la r\u00e9ponse dans le test actuel sur Multihoster.org \u279c Cliquez maintenant sur \u271a pour lire nos exp\u00e9riences !","breadcrumb":{"@id":"https:\/\/multihoster.org\/fr\/yuvutu\/#breadcrumb"},"inLanguage":"fr-FR","potentialAction":[{"@type":"ReadAction","target":["https:\/\/multihoster.org\/fr\/yuvutu\/"]}]},{"@type":"BreadcrumbList","@id":"https:\/\/multihoster.org\/fr\/yuvutu\/#breadcrumb","itemListElement":[{"@type":"ListItem","position":1,"name":"Startseite","item":"https:\/\/multihoster.org\/fr\/"},{"@type":"ListItem","position":2,"name":"Yuvutu Premium Compte: Le meilleur site de streaming en un coup d&rsquo;\u0153il"}]}]}},"_links":{"self":[{"href":"https:\/\/multihoster.org\/fr\/wp-json\/wp\/v2\/pages\/4236"}],"collection":[{"href":"https:\/\/multihoster.org\/fr\/wp-json\/wp\/v2\/pages"}],"about":[{"href":"https:\/\/multihoster.org\/fr\/wp-json\/wp\/v2\/types\/page"}],"author":[{"embeddable":true,"href":"https:\/\/multihoster.org\/fr\/wp-json\/wp\/v2\/users\/2"}],"replies":[{"embeddable":true,"href":"https:\/\/multihoster.org\/fr\/wp-json\/wp\/v2\/comments?post=4236"}],"version-history":[{"count":3,"href":"https:\/\/multihoster.org\/fr\/wp-json\/wp\/v2\/pages\/4236\/revisions"}],"predecessor-version":[{"id":4328,"href":"https:\/\/multihoster.org\/fr\/wp-json\/wp\/v2\/pages\/4236\/revisions\/4328"}],"wp:attachment":[{"href":"https:\/\/multihoster.org\/fr\/wp-json\/wp\/v2\/media?parent=4236"}],"curies":[{"name":"wp","href":"https:\/\/api.w.org\/{rel}","templated":true}]}}