{"id":424,"date":"2018-05-22T16:49:25","date_gmt":"2018-05-22T16:49:25","guid":{"rendered":"https:\/\/multihoster.org\/?page_id=424"},"modified":"2020-10-28T09:29:33","modified_gmt":"2020-10-28T09:29:33","slug":"rapidgator2","status":"publish","type":"page","link":"https:\/\/multihoster.org\/fr\/rapidgator2\/","title":{"rendered":"Rapidgator Premium Debrideur &#8211; L&rsquo;h\u00e9bergeur de fichiers en un coup d&rsquo;\u0153il"},"content":{"rendered":"\n<p>Nous ne sommes pas affili\u00e9s, associ\u00e9s, autoris\u00e9s, approuv\u00e9s par, ou en aucune fa\u00e7on officiellement connect\u00e9s \u00e0 Rapidgator.net<\/p>\n\n\n<p class=\"normal\"><span lang=\"de\"><img loading=\"lazy\" class=\"size-full wp-image-4672 alignleft\" src=\"https:\/\/multihoster.org\/wp-content\/uploads\/2020\/06\/rapidgator_logo.png\" alt=\"rapidgator_logo\" width=\"363\" height=\"62\" srcset=\"https:\/\/multihoster.org\/wp-content\/uploads\/2020\/06\/rapidgator_logo.png 363w, https:\/\/multihoster.org\/wp-content\/uploads\/2020\/06\/rapidgator_logo-300x51.png 300w\" sizes=\"(max-width: 363px) 100vw, 363px\" \/>Le Filehoster Rapidgator est actif dans l&rsquo;industrie de l&rsquo;h\u00e9bergement de fichiers et du partage de fichiers depuis 2010 et depuis lors, la soci\u00e9t\u00e9 s&rsquo;est \u00e9tablie avec plusieurs millions d&rsquo;utilisateurs par jour et appartient \u00e0 la classe sup\u00e9rieure dans le domaine de l&rsquo;h\u00e9bergement de fichiers. En pla\u00e7ant strat\u00e9giquement les serveurs aux n\u0153uds Internet, le fournisseur veut offrir \u00e0 ses utilisateurs la meilleure vitesse de t\u00e9l\u00e9chargement et de t\u00e9l\u00e9chargement possible par le biais de comptes premium.<\/span><\/p>\n<p>&nbsp;<\/p>\n<p class=\"normal\"><span lang=\"de\">Les \u00e9l\u00e9ments cl\u00e9s suivants sont mis en \u00e9vidence dans la philosophie d&rsquo;entreprise de Rapidgator :<\/span><\/p>\n<ul>\n<li>service<\/li>\n<li>Respect du client<\/li>\n<li>nantissement<\/li>\n<li>technologie<\/li>\n<li>Excellence<\/li>\n<\/ul>\n<p>&nbsp;<\/p>\n\n<p><a class=\"fasc-button fasc-size-xlarge fasc-type-glossy fasc-rounded-medium ico-fa fasc-ico-after fa-share\" style=\"background-color: #43585e; color: #ffffff;\" target=\"_blank\" rel=\"nofollow noopener noreferrer\" href=\"https:\/\/multihoster.org\/rapidgator\/goto\/\">Acheter un compte premium<\/a><\/p>\n<h2><span lang=\"de\">Caract\u00e9ristiques positives du fournisseur<\/span><\/h2>\n<ul>\n<li>compte gratuit<\/li>\n<li>espace de stockage illimit\u00e9 possible<\/li>\n<li>tr\u00e8s haut degr\u00e9 de s\u00e9curit\u00e9<\/li>\n<li>Vitesse maximale jusqu&rsquo;\u00e0 10 To<\/li>\n<li>salaire attractif<\/li>\n<\/ul>\n<h2>L&rsquo;ensemble de la gamme Rapidgator d&rsquo;un seul coup d&rsquo;\u0153il<\/h2>\n<p>En plus du compte Rapidgator Premium, qui inclut une large gamme de services, le Filehoster offre la cr\u00e9ation d&rsquo;un compte gratuit. Ainsi, les utilisateurs peuvent d\u00e9j\u00e0 utiliser un certain nombre de services et tester l&rsquo;offre Rapidgator.<\/p>\n<p>Si vous \u00eates convaincu par le fournisseur, vous pouvez passer d&rsquo;un compte gratuit \u00e0 un compte premium avec une vitesse maximale de 10 To. Dans le cadre du stockage, vous avez acc\u00e8s \u00e0 des tarifs avec une capacit\u00e9 de stockage de 3 To et des tarifs illimit\u00e9s o\u00f9 les donn\u00e9es doivent \u00eatre t\u00e9l\u00e9charg\u00e9es au moins une fois tous les 60 jours afin de rester stock\u00e9es sur les serveurs web.<\/p>\n<p class=\"normal\"><span lang=\"de\">Un logiciel moderne assure le maximum de s\u00e9curit\u00e9, ce qui est soutenu par la Garantie de Satisfaction et la Garantie de Satisfaction<a href=\"https:\/\/www.trustedshops.de\/guetesiegel\/\" target=\"_blank\" rel=\"noopener noreferrer\"> Sceau de confiance<\/a>. Il est \u00e9galement possible de gagner de l&rsquo;argent sur Rapidgator.net de mani\u00e8re d\u00e9tendue.<\/span><\/p>\n<h2 class=\"normal\"><span lang=\"de\">Offres de bonus<br><\/span><\/h2>\n<p class=\"normal\"><span lang=\"de\">Avec Rapidgator, vous pouvez non seulement t\u00e9l\u00e9charger et t\u00e9l\u00e9charger divers fichiers, mais aussi gagner beaucoup d&rsquo;argent &#8211; comment \u00e7a marche ?<br><\/span><\/p>\n<p class=\"normal\"><span lang=\"de\">C&rsquo;est facile &#8211; tout ce dont vous avez besoin pour gagner de l&rsquo;argent avec Rapidgator est de t\u00e9l\u00e9charger des fichiers et d&rsquo;utiliser le syst\u00e8me de bonus pour obtenir vos gains pay\u00e9s. Le fournisseur annonce que les utilisateurs peuvent d\u00e9j\u00e0 gagner de l&rsquo;argent avec le premier t\u00e9l\u00e9chargement vers Rapidgator, de sorte que les co\u00fbts du compte Premium Rapidgator sont rapidement amortis.<br><\/span><\/p>\n<h2><span lang=\"de\">Co\u00fbts et options de paiement<br><\/span><\/h2>\n<p><img loading=\"lazy\" class=\"alignnone size-full wp-image-4737\" src=\"https:\/\/multihoster.org\/wp-content\/uploads\/2020\/06\/rapidgator-payment-method-1.png\" alt=\"\" width=\"716\" height=\"475\" srcset=\"https:\/\/multihoster.org\/wp-content\/uploads\/2020\/06\/rapidgator-payment-method-1.png 716w, https:\/\/multihoster.org\/wp-content\/uploads\/2020\/06\/rapidgator-payment-method-1-300x199.png 300w\" sizes=\"(max-width: 716px) 100vw, 716px\" \/><\/p>\n<p class=\"normal\"><span lang=\"de\">En tout, Rapidgator.net vous propose neuf tarifs diff\u00e9rents, qui sont tr\u00e8s divers, afin que chacun puisse trouver l&rsquo;offre parfaite pour lui-m\u00eame. Vous trouverez des tarifs avec un stockage maximum de 3 To et 10 To, ainsi que des tarifs avec un stockage illimit\u00e9, qui peuvent \u00eatre limit\u00e9s dans le temps en fonction de la popularit\u00e9 des donn\u00e9es. Les prix varient de 14,99 $ pour un abonnement d&rsquo;un mois \u00e0 99,99 $ pour un abonnement annuel.<\/span><\/p>\n\n<table id=\"tablepress-28\" class=\"tablepress tablepress-id-28\">\n<thead>\n<tr class=\"row-1 odd\">\n\t<th class=\"column-1\">prix<\/th><th class=\"column-2\">14,99$<\/th><th class=\"column-3\">14,99$<\/th><th class=\"column-4\">29,99$<\/th><th class=\"column-5\">39.99$<\/th><th class=\"column-6\">39.99$<\/th><th class=\"column-7\">49,99$<\/th><th class=\"column-8\">69,99$<\/th><th class=\"column-9\">99,99$<\/th><th class=\"column-10\">99,99$<\/th>\n<\/tr>\n<\/thead>\n<tbody class=\"row-hover\">\n<tr class=\"row-2 even\">\n\t<td class=\"column-1\">existence<\/td><td class=\"column-2\">30 jours<\/td><td class=\"column-3\">30 jours<\/td><td class=\"column-4\">60 jours<\/td><td class=\"column-5\">90 jours<\/td><td class=\"column-6\">90 jours<\/td><td class=\"column-7\">180 jours<\/td><td class=\"column-8\">180 jours<\/td><td class=\"column-9\">365 jours<\/td><td class=\"column-10\">365 jours<\/td>\n<\/tr>\n<tr class=\"row-3 odd\">\n\t<td class=\"column-1\">c\u00e9l\u00e9rit\u00e9<\/td><td class=\"column-2\">1 TB<\/td><td class=\"column-3\">1 TB<\/td><td class=\"column-4\">2 TB<\/td><td class=\"column-5\">4 TB<\/td><td class=\"column-6\">4 TB<\/td><td class=\"column-7\">6 TB<\/td><td class=\"column-8\">6 TB<\/td><td class=\"column-9\">12 TB<\/td><td class=\"column-10\">12 TB<\/td>\n<\/tr>\n<tr class=\"row-4 even\">\n\t<td class=\"column-1\">maintien<\/td><td class=\"column-2\">pas de limite<\/td><td class=\"column-3\">3 TB<\/td><td class=\"column-4\">3 TB<\/td><td class=\"column-5\">pas de limite<\/td><td class=\"column-6\">3 TB<\/td><td class=\"column-7\">pas de limite<\/td><td class=\"column-8\">3 TB<\/td><td class=\"column-9\">pas de limite<\/td><td class=\"column-10\">10 TB<\/td>\n<\/tr>\n<\/tbody>\n<\/table>\n<!-- #tablepress-28 from cache -->\n<p>En ce qui concerne les options de paiement pour le Compte Premium, vous pouvez choisir entre le paiement par carte VISA, carte Maestro ou Mastercard. Ceux qui attachent une importance particuli\u00e8re \u00e0 la s\u00e9curit\u00e9 lors du paiement sur Internet peuvent utiliser les m\u00e9thodes \u00ab\u00a0v\u00e9rifi\u00e9 par VISA\u00a0\u00bb et \u00ab\u00a0Mastercard SecureCode\u00a0\u00bb. Ce sont les proc\u00e9dures de s\u00e9curit\u00e9 de VISA et Mastercard, qui interposent une v\u00e9rification suppl\u00e9mentaire lors de l&rsquo;achat afin que vous puissiez acheter en toute s\u00e9curit\u00e9 le produit d\u00e9sir\u00e9 de Rapidgator et prot\u00e9ger vos donn\u00e9es ainsi que votre argent.<\/p>\n<p>Il existe \u00e9galement de nombreuses autres m\u00e9thodes de paiement, telles que Paysafecard, Google Play ou Apple Pay. Le transfert bancaire normal, l&rsquo;achat aupr\u00e8s de revendeurs et d&rsquo;autres options sont \u00e9galement disponibles, y compris le paiement dans une devise num\u00e9rique telle que Bitcoin ou Litecoin.<\/p>\n<p><a class=\"fasc-button fasc-size-xlarge fasc-type-glossy fasc-rounded-medium ico-fa fasc-ico-after fa-share\" style=\"background-color: #43585e; color: #ffffff;\" target=\"_blank\" rel=\"nofollow noopener noreferrer\" href=\"https:\/\/multihoster.org\/rapidgator\/goto\/\">Acheter un compte premium<\/a><\/p>\n<h2><span lang=\"de\">Avis de confidentialit\u00e9 et protection des donn\u00e9es<br><\/span><\/h2>\n<p class=\"normal\"><span lang=\"de\">En ce qui concerne la protection de la vie priv\u00e9e et des donn\u00e9es, le fournisseur se fixe les normes les plus \u00e9lev\u00e9es. Lors de l&rsquo;utilisation des services de Rapidgator.net, diverses informations sont automatiquement stock\u00e9es, y compris non seulement l&rsquo;adresse IP mais aussi d&rsquo;autres donn\u00e9es personnelles et d\u00e9mographiques.<br><\/span><\/p>\n<p>Vos donn\u00e9es seront utilis\u00e9es aux fins suivantes :<\/p>\n<ul>\n<li>Ex\u00e9cution et conclusion de transactions financi\u00e8res<\/li>\n<li>Demandes de r\u00e9troaction et contact concernant le service et l&rsquo;application<\/li>\n<li>R\u00e9pondre aux courriels, demandes de renseignements, commentaires, plaintes, etc.<\/li>\n<li>Pr\u00e9sentation et analyse de l&rsquo;utilisation des services et des tendances.<\/li>\n<li>Personnalisation et am\u00e9lioration du service<\/li>\n<li>Transmission de messages, informations compl\u00e9mentaires, confirmations, mises \u00e0 jour,<\/li>\n<li>Notifications de s\u00e9curit\u00e9, etc.<\/li>\n<li>Notification des changements apport\u00e9s au service et \u00e0 l&rsquo;application<\/li>\n<\/ul>\n<p>Les donn\u00e9es personnelles ne sont transmises \u00e0 des tiers que dans quelques cas &#8211; par exemple \u00e0 des \u00e9tablissements de cr\u00e9dit pour le processus de paiement et \u00e0 des fournisseurs de courrier \u00e9lectronique pour l&rsquo;envoi de messages. En outre, les informations ne seront transmises \u00e0 d&rsquo;autres parties qu&rsquo;avec une autorisation expresse.<\/p>\n<p>De plus, les donn\u00e9es d\u00e9mographiques sont transmises \u00e0 des partenaires qui n&rsquo;ont aucune r\u00e9f\u00e9rence personnelle. Dans de rares cas, Rapidgator peut, pour des raisons juridiques, se sentir oblig\u00e9 de divulguer des donn\u00e9es si n\u00e9cessaire pour prot\u00e9ger la loi, la propri\u00e9t\u00e9 et la s\u00e9curit\u00e9.<\/p>\n<h2><span lang=\"de\">Service apr\u00e8s-vente<br><\/span><\/h2>\n<p class=\"normal\"><span lang=\"de\">Le service client\u00e8le de Rapidgator.net est disponible en allemand, ce qui signifie que chaque utilisateur allemand b\u00e9n\u00e9ficie d&rsquo;une assistance impeccable. Un service \u00e0 la client\u00e8le par t\u00e9l\u00e9phone n&rsquo;est pas offert, d&rsquo;\u00e9ventuelles demandes de renseignements peuvent \u00eatre faites par le biais du formulaire de r\u00e9troaction. Si vous \u00eates \u00e0 la recherche d&rsquo;une solution rapide, nous vous recommandons \u00e9galement de consulter la section FAQ, qui r\u00e9pond aux questions r\u00e9guli\u00e8rement pos\u00e9es par de nombreux utilisateurs.<br><\/span><\/p>\n<h2><span lang=\"de\">Convivialit\u00e9<br><\/span><\/h2>\n<p class=\"normal\"><span lang=\"de\">La cr\u00e9ation d&rsquo;un compte chez Rapidgator ne prend que quelques secondes et est rapidement termin\u00e9e. Imm\u00e9diatement apr\u00e8s la connexion, vous pouvez utiliser la fonction \u00ab\u00a0Upload file\u00a0\u00bb dans votre compte Rapidgator et t\u00e9l\u00e9charger le fichier souhait\u00e9 sur les serveurs Web de Rapidgator, soit par t\u00e9l\u00e9chargement Web, FTP ou t\u00e9l\u00e9chargement \u00e0 distance.<br><\/span><\/p>\n<p class=\"normal\"><span lang=\"de\">Tous les autres services se trouvent \u00e9galement en haut \u00e0 droite de la page, o\u00f9 vous pouvez consulter les derni\u00e8res informations, acheter un plan Rapidgator Premium, consulter vos gains, acc\u00e9der \u00e0 votre compte et contacter le support technique. En haut du coin, la langue peut \u00eatre s\u00e9lectionn\u00e9e pour que n&rsquo;importe qui puisse entrer l&rsquo;information sur la page dans sa langue maternelle.<br><\/span><\/p>\n<h2>Application mobile<\/h2>\n<p>Si vous voulez profiter des avantages de la plate-forme Rapidgator.net en d\u00e9placement \u00e0 partir de votre smartphone ou tablette, vous pouvez simplement t\u00e9l\u00e9charger l&rsquo;application pr\u00e9vue \u00e0 cet effet <a href=\"https:\/\/itunes.apple.com\/us\/app\/rapidgator-net-file-manager\/id1214212470?l=en&amp;ls=1&amp;mt=8\" target=\"_blank\" rel=\"noopener noreferrer\">vers iTunes pour les appareils Apple<\/a>&nbsp; ainsi que <a href=\"https:\/\/play.google.com\/store\/apps\/details?id=net.rapidgator&amp;hl=de\" target=\"_blank\" rel=\"noopener noreferrer\">sur le Google Play Store pour les appareils mobiles utilisant le syst\u00e8me d&rsquo;exploitation Android.<\/a><\/p>\n<h2><span lang=\"de\">Les avantages d&rsquo;un compte premium avec Rapidgator<br><\/span><\/h2>\n<p>Avec un compte Premium, il vous est possible de t\u00e9l\u00e9charger et de t\u00e9l\u00e9charger des fichiers sur Rapidgator.net avec une vitesse extraordinairement rapide. De plus, vous b\u00e9n\u00e9ficiez de la possibilit\u00e9 de d\u00e9marrer autant de t\u00e9l\u00e9chargements que vous le souhaitez en m\u00eame temps sans avoir \u00e0 attendre dans une file d&rsquo;attente, et la publicit\u00e9 ennuyeuse est garantie de ne pas vous d\u00e9ranger lorsque vous utilisez un compte premium. Gr\u00e2ce \u00e0 la bande passante d&rsquo;un ou plusieurs To, les fichiers jusqu&rsquo;\u00e0 5 Go peuvent \u00eatre t\u00e9l\u00e9charg\u00e9s tr\u00e8s rapidement.<\/p>\n<p>Les tarifs les plus bas commencent \u00e0 14,99 $. Les deux tarifs vous offrent un abonnement de 30 jours et une bande passante d&rsquo;un TB. La diff\u00e9rence r\u00e9side dans le stockage &#8211; alors que le premier tarif Rapidgator Premium vous permet de stocker un nombre illimit\u00e9 de fichiers qui sont effac\u00e9s 60 jours apr\u00e8s le dernier t\u00e9l\u00e9chargement, le second tarif offre un stockage maximum de 3 To. Dans le second cas, les donn\u00e9es ne sont pas effac\u00e9es m\u00eame si elles n&rsquo;ont pas \u00e9t\u00e9 t\u00e9l\u00e9charg\u00e9es depuis 60 jours.<\/p>\n<p>Avec un abonnement de 60 jours pour 29,99 $, le forfait Rapidgator Premium vous permet \u00e9galement de stocker jusqu&rsquo;\u00e0 3 To de donn\u00e9es et de profiter de 2 To de vitesse sup\u00e9rieure.<\/p>\n<p>La vitesse est encore plus rapide avec l&rsquo;abonnement de 90 jours, disponible au prix de 39,99 $. Dans le cadre de ce tarif, vous pouvez t\u00e9l\u00e9charger et t\u00e9l\u00e9charger les fichiers souhait\u00e9s avec une bande passante allant jusqu&rsquo;\u00e0 4 To avec votre compte Rapidgator. Vous pouvez choisir entre un tarif avec stockage illimit\u00e9, o\u00f9 la r\u00e8gle des 60 jours s&rsquo;applique, et un tarif limit\u00e9 avec une capacit\u00e9 de stockage de 3 To.<\/p>\n<p>Si vous choisissez l&rsquo;abonnement de 180 jours pour 49,99 $, vous pouvez profiter d&rsquo;une vitesse de 6 To et t\u00e9l\u00e9charger des fichiers illimit\u00e9s qui sont stock\u00e9s jusqu&rsquo;\u00e0 60 jours apr\u00e8s le dernier t\u00e9l\u00e9chargement. L&rsquo;abonnement Rapidgator Premium de 180 jours pour 69,99 $ vous offre la m\u00eame bande passante et 3 To de stockage illimit\u00e9.<\/p>\n<p>La vitesse maximale de 12 To est disponible avec l&rsquo;abonnement annuel, qui est disponible au prix de 99,99 $ en deux versions diff\u00e9rentes. Vous avez le choix entre l&rsquo;abonnement Rapidgator Premium avec 10 To de stockage et le tarif Premium avec stockage illimit\u00e9 selon la r\u00e8gle des 60 jours.<\/p>\n<h2><span lang=\"de\">Notre conclusion sur Rapidgator<br><\/span><\/h2>\n<p class=\"normal\"><span lang=\"de\">En tant que l&rsquo;un des plus grands fournisseurs de l&rsquo;industrie de l&rsquo;h\u00e9bergement de fichiers et du partage de fichiers, Rapidgator attache une grande importance \u00e0 un niveau de s\u00e9curit\u00e9 \u00e9lev\u00e9. La protection des donn\u00e9es et le respect de la vie priv\u00e9e sont \u00e9galement tr\u00e8s importants \u00e0 cet \u00e9gard. Bien que le service \u00e0 la client\u00e8le ne soit pas disponible par t\u00e9l\u00e9phone, le support allemand peut toujours fournir une assistance ad\u00e9quate pour tous les probl\u00e8mes concernant le compte Rapidgator.<\/span><\/p>\n<p>Rapidgator se distingue avant tout par sa large gamme de produits : vous pouvez choisir neuf abonnements diff\u00e9rents dans le cadre des tarifs Rapidgator Premium. Ceux-ci offrent \u00e0 la fois des vitesses diff\u00e9rentes, ainsi qu&rsquo;un espace de stockage diff\u00e9rent. Vous pouvez choisir un compte premium avec un espace de stockage limit\u00e9 ou un compte Rapidgator avec un stockage illimit\u00e9. Si vous s\u00e9lectionnez Rapidgator Premium avec stockage illimit\u00e9, les donn\u00e9es ne sont conserv\u00e9es pendant plus de 60 jours que si un t\u00e9l\u00e9chargement a eu lieu pendant cette p\u00e9riode.<\/p>\n<p>Le site Web est \u00e9galement facile \u00e0 utiliser et permet \u00e0 l&rsquo;utilisateur de voir tout ce qui est important en un coup d&rsquo;\u0153il.<\/p>\n<p>Certains utilisateurs peuvent \u00eatre int\u00e9ress\u00e9s par le programme de bonus, qui offre un moyen de gagner de l&rsquo;argent en t\u00e9l\u00e9chargeant des donn\u00e9es, de sorte que vous pouvez facilement r\u00e9cup\u00e9rer l&rsquo;argent que vous payez pour le tarif Premium Rapidgator.<\/p>\n<p><a class=\"fasc-button fasc-size-xlarge fasc-type-glossy fasc-rounded-medium ico-fa fasc-ico-after fa-share\" style=\"background-color: #43585e; color: #ffffff;\" target=\"_blank\" rel=\"nofollow noopener noreferrer\" href=\"https:\/\/multihoster.org\/rapidgator\/goto\/\">Acheter un compte premium<\/a><\/p>","protected":false},"excerpt":{"rendered":"<p>Nous ne sommes pas affili\u00e9s, associ\u00e9s, autoris\u00e9s, approuv\u00e9s par, ou en aucune fa\u00e7on officiellement connect\u00e9s \u00e0 Rapidgator.net Le Filehoster Rapidgator<\/p>\n","protected":false},"author":2,"featured_media":0,"parent":0,"menu_order":0,"comment_status":"closed","ping_status":"closed","template":"","meta":[],"yoast_head":"<!-- This site is optimized with the Yoast SEO plugin v18.3 - https:\/\/yoast.com\/wordpress\/plugins\/seo\/ -->\n<title>lll\u25b7 Rapidgator Premium Account s\u00e9rieux ou non +++++ Test sur Multihoster.org<\/title>\n<meta name=\"description\" content=\"Si Rapidgator est un fournisseur de bonne r\u00e9putation ou non, vous pouvez trouver la r\u00e9ponse dans le test actuel sur Multihoster.org \u279c Cliquez maintenant sur \u271a pour lire nos exp\u00e9riences !\" \/>\n<meta name=\"robots\" content=\"index, follow, max-snippet:-1, max-image-preview:large, max-video-preview:-1\" \/>\n<link rel=\"canonical\" href=\"https:\/\/multihoster.org\/fr\/rapidgator2\/\" \/>\n<meta property=\"og:locale\" content=\"fr_FR\" \/>\n<meta property=\"og:type\" content=\"article\" \/>\n<meta property=\"og:title\" content=\"lll\u25b7 Rapidgator Premium Account s\u00e9rieux ou non +++++ Test sur Multihoster.org\" \/>\n<meta property=\"og:description\" content=\"Si Rapidgator est un fournisseur de bonne r\u00e9putation ou non, vous pouvez trouver la r\u00e9ponse dans le test actuel sur Multihoster.org \u279c Cliquez maintenant sur \u271a pour lire nos exp\u00e9riences !\" \/>\n<meta property=\"og:url\" content=\"https:\/\/multihoster.org\/fr\/rapidgator2\/\" \/>\n<meta property=\"og:site_name\" content=\"Multihoster.org\" \/>\n<meta property=\"article:modified_time\" content=\"2020-10-28T09:29:33+00:00\" \/>\n<meta property=\"og:image\" content=\"https:\/\/multihoster.org\/wp-content\/uploads\/2020\/06\/rapidgator_logo.png\" \/>\n<meta name=\"twitter:card\" content=\"summary\" \/>\n<meta name=\"twitter:label1\" content=\"Dur\u00e9e de lecture estim\u00e9e\" \/>\n\t<meta name=\"twitter:data1\" content=\"9 minutes\" \/>\n<script type=\"application\/ld+json\" class=\"yoast-schema-graph\">{\"@context\":\"https:\/\/schema.org\",\"@graph\":[{\"@type\":\"WebSite\",\"@id\":\"https:\/\/multihoster.org\/#website\",\"url\":\"https:\/\/multihoster.org\/\",\"name\":\"Multihoster.org\",\"description\":\"Reviews of the major Filehosting services\",\"potentialAction\":[{\"@type\":\"SearchAction\",\"target\":{\"@type\":\"EntryPoint\",\"urlTemplate\":\"https:\/\/multihoster.org\/?s={search_term_string}\"},\"query-input\":\"required name=search_term_string\"}],\"inLanguage\":\"fr-FR\"},{\"@type\":\"ImageObject\",\"@id\":\"https:\/\/multihoster.org\/fr\/rapidgator2\/#primaryimage\",\"inLanguage\":\"fr-FR\",\"url\":\"https:\/\/multihoster.org\/wp-content\/uploads\/2020\/06\/rapidgator_logo.png\",\"contentUrl\":\"https:\/\/multihoster.org\/wp-content\/uploads\/2020\/06\/rapidgator_logo.png\",\"width\":363,\"height\":62,\"caption\":\"rapidgator_logo\"},{\"@type\":\"WebPage\",\"@id\":\"https:\/\/multihoster.org\/fr\/rapidgator2\/#webpage\",\"url\":\"https:\/\/multihoster.org\/fr\/rapidgator2\/\",\"name\":\"lll\u25b7 Rapidgator Premium Account s\u00e9rieux ou non +++++ Test sur Multihoster.org\",\"isPartOf\":{\"@id\":\"https:\/\/multihoster.org\/#website\"},\"primaryImageOfPage\":{\"@id\":\"https:\/\/multihoster.org\/fr\/rapidgator2\/#primaryimage\"},\"datePublished\":\"2018-05-22T16:49:25+00:00\",\"dateModified\":\"2020-10-28T09:29:33+00:00\",\"description\":\"Si Rapidgator est un fournisseur de bonne r\u00e9putation ou non, vous pouvez trouver la r\u00e9ponse dans le test actuel sur Multihoster.org \u279c Cliquez maintenant sur \u271a pour lire nos exp\u00e9riences !\",\"breadcrumb\":{\"@id\":\"https:\/\/multihoster.org\/fr\/rapidgator2\/#breadcrumb\"},\"inLanguage\":\"fr-FR\",\"potentialAction\":[{\"@type\":\"ReadAction\",\"target\":[\"https:\/\/multihoster.org\/fr\/rapidgator2\/\"]}]},{\"@type\":\"BreadcrumbList\",\"@id\":\"https:\/\/multihoster.org\/fr\/rapidgator2\/#breadcrumb\",\"itemListElement\":[{\"@type\":\"ListItem\",\"position\":1,\"name\":\"Startseite\",\"item\":\"https:\/\/multihoster.org\/fr\/\"},{\"@type\":\"ListItem\",\"position\":2,\"name\":\"Rapidgator Premium Debrideur &#8211; L&rsquo;h\u00e9bergeur de fichiers en un coup d&rsquo;\u0153il\"}]}]}<\/script>\n<!-- \/ Yoast SEO plugin. -->","yoast_head_json":{"title":"lll\u25b7 Rapidgator Premium Account s\u00e9rieux ou non +++++ Test sur Multihoster.org","description":"Si Rapidgator est un fournisseur de bonne r\u00e9putation ou non, vous pouvez trouver la r\u00e9ponse dans le test actuel sur Multihoster.org \u279c Cliquez maintenant sur \u271a pour lire nos exp\u00e9riences !","robots":{"index":"index","follow":"follow","max-snippet":"max-snippet:-1","max-image-preview":"max-image-preview:large","max-video-preview":"max-video-preview:-1"},"canonical":"https:\/\/multihoster.org\/fr\/rapidgator2\/","og_locale":"fr_FR","og_type":"article","og_title":"lll\u25b7 Rapidgator Premium Account s\u00e9rieux ou non +++++ Test sur Multihoster.org","og_description":"Si Rapidgator est un fournisseur de bonne r\u00e9putation ou non, vous pouvez trouver la r\u00e9ponse dans le test actuel sur Multihoster.org \u279c Cliquez maintenant sur \u271a pour lire nos exp\u00e9riences !","og_url":"https:\/\/multihoster.org\/fr\/rapidgator2\/","og_site_name":"Multihoster.org","article_modified_time":"2020-10-28T09:29:33+00:00","og_image":[{"url":"https:\/\/multihoster.org\/wp-content\/uploads\/2020\/06\/rapidgator_logo.png"}],"twitter_card":"summary","twitter_misc":{"Dur\u00e9e de lecture estim\u00e9e":"9 minutes"},"schema":{"@context":"https:\/\/schema.org","@graph":[{"@type":"WebSite","@id":"https:\/\/multihoster.org\/#website","url":"https:\/\/multihoster.org\/","name":"Multihoster.org","description":"Reviews of the major Filehosting services","potentialAction":[{"@type":"SearchAction","target":{"@type":"EntryPoint","urlTemplate":"https:\/\/multihoster.org\/?s={search_term_string}"},"query-input":"required name=search_term_string"}],"inLanguage":"fr-FR"},{"@type":"ImageObject","@id":"https:\/\/multihoster.org\/fr\/rapidgator2\/#primaryimage","inLanguage":"fr-FR","url":"https:\/\/multihoster.org\/wp-content\/uploads\/2020\/06\/rapidgator_logo.png","contentUrl":"https:\/\/multihoster.org\/wp-content\/uploads\/2020\/06\/rapidgator_logo.png","width":363,"height":62,"caption":"rapidgator_logo"},{"@type":"WebPage","@id":"https:\/\/multihoster.org\/fr\/rapidgator2\/#webpage","url":"https:\/\/multihoster.org\/fr\/rapidgator2\/","name":"lll\u25b7 Rapidgator Premium Account s\u00e9rieux ou non +++++ Test sur Multihoster.org","isPartOf":{"@id":"https:\/\/multihoster.org\/#website"},"primaryImageOfPage":{"@id":"https:\/\/multihoster.org\/fr\/rapidgator2\/#primaryimage"},"datePublished":"2018-05-22T16:49:25+00:00","dateModified":"2020-10-28T09:29:33+00:00","description":"Si Rapidgator est un fournisseur de bonne r\u00e9putation ou non, vous pouvez trouver la r\u00e9ponse dans le test actuel sur Multihoster.org \u279c Cliquez maintenant sur \u271a pour lire nos exp\u00e9riences !","breadcrumb":{"@id":"https:\/\/multihoster.org\/fr\/rapidgator2\/#breadcrumb"},"inLanguage":"fr-FR","potentialAction":[{"@type":"ReadAction","target":["https:\/\/multihoster.org\/fr\/rapidgator2\/"]}]},{"@type":"BreadcrumbList","@id":"https:\/\/multihoster.org\/fr\/rapidgator2\/#breadcrumb","itemListElement":[{"@type":"ListItem","position":1,"name":"Startseite","item":"https:\/\/multihoster.org\/fr\/"},{"@type":"ListItem","position":2,"name":"Rapidgator Premium Debrideur &#8211; L&rsquo;h\u00e9bergeur de fichiers en un coup d&rsquo;\u0153il"}]}]}},"_links":{"self":[{"href":"https:\/\/multihoster.org\/fr\/wp-json\/wp\/v2\/pages\/424"}],"collection":[{"href":"https:\/\/multihoster.org\/fr\/wp-json\/wp\/v2\/pages"}],"about":[{"href":"https:\/\/multihoster.org\/fr\/wp-json\/wp\/v2\/types\/page"}],"author":[{"embeddable":true,"href":"https:\/\/multihoster.org\/fr\/wp-json\/wp\/v2\/users\/2"}],"replies":[{"embeddable":true,"href":"https:\/\/multihoster.org\/fr\/wp-json\/wp\/v2\/comments?post=424"}],"version-history":[{"count":10,"href":"https:\/\/multihoster.org\/fr\/wp-json\/wp\/v2\/pages\/424\/revisions"}],"predecessor-version":[{"id":5390,"href":"https:\/\/multihoster.org\/fr\/wp-json\/wp\/v2\/pages\/424\/revisions\/5390"}],"wp:attachment":[{"href":"https:\/\/multihoster.org\/fr\/wp-json\/wp\/v2\/media?parent=424"}],"curies":[{"name":"wp","href":"https:\/\/api.w.org\/{rel}","templated":true}]}}