{"id":4251,"date":"2020-04-15T11:45:16","date_gmt":"2020-04-15T11:45:16","guid":{"rendered":"https:\/\/multihoster.org\/filefactory-2\/"},"modified":"2020-04-22T12:37:24","modified_gmt":"2020-04-22T12:37:24","slug":"filefactory-2","status":"publish","type":"page","link":"https:\/\/multihoster.org\/fr\/filefactory-2\/","title":{"rendered":"Filefactory Premium Compte: Le Filehoster En Un Coup D&rsquo;\u0153il"},"content":{"rendered":"\n<figure class=\"wp-block-image\"><img src=\"https:\/\/lh5.googleusercontent.com\/E_85ShbDJEwMU3bWL8XisrxKHczS1iTxaFdenH1gnImK_rmTuC_IeeXrYvd0MMxfD6MnFUPT7vbxcxsNQx0qOiylgHATd69Q35KgcHcTqoHy_QPLocrlW5mP43UHW8UwJrGYtgk\" alt=\"FileFactory Logo\"\/><\/figure>\n\n\n<a class=\"maxbutton-2 maxbutton maxbutton-cta\" target=\"_blank\" rel=\"nofollow noopener\" href=\"\/go\/\"><span class='mb-text'>&gt;&gt; Acc\u00e9der au site original de Linkifier<\/span><\/a>\n\n\n<p><\/p>\n\n\n\n<h2>A propos de FileFactory<\/h2>\n\n\n\n<p>FileFactory est un service gratuit de stockage et d&rsquo;h\u00e9bergement de fichiers. Il a \u00e9t\u00e9 fond\u00e9 et lanc\u00e9 en 2005. Il est bas\u00e9 \u00e0 la place de Hong Kong, sur l&rsquo;\u00eele de Hong Kong.<\/p>\n\n\n\n<p>Les personnes qui sont enregistr\u00e9es comme membres de la FileFactory et m\u00eame les personnes non enregistr\u00e9es ou anonymes du monde entier peuvent y acc\u00e9der en ligne. Les utilisateurs peuvent y t\u00e9l\u00e9charger ou lire en continu sans limite et s&rsquo;ils sont membres premium, il n&rsquo;y a pas de limite de bande passante ou de t\u00e9l\u00e9chargement. <\/p>\n\n\n\n<h3><strong>Caract\u00e9ristiques<\/strong><\/h3>\n\n\n\n<ol><li>La fonction TrafficShare<\/li><li> Diffusion et t\u00e9l\u00e9chargement illimit\u00e9s<\/li><li> Une interface utilisateur simple et facile \u00e0 utiliser<\/li><li> Capacit\u00e9 de stockage illimit\u00e9e<\/li><li> Recherche et gestion de fichiers (uniquement pour les utilisateurs enregistr\u00e9s de FileFactory)<\/li><li> Panneau de contr\u00f4le<\/li><li> Cr\u00e9ation d&rsquo;un r\u00e9pertoire de fichiers ou de dossiers<\/li><li> Possibilit\u00e9 de t\u00e9l\u00e9charger plusieurs dossiers ou fichiers de tous types<\/li><li> M\u00e9thode de t\u00e9l\u00e9chargement \u00e0 distance<\/li><li> Statistiques<\/li><li> Programme d&rsquo;affiliation et d&rsquo;orientation pour gagner de l&rsquo;argent<\/li><\/ol>\n\n\n\n<h3><strong>Langues soutenues<\/strong><\/h3>\n\n\n\n<ul><li>Anglais<\/li><li> Danois<\/li><li> N\u00e9erlandais<\/li><li> Fran\u00e7ais<\/li><li> Allemand<\/li><li> Japonais<\/li><li> Norv\u00e9gien<\/li><li> Portugais<\/li><li> Su\u00e9dois<\/li><li> Espagnol<\/li><\/ul>\n\n\n\n<h3><strong>Navigateurs web support\u00e9s par FileFactory<\/strong><\/h3>\n\n\n\n<figure class=\"wp-block-table\"><table class=\"\"><tbody><tr><td>Google Chrome (fortement recommand\u00e9)<\/td><td>Mozilla Firefox (recommand\u00e9)<\/td><\/tr><tr><td>Microsoft Edge<\/td><td>Safari<\/td><\/tr><\/tbody><\/table><\/figure>\n\n\n\n<p>FileFactory recommande aux utilisateurs de mettre \u00e0 jour les versions de leurs navigateurs web afin d&rsquo;obtenir et de profiter des derni\u00e8res fonctionnalit\u00e9s, fonctions et services de FileFactory.<\/p>\n\n\n\n<h2>Part du trafic de FileFactory<\/h2>\n\n\n\n<p>TrafficShare est l&rsquo;une des meilleures fonctionnalit\u00e9s de FileFactory car il peut vous donner la vitesse la plus rapide pour t\u00e9l\u00e9charger un fichier. Lorsque cette fonction est activ\u00e9e, la FileFactory donne aux utilisateurs 100 Go de donn\u00e9es par mois.<\/p>\n\n\n\n<p>Les membres du compte Premium de FileFactory peuvent toujours profiter de la vitesse, de la bande passante et des t\u00e9l\u00e9chargements illimit\u00e9s de fichiers de FileFactory sans publicit\u00e9 ni limite, alors que les membres du compte gratuit de FileFactory ne le peuvent pas, mais FileFactory a un moyen pour les comptes gratuits de b\u00e9n\u00e9ficier des m\u00eames avantages avec les comptes Premium. <\/p>\n\n\n\n<h3>Comment activer la fonction TrafficShare de FileFactory ?<\/h3>\n\n\n\n<p>Pour activer la fonction FileFactory TrafficShare pour tous les dossiers et fichiers, suivez les \u00e9tapes ci-dessous :<\/p>\n\n\n\n<ol><li>Allez sur le site de FileFactory.<\/li><li> Aller \u00e0 la page de compte FileFactory.<\/li><li> Allez \u00e0 la page R\u00e9sum\u00e9 de la page de compte de FileFactory.<\/li><li> Trouvez le bouton \u00ab\u00a0TrafficShare\u00a0\u00bb et basculez le pour l&rsquo;activer.<\/li><\/ol>\n\n\n\n<p>Pour activer la fonction FileFactory TrafficShare pour un dossier et un fichier sp\u00e9cifique, suivez les \u00e9tapes ci-dessous :<\/p>\n\n\n\n<ol><li>Allez dans le dossier ou le fichier que vous souhaitez activer le TrafficShare.<\/li><li> Cliquez avec le bouton droit de la souris sur le nom du dossier pour afficher les options.<\/li><li> Choisissez et cliquez sur \u00ab\u00a0Param\u00e8tres\u00a0\u00bb.<\/li><li> Cliquez sur \u00ab\u00a0Activer TrafficShare\u00a0\u00bb.<\/li><\/ol>\n\n\n\n<h2>Comptes FileFactory<\/h2>\n\n\n\n<figure class=\"wp-block-table\"><table class=\"\"><tbody><tr><td>Compte gratuit FileFactory<\/td><td>Compte premium FileFactory<\/td><\/tr><tr><td>Le prix est gratuit<br> A de nombreuses annonces ou popups<br> a un nombre limit\u00e9 de t\u00e9l\u00e9chargements mais dispose d&rsquo;une bonne bande passante et de bonnes vitesses de t\u00e9l\u00e9chargement<br> T\u00e9l\u00e9chargement rapide<br> Ne dispose pas de fonction de t\u00e9l\u00e9chargement direct pour lancer instantan\u00e9ment le t\u00e9l\u00e9chargement des fichiers<br> Il ne peut pas reprendre des t\u00e9l\u00e9chargements interrompus ou cass\u00e9s, ou mis en pause ou arr\u00eat\u00e9s, en utilisant un gestionnaire de t\u00e9l\u00e9chargement ou un logiciel quelconque.<br> Poss\u00e8de la fonction TrafficShare<br> Les fichiers des utilisateurs sont conserv\u00e9s dans les serveurs de FileFactory pendant trente (30) jours seulement. Si un fichier n&rsquo;a pas \u00e9t\u00e9 t\u00e9l\u00e9charg\u00e9 par un utilisateur dans ce d\u00e9lai, le fichier sera automatiquement supprim\u00e9 par le syst\u00e8me FileFactory. Le t\u00e9l\u00e9chargement complet ou int\u00e9gral du fichier fera que le fichier sera conserv\u00e9 et gard\u00e9 dans les serveurs de FileFactory pendant trente (30) jours suppl\u00e9mentaires. Ainsi, si un utilisateur continue \u00e0 t\u00e9l\u00e9charger des fichiers, les fichiers seront toujours actifs.<\/td><td>Les utilisateurs doivent payer pour cela, mais re\u00e7oivent la totalit\u00e9 des prestations.<br> N&rsquo;a pas d&rsquo;annonces ou de popups<br> dispose d&rsquo;un nombre optimal et illimit\u00e9 de t\u00e9l\u00e9chargements, de largeurs de bande et de vitesses de t\u00e9l\u00e9chargement illimit\u00e9es<br> T\u00e9l\u00e9chargement plus rapide<br> dispose d&rsquo;une fonction de t\u00e9l\u00e9chargement direct pour lancer instantan\u00e9ment le t\u00e9l\u00e9chargement des fichiers<br> Il peut reprendre les t\u00e9l\u00e9chargements interrompus ou bris\u00e9s ou mis en pause ou arr\u00eat\u00e9s \u00e0 l&rsquo;aide de n&rsquo;importe quel gestionnaire de t\u00e9l\u00e9chargement ou logiciel.<br> Poss\u00e8de la fonction TrafficShare<br> Les fichiers des utilisateurs sont conserv\u00e9s dans les serveurs de FileFactory pendant une longue p\u00e9riode, tant que le compte FileFactory Premium de l&rsquo;utilisateur est actif et si le compte FileFactory Premium de l&rsquo;utilisateur n&rsquo;est pas encore expir\u00e9.<br><br><br><\/td><\/tr><\/tbody><\/table><\/figure>\n\n\n\n<h3><strong>Acc\u00e8s au compte FileFactory<\/strong><\/h3>\n\n\n\n<p>Les comptes FileFactory Free et FileFactory Premium peuvent \u00eatre accessibles sur plusieurs appareils tels que des ordinateurs de bureau, des ordinateurs portables, des tablettes ou des t\u00e9l\u00e9phones mobiles, mais la fonction de \u00ab\u00a0connexion unique\u00a0\u00bb de FileFactory n&rsquo;autorise qu&rsquo;un seul appareil pour un compte \u00e0 la fois. Si le m\u00eame compte est connect\u00e9 \u00e0 diff\u00e9rents appareils, le compte connect\u00e9 \u00e0 partir d&rsquo;autres appareils sera automatiquement d\u00e9connect\u00e9 par le syst\u00e8me FileFactory et seule la session active restera ouverte.<\/p>\n\n\n\n<h3><strong>Liens de t\u00e9l\u00e9chargement de FileFactory Premium<\/strong><\/h3>\n\n\n\n<p>Les liens sont importants pour localiser et acc\u00e9der \u00e0 un dossier ou \u00e0 un fichier sp\u00e9cifique.<\/p>\n\n\n\n<p>Les liens de t\u00e9l\u00e9chargement FileFactory Premium sont g\u00e9n\u00e9r\u00e9s lorsqu&rsquo;il est n\u00e9cessaire de t\u00e9l\u00e9charger en utilisant un compte FileFactory Premium.<\/p>\n\n\n\n<p>Il existe deux (2) types de liens de t\u00e9l\u00e9chargement :<\/p>\n\n\n\n<ol><li>Liens directs<\/li><li> Liens normaux &#8211; Ces liens n&rsquo;expirent pas et sont utilis\u00e9s pour g\u00e9n\u00e9rer un lien de t\u00e9l\u00e9chargement Premium d&rsquo;un dossier ou d&rsquo;un fichier.<\/li><\/ol>\n\n\n\n<h3><strong>FileFactory Premium Compte <\/strong><\/h3>\n\n\n\n<p>La souscription aux plans Premium de FileFactory donne acc\u00e8s au compte Premium de FileFactory.<\/p>\n\n\n\n<p><strong>Plans de comptes premium FileFactory<\/strong><\/p>\n\n\n\n<figure class=\"wp-block-table\"><table class=\"\"><tbody><tr><td>Nombre de jours<\/td><td>Prix en USD<\/td><td>Prix par mois<\/td><td>Rebills<\/td><td>Avantages<\/td><\/tr><tr><td>30<\/td><td>$13<\/td><td>$13<\/td><td>tous les 30 jours<\/td><td>Pas de limites de vitesse et de t\u00e9l\u00e9chargement<br> Pas de popups<\/td><\/tr><tr><td>90<\/td><td>$35<\/td><td>$12<\/td><td>tous les 90 jours<\/td><td>Pas de limites de vitesse et de t\u00e9l\u00e9chargement<br> Pas de popups<\/td><\/tr><tr><td>180<\/td><td>$59<\/td><td>$10<\/td><td>tous les 180 jours<\/td><td>Pas de limites de vitesse et de t\u00e9l\u00e9chargement<br> Pas de popups<\/td><\/tr><tr><td>365<\/td><td>$94<\/td><td>$8<\/td><td>tous les 365 jours<\/td><td>Pas de limites de vitesse et de t\u00e9l\u00e9chargement<br> Pas de popups<\/td><\/tr><\/tbody><\/table><\/figure>\n\n\n\n<p>L&rsquo;abonnement de l&rsquo;utilisateur au plan sera automatiquement renouvel\u00e9 \u00e0 la fin de chaque nombre de jours. Cependant, un utilisateur peut annuler son abonnement, mais il aura toujours acc\u00e8s au compte FileFactory Premium jusqu&rsquo;\u00e0 la date d&rsquo;expiration du plan FileFactory Premium. Une fois que le plan Premium FileFactory pay\u00e9 prend fin, le compte Premium FileFactory de l&rsquo;utilisateur deviendra inactif.<\/p>\n\n\n\n<p>De plus, si un compte FileFactory Premium expire, les dossiers et les fichiers du compte seront d\u00e9finitivement supprim\u00e9s. FileFactory conseille donc \u00e0 ses membres de v\u00e9rifier et de s&rsquo;assurer que le paiement de leur plan FileFactory est toujours \u00e0 jour.<\/p>\n\n\n<a class=\"maxbutton-2 maxbutton maxbutton-cta\" target=\"_blank\" rel=\"nofollow noopener\" href=\"\/go\/\"><span class='mb-text'>&gt;&gt; Acc\u00e9der au site original de Linkifier<\/span><\/a>\n\n\n<p><\/p>\n\n\n\n<h2>Comparer les comptes de FileFactory<\/h2>\n\n\n\n<figure class=\"wp-block-table\"><table class=\"\"><tbody><tr><td>CARACT\u00c9RISTIQUES<\/td><td>\u00a0Anonyme<br> (Type d&rsquo;utilisateur)<\/td><td>Gratuit(Type d&rsquo;utilisateur)<\/td><td>Premium (Type d&rsquo;utilisateur)<\/td><\/tr><tr><td>Vitesse de t\u00e9l\u00e9chargement<\/td><td>Jusqu&rsquo;\u00e0 50 KB<\/td><td>Jusqu&rsquo;\u00e0 100 KB<\/td><td>Sans limites<\/td><\/tr><tr><td>Nombre de t\u00e9l\u00e9chargements<\/td><td>1<\/td><td>1<\/td><td>Sans limites<\/td><\/tr><tr><td>D\u00e9lai de conservation des fichiers<\/td><td>Aucune<\/td><td>30 jours<\/td><td>Sans limites<\/td><\/tr><tr><td>Taille prise en charge d&rsquo;un dossier ou d&rsquo;un fichier \u00e0 t\u00e9l\u00e9charger<\/td><td>Non<\/td><td>5 GB<\/td><td>5 GB<\/td><\/tr><tr><td>Taille support\u00e9e d&rsquo;un dossier ou d&rsquo;un fichier \u00e0 t\u00e9l\u00e9charger<\/td><td>5 GB<\/td><td>5 GB<\/td><td>5 GB<\/td><\/tr><tr><td>Le gestionnaire de t\u00e9l\u00e9chargement<\/td><td>Non<\/td><td>Non<\/td><td>Oui<\/td><\/tr><tr><td>Le r\u00e9sum\u00e9 du t\u00e9l\u00e9chargement<\/td><td>Non<\/td><td>Non<\/td><td>Oui<\/td><\/tr><tr><td>Liens de t\u00e9l\u00e9chargement direct<\/td><td>Non<\/td><td>Non<\/td><td>Oui<\/td><\/tr><tr><td>Nombre de <a rel=\"noreferrer noopener\" aria-label=\"banni\u00e8res publicitaires (opens in a new tab)\" href=\"https:\/\/www.investopedia.com\/terms\/b\/banneradvertising.asp\" target=\"_blank\">banni\u00e8res publicitaires<\/a> et de <a rel=\"noreferrer noopener\" aria-label=\"popups (opens in a new tab)\" href=\"https:\/\/www.webopedia.com\/TERM\/P\/popup_ad.html\" target=\"_blank\">popups<\/a><\/td><td>Nombreux<\/td><td>Peu<\/td><td>Aucune<\/td><\/tr><tr><td>T\u00e9l\u00e9charger des fichiers en utilisant le <a rel=\"noreferrer noopener\" aria-label=\"protocole de transfert de fichiers (FTP) (opens in a new tab)\" href=\"https:\/\/www.techopedia.com\/definition\/1872\/file-transfer-protocol-ftp\" target=\"_blank\">protocole de transfert de fichiers (FTP)<\/a><\/td><td>Non<\/td><td>Non<\/td><td>Oui<\/td><\/tr><tr><td>Poss\u00e8de un t\u00e9l\u00e9chargeur de bo\u00eetes de fichiers<\/td><td>Non<\/td><td>Yes<\/td><td>Oui<\/td><\/tr><tr><td>Priorit\u00e9 de soutien<\/td><td>Non<\/td><td>Non<\/td><td>Oui<\/td><\/tr><tr><td>Fichiers avec gestion des dossiers<\/td><td>Non<\/td><td>Oui<\/td><td>Oui<\/td><\/tr><tr><td>Suppression et renommage des fichiers<\/td><td>Non<\/td><td>Oui<\/td><td>Oui<\/td><\/tr><\/tbody><\/table><\/figure>\n\n\n\n<p>*KB signifie Kilooctets<br> *GB signifie Gigaoctets<\/p>\n\n\n\n<h2>Paiements pour FileFactory <\/h2>\n\n\n\n<p>FileFactory accepte et supporte tous les types de cartes de cr\u00e9dit, Paypal, et les revendeurs FileFactory v\u00e9rifi\u00e9s pour les transactions de paiement.<\/p>\n\n\n\n<h2>Gagnez de l&rsquo;argent en utilisant FileFactory<\/h2>\n\n\n\n<p>Gagner ici sur FileFactory est autoris\u00e9 pour les comptes FileFactory Free et FileFactory Premium.<\/p>\n\n\n\n<p>Vous trouverez ci-dessous deux (2) fa\u00e7ons de gagner de l&rsquo;argent en utilisant la FileFactory :<\/p>\n\n\n\n<h3>1. Paiement par vente\u00a0<\/h3>\n\n\n\n<p>La commission de paiement par vente est ici de quatre-vingt-dix pour cent (90 %) pour tous les utilisateurs qui ont de nouvelles ventes et pour tous les dossiers et r\u00e9f\u00e9rences, elle est de cinquante pour cent (50 %) en fonction des sessions. <\/p>\n\n\n\n<p>Ceci est fourni avec le programme d&rsquo;affiliation. Le suivi automatique des liens affili\u00e9s et des t\u00e9l\u00e9chargements de fichiers sera bas\u00e9 sur chaque session utilisant des cookies du site.<\/p>\n\n\n\n<h3>2. Paiement par t\u00e9l\u00e9chargement<\/h3>\n\n\n\n<p>Les utilisateurs peuvent b\u00e9n\u00e9ficier des tarifs ci-dessous pour chaque mille (1000) t\u00e9l\u00e9chargements de fichiers selon les groupes de pays.<\/p>\n\n\n\n<p>TAUX DES GROUPES DE PAYS (A-D)<\/p>\n\n\n\n<figure class=\"wp-block-table\"><table class=\"\"><tbody><tr><td>Taille d&rsquo;un fichier<\/td><td>A<\/td><td>B<\/td><td>C<\/td><td>D<\/td><\/tr><tr><td>10 MB &#8211; 299 MB<\/td><td>$5<\/td><td>$3<\/td><td>$1<\/td><td>$0.50<\/td><\/tr><tr><td>300 MB &#8211; 499 MB<\/td><td>$10<\/td><td>$6<\/td><td>$1<\/td><td>$0.50<\/td><\/tr><tr><td>500 MB &#8211; 999 MB<\/td><td>$20<\/td><td>$7<\/td><td>$2<\/td><td>$0.50<\/td><\/tr><tr><td>Plus de 1 GB<\/td><td>$40<\/td><td>$10<\/td><td>$3<\/td><td>$1<\/td><\/tr><\/tbody><\/table><\/figure>\n\n\n\n<figure class=\"wp-block-table\"><table class=\"\"><tbody><tr><td>Pour les pays d&rsquo;Am\u00e9rique, l&rsquo;Australie, le Canada et le Royaume-Uni (U.K.), ils font partie du Groupe A.<br> Pour les pays d&rsquo;Allemagne, d&rsquo;Autriche, de Belgique, du Danemark, d&rsquo;Espagne, de Finlande, de France, de Gr\u00e8ce, d&rsquo;Italie, du Japon, de Norv\u00e8ge, de Nouvelle-Z\u00e9lande, des Pays-Bas, de Russie, de Su\u00e8de et de Suisse, ils font partie du groupe B<br> Pour les pays suivants : Afrique du Sud, Argentine, Br\u00e9sil, Chypre, Hong Kong, Irlande, Isra\u00ebl, Malaisie, Maurice, Mexique, Pologne, Portugal, R\u00e9publique tch\u00e8que, Singapour et Turquie, ils appartiennent au groupe C<br> Pour tous les autres pays non mentionn\u00e9s dans les groupes A, B et C, ceux-ci appartiennent au groupe D.<\/td><\/tr><\/tbody><\/table><\/figure>\n\n\n\n<p>*MB = M\u00e9gaoctets *GB = Gigaoctets<\/p>\n\n\n\n<p>Pour qu&rsquo;un t\u00e9l\u00e9chargement soit pris en compte et qualifi\u00e9, lisez les r\u00e8gles de t\u00e9l\u00e9chargement payant ci-dessous.<\/p>\n\n\n\n<figure class=\"wp-block-table\"><table class=\"\"><tbody><tr><td>Compte gratuit FileFactory \/ Membre anonyme <\/td><td>Membre du compte premium FileFactory<\/td><\/tr><tr><td>Si un membre gratuit ou anonyme t\u00e9l\u00e9charge le m\u00eame fichier dans les 24 heures, il sera compt\u00e9 pour 1.<br> Si un membre gratuit ou anonyme t\u00e9l\u00e9charge 5 fichiers diff\u00e9rents en 24 heures, il sera compt\u00e9 pour 5.<br> Si diff\u00e9rents membres gratuits ou anonymes t\u00e9l\u00e9chargent 5 fois le m\u00eame fichier en 24 heures, cela comptera pour 5.<br> Le t\u00e9l\u00e9chargement des fichiers de l&rsquo;utilisateur dans son compte FileFactory n&rsquo;est pas compt\u00e9.<\/td><td>Si un membre Premium t\u00e9l\u00e9charge 5 fois le m\u00eame fichier en 24 heures, il sera compt\u00e9 pour 1.<br> Si un membre Premium t\u00e9l\u00e9charge 5 fichiers diff\u00e9rents en 24 heures, il sera compt\u00e9 pour 5.<br> Si diff\u00e9rents membres Premium t\u00e9l\u00e9chargent 5 fois le m\u00eame fichier en 24 heures, cela sera compt\u00e9 comme 5.<br> Le t\u00e9l\u00e9chargement des fichiers de l&rsquo;utilisateur dans son compte FileFactory n&rsquo;est pas compt\u00e9.<\/td><\/tr><\/tbody><\/table><\/figure>\n\n\n\n<p>TIPS :<\/p>\n\n\n\n<ol><li>T\u00e9l\u00e9chargez des fichiers qui sont populaires ou \u00e0 la mode \u00e0 l&rsquo;heure actuelle.<\/li><li> Utiliser des strat\u00e9gies de marketing et de partage telles que le courrier \u00e9lectronique, les blogs, les m\u00e9dias sociaux comme Facebook et Twitter, et d&rsquo;autres moyens pour augmenter le nombre d&rsquo;actions, de spectateurs et de t\u00e9l\u00e9chargements.<\/li><\/ol>\n\n\n\n<h2>Centre de soutien de FileFactory <\/h2>\n\n\n\n<p>Les utilisateurs de FileFactory peuvent contacter le centre de support de la FileFactory s&rsquo;ils ont des probl\u00e8mes ou des questions. Ils peuvent \u00e9galement se rendre sur la page des questions fr\u00e9quemment pos\u00e9es (FAQ) de la FileFactory pour lire certaines informations des diff\u00e9rents articles sur la FileFactory et trouver des r\u00e9ponses.<\/p>\n\n\n<a class=\"maxbutton-2 maxbutton maxbutton-cta\" target=\"_blank\" rel=\"nofollow noopener\" href=\"\/go\/\"><span class='mb-text'>&gt;&gt; Acc\u00e9der au site original de Linkifier<\/span><\/a>\n\n\n<p><\/p>\n","protected":false},"excerpt":{"rendered":"<p>A propos de FileFactory FileFactory est un service gratuit de stockage et d&rsquo;h\u00e9bergement de fichiers. Il a \u00e9t\u00e9 fond\u00e9 et<\/p>\n","protected":false},"author":2,"featured_media":0,"parent":0,"menu_order":0,"comment_status":"closed","ping_status":"closed","template":"","meta":[],"yoast_head":"<!-- This site is optimized with the Yoast SEO plugin v18.3 - https:\/\/yoast.com\/wordpress\/plugins\/seo\/ -->\n<title>Filefactory Premium Compte: Le Filehoster En Un Coup D&#039;\u0153il<\/title>\n<meta name=\"description\" content=\"Filefactory est-il un fournisseur r\u00e9put\u00e9 ou non, vous pouvez trouver la r\u00e9ponse dans le test actuel sur Multihoster.org \u279c Cliquez maintenant sur \u271a pour lire nos exp\u00e9riences !\" \/>\n<meta name=\"robots\" content=\"index, follow, max-snippet:-1, max-image-preview:large, max-video-preview:-1\" \/>\n<link rel=\"canonical\" href=\"https:\/\/multihoster.org\/fr\/filefactory-2\/\" \/>\n<meta property=\"og:locale\" content=\"fr_FR\" \/>\n<meta property=\"og:type\" content=\"article\" \/>\n<meta property=\"og:title\" content=\"Filefactory Premium Compte: Le Filehoster En Un Coup D&#039;\u0153il\" \/>\n<meta property=\"og:description\" content=\"Filefactory est-il un fournisseur r\u00e9put\u00e9 ou non, vous pouvez trouver la r\u00e9ponse dans le test actuel sur Multihoster.org \u279c Cliquez maintenant sur \u271a pour lire nos exp\u00e9riences !\" \/>\n<meta property=\"og:url\" content=\"https:\/\/multihoster.org\/fr\/filefactory-2\/\" \/>\n<meta property=\"og:site_name\" content=\"Multihoster.org\" \/>\n<meta property=\"article:modified_time\" content=\"2020-04-22T12:37:24+00:00\" \/>\n<meta property=\"og:image\" content=\"https:\/\/lh5.googleusercontent.com\/E_85ShbDJEwMU3bWL8XisrxKHczS1iTxaFdenH1gnImK_rmTuC_IeeXrYvd0MMxfD6MnFUPT7vbxcxsNQx0qOiylgHATd69Q35KgcHcTqoHy_QPLocrlW5mP43UHW8UwJrGYtgk\" \/>\n<meta name=\"twitter:card\" content=\"summary\" \/>\n<meta name=\"twitter:label1\" content=\"Dur\u00e9e de lecture estim\u00e9e\" \/>\n\t<meta name=\"twitter:data1\" content=\"9 minutes\" \/>\n<script type=\"application\/ld+json\" class=\"yoast-schema-graph\">{\"@context\":\"https:\/\/schema.org\",\"@graph\":[{\"@type\":\"WebSite\",\"@id\":\"https:\/\/multihoster.org\/#website\",\"url\":\"https:\/\/multihoster.org\/\",\"name\":\"Multihoster.org\",\"description\":\"Reviews of the major Filehosting services\",\"potentialAction\":[{\"@type\":\"SearchAction\",\"target\":{\"@type\":\"EntryPoint\",\"urlTemplate\":\"https:\/\/multihoster.org\/?s={search_term_string}\"},\"query-input\":\"required name=search_term_string\"}],\"inLanguage\":\"fr-FR\"},{\"@type\":\"ImageObject\",\"@id\":\"https:\/\/multihoster.org\/fr\/filefactory-2\/#primaryimage\",\"inLanguage\":\"fr-FR\",\"url\":\"https:\/\/lh5.googleusercontent.com\/E_85ShbDJEwMU3bWL8XisrxKHczS1iTxaFdenH1gnImK_rmTuC_IeeXrYvd0MMxfD6MnFUPT7vbxcxsNQx0qOiylgHATd69Q35KgcHcTqoHy_QPLocrlW5mP43UHW8UwJrGYtgk\",\"contentUrl\":\"https:\/\/lh5.googleusercontent.com\/E_85ShbDJEwMU3bWL8XisrxKHczS1iTxaFdenH1gnImK_rmTuC_IeeXrYvd0MMxfD6MnFUPT7vbxcxsNQx0qOiylgHATd69Q35KgcHcTqoHy_QPLocrlW5mP43UHW8UwJrGYtgk\"},{\"@type\":\"WebPage\",\"@id\":\"https:\/\/multihoster.org\/fr\/filefactory-2\/#webpage\",\"url\":\"https:\/\/multihoster.org\/fr\/filefactory-2\/\",\"name\":\"Filefactory Premium Compte: Le Filehoster En Un Coup D'\u0153il\",\"isPartOf\":{\"@id\":\"https:\/\/multihoster.org\/#website\"},\"primaryImageOfPage\":{\"@id\":\"https:\/\/multihoster.org\/fr\/filefactory-2\/#primaryimage\"},\"datePublished\":\"2020-04-15T11:45:16+00:00\",\"dateModified\":\"2020-04-22T12:37:24+00:00\",\"description\":\"Filefactory est-il un fournisseur r\u00e9put\u00e9 ou non, vous pouvez trouver la r\u00e9ponse dans le test actuel sur Multihoster.org \u279c Cliquez maintenant sur \u271a pour lire nos exp\u00e9riences !\",\"breadcrumb\":{\"@id\":\"https:\/\/multihoster.org\/fr\/filefactory-2\/#breadcrumb\"},\"inLanguage\":\"fr-FR\",\"potentialAction\":[{\"@type\":\"ReadAction\",\"target\":[\"https:\/\/multihoster.org\/fr\/filefactory-2\/\"]}]},{\"@type\":\"BreadcrumbList\",\"@id\":\"https:\/\/multihoster.org\/fr\/filefactory-2\/#breadcrumb\",\"itemListElement\":[{\"@type\":\"ListItem\",\"position\":1,\"name\":\"Startseite\",\"item\":\"https:\/\/multihoster.org\/fr\/\"},{\"@type\":\"ListItem\",\"position\":2,\"name\":\"Filefactory Premium Compte: Le Filehoster En Un Coup D&rsquo;\u0153il\"}]}]}<\/script>\n<!-- \/ Yoast SEO plugin. -->","yoast_head_json":{"title":"Filefactory Premium Compte: Le Filehoster En Un Coup D'\u0153il","description":"Filefactory est-il un fournisseur r\u00e9put\u00e9 ou non, vous pouvez trouver la r\u00e9ponse dans le test actuel sur Multihoster.org \u279c Cliquez maintenant sur \u271a pour lire nos exp\u00e9riences !","robots":{"index":"index","follow":"follow","max-snippet":"max-snippet:-1","max-image-preview":"max-image-preview:large","max-video-preview":"max-video-preview:-1"},"canonical":"https:\/\/multihoster.org\/fr\/filefactory-2\/","og_locale":"fr_FR","og_type":"article","og_title":"Filefactory Premium Compte: Le Filehoster En Un Coup D'\u0153il","og_description":"Filefactory est-il un fournisseur r\u00e9put\u00e9 ou non, vous pouvez trouver la r\u00e9ponse dans le test actuel sur Multihoster.org \u279c Cliquez maintenant sur \u271a pour lire nos exp\u00e9riences !","og_url":"https:\/\/multihoster.org\/fr\/filefactory-2\/","og_site_name":"Multihoster.org","article_modified_time":"2020-04-22T12:37:24+00:00","og_image":[{"url":"https:\/\/lh5.googleusercontent.com\/E_85ShbDJEwMU3bWL8XisrxKHczS1iTxaFdenH1gnImK_rmTuC_IeeXrYvd0MMxfD6MnFUPT7vbxcxsNQx0qOiylgHATd69Q35KgcHcTqoHy_QPLocrlW5mP43UHW8UwJrGYtgk"}],"twitter_card":"summary","twitter_misc":{"Dur\u00e9e de lecture estim\u00e9e":"9 minutes"},"schema":{"@context":"https:\/\/schema.org","@graph":[{"@type":"WebSite","@id":"https:\/\/multihoster.org\/#website","url":"https:\/\/multihoster.org\/","name":"Multihoster.org","description":"Reviews of the major Filehosting services","potentialAction":[{"@type":"SearchAction","target":{"@type":"EntryPoint","urlTemplate":"https:\/\/multihoster.org\/?s={search_term_string}"},"query-input":"required name=search_term_string"}],"inLanguage":"fr-FR"},{"@type":"ImageObject","@id":"https:\/\/multihoster.org\/fr\/filefactory-2\/#primaryimage","inLanguage":"fr-FR","url":"https:\/\/lh5.googleusercontent.com\/E_85ShbDJEwMU3bWL8XisrxKHczS1iTxaFdenH1gnImK_rmTuC_IeeXrYvd0MMxfD6MnFUPT7vbxcxsNQx0qOiylgHATd69Q35KgcHcTqoHy_QPLocrlW5mP43UHW8UwJrGYtgk","contentUrl":"https:\/\/lh5.googleusercontent.com\/E_85ShbDJEwMU3bWL8XisrxKHczS1iTxaFdenH1gnImK_rmTuC_IeeXrYvd0MMxfD6MnFUPT7vbxcxsNQx0qOiylgHATd69Q35KgcHcTqoHy_QPLocrlW5mP43UHW8UwJrGYtgk"},{"@type":"WebPage","@id":"https:\/\/multihoster.org\/fr\/filefactory-2\/#webpage","url":"https:\/\/multihoster.org\/fr\/filefactory-2\/","name":"Filefactory Premium Compte: Le Filehoster En Un Coup D'\u0153il","isPartOf":{"@id":"https:\/\/multihoster.org\/#website"},"primaryImageOfPage":{"@id":"https:\/\/multihoster.org\/fr\/filefactory-2\/#primaryimage"},"datePublished":"2020-04-15T11:45:16+00:00","dateModified":"2020-04-22T12:37:24+00:00","description":"Filefactory est-il un fournisseur r\u00e9put\u00e9 ou non, vous pouvez trouver la r\u00e9ponse dans le test actuel sur Multihoster.org \u279c Cliquez maintenant sur \u271a pour lire nos exp\u00e9riences !","breadcrumb":{"@id":"https:\/\/multihoster.org\/fr\/filefactory-2\/#breadcrumb"},"inLanguage":"fr-FR","potentialAction":[{"@type":"ReadAction","target":["https:\/\/multihoster.org\/fr\/filefactory-2\/"]}]},{"@type":"BreadcrumbList","@id":"https:\/\/multihoster.org\/fr\/filefactory-2\/#breadcrumb","itemListElement":[{"@type":"ListItem","position":1,"name":"Startseite","item":"https:\/\/multihoster.org\/fr\/"},{"@type":"ListItem","position":2,"name":"Filefactory Premium Compte: Le Filehoster En Un Coup D&rsquo;\u0153il"}]}]}},"_links":{"self":[{"href":"https:\/\/multihoster.org\/fr\/wp-json\/wp\/v2\/pages\/4251"}],"collection":[{"href":"https:\/\/multihoster.org\/fr\/wp-json\/wp\/v2\/pages"}],"about":[{"href":"https:\/\/multihoster.org\/fr\/wp-json\/wp\/v2\/types\/page"}],"author":[{"embeddable":true,"href":"https:\/\/multihoster.org\/fr\/wp-json\/wp\/v2\/users\/2"}],"replies":[{"embeddable":true,"href":"https:\/\/multihoster.org\/fr\/wp-json\/wp\/v2\/comments?post=4251"}],"version-history":[{"count":2,"href":"https:\/\/multihoster.org\/fr\/wp-json\/wp\/v2\/pages\/4251\/revisions"}],"predecessor-version":[{"id":4274,"href":"https:\/\/multihoster.org\/fr\/wp-json\/wp\/v2\/pages\/4251\/revisions\/4274"}],"wp:attachment":[{"href":"https:\/\/multihoster.org\/fr\/wp-json\/wp\/v2\/media?parent=4251"}],"curies":[{"name":"wp","href":"https:\/\/api.w.org\/{rel}","templated":true}]}}