{"id":4373,"date":"2020-04-16T15:45:17","date_gmt":"2020-04-16T15:45:17","guid":{"rendered":"https:\/\/multihoster.org\/fileboom-2\/"},"modified":"2020-04-23T09:58:41","modified_gmt":"2020-04-23T09:58:41","slug":"fileboom-2","status":"publish","type":"page","link":"https:\/\/multihoster.org\/fr\/fileboom-2\/","title":{"rendered":"FileBoom Premium Compte: Le Filehoster En Un Coup D&rsquo;\u0153il"},"content":{"rendered":"\n<div class=\"wp-block-image\"><figure class=\"aligncenter\"><img src=\"https:\/\/lh6.googleusercontent.com\/CxrQlUrEqHUGytbKIXRKTBE5iOTePxQV1007Gp6AtDosm-ZPTakFqyaZuB0n_18sdTGcoM65JLOGrxaR5iLyMvJjuM7sNzCR3WB645azwwUip3X9bdRsvVxmU0XR7L5oGDv9SH4\" alt=\"FileBoom logo\"\/><\/figure><\/div>\n\n\n<a class=\"maxbutton-2 maxbutton maxbutton-cta\" target=\"_blank\" rel=\"nofollow noopener\" href=\"\/go\/\"><span class='mb-text'>&gt;&gt; Acc\u00e9der au site original de Linkifier<\/span><\/a>\n\n\n<p><\/p>\n\n\n\n<h2>Pourquoi utiliser Fileboom ?<\/h2>\n\n\n\n<p>FileBoom est un site 100% s\u00fbr et s\u00e9curis\u00e9 \u00e0 100% pour le t\u00e9l\u00e9chargement, la conservation, le t\u00e9l\u00e9chargement et le partage de fichiers, qu&rsquo;ils soient importants ou non. <\/p>\n\n\n\n<p>Un utilisateur n&rsquo;a pas \u00e0 se soucier de ses donn\u00e9es car FileBoom peut offrir un stockage s\u00fbr \u00e0 100 % pour conserver les fichiers. Tous les fichiers et les t\u00e9l\u00e9chargements ici sont s\u00e9curis\u00e9s par l&rsquo;utilisation d&rsquo;une technologie de cryptage dans leur syst\u00e8me. Toutes les transactions sont s\u00e9curis\u00e9es car FileBoom utilise la technologie de cryptage Secure Sockets Layer ou SSL ainsi que la signature \u00e0 128 bits de <a rel=\"noreferrer noopener\" aria-label=\"VeriSign (opens in a new tab)\" href=\"https:\/\/en.wikipedia.org\/wiki\/Verisign\" target=\"_blank\">VeriSign<\/a>.<\/p>\n\n\n\n<p>Il dispose \u00e9galement d&rsquo;une vitesse et d&rsquo;une bande passante tr\u00e8s rapides pour chaque t\u00e9l\u00e9chargement d&rsquo;un fichier et il permet de transf\u00e9rer des fichiers en tr\u00e8s peu de temps. <\/p>\n\n\n\n<p>Si une personne souhaite enregistrer ses fichiers, elle peut le faire sur le site FileBoom. Ainsi, o\u00f9 qu&rsquo;elle se trouve et chaque fois qu&rsquo;elle aura besoin d&rsquo;un fichier \u00e0 envoyer ou \u00e0 partager ou \u00e0 visualiser ou \u00e0 pr\u00e9senter, elle pourra simplement acc\u00e9der au site FileBoom sans utiliser de cl\u00e9s USB ou tout autre support ou stockage externe et sans m\u00eame se soucier de la taille du fichier.<\/p>\n\n\n\n<p>En outre, le site FileBoom est accessible \u00e0 tout appareil via tout navigateur web \u00e0 l&rsquo;aide d&rsquo;une connexion internet.<\/p>\n\n\n\n<div class=\"wp-block-image\"><figure class=\"alignright\"><img src=\"https:\/\/lh4.googleusercontent.com\/TE6YeHqhuqCouM2nZVVNGTs4ttRgSZKicLQI_KLEQll3m-OHBUiiIjcUkQSRLG_SPn2DB5tEkreIrrB9os5WeBMjgpnMob9XSHjLMcUvl8x743gKUgkYLdaGA0m0ohjDaeDYJxI\" alt=\"FileBoom Languages\"\/><\/figure><\/div>\n\n\n\n<p>De plus, le site FileBoom supporte deux (2) langues diff\u00e9rentes. Il s&rsquo;agit de l&rsquo;anglais et du japonais. Un utilisateur peut basculer le bouton EN pour passer \u00e0 la langue anglaise et le caract\u00e8re japonais pour passer \u00e0 la langue japonaise.<\/p>\n\n\n\n<p>FileBoom permet \u00e0 ses utilisateurs d&rsquo;utiliser n&rsquo;importe quel outil de t\u00e9l\u00e9chargement ou acc\u00e9l\u00e9rateur de t\u00e9l\u00e9chargement pour acc\u00e9l\u00e9rer le processus de t\u00e9l\u00e9chargement. Un utilisateur peut utiliser le gestionnaire de t\u00e9l\u00e9chargement Internet ou IDM, JDownloader, Download Accelerator Plus, et autres.<\/p>\n\n\n\n<p>Types de t\u00e9l\u00e9chargement de fichiers sur le site FileBoom :<\/p>\n\n\n\n<ol><li>T\u00e9l\u00e9chargement de fichiers<\/li><li> T\u00e9l\u00e9chargement Flash<\/li><li> T\u00e9l\u00e9chargement \u00e0 distance<\/li><\/ol>\n\n\n\n<p>D\u00e9placement d&rsquo;un fichier sur le site FileBoom :<\/p>\n\n\n\n<p>Il existe deux (2) fa\u00e7ons de d\u00e9placer un ou plusieurs fichiers d&rsquo;un utilisateur.<\/p>\n\n\n\n<ol><li>Glisser-d\u00e9poser &#8211; Un utilisateur peut faire un glisser-d\u00e9poser pour d\u00e9placer un ou plusieurs fichiers vers un dossier sp\u00e9cifique. <\/li><li> Modifier &#8211; Un utilisateur peut s\u00e9lectionner un ou plusieurs fichiers, puis cliquer sur le bouton \u00ab\u00a0Modifier\u00a0\u00bb et choisir l&#8217;emplacement o\u00f9 il souhaite d\u00e9placer le ou les fichiers.<\/li><\/ol>\n\n\n\n<h2>FileBoom : Les comptes<\/h2>\n\n\n\n<p>FileBoom permet uniquement aux utilisateurs \u00e2g\u00e9s de treize ans ou plus d&rsquo;acc\u00e9der \u00e0 son site et \u00e0 ses services et n&rsquo;autorise pas les comptes multiples ou dupliqu\u00e9s des utilisateurs. Si FileBoom trouve un compte de ce type, il le supprime automatiquement. <\/p>\n\n\n\n<p>Si un utilisateur n&rsquo;a pas encore de compte sur FileBoom, il peut prendre le temps de remplir le formulaire d&rsquo;inscription de FileBoom pour cr\u00e9er son compte. Il ou elle doit entrer un nom complet valide, une adresse \u00e9lectronique et un mot de passe dans le formulaire d&rsquo;inscription de FileBoom et il ou elle doit entrer \u00e0 nouveau son mot de passe pour le v\u00e9rifier. L&rsquo;utilisateur doit cocher le bouton \u00ab\u00a0CREER UN COMPTE D&rsquo;UTILISATEUR\u00a0\u00bb pour soumettre les informations avec succ\u00e8s. Apr\u00e8s cela, l&rsquo;utilisateur aura son compte et aura acc\u00e8s aux fonctionnalit\u00e9s et services du site FileBoom.<\/p>\n\n\n\n<figure class=\"wp-block-image\"><img src=\"https:\/\/lh6.googleusercontent.com\/hkO2ARhvoeZjlFGjLUqs4RNsbgir12DHGPTMK_-lcBhYZdvcDJDy3-6W_23KDb2iHuY-znbGj0XnWYnmVz82bKOFxM20A5p7n0AiGRAnYH1KmELXbvGUwZw_DiOLGADl2uVlRUk\" alt=\"VK\"\/><\/figure>\n\n\n\n<p>Si un utilisateur poss\u00e8de d\u00e9j\u00e0 un compte sur Fileboom, il peut se rendre sur la page de connexion de FileBoom et saisir l&rsquo;adresse \u00e9lectronique de son compte et son mot de passe. Toutes les informations doivent \u00eatre correctement saisies pour que l&rsquo;utilisateur puisse se connecter au site de FileBoom. Un utilisateur peut \u00e9galement se connecter via Facebook, Twitter, VK et Google Plus. L&rsquo;utilisateur doit cocher le bouton \u00ab\u00a0Connexion\u00a0\u00bb pour acc\u00e9der \u00e0 son compte sur FileBoom. <\/p>\n\n\n\n<p>Si un utilisateur a des questions ou des probl\u00e8mes concernant l&rsquo;achat du compte FileBoom Premium, le moyen le plus rapide est de contacter le service client\u00e8le de FileBoom.<\/p>\n\n\n\n<figure class=\"wp-block-table\"><table class=\"\"><tbody><tr><td>Un utilisateur ne doit pas t\u00e9l\u00e9charger sur le site FileBoom des fichiers ou des contenus contenant de la violence ou de la pornographie et qui sont prot\u00e9g\u00e9s par des droits d&rsquo;auteur ou qui n&rsquo;ont pas la permission de les utiliser, de les partager ou de les t\u00e9l\u00e9charger. Si de tels fichiers sont trouv\u00e9s, FileBoom supprimera, r\u00e9siliera ou suspendra imm\u00e9diatement le compte de l&rsquo;utilisateur.<\/td><\/tr><\/tbody><\/table><\/figure>\n\n\n\n<p>FileBoom dispose de deux (2) types de comptes diff\u00e9rents : le compte gratuit FileBoom et le compte Premium FileBoom.<\/p>\n\n\n\n<p>Les diff\u00e9rences entre les deux sont :<\/p>\n\n\n\n<ul><li>Un utilisateur du compte FileBoom Premium peut t\u00e9l\u00e9charger plusieurs fichiers en m\u00eame temps, tandis qu&rsquo;un utilisateur du compte FileBoom Free ne peut t\u00e9l\u00e9charger qu&rsquo;un seul fichier \u00e0 la fois.<\/li><li> Un utilisateur du compte FileBoom Premium peut t\u00e9l\u00e9charger des fichiers plus rapidement qu&rsquo;un utilisateur du compte FileBoom Free.<\/li><li> Un utilisateur du compte FileBoom Free doit attendre combien de secondes avant de pouvoir t\u00e9l\u00e9charger un fichier, tandis qu&rsquo;un utilisateur du compte FileBoom Premium peut t\u00e9l\u00e9charger un fichier imm\u00e9diatement sans attendre quelques secondes.<\/li><li> Un utilisateur du compte FileBoom Free peut voir des publicit\u00e9s sur le site FileBoom tandis qu&rsquo;un utilisateur du compte FileBoom Premium peut t\u00e9l\u00e9charger un fichier imm\u00e9diatement sans attendre quelques secondes.<\/li><\/ul>\n\n\n\n<h3>Caract\u00e9ristiques des comptes FileBoom Free et FileBoom Premium<\/h3>\n\n\n\n<figure class=\"wp-block-table\"><table class=\"\"><tbody><tr><td>Type de compte FileBoom<\/td><td> Speed Rates for Downloads\u00a0 <\/td><td>D\u00e9but des t\u00e9l\u00e9chargements<\/td><td>Dispose d&rsquo;un acc\u00e9l\u00e9rateur pour les t\u00e9l\u00e9chargements ?<\/td><td>Vous avez un CV \u00e0 t\u00e9l\u00e9charger ?<\/td><td>T\u00e9l\u00e9chargement de plusieurs fichiers simultan\u00e9ment<\/td><\/tr><tr><td>Compte gratuit<\/td><td>Trop lent<\/td><td>Le t\u00e9l\u00e9chargement commencera apr\u00e8s 30 secondes<\/td><td>X<\/td><td>X<\/td><td>X<\/td><\/tr><tr><td>Compte premium <\/td><td>Rapide<\/td><td>Le t\u00e9l\u00e9chargement commencera imm\u00e9diatement sans attendre quelques secondes<\/td><td>\u2713<\/td><td>\u2713<\/td><td>\u2713<\/td><\/tr><\/tbody><\/table><\/figure>\n\n\n\n<figure class=\"wp-block-table\"><table class=\"\"><tbody><tr><td>Type de compte FileBoom<\/td><td>T\u00e9l\u00e9chargement via FTP<\/td><td>T\u00e9l\u00e9chargement via HTTP<\/td><\/tr><tr><td>Compte gratuit <\/td><td>X<\/td><td>X<\/td><\/tr><tr><td>Compte premium <\/td><td>\u2713<\/td><td>\u2713<\/td><\/tr><\/tbody><\/table><\/figure>\n\n\n\n<figure class=\"wp-block-table\"><table class=\"\"><tbody><tr><td>Type de compte FileBoom<\/td><td>Type de dossier<\/td><td>Taille maximale d&rsquo;un dossier<\/td><td>Combien de temps les dossiers sont-ils conserv\u00e9s ?<\/td><\/tr><tr><td>Compte gratuit <\/td><td>Tout<\/td><td>500 Mo ou 0,5 Go<\/td><td>30 jours ou 1 mois<\/td><\/tr><tr><td>Compte premium <\/td><td>Tout<\/td><td>5000 MB ou 5 GB<\/td><td>90 jours ou 2 mois<\/td><\/tr><\/tbody><\/table><\/figure>\n\n\n\n<p>*MB est pour Megabytes et GB est pour Gigabytes<\/p>\n\n\n<a class=\"maxbutton-2 maxbutton maxbutton-cta\" target=\"_blank\" rel=\"nofollow noopener\" href=\"\/go\/\"><span class='mb-text'>&gt;&gt; Acc\u00e9der au site original de Linkifier<\/span><\/a>\n\n\n<p><\/p>\n\n\n\n<h3>Achat d&rsquo;un compte premium FileBoom<\/h3>\n\n\n\n<p>Un utilisateur peut s\u00e9lectionner l&rsquo;un des types de compte FileBoom Premium ci-dessous qu&rsquo;il ou elle souhaite acheter et utiliser. <\/p>\n\n\n\n<p>Les prix du compte premium FileBoom<\/p>\n\n\n\n<figure class=\"wp-block-table\"><table class=\"\"><tbody><tr><td>Nombre de jours ou de mois<\/td><td>Montant<\/td><td>Montant par jour<\/td><td>Frais ou charges cach\u00e9s<\/td><td>Est-ce que c&rsquo;est sans publicit\u00e9 ?<\/td><td>Est-il s\u00e9curis\u00e9 ?<\/td><\/tr><tr><td>3 jours<\/td><td>6,95 USD<\/td><td>2,32 USD<\/td><td>Aucune<\/td><td>Oui<\/td><td>Oui<\/td><\/tr><tr><td>1 mois<\/td><td>16,95 USD<\/td><td>0,56 USD<\/td><td>Aucune<\/td><td>Oui<\/td><td>Oui<\/td><\/tr><tr><td>2 mois<\/td><td>41,95 USD<\/td><td>0,47 USD<\/td><td>Aucune<\/td><td>Oui<\/td><td>Oui<\/td><\/tr><tr><td>12 mois<\/td><td>113,95 USD<\/td><td>0,31 USD<\/td><td>Aucune<\/td><td>Oui<\/td><td>Oui<\/td><\/tr><\/tbody><\/table><\/figure>\n\n\n\n<p>L&rsquo;achat et le paiement des utilisateurs sur FileBoom sont 100% s\u00e9curis\u00e9s et 100% s\u00fbrs \u00e9galement. Toutes les transactions, notamment financi\u00e8res, sont crypt\u00e9es, il n&rsquo;y a donc pas lieu de s&rsquo;inqui\u00e9ter.<\/p>\n\n\n\n<p>Un utilisateur peut payer en utilisant les options FileBoom suivantes pour le paiement :<\/p>\n\n\n\n<ul><li>PayPal<\/li><li> Revendeurs de FileBoom <\/li><li> Visa <\/li><li> MasterCard<\/li><li> American Express<\/li><li> Carte Discover<\/li><li> Japan Credit Bureau ou JCB <\/li><\/ul>\n\n\n\n<p>Apr\u00e8s un achat r\u00e9ussi du compte FileBoom Premium, un message de confirmation et un code d&rsquo;activation pour le compte FileBoom Premium seront envoy\u00e9s \u00e0 l&rsquo;adresse \u00e9lectronique de l&rsquo;utilisateur.<\/p>\n\n\n\n<p>Le revendeur de FileBoom ou FileBoom lui-m\u00eame enverra un code d&rsquo;activation de quarante (40) caract\u00e8res avec une combinaison de chiffres et de lettres \u00e0 l&rsquo;adresse \u00e9lectronique de l&rsquo;utilisateur. Si un utilisateur a pay\u00e9 avec succ\u00e8s le compte Premium FileBoom et ne re\u00e7oit pas le message de confirmation ou le code d&rsquo;activation, il doit contacter FileBoom ou le revendeur de FileBoom. En g\u00e9n\u00e9ral, le code d&rsquo;activation est envoy\u00e9 dans la bo\u00eete de r\u00e9ception d&rsquo;un courrier \u00e9lectronique, mais l&rsquo;utilisateur doit toujours v\u00e9rifier son dossier de courrier ind\u00e9sirable ou de pourriels.<\/p>\n\n\n\n<figure class=\"wp-block-image\"><img src=\"https:\/\/lh3.googleusercontent.com\/aVw7UisiyildOJQ6jCxSM7a218_0lqaVn9GFA6r7fXrj8C6ePpPlXaAWPAXoYbX0ShCg18os_IEhdos_4w8PJeHtEooP_XzaX-Uh4_QOa3vms97ZmSQJCaNTZDk4dGt1MKqs6Zk\" alt=\"\"\/><\/figure>\n\n\n\n<p>Un code d&rsquo;activation est tr\u00e8s important pour qu&rsquo;un utilisateur qui a achet\u00e9 le compte FileBoom Premium puisse activer et utiliser toutes ses fonctionnalit\u00e9s FileBoom Premium. Suivez les \u00e9tapes ci-dessous pour l&rsquo;activer.<\/p>\n\n\n\n<ol><li>Un utilisateur doit se rendre sur le site FileBoom pour se connecter \u00e0 son compte.<\/li><li> Allez \u00e0 la page d&rsquo;activation de FileBoom.<\/li><li> Voir l&rsquo;image ci-contre. \u2192<\/li><li> L&rsquo;utilisateur doit saisir l&rsquo;adresse \u00e9lectronique de son compte et le code d&rsquo;activation correct du compte FileBoom Premium.<\/li><li> Cochez la case \u00ab\u00a0Je ne suis pas un robot\u00a0\u00bb pour afficher le CAPTCHA. Suivez les instructions pour le CAPTCHA.<\/li><li> Enfin, un utilisateur doit cocher le bouton \u00ab\u00a0Soumettre\u00a0\u00bb pour soumettre le code d&rsquo;activation et FileBoom v\u00e9rifiera s&rsquo;il est valide.<\/li><\/ol>\n\n\n\n<p>S&rsquo;il s&rsquo;agit d&rsquo;un code d&rsquo;activation valide, le compte de l&rsquo;utilisateur sera certainement activ\u00e9 avec le compte FileBoom Premium et il pourra alors utiliser toutes les fonctionnalit\u00e9s et tous les services de FileBoom Premium.<\/p>\n\n\n\n<h2>Probl\u00e8mes lors de l&rsquo;acc\u00e8s au site FileBoom et aux fichiers<\/h2>\n\n\n\n<figure class=\"wp-block-table\"><table class=\"\"><tbody><tr><td>Erreur 401 ou \u00ab\u00a0401 non autoris\u00e9\u00a0\u00bb : URL temporaire non valide\u00a0\u00bb.<\/td><\/tr><\/tbody><\/table><\/figure>\n\n\n\n<p>Lorsqu&rsquo;un utilisateur t\u00e9l\u00e9charge un fichier mais que soudain il y a une erreur 401 ou \u00ab\u00a0401 non autoris\u00e9\u00a0\u00bb : Temp URL invalid\u00a0\u00bb appara\u00eet, cela se produit parce que le service FileBoom change constamment le protocole Internet ou les adresses IP de ses utilisateurs, ce qui fait penser au syst\u00e8me de s\u00e9curit\u00e9 de FileBoom qu&rsquo;un compte utilisateur a \u00e9t\u00e9 pirat\u00e9, alors le syst\u00e8me de s\u00e9curit\u00e9 de Fileboom va bloquer le lien actuel auquel un utilisateur acc\u00e8de.<\/p>\n\n\n\n<p>Dans ce cas, l&rsquo;\u00e9quipe de s\u00e9curit\u00e9 de Fileboom recommande aux utilisateurs d&rsquo;utiliser un <a rel=\"noreferrer noopener\" aria-label=\"r\u00e9seau priv\u00e9 virtuel (VPN) (opens in a new tab)\" href=\"https:\/\/www.cisco.com\/c\/en\/us\/products\/security\/vpn-endpoint-security-clients\/what-is-vpn.html\" target=\"_blank\">r\u00e9seau priv\u00e9 virtuel (VPN)<\/a> ou un <a rel=\"noreferrer noopener\" aria-label=\"serveur proxy (opens in a new tab)\" href=\"https:\/\/en.wikipedia.org\/wiki\/Proxy_server\" target=\"_blank\">serveur proxy<\/a> public pour acc\u00e9der au site FileBoom et \u00e0 ses fonctionnalit\u00e9s et services.<\/p>\n\n\n\n<p>Vous trouverez ci-dessous les r\u00e9seaux priv\u00e9s virtuels (VPN) recommand\u00e9s par FileBoom :<\/p>\n\n\n\n<ul><li>Hot VPN &#8211; Ce VPN est r\u00e9serv\u00e9 aux utilisateurs de FileBoom Premium). Il fonctionne bien et il est tr\u00e8s facile \u00e0 utiliser.<\/li><li> VPN CyberGhost<\/li><li> Bouclier des points chauds<\/li><\/ul>\n\n\n\n<p>Pour le serveur proxy public, les utilisateurs peuvent le param\u00e9trer sur les param\u00e8tres proxy de leur appareil : r\u00e9seau local, r\u00e9seau ou r\u00e9seau. <\/p>\n\n\n\n<figure class=\"wp-block-table\"><table class=\"\"><tbody><tr><td>Erreur 503<\/td><\/tr><\/tbody><\/table><\/figure>\n\n\n\n<p>Lorsqu&rsquo;un utilisateur t\u00e9l\u00e9charge un fichier mais obtient ensuite une erreur 503, c&rsquo;est que le serveur est en cours de maintenance. FileBoom sugg\u00e8re \u00e0 l&rsquo;utilisateur d&rsquo;essayer de t\u00e9l\u00e9charger le fichier la prochaine fois.<\/p>\n\n\n\n<figure class=\"wp-block-table\"><table class=\"\"><tbody><tr><td>\u00ab\u00a0D\u00e9sol\u00e9, ce fichier est bloqu\u00e9 ou supprim\u00e9\u00a0\u00bb<\/td><\/tr><\/tbody><\/table><\/figure>\n\n\n\n<p>Lorsqu&rsquo;un utilisateur ne peut pas t\u00e9l\u00e9charger un fichier sp\u00e9cifique, \u00e0 cause de ce message, c&rsquo;est que le fichier a d\u00e9j\u00e0 \u00e9t\u00e9 supprim\u00e9 par le t\u00e9l\u00e9chargeur ou simplement par le propri\u00e9taire de celui-ci. <\/p>\n\n\n\n<p>Le lien de t\u00e9l\u00e9chargement pour le fichier sp\u00e9cifique n&rsquo;est plus accessible. Un utilisateur peut envoyer un message \u00e0 l&rsquo;\u00e9quipe de FileBoom pour le demander. Il suffit de s&rsquo;assurer qu&rsquo;il inclura le lien de ce fichier, le message d&rsquo;erreur, la capture d&rsquo;\u00e9cran, le navigateur web qu&rsquo;il utilise et la version de celui-ci, ainsi que la description.<\/p>\n\n\n\n<h3>Vous avez un probl\u00e8me pour charger la page de t\u00e9l\u00e9chargement et le CAPTCHA ?<\/h3>\n\n\n\n<p>Si un utilisateur rencontre un probl\u00e8me pour charger la page de t\u00e9l\u00e9chargement du site FileBoom et les CAPTCHA, FileBoom lui sugg\u00e8re d&rsquo;essayer d&rsquo;acc\u00e9der ou d&rsquo;utiliser le site sur d&rsquo;autres navigateurs comme Internet Explorer (IE) ou Google Chrome.<\/p>\n\n\n<a class=\"maxbutton-2 maxbutton maxbutton-cta\" target=\"_blank\" rel=\"nofollow noopener\" href=\"\/go\/\"><span class='mb-text'>&gt;&gt; Acc\u00e9der au site original de Linkifier<\/span><\/a>\n\n\n<p><\/p>\n","protected":false},"excerpt":{"rendered":"<p>Pourquoi utiliser Fileboom ? FileBoom est un site 100% s\u00fbr et s\u00e9curis\u00e9 \u00e0 100% pour le t\u00e9l\u00e9chargement, la conservation, le<\/p>\n","protected":false},"author":2,"featured_media":0,"parent":0,"menu_order":0,"comment_status":"closed","ping_status":"closed","template":"","meta":[],"yoast_head":"<!-- This site is optimized with the Yoast SEO plugin v18.3 - https:\/\/yoast.com\/wordpress\/plugins\/seo\/ -->\n<title>FileBoom Premium Compte: Le Filehoster En Un Coup D&#039;\u0153il<\/title>\n<meta name=\"description\" content=\"FileBoom est-il un fournisseur r\u00e9put\u00e9 ou non, vous pouvez trouver la r\u00e9ponse dans le test actuel sur Multihoster.org \u279c Cliquez maintenant sur \u271a pour lire nos exp\u00e9riences !\" \/>\n<meta name=\"robots\" content=\"index, follow, max-snippet:-1, max-image-preview:large, max-video-preview:-1\" \/>\n<link rel=\"canonical\" href=\"https:\/\/multihoster.org\/fr\/fileboom-2\/\" \/>\n<meta property=\"og:locale\" content=\"fr_FR\" \/>\n<meta property=\"og:type\" content=\"article\" \/>\n<meta property=\"og:title\" content=\"FileBoom Premium Compte: Le Filehoster En Un Coup D&#039;\u0153il\" \/>\n<meta property=\"og:description\" content=\"FileBoom est-il un fournisseur r\u00e9put\u00e9 ou non, vous pouvez trouver la r\u00e9ponse dans le test actuel sur Multihoster.org \u279c Cliquez maintenant sur \u271a pour lire nos exp\u00e9riences !\" \/>\n<meta property=\"og:url\" content=\"https:\/\/multihoster.org\/fr\/fileboom-2\/\" \/>\n<meta property=\"og:site_name\" content=\"Multihoster.org\" \/>\n<meta property=\"article:modified_time\" content=\"2020-04-23T09:58:41+00:00\" \/>\n<meta property=\"og:image\" content=\"https:\/\/lh6.googleusercontent.com\/CxrQlUrEqHUGytbKIXRKTBE5iOTePxQV1007Gp6AtDosm-ZPTakFqyaZuB0n_18sdTGcoM65JLOGrxaR5iLyMvJjuM7sNzCR3WB645azwwUip3X9bdRsvVxmU0XR7L5oGDv9SH4\" \/>\n<meta name=\"twitter:card\" content=\"summary\" \/>\n<meta name=\"twitter:label1\" content=\"Dur\u00e9e de lecture estim\u00e9e\" \/>\n\t<meta name=\"twitter:data1\" content=\"9 minutes\" \/>\n<script type=\"application\/ld+json\" class=\"yoast-schema-graph\">{\"@context\":\"https:\/\/schema.org\",\"@graph\":[{\"@type\":\"WebSite\",\"@id\":\"https:\/\/multihoster.org\/#website\",\"url\":\"https:\/\/multihoster.org\/\",\"name\":\"Multihoster.org\",\"description\":\"Reviews of the major Filehosting services\",\"potentialAction\":[{\"@type\":\"SearchAction\",\"target\":{\"@type\":\"EntryPoint\",\"urlTemplate\":\"https:\/\/multihoster.org\/?s={search_term_string}\"},\"query-input\":\"required name=search_term_string\"}],\"inLanguage\":\"fr-FR\"},{\"@type\":\"ImageObject\",\"@id\":\"https:\/\/multihoster.org\/fr\/fileboom-2\/#primaryimage\",\"inLanguage\":\"fr-FR\",\"url\":\"https:\/\/lh6.googleusercontent.com\/CxrQlUrEqHUGytbKIXRKTBE5iOTePxQV1007Gp6AtDosm-ZPTakFqyaZuB0n_18sdTGcoM65JLOGrxaR5iLyMvJjuM7sNzCR3WB645azwwUip3X9bdRsvVxmU0XR7L5oGDv9SH4\",\"contentUrl\":\"https:\/\/lh6.googleusercontent.com\/CxrQlUrEqHUGytbKIXRKTBE5iOTePxQV1007Gp6AtDosm-ZPTakFqyaZuB0n_18sdTGcoM65JLOGrxaR5iLyMvJjuM7sNzCR3WB645azwwUip3X9bdRsvVxmU0XR7L5oGDv9SH4\"},{\"@type\":\"WebPage\",\"@id\":\"https:\/\/multihoster.org\/fr\/fileboom-2\/#webpage\",\"url\":\"https:\/\/multihoster.org\/fr\/fileboom-2\/\",\"name\":\"FileBoom Premium Compte: Le Filehoster En Un Coup D'\u0153il\",\"isPartOf\":{\"@id\":\"https:\/\/multihoster.org\/#website\"},\"primaryImageOfPage\":{\"@id\":\"https:\/\/multihoster.org\/fr\/fileboom-2\/#primaryimage\"},\"datePublished\":\"2020-04-16T15:45:17+00:00\",\"dateModified\":\"2020-04-23T09:58:41+00:00\",\"description\":\"FileBoom est-il un fournisseur r\u00e9put\u00e9 ou non, vous pouvez trouver la r\u00e9ponse dans le test actuel sur Multihoster.org \u279c Cliquez maintenant sur \u271a pour lire nos exp\u00e9riences !\",\"breadcrumb\":{\"@id\":\"https:\/\/multihoster.org\/fr\/fileboom-2\/#breadcrumb\"},\"inLanguage\":\"fr-FR\",\"potentialAction\":[{\"@type\":\"ReadAction\",\"target\":[\"https:\/\/multihoster.org\/fr\/fileboom-2\/\"]}]},{\"@type\":\"BreadcrumbList\",\"@id\":\"https:\/\/multihoster.org\/fr\/fileboom-2\/#breadcrumb\",\"itemListElement\":[{\"@type\":\"ListItem\",\"position\":1,\"name\":\"Startseite\",\"item\":\"https:\/\/multihoster.org\/fr\/\"},{\"@type\":\"ListItem\",\"position\":2,\"name\":\"FileBoom Premium Compte: Le Filehoster En Un Coup D&rsquo;\u0153il\"}]}]}<\/script>\n<!-- \/ Yoast SEO plugin. -->","yoast_head_json":{"title":"FileBoom Premium Compte: Le Filehoster En Un Coup D'\u0153il","description":"FileBoom est-il un fournisseur r\u00e9put\u00e9 ou non, vous pouvez trouver la r\u00e9ponse dans le test actuel sur Multihoster.org \u279c Cliquez maintenant sur \u271a pour lire nos exp\u00e9riences !","robots":{"index":"index","follow":"follow","max-snippet":"max-snippet:-1","max-image-preview":"max-image-preview:large","max-video-preview":"max-video-preview:-1"},"canonical":"https:\/\/multihoster.org\/fr\/fileboom-2\/","og_locale":"fr_FR","og_type":"article","og_title":"FileBoom Premium Compte: Le Filehoster En Un Coup D'\u0153il","og_description":"FileBoom est-il un fournisseur r\u00e9put\u00e9 ou non, vous pouvez trouver la r\u00e9ponse dans le test actuel sur Multihoster.org \u279c Cliquez maintenant sur \u271a pour lire nos exp\u00e9riences !","og_url":"https:\/\/multihoster.org\/fr\/fileboom-2\/","og_site_name":"Multihoster.org","article_modified_time":"2020-04-23T09:58:41+00:00","og_image":[{"url":"https:\/\/lh6.googleusercontent.com\/CxrQlUrEqHUGytbKIXRKTBE5iOTePxQV1007Gp6AtDosm-ZPTakFqyaZuB0n_18sdTGcoM65JLOGrxaR5iLyMvJjuM7sNzCR3WB645azwwUip3X9bdRsvVxmU0XR7L5oGDv9SH4"}],"twitter_card":"summary","twitter_misc":{"Dur\u00e9e de lecture estim\u00e9e":"9 minutes"},"schema":{"@context":"https:\/\/schema.org","@graph":[{"@type":"WebSite","@id":"https:\/\/multihoster.org\/#website","url":"https:\/\/multihoster.org\/","name":"Multihoster.org","description":"Reviews of the major Filehosting services","potentialAction":[{"@type":"SearchAction","target":{"@type":"EntryPoint","urlTemplate":"https:\/\/multihoster.org\/?s={search_term_string}"},"query-input":"required name=search_term_string"}],"inLanguage":"fr-FR"},{"@type":"ImageObject","@id":"https:\/\/multihoster.org\/fr\/fileboom-2\/#primaryimage","inLanguage":"fr-FR","url":"https:\/\/lh6.googleusercontent.com\/CxrQlUrEqHUGytbKIXRKTBE5iOTePxQV1007Gp6AtDosm-ZPTakFqyaZuB0n_18sdTGcoM65JLOGrxaR5iLyMvJjuM7sNzCR3WB645azwwUip3X9bdRsvVxmU0XR7L5oGDv9SH4","contentUrl":"https:\/\/lh6.googleusercontent.com\/CxrQlUrEqHUGytbKIXRKTBE5iOTePxQV1007Gp6AtDosm-ZPTakFqyaZuB0n_18sdTGcoM65JLOGrxaR5iLyMvJjuM7sNzCR3WB645azwwUip3X9bdRsvVxmU0XR7L5oGDv9SH4"},{"@type":"WebPage","@id":"https:\/\/multihoster.org\/fr\/fileboom-2\/#webpage","url":"https:\/\/multihoster.org\/fr\/fileboom-2\/","name":"FileBoom Premium Compte: Le Filehoster En Un Coup D'\u0153il","isPartOf":{"@id":"https:\/\/multihoster.org\/#website"},"primaryImageOfPage":{"@id":"https:\/\/multihoster.org\/fr\/fileboom-2\/#primaryimage"},"datePublished":"2020-04-16T15:45:17+00:00","dateModified":"2020-04-23T09:58:41+00:00","description":"FileBoom est-il un fournisseur r\u00e9put\u00e9 ou non, vous pouvez trouver la r\u00e9ponse dans le test actuel sur Multihoster.org \u279c Cliquez maintenant sur \u271a pour lire nos exp\u00e9riences !","breadcrumb":{"@id":"https:\/\/multihoster.org\/fr\/fileboom-2\/#breadcrumb"},"inLanguage":"fr-FR","potentialAction":[{"@type":"ReadAction","target":["https:\/\/multihoster.org\/fr\/fileboom-2\/"]}]},{"@type":"BreadcrumbList","@id":"https:\/\/multihoster.org\/fr\/fileboom-2\/#breadcrumb","itemListElement":[{"@type":"ListItem","position":1,"name":"Startseite","item":"https:\/\/multihoster.org\/fr\/"},{"@type":"ListItem","position":2,"name":"FileBoom Premium Compte: Le Filehoster En Un Coup D&rsquo;\u0153il"}]}]}},"_links":{"self":[{"href":"https:\/\/multihoster.org\/fr\/wp-json\/wp\/v2\/pages\/4373"}],"collection":[{"href":"https:\/\/multihoster.org\/fr\/wp-json\/wp\/v2\/pages"}],"about":[{"href":"https:\/\/multihoster.org\/fr\/wp-json\/wp\/v2\/types\/page"}],"author":[{"embeddable":true,"href":"https:\/\/multihoster.org\/fr\/wp-json\/wp\/v2\/users\/2"}],"replies":[{"embeddable":true,"href":"https:\/\/multihoster.org\/fr\/wp-json\/wp\/v2\/comments?post=4373"}],"version-history":[{"count":1,"href":"https:\/\/multihoster.org\/fr\/wp-json\/wp\/v2\/pages\/4373\/revisions"}],"predecessor-version":[{"id":4383,"href":"https:\/\/multihoster.org\/fr\/wp-json\/wp\/v2\/pages\/4373\/revisions\/4383"}],"wp:attachment":[{"href":"https:\/\/multihoster.org\/fr\/wp-json\/wp\/v2\/media?parent=4373"}],"curies":[{"name":"wp","href":"https:\/\/api.w.org\/{rel}","templated":true}]}}