{"id":4399,"date":"2020-04-23T12:54:44","date_gmt":"2020-04-23T12:54:44","guid":{"rendered":"https:\/\/multihoster.org\/upload-cd\/"},"modified":"2020-05-29T14:11:48","modified_gmt":"2020-05-29T14:11:48","slug":"upload-cd","status":"publish","type":"page","link":"https:\/\/multihoster.org\/fr\/upload-cd\/","title":{"rendered":"Upload.cd Premium Compte: Le Filehoster En Un Coup D&rsquo;\u0153il"},"content":{"rendered":"<a class=\"maxbutton-2 maxbutton maxbutton-cta\" target=\"_blank\" rel=\"nofollow noopener\" href=\"\/go\/\"><span class='mb-text'>&gt;&gt; Acc\u00e9der au site original de Linkifier<\/span><\/a>\n\n\n<p><\/p>\n\n\n\n<h2>Qu&rsquo;est-ce que Upload.cd ?<\/h2>\n\n\n\n<p>Upload.cd vient du mot lui-m\u00eame \u00ab\u00a0upload\u00a0\u00bb qui d\u00e9signe le t\u00e9l\u00e9chargement ou l&rsquo;h\u00e9bergement des fichiers des utilisateurs sur leur site. Le site Upload.cd est disponible partout dans le monde. C&rsquo;est un site de stockage s\u00fbr et fiable et il est soutenu par le <a rel=\"noreferrer noopener\" aria-label=\"service &quot;cloud&quot; (opens in a new tab)\" href=\"https:\/\/www.webopedia.com\/TERM\/C\/cloud_services.html\" target=\"_blank\">service \u00ab\u00a0cloud\u00a0\u00bb<\/a> qui peut \u00eatre utilis\u00e9 pour diff\u00e9rentes choses.<\/p>\n\n\n\n<ul><li>Le site Upload.cd peut \u00eatre utilis\u00e9 comme une capacit\u00e9 de stockage \u00e0 distance pour sauvegarder tout type de fichiers ou de donn\u00e9es de l&rsquo;utilisateur.<\/li><li> Le site Upload.cd peut \u00eatre utilis\u00e9 comme une aide ou un outil pour transf\u00e9rer ou envoyer des fichiers d&rsquo;une personne \u00e0 une autre ou m\u00eame \u00e0 plusieurs personnes. C&rsquo;est une grande aide pour tout le monde car ils ne donneront pas trop d&rsquo;efforts et de temps pour cela que d&rsquo;utiliser le courrier \u00e9lectronique pour joindre leurs fichiers afin de les envoyer \u00e0 d&rsquo;autres personnes.<\/li><li> Le site Upload.cd peut \u00eatre utilis\u00e9 pour t\u00e9l\u00e9charger un ou plusieurs fichiers d&rsquo;un utilisateur \u00e0 l&rsquo;aide d&rsquo;un navigateur web.<\/li><li> Le site Upload.cd est utilis\u00e9 pour partager un ou plusieurs fichiers rapidement et en toute s\u00e9curit\u00e9 avec n&rsquo;importe qui.<\/li><\/ul>\n\n\n\n<p>Le site Upload.cd et les serveurs sont s\u00e9curis\u00e9s. Il utilise un cryptage qui est le 256-bit de <a rel=\"noreferrer noopener\" aria-label=\"Secure Sockets Layer ou SSL (opens in a new tab)\" href=\"https:\/\/www.cloudflare.com\/learning\/ssl\/what-is-ssl\/\" target=\"_blank\">Secure Sockets Layer ou SSL<\/a> sur toutes les pages du site. La s\u00e9curisation du site et des serveurs permet d&rsquo;\u00e9viter qu&rsquo;un pirate informatique ne vole certaines informations de l&rsquo;utilisateur, notamment pour le paiement. Un utilisateur peut acc\u00e9der au site de Upload.cd par le biais des navigateurs web sur tout appareil disposant d&rsquo;une connexion internet.<\/p>\n\n\n\n<p>Un utilisateur peut t\u00e9l\u00e9charger sur le site Upload.cd tout type de fichiers tels que de la musique (wav, mp3, wma, etc), des vid\u00e9os (mpg, mpeg-4, avi, etc) et des documents (doc\/docx, xlsx, pdf, ppt, etc). Un utilisateur doit se rappeler que tous les fichiers qu&rsquo;il ou elle t\u00e9l\u00e9chargera sur le site Upload.cd sont consid\u00e9r\u00e9s comme confidentiels et priv\u00e9s et ne peuvent \u00eatre accessibles par d&rsquo;autres personnes en public, sauf si le propri\u00e9taire ou le responsable du fichier a donn\u00e9 l&rsquo;autorisation d&rsquo;acc\u00e9der ou de visualiser le fichier de l&rsquo;utilisateur.<\/p>\n\n\n\n<figure class=\"wp-block-table\"><table><tbody><tr><td>Qu&rsquo;est-ce que le SSL ? Le SSL est le terme \u00e0 court terme pour la couche de sockets s\u00e9curis\u00e9e. C&rsquo;est l&rsquo;un des titres les plus d\u00e9velopp\u00e9s de la technologie moderne. Il est utilis\u00e9 pour cr\u00e9er un lien crypt\u00e9 afin de s\u00e9curiser les donn\u00e9es. Il est g\u00e9n\u00e9ralement utilis\u00e9 pour les sites web ou les navigateurs web et les courriels.<\/td><\/tr><\/tbody><\/table><\/figure>\n\n\n\n<h2>Comptes d&rsquo;utilisateurs sur Upload.cd<\/h2>\n\n\n\n<p>Upload.cd.cd dispose de trois (3) types de comptes utilisateurs.<\/p>\n\n\n\n<ol><li>Compte gratuit Upload.cd (invit\u00e9),<\/li><li> Compte enregistr\u00e9 Upload.cd, et<\/li><li> Compte premium Upload.cd<\/li><\/ol>\n\n\n\n<p>Si jamais un utilisateur veut devenir membre de Upload.cd ou si un utilisateur veut acheter un paquet de Upload.cd Premium Account, il doit d&rsquo;abord s&rsquo;inscrire sur la page d&rsquo;inscription du site Upload.cd. <\/p>\n\n\n\n<p>Pour s&rsquo;inscrire, un utilisateur doit remplir les champs suivants et doit faire sur l&rsquo;enregistrement de Upload.cd.<\/p>\n\n\n\n<ul><li>Le nom d&rsquo;un utilisateur<\/li><li> L&rsquo;adresse \u00e9lectronique d&rsquo;un utilisateur<\/li><\/ul>\n\n\n\n<p>*L&rsquo;adresse \u00e9lectronique d&rsquo;un utilisateur ne sera pas envoy\u00e9e \u00e0 d&rsquo;autres parties ou ne sera pas utilis\u00e9e \u00e0 d&rsquo;autres fins, mais elle sera utilis\u00e9e UNIQUEMENT pour les services du site Upload.cd.<\/p>\n\n\n\n<ul><li>Un mot de passe qu&rsquo;il ou elle veut. (Il est n\u00e9cessaire de le retaper pour s&rsquo;en assurer)<\/li><\/ul>\n\n\n\n<p>*Un mot de passe est utilis\u00e9 pour la protection du compte d&rsquo;un utilisateur et de ses informations. Il est donc de la responsabilit\u00e9 de l&rsquo;utilisateur de garder son mot de passe secret pour assurer la s\u00e9curit\u00e9 du compte. Si un utilisateur se connecte \u00e0 d&rsquo;autres ordinateurs ou appareils, assurez-vous que le compte est d\u00e9connect\u00e9 apr\u00e8s utilisation afin de garantir que personne ne puisse y acc\u00e9der.<\/p>\n\n\n\n<ul><li>Il ou elle doit accepter les conditions et la politique du site Upload.cd.<\/li><li> Un utilisateur doit taper le code CAPTCHA correct sur l&rsquo;image. S&rsquo;il ne comprend pas les codes CAPTCHA sur l&rsquo;image, cliquez sur l&rsquo;ic\u00f4ne de rafra\u00eechissement pour afficher un nouveau code CAPTCHA.<\/li><\/ul>\n\n\n\n<p>Une fois qu&rsquo;un utilisateur a fini de remplir tous les champs, il doit cliquer sur le bouton \u00ab\u00a0Soumettre\u00a0\u00bb pour soumettre ses informations \u00e0 l&rsquo;Upload. Apr\u00e8s cela, il ou elle sera un membre enregistr\u00e9 maintenant de Upload.cd, soit gratuitement, soit en tant que membre enregistr\u00e9, soit en tant que compte Premium. De plus, il ou elle peut maintenant acheter n&rsquo;importe quel pack Premium de Upload.cd.<\/p>\n\n\n\n<h2>FAQ : Compte Premium Upload.cd<\/h2>\n\n\n\n<h3><strong>1. Vous ne vous souvenez pas du mot de passe du compte d&rsquo;utilisateur Upload.cd ?<\/strong><\/h3>\n\n\n\n<p>Si un utilisateur ne se souvient pas de son mot de passe, il lui est recommand\u00e9 de se rendre sur la page de r\u00e9cup\u00e9ration du mot de passe du site Upload.cd. L&rsquo;adresse \u00e9lectronique de l&rsquo;utilisateur doit \u00eatre saisie car c&rsquo;est l\u00e0 que Upload.cd enverra le nouveau mot de passe temporaire pour le compte Upload.cd de l&rsquo;utilisateur dans un d\u00e9lai de cinq (5) \u00e0 dix (10) minutes. L&rsquo;utilisateur doit v\u00e9rifier la bo\u00eete de r\u00e9ception, le spam ou le dossier de courrier ind\u00e9sirable de son courrier \u00e9lectronique pour cela. Il ou elle peut le modifier \u00e0 tout moment sur les param\u00e8tres de son compte du site Upload.cd. Un utilisateur doit cliquer sur le bouton \u00ab\u00a0Restaurer\u00a0\u00bb pour soumettre sa demande \u00e0 Upload.cd pour la r\u00e9cup\u00e9ration du mot de passe. <\/p>\n\n\n\n<h3><strong>2. Vous souhaitez supprimer un compte d&rsquo;utilisateur Upload.cd ?<\/strong><\/h3>\n\n\n\n<p>Pour supprimer le compte d&rsquo;un utilisateur, celui-ci doit envoyer un message \u00e0 l&rsquo;\u00e9quipe d&rsquo;assistance de Upload.cd. Choisissez \u00ab\u00a0Suppression de compte\u00a0\u00bb comme sujet du message et cliquez sur \u00ab\u00a0Envoyer\u00a0\u00bb. Un utilisateur peut \u00e9galement envoyer un courriel \u00e0 l&rsquo;adresse support@upload.cd avec le m\u00eame sujet. Ensuite, l&rsquo;\u00e9quipe de Upload.cd sera celle qui le supprimera pour vous.<\/p>\n\n\n\n<h3><strong>3. Vous souhaitez envoyer un message \u00e0 Upload.cd ?<\/strong><\/h3>\n\n\n\n<p>Si un utilisateur a des questions, des demandes ou des commentaires sur le site Upload.cd, les fonctionnalit\u00e9s de Upload.cd et les services de Upload.cd, il est autoris\u00e9 \u00e0 envoyer un message via la page de contact du site Upload.cd. Le nom de l&rsquo;utilisateur, son adresse \u00e9lectronique, le sujet, le message et un captcha doivent \u00eatre remplis sur la page de contact, puis il ou elle doit cliquer sur le bouton \u00ab\u00a0Envoyer\u00a0\u00bb pour soumettre le message \u00e0 l&rsquo;\u00e9quipe de Upload.cd.<\/p>\n\n\n<a class=\"maxbutton-2 maxbutton maxbutton-cta\" target=\"_blank\" rel=\"nofollow noopener\" href=\"\/go\/\"><span class='mb-text'>&gt;&gt; Acc\u00e9der au site original de Linkifier<\/span><\/a>\n\n\n<p><\/p>\n\n\n\n<figure class=\"wp-block-table\"><table><tbody><tr><td>Qu&rsquo;est-ce que le CAPTCHA ? Un CAPTCHA est un terme court utilis\u00e9 pour le \u00ab\u00a0test de Turing public enti\u00e8rement automatis\u00e9 pour distinguer les ordinateurs des \u00eatres humains\u00a0\u00bb. Il se compose de diff\u00e9rentes lettres, chiffres, symboles ou images qui sont utilis\u00e9s pour v\u00e9rifier si une personne est r\u00e9elle ou seulement un spam ou un robot. <\/td><\/tr><\/tbody><\/table><\/figure>\n\n\n\n<p>Si un utilisateur appartient au compte gratuit de Upload.cd, vous pouvez rencontrer certains probl\u00e8mes comme des erreurs sur le site lorsque vous essayez de t\u00e9l\u00e9charger un fichier en raison du trafic r\u00e9seau lorsque de nombreux utilisateurs t\u00e9l\u00e9chargent, mais ce probl\u00e8me n&rsquo;est pas rencontr\u00e9 lorsqu&rsquo;un utilisateur appartient au compte Premium de Upload.cd, car les utilisateurs Premium sont prioritaires sur les serveurs du site Upload.cd. <\/p>\n\n\n\n<p>Veuillez consulter le tableau ci-dessous pour voir les diff\u00e9rentes caract\u00e9ristiques ou services du site Upload.cd pour les diff\u00e9rents types de compte utilisateur.<\/p>\n\n\n\n<p>Caract\u00e9ristiques ou services de Upload.cd<\/p>\n\n\n\n<figure class=\"wp-block-table\"><table><tbody><tr><td>Compte d&rsquo;utilisateur Type d&rsquo;upload.cd<\/td><td>Vitesse de t\u00e9l\u00e9chargement<\/td><td>Nombre de t\u00e9l\u00e9chargements<\/td><td>Capacit\u00e9 de l&rsquo;espace de stockage<\/td><td>Temps d&rsquo;attente pour le t\u00e9l\u00e9chargement<\/td><td>Limitations de t\u00e9l\u00e9chargement<\/td><td>Peut reprendre les t\u00e9l\u00e9chargements<\/td><td>A-t-il des annonces et des CAPTCHAS ?<\/td><td>S\u00fbr ? S\u00e9curis\u00e9 ?<\/td><\/tr><tr><td>Compte gratuit <\/td><td>Jusqu&rsquo;\u00e0 50 kilo-octets par seconde (50 KB\/s)<\/td><td>1<\/td><td>Z\u00e9ro gigaoctet (0 Go)<\/td><td>Le t\u00e9l\u00e9chargement commencera apr\u00e8s soixante (60) secondes ou une (1) minute<\/td><td>Un (1) seul fichier peut \u00eatre t\u00e9l\u00e9charg\u00e9 toutes les trois (3) heures<\/td><td>Pas de t\u00e9l\u00e9chargement de CV<\/td><td>Oui<\/td><td>Oui<\/td><\/tr><tr><td>Compte enregistr\u00e9 <\/td><td>Jusqu&rsquo;\u00e0 80 kilo-octets par seconde (80 KB\/s)<\/td><td>1<\/td><td>Cinquante gigaoctets (50 Go)<\/td><td>Le t\u00e9l\u00e9chargement commencera apr\u00e8s trente (30) secondes<\/td><td>Un (1) seul fichier peut \u00eatre t\u00e9l\u00e9charg\u00e9 toutes les trois (3) heures<\/td><td>Pas de t\u00e9l\u00e9chargement de CV<\/td><td>Oui<\/td><td>Oui<\/td><\/tr><tr><td>Compte premium <\/td><td>Vitesse de t\u00e9l\u00e9chargement illimit\u00e9e<\/td><td>Nombre illimit\u00e9 de t\u00e9l\u00e9chargements de fichiers<\/td><td>Cinq cents gigaoctets (500 Go)<\/td><td>Pas de temps d&rsquo;attente lors du t\u00e9l\u00e9chargement d&rsquo;un ou plusieurs fichiers<\/td><td>Pas de temps d&rsquo;attente lors du t\u00e9l\u00e9chargement d&rsquo;un ou plusieurs fichiers<\/td><td>Peut reprendre le fichier en pause ou les fichiers \u00e0 t\u00e9l\u00e9charger<\/td><td>Aucune<\/td><td>Oui<\/td><\/tr><\/tbody><\/table><\/figure>\n\n\n\n<h2>Compte premium Upload.cd<\/h2>\n\n\n\n<figure class=\"wp-block-table\"><table><tbody><tr><td>Nombre de mois :<\/td><td>1 mois<\/td><td>2 mois<\/td><td>6 mois<\/td><td>12 mois<\/td><\/tr><tr><td>Prix :<\/td><td>15,99 USD<\/td><td>34,99 USD<\/td><td>53,99 USD (Le prix original est de 54,99 USD)<\/td><td>87,99 USD (le prix original est de 89,99 USD)<\/td><\/tr><\/tbody><\/table><\/figure>\n\n\n\n<figure class=\"wp-block-table\"><table><tbody><tr><td>Le d\u00e9lai de livraison de ces colis est tr\u00e8s court, de trois (3) minutes \u00e0 deux (2) heures environ.<\/td><\/tr><\/tbody><\/table><\/figure>\n\n\n\n<p><strong>O\u00f9 un utilisateur peut-il acheter et payer Upload.cd Premium Package ?<\/strong><\/p>\n\n\n\n<ol><li>Un utilisateur peut acheter des paquets Premium Upload.cd en utilisant le site Upload.cd qui se trouve \u00e0 Upload.cd.cd par PayPal ou par carte de cr\u00e9dit.<\/li><li> Un utilisateur peut acheter des Packages Upload.cd Premium par l&rsquo;interm\u00e9diaire des revendeurs officiels de Upload.cd Premium via PayPal.<\/li><li> Autres options prises en charge pour le paiement du Pack Premium de Upload.cd :<\/li><\/ol>\n\n\n\n<figure class=\"wp-block-table\"><table><tbody><tr><td>Skrill<\/td><td>Cartes de cr\u00e9dit (Visa Card et MasterCard)<\/td><td>Bitcoin ou Altcoin tout portefeuille num\u00e9rique contenant des bitcoins<\/td><td>Virement bancaire ou bancaire<\/td><td>Alfa-Click<\/td><td>HSBC(Hongkong and Shanghai Banking Corporation)<\/td><td>Dotpay (paiement \u00e9lectronique)<\/td><\/tr><tr><td>American Express<\/td><td>WebMoney<\/td><td>L&rsquo;argent parfait<\/td><td>Santander Rio<\/td><td>Banco de Chile<\/td><td>Sberbank<\/td><td>WebPay plus<\/td><\/tr><tr><td>Paysafe card<\/td><td>Amazon<\/td><td>RED LINK<\/td><td>Red Compra<\/td><td>Moneta&nbsp;<\/td><td>Faktura<\/td><td>One Card<\/td><\/tr><tr><td>Japan Credit Bureau (JCB)<\/td><td>Paysera<\/td><td>IDEAL (paiement en ligne)<\/td><td>QIWI Wallet<\/td><td>OXXO<\/td><td>GiroPay<\/td><td>Revendeurs officiels de Upload.cd<\/td><\/tr><\/tbody><\/table><\/figure>\n\n\n\n<p>Les informations de paiement des utilisateurs sont crypt\u00e9es et ne seront pas stock\u00e9es par Upload.cd sur leurs serveurs pour les garder en s\u00e9curit\u00e9 et prot\u00e9g\u00e9es. <\/p>\n\n\n\n<h2>Quelques conseils ou instructions pour l&rsquo;utilisation du compte premium Upload.cd<\/h2>\n\n\n\n<p><strong>Comment acheter un pack Premium Upload.cd ?<\/strong><\/p>\n\n\n\n<ol><li>Un utilisateur doit d&rsquo;abord se connecter \u00e0 son compte sur le site Upload.cd. Si un utilisateur n&rsquo;a pas de compte sur Upload.cd, il doit d&rsquo;abord s&rsquo;inscrire.<\/li><li> Un utilisateur doit d\u00e9cider et s\u00e9lectionner le forfait Premium Upload.cd qu&rsquo;il ou elle veut.<\/li><li> Cliquez sur le bouton \u00ab\u00a0ACHETER MAINTENANT\u00a0\u00bb pour proc\u00e9der \u00e0 la v\u00e9rification du forfait Premium Upload.cd s\u00e9lectionn\u00e9.<\/li><li> Cliquez sur le bouton \u00ab\u00a0Checkout\u00a0\u00bb pour payer le package Premium Upload.cd s\u00e9lectionn\u00e9.<\/li><li> Upload.cd enverra un SMS ou un message texte \u00e0 l&rsquo;utilisateur concernant le code du coupon Upload.cd Premium s\u00e9lectionn\u00e9.<\/li><\/ol>\n\n\n\n<p><strong>Activation du code de coupon du paquet Premium Upload.cd<\/strong><\/p>\n\n\n\n<ol><li>Un utilisateur doit d&rsquo;abord se connecter \u00e0 son compte sur le site Upload.cd. Si un utilisateur n&rsquo;a pas de compte sur Upload.cd, il doit d&rsquo;abord s&rsquo;inscrire.<\/li><li> Un utilisateur peut maintenant entrer le code du <a href=\"https:\/\/www.investopedia.com\/terms\/c\/coupon.asp\" target=\"_blank\" rel=\"noreferrer noopener\" aria-label=\"coupon  (opens in a new tab)\">coupon <\/a>de la prime Upload.cd dans la page de remboursement du coupon.<\/li><li> Cliquez sur le bouton \u00ab\u00a0Check it\u00a0\u00bb du site Upload.cd pour v\u00e9rifier que les codes de coupon saisis sont valides et corrects. S&rsquo;ils sont valides et corrects, le package Upload.cd Premium qu&rsquo;il ou elle a achet\u00e9 sera activ\u00e9 sur son compte Upload.cd.<\/li><\/ol>\n\n\n\n<p><strong>Vous souhaitez annuler l&rsquo;abonnement au compte Premium Upload.cd ?<\/strong><\/p>\n\n\n\n<p>Pour annuler l&rsquo;abonnement d&rsquo;un utilisateur du compte Premium de Upload.cd, il doit envoyer un message \u00e0 l&rsquo;\u00e9quipe d&rsquo;assistance de Upload.cd. Choisissez \u00ab\u00a0Annuler l&rsquo;abonnement\u00a0\u00bb comme sujet du message et cliquez sur \u00ab\u00a0Envoyer\u00a0\u00bb. Un utilisateur peut \u00e9galement envoyer par e-mail de Upload.cd \u00e0 support@upload.cd avec le m\u00eame titre d&rsquo;objet. Ensuite, l&rsquo;\u00e9quipe de Upload.cd sera celle qui annulera l&rsquo;abonnement pour vous.<\/p>\n\n\n<a class=\"maxbutton-2 maxbutton maxbutton-cta\" target=\"_blank\" rel=\"nofollow noopener\" href=\"\/go\/\"><span class='mb-text'>&gt;&gt; Acc\u00e9der au site original de Linkifier<\/span><\/a>\n\n\n<p><\/p>\n","protected":false},"excerpt":{"rendered":"<p>Qu&rsquo;est-ce que Upload.cd ? Upload.cd vient du mot lui-m\u00eame \u00ab\u00a0upload\u00a0\u00bb qui d\u00e9signe le t\u00e9l\u00e9chargement ou l&rsquo;h\u00e9bergement des fichiers des utilisateurs<\/p>\n","protected":false},"author":2,"featured_media":0,"parent":0,"menu_order":0,"comment_status":"closed","ping_status":"closed","template":"","meta":[],"yoast_head":"<!-- This site is optimized with the Yoast SEO plugin v18.3 - https:\/\/yoast.com\/wordpress\/plugins\/seo\/ -->\n<title>Upload.cd Premium Compte: Le Filehoster En Un Coup D&#039;\u0153il<\/title>\n<meta name=\"description\" content=\"Que Upload.cd soit un fournisseur r\u00e9put\u00e9 ou non, vous pouvez trouver la r\u00e9ponse dans le test actuel sur Multihoster.org \u279c Cliquez maintenant sur \u271a pour lire nos exp\u00e9riences !\" \/>\n<meta name=\"robots\" content=\"index, follow, max-snippet:-1, max-image-preview:large, max-video-preview:-1\" \/>\n<link rel=\"canonical\" href=\"https:\/\/multihoster.org\/fr\/upload-cd\/\" \/>\n<meta property=\"og:locale\" content=\"fr_FR\" \/>\n<meta property=\"og:type\" content=\"article\" \/>\n<meta property=\"og:title\" content=\"Upload.cd Premium Compte: Le Filehoster En Un Coup D&#039;\u0153il\" \/>\n<meta property=\"og:description\" content=\"Que Upload.cd soit un fournisseur r\u00e9put\u00e9 ou non, vous pouvez trouver la r\u00e9ponse dans le test actuel sur Multihoster.org \u279c Cliquez maintenant sur \u271a pour lire nos exp\u00e9riences !\" \/>\n<meta property=\"og:url\" content=\"https:\/\/multihoster.org\/fr\/upload-cd\/\" \/>\n<meta property=\"og:site_name\" content=\"Multihoster.org\" \/>\n<meta property=\"article:modified_time\" content=\"2020-05-29T14:11:48+00:00\" \/>\n<meta name=\"twitter:card\" content=\"summary\" \/>\n<meta name=\"twitter:label1\" content=\"Dur\u00e9e de lecture estim\u00e9e\" \/>\n\t<meta name=\"twitter:data1\" content=\"10 minutes\" \/>\n<script type=\"application\/ld+json\" class=\"yoast-schema-graph\">{\"@context\":\"https:\/\/schema.org\",\"@graph\":[{\"@type\":\"WebSite\",\"@id\":\"https:\/\/multihoster.org\/#website\",\"url\":\"https:\/\/multihoster.org\/\",\"name\":\"Multihoster.org\",\"description\":\"Reviews of the major Filehosting services\",\"potentialAction\":[{\"@type\":\"SearchAction\",\"target\":{\"@type\":\"EntryPoint\",\"urlTemplate\":\"https:\/\/multihoster.org\/?s={search_term_string}\"},\"query-input\":\"required name=search_term_string\"}],\"inLanguage\":\"fr-FR\"},{\"@type\":\"WebPage\",\"@id\":\"https:\/\/multihoster.org\/fr\/upload-cd\/#webpage\",\"url\":\"https:\/\/multihoster.org\/fr\/upload-cd\/\",\"name\":\"Upload.cd Premium Compte: Le Filehoster En Un Coup D'\u0153il\",\"isPartOf\":{\"@id\":\"https:\/\/multihoster.org\/#website\"},\"datePublished\":\"2020-04-23T12:54:44+00:00\",\"dateModified\":\"2020-05-29T14:11:48+00:00\",\"description\":\"Que Upload.cd soit un fournisseur r\u00e9put\u00e9 ou non, vous pouvez trouver la r\u00e9ponse dans le test actuel sur Multihoster.org \u279c Cliquez maintenant sur \u271a pour lire nos exp\u00e9riences !\",\"breadcrumb\":{\"@id\":\"https:\/\/multihoster.org\/fr\/upload-cd\/#breadcrumb\"},\"inLanguage\":\"fr-FR\",\"potentialAction\":[{\"@type\":\"ReadAction\",\"target\":[\"https:\/\/multihoster.org\/fr\/upload-cd\/\"]}]},{\"@type\":\"BreadcrumbList\",\"@id\":\"https:\/\/multihoster.org\/fr\/upload-cd\/#breadcrumb\",\"itemListElement\":[{\"@type\":\"ListItem\",\"position\":1,\"name\":\"Startseite\",\"item\":\"https:\/\/multihoster.org\/fr\/\"},{\"@type\":\"ListItem\",\"position\":2,\"name\":\"Upload.cd Premium Compte: Le Filehoster En Un Coup D&rsquo;\u0153il\"}]}]}<\/script>\n<!-- \/ Yoast SEO plugin. -->","yoast_head_json":{"title":"Upload.cd Premium Compte: Le Filehoster En Un Coup D'\u0153il","description":"Que Upload.cd soit un fournisseur r\u00e9put\u00e9 ou non, vous pouvez trouver la r\u00e9ponse dans le test actuel sur Multihoster.org \u279c Cliquez maintenant sur \u271a pour lire nos exp\u00e9riences !","robots":{"index":"index","follow":"follow","max-snippet":"max-snippet:-1","max-image-preview":"max-image-preview:large","max-video-preview":"max-video-preview:-1"},"canonical":"https:\/\/multihoster.org\/fr\/upload-cd\/","og_locale":"fr_FR","og_type":"article","og_title":"Upload.cd Premium Compte: Le Filehoster En Un Coup D'\u0153il","og_description":"Que Upload.cd soit un fournisseur r\u00e9put\u00e9 ou non, vous pouvez trouver la r\u00e9ponse dans le test actuel sur Multihoster.org \u279c Cliquez maintenant sur \u271a pour lire nos exp\u00e9riences !","og_url":"https:\/\/multihoster.org\/fr\/upload-cd\/","og_site_name":"Multihoster.org","article_modified_time":"2020-05-29T14:11:48+00:00","twitter_card":"summary","twitter_misc":{"Dur\u00e9e de lecture estim\u00e9e":"10 minutes"},"schema":{"@context":"https:\/\/schema.org","@graph":[{"@type":"WebSite","@id":"https:\/\/multihoster.org\/#website","url":"https:\/\/multihoster.org\/","name":"Multihoster.org","description":"Reviews of the major Filehosting services","potentialAction":[{"@type":"SearchAction","target":{"@type":"EntryPoint","urlTemplate":"https:\/\/multihoster.org\/?s={search_term_string}"},"query-input":"required name=search_term_string"}],"inLanguage":"fr-FR"},{"@type":"WebPage","@id":"https:\/\/multihoster.org\/fr\/upload-cd\/#webpage","url":"https:\/\/multihoster.org\/fr\/upload-cd\/","name":"Upload.cd Premium Compte: Le Filehoster En Un Coup D'\u0153il","isPartOf":{"@id":"https:\/\/multihoster.org\/#website"},"datePublished":"2020-04-23T12:54:44+00:00","dateModified":"2020-05-29T14:11:48+00:00","description":"Que Upload.cd soit un fournisseur r\u00e9put\u00e9 ou non, vous pouvez trouver la r\u00e9ponse dans le test actuel sur Multihoster.org \u279c Cliquez maintenant sur \u271a pour lire nos exp\u00e9riences !","breadcrumb":{"@id":"https:\/\/multihoster.org\/fr\/upload-cd\/#breadcrumb"},"inLanguage":"fr-FR","potentialAction":[{"@type":"ReadAction","target":["https:\/\/multihoster.org\/fr\/upload-cd\/"]}]},{"@type":"BreadcrumbList","@id":"https:\/\/multihoster.org\/fr\/upload-cd\/#breadcrumb","itemListElement":[{"@type":"ListItem","position":1,"name":"Startseite","item":"https:\/\/multihoster.org\/fr\/"},{"@type":"ListItem","position":2,"name":"Upload.cd Premium Compte: Le Filehoster En Un Coup D&rsquo;\u0153il"}]}]}},"_links":{"self":[{"href":"https:\/\/multihoster.org\/fr\/wp-json\/wp\/v2\/pages\/4399"}],"collection":[{"href":"https:\/\/multihoster.org\/fr\/wp-json\/wp\/v2\/pages"}],"about":[{"href":"https:\/\/multihoster.org\/fr\/wp-json\/wp\/v2\/types\/page"}],"author":[{"embeddable":true,"href":"https:\/\/multihoster.org\/fr\/wp-json\/wp\/v2\/users\/2"}],"replies":[{"embeddable":true,"href":"https:\/\/multihoster.org\/fr\/wp-json\/wp\/v2\/comments?post=4399"}],"version-history":[{"count":4,"href":"https:\/\/multihoster.org\/fr\/wp-json\/wp\/v2\/pages\/4399\/revisions"}],"predecessor-version":[{"id":4558,"href":"https:\/\/multihoster.org\/fr\/wp-json\/wp\/v2\/pages\/4399\/revisions\/4558"}],"wp:attachment":[{"href":"https:\/\/multihoster.org\/fr\/wp-json\/wp\/v2\/media?parent=4399"}],"curies":[{"name":"wp","href":"https:\/\/api.w.org\/{rel}","templated":true}]}}