{"id":440,"date":"2018-05-22T16:50:17","date_gmt":"2018-05-22T16:50:17","guid":{"rendered":"https:\/\/multihoster.org\/?page_id=440"},"modified":"2018-09-12T06:48:18","modified_gmt":"2018-09-12T06:48:18","slug":"smoozed","status":"publish","type":"page","link":"https:\/\/multihoster.org\/fr\/smoozed\/","title":{"rendered":"Smoozed &#8211; Le Multihoster en un coup d&rsquo;\u0153il"},"content":{"rendered":"<p><img loading=\"lazy\" class=\"alignleft wp-image-255\" src=\"https:\/\/multihoster.org\/wp-content\/uploads\/2018\/05\/smoozed_logo.jpg\" alt=\"logo\" width=\"302\" height=\"139\" srcset=\"https:\/\/multihoster.org\/wp-content\/uploads\/2018\/05\/smoozed_logo.jpg 574w, https:\/\/multihoster.org\/wp-content\/uploads\/2018\/05\/smoozed_logo-300x138.jpg 300w\" sizes=\"(max-width: 302px) 100vw, 302px\" \/>Smoozed se d\u00e9crit comme une jeune entreprise en plein essor qui offre une gamme int\u00e9ressante de diff\u00e9rents services interm\u00e9diaires, y compris l&rsquo;h\u00e9bergement de fichiers et l&rsquo;acc\u00e8s \u00e0 un serveur VPN. Nous aimerions vous pr\u00e9senter l&rsquo;h\u00e9bergeur Smoozed et partager avec vous notre exp\u00e9rience et nos connaissances concernant les services, les options de paiement, la liste des h\u00e9bergeurs et bien plus encore.<\/p>\n<p class=\"normal\"><span lang=\"de\">L&rsquo;h\u00e9bergeur Smoozed place les trois valeurs suivantes au premier plan de la philosophie de l&rsquo;entreprise :<\/span><\/p>\n<ul>\n<li>vraiment s\u00fbr<\/li>\n<li>irr\u00e9prochable<\/li>\n<li>contr\u00f4le total des co\u00fbts<\/li>\n<\/ul>\n\n<p><a class=\"fasc-button fasc-size-xlarge fasc-type-glossy fasc-rounded-medium ico-fa fasc-ico-after fa-share\" style=\"background-color: #43585e; color: #ffffff;\" rel=\"nofollow\" href=\"https:\/\/multihoster.org\/smoozed\/goto\/\">Allez sur Smoozed.com<\/a><\/p>\n<h2>Caract\u00e9ristiques positives du fournisseur<\/h2>\n<ul>\n<li>grand choix d&rsquo;h\u00e9bergeurs de fichiers<\/li>\n<li>taux annuel favorable<\/li>\n<li>plus de 40 h\u00e9bergeurs de fichiers accessibles<\/li>\n<li>Service apr\u00e8s-vente en allemand et anglais<\/li>\n<li>Des opportunit\u00e9s de revenus attrayantes<\/li>\n<\/ul>\n<h2><span lang=\"de\">L&rsquo;ensemble de la gamme Smoozed d&rsquo;un seul coup d&rsquo;\u0153il<\/span><\/h2>\n<p class=\"normal\"><span lang=\"de\">Smoozed vous offre un total de trois tarifs diff\u00e9rents, qui offrent tous la m\u00eame gamme de services, seule la dur\u00e9e du tarif varie d&rsquo;un abonnement \u00e0 l&rsquo;autre. Le tarif de base est valide pour 30 jours, le tarif Avanc\u00e9 pour 6 mois et le tarif Ultra pour 12 mois.<br \/>\n<\/span><\/p>\n<h2><span lang=\"de\">Offres de bonus<br \/>\n<\/span><\/h2>\n<p class=\"normal\"><span lang=\"de\">Une offre de bonus int\u00e9ressante de Smoozed est le Smoozed Addon pour le Google Chrome Browser, qui permet d&rsquo;\u00e9viter les restrictions de vitesse et les temps d&rsquo;attente sur les sites Web librement accessibles.<br \/>\n<\/span><\/p>\n<p>Comme beaucoup d&rsquo;autres fournisseurs, Smoozed offre un programme de bonus attrayant avec lequel vous pouvez gagner plus qu&rsquo;un peu d&rsquo;argent de poche, en fonction de votre temps et de votre motivation. Quiconque parvient \u00e0 gagner un client Smoozed re\u00e7oit une commission de 40 % sur la premi\u00e8re vente &#8211; en outre, toutes les commandes ult\u00e9rieures sont \u00e9galement r\u00e9mun\u00e9r\u00e9es avec une commission de 30 %. En remettant autant de miroirs que possible, il est \u00e9galement possible de maximiser la r\u00e9mun\u00e9ration PPV.<\/p>\n<p>Contrairement \u00e0 d&rsquo;autres fournisseurs qui ne paient qu&rsquo;une commission pour certains modes de paiement, vous recevez toujours une commission de Smoozed, quelle que soit la fa\u00e7on dont le client paie. L&rsquo;argent gagn\u00e9 est g\u00e9n\u00e9ralement pay\u00e9 dans les 24 heures apr\u00e8s que la commande est plac\u00e9e par l&rsquo;une des m\u00e9thodes de paiement suivantes :<\/p>\n<ul>\n<li>Bitcoin<\/li>\n<li>Bank<\/li>\n<li>Webmoney<\/li>\n<\/ul>\n<h2><span lang=\"de\">Co\u00fbts et options de paiement<br \/>\n<\/span><\/h2>\n<p><img loading=\"lazy\" class=\"alignnone wp-image-258 size-full\" src=\"https:\/\/multihoster.org\/wp-content\/uploads\/2018\/05\/cost_of_smoozed.jpg\" alt=\"tarifs\" width=\"1228\" height=\"536\" srcset=\"https:\/\/multihoster.org\/wp-content\/uploads\/2018\/05\/cost_of_smoozed.jpg 1228w, https:\/\/multihoster.org\/wp-content\/uploads\/2018\/05\/cost_of_smoozed-300x131.jpg 300w, https:\/\/multihoster.org\/wp-content\/uploads\/2018\/05\/cost_of_smoozed-768x335.jpg 768w, https:\/\/multihoster.org\/wp-content\/uploads\/2018\/05\/cost_of_smoozed-1024x447.jpg 1024w\" sizes=\"(max-width: 1228px) 100vw, 1228px\" \/><\/p>\n<p class=\"normal\"><span lang=\"de\">Afin d&rsquo;utiliser les services de Smoozed, une carte de cr\u00e9dit peut \u00eatre utilis\u00e9e pour le paiement, mais d&rsquo;autres m\u00e9thodes de paiement sont \u00e9galement possibles. Vous trouverez ci-dessous tous les moyens de paiement disponibles : le mode de paiement anonyme via paysafecard n&rsquo;est pas possible avec Smoozed &#8211; si vous voulez toujours payer anonymement, vous pouvez utiliser la devise Bitcoin.<br \/>\n<\/span><\/p>\n<ul>\n<li>VISA-Karte<\/li>\n<li>MasterCard<\/li>\n<li>SEPA express<\/li>\n<li>Handypay<\/li>\n<li>Bitcoin<\/li>\n<\/ul>\n<p>&nbsp;<\/p>\n\n<table id=\"tablepress-40\" class=\"tablepress tablepress-id-40\">\n<thead>\n<tr class=\"row-1 odd\">\n\t<th class=\"column-1\">BASIC<\/th><th class=\"column-2\">ADVANCED<\/th><th class=\"column-3\">ULTRA<\/th>\n<\/tr>\n<\/thead>\n<tbody class=\"row-hover\">\n<tr class=\"row-2 even\">\n\t<td class=\"column-1\">1 mois<\/td><td class=\"column-2\">6 mois<\/td><td class=\"column-3\">12 mois<\/td>\n<\/tr>\n<tr class=\"row-3 odd\">\n\t<td class=\"column-1\">9,95 \u20ac<\/td><td class=\"column-2\">29.99 \u20ac au lieu de 49.99 \u20ac au lieu de 49.99 \u20ac<\/td><td class=\"column-3\">39.95 \u20ac au lieu de 99.99.99 \u20ac<\/td>\n<\/tr>\n<tr class=\"row-4 even\">\n\t<td class=\"column-1\">Plus de 40 h\u00e9bergeurs de fichiers<\/td><td class=\"column-2\">Plus de 40 h\u00e9bergeurs de fichiers<\/td><td class=\"column-3\">Plus de 40 h\u00e9bergeurs de fichiers<\/td>\n<\/tr>\n<tr class=\"row-5 odd\">\n\t<td class=\"column-1\">acc\u00e8s VPN<\/td><td class=\"column-2\">acc\u00e8s VPN<\/td><td class=\"column-3\">acc\u00e8s VPN<\/td>\n<\/tr>\n<\/tbody>\n<\/table>\n<!-- #tablepress-40 from cache -->\n<p><a class=\"fasc-button fasc-size-xlarge fasc-type-glossy fasc-rounded-medium ico-fa fasc-ico-after fa-share\" style=\"background-color: #43585e; color: #ffffff;\" rel=\"nofollow\" href=\"https:\/\/multihoster.org\/smoozed\/goto\/\">Allez sur Smoozed.com<\/a><\/p>\n<h2><span lang=\"de\">Avis de confidentialit\u00e9 et protection des donn\u00e9es<br \/>\n<\/span><\/h2>\n<p class=\"normal\"><span lang=\"de\">En tant qu&rsquo;entreprise multi-h\u00e9bergement op\u00e9rant \u00e0 l&rsquo;\u00e9chelle internationale, Smoozed promet \u00e0 ses clients une protection compl\u00e8te des donn\u00e9es et l&rsquo;unit\u00e9 de la vie priv\u00e9e. En ce qui concerne le stockage des donn\u00e9es, l&rsquo;adresse IP, la date, l&rsquo;heure, le nom du fichier et la taille du fichier sont principalement stock\u00e9s. Les donn\u00e9es de carte de cr\u00e9dit ne sont pas stock\u00e9es par Smoozed, mais par le fournisseur de services de paiement respectif.<br \/>\n<\/span><\/p>\n<h2><span lang=\"de\">Service apr\u00e8s-vente<br \/>\n<\/span><\/h2>\n<p class=\"normal\"><span lang=\"de\">Le service \u00e0 la client\u00e8le de Smoozed est disponible en anglais et en allemand, vous pouvez soit s\u00e9lectionner le formulaire de contact, soit envoyer un e-mail \u00e0 l&rsquo;assistance. Vous trouverez la mani\u00e8re d&rsquo;obtenir de l&rsquo;aide au bas de la page \u00e0 c\u00f4t\u00e9 de la politique de confidentialit\u00e9 et des conditions de paiement et, en option, vous pouvez jeter un coup d&rsquo;\u0153il \u00e0 la section FAQ, o\u00f9 les r\u00e9ponses aux questions les plus fr\u00e9quemment pos\u00e9es sont expliqu\u00e9es.<br \/>\n<\/span><\/p>\n<h2><span lang=\"de\">Convivialit\u00e9<br \/>\n<\/span><\/h2>\n<p>Le site Web Smoozed.net offre les informations les plus importantes clairement organis\u00e9es pour que vous puissiez tout voir d&rsquo;un coup d&rsquo;\u0153il. Sur la page d&rsquo;accueil, vous trouverez beaucoup d&rsquo;informations sur le service avant de vous connecter, vous pouvez regarder les raisons qui parlent au nom du fournisseur et regarder de plus pr\u00e8s le compte Smoozed Premium. Contrairement \u00e0 beaucoup d&rsquo;autres h\u00e9bergeurs de fichiers, vous ne pouvez pas cr\u00e9er un compte gratuit avec l&rsquo;h\u00e9bergeur Smoozed, mais vous devez acheter un taux de prime pour vous connecter.<\/p>\n<p>Qui d\u00e9cide d&rsquo;ouvrir un compte Smoozed Premium acc\u00e8de \u00e0 la vue d&rsquo;ensemble des comptes apr\u00e8s s&rsquo;\u00eatre connect\u00e9.Ici, vous pouvez utiliser la fonction \u00ab\u00a0Mes dossiers\u00a0\u00bb pour cr\u00e9er de nouveaux dossiers pour vos fichiers t\u00e9l\u00e9charg\u00e9s et t\u00e9l\u00e9charg\u00e9s. Les options \u00ab\u00a0Supprimer les liens s\u00e9lectionn\u00e9s\u00a0\u00bb, \u00ab\u00a0Liens de sortie\u00a0\u00bb et \u00ab\u00a0V\u00e9rifier nouveau\u00a0\u00bb sont disponibles ici.<\/p>\n<p>Au-dessus, vous trouverez \u00e9galement les sections \u00ab\u00a0Param\u00e8tres\u00a0\u00bb, \u00ab\u00a0Aper\u00e7u de la r\u00e9mun\u00e9ration\u00a0\u00bb et \u00ab\u00a0Statistiques\u00a0\u00bb, o\u00f9 vous pouvez consulter et modifier les informations de compte pertinentes et le code API. Sous \u00ab\u00a0Aper\u00e7u des r\u00e9mun\u00e9rations\u00a0\u00bb, vous trouverez les commissions que vous recevez pour la publicit\u00e9 des diff\u00e9rents h\u00e9bergeurs de fichiers. La r\u00e9mun\u00e9ration varie en fonction du fournisseur et du pays, et vous pouvez \u00e9galement ordonner le paiement des commissions que vous avez d\u00e9j\u00e0 gagn\u00e9es.<\/p>\n<p>Les statistiques vous permettent de voir les d\u00e9tails exacts des commissions, y compris la date, le montant de la commission et le type de r\u00e9mun\u00e9ration.<\/p>\n<h2><span lang=\"de\">Mobile App<\/span><\/h2>\n<p class=\"normal\"><span lang=\"de\">Il n&rsquo;y a pas d&rsquo;application pour le smartphone de Smoozed, mais l&rsquo;h\u00e9bergeur de fichiers offre un <a href=\"https:\/\/chrome.google.com\/webstore\/unsupported\/nkhlemgodcjginbhoelemnjkhmgnaaca\" target=\"_blank\" rel=\"noopener\">Extension pour le navigateur<\/a> avec lequel les services du site web peuvent \u00eatre utilis\u00e9s et contr\u00f4l\u00e9s.<\/span><\/p>\n<p>&nbsp;<\/p>\n<h2><span lang=\"de\">Les avantages d&rsquo;un compte Premium<br \/>\n<\/span><\/h2>\n<p class=\"normal\"><span lang=\"de\">Avec un compte Smoozed Premium, vous pouvez non seulement t\u00e9l\u00e9charger et t\u00e9l\u00e9charger des donn\u00e9es, comme c&rsquo;est le cas avec de nombreux h\u00e9bergeurs de fichiers, mais aussi surfer sur Internet en toute s\u00e9curit\u00e9 et de mani\u00e8re anonyme avec un serveur VPN.<br \/>\n<\/span><\/p>\n<p><img loading=\"lazy\" class=\"alignnone wp-image-257 size-full\" src=\"https:\/\/multihoster.org\/wp-content\/uploads\/2018\/05\/image_1.jpg\" alt=\"avantages\" width=\"1815\" height=\"803\" srcset=\"https:\/\/multihoster.org\/wp-content\/uploads\/2018\/05\/image_1.jpg 1815w, https:\/\/multihoster.org\/wp-content\/uploads\/2018\/05\/image_1-300x133.jpg 300w, https:\/\/multihoster.org\/wp-content\/uploads\/2018\/05\/image_1-768x340.jpg 768w, https:\/\/multihoster.org\/wp-content\/uploads\/2018\/05\/image_1-1024x453.jpg 1024w\" sizes=\"(max-width: 1815px) 100vw, 1815px\" \/><\/p>\n<p class=\"normal\"><span lang=\"de\">De plus, le forfait Smoozed Premium comprend plus de 40 h\u00e9bergeurs de fichiers, auxquels vous pouvez acc\u00e9der avec le tarif Pro. Ici, vous pouvez profiter d&rsquo;avantages et de fonctionnalit\u00e9s individuelles avec votre compte Smoozed Premium en fonction de l&rsquo;h\u00e9bergeur, en commen\u00e7ant par la vitesse maximale et en allant jusqu&rsquo;\u00e0 un nombre infini de t\u00e9l\u00e9chargements en m\u00eame temps jusqu&rsquo;\u00e0 un espace de stockage plus grand.<br \/>\n<\/span><\/p>\n<h2><span lang=\"de\">Smoozed Hoster List &#8211; tous les h\u00e9bergeurs de fichiers d&rsquo;un seul coup d&rsquo;\u0153il<br \/>\n<\/span><\/h2>\n<p class=\"normal\"><span lang=\"de\">La s\u00e9lection des h\u00e9bergeurs de fichiers est tr\u00e8s large avec plus de 40 fournisseurs, et nous aimerions vous pr\u00e9senter la liste Smoozed Hoster ci-dessous afin que vous puissiez voir quels h\u00e9bergeurs de fichiers sont inclus dans le compte Smoozed Premium.<\/span><\/p>\n\n<table id=\"tablepress-11\" class=\"tablepress tablepress-id-11\">\n<tbody class=\"row-hover\">\n<tr class=\"row-1 odd\">\n\t<td class=\"column-1\">alfafile<\/td><td class=\"column-2\">airpravod<\/td><td class=\"column-3\">bigfile<\/td><td class=\"column-4\">datafile<\/td>\n<\/tr>\n<tr class=\"row-2 even\">\n\t<td class=\"column-1\">depfile<\/td><td class=\"column-2\">depostfile<\/td><td class=\"column-3\">easybytez<\/td><td class=\"column-4\">file<\/td>\n<\/tr>\n<tr class=\"row-3 odd\">\n\t<td class=\"column-1\">fileboom<\/td><td class=\"column-2\">filefactory<\/td><td class=\"column-3\">filespace<\/td><td class=\"column-4\">flash-x<\/td>\n<\/tr>\n<tr class=\"row-4 even\">\n\t<td class=\"column-1\">giapeta<\/td><td class=\"column-2\">hitfile<\/td><td class=\"column-3\">keep2share<\/td><td class=\"column-4\">letitbit<\/td>\n<\/tr>\n<tr class=\"row-5 odd\">\n\t<td class=\"column-1\">nowvideo<\/td><td class=\"column-2\">oboom<\/td><td class=\"column-3\">powerwatch<\/td><td class=\"column-4\">rapidgator<\/td>\n<\/tr>\n<tr class=\"row-6 even\">\n\t<td class=\"column-1\">rapidrar<\/td><td class=\"column-2\">rapidu<\/td><td class=\"column-3\">rockfile<\/td><td class=\"column-4\">salefiles<\/td>\n<\/tr>\n<tr class=\"row-7 odd\">\n\t<td class=\"column-1\">share-online<\/td><td class=\"column-2\">shared<\/td><td class=\"column-3\">streamcloud<\/td><td class=\"column-4\">tezfiles<\/td>\n<\/tr>\n<tr class=\"row-8 even\">\n\t<td class=\"column-1\">turbobit<\/td><td class=\"column-2\">tusfiles<\/td><td class=\"column-3\">uploaded<\/td><td class=\"column-4\">uploadrocket<\/td>\n<\/tr>\n<tr class=\"row-9 odd\">\n\t<td class=\"column-1\">uptobox<\/td><td class=\"column-2\">userscloud<\/td><td class=\"column-3\">vidto<\/td><td class=\"column-4\">vip-file<\/td>\n<\/tr>\n<tr class=\"row-10 even\">\n\t<td class=\"column-1\">vivo<\/td><td class=\"column-2\">1fichier<\/td><td class=\"column-3\">2shared<\/td><td class=\"column-4\">4 shared<\/td>\n<\/tr>\n<\/tbody>\n<\/table>\n<!-- #tablepress-11 from cache -->\n<h2><span lang=\"de\">Notre conclusion sur Smoozed<br \/>\n<\/span><\/h2>\n<p class=\"normal\"><span lang=\"de\">Smoozed est l&rsquo;h\u00e9bergeur id\u00e9al pour tous ceux qui recherchent une s\u00e9lection particuli\u00e8rement large, avec plus de 40 h\u00e9bergeurs de fichiers diff\u00e9rents, et l&rsquo;acc\u00e8s VPN Smoozed est une fonctionnalit\u00e9 pr\u00e9cieuse.<br \/>\n<\/span><\/p>\n<p class=\"normal\"><span lang=\"de\">Au total, trois taux de primes Smoozed Premium sont disponibles, qui offrent la m\u00eame gamme de services pour des dur\u00e9es diff\u00e9rentes, avec une dur\u00e9e de contrat d&rsquo;un mois, six mois ou un an. Les m\u00e9thodes de paiement disponibles sont Bitcoin, SEPA express et Handypay, mais le paiement par paysafecard ne fonctionne pas pour Smoozed.<br \/>\n<\/span><\/p>\n<p class=\"normal\"><span lang=\"de\">Smoozed vous promet un traitement fiable de vos donn\u00e9es et vous offre un service \u00e0 la client\u00e8le en allemand et en anglais.<br \/>\n<\/span><\/p>\n<p class=\"normal\"><span lang=\"de\">Avec un Smoozed Premium Account, vous pouvez non seulement utiliser le pr\u00e9cieux service de nombreux h\u00e9bergeurs de fichiers, mais aussi recevoir des commissions attrayantes gr\u00e2ce au mod\u00e8le de r\u00e9mun\u00e9ration.<br \/>\n<\/span><\/p>\n<p><a class=\"fasc-button fasc-size-xlarge fasc-type-glossy fasc-rounded-medium ico-fa fasc-ico-after fa-share\" style=\"background-color: #43585e; color: #ffffff;\" rel=\"nofollow\" href=\"https:\/\/multihoster.org\/smoozed\/goto\/\">Allez sur Smoozed.com<\/a><\/p>\n","protected":false},"excerpt":{"rendered":"<p>Smoozed se d\u00e9crit comme une jeune entreprise en plein essor qui offre une gamme int\u00e9ressante de diff\u00e9rents services interm\u00e9diaires, y<\/p>\n","protected":false},"author":2,"featured_media":0,"parent":0,"menu_order":0,"comment_status":"closed","ping_status":"closed","template":"","meta":[],"yoast_head":"<!-- This site is optimized with the Yoast SEO plugin v18.3 - https:\/\/yoast.com\/wordpress\/plugins\/seo\/ -->\n<title>lll\u25b7 Smoozed Premium Account s\u00e9rieux ou non +++++ Test sur Multihoster.org<\/title>\n<meta name=\"description\" content=\"Si Smoozed est un fournisseur de bonne r\u00e9putation ou non, vous pouvez trouver la r\u00e9ponse dans le test actuel sur Multihoster.org \u279c Cliquez maintenant sur \u271a pour lire nos exp\u00e9riences !\" \/>\n<meta name=\"robots\" content=\"index, follow, max-snippet:-1, max-image-preview:large, max-video-preview:-1\" \/>\n<link rel=\"canonical\" href=\"https:\/\/multihoster.org\/fr\/smoozed\/\" \/>\n<meta property=\"og:locale\" content=\"fr_FR\" \/>\n<meta property=\"og:type\" content=\"article\" \/>\n<meta property=\"og:title\" content=\"lll\u25b7 Smoozed Premium Account s\u00e9rieux ou non +++++ Test sur Multihoster.org\" \/>\n<meta property=\"og:description\" content=\"Si Smoozed est un fournisseur de bonne r\u00e9putation ou non, vous pouvez trouver la r\u00e9ponse dans le test actuel sur Multihoster.org \u279c Cliquez maintenant sur \u271a pour lire nos exp\u00e9riences !\" \/>\n<meta property=\"og:url\" content=\"https:\/\/multihoster.org\/fr\/smoozed\/\" \/>\n<meta property=\"og:site_name\" content=\"Multihoster.org\" \/>\n<meta property=\"article:modified_time\" content=\"2018-09-12T06:48:18+00:00\" \/>\n<meta property=\"og:image\" content=\"https:\/\/multihoster.org\/wp-content\/uploads\/2018\/05\/smoozed_logo.jpg\" \/>\n<meta name=\"twitter:card\" content=\"summary\" \/>\n<meta name=\"twitter:label1\" content=\"Dur\u00e9e de lecture estim\u00e9e\" \/>\n\t<meta name=\"twitter:data1\" content=\"6 minutes\" \/>\n<script type=\"application\/ld+json\" class=\"yoast-schema-graph\">{\"@context\":\"https:\/\/schema.org\",\"@graph\":[{\"@type\":\"WebSite\",\"@id\":\"https:\/\/multihoster.org\/#website\",\"url\":\"https:\/\/multihoster.org\/\",\"name\":\"Multihoster.org\",\"description\":\"Reviews of the major Filehosting services\",\"potentialAction\":[{\"@type\":\"SearchAction\",\"target\":{\"@type\":\"EntryPoint\",\"urlTemplate\":\"https:\/\/multihoster.org\/?s={search_term_string}\"},\"query-input\":\"required name=search_term_string\"}],\"inLanguage\":\"fr-FR\"},{\"@type\":\"ImageObject\",\"@id\":\"https:\/\/multihoster.org\/fr\/smoozed\/#primaryimage\",\"inLanguage\":\"fr-FR\",\"url\":\"https:\/\/multihoster.org\/wp-content\/uploads\/2018\/05\/smoozed_logo.jpg\",\"contentUrl\":\"https:\/\/multihoster.org\/wp-content\/uploads\/2018\/05\/smoozed_logo.jpg\",\"width\":574,\"height\":264},{\"@type\":\"WebPage\",\"@id\":\"https:\/\/multihoster.org\/fr\/smoozed\/#webpage\",\"url\":\"https:\/\/multihoster.org\/fr\/smoozed\/\",\"name\":\"lll\u25b7 Smoozed Premium Account s\u00e9rieux ou non +++++ Test sur Multihoster.org\",\"isPartOf\":{\"@id\":\"https:\/\/multihoster.org\/#website\"},\"primaryImageOfPage\":{\"@id\":\"https:\/\/multihoster.org\/fr\/smoozed\/#primaryimage\"},\"datePublished\":\"2018-05-22T16:50:17+00:00\",\"dateModified\":\"2018-09-12T06:48:18+00:00\",\"description\":\"Si Smoozed est un fournisseur de bonne r\u00e9putation ou non, vous pouvez trouver la r\u00e9ponse dans le test actuel sur Multihoster.org \u279c Cliquez maintenant sur \u271a pour lire nos exp\u00e9riences !\",\"breadcrumb\":{\"@id\":\"https:\/\/multihoster.org\/fr\/smoozed\/#breadcrumb\"},\"inLanguage\":\"fr-FR\",\"potentialAction\":[{\"@type\":\"ReadAction\",\"target\":[\"https:\/\/multihoster.org\/fr\/smoozed\/\"]}]},{\"@type\":\"BreadcrumbList\",\"@id\":\"https:\/\/multihoster.org\/fr\/smoozed\/#breadcrumb\",\"itemListElement\":[{\"@type\":\"ListItem\",\"position\":1,\"name\":\"Startseite\",\"item\":\"https:\/\/multihoster.org\/fr\/\"},{\"@type\":\"ListItem\",\"position\":2,\"name\":\"Smoozed &#8211; Le Multihoster en un coup d&rsquo;\u0153il\"}]}]}<\/script>\n<!-- \/ Yoast SEO plugin. -->","yoast_head_json":{"title":"lll\u25b7 Smoozed Premium Account s\u00e9rieux ou non +++++ Test sur Multihoster.org","description":"Si Smoozed est un fournisseur de bonne r\u00e9putation ou non, vous pouvez trouver la r\u00e9ponse dans le test actuel sur Multihoster.org \u279c Cliquez maintenant sur \u271a pour lire nos exp\u00e9riences !","robots":{"index":"index","follow":"follow","max-snippet":"max-snippet:-1","max-image-preview":"max-image-preview:large","max-video-preview":"max-video-preview:-1"},"canonical":"https:\/\/multihoster.org\/fr\/smoozed\/","og_locale":"fr_FR","og_type":"article","og_title":"lll\u25b7 Smoozed Premium Account s\u00e9rieux ou non +++++ Test sur Multihoster.org","og_description":"Si Smoozed est un fournisseur de bonne r\u00e9putation ou non, vous pouvez trouver la r\u00e9ponse dans le test actuel sur Multihoster.org \u279c Cliquez maintenant sur \u271a pour lire nos exp\u00e9riences !","og_url":"https:\/\/multihoster.org\/fr\/smoozed\/","og_site_name":"Multihoster.org","article_modified_time":"2018-09-12T06:48:18+00:00","og_image":[{"url":"https:\/\/multihoster.org\/wp-content\/uploads\/2018\/05\/smoozed_logo.jpg"}],"twitter_card":"summary","twitter_misc":{"Dur\u00e9e de lecture estim\u00e9e":"6 minutes"},"schema":{"@context":"https:\/\/schema.org","@graph":[{"@type":"WebSite","@id":"https:\/\/multihoster.org\/#website","url":"https:\/\/multihoster.org\/","name":"Multihoster.org","description":"Reviews of the major Filehosting services","potentialAction":[{"@type":"SearchAction","target":{"@type":"EntryPoint","urlTemplate":"https:\/\/multihoster.org\/?s={search_term_string}"},"query-input":"required name=search_term_string"}],"inLanguage":"fr-FR"},{"@type":"ImageObject","@id":"https:\/\/multihoster.org\/fr\/smoozed\/#primaryimage","inLanguage":"fr-FR","url":"https:\/\/multihoster.org\/wp-content\/uploads\/2018\/05\/smoozed_logo.jpg","contentUrl":"https:\/\/multihoster.org\/wp-content\/uploads\/2018\/05\/smoozed_logo.jpg","width":574,"height":264},{"@type":"WebPage","@id":"https:\/\/multihoster.org\/fr\/smoozed\/#webpage","url":"https:\/\/multihoster.org\/fr\/smoozed\/","name":"lll\u25b7 Smoozed Premium Account s\u00e9rieux ou non +++++ Test sur Multihoster.org","isPartOf":{"@id":"https:\/\/multihoster.org\/#website"},"primaryImageOfPage":{"@id":"https:\/\/multihoster.org\/fr\/smoozed\/#primaryimage"},"datePublished":"2018-05-22T16:50:17+00:00","dateModified":"2018-09-12T06:48:18+00:00","description":"Si Smoozed est un fournisseur de bonne r\u00e9putation ou non, vous pouvez trouver la r\u00e9ponse dans le test actuel sur Multihoster.org \u279c Cliquez maintenant sur \u271a pour lire nos exp\u00e9riences !","breadcrumb":{"@id":"https:\/\/multihoster.org\/fr\/smoozed\/#breadcrumb"},"inLanguage":"fr-FR","potentialAction":[{"@type":"ReadAction","target":["https:\/\/multihoster.org\/fr\/smoozed\/"]}]},{"@type":"BreadcrumbList","@id":"https:\/\/multihoster.org\/fr\/smoozed\/#breadcrumb","itemListElement":[{"@type":"ListItem","position":1,"name":"Startseite","item":"https:\/\/multihoster.org\/fr\/"},{"@type":"ListItem","position":2,"name":"Smoozed &#8211; Le Multihoster en un coup d&rsquo;\u0153il"}]}]}},"_links":{"self":[{"href":"https:\/\/multihoster.org\/fr\/wp-json\/wp\/v2\/pages\/440"}],"collection":[{"href":"https:\/\/multihoster.org\/fr\/wp-json\/wp\/v2\/pages"}],"about":[{"href":"https:\/\/multihoster.org\/fr\/wp-json\/wp\/v2\/types\/page"}],"author":[{"embeddable":true,"href":"https:\/\/multihoster.org\/fr\/wp-json\/wp\/v2\/users\/2"}],"replies":[{"embeddable":true,"href":"https:\/\/multihoster.org\/fr\/wp-json\/wp\/v2\/comments?post=440"}],"version-history":[{"count":7,"href":"https:\/\/multihoster.org\/fr\/wp-json\/wp\/v2\/pages\/440\/revisions"}],"predecessor-version":[{"id":1405,"href":"https:\/\/multihoster.org\/fr\/wp-json\/wp\/v2\/pages\/440\/revisions\/1405"}],"wp:attachment":[{"href":"https:\/\/multihoster.org\/fr\/wp-json\/wp\/v2\/media?parent=440"}],"curies":[{"name":"wp","href":"https:\/\/api.w.org\/{rel}","templated":true}]}}