{"id":4420,"date":"2020-04-23T13:10:23","date_gmt":"2020-04-23T13:10:23","guid":{"rendered":"https:\/\/multihoster.org\/vidto\/"},"modified":"2020-04-23T14:21:57","modified_gmt":"2020-04-23T14:21:57","slug":"vidto","status":"publish","type":"page","link":"https:\/\/multihoster.org\/fr\/vidto\/","title":{"rendered":"Vidto Premium Compte: Le meilleur site pour les services de streaming"},"content":{"rendered":"<a class=\"maxbutton-2 maxbutton maxbutton-cta\" target=\"_blank\" rel=\"nofollow noopener\" href=\"\/go\/\"><span class='mb-text'>&gt;&gt; Acc\u00e9der au site original de Linkifier<\/span><\/a>\n\n\n<p><\/p>\n\n\n\n<h2>Qu&rsquo;est-ce que Vidto ?<\/h2>\n\n\n\n<p>Vidto est l&rsquo;un des meilleurs sites pour les services de streaming. Les gens peuvent utiliser leur site pour diffuser en continu des vid\u00e9os telles que des documentaires, des dessins anim\u00e9s ou des anime, des films, des spectacles et d&rsquo;autres genres de vid\u00e9os. Le site Vidto est accessible sur tout appareil disposant d&rsquo;une connexion internet. Les utilisateurs peuvent acc\u00e9der \u00e0 leur site sur les navigateurs web pour commencer la diffusion en continu.<\/p>\n\n\n\n<h2>Vidto Premium Compte<\/h2>\n\n\n\n<p>Les avantages d&rsquo;un Vidto Premium Compte<\/p>\n\n\n\n<ul><li>Les utilisateurs peuvent t\u00e9l\u00e9charger toutes les vid\u00e9os du site de Vidto sans avoir \u00e0 attendre<\/li><li>Les utilisateurs b\u00e9n\u00e9ficieront d&rsquo;une vitesse tr\u00e8s \u00e9lev\u00e9e pour t\u00e9l\u00e9charger des vid\u00e9os et les diffuser en continu \u00e0 l&rsquo;aide du compte Vidto Premium.<\/li><li>Il n&rsquo;y a pas de publicit\u00e9 sur les pages web du site de Vidto.<\/li><li>Les utilisateurs b\u00e9n\u00e9ficieront d&rsquo;une vitesse de streaming tr\u00e8s rapide pour les vid\u00e9os.<\/li><li>Les utilisateurs peuvent utiliser diff\u00e9rents gestionnaires de t\u00e9l\u00e9chargement ou logiciels ou sites de t\u00e9l\u00e9chargement s&rsquo;ils souhaitent t\u00e9l\u00e9charger des vid\u00e9os \u00e0 partir du site de Vidto.<\/li><li>Les utilisateurs peuvent visionner toutes les vid\u00e9os en haute d\u00e9finition ou en haute qualit\u00e9.<\/li><li>Les utilisateurs peuvent lire ou diffuser des vid\u00e9os en ligne et hors ligne.<\/li><li>Les utilisateurs peuvent enregistrer des vid\u00e9os en mode hors ligne.<\/li><\/ul>\n\n\n\n<h2>Vidto: T\u00e9l\u00e9chargement de vid\u00e9os<\/h2>\n\n\n\n<p>Les utilisateurs doivent savoir certaines choses sur le t\u00e9l\u00e9chargement de vid\u00e9os sur Vidto :<\/p>\n\n\n\n<p><strong>Q1 : Que doivent faire les utilisateurs s&rsquo;ils ne peuvent pas t\u00e9l\u00e9charger de vid\u00e9os sur le site de Vidto ?<\/strong><\/p>\n\n\n\n<p>A1 : Si les utilisateurs ne peuvent pas t\u00e9l\u00e9charger de vid\u00e9os \u00e0 partir du site de Vidto, ils peuvent utiliser n&rsquo;importe quel logiciel ou n&rsquo;importe quelle application d&rsquo;enregistrement vid\u00e9o ou de capture d&rsquo;\u00e9cran pour enregistrer la vid\u00e9o avec le son dont les utilisateurs ont besoin sur leur \u00e9cran. C&rsquo;est ce qu&rsquo;ils appellent aussi la m\u00e9thode \u00ab\u00a0Raw Recording\u00a0\u00bb.<\/p>\n\n\n\n<p><strong>Q2 : Les utilisateurs peuvent-ils ouvrir et lire sur leurs appareils les vid\u00e9os qu&rsquo;ils ont t\u00e9l\u00e9charg\u00e9es sur le site de Vidto ?<\/strong><\/p>\n\n\n\n<p>A2 : Oui, lorsque les utilisateurs ont t\u00e9l\u00e9charg\u00e9 les vid\u00e9os en utilisant un t\u00e9l\u00e9chargeur sur leur appareil, celui-ci convertit g\u00e9n\u00e9ralement automatiquement le fichier vid\u00e9o en une vid\u00e9o de type mp4, afin qu&rsquo;ils puissent ouvrir et lire les vid\u00e9os qu&rsquo;ils ont t\u00e9l\u00e9charg\u00e9es sur le site de Vidto. <\/p>\n\n\n\n<p><strong>Q3 : Les utilisateurs peuvent-ils partager les vid\u00e9os qu&rsquo;ils ont t\u00e9l\u00e9charg\u00e9es sur le site de Vidto avec d&rsquo;autres personnes ?<\/strong><\/p>\n\n\n\n<p>A3 : Apr\u00e8s avoir t\u00e9l\u00e9charg\u00e9 des vid\u00e9os du site de Vidto, les utilisateurs ne peuvent utiliser ces vid\u00e9os que pour leur usage personnel, mais ils ne peuvent pas les partager sur les m\u00e9dias sociaux ni les envoyer \u00e0 d&rsquo;autres personnes utilisant l&rsquo;outil ou l&rsquo;application de partage sur leurs appareils. <\/p>\n\n\n\n<p><strong>Q4 : Les utilisateurs peuvent-ils convertir la vid\u00e9o en d&rsquo;autres formats vid\u00e9o apr\u00e8s l&rsquo;avoir t\u00e9l\u00e9charg\u00e9e \u00e0 partir du site de Vidto ?<\/strong><\/p>\n\n\n\n<p>A4 : Oui, les utilisateurs peuvent convertir la vid\u00e9o en d&rsquo;autres formats vid\u00e9o qu&rsquo;ils veulent et qu&rsquo;ils ont t\u00e9l\u00e9charg\u00e9s sur le c\u00f4t\u00e9 de Vidto.<\/p>\n\n\n\n<p><strong>Q5 : Le t\u00e9l\u00e9chargement de vid\u00e9os \u00e0 partir du site de Vidto est-il l\u00e9gal ou non ?<\/strong><\/p>\n\n\n\n<p>A5 : Oui, il est s\u00fbr et l\u00e9gal de t\u00e9l\u00e9charger des vid\u00e9os depuis le site de Vidto, mais cela d\u00e9pend de leurs conditions g\u00e9n\u00e9rales car il existe des vid\u00e9os avec des droits d&rsquo;auteur, les utilisateurs devront donc d&rsquo;abord demander la permission au propri\u00e9taire de la vid\u00e9o.<\/p>\n\n\n\n<h3>Que faut-il prendre en compte lorsque les utilisateurs recherchent un t\u00e9l\u00e9chargeur de vid\u00e9os ?<\/h3>\n\n\n\n<p>Lorsque les utilisateurs recherchent un t\u00e9l\u00e9chargeur de vid\u00e9os, ils doivent tenir compte des \u00e9l\u00e9ments suivants.  <\/p>\n\n\n\n<ul><li>Les utilisateurs doivent v\u00e9rifier si l&rsquo;interface graphique du logiciel, du site ou de l&rsquo;application est claire, simple et conviviale.<\/li><li>Le Video Downloader contient-il une seule ou plusieurs fonctions ?<\/li><li>Les utilisateurs doivent v\u00e9rifier si le t\u00e9l\u00e9chargeur de vid\u00e9os dispose d&rsquo;une fonction de conversion des vid\u00e9os t\u00e9l\u00e9charg\u00e9es en diff\u00e9rents types ou formats de vid\u00e9o.<\/li><\/ul>\n\n\n\n<h3>T\u00e9l\u00e9charger des vid\u00e9os de Vidto \u00e0 l&rsquo;aide de t\u00e9l\u00e9phones portables<\/h3>\n\n\n\n<p>Certains utilisateurs souhaitent t\u00e9l\u00e9charger des vid\u00e9os avec leur t\u00e9l\u00e9phone portable. Vidto leur permet donc d&rsquo;utiliser leur t\u00e9l\u00e9phone portable et de t\u00e9l\u00e9charger un t\u00e9l\u00e9chargeur de vid\u00e9os qu&rsquo;ils peuvent t\u00e9l\u00e9charger directement depuis Vidto. Ils peuvent utiliser le Google Play Store ou l&rsquo;App Store pour rechercher un t\u00e9l\u00e9chargeur de vid\u00e9os.<\/p>\n\n\n<a class=\"maxbutton-2 maxbutton maxbutton-cta\" target=\"_blank\" rel=\"nofollow noopener\" href=\"\/go\/\"><span class='mb-text'>&gt;&gt; Acc\u00e9der au site original de Linkifier<\/span><\/a>\n\n\n<h2>Vidto: Abonnement<\/h2>\n\n\n\n<p>Pour t\u00e9l\u00e9charger les vid\u00e9os, les utilisateurs peuvent s&rsquo;abonner \u00e0 Vidto. Une fois qu&rsquo;ils se sont abonn\u00e9s, ils peuvent enregistrer toutes les vid\u00e9os afin de les lire en mode hors ligne. C&rsquo;est une d\u00e9cision tr\u00e8s importante de s&rsquo;abonner.<\/p>\n\n\n\n<h2>Vidto: Acc\u00e8s au site<\/h2>\n\n\n\n<h3>Que faire si le site de Vidto est en panne du c\u00f4t\u00e9 de l&rsquo;utilisateur ?<\/h3>\n\n\n\n<p>Si les utilisateurs essaient d&rsquo;acc\u00e9der au site de Vidto, mais que cela arrive et semble \u00eatre en panne, ils doivent alors essayer de suivre les six (6) m\u00e9thodes de d\u00e9pannage ci-dessous.<\/p>\n\n\n\n<p>1st Way \u2192 Les utilisateurs doivent essayer de rafra\u00eechir leur navigateur web en appuyant simultan\u00e9ment sur les touches CTRL + F5 ou ils peuvent simplement appuyer sur la touche F5. Si le probl\u00e8me n&rsquo;est toujours pas r\u00e9solu, veuillez passer \u00e0 la deuxi\u00e8me voie.<\/p>\n\n\n\n<p>2nd Way \u2192 Les utilisateurs doivent v\u00e9rifier leur connexion internet. Ils doivent \u00e9teindre leur <a href=\"https:\/\/www.lifewire.com\/difference-between-modem-and-router-4159854\" target=\"_blank\" rel=\"noreferrer noopener\" aria-label=\"modem ou leur routeur (opens in a new tab)\">modem ou leur routeur<\/a> et red\u00e9marrer leurs appareils. Apr\u00e8s avoir red\u00e9marr\u00e9 leur appareil, il faut le rallumer (modem ou routeur). Faites le nettoyage des cookies et des <a href=\"https:\/\/en.wikipedia.org\/wiki\/Cache_(computing)\" target=\"_blank\" rel=\"noreferrer noopener\" aria-label=\"caches (opens in a new tab)\">caches<\/a>. Si le probl\u00e8me n&rsquo;est toujours pas r\u00e9solu, veuillez passer \u00e0 la troisi\u00e8me voie.<\/p>\n\n\n\n<p>3e voie \u2192 Les utilisateurs doivent v\u00e9rifier les param\u00e8tres du pare-feu de leurs appareils car cela peut \u00eatre l&rsquo;une des raisons pour lesquelles le site de Vidto ne peut \u00eatre acc\u00e9d\u00e9 correctement. Ils peuvent d\u00e9sactiver temporairement les antivirus ou les pare-feux. Ainsi, si le site de Vidto est accessible maintenant apr\u00e8s avoir d\u00e9sactiv\u00e9 les antivirus ou le pare-feu, cela signifie que le logiciel de l&rsquo;appareil de l&rsquo;utilisateur est \u00e0 l&rsquo;origine du probl\u00e8me. Si le probl\u00e8me n&rsquo;est toujours pas r\u00e9solu, veuillez alors passer \u00e0 la quatri\u00e8me voie.<\/p>\n\n\n\n<p>4th Way \u2192 Les utilisateurs doivent v\u00e9rifier les param\u00e8tres du proxy de leur r\u00e9seau, puis ils peuvent r\u00e9gler le serveur proxy sur automatique ou ils peuvent contacter leur administrateur de r\u00e9seau pour s&rsquo;assurer que le serveur proxy r\u00e9gl\u00e9 fonctionne. Si le probl\u00e8me n&rsquo;est toujours pas r\u00e9solu, veuillez passer \u00e0 la 5e voie.<\/p>\n\n\n\n<p>5th Way \u2192 Les utilisateurs doivent v\u00e9rifier les param\u00e8tres de leur r\u00e9seau et essayer d&rsquo;ajouter le site de Vidto dans les sites de confiance du navigateur web. Si le probl\u00e8me n&rsquo;est toujours pas r\u00e9solu, veuillez passer \u00e0 la sixi\u00e8me voie.<\/p>\n\n\n\n<p>6th Way \u2192 Si le probl\u00e8me persiste, le syst\u00e8me de noms de domaine ou DNS pourrait en \u00eatre la cause. Il s&rsquo;agit d&rsquo;un service qui traduit le nom de domaine de Vidto en un format de protocole Internet ou d&rsquo;adresse IP qu&rsquo;un ordinateur peut comprendre. Les utilisateurs peuvent effacer ou vider le DNS en entrant la commande \u00ab\u00a0ipconfig \/flushdns\u00a0\u00bb \u00e0 l&rsquo;invite de commande de leur appareil, que ce dernier fonctionne sous Windows, MAC OS ou Linux. Si cela ne fonctionne toujours pas, ils peuvent contacter le fournisseur de services Internet ou le FAI est celui qui est responsable de la gestion du DNS.<\/p>\n\n\n\n<h3>Que faire s&rsquo;il y a un probl\u00e8me avec le site de Vidto ?<\/h3>\n\n\n\n<p>Si les utilisateurs essaient d&rsquo;acc\u00e9der \u00e0 Vidto, mais que le site a un probl\u00e8me \u00e0 cause de son serveur, ils doivent alors essayer de faire les deux (2) fa\u00e7ons ci-dessous.<\/p>\n\n\n\n<ol><li>Les utilisateurs peuvent essayer de rafra\u00eechir le site ou de red\u00e9marrer le service du client DNS.<\/li><li>Les utilisateurs peuvent attendre que le site de Vidto soit \u00e0 nouveau op\u00e9rationnel.<\/li><li>Les utilisateurs peuvent soumettre leurs questions ou pr\u00e9occupations sur leur compte de m\u00e9dia social sur Facebook ou Twitter.<\/li><\/ol>\n\n\n\n<h2>Vidto: Vid\u00e9os en streaming<\/h2>\n\n\n\n<p><strong>Alors, que signifie le streaming ?<\/strong><\/p>\n\n\n\n<p>Le streaming signifie qu&rsquo;il s&rsquo;agit du transfert continu des donn\u00e9es d&rsquo;un ou de plusieurs fichiers, y compris les audios ou les sons et les vid\u00e9os, d&rsquo;un serveur \u00e0 un client sp\u00e9cifique. Un exemple simple est le fait de regarder une \u00e9mission de t\u00e9l\u00e9vision ou d&rsquo;\u00e9couter un podcast ou de la musique avec son appareil connect\u00e9 \u00e0 Internet. Ces actions ne sont pas comme lorsque les utilisateurs t\u00e9l\u00e9chargent un ou plusieurs fichiers puis y acc\u00e8dent plus tard, car elles sont effectu\u00e9es en temps r\u00e9el. Avec le streaming, le fichier vid\u00e9o qui est diffus\u00e9 en continu sur l&rsquo;appareil de l&rsquo;utilisateur est stock\u00e9 \u00e0 distance et il est transmis sur le r\u00e9seau.<\/p>\n\n\n\n<p>Avec le streaming, les utilisateurs peuvent utiliser le navigateur web ou un plug-in ou une extension ou une application pour commencer \u00e0 lire la vid\u00e9o avant que toutes les donn\u00e9es de la vid\u00e9o n&rsquo;aient \u00e9t\u00e9 transmises par l&rsquo;interm\u00e9diaire de l&rsquo;internet.<\/p>\n\n\n\n<figure class=\"wp-block-table\"><table class=\"\"><tbody><tr><td class=\"has-text-align-center\" data-align=\"center\"><strong>Les facteurs qui peuvent affecter la diffusion en continu<\/strong><\/td><\/tr><\/tbody><\/table><\/figure>\n\n\n\n<figure class=\"wp-block-table\"><table class=\"\"><tbody><tr><td>Le c\u00f4t\u00e9 r\u00e9seau<\/td><td>Le c\u00f4t\u00e9 de l&rsquo;utilisateur<\/td><\/tr><tr><td>Pour la latence du r\u00e9seau. \u2192 Il y a diff\u00e9rents facteurs qui influent sur la latence, notamment l&#8217;emplacement du contenu o\u00f9 les utilisateurs essaient d&rsquo;acc\u00e9der aux fichiers qui y sont stock\u00e9s.<\/td><td>Pour les probl\u00e8mes de Wireless Fidelity ou de WiFi. \u2192 Si les utilisateurs red\u00e9marrent le modem ou le routeur, ou s&rsquo;il y a des changements dans Ethernet, cela peut aider \u00e0 am\u00e9liorer ou \u00e0 augmenter la performance du streaming.<\/td><\/tr><tr><td>Pour la congestion du r\u00e9seau. \u2192 Il s&rsquo;agit du moment o\u00f9 un grand nombre de donn\u00e9es sont envoy\u00e9es sur le r\u00e9seau. Cela peut entra\u00eener un d\u00e9classement ou une diminution des performances de la diffusion en continu.<\/td><td>Pour les appareils des utilisateurs qui ont des performances lentes. \u2192 Pour la lecture de vid\u00e9os, un appareil doit avoir une puissance de traitement suffisante ou importante, car lorsque les utilisateurs diffusent une vid\u00e9o en continu et que d&rsquo;autres applications fonctionnent en arri\u00e8re-plan, cela a un impact sur les performances de diffusion en continu. Le flux sera \u00e9galement lent.<\/td><\/tr><tr><td><br><\/td><td>Pour la quantit\u00e9 de bande passante. \u2192 Habituellement, un r\u00e9seau domestique a besoin d&rsquo;environ quatre m\u00e9gaoctets par seconde (4 Mbps) de bande passante pour lire une vid\u00e9o de bonne qualit\u00e9, mais pour les vid\u00e9os haute d\u00e9finition, le r\u00e9seau domestique aura besoin de plus que quatre m\u00e9gaoctets par seconde (4 Mbps).<\/td><\/tr><\/tbody><\/table><\/figure>\n\n\n<a class=\"maxbutton-2 maxbutton maxbutton-cta\" target=\"_blank\" rel=\"nofollow noopener\" href=\"\/go\/\"><span class='mb-text'>&gt;&gt; Acc\u00e9der au site original de Linkifier<\/span><\/a>","protected":false},"excerpt":{"rendered":"<p>Qu&rsquo;est-ce que Vidto ? Vidto est l&rsquo;un des meilleurs sites pour les services de streaming. Les gens peuvent utiliser leur<\/p>\n","protected":false},"author":2,"featured_media":0,"parent":0,"menu_order":0,"comment_status":"closed","ping_status":"closed","template":"","meta":[],"yoast_head":"<!-- This site is optimized with the Yoast SEO plugin v18.3 - https:\/\/yoast.com\/wordpress\/plugins\/seo\/ -->\n<title>Vidto Premium Compte \u2013 Le meilleur site pour les services de streaming<\/title>\n<meta name=\"description\" content=\"Que Vidto soit un fournisseur r\u00e9put\u00e9 ou non, vous pouvez trouver la r\u00e9ponse dans le test actuel sur Multihoster.org \u279c Cliquez maintenant sur \u271a pour lire nos exp\u00e9riences !\" \/>\n<meta name=\"robots\" content=\"index, follow, max-snippet:-1, max-image-preview:large, max-video-preview:-1\" \/>\n<link rel=\"canonical\" href=\"https:\/\/multihoster.org\/fr\/vidto\/\" \/>\n<meta property=\"og:locale\" content=\"fr_FR\" \/>\n<meta property=\"og:type\" content=\"article\" \/>\n<meta property=\"og:title\" content=\"Vidto Premium Compte \u2013 Le meilleur site pour les services de streaming\" \/>\n<meta property=\"og:description\" content=\"Que Vidto soit un fournisseur r\u00e9put\u00e9 ou non, vous pouvez trouver la r\u00e9ponse dans le test actuel sur Multihoster.org \u279c Cliquez maintenant sur \u271a pour lire nos exp\u00e9riences !\" \/>\n<meta property=\"og:url\" content=\"https:\/\/multihoster.org\/fr\/vidto\/\" \/>\n<meta property=\"og:site_name\" content=\"Multihoster.org\" \/>\n<meta property=\"article:modified_time\" content=\"2020-04-23T14:21:57+00:00\" \/>\n<meta name=\"twitter:card\" content=\"summary\" \/>\n<meta name=\"twitter:label1\" content=\"Dur\u00e9e de lecture estim\u00e9e\" \/>\n\t<meta name=\"twitter:data1\" content=\"9 minutes\" \/>\n<script type=\"application\/ld+json\" class=\"yoast-schema-graph\">{\"@context\":\"https:\/\/schema.org\",\"@graph\":[{\"@type\":\"WebSite\",\"@id\":\"https:\/\/multihoster.org\/#website\",\"url\":\"https:\/\/multihoster.org\/\",\"name\":\"Multihoster.org\",\"description\":\"Reviews of the major Filehosting services\",\"potentialAction\":[{\"@type\":\"SearchAction\",\"target\":{\"@type\":\"EntryPoint\",\"urlTemplate\":\"https:\/\/multihoster.org\/?s={search_term_string}\"},\"query-input\":\"required name=search_term_string\"}],\"inLanguage\":\"fr-FR\"},{\"@type\":\"WebPage\",\"@id\":\"https:\/\/multihoster.org\/fr\/vidto\/#webpage\",\"url\":\"https:\/\/multihoster.org\/fr\/vidto\/\",\"name\":\"Vidto Premium Compte \u2013 Le meilleur site pour les services de streaming\",\"isPartOf\":{\"@id\":\"https:\/\/multihoster.org\/#website\"},\"datePublished\":\"2020-04-23T13:10:23+00:00\",\"dateModified\":\"2020-04-23T14:21:57+00:00\",\"description\":\"Que Vidto soit un fournisseur r\u00e9put\u00e9 ou non, vous pouvez trouver la r\u00e9ponse dans le test actuel sur Multihoster.org \u279c Cliquez maintenant sur \u271a pour lire nos exp\u00e9riences !\",\"breadcrumb\":{\"@id\":\"https:\/\/multihoster.org\/fr\/vidto\/#breadcrumb\"},\"inLanguage\":\"fr-FR\",\"potentialAction\":[{\"@type\":\"ReadAction\",\"target\":[\"https:\/\/multihoster.org\/fr\/vidto\/\"]}]},{\"@type\":\"BreadcrumbList\",\"@id\":\"https:\/\/multihoster.org\/fr\/vidto\/#breadcrumb\",\"itemListElement\":[{\"@type\":\"ListItem\",\"position\":1,\"name\":\"Startseite\",\"item\":\"https:\/\/multihoster.org\/fr\/\"},{\"@type\":\"ListItem\",\"position\":2,\"name\":\"Vidto Premium Compte: Le meilleur site pour les services de streaming\"}]}]}<\/script>\n<!-- \/ Yoast SEO plugin. -->","yoast_head_json":{"title":"Vidto Premium Compte \u2013 Le meilleur site pour les services de streaming","description":"Que Vidto soit un fournisseur r\u00e9put\u00e9 ou non, vous pouvez trouver la r\u00e9ponse dans le test actuel sur Multihoster.org \u279c Cliquez maintenant sur \u271a pour lire nos exp\u00e9riences !","robots":{"index":"index","follow":"follow","max-snippet":"max-snippet:-1","max-image-preview":"max-image-preview:large","max-video-preview":"max-video-preview:-1"},"canonical":"https:\/\/multihoster.org\/fr\/vidto\/","og_locale":"fr_FR","og_type":"article","og_title":"Vidto Premium Compte \u2013 Le meilleur site pour les services de streaming","og_description":"Que Vidto soit un fournisseur r\u00e9put\u00e9 ou non, vous pouvez trouver la r\u00e9ponse dans le test actuel sur Multihoster.org \u279c Cliquez maintenant sur \u271a pour lire nos exp\u00e9riences !","og_url":"https:\/\/multihoster.org\/fr\/vidto\/","og_site_name":"Multihoster.org","article_modified_time":"2020-04-23T14:21:57+00:00","twitter_card":"summary","twitter_misc":{"Dur\u00e9e de lecture estim\u00e9e":"9 minutes"},"schema":{"@context":"https:\/\/schema.org","@graph":[{"@type":"WebSite","@id":"https:\/\/multihoster.org\/#website","url":"https:\/\/multihoster.org\/","name":"Multihoster.org","description":"Reviews of the major Filehosting services","potentialAction":[{"@type":"SearchAction","target":{"@type":"EntryPoint","urlTemplate":"https:\/\/multihoster.org\/?s={search_term_string}"},"query-input":"required name=search_term_string"}],"inLanguage":"fr-FR"},{"@type":"WebPage","@id":"https:\/\/multihoster.org\/fr\/vidto\/#webpage","url":"https:\/\/multihoster.org\/fr\/vidto\/","name":"Vidto Premium Compte \u2013 Le meilleur site pour les services de streaming","isPartOf":{"@id":"https:\/\/multihoster.org\/#website"},"datePublished":"2020-04-23T13:10:23+00:00","dateModified":"2020-04-23T14:21:57+00:00","description":"Que Vidto soit un fournisseur r\u00e9put\u00e9 ou non, vous pouvez trouver la r\u00e9ponse dans le test actuel sur Multihoster.org \u279c Cliquez maintenant sur \u271a pour lire nos exp\u00e9riences !","breadcrumb":{"@id":"https:\/\/multihoster.org\/fr\/vidto\/#breadcrumb"},"inLanguage":"fr-FR","potentialAction":[{"@type":"ReadAction","target":["https:\/\/multihoster.org\/fr\/vidto\/"]}]},{"@type":"BreadcrumbList","@id":"https:\/\/multihoster.org\/fr\/vidto\/#breadcrumb","itemListElement":[{"@type":"ListItem","position":1,"name":"Startseite","item":"https:\/\/multihoster.org\/fr\/"},{"@type":"ListItem","position":2,"name":"Vidto Premium Compte: Le meilleur site pour les services de streaming"}]}]}},"_links":{"self":[{"href":"https:\/\/multihoster.org\/fr\/wp-json\/wp\/v2\/pages\/4420"}],"collection":[{"href":"https:\/\/multihoster.org\/fr\/wp-json\/wp\/v2\/pages"}],"about":[{"href":"https:\/\/multihoster.org\/fr\/wp-json\/wp\/v2\/types\/page"}],"author":[{"embeddable":true,"href":"https:\/\/multihoster.org\/fr\/wp-json\/wp\/v2\/users\/2"}],"replies":[{"embeddable":true,"href":"https:\/\/multihoster.org\/fr\/wp-json\/wp\/v2\/comments?post=4420"}],"version-history":[{"count":4,"href":"https:\/\/multihoster.org\/fr\/wp-json\/wp\/v2\/pages\/4420\/revisions"}],"predecessor-version":[{"id":4459,"href":"https:\/\/multihoster.org\/fr\/wp-json\/wp\/v2\/pages\/4420\/revisions\/4459"}],"wp:attachment":[{"href":"https:\/\/multihoster.org\/fr\/wp-json\/wp\/v2\/media?parent=4420"}],"curies":[{"name":"wp","href":"https:\/\/api.w.org\/{rel}","templated":true}]}}