{"id":461,"date":"2018-05-22T16:45:18","date_gmt":"2018-05-22T16:45:18","guid":{"rendered":"https:\/\/multihoster.org\/?page_id=461"},"modified":"2018-09-12T07:56:28","modified_gmt":"2018-09-12T07:56:28","slug":"uploaded","status":"publish","type":"page","link":"https:\/\/multihoster.org\/fr\/uploaded\/","title":{"rendered":"Uploaded Premium Debrideur &#8211; L&rsquo;h\u00e9bergeur de fichiers en un coup d&rsquo;\u0153il"},"content":{"rendered":"<p class=\"normal\"><span lang=\"de\"><img loading=\"lazy\" class=\"alignleft wp-image-260\" src=\"https:\/\/multihoster.org\/wp-content\/uploads\/2018\/05\/uploaded_logo.jpg\" alt=\"logo\" width=\"231\" height=\"135\" srcset=\"https:\/\/multihoster.org\/wp-content\/uploads\/2018\/05\/uploaded_logo.jpg 675w, https:\/\/multihoster.org\/wp-content\/uploads\/2018\/05\/uploaded_logo-300x175.jpg 300w\" sizes=\"(max-width: 231px) 100vw, 231px\" \/>Le fournisseur Uploaded est un service de stockage en nuage, qui vient de Suisse et offre un espace de stockage virtuel sur lequel les utilisateurs peuvent stocker leurs fichiers personnels. En plus d&rsquo;un large \u00e9ventail de taux de prime, le fournisseur offre \u00e9galement un compte gratuit. Vous pouvez donc essayer le service Filehoster avant d&rsquo;acheter Uploaded Premium.<\/span><\/p>\n<p>&nbsp;<\/p>\n\n<p><a class=\"fasc-button fasc-size-xlarge fasc-type-glossy fasc-rounded-medium ico-fa fasc-ico-after fa-share\" style=\"background-color: #43585e; color: #ffffff;\" rel=\"nofollow\" href=\"https:\/\/multihoster.org\/uploaded\/goto\/\">Allez sur Uploaded.net<\/a><\/p>\n<p>&nbsp;<\/p>\n<h2><span lang=\"de\">Caract\u00e9ristiques positives du fournisseur<\/span><\/h2>\n<ul>\n<li>Taux de prime \u00e0 partir de 4,99 Euro<\/li>\n<li>r\u00e9mun\u00e9ration attrayante<\/li>\n<li>surclassement premium gratuit gr\u00e2ce \u00e0 des points<\/li>\n<li>Support par t\u00e9l\u00e9phone<\/li>\n<li>Tarifs pour les entreprises clientes<\/li>\n<\/ul>\n<h2><span lang=\"de\">L&rsquo;offre compl\u00e8te de Uploaded en un coup d&rsquo;\u0153il<\/span><\/h2>\n<p class=\"normal\"><span lang=\"de\">Le Filehoster Uploaded vous offre une vari\u00e9t\u00e9 de taux de prime pour les clients priv\u00e9s ainsi que deux taux pour les entreprises. Si vous achetez un compte premium chez Uploaded, vous pouvez utiliser toute la gamme compl\u00e8te du fournisseur. Cependant, m\u00eame avec un compte gratuit, vous pouvez tester le service du fournisseur dans une mesure limit\u00e9e. En utilisant un Coupon Uploaded, que vous pouvez trouver sur Internet avec un peu de chance, vous pouvez r\u00e9duire le prix d&rsquo;achat d&rsquo;un Compte Premium Uploaded. Il vaut donc la peine de chercher des coupons attrayants sur des blogs, des pages de coupons ou d&rsquo;autres sites Web.<\/span><\/p>\n<h2><span lang=\"de\">Offre pour les clients priv\u00e9s<\/span><\/h2>\n<p class=\"normal\"><span lang=\"de\">L&rsquo;offre pour la client\u00e8le priv\u00e9e se compose d&rsquo;un total de 6 tarifs, qui vont de 4,99 euros \u00e0 99,99 euros par mois en termes de prix. Les taux de prime t\u00e9l\u00e9charg\u00e9s peuvent \u00eatre achet\u00e9s pour 48 heures, un mois, trois mois et six mois. La gamme comprend \u00e9galement un abonnement annuel et un abonnement de deux ans. A la fin du tarif des primes t\u00e9l\u00e9charg\u00e9, vous recevrez un certain nombre de points que vous pourrez utiliser pour \u00e9largir votre compte et sa gamme fonctionnelle sans aucun prix financier.<\/span><\/p>\n<h2><span lang=\"de\">Offre pour les entreprises<\/span><\/h2>\n<p><img loading=\"lazy\" class=\"alignnone wp-image-262 size-full\" src=\"https:\/\/multihoster.org\/wp-content\/uploads\/2018\/05\/image_1-1.jpg\" alt=\"page d'accueil\" width=\"1411\" height=\"887\" srcset=\"https:\/\/multihoster.org\/wp-content\/uploads\/2018\/05\/image_1-1.jpg 1411w, https:\/\/multihoster.org\/wp-content\/uploads\/2018\/05\/image_1-1-300x189.jpg 300w, https:\/\/multihoster.org\/wp-content\/uploads\/2018\/05\/image_1-1-768x483.jpg 768w, https:\/\/multihoster.org\/wp-content\/uploads\/2018\/05\/image_1-1-1024x644.jpg 1024w\" sizes=\"(max-width: 1411px) 100vw, 1411px\" \/><\/p>\n<p class=\"normal\"><span lang=\"de\">Outre l&rsquo;offre pour les particuliers, Uploaded propose \u00e9galement deux produits pour les entreprises. Ces prix premium t\u00e9l\u00e9charg\u00e9s ne peuvent \u00eatre utilis\u00e9s que par des clients commerciaux et non par des clients priv\u00e9s. Il s&rsquo;agit des taux de la prime corporative et de la prime corporative Plus. Les deux tarifs ont une dur\u00e9e de 12 mois. Le tarif Corporate Premium vous offre 500 Go de stockage de sauvegarde par mois et 500 Go de trafic hybride d&rsquo;entreprise par mois. Le tarif Premium Plus augmente le stockage et le trafic de 500 Go \u00e0 1 To. <\/span><\/p>\n<h2><span lang=\"de\">Offres de bonus<\/span><\/h2>\n<p>Uploaded vous offre plusieurs fa\u00e7ons de gagner et d&rsquo;\u00e9conomiser de l&rsquo;argent sur la plateforme. Le syst\u00e8me de points attractif vous permet d&rsquo;acheter un abonnement gratuit de 30 jours. En accumulant suffisamment de points, vous pouvez utiliser le Service Premium sans avoir \u00e0 acheter un compte chez Uploaded.<\/p>\n<p>Une autre option est de g\u00e9n\u00e9rer des revenus en t\u00e9l\u00e9chargeant des fichiers. Quiconque a souscrit un plan Premium Uploaded et t\u00e9l\u00e9charge des fichiers populaires qui sont fr\u00e9quemment t\u00e9l\u00e9charg\u00e9s par d&rsquo;autres utilisateurs peut r\u00e9guli\u00e8rement s&rsquo;attendre \u00e0 un paiement int\u00e9ressant.<\/p>\n<p>De plus, vous pouvez recevoir une commission pour le recrutement de nouveaux utilisateurs. La cr\u00e9ation d&rsquo;un compte gratuit et l&rsquo;achat d&rsquo;un compte t\u00e9l\u00e9charg\u00e9 ainsi que les \u00e9ventuelles commandes ult\u00e9rieures sont r\u00e9mun\u00e9r\u00e9es.<\/p>\n<h2><span lang=\"de\">Co\u00fbts et options de paiement<\/span><\/h2>\n<p><img loading=\"lazy\" class=\"alignnone wp-image-264 size-full\" src=\"https:\/\/multihoster.org\/wp-content\/uploads\/2018\/05\/cost_of_uploaded.jpg\" alt=\"tarifs\" width=\"1474\" height=\"667\" srcset=\"https:\/\/multihoster.org\/wp-content\/uploads\/2018\/05\/cost_of_uploaded.jpg 1474w, https:\/\/multihoster.org\/wp-content\/uploads\/2018\/05\/cost_of_uploaded-300x136.jpg 300w, https:\/\/multihoster.org\/wp-content\/uploads\/2018\/05\/cost_of_uploaded-768x348.jpg 768w, https:\/\/multihoster.org\/wp-content\/uploads\/2018\/05\/cost_of_uploaded-1024x463.jpg 1024w\" sizes=\"(max-width: 1474px) 100vw, 1474px\" \/><\/p>\n<p>La gamme Uploaded est divis\u00e9e en six tarifs. Le tarif le moins cher est de 48 heures, le deuxi\u00e8me moins cher pour un mois et le suivant pour trois mois. De plus, il y a un abonnement de six mois, un taux annuel et un compte premium pour deux ans.<\/p>\n<p>Vous obtenez le compte 48 heures pour 4,99 Euro. Pour 9,99 Euro vous pouvez utiliser les services de Uploaded pour un mois et pour 24,99 Euro jusqu&rsquo;\u00e0 trois mois. Pour un abonnement de six mois, le prix augmente de seulement 15 euros \u00e0 29,99 euros et pour un abonnement annuel \u00e0 69,99 euros. Vous obtenez les meilleures conditions si vous achetez le compte 2 ans au prix de 99,99 euros.<\/p>\n<p>Vous pouvez facilement payer votre compte Premium Uploaded avec votre carte de cr\u00e9dit ou faire d\u00e9biter l&rsquo;argent de votre compte par pr\u00e9l\u00e8vement automatique. L&rsquo;achat du compte t\u00e9l\u00e9charg\u00e9 via Paysafe, le transfert imm\u00e9diat ainsi que SMS Pay et Call2Pay est \u00e9galement possible. En outre, le fournisseur accepte Bitcoins comme moyen de paiement valable.<\/p>\n<p>&nbsp;<\/p>\n\n<table id=\"tablepress-34\" class=\"tablepress tablepress-id-34\">\n<thead>\n<tr class=\"row-1 odd\">\n\t<th class=\"column-1\">4,99 \u20ac<\/th><th class=\"column-2\">9,99 \u20ac<\/th><th class=\"column-3\">24,99 \u20ac<\/th><th class=\"column-4\">39,99 \u20ac<\/th><th class=\"column-5\">69,99 \u20ac<\/th><th class=\"column-6\">99,99 \u20ac<\/th>\n<\/tr>\n<\/thead>\n<tbody class=\"row-hover\">\n<tr class=\"row-2 even\">\n\t<td class=\"column-1\">48 heures<\/td><td class=\"column-2\">1 mois<\/td><td class=\"column-3\">3 mois<\/td><td class=\"column-4\">6 mois<\/td><td class=\"column-5\">1 an<\/td><td class=\"column-6\">2 ans<\/td>\n<\/tr>\n<tr class=\"row-3 odd\">\n\t<td class=\"column-1\">500 Points<\/td><td class=\"column-2\">1 000 points<\/td><td class=\"column-3\">2 000 points<\/td><td class=\"column-4\">6 000 Points<\/td><td class=\"column-5\">7 000 Points<\/td><td class=\"column-6\">9 000 points<\/td>\n<\/tr>\n<tr class=\"row-4 even\">\n\t<td class=\"column-1\">plein r\u00e9gime<\/td><td class=\"column-2\">plein r\u00e9gime<\/td><td class=\"column-3\">plein r\u00e9gime<\/td><td class=\"column-4\">plein r\u00e9gime<\/td><td class=\"column-5\">plein r\u00e9gime<\/td><td class=\"column-6\">plein r\u00e9gime<\/td>\n<\/tr>\n<tr class=\"row-5 odd\">\n\t<td class=\"column-1\">T\u00e9l\u00e9chargements parall\u00e8les<\/td><td class=\"column-2\">T\u00e9l\u00e9chargements parall\u00e8les<\/td><td class=\"column-3\">T\u00e9l\u00e9chargements parall\u00e8les<\/td><td class=\"column-4\">T\u00e9l\u00e9chargements parall\u00e8les<\/td><td class=\"column-5\">T\u00e9l\u00e9chargements parall\u00e8les<\/td><td class=\"column-6\">T\u00e9l\u00e9chargements parall\u00e8les<\/td>\n<\/tr>\n<tr class=\"row-6 even\">\n\t<td class=\"column-1\">Pas de temps d'attente<\/td><td class=\"column-2\">Pas de temps d'attente<\/td><td class=\"column-3\">Pas de temps d'attente<\/td><td class=\"column-4\">Pas de temps d'attente<\/td><td class=\"column-5\">Pas de temps d'attente<\/td><td class=\"column-6\">Pas de temps d'attente<\/td>\n<\/tr>\n<tr class=\"row-7 odd\">\n\t<td class=\"column-1\">administration<\/td><td class=\"column-2\">administration<\/td><td class=\"column-3\">administration<\/td><td class=\"column-4\">administration<\/td><td class=\"column-5\">administration<\/td><td class=\"column-6\">administration<\/td>\n<\/tr>\n<tr class=\"row-8 even\">\n\t<td class=\"column-1\">avec le gestionnaire de fichiers<\/td><td class=\"column-2\">avec le gestionnaire de fichiers<\/td><td class=\"column-3\">avec le gestionnaire de fichiers<\/td><td class=\"column-4\">avec le gestionnaire de fichiers<\/td><td class=\"column-5\">avec le gestionnaire de fichiers<\/td><td class=\"column-6\">avec le gestionnaire de fichiers<\/td>\n<\/tr>\n<\/tbody>\n<\/table>\n<!-- #tablepress-34 from cache -->\n<p><a class=\"fasc-button fasc-size-xlarge fasc-type-glossy fasc-rounded-medium ico-fa fasc-ico-after fa-share\" style=\"background-color: #43585e; color: #ffffff;\" rel=\"nofollow\" href=\"https:\/\/multihoster.org\/uploaded\/goto\/\">Allez sur Uploaded.net<\/a><\/p>\n<h2><span lang=\"de\">Avis de confidentialit\u00e9 et protection des donn\u00e9es<\/span><\/h2>\n<p class=\"normal\"><span lang=\"de\">Dans la recherche de l&rsquo;h\u00e9bergeur de fichiers parfait, les facteurs de protection des donn\u00e9es et de la vie priv\u00e9e jouent naturellement un r\u00f4le extr\u00eamement important dans le processus d\u00e9cisionnel. Avec le fournisseur Uploaded, vous pouvez \u00eatre s\u00fbr que vos donn\u00e9es seront trait\u00e9es de mani\u00e8re s\u00fbre et confidentielle. Le fournisseur explique le traitement exact de vos donn\u00e9es dans le cadre des conditions g\u00e9n\u00e9rales et des directives. <\/span><\/p>\n<p class=\"normal\"><span lang=\"de\">Les donn\u00e9es stock\u00e9es ne seront pas consult\u00e9es par le fournisseur sans ordre l\u00e9gal. En utilisant les services de Uploaded, les informations sont automatiquement stock\u00e9es, y compris les donn\u00e9es personnelles dans le cadre de l&rsquo;enregistrement et les donn\u00e9es anonymes, qui sont \u00e9valu\u00e9es \u00e0 des fins statistiques. Conform\u00e9ment aux directives de protection des donn\u00e9es, le fournisseur s&rsquo;engage \u00e0 ne pas transmettre les donn\u00e9es \u00e0 des tiers, \u00e0 moins qu&rsquo;il n&rsquo;existe une obligation l\u00e9gale.<\/span><\/p>\n<h2><span lang=\"de\">Service apr\u00e8s-vente<\/span><\/h2>\n<p class=\"normal\"><span lang=\"de\">Le lien vers le support t\u00e9l\u00e9charg\u00e9 se trouve au bas de la page. De l\u00e0, vous arrivez \u00e0 la zone d&rsquo;assistance, o\u00f9 vous avez deux options. Tout d&rsquo;abord, vous pouvez contacter le service \u00e0 la client\u00e8le directement par t\u00e9l\u00e9phone en utilisant le num\u00e9ro fourni. En option, vous pouvez \u00e9galement envoyer votre demande par \u00e9crit au support Uploaded via le formulaire de contact.<\/span><\/p>\n<h2><span lang=\"de\">Convivialit\u00e9<\/span><\/h2>\n<p class=\"normal\"><span lang=\"de\">Apr\u00e8s vous \u00eatre connect\u00e9, vous pouvez choisir entre T\u00e9l\u00e9chargement de fichiers, T\u00e9l\u00e9chargement \u00e0 distance et T\u00e9l\u00e9chargement FTP et T\u00e9l\u00e9chargement et importation par FTP. Cela inclut des informations sur votre compte, vos revenus et vos abonnements. Aussi le trafic et le stockage de sauvegarde utilis\u00e9 et disponible sont affich\u00e9s ici. La vue de profil vous permet \u00e9galement de mettre \u00e0 niveau votre compte vers un compte premium. Au-dessus vous trouverez les zones \u00ab\u00a0Fichiers et dossiers\u00a0\u00bb et \u00ab\u00a0uDrive\u00a0\u00bb.<\/span><\/p>\n<p>Le fournisseur pourrait obtenir un petit point n\u00e9gatif pour le fait qu&rsquo;il n&rsquo;y a pas de fonction de recherche directe sur la page. A ce stade, cependant, d&rsquo;autres services tels que le moteur de recherche rapide ou le service&nbsp;<a href=\"http:\/\/ddlsearch.free.fr\/\" target=\"_blank\" rel=\"noopener\">DDL Recherche gratuite<\/a>&nbsp;peut \u00eatre utilis\u00e9.<\/p>\n<h2><span lang=\"de\">Les avantages d&rsquo;un compte Premium<\/span><\/h2>\n<p class=\"normal\"><span lang=\"de\">Un Compte Premium vous permet d&rsquo;utiliser les services de Uploaded \u00e0 la vitesse maximale et de d\u00e9marrer plusieurs t\u00e9l\u00e9chargements simultan\u00e9ment sans aucune restriction. Le t\u00e9l\u00e9chargement commence imm\u00e9diatement et sans publicit\u00e9. Vous pouvez g\u00e9rer vos fichiers t\u00e9l\u00e9charg\u00e9s, qui ont une durabilit\u00e9 illimit\u00e9e, clairement dans le gestionnaire de fichiers.<\/span><\/p>\n<h2><span lang=\"de\">Notre conclusion sur le fournisseur Uploaded<\/span><\/h2>\n<p>Le fournisseur Uploaded peut convaincre dans le contexte de la protection des donn\u00e9es et de la vie priv\u00e9e avec un haut degr\u00e9 de s\u00e9curit\u00e9 et offre un large assortiment de tarifs en plus du compte gratuit. Le tarif 48 heures, d\u00e9j\u00e0 disponible \u00e0 partir de 4,99 euros, se distingue avant tout. Il est \u00e9galement int\u00e9ressant de noter les tarifs pour les entreprises, qui ne sont propos\u00e9s que par quelques h\u00e9bergeurs de fichiers.<\/p>\n<p>Le site Web est clair et bien structur\u00e9 avant et apr\u00e8s l&rsquo;ouverture de session. Si vous avez des questions, veuillez contacter notre service client\u00e8le par t\u00e9l\u00e9phone et formulaire de contact.<\/p>\n<p>Si vous choisissez un Compte Premium Uploaded, il existe cinq autres m\u00e9thodes de paiement en plus de la carte de cr\u00e9dit, du pr\u00e9l\u00e8vement automatique et de Bitcoin.<\/p>\n<p>Nous vous recommandons de rechercher sur Internet un coupon t\u00e9l\u00e9charg\u00e9 avant d&rsquo;acheter votre compte t\u00e9l\u00e9charg\u00e9. Ceux-ci peuvent toujours \u00eatre trouv\u00e9s directement sur l&rsquo;h\u00e9bergeur de fichiers ou sur d&rsquo;autres sites Web. Entrez simplement le mot-cl\u00e9 \u00ab\u00a0Uploaded Coupon\u00a0\u00bb dans votre navigateur pour b\u00e9n\u00e9ficier d&rsquo;un meilleur prix lors de l&rsquo;achat de votre Compte Premium Uploaded.<\/p>\n<p><a class=\"fasc-button fasc-size-xlarge fasc-type-glossy fasc-rounded-medium ico-fa fasc-ico-after fa-share\" style=\"background-color: #43585e; color: #ffffff;\" rel=\"nofollow\" href=\"https:\/\/multihoster.org\/uploaded\/goto\/\">Allez sur Uploaded.net<\/a><\/p>\n","protected":false},"excerpt":{"rendered":"<p>Le fournisseur Uploaded est un service de stockage en nuage, qui vient de Suisse et offre un espace de stockage<\/p>\n","protected":false},"author":2,"featured_media":0,"parent":0,"menu_order":0,"comment_status":"closed","ping_status":"closed","template":"","meta":[],"yoast_head":"<!-- This site is optimized with the Yoast SEO plugin v18.3 - https:\/\/yoast.com\/wordpress\/plugins\/seo\/ -->\n<title>lll\u25b7 Uploaded Premium Account s\u00e9rieux ou pas ? Test sur Multihoster.org<\/title>\n<meta name=\"description\" content=\"Est-ce que Uploaded est un fournisseur de bonne r\u00e9putation ou non ? Vous pouvez trouver la r\u00e9ponse dans le test actuel sur Multihoster.org \u279c Cliquez maintenant sur \u271a pour lire nos exp\u00e9riences !\" \/>\n<meta name=\"robots\" content=\"index, follow, max-snippet:-1, max-image-preview:large, max-video-preview:-1\" \/>\n<link rel=\"canonical\" href=\"https:\/\/multihoster.org\/fr\/uploaded\/\" \/>\n<meta property=\"og:locale\" content=\"fr_FR\" \/>\n<meta property=\"og:type\" content=\"article\" \/>\n<meta property=\"og:title\" content=\"lll\u25b7 Uploaded Premium Account s\u00e9rieux ou pas ? Test sur Multihoster.org\" \/>\n<meta property=\"og:description\" content=\"Est-ce que Uploaded est un fournisseur de bonne r\u00e9putation ou non ? Vous pouvez trouver la r\u00e9ponse dans le test actuel sur Multihoster.org \u279c Cliquez maintenant sur \u271a pour lire nos exp\u00e9riences !\" \/>\n<meta property=\"og:url\" content=\"https:\/\/multihoster.org\/fr\/uploaded\/\" \/>\n<meta property=\"og:site_name\" content=\"Multihoster.org\" \/>\n<meta property=\"article:modified_time\" content=\"2018-09-12T07:56:28+00:00\" \/>\n<meta property=\"og:image\" content=\"https:\/\/multihoster.org\/wp-content\/uploads\/2018\/05\/uploaded_logo.jpg\" \/>\n<meta name=\"twitter:card\" content=\"summary\" \/>\n<meta name=\"twitter:label1\" content=\"Dur\u00e9e de lecture estim\u00e9e\" \/>\n\t<meta name=\"twitter:data1\" content=\"7 minutes\" \/>\n<script type=\"application\/ld+json\" class=\"yoast-schema-graph\">{\"@context\":\"https:\/\/schema.org\",\"@graph\":[{\"@type\":\"WebSite\",\"@id\":\"https:\/\/multihoster.org\/#website\",\"url\":\"https:\/\/multihoster.org\/\",\"name\":\"Multihoster.org\",\"description\":\"Reviews of the major Filehosting services\",\"potentialAction\":[{\"@type\":\"SearchAction\",\"target\":{\"@type\":\"EntryPoint\",\"urlTemplate\":\"https:\/\/multihoster.org\/?s={search_term_string}\"},\"query-input\":\"required name=search_term_string\"}],\"inLanguage\":\"fr-FR\"},{\"@type\":\"ImageObject\",\"@id\":\"https:\/\/multihoster.org\/fr\/uploaded\/#primaryimage\",\"inLanguage\":\"fr-FR\",\"url\":\"https:\/\/multihoster.org\/wp-content\/uploads\/2018\/05\/uploaded_logo.jpg\",\"contentUrl\":\"https:\/\/multihoster.org\/wp-content\/uploads\/2018\/05\/uploaded_logo.jpg\",\"width\":675,\"height\":394},{\"@type\":\"WebPage\",\"@id\":\"https:\/\/multihoster.org\/fr\/uploaded\/#webpage\",\"url\":\"https:\/\/multihoster.org\/fr\/uploaded\/\",\"name\":\"lll\u25b7 Uploaded Premium Account s\u00e9rieux ou pas ? Test sur Multihoster.org\",\"isPartOf\":{\"@id\":\"https:\/\/multihoster.org\/#website\"},\"primaryImageOfPage\":{\"@id\":\"https:\/\/multihoster.org\/fr\/uploaded\/#primaryimage\"},\"datePublished\":\"2018-05-22T16:45:18+00:00\",\"dateModified\":\"2018-09-12T07:56:28+00:00\",\"description\":\"Est-ce que Uploaded est un fournisseur de bonne r\u00e9putation ou non ? Vous pouvez trouver la r\u00e9ponse dans le test actuel sur Multihoster.org \u279c Cliquez maintenant sur \u271a pour lire nos exp\u00e9riences !\",\"breadcrumb\":{\"@id\":\"https:\/\/multihoster.org\/fr\/uploaded\/#breadcrumb\"},\"inLanguage\":\"fr-FR\",\"potentialAction\":[{\"@type\":\"ReadAction\",\"target\":[\"https:\/\/multihoster.org\/fr\/uploaded\/\"]}]},{\"@type\":\"BreadcrumbList\",\"@id\":\"https:\/\/multihoster.org\/fr\/uploaded\/#breadcrumb\",\"itemListElement\":[{\"@type\":\"ListItem\",\"position\":1,\"name\":\"Startseite\",\"item\":\"https:\/\/multihoster.org\/fr\/\"},{\"@type\":\"ListItem\",\"position\":2,\"name\":\"Uploaded Premium Debrideur &#8211; L&rsquo;h\u00e9bergeur de fichiers en un coup d&rsquo;\u0153il\"}]}]}<\/script>\n<!-- \/ Yoast SEO plugin. -->","yoast_head_json":{"title":"lll\u25b7 Uploaded Premium Account s\u00e9rieux ou pas ? Test sur Multihoster.org","description":"Est-ce que Uploaded est un fournisseur de bonne r\u00e9putation ou non ? Vous pouvez trouver la r\u00e9ponse dans le test actuel sur Multihoster.org \u279c Cliquez maintenant sur \u271a pour lire nos exp\u00e9riences !","robots":{"index":"index","follow":"follow","max-snippet":"max-snippet:-1","max-image-preview":"max-image-preview:large","max-video-preview":"max-video-preview:-1"},"canonical":"https:\/\/multihoster.org\/fr\/uploaded\/","og_locale":"fr_FR","og_type":"article","og_title":"lll\u25b7 Uploaded Premium Account s\u00e9rieux ou pas ? Test sur Multihoster.org","og_description":"Est-ce que Uploaded est un fournisseur de bonne r\u00e9putation ou non ? Vous pouvez trouver la r\u00e9ponse dans le test actuel sur Multihoster.org \u279c Cliquez maintenant sur \u271a pour lire nos exp\u00e9riences !","og_url":"https:\/\/multihoster.org\/fr\/uploaded\/","og_site_name":"Multihoster.org","article_modified_time":"2018-09-12T07:56:28+00:00","og_image":[{"url":"https:\/\/multihoster.org\/wp-content\/uploads\/2018\/05\/uploaded_logo.jpg"}],"twitter_card":"summary","twitter_misc":{"Dur\u00e9e de lecture estim\u00e9e":"7 minutes"},"schema":{"@context":"https:\/\/schema.org","@graph":[{"@type":"WebSite","@id":"https:\/\/multihoster.org\/#website","url":"https:\/\/multihoster.org\/","name":"Multihoster.org","description":"Reviews of the major Filehosting services","potentialAction":[{"@type":"SearchAction","target":{"@type":"EntryPoint","urlTemplate":"https:\/\/multihoster.org\/?s={search_term_string}"},"query-input":"required name=search_term_string"}],"inLanguage":"fr-FR"},{"@type":"ImageObject","@id":"https:\/\/multihoster.org\/fr\/uploaded\/#primaryimage","inLanguage":"fr-FR","url":"https:\/\/multihoster.org\/wp-content\/uploads\/2018\/05\/uploaded_logo.jpg","contentUrl":"https:\/\/multihoster.org\/wp-content\/uploads\/2018\/05\/uploaded_logo.jpg","width":675,"height":394},{"@type":"WebPage","@id":"https:\/\/multihoster.org\/fr\/uploaded\/#webpage","url":"https:\/\/multihoster.org\/fr\/uploaded\/","name":"lll\u25b7 Uploaded Premium Account s\u00e9rieux ou pas ? Test sur Multihoster.org","isPartOf":{"@id":"https:\/\/multihoster.org\/#website"},"primaryImageOfPage":{"@id":"https:\/\/multihoster.org\/fr\/uploaded\/#primaryimage"},"datePublished":"2018-05-22T16:45:18+00:00","dateModified":"2018-09-12T07:56:28+00:00","description":"Est-ce que Uploaded est un fournisseur de bonne r\u00e9putation ou non ? Vous pouvez trouver la r\u00e9ponse dans le test actuel sur Multihoster.org \u279c Cliquez maintenant sur \u271a pour lire nos exp\u00e9riences !","breadcrumb":{"@id":"https:\/\/multihoster.org\/fr\/uploaded\/#breadcrumb"},"inLanguage":"fr-FR","potentialAction":[{"@type":"ReadAction","target":["https:\/\/multihoster.org\/fr\/uploaded\/"]}]},{"@type":"BreadcrumbList","@id":"https:\/\/multihoster.org\/fr\/uploaded\/#breadcrumb","itemListElement":[{"@type":"ListItem","position":1,"name":"Startseite","item":"https:\/\/multihoster.org\/fr\/"},{"@type":"ListItem","position":2,"name":"Uploaded Premium Debrideur &#8211; L&rsquo;h\u00e9bergeur de fichiers en un coup d&rsquo;\u0153il"}]}]}},"_links":{"self":[{"href":"https:\/\/multihoster.org\/fr\/wp-json\/wp\/v2\/pages\/461"}],"collection":[{"href":"https:\/\/multihoster.org\/fr\/wp-json\/wp\/v2\/pages"}],"about":[{"href":"https:\/\/multihoster.org\/fr\/wp-json\/wp\/v2\/types\/page"}],"author":[{"embeddable":true,"href":"https:\/\/multihoster.org\/fr\/wp-json\/wp\/v2\/users\/2"}],"replies":[{"embeddable":true,"href":"https:\/\/multihoster.org\/fr\/wp-json\/wp\/v2\/comments?post=461"}],"version-history":[{"count":6,"href":"https:\/\/multihoster.org\/fr\/wp-json\/wp\/v2\/pages\/461\/revisions"}],"predecessor-version":[{"id":1430,"href":"https:\/\/multihoster.org\/fr\/wp-json\/wp\/v2\/pages\/461\/revisions\/1430"}],"wp:attachment":[{"href":"https:\/\/multihoster.org\/fr\/wp-json\/wp\/v2\/media?parent=461"}],"curies":[{"name":"wp","href":"https:\/\/api.w.org\/{rel}","templated":true}]}}