{"id":4965,"date":"2020-07-01T14:33:40","date_gmt":"2020-07-01T14:33:40","guid":{"rendered":"https:\/\/multihoster.org\/?page_id=4965"},"modified":"2020-07-02T15:26:40","modified_gmt":"2020-07-02T15:26:40","slug":"bigrock","status":"publish","type":"page","link":"https:\/\/multihoster.org\/fr\/bigrock\/","title":{"rendered":"BigRock H\u00e9bergement web : A-t-il une base solide comme le roc ?"},"content":{"rendered":"\n<p>BigRock est un des principaux fournisseurs d&rsquo;h\u00e9bergement de sites web pour les entreprises, les professionnels et les particuliers dans le monde entier. Il a commenc\u00e9 en Inde, puis s&rsquo;est d\u00e9velopp\u00e9 et a fait partie d&rsquo;une soci\u00e9t\u00e9 appel\u00e9e Endurance International Group (EIG) qui nous fournit les outils web n\u00e9cessaires \u00e0 la complexit\u00e9 du march\u00e9. Les prix sont id\u00e9aux pour les petites entreprises, ce qui fait de nous l&rsquo;un des rares h\u00e9bergeurs de sites web \u00e0 bas prix disponibles. Cette plateforme de produits a un investissement dans la R&amp;D technologique et est pr\u00e9sente dans ce secteur depuis plus de 10 ans avec des clients dans le monde entier, dans plus de 6 millions de domaines.<\/p>\n\n\n<a class=\"maxbutton-4 maxbutton maxbutton-cta\" target=\"_blank\" rel=\"nofollow noopener\" href=\"\/go\/\"><span class='mb-text'>Webhosting<\/span><\/a>\n\n\n<p><\/p>\n\n\n\n<h2><strong>BigRock et ses caract\u00e9ristiques<\/strong><\/h2>\n\n\n\n<ul><li>Solutions efficaces de pr\u00e9sence sur le web.<\/li><li>DIY Website Builder pour vous aider \u00e0 obtenir des mod\u00e8les gratuits pour la conception de votre site web.<\/li><li>Inclusion extra de produits : Acc\u00e8s SSH, garantie Bigrock \u00e0 99,99 % de disponibilit\u00e9, Python, h\u00e9bergement Linux puissant et \u00e0 chaud, Evenodd, CS-cart, navigation \u00e0 bascule, grande bande passante et espace disque, moteur de recherche de noms de domaine, emplacement du serveur, interface utilisateur, gestion des DNS, et plus encore.<\/li><li>Addons de transfert d&rsquo;enregistrement disponibles.<\/li><li>Fournisseurs de noms de domaine et experts.<\/li><li>Outils de s\u00e9curit\u00e9 performants : Liens de protection \u00ab\u00a0Big Rock\u00a0\u00bb avec 1) certificats SSL pour conserver les informations du site web, l&rsquo;identit\u00e9 personnelle comme les informations de carte de cr\u00e9dit, 2) Sitelock pour prot\u00e9ger la page des pirates, 3) RAID 10 qui sauvegarde les bases de donn\u00e9es. 4) une s\u00e9curit\u00e9 dans le nuage qui analyse votre site web, r\u00e9sout les logiciels malveillants et autres probl\u00e8mes de vuln\u00e9rabilit\u00e9.<\/li><li>Accr\u00e9dit\u00e9 par l&rsquo;ICANN.<\/li><li>Acc\u00e8s \u00e0 la racine.<\/li><li>Exposition aux moteurs de recherche.<\/li><li>Garantie de remboursement de 30 jours pour tester le syst\u00e8me en premier. (Remarque : remboursement unique uniquement)<\/li><li>Des groupes de soutien 24 heures sur 24 et 7 jours sur 7 et une \u00e9quipe d&rsquo;accueil d\u00e9di\u00e9e qui vous contactera pour prendre des mesures et vous aider par t\u00e9l\u00e9phone, par chat ou par e-mail pour vos probl\u00e8mes. Vous pouvez m\u00eame contacter Crystal Hesmer, la directrice ex\u00e9cutive.<\/li><\/ul>\n\n\n\n<h2>Services de domaine<\/h2>\n\n\n\n<ul><li>Recherche de domaine<\/li><li>Enregistrement de domaines<\/li><li>Transfert de domaine<\/li><\/ul>\n\n\n\n<p>Pour r\u00e9glementer l&rsquo;utilisation du plan d&rsquo;h\u00e9bergement web, il faut r\u00e9aliser l&rsquo;importance de l&rsquo;enregistrement du domaine. Si vous avez d\u00e9j\u00e0 un nom de domaine, vous pouvez simplement nous le transf\u00e9rer. Sinon, les services d&rsquo;enregistrement de domaines de l&rsquo;entreprise peuvent vous donner des listes de disponibilit\u00e9 d&rsquo;excellents noms de domaine o\u00f9 vous pouvez enregistrer un nom de domaine. Vous ne pouvez acheter qu&rsquo;un seul courriel d&rsquo;h\u00e9bergement ou plan de construction de site web par nom de domaine. Si vous en avez besoin de deux ou plus pour votre navigateur, vous devrez vous inscrire pour un autre nom de domaine aupr\u00e8s de nous. Les prix d\u00e9pendent des extensions de domaine que vous souhaitez utiliser, par exemple .me \u00e0 6,99 $, .us \u00e0 8,1 $, .in \u00e0 10,59 $, et .net \u00e0 12,50 $, .biz \u00e0 21,00 $, .press \u00e0 72,37 $.<\/p>\n\n\n\n<p><strong>Autres extensions de noms de domaine disponibles \u00e0 Bigrock :<\/strong><\/p>\n\n\n\n<p>.store .biz .website .net .place .solutions .host .session .way .life .news .claims .guide .reviews .expert .blog .directory .menu .events .london .review .city .sales .boats .fish .win .technology .management .nc .top .info .data .rest .enterprises .partners .media .club .asia .design church .limo .catering .finance .cafe .family .deals .tours .forsale .rehab .bargains .net.nz .dog .singles .buzz .plus .property .contractors .racing .vin .town .graphics .house .florist .democrat .furniture .software .works .vision .pub .computer .jobs .ventures .cricket .guru .blackfriday .fishing .creditcard .care .style .reisen .sarl .wiki .gallery .video .accountant .consulting .associates .center .zone .audio .guitars .dating .loans .vodka .lighting .studio .clothing .camp .football .viajes .download .farm .travel .toys .cab .surgery .pink .coffee .soccer .evenodd .cruises .equipment .gripe .construction .ooo .lease .men .cash .bar .restaurant .flights .education .hiphop .exchange .properties .gmbh .party .science .tattoo .network .fund .rodeo .rule .productions .watch .hockey .pics .cooking .bike .ninja .horse .clinic .supplies .voyage .careers .cleaning .schule .degree .diamonds .vacations .codes .estate .ink .industries .auction .fitness .delivery .engineering .plumbing .trade .rip .red .webcam .faith .healthcare .institute .boutique .coach .wine .vet .photo .capital .accountants .land .games .futbol .startups .ngo .gift .school .repair .dance .investments .memorial .coupons .report .actor .mortgage .golf .agency .pictures .cake .photography .holdings .tienda .theater .glass .loan .tennis .villas .parts .apartments .tokyo .salon .camera .tax .bid .condos .taxi .wtf .rentals .immobilien .diet .pizza .career .gifts .tips .engineer .jewelry .luxury .kitchen .university .bingo .recipes . academy .sale .convenience .ws .community .training .mba .shoes .builders .work .tv .link .photos .help .name<\/p>\n\n\n\n<h2>Types d&rsquo;h\u00e9bergement BigRock<\/h2>\n\n\n\n<p>Les 5 types de plans d&rsquo;h\u00e9bergement web sont les suivants :<\/p>\n\n\n\n<h3>H\u00e9bergement partag\u00e9<\/h3>\n\n\n\n<p>Ce plan partage son fonctionnement avec des syst\u00e8mes de gestion de contenu tels que Drupal et Windows. L&rsquo;h\u00e9bergement partag\u00e9 propose des plans qui vous donneront un usage illimit\u00e9 du stockage, des courriers, de la bande passante, du panneau de contr\u00f4le cPanel ou du panneau de contr\u00f4le Plesk, et de plusieurs sites web selon le plan que vous avez choisi.<\/p>\n\n\n\n<h3>H\u00e9bergement sp\u00e9cialis\u00e9<\/h3>\n\n\n\n<p>Ce plan est fourni avec WordPress, CMS, Evenodd et le commerce \u00e9lectronique.<\/p>\n\n\n\n<h3>H\u00e9bergement pour revendeurs<\/h3>\n\n\n\n<p>Cet h\u00e9bergement revendeur vous permettra de r\u00e9aliser des b\u00e9n\u00e9fices en fournissant des services d&rsquo;h\u00e9bergement \u00e0 d&rsquo;autres personnes tout en utilisant les serveurs et les services de Bigrock. Il existe quatre gammes de prix avec diverses options.<\/p>\n\n\n\n<h3>H\u00e9bergement dans le Cloud<\/h3>\n\n\n\n<p>Il s&rsquo;agit d&rsquo;un plan d&rsquo;h\u00e9bergement plus \u00e9volu\u00e9 dans lequel vous obtenez vos propres ressources d\u00e9di\u00e9es \u00e0 partir d&rsquo;un serveur en nuage. Il est destin\u00e9 \u00e0 une petite plate-forme et dispose d&rsquo;un acc\u00e9l\u00e9rateur Internet.<\/p>\n\n\n\n<h3>H\u00e9bergement VPS<\/h3>\n\n\n\n<p>Cela implique une certaine quantit\u00e9 d&rsquo;espace disque et une certaine largeur de bande. Il comprend les distributions Linux, le basculement automatique, les SSD \u00e0 grande vitesse, la protection contre les DDoS, les services semi-manag\u00e9s, etc.<\/p>\n\n\n\n<h3>Services d&rsquo;h\u00e9bergement de sites web :<\/h3>\n\n\n\n<ul><li>H\u00e9bergement Linux et Windows<\/li><li>H\u00e9bergement WordPress et CMS<\/li><li>H\u00e9bergement de commerce \u00e9lectronique, h\u00e9bergement pour revendeurs avec Zencart<\/li><li>H\u00e9bergement Joomla<\/li><li>et plus encore\u2026<\/li><\/ul>\n\n\n\n<p>(Services offerts au pays : India Global USA et alimente environ 6 millions de sites web de clients professionnels)<\/p>\n\n\n\n<h3>Plan d&rsquo;h\u00e9bergement de courrier \u00e9lectronique :<\/h3>\n\n\n\n<p>Obtenez un h\u00e9bergement de courrier \u00e9lectronique pour disposer d&rsquo;une adresse \u00e9lectronique officielle bas\u00e9e sur un domaine. Ce service est propos\u00e9 aux professionnels des petites entreprises, en particulier aux propri\u00e9taires de petites entreprises, afin qu&rsquo;ils disposent d&rsquo;un nombre illimit\u00e9 d&rsquo;adresses \u00e9lectroniques\/d&rsquo;identifiants de messagerie pour leurs multiples clients.<\/p>\n\n\n\n<h2>Enregistrer un compte<\/h2>\n\n\n\n<p>Lorsque vous vous inscrivez pour un compte, vous devez d&rsquo;abord accepter les conditions d&rsquo;utilisation de Big Rock, la politique de confidentialit\u00e9 et les droits d&rsquo;auteur. Les options de paiement sont prises en charge par les droits d&rsquo;auteur des bureaux d&rsquo;enregistrement accr\u00e9dit\u00e9s par l&rsquo;ICANN. Les modes de paiement sont les cartes de d\u00e9bit indiennes et la banque en ligne. Big rock propose une offre sp\u00e9ciale et donne de temps en temps un coupon de r\u00e9duction.<\/p>\n\n\n<a class=\"maxbutton-4 maxbutton maxbutton-cta\" target=\"_blank\" rel=\"nofollow noopener\" href=\"\/go\/\"><span class='mb-text'>Webhosting<\/span><\/a>\n\n\n<p><\/p>\n\n\n\n<h2>Quelle est la limite de \u00ab\u00a0illimit\u00e9\u00a0\u00bb ?<\/h2>\n\n\n\n<p>Bien que le big rock n&rsquo;ait pas de limites, c&rsquo;est sous certaines conditions qu&rsquo;un utilisateur peut \u00eatre invit\u00e9 \u00e0 se mettre \u00e0 niveau si le nombre de serveurs ou la bande passante est abus\u00e9. Voici une utilisation acceptable des limites :<\/p>\n\n\n\n<ul><li>Votre site web ne doit pas utiliser plus de 25 % des ressources du serveur pendant une dur\u00e9e sup\u00e9rieure \u00e0 90 secondes. Si vous d\u00e9passez l&rsquo;utilisation du serveur et de la bande passante, un syst\u00e8me de notification vous sera envoy\u00e9. Big Rock peut suspendre votre compte si l&rsquo;utilisation des ressources affecte d&rsquo;autres utilisateurs sur le m\u00eame serveur.<\/li><li>L&rsquo;h\u00e9bergement de sites web n&rsquo;est pas destin\u00e9 au stockage ou au partage de fichiers.<\/li><\/ul>\n\n\n\n<h2>Commentaires des clients<\/h2>\n\n\n\n<ul><li>Hello, with the big rock I was able to make a business website through Satyajit Chitale BigRock without any hassles even if I have zero web building experience and no idea in programming. In addition, my business partners had impressive experiences with the infrastructure and services of the big rock. (Mohsin Khan)<\/li><li>Hello! My favorite from the DIY package I purchased is Vikrant Sharma BigRock DIY sitebuilder. I only spent a low value of $8.1 to $72.37 as compared when I hired Khalid Bashir Khan My as my website designer before. (Ajay Chauhan)<\/li><li>Hello, I would say this is the best decision I made for my job. Thanks to Bigrock I was able to connect with plenty of companies located in Canada and California and gain contracts from them. Now I am acing the competition in online marketing! (Rishabh Pugalia)<\/li><\/ul>\n\n\n\n<h2>Tournoi annuel du Big Rock<\/h2>\n\n\n\n<p>Le tournoi annuel de Big Rock, riche en action, se d\u00e9roulera \u00e0 Morehead City, en Caroline du Nord, du 5 au 13 juin 2020. Il s&rsquo;agit d&rsquo;un grand tournoi de p\u00eache sportive organis\u00e9 conjointement par les concurrents des bateaux de p\u00eache, dont la mission est de gagner des moyens pour apporter de l&rsquo;aide et r\u00e9pondre aux besoins d&rsquo;un certain nombre de personnes. Si vous voulez vivre la comp\u00e9tition et avoir beaucoup d&rsquo;action, inscrivez vos bateaux \u00e0 ce tournoi de bigrock sur son site officiel puis suivez les r\u00e8gles et conditions donn\u00e9es.<\/p>\n\n\n\n<p>Pour commander des chemises de marque, des photos de pays, des fournitures de bigrock, ou si vous avez des questions concernant le tournoi annuel de bigrock, vous pouvez nous contacter ou nous envoyer un courriel :<\/p>\n\n\n\n<ul><li>The Big Rock Blue Marlin Tournament 710 Evans Street, Morehead City, NC 28557 Ext. Big Rock Retail Store.<\/li><li>Magasin de d\u00e9tail Big Rock, poste 1 Crystal Hesmer, directrice ex\u00e9cutive, 252-241-1515 (sans frais)<\/li><li>710 Evans Street, Morehead City, NC 28557 Bureau (252) 247-3575 (sans frais) | bigrock.com<\/li><li>Tous droits r\u00e9serv\u00e9s \u00c9quipe de vente : 1-888-924-4762 (sans frais)<\/li><li>Courriel \u00e0 bigrock.com<\/li><\/ul>\n\n\n\n<h2>Verdict final : c&rsquo;est une victoire !<\/h2>\n\n\n\n<p>BigRock se distingue par son approche solide en tant qu&rsquo;h\u00e9bergeur de sites web dans de nombreux domaines. Ses produits valent l&rsquo;investissement car ils prouvent \u00e0 ses conditions et ses excellentes performances dans l&rsquo;h\u00e9bergement de nouveaux sites web. En fait, vous avez suffisamment de raisons pour choisir cette option.<\/p>\n\n\n\n<h2>Foire aux questions<\/h2>\n\n\n\n<h3>Quels sont vos plans d&rsquo;h\u00e9bergement web les plus vendus ?<\/h3>\n\n\n\n<p>Le pack Starter le mieux adapt\u00e9 \u00e0 un usage personnel a 50 000 visiteurs par mois, le pack Advanced utilis\u00e9 par les d\u00e9veloppeurs web a 75 000 visiteurs tandis que le pack Business le mieux adapt\u00e9 aux entreprises a 1 00 000 clients.<\/p>\n\n\n\n<h3>Puis-je transf\u00e9rer des courriels vers la suite G ?<\/h3>\n\n\n\n<p>Oui, les instructions sont donn\u00e9es dans le site de leur navigateur sous la rubrique Base de connaissances.<\/p>\n\n\n\n<h3>Dois-je payer lorsque je me mets \u00e0 niveau ?<\/h3>\n\n\n\n<p>Le prix du surclassement ne co\u00fbtera qu&rsquo;une petite partie de la diff\u00e9rence de prix du plan et vous pouvez facilement l&rsquo;ajouter \u00e0 votre panier.<\/p>\n\n\n<a class=\"maxbutton-4 maxbutton maxbutton-cta\" target=\"_blank\" rel=\"nofollow noopener\" href=\"\/go\/\"><span class='mb-text'>Webhosting<\/span><\/a>\n\n\n<p><\/p>\n","protected":false},"excerpt":{"rendered":"<p>BigRock est un des principaux fournisseurs d&rsquo;h\u00e9bergement de sites web pour les entreprises, les professionnels et les particuliers dans le<\/p>\n","protected":false},"author":2,"featured_media":0,"parent":0,"menu_order":0,"comment_status":"closed","ping_status":"closed","template":"","meta":[],"yoast_head":"<!-- This site is optimized with the Yoast SEO plugin v18.3 - https:\/\/yoast.com\/wordpress\/plugins\/seo\/ -->\n<title>BigRock H\u00e9bergement web : A-t-il une base solide comme le roc ?<\/title>\n<meta name=\"robots\" content=\"index, follow, max-snippet:-1, max-image-preview:large, max-video-preview:-1\" \/>\n<link rel=\"canonical\" href=\"https:\/\/multihoster.org\/fr\/bigrock\/\" \/>\n<meta property=\"og:locale\" content=\"fr_FR\" \/>\n<meta property=\"og:type\" content=\"article\" \/>\n<meta property=\"og:title\" content=\"BigRock H\u00e9bergement web : A-t-il une base solide comme le roc ?\" \/>\n<meta property=\"og:description\" content=\"BigRock est un des principaux fournisseurs d&rsquo;h\u00e9bergement de sites web pour les entreprises, les professionnels et les particuliers dans le\" \/>\n<meta property=\"og:url\" content=\"https:\/\/multihoster.org\/fr\/bigrock\/\" \/>\n<meta property=\"og:site_name\" content=\"Multihoster.org\" \/>\n<meta property=\"article:modified_time\" content=\"2020-07-02T15:26:40+00:00\" \/>\n<meta name=\"twitter:card\" content=\"summary\" \/>\n<meta name=\"twitter:label1\" content=\"Dur\u00e9e de lecture estim\u00e9e\" \/>\n\t<meta name=\"twitter:data1\" content=\"9 minutes\" \/>\n<script type=\"application\/ld+json\" class=\"yoast-schema-graph\">{\"@context\":\"https:\/\/schema.org\",\"@graph\":[{\"@type\":\"WebSite\",\"@id\":\"https:\/\/multihoster.org\/#website\",\"url\":\"https:\/\/multihoster.org\/\",\"name\":\"Multihoster.org\",\"description\":\"Reviews of the major Filehosting services\",\"potentialAction\":[{\"@type\":\"SearchAction\",\"target\":{\"@type\":\"EntryPoint\",\"urlTemplate\":\"https:\/\/multihoster.org\/?s={search_term_string}\"},\"query-input\":\"required name=search_term_string\"}],\"inLanguage\":\"fr-FR\"},{\"@type\":\"WebPage\",\"@id\":\"https:\/\/multihoster.org\/fr\/bigrock\/#webpage\",\"url\":\"https:\/\/multihoster.org\/fr\/bigrock\/\",\"name\":\"BigRock H\u00e9bergement web : A-t-il une base solide comme le roc ?\",\"isPartOf\":{\"@id\":\"https:\/\/multihoster.org\/#website\"},\"datePublished\":\"2020-07-01T14:33:40+00:00\",\"dateModified\":\"2020-07-02T15:26:40+00:00\",\"breadcrumb\":{\"@id\":\"https:\/\/multihoster.org\/fr\/bigrock\/#breadcrumb\"},\"inLanguage\":\"fr-FR\",\"potentialAction\":[{\"@type\":\"ReadAction\",\"target\":[\"https:\/\/multihoster.org\/fr\/bigrock\/\"]}]},{\"@type\":\"BreadcrumbList\",\"@id\":\"https:\/\/multihoster.org\/fr\/bigrock\/#breadcrumb\",\"itemListElement\":[{\"@type\":\"ListItem\",\"position\":1,\"name\":\"Startseite\",\"item\":\"https:\/\/multihoster.org\/fr\/\"},{\"@type\":\"ListItem\",\"position\":2,\"name\":\"BigRock H\u00e9bergement web : A-t-il une base solide comme le roc ?\"}]}]}<\/script>\n<!-- \/ Yoast SEO plugin. -->","yoast_head_json":{"title":"BigRock H\u00e9bergement web : A-t-il une base solide comme le roc ?","robots":{"index":"index","follow":"follow","max-snippet":"max-snippet:-1","max-image-preview":"max-image-preview:large","max-video-preview":"max-video-preview:-1"},"canonical":"https:\/\/multihoster.org\/fr\/bigrock\/","og_locale":"fr_FR","og_type":"article","og_title":"BigRock H\u00e9bergement web : A-t-il une base solide comme le roc ?","og_description":"BigRock est un des principaux fournisseurs d&rsquo;h\u00e9bergement de sites web pour les entreprises, les professionnels et les particuliers dans le","og_url":"https:\/\/multihoster.org\/fr\/bigrock\/","og_site_name":"Multihoster.org","article_modified_time":"2020-07-02T15:26:40+00:00","twitter_card":"summary","twitter_misc":{"Dur\u00e9e de lecture estim\u00e9e":"9 minutes"},"schema":{"@context":"https:\/\/schema.org","@graph":[{"@type":"WebSite","@id":"https:\/\/multihoster.org\/#website","url":"https:\/\/multihoster.org\/","name":"Multihoster.org","description":"Reviews of the major Filehosting services","potentialAction":[{"@type":"SearchAction","target":{"@type":"EntryPoint","urlTemplate":"https:\/\/multihoster.org\/?s={search_term_string}"},"query-input":"required name=search_term_string"}],"inLanguage":"fr-FR"},{"@type":"WebPage","@id":"https:\/\/multihoster.org\/fr\/bigrock\/#webpage","url":"https:\/\/multihoster.org\/fr\/bigrock\/","name":"BigRock H\u00e9bergement web : A-t-il une base solide comme le roc ?","isPartOf":{"@id":"https:\/\/multihoster.org\/#website"},"datePublished":"2020-07-01T14:33:40+00:00","dateModified":"2020-07-02T15:26:40+00:00","breadcrumb":{"@id":"https:\/\/multihoster.org\/fr\/bigrock\/#breadcrumb"},"inLanguage":"fr-FR","potentialAction":[{"@type":"ReadAction","target":["https:\/\/multihoster.org\/fr\/bigrock\/"]}]},{"@type":"BreadcrumbList","@id":"https:\/\/multihoster.org\/fr\/bigrock\/#breadcrumb","itemListElement":[{"@type":"ListItem","position":1,"name":"Startseite","item":"https:\/\/multihoster.org\/fr\/"},{"@type":"ListItem","position":2,"name":"BigRock H\u00e9bergement web : A-t-il une base solide comme le roc ?"}]}]}},"_links":{"self":[{"href":"https:\/\/multihoster.org\/fr\/wp-json\/wp\/v2\/pages\/4965"}],"collection":[{"href":"https:\/\/multihoster.org\/fr\/wp-json\/wp\/v2\/pages"}],"about":[{"href":"https:\/\/multihoster.org\/fr\/wp-json\/wp\/v2\/types\/page"}],"author":[{"embeddable":true,"href":"https:\/\/multihoster.org\/fr\/wp-json\/wp\/v2\/users\/2"}],"replies":[{"embeddable":true,"href":"https:\/\/multihoster.org\/fr\/wp-json\/wp\/v2\/comments?post=4965"}],"version-history":[{"count":2,"href":"https:\/\/multihoster.org\/fr\/wp-json\/wp\/v2\/pages\/4965\/revisions"}],"predecessor-version":[{"id":5203,"href":"https:\/\/multihoster.org\/fr\/wp-json\/wp\/v2\/pages\/4965\/revisions\/5203"}],"wp:attachment":[{"href":"https:\/\/multihoster.org\/fr\/wp-json\/wp\/v2\/media?parent=4965"}],"curies":[{"name":"wp","href":"https:\/\/api.w.org\/{rel}","templated":true}]}}