{"id":810,"date":"2018-08-09T15:37:58","date_gmt":"2018-08-09T15:37:58","guid":{"rendered":"https:\/\/multihoster.org\/?page_id=810"},"modified":"2018-09-11T04:43:46","modified_gmt":"2018-09-11T04:43:46","slug":"datafile","status":"publish","type":"page","link":"https:\/\/multihoster.org\/fr\/datafile\/","title":{"rendered":"DataFile Premium Account &#8211; L\u2019h\u00e9bergeur de fichiers en un coup d\u2019\u0153il"},"content":{"rendered":"<p><img loading=\"lazy\" class=\"alignnone wp-image-1047 alignleft\" src=\"https:\/\/multihoster.org\/wp-content\/uploads\/2018\/08\/datafile.png\" alt=\"datafile\" width=\"414\" height=\"121\" srcset=\"https:\/\/multihoster.org\/wp-content\/uploads\/2018\/08\/datafile.png 425w, https:\/\/multihoster.org\/wp-content\/uploads\/2018\/08\/datafile-300x88.png 300w\" sizes=\"(max-width: 414px) 100vw, 414px\" \/><\/p>\n<p>Via la pr\u00e9sence sur le web DataFile, vous avez la possibilit\u00e9 de t\u00e9l\u00e9charger des fichiers et de les mettre \u00e0 la disposition d&rsquo;autres utilisateurs ou vous pouvez t\u00e9l\u00e9charger vous-m\u00eame des fichiers \u00e0 partir de toutes sortes de sources.<\/p>\n<p>Pour t\u00e9l\u00e9charger vos propres documents et autres donn\u00e9es, vous pouvez utiliser le t\u00e9l\u00e9chargeur gratuit ou, si vous souhaitez fournir des fichiers plus volumineux, cr\u00e9er un compte payant sur datafile.com.<\/p>\n\n<p><a class=\"fasc-button fasc-size-xlarge fasc-type-glossy fasc-rounded-medium ico-fa fasc-ico-after fa-share\" style=\"background-color: #247edd; color: #ffffff;\" target=\"_blank\" rel=\"nofollow\" href=\"https:\/\/multihoster.org\/datafile\/goto\/\">Allez sur DataFile.com<\/a><\/p>\n<h2 style=\"text-align: left;\">Caract\u00e9ristiques positives du fournisseur<\/h2>\n<ul>\n<li>Simple et direct<\/li>\n<li>Favorable et bon<\/li>\n<li>Grande facilit\u00e9 d&rsquo;utilisation<\/li>\n<li>Diff\u00e9rents modes de paiement<\/li>\n<\/ul>\n<h2>L&rsquo;offre compl\u00e8te de DataFile en un coup d&rsquo;\u0153il<\/h2>\n<p>Pour devenir actif avec DataFile, vous devez d&rsquo;abord vous enregistrer avec votre adresse e-mail et votre mot de passe et confirmer avec un hack que vous n&rsquo;\u00eates pas un robot. Une fois que cela est fait, vous pouvez utiliser le service gratuit, qui vous permet de t\u00e9l\u00e9charger des fichiers jusqu&rsquo;\u00e0 un maximum de 10 gigaoctets et un total de 500 gigaoctets, ou choisir un compte DataFile Premium.<\/p>\n<p><img loading=\"lazy\" class=\"alignnone size-full wp-image-795\" src=\"https:\/\/multihoster.org\/wp-content\/uploads\/2018\/08\/datafile.jpg\" alt=\"datafile\" width=\"1615\" height=\"824\" srcset=\"https:\/\/multihoster.org\/wp-content\/uploads\/2018\/08\/datafile.jpg 1615w, https:\/\/multihoster.org\/wp-content\/uploads\/2018\/08\/datafile-300x153.jpg 300w, https:\/\/multihoster.org\/wp-content\/uploads\/2018\/08\/datafile-768x392.jpg 768w, https:\/\/multihoster.org\/wp-content\/uploads\/2018\/08\/datafile-1024x522.jpg 1024w\" sizes=\"(max-width: 1615px) 100vw, 1615px\" \/><\/p>\n<p>Ceci est valide pour 30 jours et co\u00fbte 14,99 $, ce qui \u00e9quivaut \u00e0 50 cents par jour. Les avantages sont que les fichiers jusqu&rsquo;\u00e0 30 gigaoctets peuvent \u00eatre t\u00e9l\u00e9charg\u00e9s, qui peuvent \u00eatre stock\u00e9s ind\u00e9finiment si le compte est maintenu (si les donn\u00e9es sont supprim\u00e9es, les donn\u00e9es sont toujours disponibles pendant 30 jours) et qu&rsquo;il n&rsquo;y a pas de temps d&rsquo;attente pour le t\u00e9l\u00e9chargement. Il existe de nombreuses fa\u00e7ons de payer pour DataFile Premium, du paiement par carte de cr\u00e9dit \u00e0 GooglePlay et aux bitcoins, presque tout est possible. De nombreux revendeurs agr\u00e9\u00e9s sont \u00e9galement disponibles au cas o\u00f9 l&rsquo;option de paiement suppl\u00e9mentaire souhait\u00e9e n&rsquo;est pas directement disponible via DataFile Premium.<\/p>\n<p><strong>\n<table id=\"tablepress-51\" class=\"tablepress tablepress-id-51\">\n<tbody class=\"row-hover\">\n<tr class=\"row-1 odd\">\n\t<td class=\"column-1\">Poin\u00e7ons<\/td><td class=\"column-2\">Gratuit<\/td><td class=\"column-3\">30 jours pour 14,99<\/td>\n<\/tr>\n<tr class=\"row-2 even\">\n\t<td class=\"column-1\">Vitesse de t\u00e9l\u00e9chargement<\/td><td class=\"column-2\">Tardivement<\/td><td class=\"column-3\">tr\u00e8s rapidement<\/td>\n<\/tr>\n<tr class=\"row-3 odd\">\n\t<td class=\"column-1\">Taille du t\u00e9l\u00e9chargement<\/td><td class=\"column-2\">10 GB<\/td><td class=\"column-3\">30 GB<\/td>\n<\/tr>\n<tr class=\"row-4 even\">\n\t<td class=\"column-1\">Conservation des donn\u00e9es<\/td><td class=\"column-2\">30 jours<\/td><td class=\"column-3\">Illimit\u00e9<\/td>\n<\/tr>\n<tr class=\"row-5 odd\">\n\t<td class=\"column-1\">Pause T\u00e9l\u00e9chargements<\/td><td class=\"column-2\">Non<\/td><td class=\"column-3\">Oui<\/td>\n<\/tr>\n<tr class=\"row-6 even\">\n\t<td class=\"column-1\">Pas de publicit\u00e9<\/td><td class=\"column-2\">Non<\/td><td class=\"column-3\">Oui<\/td>\n<\/tr>\n<tr class=\"row-7 odd\">\n\t<td class=\"column-1\">T\u00e9l\u00e9chargements multiples<\/td><td class=\"column-2\">Non<\/td><td class=\"column-3\">Oui<\/td>\n<\/tr>\n<tr class=\"row-8 even\">\n\t<td class=\"column-1\">D\u00e9lai de t\u00e9l\u00e9chargement<\/td><td class=\"column-2\">30 secondes<\/td><td class=\"column-3\">0 secondes<\/td>\n<\/tr>\n<\/tbody>\n<\/table>\n<!-- #tablepress-51 from cache --><\/strong><\/p>\n<p><a class=\"fasc-button fasc-size-xlarge fasc-type-glossy fasc-rounded-medium ico-fa fasc-ico-after fa-share\" style=\"background-color: #247edd; color: #ffffff;\" target=\"_blank\" rel=\"nofollow\" href=\"https:\/\/multihoster.org\/datafile\/goto\/\">Allez sur DataFile.com<\/a><\/p>\n<h2>Avis de confidentialit\u00e9 et protection des donn\u00e9es<\/h2>\n<p>Il va de soi que les utilisateurs de services sur Internet veillent toujours \u00e0 ce que vos donn\u00e9es soient trait\u00e9es de mani\u00e8re s\u00fbre et confidentielle. Nous avons soigneusement examin\u00e9 le service du compte DataFile et nous pensons que vos donn\u00e9es avec Datafile sont absolument s\u00fbres et seront trait\u00e9es confidentiellement.<\/p>\n<p>DataFile vous garantit un traitement absolument fiable de vos donn\u00e9es conform\u00e9ment \u00e0 vos conditions g\u00e9n\u00e9rales de vente. Les donn\u00e9es sont rendues anonymes afin d&rsquo;am\u00e9liorer le service DataFile et de tirer des conclusions techniques de marketing. Toutes les donn\u00e9es d&rsquo;achat, vos informations financi\u00e8res, ainsi que votre nom et toutes les donn\u00e9es personnelles seront strictement confidentielles conform\u00e9ment \u00e0 la l\u00e9gislation en vigueur et seront conserv\u00e9es en toute s\u00e9curit\u00e9 conform\u00e9ment aux normes les plus r\u00e9centes.<\/p>\n<p>Dans l&rsquo;ensemble, vos donn\u00e9es sur DataFile sont absolument s\u00e9curis\u00e9es et ne seront transmises aux partenaires directs de l&rsquo;entreprise qu&rsquo;en conformit\u00e9 avec les m\u00eames normes ou des normes plus \u00e9lev\u00e9es et les lois applicables, comme DataFile. Avec DataFile.com, vous pouvez \u00eatre s\u00fbr que vos informations sont entre de bonnes mains et ne seront jamais transmises \u00e0 des personnes non autoris\u00e9es.<\/p>\n<h2>Service apr\u00e8s-vente<\/h2>\n<p>Vous pouvez contacter DataFile directement de 3 fa\u00e7ons. Les deux options via Internet sont recommand\u00e9es. D&rsquo;une part, sous le point de menu, vous trouverez l&rsquo;onglet Contact \u00e0 l&rsquo;extr\u00eame droite, qui vous am\u00e8ne au formulaire de contact. Ici, vous pouvez envoyer un message \u00e0 DataFile en utilisant la cat\u00e9gorie appropri\u00e9e, votre adresse e-mail et toutes les pi\u00e8ces jointes en cas de probl\u00e8mes et commentaires. De plus, il y a une adresse e-mail disponible sous le m\u00eame onglet, que vous pouvez \u00e9galement utiliser. Enfin, l&rsquo;adresse postale peut \u00e9galement s&rsquo;y trouver.<\/p>\n<h2>Convivialit\u00e9<\/h2>\n<p>Le t\u00e9l\u00e9chargement vers DataFile est tr\u00e8s simple et facile. Le Uploader se trouve sur la page d&rsquo;accueil ou en haut \u00e0 gauche sous l&rsquo;onglet \u00ab\u00a0Uploader des fichiers\u00a0\u00bb. Il est plac\u00e9 directement au milieu et ne peut pas \u00eatre n\u00e9glig\u00e9. Tous les autres endroits importants du site Web peuvent \u00eatre atteints directement en haut, de sorte que vous avez toujours tout en un coup d&rsquo;\u0153il. Le site Web a \u00e9t\u00e9 con\u00e7u de telle sorte que vous avez rarement \u00e0 faire d\u00e9filer et que vous pouvez g\u00e9n\u00e9ralement tout voir d&rsquo;un seul coup d&rsquo;\u0153il.<\/p>\n<p><img loading=\"lazy\" class=\"alignnone size-full wp-image-796\" src=\"https:\/\/multihoster.org\/wp-content\/uploads\/2018\/08\/our-datafile-rating.jpg\" alt=\"rating\" width=\"1675\" height=\"830\" srcset=\"https:\/\/multihoster.org\/wp-content\/uploads\/2018\/08\/our-datafile-rating.jpg 1675w, https:\/\/multihoster.org\/wp-content\/uploads\/2018\/08\/our-datafile-rating-300x149.jpg 300w, https:\/\/multihoster.org\/wp-content\/uploads\/2018\/08\/our-datafile-rating-768x381.jpg 768w, https:\/\/multihoster.org\/wp-content\/uploads\/2018\/08\/our-datafile-rating-1024x507.jpg 1024w\" sizes=\"(max-width: 1675px) 100vw, 1675px\" \/><\/p>\n<p>Tout comme le t\u00e9l\u00e9chargeur, tout est au milieu, de sorte que vous avez toujours une bonne vue d&rsquo;ensemble et que vous n&rsquo;avez pas \u00e0 chercher quoi que ce soit. Vos fichiers sont tri\u00e9s dans un gestionnaire de fichiers tr\u00e8s clair, qui fonctionne avec de grandes ic\u00f4nes, de sorte que vous pouvez \u00e9galement travailler avec des yeux plus faibles. Avec une vari\u00e9t\u00e9 d&rsquo;options de tri, vous trouverez ce que vous cherchez rapidement et de mani\u00e8re fiable, m\u00eame avec un grand nombre de fichiers.<\/p>\n<p>DataFile a g\u00e9n\u00e9ralement une structure tr\u00e8s simple et pratique. Il n&rsquo;y a pas de grandes structures ou d&rsquo;imbrications, mais tout est divis\u00e9 en un maximum de 3 niveaux, de sorte que presque tout le monde peut s&rsquo;entendre tr\u00e8s rapidement et travailler de mani\u00e8re productive avec DataFile. Les actions principales pour le t\u00e9l\u00e9chargement et la gestion des fichiers fonctionnent avec seulement 2 onglets, qui se trouvent en haut \u00e0 gauche, \u00ab\u00a0Upload file\u00a0\u00bb et \u00ab\u00a0Files\u00a0\u00bb au milieu. Entre les deux, vous trouverez la possibilit\u00e9 d&rsquo;obtenir un compte DataFile Premium dans la cat\u00e9gorie \u00ab\u00a0Get Premium\u00a0\u00bb.<\/p>\n<h2>Notre conclusion sur DataFile<\/h2>\n<p>La facilit\u00e9 d&rsquo;utilisation et l&rsquo;ensemble du site de DataFile.com est tr\u00e8s exemplaire et gr\u00e2ce \u00e0 sa fonctionnalit\u00e9 simple mais tr\u00e8s bonne, il est compr\u00e9hensible et facile \u00e0 comprendre pour tout le monde. Travailler avec le compte DataFile est simple, simple et tr\u00e8s agr\u00e9able.<\/p>\n<p><a class=\"fasc-button fasc-size-xlarge fasc-type-glossy fasc-rounded-medium ico-fa fasc-ico-after fa-share\" style=\"background-color: #247edd; color: #ffffff;\" target=\"_blank\" rel=\"nofollow\" href=\"https:\/\/multihoster.org\/datafile\/goto\/\">Allez sur DataFile.com<\/a><\/p>\n","protected":false},"excerpt":{"rendered":"<p>Via la pr\u00e9sence sur le web DataFile, vous avez la possibilit\u00e9 de t\u00e9l\u00e9charger des fichiers et de les mettre \u00e0<\/p>\n","protected":false},"author":2,"featured_media":0,"parent":0,"menu_order":0,"comment_status":"closed","ping_status":"closed","template":"","meta":[],"yoast_head":"<!-- This site is optimized with the Yoast SEO plugin v18.3 - https:\/\/yoast.com\/wordpress\/plugins\/seo\/ -->\n<title>ll\u25b7 DataFile Premium Account s\u00e9rieux ou pas ? Test sur Multihoster.org<\/title>\n<meta name=\"description\" content=\"Le t\u00e9l\u00e9chargement de fichiers est rapide et facile avec DataFile. Nous vous montrons ce que DataFile peut faire et comment vous pouvez l&#039;utiliser.\" \/>\n<meta name=\"robots\" content=\"index, follow, max-snippet:-1, max-image-preview:large, max-video-preview:-1\" \/>\n<link rel=\"canonical\" href=\"https:\/\/multihoster.org\/fr\/datafile\/\" \/>\n<meta property=\"og:locale\" content=\"fr_FR\" \/>\n<meta property=\"og:type\" content=\"article\" \/>\n<meta property=\"og:title\" content=\"ll\u25b7 DataFile Premium Account s\u00e9rieux ou pas ? Test sur Multihoster.org\" \/>\n<meta property=\"og:description\" content=\"Le t\u00e9l\u00e9chargement de fichiers est rapide et facile avec DataFile. Nous vous montrons ce que DataFile peut faire et comment vous pouvez l&#039;utiliser.\" \/>\n<meta property=\"og:url\" content=\"https:\/\/multihoster.org\/fr\/datafile\/\" \/>\n<meta property=\"og:site_name\" content=\"Multihoster.org\" \/>\n<meta property=\"article:modified_time\" content=\"2018-09-11T04:43:46+00:00\" \/>\n<meta property=\"og:image\" content=\"https:\/\/multihoster.org\/wp-content\/uploads\/2018\/08\/datafile.png\" \/>\n<meta name=\"twitter:card\" content=\"summary\" \/>\n<meta name=\"twitter:label1\" content=\"Dur\u00e9e de lecture estim\u00e9e\" \/>\n\t<meta name=\"twitter:data1\" content=\"5 minutes\" \/>\n<script type=\"application\/ld+json\" class=\"yoast-schema-graph\">{\"@context\":\"https:\/\/schema.org\",\"@graph\":[{\"@type\":\"WebSite\",\"@id\":\"https:\/\/multihoster.org\/#website\",\"url\":\"https:\/\/multihoster.org\/\",\"name\":\"Multihoster.org\",\"description\":\"Reviews of the major Filehosting services\",\"potentialAction\":[{\"@type\":\"SearchAction\",\"target\":{\"@type\":\"EntryPoint\",\"urlTemplate\":\"https:\/\/multihoster.org\/?s={search_term_string}\"},\"query-input\":\"required name=search_term_string\"}],\"inLanguage\":\"fr-FR\"},{\"@type\":\"ImageObject\",\"@id\":\"https:\/\/multihoster.org\/fr\/datafile\/#primaryimage\",\"inLanguage\":\"fr-FR\",\"url\":\"https:\/\/multihoster.org\/wp-content\/uploads\/2018\/08\/datafile.png\",\"contentUrl\":\"https:\/\/multihoster.org\/wp-content\/uploads\/2018\/08\/datafile.png\",\"width\":425,\"height\":124,\"caption\":\"datafile\"},{\"@type\":\"WebPage\",\"@id\":\"https:\/\/multihoster.org\/fr\/datafile\/#webpage\",\"url\":\"https:\/\/multihoster.org\/fr\/datafile\/\",\"name\":\"ll\u25b7 DataFile Premium Account s\u00e9rieux ou pas ? Test sur Multihoster.org\",\"isPartOf\":{\"@id\":\"https:\/\/multihoster.org\/#website\"},\"primaryImageOfPage\":{\"@id\":\"https:\/\/multihoster.org\/fr\/datafile\/#primaryimage\"},\"datePublished\":\"2018-08-09T15:37:58+00:00\",\"dateModified\":\"2018-09-11T04:43:46+00:00\",\"description\":\"Le t\u00e9l\u00e9chargement de fichiers est rapide et facile avec DataFile. Nous vous montrons ce que DataFile peut faire et comment vous pouvez l'utiliser.\",\"breadcrumb\":{\"@id\":\"https:\/\/multihoster.org\/fr\/datafile\/#breadcrumb\"},\"inLanguage\":\"fr-FR\",\"potentialAction\":[{\"@type\":\"ReadAction\",\"target\":[\"https:\/\/multihoster.org\/fr\/datafile\/\"]}]},{\"@type\":\"BreadcrumbList\",\"@id\":\"https:\/\/multihoster.org\/fr\/datafile\/#breadcrumb\",\"itemListElement\":[{\"@type\":\"ListItem\",\"position\":1,\"name\":\"Startseite\",\"item\":\"https:\/\/multihoster.org\/fr\/\"},{\"@type\":\"ListItem\",\"position\":2,\"name\":\"DataFile Premium Account &#8211; L\u2019h\u00e9bergeur de fichiers en un coup d\u2019\u0153il\"}]}]}<\/script>\n<!-- \/ Yoast SEO plugin. -->","yoast_head_json":{"title":"ll\u25b7 DataFile Premium Account s\u00e9rieux ou pas ? Test sur Multihoster.org","description":"Le t\u00e9l\u00e9chargement de fichiers est rapide et facile avec DataFile. Nous vous montrons ce que DataFile peut faire et comment vous pouvez l'utiliser.","robots":{"index":"index","follow":"follow","max-snippet":"max-snippet:-1","max-image-preview":"max-image-preview:large","max-video-preview":"max-video-preview:-1"},"canonical":"https:\/\/multihoster.org\/fr\/datafile\/","og_locale":"fr_FR","og_type":"article","og_title":"ll\u25b7 DataFile Premium Account s\u00e9rieux ou pas ? Test sur Multihoster.org","og_description":"Le t\u00e9l\u00e9chargement de fichiers est rapide et facile avec DataFile. Nous vous montrons ce que DataFile peut faire et comment vous pouvez l'utiliser.","og_url":"https:\/\/multihoster.org\/fr\/datafile\/","og_site_name":"Multihoster.org","article_modified_time":"2018-09-11T04:43:46+00:00","og_image":[{"url":"https:\/\/multihoster.org\/wp-content\/uploads\/2018\/08\/datafile.png"}],"twitter_card":"summary","twitter_misc":{"Dur\u00e9e de lecture estim\u00e9e":"5 minutes"},"schema":{"@context":"https:\/\/schema.org","@graph":[{"@type":"WebSite","@id":"https:\/\/multihoster.org\/#website","url":"https:\/\/multihoster.org\/","name":"Multihoster.org","description":"Reviews of the major Filehosting services","potentialAction":[{"@type":"SearchAction","target":{"@type":"EntryPoint","urlTemplate":"https:\/\/multihoster.org\/?s={search_term_string}"},"query-input":"required name=search_term_string"}],"inLanguage":"fr-FR"},{"@type":"ImageObject","@id":"https:\/\/multihoster.org\/fr\/datafile\/#primaryimage","inLanguage":"fr-FR","url":"https:\/\/multihoster.org\/wp-content\/uploads\/2018\/08\/datafile.png","contentUrl":"https:\/\/multihoster.org\/wp-content\/uploads\/2018\/08\/datafile.png","width":425,"height":124,"caption":"datafile"},{"@type":"WebPage","@id":"https:\/\/multihoster.org\/fr\/datafile\/#webpage","url":"https:\/\/multihoster.org\/fr\/datafile\/","name":"ll\u25b7 DataFile Premium Account s\u00e9rieux ou pas ? Test sur Multihoster.org","isPartOf":{"@id":"https:\/\/multihoster.org\/#website"},"primaryImageOfPage":{"@id":"https:\/\/multihoster.org\/fr\/datafile\/#primaryimage"},"datePublished":"2018-08-09T15:37:58+00:00","dateModified":"2018-09-11T04:43:46+00:00","description":"Le t\u00e9l\u00e9chargement de fichiers est rapide et facile avec DataFile. Nous vous montrons ce que DataFile peut faire et comment vous pouvez l'utiliser.","breadcrumb":{"@id":"https:\/\/multihoster.org\/fr\/datafile\/#breadcrumb"},"inLanguage":"fr-FR","potentialAction":[{"@type":"ReadAction","target":["https:\/\/multihoster.org\/fr\/datafile\/"]}]},{"@type":"BreadcrumbList","@id":"https:\/\/multihoster.org\/fr\/datafile\/#breadcrumb","itemListElement":[{"@type":"ListItem","position":1,"name":"Startseite","item":"https:\/\/multihoster.org\/fr\/"},{"@type":"ListItem","position":2,"name":"DataFile Premium Account &#8211; L\u2019h\u00e9bergeur de fichiers en un coup d\u2019\u0153il"}]}]}},"_links":{"self":[{"href":"https:\/\/multihoster.org\/fr\/wp-json\/wp\/v2\/pages\/810"}],"collection":[{"href":"https:\/\/multihoster.org\/fr\/wp-json\/wp\/v2\/pages"}],"about":[{"href":"https:\/\/multihoster.org\/fr\/wp-json\/wp\/v2\/types\/page"}],"author":[{"embeddable":true,"href":"https:\/\/multihoster.org\/fr\/wp-json\/wp\/v2\/users\/2"}],"replies":[{"embeddable":true,"href":"https:\/\/multihoster.org\/fr\/wp-json\/wp\/v2\/comments?post=810"}],"version-history":[{"count":10,"href":"https:\/\/multihoster.org\/fr\/wp-json\/wp\/v2\/pages\/810\/revisions"}],"predecessor-version":[{"id":1317,"href":"https:\/\/multihoster.org\/fr\/wp-json\/wp\/v2\/pages\/810\/revisions\/1317"}],"wp:attachment":[{"href":"https:\/\/multihoster.org\/fr\/wp-json\/wp\/v2\/media?parent=810"}],"curies":[{"name":"wp","href":"https:\/\/api.w.org\/{rel}","templated":true}]}}