{"id":859,"date":"2018-08-09T19:31:23","date_gmt":"2018-08-09T19:31:23","guid":{"rendered":"https:\/\/multihoster.org\/?page_id=859"},"modified":"2019-10-28T16:05:41","modified_gmt":"2019-10-28T16:05:41","slug":"turbobit","status":"publish","type":"page","link":"https:\/\/multihoster.org\/fr\/turbobit\/","title":{"rendered":"Turbobit Premium Account &#8211; L\u2019h\u00e9bergeur de fichiers en un coup d\u2019\u0153il"},"content":{"rendered":"<p><img loading=\"lazy\" class=\"alignnone size-full wp-image-1076 alignleft\" src=\"https:\/\/multihoster.org\/wp-content\/uploads\/2018\/08\/turbobit.png\" alt=\"turbobit\" width=\"365\" height=\"105\" srcset=\"https:\/\/multihoster.org\/wp-content\/uploads\/2018\/08\/turbobit.png 365w, https:\/\/multihoster.org\/wp-content\/uploads\/2018\/08\/turbobit-300x86.png 300w\" sizes=\"(max-width: 365px) 100vw, 365px\" \/><\/p>\n<p>Avec Turbobit, vous pouvez non seulement t\u00e9l\u00e9charger un grand nombre de fichiers, mais aussi t\u00e9l\u00e9charger vos propres fichiers et recevoir une r\u00e9mun\u00e9ration attractive. Vous pouvez choisir entre l&rsquo;utilisation gratuite ou l&rsquo;utilisation de Turbo.<\/p>\n<p>Nous sommes heureux de partager avec vous notre exp\u00e9rience concernant le fournisseur Turbobit et nous vous recommandons simplement de faire vos premi\u00e8res exp\u00e9riences personnelles avec le fournisseur avec le compte gratuit.<\/p>\n<p>Pour plus d&rsquo;informations, veuillez suivre le lien : <a href=\"https:\/\/turbobitpremium.info\/\" target=\"_blank\" rel=\"noopener noreferrer\">Turbobit Premium<\/a><\/p>\n\n<p><a class=\"fasc-button fasc-size-xlarge fasc-type-glossy fasc-rounded-medium ico-fa fasc-ico-after fa-share\" style=\"background-color: #43585e; color: #ffffff;\" target=\"_blank\" rel=\"nofollow noopener noreferrer\" href=\"https:\/\/multihoster.org\/turbobit\/goto\/\">Allez sur Turbobit.net<\/a><\/p>\n<h2>La gamme compl\u00e8te de Turbobit en un coup d&rsquo;\u0153il<\/h2>\n<p>Tout d&rsquo;abord, Turbobit offre un compte premium, ce qui permet une vitesse de t\u00e9l\u00e9chargement maximale. De plus, il n&rsquo;y a pas d&rsquo;interruptions obligatoires, pas de publicit\u00e9 et le gestionnaire de t\u00e9l\u00e9chargement peut \u00e9galement \u00eatre utilis\u00e9.<\/p>\n<p>En plus du compte Premium, qui s&rsquo;appelle Turbo Access, les visiteurs peuvent \u00e9galement tester gratuitement le service du fournisseur et t\u00e9l\u00e9charger les fichiers souhait\u00e9s en quelques clics sans compte.<\/p>\n<p>Si vous voulez acheter un compte Premium Turbobit, vous pouvez choisir parmi cinq abonnements.<\/p>\n<h2>Offres de bonus<\/h2>\n<p>Turbobit offre un moyen int\u00e9ressant de gagner de l&rsquo;argent pour ceux qui mettent \u00e0 disposition les fichiers les plus populaires. Jusqu&rsquo;\u00e0 40 $ par 1000 t\u00e9l\u00e9chargements sont possibles &#8211; de cette fa\u00e7on, vous pouvez gagner non seulement un petit salaire, mais aussi un salaire mensuel complet. De plus, vous pouvez recevoir de pr\u00e9cieuses commissions en faisant de la publicit\u00e9 pour le fournisseur.<\/p>\n<p>&nbsp;<\/p>\n<p><img loading=\"lazy\" class=\"alignnone size-full wp-image-836\" src=\"https:\/\/multihoster.org\/wp-content\/uploads\/2018\/08\/turbobit.jpg\" alt=\"turbobit\" width=\"1457\" height=\"864\" srcset=\"https:\/\/multihoster.org\/wp-content\/uploads\/2018\/08\/turbobit.jpg 1457w, https:\/\/multihoster.org\/wp-content\/uploads\/2018\/08\/turbobit-300x178.jpg 300w, https:\/\/multihoster.org\/wp-content\/uploads\/2018\/08\/turbobit-768x455.jpg 768w, https:\/\/multihoster.org\/wp-content\/uploads\/2018\/08\/turbobit-1024x607.jpg 1024w\" sizes=\"(max-width: 1457px) 100vw, 1457px\" \/><\/p>\n<p>&nbsp;<\/p>\n<h2>Co\u00fbts et options de paiement<\/h2>\n<p>Si vous souhaitez \u00e9galement acheter un compte Premium Turbobit, plusieurs m\u00e9thodes de paiement sont disponibles chez Turbobit. Il s&rsquo;agit notamment du paiement par MasterCard et VISA ainsi que Paypal, S\u20acPA et Skrill. Le paiement anonyme est \u00e9galement possible via Paysafecard ou Bitcoin. Vous pouvez \u00e9galement vous connecter \u00e0 votre compte Premium avec Giropay, WebMoney et bien d&rsquo;autres m\u00e9thodes. Ceux-ci varient de OPENBUCKS aux paiements de s\u00e9curit\u00e9.<\/p>\n<p>Si vous choisissez de renouveler votre abonnement automatiquement pendant le processus de paiement, vous recevrez un rabais de 25% sur toutes les commandes suppl\u00e9mentaires de votre compte premium, ce qui r\u00e9duira consid\u00e9rablement le prix des retraits futurs.<\/p>\n<p><strong>\n<table id=\"tablepress-59\" class=\"tablepress tablepress-id-59\">\n<tbody class=\"row-hover\">\n<tr class=\"row-1 odd\">\n\t<td class=\"column-1\">Turbo 1 semaine<\/td><td class=\"column-2\">Turbo 1 mois<\/td><td class=\"column-3\">Turbo 6 mois<\/td><td class=\"column-4\">Turbo 1 an<\/td><td class=\"column-5\">Turbo 2 ans<\/td>\n<\/tr>\n<tr class=\"row-2 even\">\n\t<td class=\"column-1\">5,95 $<\/td><td class=\"column-2\">9,95 $<\/td><td class=\"column-3\">34,95 $<\/td><td class=\"column-4\">59,95 $<\/td><td class=\"column-5\">89,95 $<\/td>\n<\/tr>\n<tr class=\"row-3 odd\">\n\t<td class=\"column-1\">0,85 $ par jour<\/td><td class=\"column-2\">0,33  $ par jour<\/td><td class=\"column-3\">0,19  $ par jour<\/td><td class=\"column-4\">0,16 $ par jour<\/td><td class=\"column-5\">0,12 $ par jour<\/td>\n<\/tr>\n<\/tbody>\n<\/table>\n<!-- #tablepress-59 from cache --><\/strong><\/p>\n<p><a class=\"fasc-button fasc-size-xlarge fasc-type-glossy fasc-rounded-medium ico-fa fasc-ico-after fa-share\" style=\"background-color: #43585e; color: #ffffff;\" target=\"_blank\" rel=\"nofollow noopener noreferrer\" href=\"https:\/\/multihoster.org\/turbobit\/goto\/\">Allez sur Turbobit.net<\/a><\/p>\n<h2>Avis de confidentialit\u00e9 et protection des donn\u00e9es<\/h2>\n<p>En ce qui concerne la protection des donn\u00e9es, le fournisseur d\u00e9clare qu&rsquo;il prendra toutes les mesures n\u00e9cessaires pour prot\u00e9ger la vie priv\u00e9e et les donn\u00e9es des visiteurs et des clients.<\/p>\n<p>Lorsque vous visitez le site Web et utilisez les services, diverses donn\u00e9es sont automatiquement stock\u00e9es. Par exemple, votre adresse e-mail et votre nom sont sauvegard\u00e9s lors de l&rsquo;enregistrement. De plus, des donn\u00e9es d\u00e9mographiques anonymes peuvent \u00eatre recueillies au fil du temps afin d&rsquo;optimiser les processus d&rsquo;affaires et de mieux servir les clients. Il s&rsquo;agit de donn\u00e9es telles que votre adresse IP, les sites Web que vous visitez, votre navigateur ou le temps de visite du site Web, des donn\u00e9es qui sont stock\u00e9es anonymement et non comme des donn\u00e9es personnelles. Des cookies peuvent \u00e9galement \u00eatre utilis\u00e9s.<\/p>\n<p>Vos donn\u00e9es personnelles sont prot\u00e9g\u00e9es par cryptage pour assurer la s\u00e9curit\u00e9 du trafic.<\/p>\n<h2>Service apr\u00e8s-vente<\/h2>\n<p>Le service \u00e0 la client\u00e8le de Turbobit est disponible par courriel, Skype et ICQ et r\u00e9pond \u00e0 vos questions individuelles du lundi au samedi de 12h00 \u00e0 18h00. Pour nous contacter par e-mail, ouvrez le formulaire de contact, s\u00e9lectionnez la zone souhait\u00e9e et d\u00e9crivez votre demande.<\/p>\n<p>De plus, vous trouverez une section FAQ, disponible uniquement en anglais et en russe.<\/p>\n<h2>Convivialit\u00e9<\/h2>\n<p>Le site Web est clairement structur\u00e9 de fa\u00e7on \u00e0 ce que les visiteurs puissent voir rapidement quels services Turbobit il offre. L&rsquo;option de t\u00e9l\u00e9chargement, pour laquelle vous n&rsquo;avez m\u00eame pas besoin de cr\u00e9er un compte, est rapidement trouv\u00e9e et toutes les informations n\u00e9cessaires sur l&rsquo;acc\u00e8s Turbo sont rapidement et clairement visibles. De plus, il est facile de passer \u00e0 un compte Turbobit haut de gamme.<\/p>\n<p>Sur la page d&rsquo;accueil, les utilisateurs non enregistr\u00e9s peuvent d\u00e9j\u00e0 charger un navigateur et glisser-d\u00e9poser des fichiers vers le chargeur via \u00ab\u00a0Select File\u00a0\u00bb ou \u00ab\u00a0Drag &amp; Drop\u00a0\u00bb. En haut, il y a deux autres onglets en plus de t\u00e9l\u00e9charger le fichier : Turbo acc\u00e8s et faire de l&rsquo;argent. Alors que le premier onglet fournit \u00e0 l&rsquo;utilisateur toutes les informations n\u00e9cessaires sur le compte premium, le deuxi\u00e8me onglet offre des opportunit\u00e9s de revenus int\u00e9ressantes, qui sont rendues possibles par le fournisseur Turbobit.<\/p>\n<p>En haut \u00e0 gauche vous trouverez la fonction \u00ab\u00a0Upload file\u00a0\u00bb et l&rsquo;acc\u00e8s \u00e0 \u00ab\u00a0Mes fichiers\u00a0\u00bb. Ici, vous pouvez visualiser et organiser vos fichiers t\u00e9l\u00e9charg\u00e9s ou t\u00e9l\u00e9charg\u00e9s.<\/p>\n<p>Sur la base de notre exp\u00e9rience avec Turbobit, nous pouvons dire que les comptes gratuits et premium de Turbobit offrent une valeur ajout\u00e9e significative.<\/p>\n<p>&nbsp;<\/p>\n<p><img loading=\"lazy\" class=\"alignnone size-full wp-image-837\" src=\"https:\/\/multihoster.org\/wp-content\/uploads\/2018\/08\/turbo_access.jpg\" alt=\"Pricing\" width=\"1365\" height=\"885\" srcset=\"https:\/\/multihoster.org\/wp-content\/uploads\/2018\/08\/turbo_access.jpg 1365w, https:\/\/multihoster.org\/wp-content\/uploads\/2018\/08\/turbo_access-300x195.jpg 300w, https:\/\/multihoster.org\/wp-content\/uploads\/2018\/08\/turbo_access-768x498.jpg 768w, https:\/\/multihoster.org\/wp-content\/uploads\/2018\/08\/turbo_access-1024x664.jpg 1024w\" sizes=\"(max-width: 1365px) 100vw, 1365px\" \/><\/p>\n<h2>Les avantages d&rsquo;un compte premium avec Turbobit<\/h2>\n<p>En plus des fonctions de compte gratuit, Turbobit Turbo Access offre un certain nombre de fonctions. Il vous permet de t\u00e9l\u00e9charger les fichiers que vous voulez \u00e0 la vitesse maximale de t\u00e9l\u00e9chargement sans \u00eatre d\u00e9rang\u00e9 par la publicit\u00e9. Les interruptions forc\u00e9es sont \u00e9galement \u00e9limin\u00e9es et l&rsquo;utilisation d&rsquo;un gestionnaire de t\u00e9l\u00e9chargement est autoris\u00e9e.<\/p>\n<h2>Notre conclusion sur le fournisseur Turbobit<\/h2>\n<p>Dans l&rsquo;ensemble, Turbobit est un moyen int\u00e9ressant pour t\u00e9l\u00e9charger et t\u00e9l\u00e9charger des fichiers. Vous pouvez d&rsquo;abord tester votre compte gratuit, puis acheter un compte Premium Turbobit, qui est disponible par le biais de divers abonnements. Gr\u00e2ce \u00e0 notre exp\u00e9rience, Turbobit est en mesure de convaincre par son service complet, son potentiel de gain attractif et sa facilit\u00e9 d&rsquo;utilisation de premi\u00e8re classe.<\/p>\n<p><a class=\"fasc-button fasc-size-xlarge fasc-type-glossy fasc-rounded-medium ico-fa fasc-ico-after fa-share\" style=\"background-color: #43585e; color: #ffffff;\" target=\"_blank\" rel=\"nofollow noopener noreferrer\" href=\"https:\/\/multihoster.org\/turbobit\/goto\/\">Allez sur Turbobit.net<\/a><\/p>\n","protected":false},"excerpt":{"rendered":"<p>Avec Turbobit, vous pouvez non seulement t\u00e9l\u00e9charger un grand nombre de fichiers, mais aussi t\u00e9l\u00e9charger vos propres fichiers et recevoir<\/p>\n","protected":false},"author":2,"featured_media":0,"parent":0,"menu_order":0,"comment_status":"closed","ping_status":"closed","template":"","meta":[],"yoast_head":"<!-- This site is optimized with the Yoast SEO plugin v18.3 - https:\/\/yoast.com\/wordpress\/plugins\/seo\/ -->\n<title>lll\u25b7 Turbobit Premium Account s\u00e9rieux ou pas? +++ Test sur Multihoster.org<\/title>\n<meta name=\"description\" content=\"Nous serions heureux de vous pr\u00e9senter le Filehoster Turbobit plus en d\u00e9tail et de partager notre exp\u00e9rience sur le compte gratuit et le compte Turbobit Premium avec vous.\" \/>\n<meta name=\"robots\" content=\"index, follow, max-snippet:-1, max-image-preview:large, max-video-preview:-1\" \/>\n<link rel=\"canonical\" href=\"https:\/\/multihoster.org\/fr\/turbobit\/\" \/>\n<meta property=\"og:locale\" content=\"fr_FR\" \/>\n<meta property=\"og:type\" content=\"article\" \/>\n<meta property=\"og:title\" content=\"lll\u25b7 Turbobit Premium Account s\u00e9rieux ou pas? +++ Test sur Multihoster.org\" \/>\n<meta property=\"og:description\" content=\"Nous serions heureux de vous pr\u00e9senter le Filehoster Turbobit plus en d\u00e9tail et de partager notre exp\u00e9rience sur le compte gratuit et le compte Turbobit Premium avec vous.\" \/>\n<meta property=\"og:url\" content=\"https:\/\/multihoster.org\/fr\/turbobit\/\" \/>\n<meta property=\"og:site_name\" content=\"Multihoster.org\" \/>\n<meta property=\"article:modified_time\" content=\"2019-10-28T16:05:41+00:00\" \/>\n<meta property=\"og:image\" content=\"https:\/\/multihoster.org\/wp-content\/uploads\/2018\/08\/turbobit.png\" \/>\n<meta name=\"twitter:card\" content=\"summary\" \/>\n<meta name=\"twitter:label1\" content=\"Dur\u00e9e de lecture estim\u00e9e\" \/>\n\t<meta name=\"twitter:data1\" content=\"5 minutes\" \/>\n<script type=\"application\/ld+json\" class=\"yoast-schema-graph\">{\"@context\":\"https:\/\/schema.org\",\"@graph\":[{\"@type\":\"WebSite\",\"@id\":\"https:\/\/multihoster.org\/#website\",\"url\":\"https:\/\/multihoster.org\/\",\"name\":\"Multihoster.org\",\"description\":\"Reviews of the major Filehosting services\",\"potentialAction\":[{\"@type\":\"SearchAction\",\"target\":{\"@type\":\"EntryPoint\",\"urlTemplate\":\"https:\/\/multihoster.org\/?s={search_term_string}\"},\"query-input\":\"required name=search_term_string\"}],\"inLanguage\":\"fr-FR\"},{\"@type\":\"ImageObject\",\"@id\":\"https:\/\/multihoster.org\/fr\/turbobit\/#primaryimage\",\"inLanguage\":\"fr-FR\",\"url\":\"https:\/\/multihoster.org\/wp-content\/uploads\/2018\/08\/turbobit.png\",\"contentUrl\":\"https:\/\/multihoster.org\/wp-content\/uploads\/2018\/08\/turbobit.png\",\"width\":365,\"height\":105,\"caption\":\"turbobit\"},{\"@type\":\"WebPage\",\"@id\":\"https:\/\/multihoster.org\/fr\/turbobit\/#webpage\",\"url\":\"https:\/\/multihoster.org\/fr\/turbobit\/\",\"name\":\"lll\u25b7 Turbobit Premium Account s\u00e9rieux ou pas? +++ Test sur Multihoster.org\",\"isPartOf\":{\"@id\":\"https:\/\/multihoster.org\/#website\"},\"primaryImageOfPage\":{\"@id\":\"https:\/\/multihoster.org\/fr\/turbobit\/#primaryimage\"},\"datePublished\":\"2018-08-09T19:31:23+00:00\",\"dateModified\":\"2019-10-28T16:05:41+00:00\",\"description\":\"Nous serions heureux de vous pr\u00e9senter le Filehoster Turbobit plus en d\u00e9tail et de partager notre exp\u00e9rience sur le compte gratuit et le compte Turbobit Premium avec vous.\",\"breadcrumb\":{\"@id\":\"https:\/\/multihoster.org\/fr\/turbobit\/#breadcrumb\"},\"inLanguage\":\"fr-FR\",\"potentialAction\":[{\"@type\":\"ReadAction\",\"target\":[\"https:\/\/multihoster.org\/fr\/turbobit\/\"]}]},{\"@type\":\"BreadcrumbList\",\"@id\":\"https:\/\/multihoster.org\/fr\/turbobit\/#breadcrumb\",\"itemListElement\":[{\"@type\":\"ListItem\",\"position\":1,\"name\":\"Startseite\",\"item\":\"https:\/\/multihoster.org\/fr\/\"},{\"@type\":\"ListItem\",\"position\":2,\"name\":\"Turbobit Premium Account &#8211; L\u2019h\u00e9bergeur de fichiers en un coup d\u2019\u0153il\"}]}]}<\/script>\n<!-- \/ Yoast SEO plugin. -->","yoast_head_json":{"title":"lll\u25b7 Turbobit Premium Account s\u00e9rieux ou pas? +++ Test sur Multihoster.org","description":"Nous serions heureux de vous pr\u00e9senter le Filehoster Turbobit plus en d\u00e9tail et de partager notre exp\u00e9rience sur le compte gratuit et le compte Turbobit Premium avec vous.","robots":{"index":"index","follow":"follow","max-snippet":"max-snippet:-1","max-image-preview":"max-image-preview:large","max-video-preview":"max-video-preview:-1"},"canonical":"https:\/\/multihoster.org\/fr\/turbobit\/","og_locale":"fr_FR","og_type":"article","og_title":"lll\u25b7 Turbobit Premium Account s\u00e9rieux ou pas? +++ Test sur Multihoster.org","og_description":"Nous serions heureux de vous pr\u00e9senter le Filehoster Turbobit plus en d\u00e9tail et de partager notre exp\u00e9rience sur le compte gratuit et le compte Turbobit Premium avec vous.","og_url":"https:\/\/multihoster.org\/fr\/turbobit\/","og_site_name":"Multihoster.org","article_modified_time":"2019-10-28T16:05:41+00:00","og_image":[{"url":"https:\/\/multihoster.org\/wp-content\/uploads\/2018\/08\/turbobit.png"}],"twitter_card":"summary","twitter_misc":{"Dur\u00e9e de lecture estim\u00e9e":"5 minutes"},"schema":{"@context":"https:\/\/schema.org","@graph":[{"@type":"WebSite","@id":"https:\/\/multihoster.org\/#website","url":"https:\/\/multihoster.org\/","name":"Multihoster.org","description":"Reviews of the major Filehosting services","potentialAction":[{"@type":"SearchAction","target":{"@type":"EntryPoint","urlTemplate":"https:\/\/multihoster.org\/?s={search_term_string}"},"query-input":"required name=search_term_string"}],"inLanguage":"fr-FR"},{"@type":"ImageObject","@id":"https:\/\/multihoster.org\/fr\/turbobit\/#primaryimage","inLanguage":"fr-FR","url":"https:\/\/multihoster.org\/wp-content\/uploads\/2018\/08\/turbobit.png","contentUrl":"https:\/\/multihoster.org\/wp-content\/uploads\/2018\/08\/turbobit.png","width":365,"height":105,"caption":"turbobit"},{"@type":"WebPage","@id":"https:\/\/multihoster.org\/fr\/turbobit\/#webpage","url":"https:\/\/multihoster.org\/fr\/turbobit\/","name":"lll\u25b7 Turbobit Premium Account s\u00e9rieux ou pas? +++ Test sur Multihoster.org","isPartOf":{"@id":"https:\/\/multihoster.org\/#website"},"primaryImageOfPage":{"@id":"https:\/\/multihoster.org\/fr\/turbobit\/#primaryimage"},"datePublished":"2018-08-09T19:31:23+00:00","dateModified":"2019-10-28T16:05:41+00:00","description":"Nous serions heureux de vous pr\u00e9senter le Filehoster Turbobit plus en d\u00e9tail et de partager notre exp\u00e9rience sur le compte gratuit et le compte Turbobit Premium avec vous.","breadcrumb":{"@id":"https:\/\/multihoster.org\/fr\/turbobit\/#breadcrumb"},"inLanguage":"fr-FR","potentialAction":[{"@type":"ReadAction","target":["https:\/\/multihoster.org\/fr\/turbobit\/"]}]},{"@type":"BreadcrumbList","@id":"https:\/\/multihoster.org\/fr\/turbobit\/#breadcrumb","itemListElement":[{"@type":"ListItem","position":1,"name":"Startseite","item":"https:\/\/multihoster.org\/fr\/"},{"@type":"ListItem","position":2,"name":"Turbobit Premium Account &#8211; L\u2019h\u00e9bergeur de fichiers en un coup d\u2019\u0153il"}]}]}},"_links":{"self":[{"href":"https:\/\/multihoster.org\/fr\/wp-json\/wp\/v2\/pages\/859"}],"collection":[{"href":"https:\/\/multihoster.org\/fr\/wp-json\/wp\/v2\/pages"}],"about":[{"href":"https:\/\/multihoster.org\/fr\/wp-json\/wp\/v2\/types\/page"}],"author":[{"embeddable":true,"href":"https:\/\/multihoster.org\/fr\/wp-json\/wp\/v2\/users\/2"}],"replies":[{"embeddable":true,"href":"https:\/\/multihoster.org\/fr\/wp-json\/wp\/v2\/comments?post=859"}],"version-history":[{"count":8,"href":"https:\/\/multihoster.org\/fr\/wp-json\/wp\/v2\/pages\/859\/revisions"}],"predecessor-version":[{"id":2300,"href":"https:\/\/multihoster.org\/fr\/wp-json\/wp\/v2\/pages\/859\/revisions\/2300"}],"wp:attachment":[{"href":"https:\/\/multihoster.org\/fr\/wp-json\/wp\/v2\/media?parent=859"}],"curies":[{"name":"wp","href":"https:\/\/api.w.org\/{rel}","templated":true}]}}