{"id":894,"date":"2018-08-09T17:52:26","date_gmt":"2018-08-09T17:52:26","guid":{"rendered":"https:\/\/multihoster.org\/?page_id=894"},"modified":"2018-09-11T05:14:30","modified_gmt":"2018-09-11T05:14:30","slug":"file-al","status":"publish","type":"page","link":"https:\/\/multihoster.org\/fr\/file-al\/","title":{"rendered":"File.al Premium Account &#8211; L\u2019h\u00e9bergeur de fichiers en un coup d\u2019\u0153il"},"content":{"rendered":"<p><img loading=\"lazy\" class=\"wp-image-1057 alignleft\" src=\"https:\/\/multihoster.org\/wp-content\/uploads\/2018\/08\/file.al_.png\" alt=\"file.al\" width=\"344\" height=\"155\" srcset=\"https:\/\/multihoster.org\/wp-content\/uploads\/2018\/08\/file.al_.png 406w, https:\/\/multihoster.org\/wp-content\/uploads\/2018\/08\/file.al_-300x135.png 300w\" sizes=\"(max-width: 344px) 100vw, 344px\" \/><\/p>\n<p>Filehoster Filehoster File.AL vous permet de t\u00e9l\u00e9charger diff\u00e9rents fichiers avec un compte gratuit. Toutefois, les fonctions du service sont limit\u00e9es dans certains domaines, par exemple la publicit\u00e9.<\/p>\n<p>La mise \u00e0 niveau vers File.AL Premium vous permet de profiter pleinement du service avec toutes ses fonctionnalit\u00e9s et n&rsquo;est soumise \u00e0 aucune restriction.<\/p>\n\n<p><a class=\"fasc-button fasc-size-xlarge fasc-type-glossy fasc-rounded-medium ico-fa fasc-ico-after fa-share\" style=\"background-color: #247edd; color: #ffffff;\" target=\"_blank\" rel=\"nofollow\" href=\"https:\/\/multihoster.org\/file-al\/goto\/\">Allez dans File.al<\/a><\/p>\n<p>&nbsp;<\/p>\n<h2>L&rsquo;offre compl\u00e8te de File.AL en un coup d&rsquo;\u0153il<\/h2>\n<p>Le compte gratuit vous permet de t\u00e9l\u00e9charger ou de t\u00e9l\u00e9charger des fichiers jusqu&rsquo;\u00e0 5 Go apr\u00e8s l&rsquo;enregistrement. Vous disposez d&rsquo;un espace de stockage total de 500 Go.<\/p>\n<p>Si vous voulez profiter d&rsquo;autres fonctionnalit\u00e9s, par exemple, pour travailler avec le compte File.AL sans d\u00e9lai de publicit\u00e9 ou de t\u00e9l\u00e9chargement, une mise \u00e0 niveau vers le compte Premium File.AL est possible.<\/p>\n<p>De plus, vous pouvez recevoir des commissions attrayantes en t\u00e9l\u00e9chargeant des fichiers et en attirant de nouveaux clients.<\/p>\n<h2>Les avantages d&rsquo;un compte Premium chez File.AL<\/h2>\n<p>Alors que la taille maximale du fichier pour le compte gratuit est de 5 Go, File.AL vous permet de t\u00e9l\u00e9charger et de t\u00e9l\u00e9charger des fichiers premium jusqu&rsquo;\u00e0 50 Go. La restriction de l&rsquo;espace de stockage a \u00e9t\u00e9 compl\u00e8tement supprim\u00e9e. De plus, le compte Premium File.AL prend \u00e9galement en charge un acc\u00e9l\u00e9rateur de t\u00e9l\u00e9chargement. Vous pouvez aussi facilement mettre en pause et arr\u00eater les t\u00e9l\u00e9chargements sans avoir \u00e0 faire face \u00e0 la publicit\u00e9 et sans d\u00e9lai de t\u00e9l\u00e9chargement. Il n&rsquo;y a pas non plus de captaches de t\u00e9l\u00e9chargement avec le compte Premium.<\/p>\n<p><img loading=\"lazy\" class=\"alignnone size-full wp-image-882\" src=\"https:\/\/multihoster.org\/wp-content\/uploads\/2018\/08\/laptop.jpg\" alt=\"laptop\" width=\"1920\" height=\"1153\" srcset=\"https:\/\/multihoster.org\/wp-content\/uploads\/2018\/08\/laptop.jpg 1920w, https:\/\/multihoster.org\/wp-content\/uploads\/2018\/08\/laptop-300x180.jpg 300w, https:\/\/multihoster.org\/wp-content\/uploads\/2018\/08\/laptop-768x461.jpg 768w, https:\/\/multihoster.org\/wp-content\/uploads\/2018\/08\/laptop-1024x615.jpg 1024w\" sizes=\"(max-width: 1920px) 100vw, 1920px\" \/><\/p>\n<p>&nbsp;<\/p>\n<h2>Co\u00fbts et options de paiement<\/h2>\n<p>Il y a plusieurs fa\u00e7ons de choisir de payer pour File.AL Premium. Celles-ci vont des cartes de cr\u00e9dit standard et Paypal \u00e0 Sofort\u00fcberweisung, Sofort\u00fcberweisung, Sofort Banking, Perfect Money et Webmoney. Un transfert normal est \u00e9galement possible. Si vous voulez payer anonymement, vous pouvez utiliser l&rsquo;une des quatre monnaies crypt\u00e9es. Ici, vous pouvez choisir entre Bitcoins, Bitcoin Cash, Litecoin et Ethereum. Si vous n&rsquo;aimez pas l&rsquo;une de ces m\u00e9thodes, vous pouvez utiliser beaucoup d&rsquo;autres m\u00e9thodes de paiement avec les revendeurs de File.AL Premium.<\/p>\n<p><strong>\n<table id=\"tablepress-65\" class=\"tablepress tablepress-id-65\">\n<tbody class=\"row-hover\">\n<tr class=\"row-1 odd\">\n\t<td class=\"column-1\">30 jours <\/td><td class=\"column-2\">60 jours <\/td><td class=\"column-3\">90 jours <\/td><td class=\"column-4\">185 jours <\/td><td class=\"column-5\">356 jours <\/td>\n<\/tr>\n<tr class=\"row-2 even\">\n\t<td class=\"column-1\">19,95 $<\/td><td class=\"column-2\">29,95 $<\/td><td class=\"column-3\">39,95 $<\/td><td class=\"column-4\">69,95 $<\/td><td class=\"column-5\">99,95 $<\/td>\n<\/tr>\n<\/tbody>\n<\/table>\n<!-- #tablepress-65 from cache --><\/strong><\/p>\n<p><a class=\"fasc-button fasc-size-xlarge fasc-type-glossy fasc-rounded-medium ico-fa fasc-ico-after fa-share\" style=\"background-color: #247edd; color: #ffffff;\" target=\"_blank\" rel=\"nofollow\" href=\"https:\/\/multihoster.org\/file-al\/goto\/\">Allez dans File.al<\/a><\/p>\n<h2>Avis de confidentialit\u00e9 et protection des donn\u00e9es<\/h2>\n<p>En ce qui concerne la protection de la vie priv\u00e9e et la protection des donn\u00e9es, File.AL n&rsquo;a pas de d\u00e9claration s\u00e9par\u00e9e sur la protection des donn\u00e9es. Ce qui est certain, cependant, c&rsquo;est que l&rsquo;entreprise doit se conformer \u00e0 la r\u00e9glementation applicable en mati\u00e8re de protection des donn\u00e9es. L&rsquo;AV fournit \u00e0 l&rsquo;utilisateur des informations plus d\u00e9taill\u00e9es sur le service, les droits et les obligations en anglais.<\/p>\n<h2>service apr\u00e8s-vente<\/h2>\n<p>Pour contacter le service client File.AL, vous trouverez l&rsquo;onglet \u00ab\u00a0Contact\u00a0\u00bb au bas de la page. En un seul clic, vous acc\u00e9dez au Centre Clients, o\u00f9 vous pouvez ouvrir un nouveau ticket ou v\u00e9rifier l&rsquo;\u00e9tat d&rsquo;un ticket en cours. Dans le cadre du ticket, l&rsquo;objet, le nom, l&rsquo;adresse e-mail et la demande concr\u00e8te sont requis.<\/p>\n<h2>Convivialit\u00e9<\/h2>\n<p>Le site File.AL est tr\u00e8s clair et simple. En haut, vous trouverez tous les onglets importants, de \u00ab\u00a0Upload files\u00a0\u00bb et \u00ab\u00a0Upgrade to Premium\u00a0\u00bb, \u00ab\u00a0Affiliate\u00a0\u00bb, \u00ab\u00a0Register\u00a0\u00bb et \u00ab\u00a0Login\u00a0\u00bb \u00e0 \u00ab\u00a0Forgot password\u00a0\u00bb.<\/p>\n<p>Sur la page d&rsquo;accueil, vous pouvez vous connecter avec votre nom d&rsquo;utilisateur ou e-mail et le mot de passe correspondant. En tant qu&rsquo;utilisateur enregistr\u00e9, vous pouvez maintenant s\u00e9lectionner les onglets \u00ab\u00a0Mon compte\u00a0\u00bb, \u00ab\u00a0Mes fichiers\u00a0\u00bb et \u00ab\u00a0Rapports\u00a0\u00bb.<\/p>\n<p>Sous \u00ab\u00a0Mon compte\u00a0\u00bb, vous verrez non seulement les param\u00e8tres du compte g\u00e9n\u00e9ral, mais aussi le solde du compte, l&rsquo;espace de stockage utilis\u00e9 et le trafic encore disponible pour la journ\u00e9e en cours. En outre, vous trouverez le lien vers les donn\u00e9es que vous publiez, votre lien partenaire individuel et bien d&rsquo;autres donn\u00e9es. Ceci inclut \u00e9galement les param\u00e8tres pour la vitesse de t\u00e9l\u00e9chargement ou le compte \u00e0 rebours de t\u00e9l\u00e9chargement.<\/p>\n<p>Sur la sous-page \u00ab\u00a0Mes fichiers\u00a0\u00bb, vous trouverez des informations plus d\u00e9taill\u00e9es sur tous les fichiers que vous avez t\u00e9l\u00e9charg\u00e9s en plus de l&rsquo;espace de stockage d\u00e9j\u00e0 utilis\u00e9.<\/p>\n<p>En cliquant sur l&rsquo;onglet \u00ab\u00a0Rapports\u00a0\u00bb, vous pouvez s\u00e9lectionner la p\u00e9riode d\u00e9sir\u00e9e et recevoir le rapport correspondant. Le rapport comprend des t\u00e9l\u00e9chargements, des ventes de primes et des refacturations, des remboursements, des renvois et des sites Web.<\/p>\n<p><img loading=\"lazy\" class=\"alignnone size-full wp-image-879\" src=\"https:\/\/multihoster.org\/wp-content\/uploads\/2018\/08\/file_al.jpg\" alt=\"File.AL\" width=\"1672\" height=\"872\" srcset=\"https:\/\/multihoster.org\/wp-content\/uploads\/2018\/08\/file_al.jpg 1672w, https:\/\/multihoster.org\/wp-content\/uploads\/2018\/08\/file_al-300x156.jpg 300w, https:\/\/multihoster.org\/wp-content\/uploads\/2018\/08\/file_al-768x401.jpg 768w, https:\/\/multihoster.org\/wp-content\/uploads\/2018\/08\/file_al-1024x534.jpg 1024w\" sizes=\"(max-width: 1672px) 100vw, 1672px\" \/><\/p>\n<p>&nbsp;<\/p>\n<h2>Notre conclusion sur le fournisseur File.AL<\/h2>\n<p>Dans l&rsquo;ensemble, File.AL offre une offre int\u00e9ressante. Les utilisateurs peuvent le tester gratuitement avec un espace de stockage allant jusqu&rsquo;\u00e0 500 Go avant de passer \u00e0 File.AL Premium. La pr\u00e9sence en ligne est clairement structur\u00e9e de mani\u00e8re \u00e0 ce que toutes les informations et fonctions puissent \u00eatre trouv\u00e9es rapidement. Le contact avec le service \u00e0 la client\u00e8le est \u00e9galement facile. Diff\u00e9rentes m\u00e9thodes de paiement sont disponibles pour le paiement du Compte Premium File.AL, y compris certaines m\u00e9thodes de paiement anonyme.<\/p>\n<p><a class=\"fasc-button fasc-size-xlarge fasc-type-glossy fasc-rounded-medium ico-fa fasc-ico-after fa-share\" style=\"background-color: #247edd; color: #ffffff;\" target=\"_blank\" rel=\"nofollow\" href=\"https:\/\/multihoster.org\/file-al\/goto\/\">Allez dans File.al<\/a><\/p>\n","protected":false},"excerpt":{"rendered":"<p>Filehoster Filehoster File.AL vous permet de t\u00e9l\u00e9charger diff\u00e9rents fichiers avec un compte gratuit. Toutefois, les fonctions du service sont limit\u00e9es<\/p>\n","protected":false},"author":2,"featured_media":0,"parent":0,"menu_order":0,"comment_status":"closed","ping_status":"closed","template":"","meta":[],"yoast_head":"<!-- This site is optimized with the Yoast SEO plugin v18.3 - https:\/\/yoast.com\/wordpress\/plugins\/seo\/ -->\n<title>ll\u25b7 File.al Premium Account s\u00e9rieux ou pas ? Test sur Multihoster.org<\/title>\n<meta name=\"description\" content=\"Vous voulez savoir si Filehoster Filehoster File.AL est le bon choix ? Nous vous pr\u00e9senterons volontiers le fournisseur et le compte File.AL Premium en d\u00e9tail.\" \/>\n<meta name=\"robots\" content=\"index, follow, max-snippet:-1, max-image-preview:large, max-video-preview:-1\" \/>\n<link rel=\"canonical\" href=\"https:\/\/multihoster.org\/fr\/file-al\/\" \/>\n<meta property=\"og:locale\" content=\"fr_FR\" \/>\n<meta property=\"og:type\" content=\"article\" \/>\n<meta property=\"og:title\" content=\"ll\u25b7 File.al Premium Account s\u00e9rieux ou pas ? Test sur Multihoster.org\" \/>\n<meta property=\"og:description\" content=\"Vous voulez savoir si Filehoster Filehoster File.AL est le bon choix ? Nous vous pr\u00e9senterons volontiers le fournisseur et le compte File.AL Premium en d\u00e9tail.\" \/>\n<meta property=\"og:url\" content=\"https:\/\/multihoster.org\/fr\/file-al\/\" \/>\n<meta property=\"og:site_name\" content=\"Multihoster.org\" \/>\n<meta property=\"article:modified_time\" content=\"2018-09-11T05:14:30+00:00\" \/>\n<meta property=\"og:image\" content=\"https:\/\/multihoster.org\/wp-content\/uploads\/2018\/08\/file.al_.png\" \/>\n<meta name=\"twitter:card\" content=\"summary\" \/>\n<meta name=\"twitter:label1\" content=\"Dur\u00e9e de lecture estim\u00e9e\" \/>\n\t<meta name=\"twitter:data1\" content=\"4 minutes\" \/>\n<script type=\"application\/ld+json\" class=\"yoast-schema-graph\">{\"@context\":\"https:\/\/schema.org\",\"@graph\":[{\"@type\":\"WebSite\",\"@id\":\"https:\/\/multihoster.org\/#website\",\"url\":\"https:\/\/multihoster.org\/\",\"name\":\"Multihoster.org\",\"description\":\"Reviews of the major Filehosting services\",\"potentialAction\":[{\"@type\":\"SearchAction\",\"target\":{\"@type\":\"EntryPoint\",\"urlTemplate\":\"https:\/\/multihoster.org\/?s={search_term_string}\"},\"query-input\":\"required name=search_term_string\"}],\"inLanguage\":\"fr-FR\"},{\"@type\":\"ImageObject\",\"@id\":\"https:\/\/multihoster.org\/fr\/file-al\/#primaryimage\",\"inLanguage\":\"fr-FR\",\"url\":\"https:\/\/multihoster.org\/wp-content\/uploads\/2018\/08\/file.al_.png\",\"contentUrl\":\"https:\/\/multihoster.org\/wp-content\/uploads\/2018\/08\/file.al_.png\",\"width\":406,\"height\":183,\"caption\":\"file.al\"},{\"@type\":\"WebPage\",\"@id\":\"https:\/\/multihoster.org\/fr\/file-al\/#webpage\",\"url\":\"https:\/\/multihoster.org\/fr\/file-al\/\",\"name\":\"ll\u25b7 File.al Premium Account s\u00e9rieux ou pas ? Test sur Multihoster.org\",\"isPartOf\":{\"@id\":\"https:\/\/multihoster.org\/#website\"},\"primaryImageOfPage\":{\"@id\":\"https:\/\/multihoster.org\/fr\/file-al\/#primaryimage\"},\"datePublished\":\"2018-08-09T17:52:26+00:00\",\"dateModified\":\"2018-09-11T05:14:30+00:00\",\"description\":\"Vous voulez savoir si Filehoster Filehoster File.AL est le bon choix ? Nous vous pr\u00e9senterons volontiers le fournisseur et le compte File.AL Premium en d\u00e9tail.\",\"breadcrumb\":{\"@id\":\"https:\/\/multihoster.org\/fr\/file-al\/#breadcrumb\"},\"inLanguage\":\"fr-FR\",\"potentialAction\":[{\"@type\":\"ReadAction\",\"target\":[\"https:\/\/multihoster.org\/fr\/file-al\/\"]}]},{\"@type\":\"BreadcrumbList\",\"@id\":\"https:\/\/multihoster.org\/fr\/file-al\/#breadcrumb\",\"itemListElement\":[{\"@type\":\"ListItem\",\"position\":1,\"name\":\"Startseite\",\"item\":\"https:\/\/multihoster.org\/fr\/\"},{\"@type\":\"ListItem\",\"position\":2,\"name\":\"File.al Premium Account &#8211; L\u2019h\u00e9bergeur de fichiers en un coup d\u2019\u0153il\"}]}]}<\/script>\n<!-- \/ Yoast SEO plugin. -->","yoast_head_json":{"title":"ll\u25b7 File.al Premium Account s\u00e9rieux ou pas ? Test sur Multihoster.org","description":"Vous voulez savoir si Filehoster Filehoster File.AL est le bon choix ? Nous vous pr\u00e9senterons volontiers le fournisseur et le compte File.AL Premium en d\u00e9tail.","robots":{"index":"index","follow":"follow","max-snippet":"max-snippet:-1","max-image-preview":"max-image-preview:large","max-video-preview":"max-video-preview:-1"},"canonical":"https:\/\/multihoster.org\/fr\/file-al\/","og_locale":"fr_FR","og_type":"article","og_title":"ll\u25b7 File.al Premium Account s\u00e9rieux ou pas ? Test sur Multihoster.org","og_description":"Vous voulez savoir si Filehoster Filehoster File.AL est le bon choix ? Nous vous pr\u00e9senterons volontiers le fournisseur et le compte File.AL Premium en d\u00e9tail.","og_url":"https:\/\/multihoster.org\/fr\/file-al\/","og_site_name":"Multihoster.org","article_modified_time":"2018-09-11T05:14:30+00:00","og_image":[{"url":"https:\/\/multihoster.org\/wp-content\/uploads\/2018\/08\/file.al_.png"}],"twitter_card":"summary","twitter_misc":{"Dur\u00e9e de lecture estim\u00e9e":"4 minutes"},"schema":{"@context":"https:\/\/schema.org","@graph":[{"@type":"WebSite","@id":"https:\/\/multihoster.org\/#website","url":"https:\/\/multihoster.org\/","name":"Multihoster.org","description":"Reviews of the major Filehosting services","potentialAction":[{"@type":"SearchAction","target":{"@type":"EntryPoint","urlTemplate":"https:\/\/multihoster.org\/?s={search_term_string}"},"query-input":"required name=search_term_string"}],"inLanguage":"fr-FR"},{"@type":"ImageObject","@id":"https:\/\/multihoster.org\/fr\/file-al\/#primaryimage","inLanguage":"fr-FR","url":"https:\/\/multihoster.org\/wp-content\/uploads\/2018\/08\/file.al_.png","contentUrl":"https:\/\/multihoster.org\/wp-content\/uploads\/2018\/08\/file.al_.png","width":406,"height":183,"caption":"file.al"},{"@type":"WebPage","@id":"https:\/\/multihoster.org\/fr\/file-al\/#webpage","url":"https:\/\/multihoster.org\/fr\/file-al\/","name":"ll\u25b7 File.al Premium Account s\u00e9rieux ou pas ? Test sur Multihoster.org","isPartOf":{"@id":"https:\/\/multihoster.org\/#website"},"primaryImageOfPage":{"@id":"https:\/\/multihoster.org\/fr\/file-al\/#primaryimage"},"datePublished":"2018-08-09T17:52:26+00:00","dateModified":"2018-09-11T05:14:30+00:00","description":"Vous voulez savoir si Filehoster Filehoster File.AL est le bon choix ? Nous vous pr\u00e9senterons volontiers le fournisseur et le compte File.AL Premium en d\u00e9tail.","breadcrumb":{"@id":"https:\/\/multihoster.org\/fr\/file-al\/#breadcrumb"},"inLanguage":"fr-FR","potentialAction":[{"@type":"ReadAction","target":["https:\/\/multihoster.org\/fr\/file-al\/"]}]},{"@type":"BreadcrumbList","@id":"https:\/\/multihoster.org\/fr\/file-al\/#breadcrumb","itemListElement":[{"@type":"ListItem","position":1,"name":"Startseite","item":"https:\/\/multihoster.org\/fr\/"},{"@type":"ListItem","position":2,"name":"File.al Premium Account &#8211; L\u2019h\u00e9bergeur de fichiers en un coup d\u2019\u0153il"}]}]}},"_links":{"self":[{"href":"https:\/\/multihoster.org\/fr\/wp-json\/wp\/v2\/pages\/894"}],"collection":[{"href":"https:\/\/multihoster.org\/fr\/wp-json\/wp\/v2\/pages"}],"about":[{"href":"https:\/\/multihoster.org\/fr\/wp-json\/wp\/v2\/types\/page"}],"author":[{"embeddable":true,"href":"https:\/\/multihoster.org\/fr\/wp-json\/wp\/v2\/users\/2"}],"replies":[{"embeddable":true,"href":"https:\/\/multihoster.org\/fr\/wp-json\/wp\/v2\/comments?post=894"}],"version-history":[{"count":10,"href":"https:\/\/multihoster.org\/fr\/wp-json\/wp\/v2\/pages\/894\/revisions"}],"predecessor-version":[{"id":1329,"href":"https:\/\/multihoster.org\/fr\/wp-json\/wp\/v2\/pages\/894\/revisions\/1329"}],"wp:attachment":[{"href":"https:\/\/multihoster.org\/fr\/wp-json\/wp\/v2\/media?parent=894"}],"curies":[{"name":"wp","href":"https:\/\/api.w.org\/{rel}","templated":true}]}}