{"id":934,"date":"2018-08-09T19:16:36","date_gmt":"2018-08-09T19:16:36","guid":{"rendered":"https:\/\/multihoster.org\/?page_id=934"},"modified":"2018-09-12T05:38:35","modified_gmt":"2018-09-12T05:38:35","slug":"nitroflare","status":"publish","type":"page","link":"https:\/\/multihoster.org\/fr\/nitroflare\/","title":{"rendered":"Nitroflare Premium Account &#8211; L\u2019h\u00e9bergeur de fichiers en un coup d\u2019\u0153il"},"content":{"rendered":"<p><img loading=\"lazy\" class=\"alignnone size-full wp-image-1066 alignleft\" src=\"https:\/\/multihoster.org\/wp-content\/uploads\/2018\/08\/nitroflare.png\" alt=\"nitroflare\" width=\"414\" height=\"94\" srcset=\"https:\/\/multihoster.org\/wp-content\/uploads\/2018\/08\/nitroflare.png 414w, https:\/\/multihoster.org\/wp-content\/uploads\/2018\/08\/nitroflare-300x68.png 300w\" sizes=\"(max-width: 414px) 100vw, 414px\" \/><\/p>\n<p>NitroFlare est l&rsquo;un des meilleurs de l&rsquo;industrie et se d\u00e9crit comme le service le plus rapide et le meilleur pour le t\u00e9l\u00e9chargement, le stockage et le partage s\u00e9curis\u00e9 de donn\u00e9es sur Internet. Le Filehoster offre un service international pour le transfert, le stockage, la sauvegarde et la distribution des donn\u00e9es.<\/p>\n<p>NitroFlare explique sur la page d&rsquo;accueil que la vitesse du serveur est presque illimit\u00e9e et qu&rsquo;il n&rsquo;existe pas de services comparables offrant le m\u00eame niveau de qualit\u00e9. Le fournisseur se r\u00e9f\u00e8re naturellement au service NitroFlare Premium Service, qui est fourni contre paiement.<\/p>\n\n<p><a class=\"fasc-button fasc-size-xlarge fasc-type-glossy fasc-rounded-medium ico-fa fasc-ico-after fa-share\" style=\"background-color: #43585e; color: #ffffff;\" target=\"_blank\" rel=\"nofollow\" href=\"https:\/\/multihoster.org\/nitroflare\/goto\/\">Allez sur Nitroflare.com<\/a><\/p>\n<p>&nbsp;<\/p>\n<h2>L&rsquo;ensemble de la gamme NitroFlare en un coup d&rsquo;\u0153il<\/h2>\n<p>NitroFlare vous permet de t\u00e9l\u00e9charger diff\u00e9rents fichiers jusqu&rsquo;\u00e0 10 Go par t\u00e9l\u00e9chargement via un navigateur, t\u00e9l\u00e9chargement \u00e0 distance ou FTP sur les serveurs du fournisseur avec un compte gratuit.<\/p>\n<p>En plus du compte gratuit, vous avez un total de cinq abonnements payants \u00e0 un compte Premium NitroFlare, ce qui vous permet de profiter de la gamme compl\u00e8te des services NitroFlare. NitroFlare Premium offre une p\u00e9riode d&rsquo;essai de 2 jours et des tarifs pour 30 jours, 90 jours, 180 jours et 365 jours. L&rsquo;abonnement d&rsquo;essai de 2 jours n&rsquo;est que l\u00e9g\u00e8rement moins cher que le tarif de 30 jours, ce qui am\u00e8ne rapidement le visiteur \u00e0 l&rsquo;abonnement de 30 jours pour NitroFlare Premium.<\/p>\n<h2>Offres de bonus<\/h2>\n<p>NitroFlare offre non seulement la possibilit\u00e9 de t\u00e9l\u00e9charger et de t\u00e9l\u00e9charger des fichiers, mais aussi un moyen attrayant de gagner de l&rsquo;argent et de promouvoir le service. Selon le type de compte, vous pouvez recevoir une commission allant jusqu&rsquo;\u00e0 10 % si le fournisseur b\u00e9n\u00e9ficie de nouveaux clients par votre interm\u00e9diaire.<\/p>\n<p><img loading=\"lazy\" class=\"alignnone size-full wp-image-919\" src=\"https:\/\/multihoster.org\/wp-content\/uploads\/2018\/08\/nitroflare.jpg\" alt=\"Nitroflare\" width=\"894\" height=\"632\" srcset=\"https:\/\/multihoster.org\/wp-content\/uploads\/2018\/08\/nitroflare.jpg 894w, https:\/\/multihoster.org\/wp-content\/uploads\/2018\/08\/nitroflare-300x212.jpg 300w, https:\/\/multihoster.org\/wp-content\/uploads\/2018\/08\/nitroflare-768x543.jpg 768w\" sizes=\"(max-width: 894px) 100vw, 894px\" \/><\/p>\n<h2>Co\u00fbts et options de paiement<\/h2>\n<p>Les options de paiement pour le compte premium NitroFlare incluent les m\u00e9thodes de carte de cr\u00e9dit bien connues. Les cartes VISA, MasterCard, American Express et Discover Card sont accept\u00e9es. D&rsquo;autres m\u00e9thodes, comme WebMoney sont \u00e9galement disponibles pour le paiement de NitroFlare Premium. Si vous voulez payer anonymement, vous pouvez le faire via Bitcoin.<\/p>\n<p><strong>\n<table id=\"tablepress-72\" class=\"tablepress tablepress-id-72\">\n<tbody class=\"row-hover\">\n<tr class=\"row-1 odd\">\n\t<td class=\"column-1\">Trial<\/td><td class=\"column-2\">Medium<\/td><td class=\"column-3\">Popular<\/td><td class=\"column-4\">Big<\/td><td class=\"column-5\">Huge<\/td>\n<\/tr>\n<tr class=\"row-2 even\">\n\t<td class=\"column-1\">2 jours<\/td><td class=\"column-2\">30 jours<\/td><td class=\"column-3\">90 jours<\/td><td class=\"column-4\">180 jours<\/td><td class=\"column-5\">365 jours<\/td>\n<\/tr>\n<tr class=\"row-3 odd\">\n\t<td class=\"column-1\">10 $<\/td><td class=\"column-2\">12 $<\/td><td class=\"column-3\">30 $<\/td><td class=\"column-4\">50 $<\/td><td class=\"column-5\">90 $<\/td>\n<\/tr>\n<\/tbody>\n<\/table>\n<!-- #tablepress-72 from cache --><\/strong><\/p>\n<p><a class=\"fasc-button fasc-size-xlarge fasc-type-glossy fasc-rounded-medium ico-fa fasc-ico-after fa-share\" style=\"background-color: #43585e; color: #ffffff;\" target=\"_blank\" rel=\"nofollow\" href=\"https:\/\/multihoster.org\/nitroflare\/goto\/\">Allez sur Nitroflare.com<\/a><\/p>\n<h2>Avis de confidentialit\u00e9 et protection des donn\u00e9es<\/h2>\n<p>La protection de la vie priv\u00e9e et des donn\u00e9es devient de plus en plus importante pour de nombreux consommateurs. En ce qui concerne la protection de vos donn\u00e9es personnelles et de votre vie priv\u00e9e, vous pouvez compter sur la fiabilit\u00e9 de NitroFlare.<\/p>\n<p>Le fournisseur stocke des informations communes, telles que l&rsquo;adresse IP, l&rsquo;adresse e-mail, le nom et les fichiers t\u00e9l\u00e9charg\u00e9s et t\u00e9l\u00e9charg\u00e9s. En utilisant le service NitroFlare, vous acceptez \u00e9galement l&rsquo;utilisation de cookies, ce qui am\u00e9liore souvent l&rsquo;exp\u00e9rience de l&rsquo;utilisateur.<\/p>\n<p>Les donn\u00e9es financi\u00e8res personnelles ne sont pas stock\u00e9es par NitroFlare, car le processus de paiement comprend des services de paiement distincts qui traitent les donn\u00e9es.<\/p>\n<h2>Service apr\u00e8s-vente<\/h2>\n<p>Le lien du service \u00e0 la client\u00e8le se trouve en haut du site web sous l&rsquo;onglet \u00ab\u00a0Support\u00a0\u00bb. L&rsquo;utilisateur sera invit\u00e9 \u00e0 rechercher d&rsquo;abord une solution dans la bo\u00eete de questions et r\u00e9ponses en haut de la page cible. Vous trouverez ci-dessous un formulaire de contact, o\u00f9 l&rsquo;adresse e-mail, l&rsquo;objet et une concr\u00e9tisation de l&rsquo;application sont n\u00e9cessaires. Le captcha peut alors \u00eatre confirm\u00e9 et le message envoy\u00e9.<\/p>\n<p><img loading=\"lazy\" class=\"alignnone size-full wp-image-920\" src=\"https:\/\/multihoster.org\/wp-content\/uploads\/2018\/08\/support.jpg\" alt=\"support\" width=\"859\" height=\"624\" srcset=\"https:\/\/multihoster.org\/wp-content\/uploads\/2018\/08\/support.jpg 859w, https:\/\/multihoster.org\/wp-content\/uploads\/2018\/08\/support-300x218.jpg 300w, https:\/\/multihoster.org\/wp-content\/uploads\/2018\/08\/support-768x558.jpg 768w\" sizes=\"(max-width: 859px) 100vw, 859px\" \/><\/p>\n<h2>Convivialit\u00e9<\/h2>\n<p>La pr\u00e9sence en ligne nitroflare.com est clairement structur\u00e9e, de sorte que vous pouvez voir tout ce qui est important en un coup d&rsquo;\u0153il sur la page d&rsquo;accueil. M\u00eame sans compte, vous pouvez t\u00e9l\u00e9charger des fichiers jusqu&rsquo;\u00e0 10 Go avec Browser Upload, FTP Upload ou Remote Upload. En outre, vous trouverez les sous-pages \u00ab\u00a0Prime d&rsquo;achat\u00a0\u00bb, \u00ab\u00a0Gagner de l&rsquo;argent\u00a0\u00bb et \u00ab\u00a0Support\u00a0\u00bb en haut de la page.<\/p>\n<p>En cliquant sur \u00ab\u00a0Utilisateur\u00a0\u00bb dans le coin sup\u00e9rieur droit de la page, vous acc\u00e9dez \u00e0 la vue d&rsquo;ensemble du compte. Vous pouvez y voir, entre autres, la capacit\u00e9 de stockage disponible, le solde du compte et des informations sur les options de gain. Vous pouvez \u00e9galement trouver des statistiques sur les clics, les t\u00e9l\u00e9chargements et les ventes.<\/p>\n<p>De l\u00e0, vous pouvez acc\u00e9der \u00e0 l&rsquo;onglet \u00ab\u00a0Mes fichiers\u00a0\u00bb, o\u00f9 vous pouvez pratiquement organiser et visualiser vos fichiers. Il est \u00e9galement possible d&rsquo;ouvrir les rapports d&rsquo;affiliation et de cr\u00e9er un compte FTP. Vous pouvez \u00e9galement consulter vos t\u00e9l\u00e9chargements individuels et vos r\u00e9f\u00e9rences de vente et trouver des liens vers deux API de d\u00e9veloppeurs.<\/p>\n<h2>Les avantages d&rsquo;un compte Premium avec NitroFlare<\/h2>\n<p>Avec un compte Premium NitroFlare, vous pouvez utiliser la vitesse maximale lorsque vous visitez NitroFlare.com. De plus, vous b\u00e9n\u00e9ficiez de la possibilit\u00e9 non seulement de t\u00e9l\u00e9charger les vid\u00e9os d\u00e9sir\u00e9es, mais aussi de les visionner en ligne.<\/p>\n<p>De plus, vous ne serez pas d\u00e9rang\u00e9 par la publicit\u00e9 pendant l&rsquo;utilisation du service et vous b\u00e9n\u00e9ficierez de NitroFlare Premium via le service client prioritaire.<\/p>\n<h2>Notre conclusion sur NitroFlare<\/h2>\n<p>Dans l&rsquo;ensemble, NitroFlare offre une gamme int\u00e9ressante de produits qui peuvent \u00eatre utilis\u00e9s gratuitement ou payants. Avec le compte Premium NitroFlare, vous avez toutes les options et pouvez utiliser la vitesse maximale, mais la taille du compte gratuit est limit\u00e9e. La page est clairement structur\u00e9e de mani\u00e8re \u00e0 ce que toutes les informations et fonctions puissent \u00eatre trouv\u00e9es rapidement. Essayez l&rsquo;offre gratuite NitroFlare pour vous-m\u00eame et passez \u00e0 NitroFlare Premium si vous l&rsquo;aimez.<\/p>\n<p><a class=\"fasc-button fasc-size-xlarge fasc-type-glossy fasc-rounded-medium ico-fa fasc-ico-after fa-share\" style=\"background-color: #43585e; color: #ffffff;\" target=\"_blank\" rel=\"nofollow\" href=\"https:\/\/multihoster.org\/nitroflare\/goto\/\">Allez sur Nitroflare.com<\/a><\/p>\n","protected":false},"excerpt":{"rendered":"<p>NitroFlare est l&rsquo;un des meilleurs de l&rsquo;industrie et se d\u00e9crit comme le service le plus rapide et le meilleur pour<\/p>\n","protected":false},"author":2,"featured_media":0,"parent":0,"menu_order":0,"comment_status":"closed","ping_status":"closed","template":"","meta":[],"yoast_head":"<!-- This site is optimized with the Yoast SEO plugin v18.3 - https:\/\/yoast.com\/wordpress\/plugins\/seo\/ -->\n<title>lll\u25b7 Nitroflare Premium Account s\u00e9rieux ou pas? +++ Test sur Multihoster.org<\/title>\n<meta name=\"description\" content=\"Nous avons examin\u00e9 de plus pr\u00e8s l&#039;h\u00e9bergeur de fichiers NitroFlare et serions heureux de vous pr\u00e9senter le fournisseur.\" \/>\n<meta name=\"robots\" content=\"index, follow, max-snippet:-1, max-image-preview:large, max-video-preview:-1\" \/>\n<link rel=\"canonical\" href=\"https:\/\/multihoster.org\/fr\/nitroflare\/\" \/>\n<meta property=\"og:locale\" content=\"fr_FR\" \/>\n<meta property=\"og:type\" content=\"article\" \/>\n<meta property=\"og:title\" content=\"lll\u25b7 Nitroflare Premium Account s\u00e9rieux ou pas? +++ Test sur Multihoster.org\" \/>\n<meta property=\"og:description\" content=\"Nous avons examin\u00e9 de plus pr\u00e8s l&#039;h\u00e9bergeur de fichiers NitroFlare et serions heureux de vous pr\u00e9senter le fournisseur.\" \/>\n<meta property=\"og:url\" content=\"https:\/\/multihoster.org\/fr\/nitroflare\/\" \/>\n<meta property=\"og:site_name\" content=\"Multihoster.org\" \/>\n<meta property=\"article:modified_time\" content=\"2018-09-12T05:38:35+00:00\" \/>\n<meta property=\"og:image\" content=\"https:\/\/multihoster.org\/wp-content\/uploads\/2018\/08\/nitroflare.png\" \/>\n<meta name=\"twitter:card\" content=\"summary\" \/>\n<meta name=\"twitter:label1\" content=\"Dur\u00e9e de lecture estim\u00e9e\" \/>\n\t<meta name=\"twitter:data1\" content=\"5 minutes\" \/>\n<script type=\"application\/ld+json\" class=\"yoast-schema-graph\">{\"@context\":\"https:\/\/schema.org\",\"@graph\":[{\"@type\":\"WebSite\",\"@id\":\"https:\/\/multihoster.org\/#website\",\"url\":\"https:\/\/multihoster.org\/\",\"name\":\"Multihoster.org\",\"description\":\"Reviews of the major Filehosting services\",\"potentialAction\":[{\"@type\":\"SearchAction\",\"target\":{\"@type\":\"EntryPoint\",\"urlTemplate\":\"https:\/\/multihoster.org\/?s={search_term_string}\"},\"query-input\":\"required name=search_term_string\"}],\"inLanguage\":\"fr-FR\"},{\"@type\":\"ImageObject\",\"@id\":\"https:\/\/multihoster.org\/fr\/nitroflare\/#primaryimage\",\"inLanguage\":\"fr-FR\",\"url\":\"https:\/\/multihoster.org\/wp-content\/uploads\/2018\/08\/nitroflare.png\",\"contentUrl\":\"https:\/\/multihoster.org\/wp-content\/uploads\/2018\/08\/nitroflare.png\",\"width\":414,\"height\":94,\"caption\":\"nitroflare\"},{\"@type\":\"WebPage\",\"@id\":\"https:\/\/multihoster.org\/fr\/nitroflare\/#webpage\",\"url\":\"https:\/\/multihoster.org\/fr\/nitroflare\/\",\"name\":\"lll\u25b7 Nitroflare Premium Account s\u00e9rieux ou pas? +++ Test sur Multihoster.org\",\"isPartOf\":{\"@id\":\"https:\/\/multihoster.org\/#website\"},\"primaryImageOfPage\":{\"@id\":\"https:\/\/multihoster.org\/fr\/nitroflare\/#primaryimage\"},\"datePublished\":\"2018-08-09T19:16:36+00:00\",\"dateModified\":\"2018-09-12T05:38:35+00:00\",\"description\":\"Nous avons examin\u00e9 de plus pr\u00e8s l'h\u00e9bergeur de fichiers NitroFlare et serions heureux de vous pr\u00e9senter le fournisseur.\",\"breadcrumb\":{\"@id\":\"https:\/\/multihoster.org\/fr\/nitroflare\/#breadcrumb\"},\"inLanguage\":\"fr-FR\",\"potentialAction\":[{\"@type\":\"ReadAction\",\"target\":[\"https:\/\/multihoster.org\/fr\/nitroflare\/\"]}]},{\"@type\":\"BreadcrumbList\",\"@id\":\"https:\/\/multihoster.org\/fr\/nitroflare\/#breadcrumb\",\"itemListElement\":[{\"@type\":\"ListItem\",\"position\":1,\"name\":\"Startseite\",\"item\":\"https:\/\/multihoster.org\/fr\/\"},{\"@type\":\"ListItem\",\"position\":2,\"name\":\"Nitroflare Premium Account &#8211; L\u2019h\u00e9bergeur de fichiers en un coup d\u2019\u0153il\"}]}]}<\/script>\n<!-- \/ Yoast SEO plugin. -->","yoast_head_json":{"title":"lll\u25b7 Nitroflare Premium Account s\u00e9rieux ou pas? +++ Test sur Multihoster.org","description":"Nous avons examin\u00e9 de plus pr\u00e8s l'h\u00e9bergeur de fichiers NitroFlare et serions heureux de vous pr\u00e9senter le fournisseur.","robots":{"index":"index","follow":"follow","max-snippet":"max-snippet:-1","max-image-preview":"max-image-preview:large","max-video-preview":"max-video-preview:-1"},"canonical":"https:\/\/multihoster.org\/fr\/nitroflare\/","og_locale":"fr_FR","og_type":"article","og_title":"lll\u25b7 Nitroflare Premium Account s\u00e9rieux ou pas? +++ Test sur Multihoster.org","og_description":"Nous avons examin\u00e9 de plus pr\u00e8s l'h\u00e9bergeur de fichiers NitroFlare et serions heureux de vous pr\u00e9senter le fournisseur.","og_url":"https:\/\/multihoster.org\/fr\/nitroflare\/","og_site_name":"Multihoster.org","article_modified_time":"2018-09-12T05:38:35+00:00","og_image":[{"url":"https:\/\/multihoster.org\/wp-content\/uploads\/2018\/08\/nitroflare.png"}],"twitter_card":"summary","twitter_misc":{"Dur\u00e9e de lecture estim\u00e9e":"5 minutes"},"schema":{"@context":"https:\/\/schema.org","@graph":[{"@type":"WebSite","@id":"https:\/\/multihoster.org\/#website","url":"https:\/\/multihoster.org\/","name":"Multihoster.org","description":"Reviews of the major Filehosting services","potentialAction":[{"@type":"SearchAction","target":{"@type":"EntryPoint","urlTemplate":"https:\/\/multihoster.org\/?s={search_term_string}"},"query-input":"required name=search_term_string"}],"inLanguage":"fr-FR"},{"@type":"ImageObject","@id":"https:\/\/multihoster.org\/fr\/nitroflare\/#primaryimage","inLanguage":"fr-FR","url":"https:\/\/multihoster.org\/wp-content\/uploads\/2018\/08\/nitroflare.png","contentUrl":"https:\/\/multihoster.org\/wp-content\/uploads\/2018\/08\/nitroflare.png","width":414,"height":94,"caption":"nitroflare"},{"@type":"WebPage","@id":"https:\/\/multihoster.org\/fr\/nitroflare\/#webpage","url":"https:\/\/multihoster.org\/fr\/nitroflare\/","name":"lll\u25b7 Nitroflare Premium Account s\u00e9rieux ou pas? +++ Test sur Multihoster.org","isPartOf":{"@id":"https:\/\/multihoster.org\/#website"},"primaryImageOfPage":{"@id":"https:\/\/multihoster.org\/fr\/nitroflare\/#primaryimage"},"datePublished":"2018-08-09T19:16:36+00:00","dateModified":"2018-09-12T05:38:35+00:00","description":"Nous avons examin\u00e9 de plus pr\u00e8s l'h\u00e9bergeur de fichiers NitroFlare et serions heureux de vous pr\u00e9senter le fournisseur.","breadcrumb":{"@id":"https:\/\/multihoster.org\/fr\/nitroflare\/#breadcrumb"},"inLanguage":"fr-FR","potentialAction":[{"@type":"ReadAction","target":["https:\/\/multihoster.org\/fr\/nitroflare\/"]}]},{"@type":"BreadcrumbList","@id":"https:\/\/multihoster.org\/fr\/nitroflare\/#breadcrumb","itemListElement":[{"@type":"ListItem","position":1,"name":"Startseite","item":"https:\/\/multihoster.org\/fr\/"},{"@type":"ListItem","position":2,"name":"Nitroflare Premium Account &#8211; L\u2019h\u00e9bergeur de fichiers en un coup d\u2019\u0153il"}]}]}},"_links":{"self":[{"href":"https:\/\/multihoster.org\/fr\/wp-json\/wp\/v2\/pages\/934"}],"collection":[{"href":"https:\/\/multihoster.org\/fr\/wp-json\/wp\/v2\/pages"}],"about":[{"href":"https:\/\/multihoster.org\/fr\/wp-json\/wp\/v2\/types\/page"}],"author":[{"embeddable":true,"href":"https:\/\/multihoster.org\/fr\/wp-json\/wp\/v2\/users\/2"}],"replies":[{"embeddable":true,"href":"https:\/\/multihoster.org\/fr\/wp-json\/wp\/v2\/comments?post=934"}],"version-history":[{"count":9,"href":"https:\/\/multihoster.org\/fr\/wp-json\/wp\/v2\/pages\/934\/revisions"}],"predecessor-version":[{"id":1365,"href":"https:\/\/multihoster.org\/fr\/wp-json\/wp\/v2\/pages\/934\/revisions\/1365"}],"wp:attachment":[{"href":"https:\/\/multihoster.org\/fr\/wp-json\/wp\/v2\/media?parent=934"}],"curies":[{"name":"wp","href":"https:\/\/api.w.org\/{rel}","templated":true}]}}