{"id":1500,"date":"2018-09-27T07:59:30","date_gmt":"2018-09-27T07:59:30","guid":{"rendered":"https:\/\/multihoster.org\/?page_id=1500"},"modified":"2019-03-18T20:24:33","modified_gmt":"2019-03-18T20:24:33","slug":"fileboom","status":"publish","type":"page","link":"https:\/\/multihoster.org\/it\/fileboom\/","title":{"rendered":"Fileboom Premium Account &#8211; Il Filehoster in sintesi"},"content":{"rendered":"<p><img loading=\"lazy\" class=\"size-full wp-image-1467 alignleft\" src=\"https:\/\/multihoster.org\/wp-content\/uploads\/2018\/09\/logo-1.png\" alt=\"logo\" width=\"229\" height=\"54\">Per il filehoster Fileboom.me la conservazione sicura dei vostri file \u00e8 la massima priorit\u00e0. All&#8217;interno dell&#8217;account Fileboom, il provider consente di salvare i file e scaricare diversi file. All&#8217;interno del servizio Fileboom.me c&#8217;\u00e8 sia un account gratuito che Fileboom Premium, che ti permette di utilizzare l&#8217;intera estensione. Sono disponibili vari metodi di pagamento, tra cui il popolare fornitore di servizi di pagamento Paypal.<\/p>\n<p><a class=\"fasc-button fasc-size-xlarge fasc-type-glossy fasc-rounded-medium ico-fa fasc-ico-after fa-share\" style=\"background-color: #33809e; color: #ffffff;\" target=\"_blank\" rel=\"nofollow noopener noreferrer\" href=\"https:\/\/multihoster.org\/fileboom\/goto\/\">Vai a Fileboom.me<\/a><\/p>\n<h2>Caratteristiche positive del fornitore<\/h2>\n<ul>\n<li>Utilizzo gratuito possibile<\/li>\n<li>Strutturazione chiara<\/li>\n<li>Eccellente protezione dei dati<\/li>\n<li>Caratteristiche Premium attraenti<\/li>\n<\/ul>\n<p>&nbsp;<\/p>\n<p><img loading=\"lazy\" class=\"alignnone size-full wp-image-1463\" src=\"https:\/\/multihoster.org\/wp-content\/uploads\/2018\/09\/overview.png\" alt=\"overview\" width=\"1393\" height=\"311\" srcset=\"https:\/\/multihoster.org\/wp-content\/uploads\/2018\/09\/overview.png 1393w, https:\/\/multihoster.org\/wp-content\/uploads\/2018\/09\/overview-300x67.png 300w, https:\/\/multihoster.org\/wp-content\/uploads\/2018\/09\/overview-768x171.png 768w, https:\/\/multihoster.org\/wp-content\/uploads\/2018\/09\/overview-1024x229.png 1024w\" sizes=\"(max-width: 1393px) 100vw, 1393px\" \/><\/p>\n<h2>L&#8217;intera gamma Fileboom in sintesi<\/h2>\n<p>L&#8217;account gratuito Fileboom viene creato rapidamente e richiede solo pochi secondi. Dopo la verifica dell&#8217;indirizzo e-mail, il servizio pu\u00f2 essere utilizzato in misura limitata. C&#8217;\u00e8 10 GB di spazio di archiviazione disponibile per il caricamento.<\/p>\n<p>\u00c8 possibile utilizzare la portata massima dei servizi acquistando un account Premium Fileboom. Qui troverete la massima velocit\u00e0 di download, il download simultaneo di pi\u00f9 file e molte altre caratteristiche. Per l&#8217;acquisto di Fileboom Premium ci sono quattro diverse opzioni di pacchetto e vari metodi di pagamento accettati.<\/p>\n<p>&nbsp;<\/p>\n<h2>Offerte bonus<\/h2>\n<p>Come offerta bonus Fileboom offre la possibilit\u00e0 di richiedere il programma di affiliazione. Se siete interessati a richiedere Fileboom Premium e riceverete un premio per farlo, potete fare i primi passi nella scheda &#8220;Guadagnare soldi&#8221;. Qui potete inserire i vostri dati personali e riceverete una risposta entro 24 ore durante i giorni lavorativi.<\/p>\n<h2>Costi e modalit\u00e0 di pagamento<\/h2>\n<p>Se non solo volete godere dei vantaggi di un conto Fileboom gratuito, ma anche delle caratteristiche di Fileboom Premium, potete scegliere tra tre metodi di pagamento: VISA, MasterCard e American Express. E &#8216;anche possibile pagare con PayPal e con vari metodi locali. Da Webmoney e Postbank a LBBW e Safety Pay. Il pagamento anonimo tramite PaysafeCard non \u00e8 possibile con Fileboom.<\/p>\n<p><strong>\n<table id=\"tablepress-103\" class=\"tablepress tablepress-id-103\">\n<tbody class=\"row-hover\">\n<tr class=\"row-1 odd\">\n\t<td class=\"column-1\">3 giorni<\/td><td class=\"column-2\">30 giorni<\/td><td class=\"column-3\">90 giorni<\/td><td class=\"column-4\">180 giorni<\/td>\n<\/tr>\n<tr class=\"row-2 even\">\n\t<td class=\"column-1\">6,95 $<\/td><td class=\"column-2\">16,95 $<\/td><td class=\"column-3\">41,95 $<\/td><td class=\"column-4\">113,95 $<\/td>\n<\/tr>\n<tr class=\"row-3 odd\">\n\t<td class=\"column-1\">2,23 $ al giorno<\/td><td class=\"column-2\">0,56 $ al giorno<\/td><td class=\"column-3\">0,47 $ al giorno<\/td><td class=\"column-4\">0,31 $ al giorno<\/td>\n<\/tr>\n<\/tbody>\n<\/table>\n<!-- #tablepress-103 from cache --><\/strong><\/p>\n<p><a class=\"fasc-button fasc-size-xlarge fasc-type-glossy fasc-rounded-medium ico-fa fasc-ico-after fa-share\" style=\"background-color: #33809e; color: #ffffff;\" target=\"_blank\" rel=\"nofollow noopener noreferrer\" href=\"https:\/\/multihoster.org\/fileboom\/goto\/\">Vai a Fileboom.me<\/a><\/p>\n<p><img loading=\"lazy\" class=\"alignnone size-full wp-image-1466\" src=\"https:\/\/multihoster.org\/wp-content\/uploads\/2018\/09\/prices-1.png\" alt=\"prices\" width=\"1152\" height=\"463\" srcset=\"https:\/\/multihoster.org\/wp-content\/uploads\/2018\/09\/prices-1.png 1152w, https:\/\/multihoster.org\/wp-content\/uploads\/2018\/09\/prices-1-300x121.png 300w, https:\/\/multihoster.org\/wp-content\/uploads\/2018\/09\/prices-1-768x309.png 768w, https:\/\/multihoster.org\/wp-content\/uploads\/2018\/09\/prices-1-1024x412.png 1024w\" sizes=\"(max-width: 1152px) 100vw, 1152px\" \/><\/p>\n<h2>Informativa sulla privacy<\/h2>\n<p>Fileboom.me offre una protezione dei dati completa e un trattamento affidabile dei dati personali. Al momento della registrazione vengono salvati dati personali come l&#8217;indirizzo e-mail e dati personali e finanziari per l&#8217;acquisto di Fileboom Premium. Per poter migliorare il servizio, il fornitore raccoglie diversi dati anonimi degli utenti. I cookie vengono utilizzati anche per ottimizzare l&#8217;esperienza utente.<\/p>\n<p>Al fine di rendere il processo di pagamento il pi\u00f9 sicuro possibile, i rispettivi processi sono criptati in modo sicuro.<\/p>\n<h2>Servizio post-vendita<\/h2>\n<p>Il servizio clienti Fileboom si trova in fondo alla pagina sotto la scheda &#8220;Aiuto&#8221;. Arrivati nell&#8217;area clienti trovate le FAQ e le idee attuali. A destra dell&#8217;area clienti troverete le opzioni &#8220;Contattaci&#8221; e &#8220;Fornisci feedback&#8221; per entrare in contatto con il team di Fileboom.<\/p>\n<h2>Facilit\u00e0 d&#8217;uso<\/h2>\n<p>Il sito web \u00e8 semplice e chiaramente strutturato. L&#8217;offerta del servizio \u00e8 gi\u00e0 chiaramente comunicata nella pagina iniziale. Il caricamento dei file \u00e8 possibile tramite File Upload, Flash Upload o Remote Upload.<\/p>\n<p>Dopo il login puoi gestire i tuoi file nella parte superiore sotto l&#8217;opzione &#8220;I miei file&#8221; &#8211; da qui puoi anche caricare i tuoi file. Inoltre, c&#8217;\u00e8 la scheda &#8220;Profili&#8221; per informazioni pi\u00f9 dettagliate sul tuo profilo cos\u00ec come &#8220;Premium&#8221; e &#8220;Fai soldi&#8221;.<\/p>\n<p>&nbsp;<\/p>\n<h2>I vantaggi di un account premium con Fileboom<\/h2>\n<p>Con un Account Premium Fileboom \u00e8 possibile utilizzare l&#8217;intero servizio del fornitore e beneficiare di varie funzioni.<\/p>\n<p>\u00c8 possibile utilizzare la massima velocit\u00e0 di download e godersi l&#8217;avvio istantaneo, in modo che il tempo di attesa di 30 secondi \u00e8 omesso. I gestori di <a href=\"https:\/\/www.heise.de\/download\/product\/free-download-manager-19323\">download<\/a> possono essere utilizzati senza problemi ed \u00e8 anche possibile caricare FTP e HTTP. I file sono conservati per 90 giorni e i download possono essere messi in pausa o ripresi a piacimento. La dimensione massima dei file aumenta da 500 MB a 5 GB e il download simultaneo di file multipli \u00e8 possibile anche con l&#8217;account Premium Fileboom. L&#8217;account premium di Fileboom pu\u00f2 essere pagato in molti modi, ma non con una Paysafecard. Tuttavia, \u00e8 possibile acquistare un account Premium Fileboom con la Paysafecard presso i rivenditori di Fileboom Premium.<\/p>\n<h2>Le nostre conclusioni sul fornitore Fileboom<\/h2>\n<p>Tutto sommato Fileboom.me offre un&#8217;offerta interessante, che pu\u00f2 gi\u00e0 essere utilizzata con un account Fileboom gratuito in misura limitata. Con il Fileboom Premium Account puoi godere di tutte le funzioni, tra cui la massima velocit\u00e0 di download, il download simultaneo di pi\u00f9 file e l&#8217;uso di un acceleratore di download. Per l&#8217;acquisto di un conto Fileboom Premium di 3 giorni, 30 giorni, 90 giorni, 90 giorni o 180 giorni, puoi scegliere tra diversi fornitori di servizi di pagamento, incluso il popolare pagamento tramite Paypal. Non ci sono metodi di pagamento anonimi direttamente presso il provider, ma \u00e8 possibile utilizzare metodi di pagamento come la Paysafecard presso i rivenditori di Fileboom per acquistare un account Premium Fileboom.<\/p>\n<p><a class=\"fasc-button fasc-size-xlarge fasc-type-glossy fasc-rounded-medium ico-fa fasc-ico-after fa-share\" style=\"background-color: #33809e; color: #ffffff;\" target=\"_blank\" rel=\"nofollow noopener noreferrer\" href=\"https:\/\/multihoster.org\/fileboom\/goto\/\">Vai a Fileboom.me<\/a><\/p>\n\n\n<p><\/p>\n","protected":false},"excerpt":{"rendered":"<p>Per il filehoster Fileboom.me la conservazione sicura dei vostri file \u00e8 la massima priorit\u00e0. All&#8217;interno dell&#8217;account Fileboom, il provider consente<\/p>\n","protected":false},"author":2,"featured_media":0,"parent":0,"menu_order":0,"comment_status":"closed","ping_status":"closed","template":"","meta":[],"yoast_head":"<!-- This site is optimized with the Yoast SEO plugin v18.3 - https:\/\/yoast.com\/wordpress\/plugins\/seo\/ -->\n<title>lll\u25b7 Fileboom Premium Account serio o no? Test su Multihoster.org<\/title>\n<meta name=\"description\" content=\"Desiderate ricevere informazioni pi\u00f9 dettagliate su Fileboom e sull&#039;account Premium Fileboom? Vi presentiamo in dettaglio il filehoster.\" \/>\n<meta name=\"robots\" content=\"index, follow, max-snippet:-1, max-image-preview:large, max-video-preview:-1\" \/>\n<link rel=\"canonical\" href=\"https:\/\/multihoster.org\/it\/fileboom\/\" \/>\n<meta property=\"og:locale\" content=\"it_IT\" \/>\n<meta property=\"og:type\" content=\"article\" \/>\n<meta property=\"og:title\" content=\"lll\u25b7 Fileboom Premium Account serio o no? Test su Multihoster.org\" \/>\n<meta property=\"og:description\" content=\"Desiderate ricevere informazioni pi\u00f9 dettagliate su Fileboom e sull&#039;account Premium Fileboom? Vi presentiamo in dettaglio il filehoster.\" \/>\n<meta property=\"og:url\" content=\"https:\/\/multihoster.org\/it\/fileboom\/\" \/>\n<meta property=\"og:site_name\" content=\"Multihoster.org\" \/>\n<meta property=\"article:modified_time\" content=\"2019-03-18T20:24:33+00:00\" \/>\n<meta property=\"og:image\" content=\"https:\/\/multihoster.org\/wp-content\/uploads\/2018\/09\/logo-1.png\" \/>\n<meta name=\"twitter:card\" content=\"summary\" \/>\n<meta name=\"twitter:label1\" content=\"Tempo di lettura stimato\" \/>\n\t<meta name=\"twitter:data1\" content=\"4 minuti\" \/>\n<script type=\"application\/ld+json\" class=\"yoast-schema-graph\">{\"@context\":\"https:\/\/schema.org\",\"@graph\":[{\"@type\":\"WebSite\",\"@id\":\"https:\/\/multihoster.org\/#website\",\"url\":\"https:\/\/multihoster.org\/\",\"name\":\"Multihoster.org\",\"description\":\"Reviews of the major Filehosting services\",\"potentialAction\":[{\"@type\":\"SearchAction\",\"target\":{\"@type\":\"EntryPoint\",\"urlTemplate\":\"https:\/\/multihoster.org\/?s={search_term_string}\"},\"query-input\":\"required name=search_term_string\"}],\"inLanguage\":\"it-IT\"},{\"@type\":\"ImageObject\",\"@id\":\"https:\/\/multihoster.org\/it\/fileboom\/#primaryimage\",\"inLanguage\":\"it-IT\",\"url\":\"https:\/\/multihoster.org\/wp-content\/uploads\/2018\/09\/logo-1.png\",\"contentUrl\":\"https:\/\/multihoster.org\/wp-content\/uploads\/2018\/09\/logo-1.png\",\"width\":229,\"height\":54,\"caption\":\"logo\"},{\"@type\":\"WebPage\",\"@id\":\"https:\/\/multihoster.org\/it\/fileboom\/#webpage\",\"url\":\"https:\/\/multihoster.org\/it\/fileboom\/\",\"name\":\"lll\u25b7 Fileboom Premium Account serio o no? Test su Multihoster.org\",\"isPartOf\":{\"@id\":\"https:\/\/multihoster.org\/#website\"},\"primaryImageOfPage\":{\"@id\":\"https:\/\/multihoster.org\/it\/fileboom\/#primaryimage\"},\"datePublished\":\"2018-09-27T07:59:30+00:00\",\"dateModified\":\"2019-03-18T20:24:33+00:00\",\"description\":\"Desiderate ricevere informazioni pi\u00f9 dettagliate su Fileboom e sull'account Premium Fileboom? Vi presentiamo in dettaglio il filehoster.\",\"breadcrumb\":{\"@id\":\"https:\/\/multihoster.org\/it\/fileboom\/#breadcrumb\"},\"inLanguage\":\"it-IT\",\"potentialAction\":[{\"@type\":\"ReadAction\",\"target\":[\"https:\/\/multihoster.org\/it\/fileboom\/\"]}]},{\"@type\":\"BreadcrumbList\",\"@id\":\"https:\/\/multihoster.org\/it\/fileboom\/#breadcrumb\",\"itemListElement\":[{\"@type\":\"ListItem\",\"position\":1,\"name\":\"Startseite\",\"item\":\"https:\/\/multihoster.org\/it\/\"},{\"@type\":\"ListItem\",\"position\":2,\"name\":\"Fileboom Premium Account &#8211; Il Filehoster in sintesi\"}]}]}<\/script>\n<!-- \/ Yoast SEO plugin. -->","yoast_head_json":{"title":"lll\u25b7 Fileboom Premium Account serio o no? Test su Multihoster.org","description":"Desiderate ricevere informazioni pi\u00f9 dettagliate su Fileboom e sull'account Premium Fileboom? Vi presentiamo in dettaglio il filehoster.","robots":{"index":"index","follow":"follow","max-snippet":"max-snippet:-1","max-image-preview":"max-image-preview:large","max-video-preview":"max-video-preview:-1"},"canonical":"https:\/\/multihoster.org\/it\/fileboom\/","og_locale":"it_IT","og_type":"article","og_title":"lll\u25b7 Fileboom Premium Account serio o no? Test su Multihoster.org","og_description":"Desiderate ricevere informazioni pi\u00f9 dettagliate su Fileboom e sull'account Premium Fileboom? Vi presentiamo in dettaglio il filehoster.","og_url":"https:\/\/multihoster.org\/it\/fileboom\/","og_site_name":"Multihoster.org","article_modified_time":"2019-03-18T20:24:33+00:00","og_image":[{"url":"https:\/\/multihoster.org\/wp-content\/uploads\/2018\/09\/logo-1.png"}],"twitter_card":"summary","twitter_misc":{"Tempo di lettura stimato":"4 minuti"},"schema":{"@context":"https:\/\/schema.org","@graph":[{"@type":"WebSite","@id":"https:\/\/multihoster.org\/#website","url":"https:\/\/multihoster.org\/","name":"Multihoster.org","description":"Reviews of the major Filehosting services","potentialAction":[{"@type":"SearchAction","target":{"@type":"EntryPoint","urlTemplate":"https:\/\/multihoster.org\/?s={search_term_string}"},"query-input":"required name=search_term_string"}],"inLanguage":"it-IT"},{"@type":"ImageObject","@id":"https:\/\/multihoster.org\/it\/fileboom\/#primaryimage","inLanguage":"it-IT","url":"https:\/\/multihoster.org\/wp-content\/uploads\/2018\/09\/logo-1.png","contentUrl":"https:\/\/multihoster.org\/wp-content\/uploads\/2018\/09\/logo-1.png","width":229,"height":54,"caption":"logo"},{"@type":"WebPage","@id":"https:\/\/multihoster.org\/it\/fileboom\/#webpage","url":"https:\/\/multihoster.org\/it\/fileboom\/","name":"lll\u25b7 Fileboom Premium Account serio o no? Test su Multihoster.org","isPartOf":{"@id":"https:\/\/multihoster.org\/#website"},"primaryImageOfPage":{"@id":"https:\/\/multihoster.org\/it\/fileboom\/#primaryimage"},"datePublished":"2018-09-27T07:59:30+00:00","dateModified":"2019-03-18T20:24:33+00:00","description":"Desiderate ricevere informazioni pi\u00f9 dettagliate su Fileboom e sull'account Premium Fileboom? Vi presentiamo in dettaglio il filehoster.","breadcrumb":{"@id":"https:\/\/multihoster.org\/it\/fileboom\/#breadcrumb"},"inLanguage":"it-IT","potentialAction":[{"@type":"ReadAction","target":["https:\/\/multihoster.org\/it\/fileboom\/"]}]},{"@type":"BreadcrumbList","@id":"https:\/\/multihoster.org\/it\/fileboom\/#breadcrumb","itemListElement":[{"@type":"ListItem","position":1,"name":"Startseite","item":"https:\/\/multihoster.org\/it\/"},{"@type":"ListItem","position":2,"name":"Fileboom Premium Account &#8211; Il Filehoster in sintesi"}]}]}},"_links":{"self":[{"href":"https:\/\/multihoster.org\/it\/wp-json\/wp\/v2\/pages\/1500"}],"collection":[{"href":"https:\/\/multihoster.org\/it\/wp-json\/wp\/v2\/pages"}],"about":[{"href":"https:\/\/multihoster.org\/it\/wp-json\/wp\/v2\/types\/page"}],"author":[{"embeddable":true,"href":"https:\/\/multihoster.org\/it\/wp-json\/wp\/v2\/users\/2"}],"replies":[{"embeddable":true,"href":"https:\/\/multihoster.org\/it\/wp-json\/wp\/v2\/comments?post=1500"}],"version-history":[{"count":5,"href":"https:\/\/multihoster.org\/it\/wp-json\/wp\/v2\/pages\/1500\/revisions"}],"predecessor-version":[{"id":2136,"href":"https:\/\/multihoster.org\/it\/wp-json\/wp\/v2\/pages\/1500\/revisions\/2136"}],"wp:attachment":[{"href":"https:\/\/multihoster.org\/it\/wp-json\/wp\/v2\/media?parent=1500"}],"curies":[{"name":"wp","href":"https:\/\/api.w.org\/{rel}","templated":true}]}}