{"id":1544,"date":"2018-10-04T14:33:56","date_gmt":"2018-10-04T14:33:56","guid":{"rendered":"https:\/\/multihoster.org\/?page_id=1544"},"modified":"2019-03-18T22:06:03","modified_gmt":"2019-03-18T22:06:03","slug":"filejoker","status":"publish","type":"page","link":"https:\/\/multihoster.org\/it\/filejoker\/","title":{"rendered":"FileJoker Premium Account &#8211; Ospitare in un colpo d&#8217;occhio"},"content":{"rendered":"<p><span data-darkreader-inline-color=\"\"><img loading=\"lazy\" class=\"size-medium wp-image-1456 alignleft\" src=\"https:\/\/multihoster.org\/wp-content\/uploads\/2018\/09\/logo-300x72.png\" alt=\"logo\" width=\"300\" height=\"72\" srcset=\"https:\/\/multihoster.org\/wp-content\/uploads\/2018\/09\/logo-300x72.png 300w, https:\/\/multihoster.org\/wp-content\/uploads\/2018\/09\/logo.png 419w\" sizes=\"(max-width: 300px) 100vw, 300px\" \/>Con FileJoker, puoi scegliere tra una versione gratuita o a pagamento. Tutto dipende dalle tue esigenze, che \u00e8 la scelta giusta per te. Se si desidera scaricare o scaricare una grande quantit\u00e0 di dati con l&#8217;host, si consiglia di acquistare la versione Premium. L&#8217;account Premium \u00e8 anche la scelta giusta se si desidera accedere rapidamente ai file necessari senza aspettare. Tuttavia, se si utilizza raramente l&#8217;host e non si hanno problemi di tempo di attesa, \u00e8 possibile utilizzare anche la versione gratuita.<\/span><\/p>\n\n<p><a class=\"fasc-button fasc-size-xlarge fasc-type-glossy fasc-rounded-medium ico-fa fasc-ico-after fa-share\" style=\"background-color: #247edd; color: #ffffff;\" target=\"_blank\" rel=\"nofollow noopener noreferrer\" href=\"https:\/\/multihoster.org\/filejoker\/goto\/\">Vai a Filejoker.com<\/a><\/p>\n<h2>Caratteristiche positive del fornitore<\/h2>\n<ul>\n<li>Conto gratuito e servizio premium<\/li>\n<li>Conto Premium esteso<\/li>\n<li>Elevata sicurezza nella protezione dei dati<\/li>\n<li>Convincente facilit\u00e0 d&#8217;uso<\/li>\n<\/ul>\n<h3>L&#8217;ingresso gratuito \u00e8 nascosto<\/h3>\n<p><span data-darkreader-inline-color=\"\">Nella spiegazione del sito web di FileJoker, troverete le versioni gratuite e registrate. La versione gratuita pu\u00f2 essere scaricata solo in versione gratuita. Nella versione registrata, \u00e8 possibile scaricare 50 GB di dati. Tuttavia, la possibilit\u00e0 di registrazione non \u00e8 cos\u00ec facile da trovare. Poich\u00e9 non c&#8217;\u00e8 un normale pulsante di registrazione, c&#8217;\u00e8 una piccola deviazione qui.<\/span><\/p>\n<h3>Registrati tramite l&#8217;opzione rivenditore<\/h3>\n<p><span data-darkreader-inline-color=\"\">Se clicchi su Premium in alto a destra della home page, vedrai 4 offerte per 4 periodi &#8211; pi\u00f9 lungo \u00e8 l&#8217;abbonamento, pi\u00f9 economico \u00e8 l&#8217;abbonamento. Di seguito sono riportate alcune opzioni di pagamento per i rispettivi periodi di prenotazione. Sotto queste opzioni di pagamento, troverete l&#8217;opzione per acquistare l&#8217;account da uno dei tanti rivenditori. Se clicchi sul pulsante Rivenditore, troverai il pulsante di registrazione in alto a sinistra, piccolo a destra.<\/span><\/p>\n<h2>Modalit\u00e0 di pagamento<\/h2>\n<p><span data-darkreader-inline-color=\"\">Con l&#8217;Hoster FileJoker puoi pagare in diversi modi. Da un lato, i canali abituali sono possibili tramite VISA e MasterCard, cos\u00ec come l&#8217;online banking. D&#8217;altra parte, il sito offre metodi di pagamento alternativi, dove \u00e8 anche possibile pagare tramite Paysafecard. Questi includono CoinPayment, WebMonkey e la procedura di pagamento tramite SMS. Il pagamento Bitcoin \u00e8 particolarmente interessante, perch\u00e9 qui si ottiene, a seconda della variante di tre, dieci, venti o 35 giorni, l&#8217;accesso gratuito.<\/span><\/p>\n<p><strong>\n<table id=\"tablepress-111\" class=\"tablepress tablepress-id-111\">\n<tbody class=\"row-hover\">\n<tr class=\"row-1 odd\">\n\t<td class=\"column-1\">30 giorni Premio<\/td><td class=\"column-2\">90 giorni Premio<\/td><td class=\"column-3\">180 giorni Premio<\/td><td class=\"column-4\">365 giorni Premio<\/td>\n<\/tr>\n<tr class=\"row-2 even\">\n\t<td class=\"column-1\">14,05 $<\/td><td class=\"column-2\">34,95 $<\/td><td class=\"column-3\">59,95 $<\/td><td class=\"column-4\">89,95 $<\/td>\n<\/tr>\n<tr class=\"row-3 odd\">\n\t<td class=\"column-1\">Bonus Bitcoin di 3 giorni<\/td><td class=\"column-2\">Bitcoin bonus di 10 giorni<\/td><td class=\"column-3\">Bitcoin bonus di 00 giorni<\/td><td class=\"column-4\">Bitcoin bonus di 35 giorni<\/td>\n<\/tr>\n<\/tbody>\n<\/table>\n<!-- #tablepress-111 from cache --><\/strong><\/p>\n<p><a class=\"fasc-button fasc-size-xlarge fasc-type-glossy fasc-rounded-medium ico-fa fasc-ico-after fa-share\" style=\"background-color: #247edd; color: #ffffff;\" target=\"_blank\" rel=\"nofollow noopener noreferrer\" href=\"https:\/\/multihoster.org\/filejoker\/goto\/\">Vai a Filejoker.com<\/a><\/p>\n<p><img loading=\"lazy\" class=\"alignnone wp-image-1458 size-full\" src=\"https:\/\/multihoster.org\/wp-content\/uploads\/2018\/09\/prices.png\" alt=\"prices\" width=\"906\" height=\"565\" srcset=\"https:\/\/multihoster.org\/wp-content\/uploads\/2018\/09\/prices.png 906w, https:\/\/multihoster.org\/wp-content\/uploads\/2018\/09\/prices-300x187.png 300w, https:\/\/multihoster.org\/wp-content\/uploads\/2018\/09\/prices-768x479.png 768w\" sizes=\"(max-width: 906px) 100vw, 906px\" \/><\/p>\n<p><img loading=\"lazy\" class=\"alignnone wp-image-1457 size-full\" src=\"https:\/\/multihoster.org\/wp-content\/uploads\/2018\/09\/payment.png\" alt=\"payment-options\" width=\"981\" height=\"71\" srcset=\"https:\/\/multihoster.org\/wp-content\/uploads\/2018\/09\/payment.png 981w, https:\/\/multihoster.org\/wp-content\/uploads\/2018\/09\/payment-300x22.png 300w, https:\/\/multihoster.org\/wp-content\/uploads\/2018\/09\/payment-768x56.png 768w\" sizes=\"(max-width: 981px) 100vw, 981px\" \/><\/p>\n<h2>Informativa sulla privacy<\/h2>\n<p>FileJoker ha fatto ogni sforzo per assicurare che le informazioni che ci fornite siano trattate con la massima cura e riservatezza, come descritto nell&#8217;Informativa sulla privacy. Spiega come vengono utilizzate le informazioni inserite e i dati ottenuti visitando il sito web.<\/p>\n<p>Da un lato, i dati generati dalla visita sono conservati in forma anonima. Sono comprese informazioni quali dati demografici o, ad esempio, il sistema operativo e il browser utilizzati. D&#8217;altra parte, i dati forniti durante il processo di connessione sono registrati. Questo include l&#8217;indirizzo e-mail e la password. Dopo la registrazione, possono essere inseriti tutti gli altri tipi di dati, che naturalmente sono anche memorizzati.<\/p>\n<p>Tutte queste informazioni sono trattate in modo confidenziale, anonimo e criptato per motivi di sicurezza, in conformit\u00e0 con la legge. Inoltre, per un migliore utilizzo del sito web, i dati vengono memorizzati tramite cookies, che garantiscono che l&#8217;utente non debba inserire tutto ripetutamente e possa lavorare pi\u00f9 rapidamente con il sito web.<\/p>\n<h2>Servizio clienti<\/h2>\n<p><span data-darkreader-inline-color=\"\">Le possibilit\u00e0 di contattare il fornitore di FileJoker sono limitate al minimo. Si tratta semplicemente di un modulo di contatto che puoi raggiungere cliccando su &#8220;Contatto&#8221; in basso a destra. Questo vi porter\u00e0 ad una pagina dove potrete inserire il vostro nome, indirizzo e-mail e un messaggio al centro. Qui sotto c&#8217;\u00e8 una richiesta di Captcha, dopo di che il messaggio pu\u00f2 essere inviato.<\/span><\/p>\n<h2>Facilit\u00e0 d&#8217;uso<\/h2>\n<p>Il sito FileJoker \u00e8 molto ben organizzato e facile da usare dopo la registrazione. Tutte le informazioni necessarie sono ovvie e l&#8217;operazione si svolge senza intoppi. In alto a destra si trovano le schede &#8220;Il mio account&#8221;, &#8220;I miei file&#8221; e &#8220;Premium&#8221;. Con quest&#8217;ultimo, \u00e8 possibile aumentare la velocit\u00e0 e le dimensioni del vostro spazio di archiviazione online ed evitare tempi di attesa. Per fare questo, \u00e8 necessario selezionare una delle sottoscrizioni. Sotto &#8220;Il mio account&#8221;, \u00e8 possibile effettuare alcune impostazioni per il proprio account. La parte veramente importante \u00e8 &#8220;I miei file&#8221;, perch\u00e9 qui si possono facilmente caricare i dati con il pulsante al centro, &#8220;Carica i tuoi file ora!<\/p>\n<p>Nel complesso, FileJoker ottiene punti con un&#8217;organizzazione estremamente semplice e chiara. Ci sono pochissimi livelli e tutto \u00e8 facile da trovare. La maggior parte delle operazioni pu\u00f2 essere eseguita in soli 2-3 click. Tutto \u00e8 organizzato in modo chiaro ed esattamente come la maggior parte degli utenti sanno gi\u00e0 da altri siti web ben noti. Ci dovrebbero quindi essere pochi problemi per gli utenti di Internet.<\/p>\n<h2>I vantaggi di un conto premium con Filejoker<\/h2>\n<p>Il conto Filejoker Premium ti permette di massimizzare la velocit\u00e0 di download ed eseguire pi\u00f9 download contemporaneamente. Le dimensioni massime dei file da scaricare e la capacit\u00e0 di archiviazione sono illimitate. Non ci sono tempi di attesa o risposte captcha, e si pu\u00f2 fermare e riprendere i download, e <a href=\"https:\/\/itunes.apple.com\/us\/app\/zeus-cloud-manager\/id1275020805\" target=\"_blank\" rel=\"noopener noreferrer\">mobile App<\/a> e supporto per i contatti.<\/p>\n<h2>Le nostre conclusioni sul fornitore di FileJoker<\/h2>\n<p><span data-darkreader-inline-color=\"\">Il fornitore di FileJoker offre l&#8217;opportunit\u00e0 gratuita di utilizzare il servizio, cos\u00ec come un account premium per un utilizzo illimitato e senza tempi di attesa. In questo modo l&#8217;utente professionale e l&#8217;amatore hanno la possibilit\u00e0 di utilizzare il servizio a condizioni eque. La possibilit\u00e0 di passare alla versione premium \u00e8 facile da trovare, cos\u00ec come il pagamento, che pu\u00f2 essere effettuato in diversi modi. Il pagamento anonimo tramite Paysafecard non \u00e8 possibile direttamente con Filejoker, ma con molti rivenditori Filejoker Premium. L&#8217;operazione \u00e8 molto semplice e intuitiva, in modo che anche gli utenti inesperti possano gestire bene il sito web. FileJoker FileHoster \u00e8 quindi altamente raccomandato ed \u00e8 in ogni caso un buon modo per scaricare o scaricare dati.<\/span><\/p>\n<p><a class=\"fasc-button fasc-size-xlarge fasc-type-glossy fasc-rounded-medium ico-fa fasc-ico-after fa-share\" style=\"background-color: #247edd; color: #ffffff;\" target=\"_blank\" rel=\"nofollow noopener noreferrer\" href=\"https:\/\/multihoster.org\/filejoker\/goto\/\">Vai a Filejoker.com<\/a><\/p>\n","protected":false},"excerpt":{"rendered":"<p>Con FileJoker, puoi scegliere tra una versione gratuita o a pagamento. Tutto dipende dalle tue esigenze, che \u00e8 la scelta<\/p>\n","protected":false},"author":2,"featured_media":0,"parent":0,"menu_order":0,"comment_status":"closed","ping_status":"closed","template":"","meta":[],"yoast_head":"<!-- This site is optimized with the Yoast SEO plugin v18.3 - https:\/\/yoast.com\/wordpress\/plugins\/seo\/ -->\n<title>lll\u25b7 FileJoker Premium Account serio o no? Test su Multihoster.org<\/title>\n<meta name=\"description\" content=\"Vi offriamo tutte le informazioni importanti sul FileJoker filehoster e vi mostriamo quali funzioni potete utilizzare gratuitamente e a pagamento.\" \/>\n<meta name=\"robots\" content=\"index, follow, max-snippet:-1, max-image-preview:large, max-video-preview:-1\" \/>\n<link rel=\"canonical\" href=\"https:\/\/multihoster.org\/it\/filejoker\/\" \/>\n<meta property=\"og:locale\" content=\"it_IT\" \/>\n<meta property=\"og:type\" content=\"article\" \/>\n<meta property=\"og:title\" content=\"lll\u25b7 FileJoker Premium Account serio o no? Test su Multihoster.org\" \/>\n<meta property=\"og:description\" content=\"Vi offriamo tutte le informazioni importanti sul FileJoker filehoster e vi mostriamo quali funzioni potete utilizzare gratuitamente e a pagamento.\" \/>\n<meta property=\"og:url\" content=\"https:\/\/multihoster.org\/it\/filejoker\/\" \/>\n<meta property=\"og:site_name\" content=\"Multihoster.org\" \/>\n<meta property=\"article:modified_time\" content=\"2019-03-18T22:06:03+00:00\" \/>\n<meta property=\"og:image\" content=\"https:\/\/multihoster.org\/wp-content\/uploads\/2018\/09\/logo-300x72.png\" \/>\n<meta name=\"twitter:card\" content=\"summary\" \/>\n<meta name=\"twitter:label1\" content=\"Tempo di lettura stimato\" \/>\n\t<meta name=\"twitter:data1\" content=\"5 minuti\" \/>\n<script type=\"application\/ld+json\" class=\"yoast-schema-graph\">{\"@context\":\"https:\/\/schema.org\",\"@graph\":[{\"@type\":\"WebSite\",\"@id\":\"https:\/\/multihoster.org\/#website\",\"url\":\"https:\/\/multihoster.org\/\",\"name\":\"Multihoster.org\",\"description\":\"Reviews of the major Filehosting services\",\"potentialAction\":[{\"@type\":\"SearchAction\",\"target\":{\"@type\":\"EntryPoint\",\"urlTemplate\":\"https:\/\/multihoster.org\/?s={search_term_string}\"},\"query-input\":\"required name=search_term_string\"}],\"inLanguage\":\"it-IT\"},{\"@type\":\"ImageObject\",\"@id\":\"https:\/\/multihoster.org\/it\/filejoker\/#primaryimage\",\"inLanguage\":\"it-IT\",\"url\":\"https:\/\/multihoster.org\/wp-content\/uploads\/2018\/09\/logo.png\",\"contentUrl\":\"https:\/\/multihoster.org\/wp-content\/uploads\/2018\/09\/logo.png\",\"width\":419,\"height\":100,\"caption\":\"logo\"},{\"@type\":\"WebPage\",\"@id\":\"https:\/\/multihoster.org\/it\/filejoker\/#webpage\",\"url\":\"https:\/\/multihoster.org\/it\/filejoker\/\",\"name\":\"lll\u25b7 FileJoker Premium Account serio o no? Test su Multihoster.org\",\"isPartOf\":{\"@id\":\"https:\/\/multihoster.org\/#website\"},\"primaryImageOfPage\":{\"@id\":\"https:\/\/multihoster.org\/it\/filejoker\/#primaryimage\"},\"datePublished\":\"2018-10-04T14:33:56+00:00\",\"dateModified\":\"2019-03-18T22:06:03+00:00\",\"description\":\"Vi offriamo tutte le informazioni importanti sul FileJoker filehoster e vi mostriamo quali funzioni potete utilizzare gratuitamente e a pagamento.\",\"breadcrumb\":{\"@id\":\"https:\/\/multihoster.org\/it\/filejoker\/#breadcrumb\"},\"inLanguage\":\"it-IT\",\"potentialAction\":[{\"@type\":\"ReadAction\",\"target\":[\"https:\/\/multihoster.org\/it\/filejoker\/\"]}]},{\"@type\":\"BreadcrumbList\",\"@id\":\"https:\/\/multihoster.org\/it\/filejoker\/#breadcrumb\",\"itemListElement\":[{\"@type\":\"ListItem\",\"position\":1,\"name\":\"Startseite\",\"item\":\"https:\/\/multihoster.org\/it\/\"},{\"@type\":\"ListItem\",\"position\":2,\"name\":\"FileJoker Premium Account &#8211; Ospitare in un colpo d&#8217;occhio\"}]}]}<\/script>\n<!-- \/ Yoast SEO plugin. -->","yoast_head_json":{"title":"lll\u25b7 FileJoker Premium Account serio o no? Test su Multihoster.org","description":"Vi offriamo tutte le informazioni importanti sul FileJoker filehoster e vi mostriamo quali funzioni potete utilizzare gratuitamente e a pagamento.","robots":{"index":"index","follow":"follow","max-snippet":"max-snippet:-1","max-image-preview":"max-image-preview:large","max-video-preview":"max-video-preview:-1"},"canonical":"https:\/\/multihoster.org\/it\/filejoker\/","og_locale":"it_IT","og_type":"article","og_title":"lll\u25b7 FileJoker Premium Account serio o no? Test su Multihoster.org","og_description":"Vi offriamo tutte le informazioni importanti sul FileJoker filehoster e vi mostriamo quali funzioni potete utilizzare gratuitamente e a pagamento.","og_url":"https:\/\/multihoster.org\/it\/filejoker\/","og_site_name":"Multihoster.org","article_modified_time":"2019-03-18T22:06:03+00:00","og_image":[{"url":"https:\/\/multihoster.org\/wp-content\/uploads\/2018\/09\/logo-300x72.png"}],"twitter_card":"summary","twitter_misc":{"Tempo di lettura stimato":"5 minuti"},"schema":{"@context":"https:\/\/schema.org","@graph":[{"@type":"WebSite","@id":"https:\/\/multihoster.org\/#website","url":"https:\/\/multihoster.org\/","name":"Multihoster.org","description":"Reviews of the major Filehosting services","potentialAction":[{"@type":"SearchAction","target":{"@type":"EntryPoint","urlTemplate":"https:\/\/multihoster.org\/?s={search_term_string}"},"query-input":"required name=search_term_string"}],"inLanguage":"it-IT"},{"@type":"ImageObject","@id":"https:\/\/multihoster.org\/it\/filejoker\/#primaryimage","inLanguage":"it-IT","url":"https:\/\/multihoster.org\/wp-content\/uploads\/2018\/09\/logo.png","contentUrl":"https:\/\/multihoster.org\/wp-content\/uploads\/2018\/09\/logo.png","width":419,"height":100,"caption":"logo"},{"@type":"WebPage","@id":"https:\/\/multihoster.org\/it\/filejoker\/#webpage","url":"https:\/\/multihoster.org\/it\/filejoker\/","name":"lll\u25b7 FileJoker Premium Account serio o no? Test su Multihoster.org","isPartOf":{"@id":"https:\/\/multihoster.org\/#website"},"primaryImageOfPage":{"@id":"https:\/\/multihoster.org\/it\/filejoker\/#primaryimage"},"datePublished":"2018-10-04T14:33:56+00:00","dateModified":"2019-03-18T22:06:03+00:00","description":"Vi offriamo tutte le informazioni importanti sul FileJoker filehoster e vi mostriamo quali funzioni potete utilizzare gratuitamente e a pagamento.","breadcrumb":{"@id":"https:\/\/multihoster.org\/it\/filejoker\/#breadcrumb"},"inLanguage":"it-IT","potentialAction":[{"@type":"ReadAction","target":["https:\/\/multihoster.org\/it\/filejoker\/"]}]},{"@type":"BreadcrumbList","@id":"https:\/\/multihoster.org\/it\/filejoker\/#breadcrumb","itemListElement":[{"@type":"ListItem","position":1,"name":"Startseite","item":"https:\/\/multihoster.org\/it\/"},{"@type":"ListItem","position":2,"name":"FileJoker Premium Account &#8211; Ospitare in un colpo d&#8217;occhio"}]}]}},"_links":{"self":[{"href":"https:\/\/multihoster.org\/it\/wp-json\/wp\/v2\/pages\/1544"}],"collection":[{"href":"https:\/\/multihoster.org\/it\/wp-json\/wp\/v2\/pages"}],"about":[{"href":"https:\/\/multihoster.org\/it\/wp-json\/wp\/v2\/types\/page"}],"author":[{"embeddable":true,"href":"https:\/\/multihoster.org\/it\/wp-json\/wp\/v2\/users\/2"}],"replies":[{"embeddable":true,"href":"https:\/\/multihoster.org\/it\/wp-json\/wp\/v2\/comments?post=1544"}],"version-history":[{"count":5,"href":"https:\/\/multihoster.org\/it\/wp-json\/wp\/v2\/pages\/1544\/revisions"}],"predecessor-version":[{"id":2173,"href":"https:\/\/multihoster.org\/it\/wp-json\/wp\/v2\/pages\/1544\/revisions\/2173"}],"wp:attachment":[{"href":"https:\/\/multihoster.org\/it\/wp-json\/wp\/v2\/media?parent=1544"}],"curies":[{"name":"wp","href":"https:\/\/api.w.org\/{rel}","templated":true}]}}