{"id":1590,"date":"2018-10-04T14:33:01","date_gmt":"2018-10-04T14:33:01","guid":{"rendered":"https:\/\/multihoster.org\/?page_id=1590"},"modified":"2018-10-04T14:33:01","modified_gmt":"2018-10-04T14:33:01","slug":"offcloud","status":"publish","type":"page","link":"https:\/\/multihoster.org\/it\/offcloud\/","title":{"rendered":"Offcloud &#8211; Il Multihoster in sintesi"},"content":{"rendered":"<p><img loading=\"lazy\" class=\"wp-image-1573 alignleft\" src=\"https:\/\/multihoster.org\/wp-content\/uploads\/2018\/10\/logo.png\" alt=\"logo\" width=\"263\" height=\"110\" srcset=\"https:\/\/multihoster.org\/wp-content\/uploads\/2018\/10\/logo.png 410w, https:\/\/multihoster.org\/wp-content\/uploads\/2018\/10\/logo-300x125.png 300w\" sizes=\"(max-width: 263px) 100vw, 263px\" \/>Il Multihoster Offcloud vi offre la possibilit\u00e0 di scaricare diversi file e di scaricare i file desiderati nel cloud. Puoi anche fare un backup nel cloud, utilizzare un&#8217;API e decine di altri strumenti. Puoi scegliere tra la versione gratuita e un account premium su Offcloud.<\/p>\n<p style=\"margin: 20.15pt 0cm 5.95pt 0cm;\"><span style=\"font-family: 'Arial',sans-serif; color: black;\" data-darkreader-inline-color=\"\">Offcloud agisce come un download manager basato su cloud che supporta un gran numero di siti web e quindi offre un servizio molto completo. Tra i siti web cloud supportati c&#8217;\u00e8 1File, <a href=\"https:\/\/multihoster.org\/de\/rapidgator\/\" target=\"_blank\" rel=\"noopener\">Rapidgator<\/a> come pure <a href=\"https:\/\/multihoster.org\/de\/filefactory\/\" target=\"_blank\" rel=\"noopener\">FileFactory<\/a> e molto altro ancora. Supportiamo anche vari fornitori di streaming, da Soundcloud e Youtube a Vimeo e a noti siti erotici. Abbiamo testato e recensito Offcloud. Qui di seguito troverete maggiori informazioni e le nostre esperienze con Offcloud.<br \/>\n<\/span><\/p>\n<h2><strong>Caratteristiche positive del fornitore<\/strong><\/h2>\n<ul>\n<li>Account gratuito e Premium<\/li>\n<li>ampia scelta di siti supportati<\/li>\n<li>vari strumenti ed estensioni<\/li>\n<li>metodi di pagamento anonimi<\/li>\n<li>Design chiaro e facile da usare<\/li>\n<\/ul>\n<p>&nbsp;<\/p>\n<h2 style=\"margin: 18.15pt 0cm 5.95pt 0cm;\"><span style=\"color: black;\" data-darkreader-inline-color=\"\">L&#8217;intera offerta Offcloud in sintesi<\/span><\/h2>\n<p>Se vuoi provare prima il servizio Offcloud, puoi creare un account gratuito. Troverete l&#8217;opzione direttamente sulla home page, dove dovrete solo inserire l&#8217;indirizzo e-mail e in un clic la registrazione \u00e8 stata completata. Riceverai un&#8217;e-mail dal fornitore e potrai impostare una password per l&#8217;account.<\/p>\n<p>Se volete approfittare della gamma massima di servizi, potete aggiornare il vostro account ad un account Premium Offcloud e chiudere una delle quattro tariffe. Qui \u00e8 possibile scegliere le tariffe per un periodo da un mese a un anno.<\/p>\n<h2>Offerte bonus<\/h2>\n<p style=\"margin: 18.15pt 0cm 5.95pt 0cm;\"><span style=\"font-family: 'Arial',sans-serif; color: black;\" data-darkreader-inline-color=\"\">Nell&#8217;ambito delle offerte di bonus, troverete due applicazioni di cloud computing &#8211; <a href=\"https:\/\/chrome.google.com\/webstore\/detail\/offcloudcom-extension\/mhenombkbjeannffjnhcnelokhkfndch\" target=\"_blank\" rel=\"noopener\">Offcloud f\u00fcr Google Chrome<\/a> e Offcloud per Google Drive. Inoltre, ci sono pratiche estensioni per il browser Internet, supportate dai browser Google Chrome, Opera, Firefox e Safari e Edge. Inoltre, ci sono due strumenti di automazione e tre desktop download manager. Nel complesso, Offcloud offre una vasta gamma di offerte bonus, che possono essere utilizzati anche in combinazione con l&#8217;account gratuito.<br \/>\n<\/span><\/p>\n<p>Pubblicizzando il fornitore e acquisendo nuovi clienti, \u00e8 anche possibile ottenere buoni di credito che possono essere utilizzati per l&#8217;acquisto gratuito dell&#8217;account premium. E&#8217; anche possibile guadagnare una commissione diretta, che viene pagata da Paypal o Bitcoin. Tutto quello che devono fare \u00e8 condividere il link personale di riferimento e attendere che qualcuno visiti il sito del fornitore tramite il tuo link e crei un account.<\/p>\n<h2 style=\"margin: 15.9pt 0cm 3.95pt 0cm;\"><span style=\"color: black;\" data-darkreader-inline-color=\"\">Costi e modalit\u00e0 di pagamento <\/span><\/h2>\n<p style=\"margin: 15.9pt 0cm 3.95pt 0cm;\"><span style=\"font-family: 'Arial',sans-serif; color: #434343;\" data-darkreader-inline-color=\"\">Per il pagamento dell&#8217;iscrizione, avete diverse procedure a vostra disposizione. Ad esempio, \u00e8 possibile pagare con carta di credito, Paypal o Alipay. Sono disponibili anche i fornitori di servizi di pagamento Alipay, UnionPay e Neosurf, WebMoney e molti altri. Se si desidera pagare la fattura in forma anonima, \u00e8 possibile utilizzare i metodi di pagamento Bitcoin o Paysafe.<\/span><\/p>\n<p><strong>\n<table id=\"tablepress-119\" class=\"tablepress tablepress-id-119\">\n<thead>\n<tr class=\"row-1 odd\">\n\t<th class=\"column-1\">Il Kit Buono<\/th><th class=\"column-2\">Il partner utile<\/th>\n<\/tr>\n<\/thead>\n<tbody class=\"row-hover\">\n<tr class=\"row-2 even\">\n\t<td class=\"column-1\">1 mese<\/td><td class=\"column-2\">1 anno<\/td>\n<\/tr>\n<tr class=\"row-3 odd\">\n\t<td class=\"column-1\">9,99 $<\/td><td class=\"column-2\">59,99 $<\/td>\n<\/tr>\n<\/tbody>\n<\/table>\n<!-- #tablepress-119 from cache --><\/strong><\/p>\n<p><img loading=\"lazy\" class=\"alignnone size-full wp-image-1473\" src=\"https:\/\/multihoster.org\/wp-content\/uploads\/2018\/09\/prices-2.png\" alt=\"prices\" width=\"844\" height=\"280\" srcset=\"https:\/\/multihoster.org\/wp-content\/uploads\/2018\/09\/prices-2.png 844w, https:\/\/multihoster.org\/wp-content\/uploads\/2018\/09\/prices-2-300x100.png 300w, https:\/\/multihoster.org\/wp-content\/uploads\/2018\/09\/prices-2-768x255.png 768w\" sizes=\"(max-width: 844px) 100vw, 844px\" \/><\/p>\n<h2 style=\"margin: 18.15pt 0cm 5.95pt 0cm;\"><span style=\"color: black;\" data-darkreader-inline-color=\"\">Informativa sulla privacy <\/span><\/h2>\n<p>Il fornitore di Offcloud si impegna a trattare i vostri dati in modo sicuro e affidabile. I dati personali, come l&#8217;indirizzo e-mail e il nome, forniti durante la registrazione, sono registrati, tra l&#8217;altro. Inoltre, i dati demografici possono essere utilizzati per ottimizzare i processi aziendali, che vengono trasmessi in forma anonima senza riferimento diretto alla persona. I dati finanziari vengono utilizzati esclusivamente per i processi pianificati. I cookie possono anche essere utilizzati per migliorare l&#8217;esperienza dell&#8217;utente.<\/p>\n<h2 style=\"margin: 18.15pt 0cm 5.95pt 0cm;\"><span style=\"color: black;\" data-darkreader-inline-color=\"\">Servizio clienti <\/span><\/h2>\n<p style=\"margin: 18.15pt 0cm 5.95pt 0cm;\"><span style=\"font-family: 'Arial',sans-serif; color: black;\" data-darkreader-inline-color=\"\">Se hai domande sul servizio Offcloud, puoi aprire un biglietto nell&#8217;account alla voce di menu Supporto. Per fare questo, possiamo prima descrivere l&#8217;oggetto grezzo, poi la richiesta esatta. Inoltre, \u00e8 possibile contattare il supporto Offcloud via Twitter. Prima di contattare il servizio clienti, puoi anche cercare nelle FAQ qui sotto per trovare una risposta adeguata alla tua domanda. Grazie alla vasta esperienza di Offcloud, molti problemi possono gi\u00e0 essere risolti qui.<\/span><\/p>\n<h2 style=\"margin: 18.15pt 0cm 5.95pt 0cm;\"><span style=\"color: black;\" data-darkreader-inline-color=\"\">Facilit\u00e0 d&#8217;uso <\/span><\/h2>\n<p>Nel test Offcloud pu\u00f2 chiaramente convincervi della facilit\u00e0 d&#8217;uso. Il sito web \u00e8 chiaramente organizzato e la registrazione per l&#8217;account gratuito avviene in pochi secondi sulla home page. Informazioni pi\u00f9 dettagliate sui prezzi e sui servizi sono facilmente disponibili.<\/p>\n<p>Dopo aver effettuato il login, \u00e8 possibile scegliere tra le schede Istant, Cloud e Remote sul lato sinistro della pagina come parte dei servizi. Sotto la scheda Istant, \u00e8 possibile eseguire immediatamente lo streaming o scaricare pi\u00f9 file, la scheda Cloud consente di memorizzare temporaneamente i file su Internet e la funzione Remote Download consente di scaricare qualsiasi file che richiede solo la creazione di un account remoto. Sul lato sinistro del tuo account, troverai anche le sottopagine Negozio, Supporto, Account e Applicazioni e Affiliati. Nel complesso, il nostro test Offcloud dimostra che il servizio \u00e8 semplice e facile da usare &#8211; nel complesso, abbiamo avuto solo esperienze positive con il fornitore Offcloud.<\/p>\n<p>&nbsp;<\/p>\n<h2 style=\"margin: 18.15pt 0cm 5.95pt 0cm;\"><span style=\"color: black;\" data-darkreader-inline-color=\"\">I vantaggi di un account premium con Offcloud<\/span><\/h2>\n<p style=\"margin: 18.15pt 0cm 5.95pt 0cm;\"><span style=\"font-family: 'Arial',sans-serif; color: black;\" data-darkreader-inline-color=\"\">Con un account Premium Offcloud, \u00e8 possibile utilizzare la generazione di link illimitatamente e si ha accesso a pagine Premium Filehoster e pagine di video streaming. \u00c8 anche possibile utilizzare i link e i magneti BitTorrent. Hai una larghezza di banda proxy illimitata, un numero illimitato di cloud storage e tutti i download remoti che vuoi. Inoltre, avete la possibilit\u00e0 di scaricare i file PDF e <a href=\"http:\/\/www.goer.org\/HTML\/\" target=\"_blank\" rel=\"noopener\">PocketHTML<\/a> conversione.<br \/>\n<\/span><\/p>\n<h2 style=\"margin: 18.15pt 0cm 5.95pt 0cm;\"><span style=\"color: black;\" data-darkreader-inline-color=\"\">Le nostre conclusioni sul provider Offcloud<\/span><\/h2>\n<p style=\"margin: 18.15pt 0cm 5.95pt 0cm;\"><span style=\"font-family: 'Arial',sans-serif; color: black;\" data-darkreader-inline-color=\"\">Nel complesso, Offcloud offre un&#8217;offerta molto interessante e ampia, che pu\u00f2 essere testata gratuitamente. Se si desidera utilizzare il servizio completo del fornitore, \u00e8 possibile acquistare un abbonamento Premium. Per il pagamento dell&#8217;account Premium, avete la possibilit\u00e0 di scegliere tra diverse modalit\u00e0 di pagamento, compresi due processi di pagamento anonimi. Nel test, il Multihoster Offcloud \u00e8 abbastanza convincente. Il sito web \u00e8 ben strutturato in modo che tutte le funzioni e le informazioni siano rapidamente visibili. Troverete anche una variet\u00e0 di strumenti pratici ed estensioni. Con l&#8217;account gratuito, \u00e8 possibile creare facilmente la propria esperienza off-cloud e, se lo si desidera, scegliere un account premium con tutte le possibilit\u00e0.<\/span><\/p>\n","protected":false},"excerpt":{"rendered":"<p>Il Multihoster Offcloud vi offre la possibilit\u00e0 di scaricare diversi file e di scaricare i file desiderati nel cloud. Puoi<\/p>\n","protected":false},"author":2,"featured_media":0,"parent":0,"menu_order":0,"comment_status":"closed","ping_status":"closed","template":"","meta":[],"yoast_head":"<!-- This site is optimized with the Yoast SEO plugin v18.3 - https:\/\/yoast.com\/wordpress\/plugins\/seo\/ -->\n<title>lll\u25b7 Offcloud serio o no? +++++ Test su Multihoster.org<\/title>\n<meta name=\"description\" content=\"Vi state chiedendo se il Multihoster Offcloud \u00e8 la scelta giusta per voi? Abbiamo dato un&#039;occhiata da vicino al fornitore e siamo lieti di condividere la nostra esperienza con voi.\" \/>\n<meta name=\"robots\" content=\"index, follow, max-snippet:-1, max-image-preview:large, max-video-preview:-1\" \/>\n<link rel=\"canonical\" href=\"https:\/\/multihoster.org\/it\/offcloud\/\" \/>\n<meta property=\"og:locale\" content=\"it_IT\" \/>\n<meta property=\"og:type\" content=\"article\" \/>\n<meta property=\"og:title\" content=\"lll\u25b7 Offcloud serio o no? +++++ Test su Multihoster.org\" \/>\n<meta property=\"og:description\" content=\"Vi state chiedendo se il Multihoster Offcloud \u00e8 la scelta giusta per voi? Abbiamo dato un&#039;occhiata da vicino al fornitore e siamo lieti di condividere la nostra esperienza con voi.\" \/>\n<meta property=\"og:url\" content=\"https:\/\/multihoster.org\/it\/offcloud\/\" \/>\n<meta property=\"og:site_name\" content=\"Multihoster.org\" \/>\n<meta property=\"og:image\" content=\"https:\/\/multihoster.org\/wp-content\/uploads\/2018\/10\/logo.png\" \/>\n<meta name=\"twitter:card\" content=\"summary\" \/>\n<meta name=\"twitter:label1\" content=\"Tempo di lettura stimato\" \/>\n\t<meta name=\"twitter:data1\" content=\"5 minuti\" \/>\n<script type=\"application\/ld+json\" class=\"yoast-schema-graph\">{\"@context\":\"https:\/\/schema.org\",\"@graph\":[{\"@type\":\"WebSite\",\"@id\":\"https:\/\/multihoster.org\/#website\",\"url\":\"https:\/\/multihoster.org\/\",\"name\":\"Multihoster.org\",\"description\":\"Reviews of the major Filehosting services\",\"potentialAction\":[{\"@type\":\"SearchAction\",\"target\":{\"@type\":\"EntryPoint\",\"urlTemplate\":\"https:\/\/multihoster.org\/?s={search_term_string}\"},\"query-input\":\"required name=search_term_string\"}],\"inLanguage\":\"it-IT\"},{\"@type\":\"ImageObject\",\"@id\":\"https:\/\/multihoster.org\/it\/offcloud\/#primaryimage\",\"inLanguage\":\"it-IT\",\"url\":\"https:\/\/multihoster.org\/wp-content\/uploads\/2018\/10\/logo.png\",\"contentUrl\":\"https:\/\/multihoster.org\/wp-content\/uploads\/2018\/10\/logo.png\",\"width\":410,\"height\":171,\"caption\":\"logo\"},{\"@type\":\"WebPage\",\"@id\":\"https:\/\/multihoster.org\/it\/offcloud\/#webpage\",\"url\":\"https:\/\/multihoster.org\/it\/offcloud\/\",\"name\":\"lll\u25b7 Offcloud serio o no? +++++ Test su Multihoster.org\",\"isPartOf\":{\"@id\":\"https:\/\/multihoster.org\/#website\"},\"primaryImageOfPage\":{\"@id\":\"https:\/\/multihoster.org\/it\/offcloud\/#primaryimage\"},\"datePublished\":\"2018-10-04T14:33:01+00:00\",\"dateModified\":\"2018-10-04T14:33:01+00:00\",\"description\":\"Vi state chiedendo se il Multihoster Offcloud \u00e8 la scelta giusta per voi? Abbiamo dato un'occhiata da vicino al fornitore e siamo lieti di condividere la nostra esperienza con voi.\",\"breadcrumb\":{\"@id\":\"https:\/\/multihoster.org\/it\/offcloud\/#breadcrumb\"},\"inLanguage\":\"it-IT\",\"potentialAction\":[{\"@type\":\"ReadAction\",\"target\":[\"https:\/\/multihoster.org\/it\/offcloud\/\"]}]},{\"@type\":\"BreadcrumbList\",\"@id\":\"https:\/\/multihoster.org\/it\/offcloud\/#breadcrumb\",\"itemListElement\":[{\"@type\":\"ListItem\",\"position\":1,\"name\":\"Startseite\",\"item\":\"https:\/\/multihoster.org\/it\/\"},{\"@type\":\"ListItem\",\"position\":2,\"name\":\"Offcloud &#8211; Il Multihoster in sintesi\"}]}]}<\/script>\n<!-- \/ Yoast SEO plugin. -->","yoast_head_json":{"title":"lll\u25b7 Offcloud serio o no? +++++ Test su Multihoster.org","description":"Vi state chiedendo se il Multihoster Offcloud \u00e8 la scelta giusta per voi? Abbiamo dato un'occhiata da vicino al fornitore e siamo lieti di condividere la nostra esperienza con voi.","robots":{"index":"index","follow":"follow","max-snippet":"max-snippet:-1","max-image-preview":"max-image-preview:large","max-video-preview":"max-video-preview:-1"},"canonical":"https:\/\/multihoster.org\/it\/offcloud\/","og_locale":"it_IT","og_type":"article","og_title":"lll\u25b7 Offcloud serio o no? +++++ Test su Multihoster.org","og_description":"Vi state chiedendo se il Multihoster Offcloud \u00e8 la scelta giusta per voi? Abbiamo dato un'occhiata da vicino al fornitore e siamo lieti di condividere la nostra esperienza con voi.","og_url":"https:\/\/multihoster.org\/it\/offcloud\/","og_site_name":"Multihoster.org","og_image":[{"url":"https:\/\/multihoster.org\/wp-content\/uploads\/2018\/10\/logo.png"}],"twitter_card":"summary","twitter_misc":{"Tempo di lettura stimato":"5 minuti"},"schema":{"@context":"https:\/\/schema.org","@graph":[{"@type":"WebSite","@id":"https:\/\/multihoster.org\/#website","url":"https:\/\/multihoster.org\/","name":"Multihoster.org","description":"Reviews of the major Filehosting services","potentialAction":[{"@type":"SearchAction","target":{"@type":"EntryPoint","urlTemplate":"https:\/\/multihoster.org\/?s={search_term_string}"},"query-input":"required name=search_term_string"}],"inLanguage":"it-IT"},{"@type":"ImageObject","@id":"https:\/\/multihoster.org\/it\/offcloud\/#primaryimage","inLanguage":"it-IT","url":"https:\/\/multihoster.org\/wp-content\/uploads\/2018\/10\/logo.png","contentUrl":"https:\/\/multihoster.org\/wp-content\/uploads\/2018\/10\/logo.png","width":410,"height":171,"caption":"logo"},{"@type":"WebPage","@id":"https:\/\/multihoster.org\/it\/offcloud\/#webpage","url":"https:\/\/multihoster.org\/it\/offcloud\/","name":"lll\u25b7 Offcloud serio o no? +++++ Test su Multihoster.org","isPartOf":{"@id":"https:\/\/multihoster.org\/#website"},"primaryImageOfPage":{"@id":"https:\/\/multihoster.org\/it\/offcloud\/#primaryimage"},"datePublished":"2018-10-04T14:33:01+00:00","dateModified":"2018-10-04T14:33:01+00:00","description":"Vi state chiedendo se il Multihoster Offcloud \u00e8 la scelta giusta per voi? Abbiamo dato un'occhiata da vicino al fornitore e siamo lieti di condividere la nostra esperienza con voi.","breadcrumb":{"@id":"https:\/\/multihoster.org\/it\/offcloud\/#breadcrumb"},"inLanguage":"it-IT","potentialAction":[{"@type":"ReadAction","target":["https:\/\/multihoster.org\/it\/offcloud\/"]}]},{"@type":"BreadcrumbList","@id":"https:\/\/multihoster.org\/it\/offcloud\/#breadcrumb","itemListElement":[{"@type":"ListItem","position":1,"name":"Startseite","item":"https:\/\/multihoster.org\/it\/"},{"@type":"ListItem","position":2,"name":"Offcloud &#8211; Il Multihoster in sintesi"}]}]}},"_links":{"self":[{"href":"https:\/\/multihoster.org\/it\/wp-json\/wp\/v2\/pages\/1590"}],"collection":[{"href":"https:\/\/multihoster.org\/it\/wp-json\/wp\/v2\/pages"}],"about":[{"href":"https:\/\/multihoster.org\/it\/wp-json\/wp\/v2\/types\/page"}],"author":[{"embeddable":true,"href":"https:\/\/multihoster.org\/it\/wp-json\/wp\/v2\/users\/2"}],"replies":[{"embeddable":true,"href":"https:\/\/multihoster.org\/it\/wp-json\/wp\/v2\/comments?post=1590"}],"version-history":[{"count":3,"href":"https:\/\/multihoster.org\/it\/wp-json\/wp\/v2\/pages\/1590\/revisions"}],"predecessor-version":[{"id":1817,"href":"https:\/\/multihoster.org\/it\/wp-json\/wp\/v2\/pages\/1590\/revisions\/1817"}],"wp:attachment":[{"href":"https:\/\/multihoster.org\/it\/wp-json\/wp\/v2\/media?parent=1590"}],"curies":[{"name":"wp","href":"https:\/\/api.w.org\/{rel}","templated":true}]}}