{"id":1641,"date":"2018-10-04T13:11:01","date_gmt":"2018-10-04T13:11:01","guid":{"rendered":"https:\/\/multihoster.org\/?page_id=1641"},"modified":"2020-06-05T15:50:06","modified_gmt":"2020-06-05T15:50:06","slug":"alfafile","status":"publish","type":"page","link":"https:\/\/multihoster.org\/it\/alfafile\/","title":{"rendered":"Alfafile Premium Account &#8211; Il file host in sintesi"},"content":{"rendered":"\n<p>Non siamo affiliati, associati, autorizzati, approvati da, o in qualsiasi modo ufficialmente connessi con Alfafile.net<\/p>\n\n\n<p><img loading=\"lazy\" class=\"wp-image-4766 alignleft\" src=\"https:\/\/multihoster.org\/wp-content\/uploads\/2020\/06\/alfafile_logo.png\" alt=\"\" width=\"293\" height=\"75\" srcset=\"https:\/\/multihoster.org\/wp-content\/uploads\/2020\/06\/alfafile_logo.png 414w, https:\/\/multihoster.org\/wp-content\/uploads\/2020\/06\/alfafile_logo-300x77.png 300w\" sizes=\"(max-width: 293px) 100vw, 293px\" \/>Alfafile \u00e8 attiva nel settore dal 2014 e da allora \u00e8 in grado di offrire questo servizio esclusivo a molti visitatori. Gli utenti possono scaricare e salvare file e caricare vari dati sulla piattaforma.<\/p>\n<p>Inoltre, c&#8217;\u00e8 un file manager facile da usare e la massima velocit\u00e0 di download nell&#8217;account Alfafile Premium.<\/p>\n<p>Il fornitore si impegna a proteggere pienamente i diritti e le informazioni personali dell&#8217;utente e sviluppa costantemente le sue tecnologie per fornire un servizio eccellente.<\/p>\n<p><img loading=\"lazy\" class=\"alignnone size-full wp-image-4757\" src=\"https:\/\/multihoster.org\/wp-content\/uploads\/2020\/06\/alfafile_site.png\" alt=\"alfafile site\" width=\"770\" height=\"510\" srcset=\"https:\/\/multihoster.org\/wp-content\/uploads\/2020\/06\/alfafile_site.png 770w, https:\/\/multihoster.org\/wp-content\/uploads\/2020\/06\/alfafile_site-300x199.png 300w, https:\/\/multihoster.org\/wp-content\/uploads\/2020\/06\/alfafile_site-768x509.png 768w\" sizes=\"(max-width: 770px) 100vw, 770px\" \/><\/p>\n<a class=\"maxbutton-1 maxbutton maxbutton-x\" target=\"_blank\" rel=\"nofollow noopener\" href=\"\/alfafile\/goto\/\"><span class='mb-text'>Acquista un conto Premium<\/span><\/a>\n<p>\u00a0<\/p>\n\n<h2><span lang=\"DE\">Caratteristiche positive del fornitore<\/span><\/h2>\n<ul>\n<li>Gratuitamente e a pagamento<\/li>\n<li>Ampio servizio di fascia alta<\/li>\n<li>Trattamento riservato dei dati<\/li>\n<li>Interfaccia utente chiara<\/li>\n<\/ul>\n<h2><span lang=\"DE\">La gamma completa Alfafile in sintesi<\/span><\/h2>\n<p style=\"margin: 18.0pt 0cm 6.0pt 0cm;\"><span lang=\"DE\" style=\"font-family: 'Arial','sans-serif'; color: black;\" data-darkreader-inline-color=\"\">Alfafile ti offre un account gratuito e l&#8217;account Alfafile Premium. Sebbene sia possibile utilizzare e testare il servizio solo in misura limitata con l&#8217;account Alfafile Premium gratuito, tutte le funzioni sono disponibili con Alfafile Premium. Oltre alla massima velocit\u00e0 di download e alla possibilit\u00e0 di avviare pi\u00f9 download contemporaneamente, \u00e8 possibile utilizzare molte altre funzioni aggiuntive nell&#8217;account Alfafile Premium.<\/span><\/p>\n<h2><span lang=\"DE\">Offerte bonus<\/span><\/h2>\n<p style=\"margin: 18.0pt 0cm 6.0pt 0cm;\"><span lang=\"DE\" style=\"font-family: 'Arial','sans-serif'; color: black;\" data-darkreader-inline-color=\"\">Per tutti coloro che apprezzano e vogliono trasmettere il servizio Alfafile, c&#8217;\u00e8 il programma di partnership. Qui potete pubblicizzare l&#8217;offerta Alfafile Premium con un link di sponsorizzazione individuale e riceverete un&#8217;interessante commissione fino al 50% sul prezzo di vendita al momento della registrazione di un nuovo utente.<\/span><\/p>\n<h2 style=\"margin: 16.0pt 0cm 4.0pt 0cm;\"><span lang=\"DE\" style=\"font-size: 16pt; font-family: 'Arial', 'sans-serif'; color: black;\" data-darkreader-inline-color=\"\">Costi e modalit\u00e0 di pagamento<\/span><\/h2>\n<p style=\"margin: 0cm 0cm 12.0pt 0cm;\"><span lang=\"DE\" style=\"font-size: 11.0pt; font-family: 'Arial','sans-serif'; color: black;\" data-darkreader-inline-color=\"\">Per il pagamento del conto Alfafile Premium, avete relativamente poche opzioni tra cui scegliere. Il pagamento \u00e8 possibile tramite VISA, Bitcoin, Bitcoin Cash e PAYPASSION. Se preferite un altro metodo di pagamento, potete acquistare Alfafile Premium da uno dei tanti rivenditori. Diverse altre procedure sono possibili qui &#8211; da Webmoney a AmazonPayments e carte di debito a MasterCard e American Express.<\/span><\/p>\n<p><strong>\n<table id=\"tablepress-128\" class=\"tablepress tablepress-id-128\">\n<tbody class=\"row-hover\">\n<tr class=\"row-1 odd\">\n\t<td class=\"column-1\">30 giorni Premio<\/td><td class=\"column-2\">30 giorni Premio<\/td><td class=\"column-3\">30 giorni Premio<\/td><td class=\"column-4\">30 giorni Premio<\/td>\n<\/tr>\n<tr class=\"row-2 even\">\n\t<td class=\"column-1\">14,99 $<\/td><td class=\"column-2\">34,99 $<\/td><td class=\"column-3\">49,99 $<\/td><td class=\"column-4\">89.99 $<\/td>\n<\/tr>\n<tr class=\"row-3 odd\">\n\t<td class=\"column-1\">1 TB di larghezza di banda<\/td><td class=\"column-2\">3 TB di larghezza di banda<\/td><td class=\"column-3\">6 TB di larghezza di banda<\/td><td class=\"column-4\">12 TB di larghezza di banda<\/td>\n<\/tr>\n<tr class=\"row-4 even\">\n\t<td class=\"column-1\">1 TB di stoccaggio<\/td><td class=\"column-2\">1 TB di stoccaggio<\/td><td class=\"column-3\">5 TB di stoccaggio<\/td><td class=\"column-4\">10 TB di stoccaggio<\/td>\n<\/tr>\n<\/tbody>\n<\/table>\n<!-- #tablepress-128 from cache --><\/strong><\/p>\n<a class=\"maxbutton-1 maxbutton maxbutton-x\" target=\"_blank\" rel=\"nofollow noopener\" href=\"\/alfafile\/goto\/\"><span class='mb-text'>Acquista un conto Premium<\/span><\/a>\n<h2><span lang=\"DE\">Informativa <\/span><span lang=\"DE\">sulla privacy<\/span><\/h2>\n<p>Come parte della memorizzazione attiva, Alfafile memorizza dati quali nome, indirizzo e-mail, data di nascita e qualsiasi altra informazione che l&#8217;utente invia al file host come parte dell&#8217;offerta.<\/p>\n<p>Inoltre, alcuni dati sono raccolti passivamente quando si utilizza il servizio Alfafile. Questo include l&#8217;indirizzo IP e i log del server. Vengono utilizzati anche i cookie, che migliorano l&#8217;esperienza utente e vengono adattati individualmente all&#8217;utente.<\/p>\n<h2><span lang=\"DE\">Servizio post-vendita<\/span><\/h2>\n<p style=\"margin: 18.0pt 0cm 6.0pt 0cm;\"><span lang=\"DE\" style=\"font-size: 11.0pt; font-family: 'Arial','sans-serif'; color: black;\" data-darkreader-inline-color=\"\">Dopo la registrazione, \u00e8 possibile accedere al supporto cliccando sull&#8217;icona del menu in alto a destra e poi sul sottomenu &#8220;Supporto&#8221;. Qui potete descrivere il vostro indirizzo e-mail, oggetto e richiesta individuale e inviare il messaggio dopo la risposta captcha.<\/span><\/p>\n<p><img loading=\"lazy\" class=\"alignnone  wp-image-4785\" src=\"https:\/\/multihoster.org\/wp-content\/uploads\/2020\/06\/alfafile_login-1.png\" alt=\"alfafile_login\" width=\"571\" height=\"366\" srcset=\"https:\/\/multihoster.org\/wp-content\/uploads\/2020\/06\/alfafile_login-1.png 765w, https:\/\/multihoster.org\/wp-content\/uploads\/2020\/06\/alfafile_login-1-300x192.png 300w\" sizes=\"(max-width: 571px) 100vw, 571px\" \/><\/p>\n<h2><span lang=\"DE\">Facilit\u00e0 d&#8217;uso<\/span><\/h2>\n<p>Il Filehoster Alfafile convince per la sua interfaccia utente particolarmente chiara e semplice.<\/p>\n<p>In home page, l&#8217;offerta Alfafile \u00e8 presentata sotto forma di immagini di facile comprensione, mentre in cima alla pagina, troverete le opzioni per la registrazione, la connessione e l&#8217;acquisto dell&#8217;account premium. Inoltre, ci sono le schede &#8220;Programma di affiliazione&#8221; per tutti coloro che vogliono fare pubblicit\u00e0 per Alfafile Premium, &#8220;Notizie&#8221; per le notizie dei fornitori e l&#8217;area domande e risposte, una presentazione dell&#8217;azienda e la voce di menu per il supporto.<\/p>\n<p>Dopo aver effettuato il login, puoi anche selezionare le funzioni &#8220;I miei file&#8221;, &#8220;Account&#8221; e &#8220;Premium&#8221;. Nella scheda &#8220;I miei file&#8221;, puoi caricare i tuoi file, gestirli in modo chiaro e, se lo desideri, condividere una cartella con altri utenti. Clicca su &#8220;Conto&#8221; per aggiungere le voci di menu &#8220;Pagamenti&#8221;, &#8220;Statistiche&#8221;, &#8220;File cancellati&#8221; e &#8220;Profili remoti&#8221;. Le schede &#8220;Download unici&#8221;, &#8220;Sicurezza e protezione dei dati&#8221; e &#8220;Opzioni di download&#8221; sono disponibili solo per i titolari di account Alfafile Premium. L&#8217;account gratuito offre un volume di archiviazione di 3TB e una larghezza di banda di 2GB.<\/p>\n<h2><span lang=\"DE\">I vantaggi di un account premium con AlfaFile<\/span><\/h2>\n<p style=\"margin: 18.0pt 0cm 6.0pt 0cm;\"><span lang=\"DE\" style=\"font-size: 11.0pt; font-family: 'Arial','sans-serif'; color: black;\" data-darkreader-inline-color=\"\">\u00c8 possibile scegliere tra quattro pacchetti per acquistare il servizio Premium. Potrete beneficiare di una variet\u00e0 di funzioni, tra cui la massima velocit\u00e0 di download. \u00c8 anche possibile scaricare pi\u00f9 download contemporaneamente. Hai collegamenti diretti ai file, non c&#8217;\u00e8 bisogno di aspettare le code per il download, e approfittare della funzione di annunci gratuiti. Alfafile Premium aumenta la dimensione massima dei file scaricati e scaricati a 20 GB &#8211; \u00e8 qui che il provider si distingue chiaramente dagli altri host di file, che spesso consentono solo una dimensione massima di 5-10 GB per download.<\/span><\/p>\n<p><img loading=\"lazy\" class=\"alignnone size-full wp-image-4794\" src=\"https:\/\/multihoster.org\/wp-content\/uploads\/2020\/06\/alfafile_review.png\" alt=\"\" width=\"571\" height=\"428\" srcset=\"https:\/\/multihoster.org\/wp-content\/uploads\/2020\/06\/alfafile_review.png 571w, https:\/\/multihoster.org\/wp-content\/uploads\/2020\/06\/alfafile_review-300x225.png 300w\" sizes=\"(max-width: 571px) 100vw, 571px\" \/><\/p>\n<h2>Le nostre conclusioni sul fornitore Alfafile<\/h2>\n<p style=\"margin: 18.0pt 0cm 6.0pt 0cm;\"><span lang=\"DE\" style=\"font-size: 11.0pt; font-family: 'Arial','sans-serif'; color: black;\" data-darkreader-inline-color=\"\">Infine, possiamo raccomandare il provider Alfafile come opzione interessante per l&#8217;hosting e il download di file. Il Filehoster offre una protezione completa dei dati, un&#8217;interfaccia utente facile da usare e preziose funzioni dell&#8217;account Premium. L&#8217;offerta di Alfafile \u00e8 gratuita in misura limitata, se si desidera utilizzare il maggior numero possibile di funzioni, \u00e8 possibile acquistare Alfafile Premium.<\/span><\/p>\n<a class=\"maxbutton-1 maxbutton maxbutton-x\" target=\"_blank\" rel=\"nofollow noopener\" href=\"\/alfafile\/goto\/\"><span class='mb-text'>Acquista un conto Premium<\/span><\/a>\n\n\n<p><\/p>\n","protected":false},"excerpt":{"rendered":"<p>Non siamo affiliati, associati, autorizzati, approvati da, o in qualsiasi modo ufficialmente connessi con Alfafile.net Alfafile \u00e8 attiva nel settore<\/p>\n","protected":false},"author":2,"featured_media":0,"parent":0,"menu_order":0,"comment_status":"closed","ping_status":"closed","template":"","meta":[],"yoast_head":"<!-- This site is optimized with the Yoast SEO plugin v18.3 - https:\/\/yoast.com\/wordpress\/plugins\/seo\/ -->\n<title>lll\u25b7 Alfafile Premium Account serio o no? Test su Multihoster.org<\/title>\n<meta name=\"description\" content=\"Il Filehoster Alfafile offre un conto interessante e gratuito, cos\u00ec come l&#039;ampio Alfafile Premium Account. Vi presentiamo l&#039;offerta in dettaglio.\" \/>\n<meta name=\"robots\" content=\"index, follow, max-snippet:-1, max-image-preview:large, max-video-preview:-1\" \/>\n<link rel=\"canonical\" href=\"https:\/\/multihoster.org\/it\/alfafile\/\" \/>\n<meta property=\"og:locale\" content=\"it_IT\" \/>\n<meta property=\"og:type\" content=\"article\" \/>\n<meta property=\"og:title\" content=\"lll\u25b7 Alfafile Premium Account serio o no? Test su Multihoster.org\" \/>\n<meta property=\"og:description\" content=\"Il Filehoster Alfafile offre un conto interessante e gratuito, cos\u00ec come l&#039;ampio Alfafile Premium Account. Vi presentiamo l&#039;offerta in dettaglio.\" \/>\n<meta property=\"og:url\" content=\"https:\/\/multihoster.org\/it\/alfafile\/\" \/>\n<meta property=\"og:site_name\" content=\"Multihoster.org\" \/>\n<meta property=\"article:modified_time\" content=\"2020-06-05T15:50:06+00:00\" \/>\n<meta property=\"og:image\" content=\"https:\/\/multihoster.org\/wp-content\/uploads\/2020\/06\/alfafile_logo.png\" \/>\n<meta name=\"twitter:card\" content=\"summary\" \/>\n<meta name=\"twitter:label1\" content=\"Tempo di lettura stimato\" \/>\n\t<meta name=\"twitter:data1\" content=\"4 minuti\" \/>\n<script type=\"application\/ld+json\" class=\"yoast-schema-graph\">{\"@context\":\"https:\/\/schema.org\",\"@graph\":[{\"@type\":\"WebSite\",\"@id\":\"https:\/\/multihoster.org\/#website\",\"url\":\"https:\/\/multihoster.org\/\",\"name\":\"Multihoster.org\",\"description\":\"Reviews of the major Filehosting services\",\"potentialAction\":[{\"@type\":\"SearchAction\",\"target\":{\"@type\":\"EntryPoint\",\"urlTemplate\":\"https:\/\/multihoster.org\/?s={search_term_string}\"},\"query-input\":\"required name=search_term_string\"}],\"inLanguage\":\"it-IT\"},{\"@type\":\"ImageObject\",\"@id\":\"https:\/\/multihoster.org\/it\/alfafile\/#primaryimage\",\"inLanguage\":\"it-IT\",\"url\":\"https:\/\/multihoster.org\/wp-content\/uploads\/2020\/06\/alfafile_logo.png\",\"contentUrl\":\"https:\/\/multihoster.org\/wp-content\/uploads\/2020\/06\/alfafile_logo.png\",\"width\":414,\"height\":106},{\"@type\":\"WebPage\",\"@id\":\"https:\/\/multihoster.org\/it\/alfafile\/#webpage\",\"url\":\"https:\/\/multihoster.org\/it\/alfafile\/\",\"name\":\"lll\u25b7 Alfafile Premium Account serio o no? Test su Multihoster.org\",\"isPartOf\":{\"@id\":\"https:\/\/multihoster.org\/#website\"},\"primaryImageOfPage\":{\"@id\":\"https:\/\/multihoster.org\/it\/alfafile\/#primaryimage\"},\"datePublished\":\"2018-10-04T13:11:01+00:00\",\"dateModified\":\"2020-06-05T15:50:06+00:00\",\"description\":\"Il Filehoster Alfafile offre un conto interessante e gratuito, cos\u00ec come l'ampio Alfafile Premium Account. Vi presentiamo l'offerta in dettaglio.\",\"breadcrumb\":{\"@id\":\"https:\/\/multihoster.org\/it\/alfafile\/#breadcrumb\"},\"inLanguage\":\"it-IT\",\"potentialAction\":[{\"@type\":\"ReadAction\",\"target\":[\"https:\/\/multihoster.org\/it\/alfafile\/\"]}]},{\"@type\":\"BreadcrumbList\",\"@id\":\"https:\/\/multihoster.org\/it\/alfafile\/#breadcrumb\",\"itemListElement\":[{\"@type\":\"ListItem\",\"position\":1,\"name\":\"Startseite\",\"item\":\"https:\/\/multihoster.org\/it\/\"},{\"@type\":\"ListItem\",\"position\":2,\"name\":\"Alfafile Premium Account &#8211; Il file host in sintesi\"}]}]}<\/script>\n<!-- \/ Yoast SEO plugin. -->","yoast_head_json":{"title":"lll\u25b7 Alfafile Premium Account serio o no? Test su Multihoster.org","description":"Il Filehoster Alfafile offre un conto interessante e gratuito, cos\u00ec come l'ampio Alfafile Premium Account. Vi presentiamo l'offerta in dettaglio.","robots":{"index":"index","follow":"follow","max-snippet":"max-snippet:-1","max-image-preview":"max-image-preview:large","max-video-preview":"max-video-preview:-1"},"canonical":"https:\/\/multihoster.org\/it\/alfafile\/","og_locale":"it_IT","og_type":"article","og_title":"lll\u25b7 Alfafile Premium Account serio o no? Test su Multihoster.org","og_description":"Il Filehoster Alfafile offre un conto interessante e gratuito, cos\u00ec come l'ampio Alfafile Premium Account. Vi presentiamo l'offerta in dettaglio.","og_url":"https:\/\/multihoster.org\/it\/alfafile\/","og_site_name":"Multihoster.org","article_modified_time":"2020-06-05T15:50:06+00:00","og_image":[{"url":"https:\/\/multihoster.org\/wp-content\/uploads\/2020\/06\/alfafile_logo.png"}],"twitter_card":"summary","twitter_misc":{"Tempo di lettura stimato":"4 minuti"},"schema":{"@context":"https:\/\/schema.org","@graph":[{"@type":"WebSite","@id":"https:\/\/multihoster.org\/#website","url":"https:\/\/multihoster.org\/","name":"Multihoster.org","description":"Reviews of the major Filehosting services","potentialAction":[{"@type":"SearchAction","target":{"@type":"EntryPoint","urlTemplate":"https:\/\/multihoster.org\/?s={search_term_string}"},"query-input":"required name=search_term_string"}],"inLanguage":"it-IT"},{"@type":"ImageObject","@id":"https:\/\/multihoster.org\/it\/alfafile\/#primaryimage","inLanguage":"it-IT","url":"https:\/\/multihoster.org\/wp-content\/uploads\/2020\/06\/alfafile_logo.png","contentUrl":"https:\/\/multihoster.org\/wp-content\/uploads\/2020\/06\/alfafile_logo.png","width":414,"height":106},{"@type":"WebPage","@id":"https:\/\/multihoster.org\/it\/alfafile\/#webpage","url":"https:\/\/multihoster.org\/it\/alfafile\/","name":"lll\u25b7 Alfafile Premium Account serio o no? Test su Multihoster.org","isPartOf":{"@id":"https:\/\/multihoster.org\/#website"},"primaryImageOfPage":{"@id":"https:\/\/multihoster.org\/it\/alfafile\/#primaryimage"},"datePublished":"2018-10-04T13:11:01+00:00","dateModified":"2020-06-05T15:50:06+00:00","description":"Il Filehoster Alfafile offre un conto interessante e gratuito, cos\u00ec come l'ampio Alfafile Premium Account. Vi presentiamo l'offerta in dettaglio.","breadcrumb":{"@id":"https:\/\/multihoster.org\/it\/alfafile\/#breadcrumb"},"inLanguage":"it-IT","potentialAction":[{"@type":"ReadAction","target":["https:\/\/multihoster.org\/it\/alfafile\/"]}]},{"@type":"BreadcrumbList","@id":"https:\/\/multihoster.org\/it\/alfafile\/#breadcrumb","itemListElement":[{"@type":"ListItem","position":1,"name":"Startseite","item":"https:\/\/multihoster.org\/it\/"},{"@type":"ListItem","position":2,"name":"Alfafile Premium Account &#8211; Il file host in sintesi"}]}]}},"_links":{"self":[{"href":"https:\/\/multihoster.org\/it\/wp-json\/wp\/v2\/pages\/1641"}],"collection":[{"href":"https:\/\/multihoster.org\/it\/wp-json\/wp\/v2\/pages"}],"about":[{"href":"https:\/\/multihoster.org\/it\/wp-json\/wp\/v2\/types\/page"}],"author":[{"embeddable":true,"href":"https:\/\/multihoster.org\/it\/wp-json\/wp\/v2\/users\/2"}],"replies":[{"embeddable":true,"href":"https:\/\/multihoster.org\/it\/wp-json\/wp\/v2\/comments?post=1641"}],"version-history":[{"count":8,"href":"https:\/\/multihoster.org\/it\/wp-json\/wp\/v2\/pages\/1641\/revisions"}],"predecessor-version":[{"id":4835,"href":"https:\/\/multihoster.org\/it\/wp-json\/wp\/v2\/pages\/1641\/revisions\/4835"}],"wp:attachment":[{"href":"https:\/\/multihoster.org\/it\/wp-json\/wp\/v2\/media?parent=1641"}],"curies":[{"name":"wp","href":"https:\/\/api.w.org\/{rel}","templated":true}]}}