{"id":1740,"date":"2018-10-04T13:51:48","date_gmt":"2018-10-04T13:51:48","guid":{"rendered":"https:\/\/multihoster.org\/?page_id=1740"},"modified":"2018-10-04T13:51:48","modified_gmt":"2018-10-04T13:51:48","slug":"linksnappy","status":"publish","type":"page","link":"https:\/\/multihoster.org\/it\/linksnappy\/","title":{"rendered":"LinkSnappy Experiences &#8211; Il Multihoster in sintesi"},"content":{"rendered":"<p><img loading=\"lazy\" class=\"wp-image-1723 alignleft\" src=\"https:\/\/multihoster.org\/wp-content\/uploads\/2018\/10\/logo-3.png\" alt=\"logo\" width=\"204\" height=\"119\" srcset=\"https:\/\/multihoster.org\/wp-content\/uploads\/2018\/10\/logo-3.png 371w, https:\/\/multihoster.org\/wp-content\/uploads\/2018\/10\/logo-3-300x175.png 300w\" sizes=\"(max-width: 204px) 100vw, 204px\" \/><\/p>\n<p>Il multihosting LinkSnappy vi offre un generatore di link premium e un client torrent cloud. Inoltre, ci sono molte altre caratteristiche che rendono l&#8217;offerta LinkSnappy ancora pi\u00f9 completa e sicura da usare. Diversi fornitori di servizi di pagamento sono disponibili per pagamenti semplici, compresi metodi di pagamento anonimi come Paysafecard e metodi semplici e popolari come Paypal. Abbiamo testato il fornitore LinkSnappy e vorremmo presentare le nostre esperienze con LinkSnappy.<\/p>\n<h2><\/h2>\n<h2>Caratteristiche positive del fornitore<\/h2>\n<ul>\n<li>Utilizzo gratuito possibile<\/li>\n<li>Metodi di pagamento anonimi<\/li>\n<li>Accesso a pi\u00f9 di 60 host di file<\/li>\n<li>Molto facile da usare<\/li>\n<\/ul>\n<p>&nbsp;<\/p>\n<p><img loading=\"lazy\" class=\"alignnone size-full wp-image-1720\" src=\"https:\/\/multihoster.org\/wp-content\/uploads\/2018\/10\/linksnappy.jpg\" alt=\"linksnappy\" width=\"879\" height=\"631\" srcset=\"https:\/\/multihoster.org\/wp-content\/uploads\/2018\/10\/linksnappy.jpg 879w, https:\/\/multihoster.org\/wp-content\/uploads\/2018\/10\/linksnappy-300x215.jpg 300w, https:\/\/multihoster.org\/wp-content\/uploads\/2018\/10\/linksnappy-768x551.jpg 768w\" sizes=\"(max-width: 879px) 100vw, 879px\" \/><\/p>\n<p>&nbsp;<\/p>\n<h2>La gamma completa LinkSnappy in un colpo d&#8217;occhio<\/h2>\n<p>\u00c8 possibile utilizzare il servizio di provider LinkSnappy da un lato con l&#8217;account gratuito FileSnappy e, se lo si desidera, acquistare un account premium dopo il test. Questo pu\u00f2 essere sbloccato salvando via e-mail, anche la connessione tramite i social media come Google, Facebook e Twitter \u00e8 possibile. Con l&#8217;account gratuito, il volume giornaliero di dati e altre funzioni \u00e8 limitato.<\/p>\n<p>Se si desidera utilizzare l&#8217;intera gamma del servizio LinkSnappy, \u00e8 possibile utilizzare uno dei quattro pacchetti e acquistare l&#8217;account Premium. I limiti di tempo sono di 7 giorni, 30 giorni, 90 giorni e 180 giorni.<\/p>\n<h2>Offerte bonus<\/h2>\n<p>Un interessante bonus offerto da LinkSnappy \u00e8 la possibilit\u00e0 di ricevere giorni di abbonamento gratuito promuovendo il vostro account LinkSnappy Premium. Il prerequisito \u00e8 che i nuovi utenti accedano a LinkSnappy tramite il link di riferimento e decidano su un abbonamento premium &#8211; anche il membro ospite beneficia dei vantaggi e riceve uno sconto del 5% sul primo ordine. Sottoscrivendo un Account Premium per 90 o 180 giorni, riceverai anche un buono che potrai trasmettere ai tuoi amici e familiari.<\/p>\n<h2>Costi e modalit\u00e0 di pagamento<\/h2>\n<p>Potete scegliere tra diverse modalit\u00e0 di pagamento per il conto LinkSnappy Premium. Il pagamento \u00e8 possibile con carta di credito, Paypal e carta di debito. Il metodo di pagamento Paysafecard e le varie valute criptate possono essere selezionate per il pagamento anonimo.<\/p>\n<p><strong>\n<table id=\"tablepress-145\" class=\"tablepress tablepress-id-145\">\n<tbody class=\"row-hover\">\n<tr class=\"row-1 odd\">\n\t<td class=\"column-1\">7 giorni<\/td><td class=\"column-2\">30 giorni<\/td><td class=\"column-3\">90 giorni<\/td><td class=\"column-4\">180 giorni<\/td>\n<\/tr>\n<tr class=\"row-2 even\">\n\t<td class=\"column-1\">4,99 $<\/td><td class=\"column-2\">12,99 $<\/td><td class=\"column-3\">29,99 $<\/td><td class=\"column-4\">54,99 $<\/td>\n<\/tr>\n<tr class=\"row-3 odd\">\n\t<td class=\"column-1\"><\/td><td class=\"column-2\">Buono di 30 giorni<\/td><td class=\"column-3\">Buono di 90 giorni<\/td><td class=\"column-4\"><\/td>\n<\/tr>\n<\/tbody>\n<\/table>\n<!-- #tablepress-145 from cache --><\/strong><\/p>\n<h2>Informativa sulla privacy<\/h2>\n<p>Naturalmente, ci si pu\u00f2 aspettare un&#8217;ampia protezione dei dati da parte del provider LinkSnappy. I vostri dati personali saranno utilizzati solo per i processi previsti &#8211; ad esempio, per la registrazione, l&#8217;elaborazione dei pagamenti o il contatto. Inoltre, l&#8217;indirizzo IP e altre informazioni sui dati sono memorizzati in directory interne quando si scarica o si utilizza il generatore di link. Le informazioni demografiche sono raccolte per migliorare l&#8217;esperienza dell&#8217;utente e possono essere condivise con partner pubblicitari. Anche i cookie sono utilizzati per un uso ottimale. Per quanto riguarda la nostra esperienza, in Linksnappy non ci sono critiche riguardo alla privacy e alla protezione dei dati.<\/p>\n<p>&nbsp;<\/p>\n<p><img loading=\"lazy\" class=\"alignnone size-full wp-image-1721\" src=\"https:\/\/multihoster.org\/wp-content\/uploads\/2018\/10\/log-in-1.jpg\" alt=\"log in\" width=\"895\" height=\"641\" srcset=\"https:\/\/multihoster.org\/wp-content\/uploads\/2018\/10\/log-in-1.jpg 895w, https:\/\/multihoster.org\/wp-content\/uploads\/2018\/10\/log-in-1-300x215.jpg 300w, https:\/\/multihoster.org\/wp-content\/uploads\/2018\/10\/log-in-1-768x550.jpg 768w\" sizes=\"(max-width: 895px) 100vw, 895px\" \/><\/p>\n<p>&nbsp;<\/p>\n<h2>Servizio post-vendita<\/h2>\n<p>\u00c8 possibile accedere al servizio clienti LinkSnappy andando prima alla scheda &#8220;Il mio account&#8221; dopo aver effettuato l&#8217;accesso. Sotto questa scheda, troverete altre voci di menu, compreso il link all&#8217;Help Desk. Qui \u00e8 possibile creare un biglietto direttamente o collegarsi al Centro di assistenza, in modo da poter controllare facilmente lo stato del biglietto. Puoi anche risolvere il tuo problema consultando le FAQ nella parte superiore della pagina accanto alla scheda &#8220;Il mio account&#8221;. Inoltre, c&#8217;\u00e8 la funzione di live chat, che si trova nell&#8217;angolo in basso a destra del sito web.<\/p>\n<p><img loading=\"lazy\" class=\"alignnone size-full wp-image-1722\" src=\"https:\/\/multihoster.org\/wp-content\/uploads\/2018\/10\/details.jpg\" alt=\"details\" width=\"898\" height=\"632\" srcset=\"https:\/\/multihoster.org\/wp-content\/uploads\/2018\/10\/details.jpg 898w, https:\/\/multihoster.org\/wp-content\/uploads\/2018\/10\/details-300x211.jpg 300w, https:\/\/multihoster.org\/wp-content\/uploads\/2018\/10\/details-768x541.jpg 768w, https:\/\/multihoster.org\/wp-content\/uploads\/2018\/10\/details-130x90.jpg 130w\" sizes=\"(max-width: 898px) 100vw, 898px\" \/><\/p>\n<h2><\/h2>\n<h2>Facilit\u00e0 d&#8217;uso<\/h2>\n<p>Nel test LinkSnappy, abbiamo esaminato la facilit\u00e0 d&#8217;uso e vorremmo condividere con voi le nostre esperienze con LinkSnappy. Il sito \u00e8 chiaramente strutturato in modo che tutte le informazioni di base sul fornitore possono essere trovate sulla home page.<\/p>\n<p>La registrazione gratuita \u00e8 possibile anche attraverso la home page. In fondo alla pagina, troverete ulteriori informazioni sulla soddisfazione del cliente consultando altri utenti che hanno gi\u00e0 testato LinkSnappy.<\/p>\n<p>In alto, troverete anche una sezione domande e risposte e utili tutorial sull&#8217;utilizzo di Linksnappy.com. Sotto Stato, troverai informazioni dettagliate sui file host supportati e informazioni sullo stato del tuo account.<\/p>\n<p>Una volta collegati, le nuove opzioni &#8220;Download&#8221; e &#8220;Torrent&#8221; sono disponibili nella parte superiore della pagina. Qui \u00e8 possibile scaricare e gestire i file desiderati come si desidera. Di seguito, troverete le schede &#8220;Links&#8221; e &#8220;Files&#8221;. Troverete anche l&#8217;opzione Premium Upgrade e la scheda Supporto.<\/p>\n<p>Nel complesso, la nostra esperienza dimostra che LinkSnappy offre un buon servizio e un&#8217;attraente facilit\u00e0 d&#8217;uso.<\/p>\n<h2>I vantaggi di un account Snappy Premium Link<\/h2>\n<p>Con un account LinkSnappy Premium, \u00e8 possibile utilizzare la massima velocit\u00e0 di download con pi\u00f9 di 60 host di file in base alla nostra esperienza. Inoltre, beneficiate della funzione &#8220;Download privati&#8221;, in modo che n\u00e9 il vostro indirizzo IP n\u00e9 i download creati vengano registrati. \u00c8 anche possibile distribuire i file direttamente online senza scaricarli. L&#8217;account Premium vi offre anche comodi plug-in per Chrome, Firefox e jDownloader per la generazione automatica dei link. Il servizio clienti \u00e8 disponibile 24 ore al giorno, 7 giorni su 7 per aiutarvi a risolvere rapidamente qualsiasi problema. Se non ti piace il servizio Premium Account, hai una garanzia di rimborso immediata di 7 giorni.<\/p>\n<h2>Le nostre conclusioni sul provider LinkSnappy<\/h2>\n<p>Infine, possiamo dire che LinkSnappy offre gi\u00e0 un servizio completo con l&#8217;account gratuito. Il sito \u00e8 organizzato in modo molto chiaro e la registrazione \u00e8 facile e veloce. Se si desidera utilizzare la massima velocit\u00e0 di download e beneficiare di funzionalit\u00e0 aggiuntive, \u00e8 possibile acquistare uno dei quattro abbonamenti elite per acquistare un account LinkSnappy Premium. Come metodi di pagamento, troverete diversi fornitori, tra cui i popolari metodi Paypal e Paysafecard. A questo proposito \u00e8 interessante anche la garanzia di rimborso a 7 giorni. Il servizio clienti \u00e8 facilmente accessibile, anche attraverso la chat dal vivo e anche le offerte bonus sono molto interessanti. Per quanto riguarda la nostra esperienza, il fornitore pu\u00f2 quindi convincere pienamente.<\/p>\n","protected":false},"excerpt":{"rendered":"<p>Il multihosting LinkSnappy vi offre un generatore di link premium e un client torrent cloud. Inoltre, ci sono molte altre<\/p>\n","protected":false},"author":2,"featured_media":0,"parent":0,"menu_order":0,"comment_status":"closed","ping_status":"closed","template":"","meta":[],"yoast_head":"<!-- This site is optimized with the Yoast SEO plugin v18.3 - https:\/\/yoast.com\/wordpress\/plugins\/seo\/ -->\n<title>lll\u25b7 Linksnappy Conto serio o no? +++++ Test su Multihoster.org<\/title>\n<meta name=\"description\" content=\"Abbiamo testato il Multihoster LinkSnappy e vorremmo condividere con voi la nostra esperienza per quanto riguarda il servizio e la seriet\u00e0 del fornitore.\" \/>\n<meta name=\"robots\" content=\"index, follow, max-snippet:-1, max-image-preview:large, max-video-preview:-1\" \/>\n<link rel=\"canonical\" href=\"https:\/\/multihoster.org\/it\/linksnappy\/\" \/>\n<meta property=\"og:locale\" content=\"it_IT\" \/>\n<meta property=\"og:type\" content=\"article\" \/>\n<meta property=\"og:title\" content=\"lll\u25b7 Linksnappy Conto serio o no? +++++ Test su Multihoster.org\" \/>\n<meta property=\"og:description\" content=\"Abbiamo testato il Multihoster LinkSnappy e vorremmo condividere con voi la nostra esperienza per quanto riguarda il servizio e la seriet\u00e0 del fornitore.\" \/>\n<meta property=\"og:url\" content=\"https:\/\/multihoster.org\/it\/linksnappy\/\" \/>\n<meta property=\"og:site_name\" content=\"Multihoster.org\" \/>\n<meta property=\"og:image\" content=\"https:\/\/multihoster.org\/wp-content\/uploads\/2018\/10\/logo-3.png\" \/>\n<meta name=\"twitter:card\" content=\"summary\" \/>\n<meta name=\"twitter:label1\" content=\"Tempo di lettura stimato\" \/>\n\t<meta name=\"twitter:data1\" content=\"5 minuti\" \/>\n<script type=\"application\/ld+json\" class=\"yoast-schema-graph\">{\"@context\":\"https:\/\/schema.org\",\"@graph\":[{\"@type\":\"WebSite\",\"@id\":\"https:\/\/multihoster.org\/#website\",\"url\":\"https:\/\/multihoster.org\/\",\"name\":\"Multihoster.org\",\"description\":\"Reviews of the major Filehosting services\",\"potentialAction\":[{\"@type\":\"SearchAction\",\"target\":{\"@type\":\"EntryPoint\",\"urlTemplate\":\"https:\/\/multihoster.org\/?s={search_term_string}\"},\"query-input\":\"required name=search_term_string\"}],\"inLanguage\":\"it-IT\"},{\"@type\":\"ImageObject\",\"@id\":\"https:\/\/multihoster.org\/it\/linksnappy\/#primaryimage\",\"inLanguage\":\"it-IT\",\"url\":\"https:\/\/multihoster.org\/wp-content\/uploads\/2018\/10\/logo-3.png\",\"contentUrl\":\"https:\/\/multihoster.org\/wp-content\/uploads\/2018\/10\/logo-3.png\",\"width\":371,\"height\":216},{\"@type\":\"WebPage\",\"@id\":\"https:\/\/multihoster.org\/it\/linksnappy\/#webpage\",\"url\":\"https:\/\/multihoster.org\/it\/linksnappy\/\",\"name\":\"lll\u25b7 Linksnappy Conto serio o no? +++++ Test su Multihoster.org\",\"isPartOf\":{\"@id\":\"https:\/\/multihoster.org\/#website\"},\"primaryImageOfPage\":{\"@id\":\"https:\/\/multihoster.org\/it\/linksnappy\/#primaryimage\"},\"datePublished\":\"2018-10-04T13:51:48+00:00\",\"dateModified\":\"2018-10-04T13:51:48+00:00\",\"description\":\"Abbiamo testato il Multihoster LinkSnappy e vorremmo condividere con voi la nostra esperienza per quanto riguarda il servizio e la seriet\u00e0 del fornitore.\",\"breadcrumb\":{\"@id\":\"https:\/\/multihoster.org\/it\/linksnappy\/#breadcrumb\"},\"inLanguage\":\"it-IT\",\"potentialAction\":[{\"@type\":\"ReadAction\",\"target\":[\"https:\/\/multihoster.org\/it\/linksnappy\/\"]}]},{\"@type\":\"BreadcrumbList\",\"@id\":\"https:\/\/multihoster.org\/it\/linksnappy\/#breadcrumb\",\"itemListElement\":[{\"@type\":\"ListItem\",\"position\":1,\"name\":\"Startseite\",\"item\":\"https:\/\/multihoster.org\/it\/\"},{\"@type\":\"ListItem\",\"position\":2,\"name\":\"LinkSnappy Experiences &#8211; Il Multihoster in sintesi\"}]}]}<\/script>\n<!-- \/ Yoast SEO plugin. -->","yoast_head_json":{"title":"lll\u25b7 Linksnappy Conto serio o no? +++++ Test su Multihoster.org","description":"Abbiamo testato il Multihoster LinkSnappy e vorremmo condividere con voi la nostra esperienza per quanto riguarda il servizio e la seriet\u00e0 del fornitore.","robots":{"index":"index","follow":"follow","max-snippet":"max-snippet:-1","max-image-preview":"max-image-preview:large","max-video-preview":"max-video-preview:-1"},"canonical":"https:\/\/multihoster.org\/it\/linksnappy\/","og_locale":"it_IT","og_type":"article","og_title":"lll\u25b7 Linksnappy Conto serio o no? +++++ Test su Multihoster.org","og_description":"Abbiamo testato il Multihoster LinkSnappy e vorremmo condividere con voi la nostra esperienza per quanto riguarda il servizio e la seriet\u00e0 del fornitore.","og_url":"https:\/\/multihoster.org\/it\/linksnappy\/","og_site_name":"Multihoster.org","og_image":[{"url":"https:\/\/multihoster.org\/wp-content\/uploads\/2018\/10\/logo-3.png"}],"twitter_card":"summary","twitter_misc":{"Tempo di lettura stimato":"5 minuti"},"schema":{"@context":"https:\/\/schema.org","@graph":[{"@type":"WebSite","@id":"https:\/\/multihoster.org\/#website","url":"https:\/\/multihoster.org\/","name":"Multihoster.org","description":"Reviews of the major Filehosting services","potentialAction":[{"@type":"SearchAction","target":{"@type":"EntryPoint","urlTemplate":"https:\/\/multihoster.org\/?s={search_term_string}"},"query-input":"required name=search_term_string"}],"inLanguage":"it-IT"},{"@type":"ImageObject","@id":"https:\/\/multihoster.org\/it\/linksnappy\/#primaryimage","inLanguage":"it-IT","url":"https:\/\/multihoster.org\/wp-content\/uploads\/2018\/10\/logo-3.png","contentUrl":"https:\/\/multihoster.org\/wp-content\/uploads\/2018\/10\/logo-3.png","width":371,"height":216},{"@type":"WebPage","@id":"https:\/\/multihoster.org\/it\/linksnappy\/#webpage","url":"https:\/\/multihoster.org\/it\/linksnappy\/","name":"lll\u25b7 Linksnappy Conto serio o no? +++++ Test su Multihoster.org","isPartOf":{"@id":"https:\/\/multihoster.org\/#website"},"primaryImageOfPage":{"@id":"https:\/\/multihoster.org\/it\/linksnappy\/#primaryimage"},"datePublished":"2018-10-04T13:51:48+00:00","dateModified":"2018-10-04T13:51:48+00:00","description":"Abbiamo testato il Multihoster LinkSnappy e vorremmo condividere con voi la nostra esperienza per quanto riguarda il servizio e la seriet\u00e0 del fornitore.","breadcrumb":{"@id":"https:\/\/multihoster.org\/it\/linksnappy\/#breadcrumb"},"inLanguage":"it-IT","potentialAction":[{"@type":"ReadAction","target":["https:\/\/multihoster.org\/it\/linksnappy\/"]}]},{"@type":"BreadcrumbList","@id":"https:\/\/multihoster.org\/it\/linksnappy\/#breadcrumb","itemListElement":[{"@type":"ListItem","position":1,"name":"Startseite","item":"https:\/\/multihoster.org\/it\/"},{"@type":"ListItem","position":2,"name":"LinkSnappy Experiences &#8211; Il Multihoster in sintesi"}]}]}},"_links":{"self":[{"href":"https:\/\/multihoster.org\/it\/wp-json\/wp\/v2\/pages\/1740"}],"collection":[{"href":"https:\/\/multihoster.org\/it\/wp-json\/wp\/v2\/pages"}],"about":[{"href":"https:\/\/multihoster.org\/it\/wp-json\/wp\/v2\/types\/page"}],"author":[{"embeddable":true,"href":"https:\/\/multihoster.org\/it\/wp-json\/wp\/v2\/users\/2"}],"replies":[{"embeddable":true,"href":"https:\/\/multihoster.org\/it\/wp-json\/wp\/v2\/comments?post=1740"}],"version-history":[{"count":4,"href":"https:\/\/multihoster.org\/it\/wp-json\/wp\/v2\/pages\/1740\/revisions"}],"predecessor-version":[{"id":1797,"href":"https:\/\/multihoster.org\/it\/wp-json\/wp\/v2\/pages\/1740\/revisions\/1797"}],"wp:attachment":[{"href":"https:\/\/multihoster.org\/it\/wp-json\/wp\/v2\/media?parent=1740"}],"curies":[{"name":"wp","href":"https:\/\/api.w.org\/{rel}","templated":true}]}}