{"id":1893,"date":"2018-10-05T14:57:06","date_gmt":"2018-10-05T14:57:06","guid":{"rendered":"https:\/\/multihoster.org\/?page_id=1893"},"modified":"2018-10-05T14:57:06","modified_gmt":"2018-10-05T14:57:06","slug":"share-online","status":"publish","type":"page","link":"https:\/\/multihoster.org\/it\/share-online\/","title":{"rendered":"Share-Online Premium &#8211; Il file host in sintesi"},"content":{"rendered":"<p><img loading=\"lazy\" class=\"wp-image-1871 alignleft\" src=\"https:\/\/multihoster.org\/wp-content\/uploads\/2018\/10\/logo-4.png\" alt=\"\" width=\"236\" height=\"61\" \/><\/p>\n<p>Share-Online offre sia una funzione di download che una funzione di download. Nell&#8217;ambito dell&#8217;offerta sono disponibili l&#8217;account di incasso gratuito e l&#8217;accesso premium. Ci sono diverse restrizioni quando si utilizza l&#8217;account di raccolta, mentre l&#8217;accesso premium consente di utilizzare l&#8217;intera gamma di funzioni.<\/p>\n<h2><\/h2>\n<h2>La gamma completa Share-Online in un colpo d&#8217;occhio<\/h2>\n<p>Se si desidera utilizzare gratuitamente l&#8217;offerta Share Online, \u00e8 possibile iniziare con l&#8217;account collettore, che ha alcune restrizioni. I limiti per i download includono un tempo di attesa di almeno 30 secondi, un limite di velocit\u00e0 fino a 150 kb al secondo e un limite di volume di download di 2 GB all&#8217;ora per file. Per quanto riguarda il download, i file vengono cancellati dopo un massimo di 45 giorni di inattivit\u00e0.<\/p>\n<p>Con l&#8217;Online Shared Premium Account, puoi iniziare subito e godere della massima velocit\u00e0 di download. Inoltre, non ci sono tempi di attesa, pubblicit\u00e0 e molte altre caratteristiche.<\/p>\n<p>E&#8217; gi\u00e0 possibile scaricare facilmente file fino a 1024 MB senza registrarsi sulla home page.<\/p>\n<h2>Offerte bonus<\/h2>\n<p>\u00c8 possibile utilizzare il programma partner Share-Online in due modi. Da un lato, \u00e8 possibile pubblicizzare l&#8217;offerta Share Online ad amici e conoscenti attraverso un link individuale del partner. Puoi anche fare pubblicit\u00e0 con banner sul tuo sito web. Quando si acquista un account valido per 7 giorni o pi\u00f9, si ricever\u00e0 una commissione del 30% per ogni prima vendita e del 20% per gli acquisti successivi.<\/p>\n<p>&nbsp;<\/p>\n<p><img loading=\"lazy\" class=\"size-full wp-image-1844 aligncenter\" src=\"https:\/\/multihoster.org\/wp-content\/uploads\/2018\/10\/Share-Online.jpg\" alt=\"Share-Online\" width=\"1086\" height=\"711\" srcset=\"https:\/\/multihoster.org\/wp-content\/uploads\/2018\/10\/Share-Online.jpg 1086w, https:\/\/multihoster.org\/wp-content\/uploads\/2018\/10\/Share-Online-300x196.jpg 300w, https:\/\/multihoster.org\/wp-content\/uploads\/2018\/10\/Share-Online-768x503.jpg 768w, https:\/\/multihoster.org\/wp-content\/uploads\/2018\/10\/Share-Online-1024x670.jpg 1024w\" sizes=\"(max-width: 1086px) 100vw, 1086px\" \/><\/p>\n<h2>Costi e modalit\u00e0 di pagamento<\/h2>\n<p>Il fornitore offre una vasta gamma di pacchetti di accesso di fascia alta &#8211; si pu\u00f2 scegliere tra un totale di 9 pacchetti, che vanno da 2 giorni a 1080 giorni. Ci sono diversi metodi di pagamento tra cui scegliere, tra cui i popolari metodi Paypal e Paysafecard. \u00c8 possibile anche il pagamento tramite addebito diretto. Se lo desiderate, potete anche selezionare il solito bonifico bancario, bonifico bancario diretto, webmoney, SMS o telefono. E&#8217; anche possibile pagare con una valuta criptata tramite BitPay. Come opzione, \u00e8 possibile inserire un codice coupon, se disponibile. Se preferite un altro metodo di pagamento, troverete una voce di menu sotto la voce Voucher, che vi introduce ai sei rivenditori Share-Online.<\/p>\n<p><strong>\n<table id=\"tablepress-154\" class=\"tablepress tablepress-id-154\">\n<tbody class=\"row-hover\">\n<tr class=\"row-1 odd\">\n\t<td class=\"column-1\">Scadenza<\/td><td class=\"column-2\">Prezzo<\/td><td class=\"column-3\">Prezzo al giorno<\/td><td class=\"column-4\">Bonus<br \/>\n(100 punti = 1 \u20ac)<\/td>\n<\/tr>\n<tr class=\"row-2 even\">\n\t<td class=\"column-1\">2 giorni<\/td><td class=\"column-2\">4,99 \u20ac<\/td><td class=\"column-3\">2,50 \u20ac<\/td><td class=\"column-4\">200 punti<\/td>\n<\/tr>\n<tr class=\"row-3 odd\">\n\t<td class=\"column-1\">30 giorni<\/td><td class=\"column-2\">9,49 \u20ac<\/td><td class=\"column-3\">0,32 \u20ac<\/td><td class=\"column-4\">1000 punti<\/td>\n<\/tr>\n<tr class=\"row-4 even\">\n\t<td class=\"column-1\">36giorni<\/td><td class=\"column-2\">10,00 \u20ac<\/td><td class=\"column-3\">0,28 \u20ac<\/td><td class=\"column-4\">2000 punti<\/td>\n<\/tr>\n<tr class=\"row-5 odd\">\n\t<td class=\"column-1\">90 giorni<\/td><td class=\"column-2\">21,99 \u20ac<\/td><td class=\"column-3\">0,24 \u20ac<\/td><td class=\"column-4\">2000 punti<\/td>\n<\/tr>\n<tr class=\"row-6 even\">\n\t<td class=\"column-1\">105 giorni<\/td><td class=\"column-2\">25,00 \u20ac<\/td><td class=\"column-3\">0,24 \u20ac<\/td><td class=\"column-4\">3500 punti<\/td>\n<\/tr>\n<tr class=\"row-7 odd\">\n\t<td class=\"column-1\">180 giorni<\/td><td class=\"column-2\">37,99 \u20ac<\/td><td class=\"column-3\">0,21 \u20ac<\/td><td class=\"column-4\">3800 punti<\/td>\n<\/tr>\n<tr class=\"row-8 even\">\n\t<td class=\"column-1\">270 giorni<\/td><td class=\"column-2\">50,00 \u20ac<\/td><td class=\"column-3\">0,19 \u20ac<\/td><td class=\"column-4\">4000 punti<\/td>\n<\/tr>\n<tr class=\"row-9 odd\">\n\t<td class=\"column-1\">420 giorni<\/td><td class=\"column-2\">59,99 \u20ac<\/td><td class=\"column-3\">0,14 \u20ac<\/td><td class=\"column-4\">4000 punti<\/td>\n<\/tr>\n<tr class=\"row-10 even\">\n\t<td class=\"column-1\">1080 giorni<\/td><td class=\"column-2\">99,99 \u20ac<\/td><td class=\"column-3\">0,09 \u20ac<\/td><td class=\"column-4\">8000 punti<\/td>\n<\/tr>\n<\/tbody>\n<\/table>\n<!-- #tablepress-154 from cache --><\/strong><\/p>\n<p>\u00c8 possibile scegliere di acquistare non solo un accesso premium, che consente l&#8217;accesso per diversi giorni, ma anche di utilizzare il credito prepagato. Potete aggiungere al vostro credito come volete e prenotare una tariffa per un&#8217;ora, tre ore, 9 ore o 15 ore, se lo desiderate.<\/p>\n<h2>Informativa sulla privacy<\/h2>\n<p>Il Filehoster Share-Online dichiara di fare ogni sforzo per elaborare le informazioni memorizzate in modo sicuro. Non sono n\u00e9 venduti n\u00e9 scambiati. L&#8217;indirizzo e-mail viene utilizzato solo a scopo di notifica e viene poi cancellato. Il vostro indirizzo IP viene registrato per le statistiche di utilizzo della capacit\u00e0 e viene anch&#8217;esso cancellato entro un&#8217;ora dal completamento del download.<\/p>\n<p><img loading=\"lazy\" class=\"size-full wp-image-1853 aligncenter\" src=\"https:\/\/multihoster.org\/wp-content\/uploads\/2018\/10\/features.jpg\" alt=\"features\" width=\"1010\" height=\"702\" srcset=\"https:\/\/multihoster.org\/wp-content\/uploads\/2018\/10\/features.jpg 1010w, https:\/\/multihoster.org\/wp-content\/uploads\/2018\/10\/features-300x209.jpg 300w, https:\/\/multihoster.org\/wp-content\/uploads\/2018\/10\/features-768x534.jpg 768w, https:\/\/multihoster.org\/wp-content\/uploads\/2018\/10\/features-392x272.jpg 392w, https:\/\/multihoster.org\/wp-content\/uploads\/2018\/10\/features-130x90.jpg 130w\" sizes=\"(max-width: 1010px) 100vw, 1010px\" \/><\/p>\n<p>&nbsp;<\/p>\n<h2>Servizio post-vendita<\/h2>\n<p>Per accedere al servizio clienti, \u00e8 possibile utilizzare l&#8217;opzione del menu &#8220;Supporto&#8221; nella parte superiore della home page. Da l\u00ec, puoi accedere all&#8217;HELPDESK, dove puoi fare la tua domanda e cercare le risposte cliccando sull&#8217;aiuto alla ricerca. Troverete anche un ampio database di conoscenze. Se non si riesce a trovare una soluzione in questo modo, \u00e8 possibile aprire un biglietto individuale per l&#8217;assistenza e controllare lo stato del biglietto on-demand.<\/p>\n<h2>Facilit\u00e0 d&#8217;uso<\/h2>\n<p>Il sito Share-Online.biz \u00e8 strutturato in modo chiaro e di facile utilizzo. \u00c8 possibile scaricare file fino a 1024 MB direttamente dalla home page senza registrarsi. Se vuoi usufruire di pi\u00f9 funzioni, puoi creare un account gratuito o acquistare direttamente un account premium. Troverete l&#8217;opzione di registrazione nella parte superiore del menu, pi\u00f9 le schede &#8220;NUOVO&#8221;, &#8220;COMPARING PACKETS&#8221;, &#8220;FAQ&#8221;, &#8220;TOOLS&#8221; e &#8220;SUPPORTO&#8221;.<\/p>\n<p>La registrazione richiede solo un indirizzo e-mail, i dati di accesso ti saranno inviati immediatamente dopo la registrazione sul sito. Non \u00e8 quindi assolutamente necessario dare un&#8217;occhiata alla casella di posta elettronica.<\/p>\n<p>Dopo la registrazione, \u00e8 anche possibile selezionare l&#8217;opzione &#8220;IL MIO PROFILO&#8221;. Qui \u00e8 possibile visualizzare, configurare e diventare attivi come parte del programma partner per ottenere informazioni pi\u00f9 dettagliate e dettagli sul proprio account. Ci sono anche opzioni per il download FTP, il download remoto e la gestione dei download. Potete anche estendere il vostro accesso, acquistare un conto prepagato e gestire i vostri punti. Nella scheda &#8220;Pagamento per la vita&#8221;, \u00e8 possibile ottenere maggiori informazioni sul modello Pay for Life e utilizzare l&#8217;opzione &#8220;Revisione dei pagamenti&#8221; per visualizzare i pagamenti precedenti.<\/p>\n<h2>I vantaggi di un conto Premium con Share-Online<\/h2>\n<p>Con un bonus Share-Online, \u00e8 possibile utilizzare tutte le funzioni senza restrizioni. Questo significa che si ha la massima velocit\u00e0 e che i download possono riprendere dopo una pausa. Non ci sono tempi di attesa, pubblicit\u00e0, pannolini o pop-up. Inoltre, \u00e8 possibile avere pi\u00f9 download attivi contemporaneamente e avere sempre la priorit\u00e0 sugli ospiti o sui collezionisti. La rimozione del limite di tempo e l&#8217;inattivit\u00e0 sono completamente eliminati.<\/p>\n<p><strong><img loading=\"lazy\" class=\"size-full wp-image-1862 aligncenter\" src=\"https:\/\/multihoster.org\/wp-content\/uploads\/2018\/10\/pricing-1.jpg\" alt=\"pricing\" width=\"1031\" height=\"731\" srcset=\"https:\/\/multihoster.org\/wp-content\/uploads\/2018\/10\/pricing-1.jpg 1031w, https:\/\/multihoster.org\/wp-content\/uploads\/2018\/10\/pricing-1-300x213.jpg 300w, https:\/\/multihoster.org\/wp-content\/uploads\/2018\/10\/pricing-1-768x545.jpg 768w, https:\/\/multihoster.org\/wp-content\/uploads\/2018\/10\/pricing-1-1024x726.jpg 1024w\" sizes=\"(max-width: 1031px) 100vw, 1031px\" \/><\/strong><\/p>\n<h2 style=\"margin: 18.0pt 0cm 6.0pt 0cm;\">Il nostro riepilogo del fornitore Share-Online<\/h2>\n<p>In conclusione, possiamo dire che il fornitore Share-Online ha un&#8217;ampia offerta. L&#8217;interfaccia utente \u00e8 facile da usare e di facile comprensione, permettendo sia agli utenti esperti che a quelli meno esperti di utilizzare l&#8217;offerta senza problemi. La registrazione si completa rapidamente e puoi scegliere tra diversi pacchetti e metodi di pagamento per passare a un account Premium.<\/p>\n","protected":false},"excerpt":{"rendered":"<p>Share-Online offre sia una funzione di download che una funzione di download. Nell&#8217;ambito dell&#8217;offerta sono disponibili l&#8217;account di incasso gratuito<\/p>\n","protected":false},"author":2,"featured_media":0,"parent":0,"menu_order":0,"comment_status":"closed","ping_status":"closed","template":"","meta":[],"yoast_head":"<!-- This site is optimized with the Yoast SEO plugin v18.3 - https:\/\/yoast.com\/wordpress\/plugins\/seo\/ -->\n<title>lll\u25b7 Share-Online.biz Premium serio o no? +++ Test su Multihoster.org<\/title>\n<meta name=\"description\" content=\"Il Filehoster Share-Online vi offre un&#039;interessante e ampia offerta per il download e l&#039;upload, che pu\u00f2 essere utilizzata con l&#039;account Premium senza limitazioni.\" \/>\n<meta name=\"robots\" content=\"index, follow, max-snippet:-1, max-image-preview:large, max-video-preview:-1\" \/>\n<link rel=\"canonical\" href=\"https:\/\/multihoster.org\/it\/share-online\/\" \/>\n<meta property=\"og:locale\" content=\"it_IT\" \/>\n<meta property=\"og:type\" content=\"article\" \/>\n<meta property=\"og:title\" content=\"lll\u25b7 Share-Online.biz Premium serio o no? +++ Test su Multihoster.org\" \/>\n<meta property=\"og:description\" content=\"Il Filehoster Share-Online vi offre un&#039;interessante e ampia offerta per il download e l&#039;upload, che pu\u00f2 essere utilizzata con l&#039;account Premium senza limitazioni.\" \/>\n<meta property=\"og:url\" content=\"https:\/\/multihoster.org\/it\/share-online\/\" \/>\n<meta property=\"og:site_name\" content=\"Multihoster.org\" \/>\n<meta property=\"og:image\" content=\"https:\/\/multihoster.org\/wp-content\/uploads\/2018\/10\/logo-4.png\" \/>\n<meta name=\"twitter:card\" content=\"summary\" \/>\n<meta name=\"twitter:label1\" content=\"Tempo di lettura stimato\" \/>\n\t<meta name=\"twitter:data1\" content=\"4 minuti\" \/>\n<script type=\"application\/ld+json\" class=\"yoast-schema-graph\">{\"@context\":\"https:\/\/schema.org\",\"@graph\":[{\"@type\":\"WebSite\",\"@id\":\"https:\/\/multihoster.org\/#website\",\"url\":\"https:\/\/multihoster.org\/\",\"name\":\"Multihoster.org\",\"description\":\"Reviews of the major Filehosting services\",\"potentialAction\":[{\"@type\":\"SearchAction\",\"target\":{\"@type\":\"EntryPoint\",\"urlTemplate\":\"https:\/\/multihoster.org\/?s={search_term_string}\"},\"query-input\":\"required name=search_term_string\"}],\"inLanguage\":\"it-IT\"},{\"@type\":\"ImageObject\",\"@id\":\"https:\/\/multihoster.org\/it\/share-online\/#primaryimage\",\"inLanguage\":\"it-IT\",\"url\":\"https:\/\/multihoster.org\/wp-content\/uploads\/2018\/10\/logo-4.png\",\"contentUrl\":\"https:\/\/multihoster.org\/wp-content\/uploads\/2018\/10\/logo-4.png\",\"width\":290,\"height\":75},{\"@type\":\"WebPage\",\"@id\":\"https:\/\/multihoster.org\/it\/share-online\/#webpage\",\"url\":\"https:\/\/multihoster.org\/it\/share-online\/\",\"name\":\"lll\u25b7 Share-Online.biz Premium serio o no? +++ Test su Multihoster.org\",\"isPartOf\":{\"@id\":\"https:\/\/multihoster.org\/#website\"},\"primaryImageOfPage\":{\"@id\":\"https:\/\/multihoster.org\/it\/share-online\/#primaryimage\"},\"datePublished\":\"2018-10-05T14:57:06+00:00\",\"dateModified\":\"2018-10-05T14:57:06+00:00\",\"description\":\"Il Filehoster Share-Online vi offre un'interessante e ampia offerta per il download e l'upload, che pu\u00f2 essere utilizzata con l'account Premium senza limitazioni.\",\"breadcrumb\":{\"@id\":\"https:\/\/multihoster.org\/it\/share-online\/#breadcrumb\"},\"inLanguage\":\"it-IT\",\"potentialAction\":[{\"@type\":\"ReadAction\",\"target\":[\"https:\/\/multihoster.org\/it\/share-online\/\"]}]},{\"@type\":\"BreadcrumbList\",\"@id\":\"https:\/\/multihoster.org\/it\/share-online\/#breadcrumb\",\"itemListElement\":[{\"@type\":\"ListItem\",\"position\":1,\"name\":\"Startseite\",\"item\":\"https:\/\/multihoster.org\/it\/\"},{\"@type\":\"ListItem\",\"position\":2,\"name\":\"Share-Online Premium &#8211; Il file host in sintesi\"}]}]}<\/script>\n<!-- \/ Yoast SEO plugin. -->","yoast_head_json":{"title":"lll\u25b7 Share-Online.biz Premium serio o no? +++ Test su Multihoster.org","description":"Il Filehoster Share-Online vi offre un'interessante e ampia offerta per il download e l'upload, che pu\u00f2 essere utilizzata con l'account Premium senza limitazioni.","robots":{"index":"index","follow":"follow","max-snippet":"max-snippet:-1","max-image-preview":"max-image-preview:large","max-video-preview":"max-video-preview:-1"},"canonical":"https:\/\/multihoster.org\/it\/share-online\/","og_locale":"it_IT","og_type":"article","og_title":"lll\u25b7 Share-Online.biz Premium serio o no? +++ Test su Multihoster.org","og_description":"Il Filehoster Share-Online vi offre un'interessante e ampia offerta per il download e l'upload, che pu\u00f2 essere utilizzata con l'account Premium senza limitazioni.","og_url":"https:\/\/multihoster.org\/it\/share-online\/","og_site_name":"Multihoster.org","og_image":[{"url":"https:\/\/multihoster.org\/wp-content\/uploads\/2018\/10\/logo-4.png"}],"twitter_card":"summary","twitter_misc":{"Tempo di lettura stimato":"4 minuti"},"schema":{"@context":"https:\/\/schema.org","@graph":[{"@type":"WebSite","@id":"https:\/\/multihoster.org\/#website","url":"https:\/\/multihoster.org\/","name":"Multihoster.org","description":"Reviews of the major Filehosting services","potentialAction":[{"@type":"SearchAction","target":{"@type":"EntryPoint","urlTemplate":"https:\/\/multihoster.org\/?s={search_term_string}"},"query-input":"required name=search_term_string"}],"inLanguage":"it-IT"},{"@type":"ImageObject","@id":"https:\/\/multihoster.org\/it\/share-online\/#primaryimage","inLanguage":"it-IT","url":"https:\/\/multihoster.org\/wp-content\/uploads\/2018\/10\/logo-4.png","contentUrl":"https:\/\/multihoster.org\/wp-content\/uploads\/2018\/10\/logo-4.png","width":290,"height":75},{"@type":"WebPage","@id":"https:\/\/multihoster.org\/it\/share-online\/#webpage","url":"https:\/\/multihoster.org\/it\/share-online\/","name":"lll\u25b7 Share-Online.biz Premium serio o no? +++ Test su Multihoster.org","isPartOf":{"@id":"https:\/\/multihoster.org\/#website"},"primaryImageOfPage":{"@id":"https:\/\/multihoster.org\/it\/share-online\/#primaryimage"},"datePublished":"2018-10-05T14:57:06+00:00","dateModified":"2018-10-05T14:57:06+00:00","description":"Il Filehoster Share-Online vi offre un'interessante e ampia offerta per il download e l'upload, che pu\u00f2 essere utilizzata con l'account Premium senza limitazioni.","breadcrumb":{"@id":"https:\/\/multihoster.org\/it\/share-online\/#breadcrumb"},"inLanguage":"it-IT","potentialAction":[{"@type":"ReadAction","target":["https:\/\/multihoster.org\/it\/share-online\/"]}]},{"@type":"BreadcrumbList","@id":"https:\/\/multihoster.org\/it\/share-online\/#breadcrumb","itemListElement":[{"@type":"ListItem","position":1,"name":"Startseite","item":"https:\/\/multihoster.org\/it\/"},{"@type":"ListItem","position":2,"name":"Share-Online Premium &#8211; Il file host in sintesi"}]}]}},"_links":{"self":[{"href":"https:\/\/multihoster.org\/it\/wp-json\/wp\/v2\/pages\/1893"}],"collection":[{"href":"https:\/\/multihoster.org\/it\/wp-json\/wp\/v2\/pages"}],"about":[{"href":"https:\/\/multihoster.org\/it\/wp-json\/wp\/v2\/types\/page"}],"author":[{"embeddable":true,"href":"https:\/\/multihoster.org\/it\/wp-json\/wp\/v2\/users\/2"}],"replies":[{"embeddable":true,"href":"https:\/\/multihoster.org\/it\/wp-json\/wp\/v2\/comments?post=1893"}],"version-history":[{"count":5,"href":"https:\/\/multihoster.org\/it\/wp-json\/wp\/v2\/pages\/1893\/revisions"}],"predecessor-version":[{"id":1989,"href":"https:\/\/multihoster.org\/it\/wp-json\/wp\/v2\/pages\/1893\/revisions\/1989"}],"wp:attachment":[{"href":"https:\/\/multihoster.org\/it\/wp-json\/wp\/v2\/media?parent=1893"}],"curies":[{"name":"wp","href":"https:\/\/api.w.org\/{rel}","templated":true}]}}