{"id":1944,"date":"2018-10-05T14:49:46","date_gmt":"2018-10-05T14:49:46","guid":{"rendered":"https:\/\/multihoster.org\/?page_id=1944"},"modified":"2019-08-05T14:44:07","modified_gmt":"2019-08-05T14:44:07","slug":"easybytez","status":"publish","type":"page","link":"https:\/\/multihoster.org\/it\/easybytez\/","title":{"rendered":"EasyBytez Premium Account &#8211; Il Multihoster in sintesi"},"content":{"rendered":"<p style=\"margin: 20.15pt 0cm 5.95pt 0cm;\"><span style=\"font-family: 'Arial',sans-serif; color: black;\" data-darkreader-inline-color=\"\"><img loading=\"lazy\" class=\"size-full wp-image-1479 alignleft\" src=\"https:\/\/multihoster.org\/wp-content\/uploads\/2018\/09\/logo-3.png\" alt=\"logo\" width=\"258\" height=\"67\">Con Multihoster EasyBytez \u00e8 possibile scaricare e scaricare diversi file. Il download \u00e8 gi\u00e0 possibile senza creare un account. Puoi registrarti gratuitamente e, se lo desideri, puoi aggiornare il tuo account a EasyBytez Premium. Il fornitore promette un alto livello di protezione e sicurezza, velocit\u00e0 elevate e facilit\u00e0 d&#8217;uso attraente. <\/span><\/p>\n<p><a class=\"fasc-button fasc-size-xlarge fasc-type-glossy fasc-rounded-medium ico-fa fasc-ico-after fa-share\" style=\"background-color: #39697a; color: #fbf7f1; --darkreader-inline-bgcolor: #3f5f69; --darkreader-inline-color: #f7f0e5;\" target=\"_blank\" rel=\"nofollow noopener noreferrer\" data-darkreader-inline-bgcolor=\"\" data-darkreader-inline-color=\"\" href=\"https:\/\/multihoster.org\/file-al\/goto\/\">Vai a Easybytez<\/a><\/p>\n<h2>Una panoramica dell&#8217;intera gamma<\/h2>\n<p style=\"margin: 18.15pt 0cm 5.95pt 0cm;\"><span style=\"font-family: 'Arial',sans-serif; color: black;\" data-darkreader-inline-color=\"\">Da un lato, puoi creare un account gratuito con il quale puoi fare un uso limitato del servizio EasyBytez. Inoltre, sei anche libero di utilizzare le funzioni di EasyBytez Premium. L&#8217;EasyBytez Premium Account ti offre l&#8217;intera gamma di funzioni, compresa la massima velocit\u00e0 e l&#8217;uso gratuito di EasyBytez.<\/span><\/p>\n<h2>Caratteristiche positive del fornitore<\/h2>\n<ul>\n<li>Gratuito e a pagamento<\/li>\n<li>Servizio Premium esteso<\/li>\n<li>Metodi di pagamento anonimi disponibili<\/li>\n<li>Semplice e facile da usare<\/li>\n<\/ul>\n<h2>Offerte bonus<\/h2>\n<p style=\"margin: 18.15pt 0cm 5.95pt 0cm;\"><span style=\"font-family: 'Arial',sans-serif; color: black;\" data-darkreader-inline-color=\"\">Con un account EasyBytez Premium, non solo hai la possibilit\u00e0 di scaricare e scaricare file, ma puoi anche ricevere una commissione interessante annunciando l&#8217;account EasyBytez Premium con il link di riferimento designato.<\/span><\/p>\n<h2>Costi e modalit\u00e0 di pagamento<\/h2>\n<p style=\"margin: 0cm; margin-bottom: .0001pt;\"><span style=\"font-family: 'Arial',sans-serif; color: black;\" data-darkreader-inline-color=\"\">Per il pagamento dell&#8217;EasyBytez Premium Account, avete la scelta tra diversi metodi di pagamento. Oltre al popolare fornitore di servizi di pagamento Paypal, questi includono i metodi di pagamento VISA e Mastercard. C&#8217;\u00e8 anche la possibilit\u00e0 di pagare tramite Vivapayments.com. Se desiderate pagare in forma anonima per il vostro conto, potete scegliere il metodo Paysafecard o Bitcoin. E&#8217; anche possibile acquistare l&#8217;account EasyBytez Premium da uno dei tanti rivenditori. <\/span><\/p>\n<p><strong>\n<table id=\"tablepress-163\" class=\"tablepress tablepress-id-163\">\n<tbody class=\"row-hover\">\n<tr class=\"row-1 odd\">\n\t<td class=\"column-1\">30 giorni<\/td><td class=\"column-2\">90 giorni<\/td><td class=\"column-3\">180 giorni<\/td><td class=\"column-4\">365 giorni<\/td><td class=\"column-5\">730 giorni<\/td>\n<\/tr>\n<tr class=\"row-2 even\">\n\t<td class=\"column-1\">$ 9,99<\/td><td class=\"column-2\">$ 23,99<\/td><td class=\"column-3\">$ 38,99<\/td><td class=\"column-4\">$ 65,99<\/td><td class=\"column-5\">$ 99,99<\/td>\n<\/tr>\n<\/tbody>\n<\/table>\n<!-- #tablepress-163 from cache --><\/strong><\/p>\n<p><a class=\"fasc-button fasc-size-xlarge fasc-type-glossy fasc-rounded-medium ico-fa fasc-ico-after fa-share\" style=\"background-color: #39697a; color: #fbf7f1; --darkreader-inline-bgcolor: #3f5f69; --darkreader-inline-color: #f7f0e5;\" target=\"_blank\" rel=\"nofollow noopener noreferrer\" data-darkreader-inline-bgcolor=\"\" data-darkreader-inline-color=\"\" href=\"https:\/\/multihoster.org\/file-al\/goto\/\">Vai a Easybytez<\/a><\/p>\n<p><img loading=\"lazy\" class=\"alignnone size-full wp-image-1478\" src=\"https:\/\/multihoster.org\/wp-content\/uploads\/2018\/09\/prices-3.png\" alt=\"prices\" width=\"1116\" height=\"200\" srcset=\"https:\/\/multihoster.org\/wp-content\/uploads\/2018\/09\/prices-3.png 1116w, https:\/\/multihoster.org\/wp-content\/uploads\/2018\/09\/prices-3-300x54.png 300w, https:\/\/multihoster.org\/wp-content\/uploads\/2018\/09\/prices-3-768x138.png 768w, https:\/\/multihoster.org\/wp-content\/uploads\/2018\/09\/prices-3-1024x184.png 1024w\" sizes=\"(max-width: 1116px) 100vw, 1116px\" \/><\/p>\n<h2>Informativa sulla privacy<\/h2>\n<p style=\"margin: 18.15pt 0cm 5.95pt 0cm;\"><span style=\"font-family: 'Arial',sans-serif; color: black;\" data-darkreader-inline-color=\"\">Registrandosi a EasyBytez, l&#8217;utente accetta la memorizzazione dei propri dati personali nella banca dati EasyBytez e il trasferimento a terzi per scopi di marketing. I dati personali registrati possono essere trasmessi a terzi che rispettano le norme sulla protezione dei dati personali. Come qualsiasi altro file host, EasyBytez deve naturalmente rispettare i requisiti legali in materia di protezione dei dati e riservatezza nell&#8217;utilizzo dei vostri dati. Per quanto riguarda il pagamento, il fornitore garantisce una sicurezza del 100%.<\/span><\/p>\n<h2>Servizio post-vendita<\/h2>\n<p style=\"margin: 18.15pt 0cm 5.95pt 0cm;\"><span style=\"font-family: 'Arial',sans-serif; color: black;\" data-darkreader-inline-color=\"\">Puoi raggiungere il servizio clienti cliccando sulla voce di menu &#8220;Contatto&#8221; in alto a destra della home page. All&#8217;arrivo nell&#8217;area clienti, \u00e8 possibile aprire un nuovo biglietto o controllare lo stato di un biglietto attuale. Oltre alla voce di menu &#8220;Contatto&#8221;, troverete anche le FAQ, dove si pu\u00f2 gi\u00e0 rispondere a molte domande.<\/span><\/p>\n<h2>Facilit\u00e0 d&#8217;uso<\/h2>\n<p>Il sito EasyBytez.com \u00e8 ben strutturato, nella home page il visitatore pu\u00f2 trovare facilmente la sua strada e scaricare i file desiderati fino ad una dimensione di 100 MB senza registrarsi. Nella parte superiore della pagina, troverete ulteriori voci di menu per ottenere informazioni pi\u00f9 dettagliate sull&#8217;account Premium, per contattare il team di EasyBytez o per cercare nelle FAQ le risposte appropriate alla vostra domanda. C&#8217;\u00c3\u00a8 anche una sezione news, cos\u00c3\u00ac come le schede &#8220;Carica file&#8221; e &#8220;Iscriviti&#8221;.<\/p>\n<p>Cliccando su &#8220;Registrati&#8221;, puoi creare il tuo account EasyBytez gratuito. Per fare questo, hai bisogno di un nome utente e un indirizzo email, puoi impostare la password e creare l&#8217;account dopo la risposta captcha.<\/p>\n<p>Dopo aver effettuato il login, puoi scegliere tra &#8220;File Upload&#8221;, &#8220;Flash Upload&#8221;, &#8220;Remote Upload&#8221;, &#8220;Free URL leech&#8221; e &#8220;FTP Upload&#8221; sulla home page. La dimensione massima del file da scaricare dopo la registrazione per l&#8217;account gratuito \u00e8 di 512 MB.<\/p>\n<p>Nella parte superiore della pagina, puoi gestire i tuoi file nel menu &#8220;I miei file&#8221; e visualizzare informazioni pi\u00f9 dettagliate sul tuo conto nella scheda &#8220;Il mio conto&#8221;. Le opzioni &#8220;Dashboard&#8221; sono disponibili anche per un&#8217;anteprima dei report e &#8220;Get Premium&#8221; e &#8220;Support&#8221;. Alla voce di menu &#8220;Ottieni Premium&#8221;, troverai i pacchetti per il servizio Premium, le funzioni EasyBytez Premium e le opzioni di pagamento. \u00c8 possibile contattare il servizio clienti tramite la scheda Supporto.<\/p>\n<h2>I vantaggi di un account Premium con EasyBytez<\/h2>\n<p style=\"margin: 18.15pt 0cm 5.95pt 0cm;\"><span style=\"font-family: 'Arial',sans-serif; color: black;\" data-darkreader-inline-color=\"\">Con un account EasyBytez Premium hai la massima velocit\u00e0 e un volume di dati giornaliero illimitato. Anche la capacit\u00e0 di download orario \u00e8 illimitata con EasyBytez Premium. Inoltre, grazie a Instant Start non ci sono pi\u00f9 tempi di attesa per il download. Anche la limitazione della dimensione del file \u00e8 completamente omessa dai download. \u00c8 possibile scaricare file fino a 5 GB. \u00c8 inoltre possibile avere pi\u00f9 download attivi contemporaneamente, fermarsi e riprenderli. I file inattivi vengono memorizzati nell&#8217;account EasyBytez Premium per un massimo di 250 giorni. La capacit\u00e0 di stoccaggio \u00e8 di 5 TB, che pu\u00f2 essere aumentata su richiesta e a pagamento. Infine, il download FTP \u00e8 stato aggiunto come funzione, che \u00e8 possibile solo con EasyBytez Premium.<\/span><\/p>\n<h2>Le nostre conclusioni sul fornitore EasyBytez<\/h2>\n<p style=\"margin: 18.15pt 0cm 5.95pt 0cm;\"><span style=\"font-family: 'Arial',sans-serif; color: black;\" data-darkreader-inline-color=\"\">In conclusione, il provider EasyBytez \u00e8 una piattaforma di facile utilizzo per scaricare e memorizzare dati e scaricare file. Per quanto riguarda la privacy e la protezione dei dati, l&#8217;host promette un elevato livello di sicurezza. Se sei interessato all&#8217;offerta EasyBytez, puoi prima creare, testare e, se lo desideri, passare a EasyBytez Premium per utilizzare tutte le funzioni. \u00c8 possibile scegliere tra diversi metodi di pagamento.<\/span><\/p>\n<p><a class=\"fasc-button fasc-size-xlarge fasc-type-glossy fasc-rounded-medium ico-fa fasc-ico-after fa-share\" style=\"background-color: #39697a; color: #fbf7f1; --darkreader-inline-bgcolor: #3f5f69; --darkreader-inline-color: #f7f0e5;\" target=\"_blank\" rel=\"nofollow noopener noreferrer\" data-darkreader-inline-bgcolor=\"\" data-darkreader-inline-color=\"\" href=\"https:\/\/multihoster.org\/file-al\/goto\/\">Vai a Easybytez<\/a><\/p>\n","protected":false},"excerpt":{"rendered":"<p>Con Multihoster EasyBytez \u00e8 possibile scaricare e scaricare diversi file. Il download \u00e8 gi\u00e0 possibile senza creare un account. Puoi<\/p>\n","protected":false},"author":2,"featured_media":0,"parent":0,"menu_order":0,"comment_status":"closed","ping_status":"closed","template":"","meta":[],"yoast_head":"<!-- This site is optimized with the Yoast SEO plugin v18.3 - https:\/\/yoast.com\/wordpress\/plugins\/seo\/ -->\n<title>llll\u25b7 EasyBytez Premium Account serio o no? +++ Test su Multihoster.org<\/title>\n<meta name=\"description\" content=\"Sei interessato all&#039;offerta di EasyBytez? Vorremmo presentarvi in dettaglio il provider e l&#039;account Premium di EasyBytez.\" \/>\n<meta name=\"robots\" content=\"index, follow, max-snippet:-1, max-image-preview:large, max-video-preview:-1\" \/>\n<link rel=\"canonical\" href=\"https:\/\/multihoster.org\/it\/easybytez\/\" \/>\n<meta property=\"og:locale\" content=\"it_IT\" \/>\n<meta property=\"og:type\" content=\"article\" \/>\n<meta property=\"og:title\" content=\"llll\u25b7 EasyBytez Premium Account serio o no? +++ Test su Multihoster.org\" \/>\n<meta property=\"og:description\" content=\"Sei interessato all&#039;offerta di EasyBytez? Vorremmo presentarvi in dettaglio il provider e l&#039;account Premium di EasyBytez.\" \/>\n<meta property=\"og:url\" content=\"https:\/\/multihoster.org\/it\/easybytez\/\" \/>\n<meta property=\"og:site_name\" content=\"Multihoster.org\" \/>\n<meta property=\"article:modified_time\" content=\"2019-08-05T14:44:07+00:00\" \/>\n<meta property=\"og:image\" content=\"https:\/\/multihoster.org\/wp-content\/uploads\/2018\/09\/logo-3.png\" \/>\n<meta name=\"twitter:card\" content=\"summary\" \/>\n<meta name=\"twitter:label1\" content=\"Tempo di lettura stimato\" \/>\n\t<meta name=\"twitter:data1\" content=\"4 minuti\" \/>\n<script type=\"application\/ld+json\" class=\"yoast-schema-graph\">{\"@context\":\"https:\/\/schema.org\",\"@graph\":[{\"@type\":\"WebSite\",\"@id\":\"https:\/\/multihoster.org\/#website\",\"url\":\"https:\/\/multihoster.org\/\",\"name\":\"Multihoster.org\",\"description\":\"Reviews of the major Filehosting services\",\"potentialAction\":[{\"@type\":\"SearchAction\",\"target\":{\"@type\":\"EntryPoint\",\"urlTemplate\":\"https:\/\/multihoster.org\/?s={search_term_string}\"},\"query-input\":\"required name=search_term_string\"}],\"inLanguage\":\"it-IT\"},{\"@type\":\"ImageObject\",\"@id\":\"https:\/\/multihoster.org\/it\/easybytez\/#primaryimage\",\"inLanguage\":\"it-IT\",\"url\":\"https:\/\/multihoster.org\/wp-content\/uploads\/2018\/09\/logo-3.png\",\"contentUrl\":\"https:\/\/multihoster.org\/wp-content\/uploads\/2018\/09\/logo-3.png\",\"width\":258,\"height\":67,\"caption\":\"logo\"},{\"@type\":\"WebPage\",\"@id\":\"https:\/\/multihoster.org\/it\/easybytez\/#webpage\",\"url\":\"https:\/\/multihoster.org\/it\/easybytez\/\",\"name\":\"llll\u25b7 EasyBytez Premium Account serio o no? +++ Test su Multihoster.org\",\"isPartOf\":{\"@id\":\"https:\/\/multihoster.org\/#website\"},\"primaryImageOfPage\":{\"@id\":\"https:\/\/multihoster.org\/it\/easybytez\/#primaryimage\"},\"datePublished\":\"2018-10-05T14:49:46+00:00\",\"dateModified\":\"2019-08-05T14:44:07+00:00\",\"description\":\"Sei interessato all'offerta di EasyBytez? Vorremmo presentarvi in dettaglio il provider e l'account Premium di EasyBytez.\",\"breadcrumb\":{\"@id\":\"https:\/\/multihoster.org\/it\/easybytez\/#breadcrumb\"},\"inLanguage\":\"it-IT\",\"potentialAction\":[{\"@type\":\"ReadAction\",\"target\":[\"https:\/\/multihoster.org\/it\/easybytez\/\"]}]},{\"@type\":\"BreadcrumbList\",\"@id\":\"https:\/\/multihoster.org\/it\/easybytez\/#breadcrumb\",\"itemListElement\":[{\"@type\":\"ListItem\",\"position\":1,\"name\":\"Startseite\",\"item\":\"https:\/\/multihoster.org\/it\/\"},{\"@type\":\"ListItem\",\"position\":2,\"name\":\"EasyBytez Premium Account &#8211; Il Multihoster in sintesi\"}]}]}<\/script>\n<!-- \/ Yoast SEO plugin. -->","yoast_head_json":{"title":"llll\u25b7 EasyBytez Premium Account serio o no? +++ Test su Multihoster.org","description":"Sei interessato all'offerta di EasyBytez? Vorremmo presentarvi in dettaglio il provider e l'account Premium di EasyBytez.","robots":{"index":"index","follow":"follow","max-snippet":"max-snippet:-1","max-image-preview":"max-image-preview:large","max-video-preview":"max-video-preview:-1"},"canonical":"https:\/\/multihoster.org\/it\/easybytez\/","og_locale":"it_IT","og_type":"article","og_title":"llll\u25b7 EasyBytez Premium Account serio o no? +++ Test su Multihoster.org","og_description":"Sei interessato all'offerta di EasyBytez? Vorremmo presentarvi in dettaglio il provider e l'account Premium di EasyBytez.","og_url":"https:\/\/multihoster.org\/it\/easybytez\/","og_site_name":"Multihoster.org","article_modified_time":"2019-08-05T14:44:07+00:00","og_image":[{"url":"https:\/\/multihoster.org\/wp-content\/uploads\/2018\/09\/logo-3.png"}],"twitter_card":"summary","twitter_misc":{"Tempo di lettura stimato":"4 minuti"},"schema":{"@context":"https:\/\/schema.org","@graph":[{"@type":"WebSite","@id":"https:\/\/multihoster.org\/#website","url":"https:\/\/multihoster.org\/","name":"Multihoster.org","description":"Reviews of the major Filehosting services","potentialAction":[{"@type":"SearchAction","target":{"@type":"EntryPoint","urlTemplate":"https:\/\/multihoster.org\/?s={search_term_string}"},"query-input":"required name=search_term_string"}],"inLanguage":"it-IT"},{"@type":"ImageObject","@id":"https:\/\/multihoster.org\/it\/easybytez\/#primaryimage","inLanguage":"it-IT","url":"https:\/\/multihoster.org\/wp-content\/uploads\/2018\/09\/logo-3.png","contentUrl":"https:\/\/multihoster.org\/wp-content\/uploads\/2018\/09\/logo-3.png","width":258,"height":67,"caption":"logo"},{"@type":"WebPage","@id":"https:\/\/multihoster.org\/it\/easybytez\/#webpage","url":"https:\/\/multihoster.org\/it\/easybytez\/","name":"llll\u25b7 EasyBytez Premium Account serio o no? +++ Test su Multihoster.org","isPartOf":{"@id":"https:\/\/multihoster.org\/#website"},"primaryImageOfPage":{"@id":"https:\/\/multihoster.org\/it\/easybytez\/#primaryimage"},"datePublished":"2018-10-05T14:49:46+00:00","dateModified":"2019-08-05T14:44:07+00:00","description":"Sei interessato all'offerta di EasyBytez? Vorremmo presentarvi in dettaglio il provider e l'account Premium di EasyBytez.","breadcrumb":{"@id":"https:\/\/multihoster.org\/it\/easybytez\/#breadcrumb"},"inLanguage":"it-IT","potentialAction":[{"@type":"ReadAction","target":["https:\/\/multihoster.org\/it\/easybytez\/"]}]},{"@type":"BreadcrumbList","@id":"https:\/\/multihoster.org\/it\/easybytez\/#breadcrumb","itemListElement":[{"@type":"ListItem","position":1,"name":"Startseite","item":"https:\/\/multihoster.org\/it\/"},{"@type":"ListItem","position":2,"name":"EasyBytez Premium Account &#8211; Il Multihoster in sintesi"}]}]}},"_links":{"self":[{"href":"https:\/\/multihoster.org\/it\/wp-json\/wp\/v2\/pages\/1944"}],"collection":[{"href":"https:\/\/multihoster.org\/it\/wp-json\/wp\/v2\/pages"}],"about":[{"href":"https:\/\/multihoster.org\/it\/wp-json\/wp\/v2\/types\/page"}],"author":[{"embeddable":true,"href":"https:\/\/multihoster.org\/it\/wp-json\/wp\/v2\/users\/2"}],"replies":[{"embeddable":true,"href":"https:\/\/multihoster.org\/it\/wp-json\/wp\/v2\/comments?post=1944"}],"version-history":[{"count":4,"href":"https:\/\/multihoster.org\/it\/wp-json\/wp\/v2\/pages\/1944\/revisions"}],"predecessor-version":[{"id":2212,"href":"https:\/\/multihoster.org\/it\/wp-json\/wp\/v2\/pages\/1944\/revisions\/2212"}],"wp:attachment":[{"href":"https:\/\/multihoster.org\/it\/wp-json\/wp\/v2\/media?parent=1944"}],"curies":[{"name":"wp","href":"https:\/\/api.w.org\/{rel}","templated":true}]}}