{"id":2396,"date":"2020-03-20T11:48:51","date_gmt":"2020-03-20T11:48:51","guid":{"rendered":"https:\/\/multihoster.org\/?page_id=2396"},"modified":"2020-05-29T10:33:09","modified_gmt":"2020-05-29T10:33:09","slug":"mega","status":"publish","type":"page","link":"https:\/\/multihoster.org\/it\/mega\/","title":{"rendered":"Mega Conto Premium: Il Filehoster in sintesi"},"content":{"rendered":"\n<p>Mega \u00e8 il vostro sicuro, sicuro e conveniente <a rel=\"noreferrer noopener\" aria-label=\"archiviazione cloud (\u00f6ffnet in neuem Tab)\" href=\"https:\/\/cloud.google.com\/storage\" target=\"_blank\">archiviazione cloud<\/a> gratis. Questo cloud storage si aggiorna e si rimodella continuamente per essere alla pari e con gli standard internazionali dell&#8217;online web storage. Per saperne di pi\u00f9 e godere delle sue caratteristiche e della sua corrispondente sicurezza per le vostre foto importanti, video e altri file.<\/p>\n\n\n<a class=\"maxbutton-2 maxbutton maxbutton-cta\" target=\"_blank\" rel=\"nofollow noopener\" href=\"\/go\/\"><span class='mb-text'>&gt;&gt; Vai al sito web originale di Linkifier<\/span><\/a>\n\n\n<p><\/p>\n\n\n\n<h2>Le umili origini del &#8220;Mega&#8221; Humble<\/h2>\n\n\n\n<p>Mega \u00e8 stato finalizzato e messo online il 19 gennaio 2013 dopo una serie di test continui da parte di Kim Dotcom, cittadino neozelandese.<\/p>\n\n\n\n<p>Alla prima ora della sua diffusione, Centomila utenti (100.000,00) si sono immediatamente registrati al sito web in previsione delle sue caratteristiche e dei suoi servizi. La registrazione \u00e8 cresciuta in modo esponenziale, con l&#8217;aumento degli utenti che hanno raggiunto il milione (1.000.000,00) che carica una media di sessanta (60) diversi tipi di file al minuto. Questi aumenti sono continuati e in tre (3) giorni, i file caricati hanno raggiunto i cinquecento (500) in un secondo.<\/p>\n\n\n\n<figure class=\"wp-block-image\"><img src=\"https:\/\/lh5.googleusercontent.com\/ziFsG1DkHhIGJyIU2hWhpt6qMoGKojcN-gTFptnOvGyD6gg2nqjB2Pv2xjpsSN9Wd_8XNgyv8zEvv_3om4-z7X1l5bYHfG9DBymKYAxnVaU5JQWfhQozCW24eOoS1CLrvNHJ3UU\" alt=\"Monitor, tablet and mobile phone.\"\/><\/figure>\n\n\n\n<p>La piattaforma Mega file hosting service (FHS) \u00e8 stata ampiamente accettata in quanto gli utenti di tutto il mondo si sono registrati con diversi dispositivi al momento del suo rilascio<\/p>\n\n\n\n<p>La gestione del servizio di file hosting Mega (FHS) ha visto la necessit\u00e0 di sviluppare un&#8217;applicazione per cellulari e il 4 luglio 2013 \u00e8 stata rilasciata l&#8217;applicazione Mega Android su Google Playstore.  C&#8217;\u00e8 stata anche una crescente necessit\u00e0 per gli utenti di iPhone, in quanto il 26 novembre 2013 \u00e8 stata rilasciata un&#8217;applicazione Mega iOS sull&#8217;App Store di Apple. Il 20 gennaio 2014 il management \u00e8 stato in grado di rilasciare anche l&#8217;applicazione MEGAsync per windows, che ha dato maggiore comodit\u00e0 nell&#8217;utilizzo dei servizi di file hosting (FHS) su PC Windows. Un&#8217;applicazione MEGAsync basata su Linux \u00e8 stata rilasciata anche per Linux il 6 settembre 2014.<\/p>\n\n\n\n<p>Tra la fine del 2013 e l&#8217;inizio del 2014, Mega ha dovuto affrontare numerosi problemi e controversie, tra cui un centinaio (100) <a rel=\"noreferrer noopener\" aria-label=\"Ritiri DMCA (\u00f6ffnet in neuem Tab)\" href=\"https:\/\/www.dmca.com\/faq\/What-is-a-DMCA-Takedown\" target=\"_blank\">Ritiri DMCA<\/a> in un giorno e storie di cospirazione sulle intercettazioni telefoniche del governo che sono state entrambe negate dalla direzione di Mega e dal governo neozelandese. Nonostante queste difficolt\u00e0, Kim Dotcom e gli altri suoi colleghi sono riusciti a preparare l&#8217;arruolamento di Mega nella Borsa della Nuova Zelanda.<\/p>\n\n\n\n<p>Nell&#8217;anno 2016, Mega continua a prosperare, con trentacinque milioni di dollari (35.000.000,00 dollari) di utenti in tutto il mondo e carica fino a dodici miliardi (12.000.000.000,00) di file diversi il servizio di hosting di file Mega (FHS) continua a servire come uno dei migliori, se non il migliore storage online \/ cloud storage nel mondo.<\/p>\n\n\n\n<h2>Mega Sicurezza<\/h2>\n\n\n\n<p>Anche prima della sua nascita, gli sviluppatori e la gestione di Mega si sono concentrati a fornire la massima privacy dei dati per i suoi utenti e a rispettare le leggi locali e internazionali esistenti il motivo per cui Mega \u00e8 stato progettato con <a rel=\"noreferrer noopener\" aria-label=\"scripting lato cliente (\u00f6ffnet in neuem Tab)\" href=\"https:\/\/computersciencewiki.org\/index.php\/Client-side_scripting_and_server-side_scripting\" target=\"_blank\">scripting lato cliente<\/a>. Con lo scripting lato client, tutte le informazioni di ogni utente vengono criptate prima che entri nel server con l&#8217;algoritmo AES. Ogni informazione criptata \u00e8 memorizzata in due (2) server situati in due (2) posizioni separate che garantiscono la sicurezza e l&#8217;incolumit\u00e0 di tutti i suoi utenti contro il phishing e il furto di dati.<\/p>\n\n\n\n<figure class=\"wp-block-image\"><img src=\"https:\/\/lh6.googleusercontent.com\/Kam2Hbb_7G5v_03-2uEFBW1Nli8ElLUeGiVkcZ7lCEoIOtq0KnRlA0s5CNLyCIB0xkXwkgYtvmGA1NTNx-y810NH7p7IgN_Jw7OjBs-ACucc6tXxhlTfZJsOO5ey5BDiXXJebJs\" alt=\"Data storage\"\/><\/figure>\n\n\n\n<p>I dati e le informazioni criptate degli utenti sono conservati al sicuro in due (2) server all&#8217;avanguardia situati in luoghi separati<\/p>\n\n\n\n<h2>Mega Allocazioni di dati<\/h2>\n\n\n\n<p>Per garantire l&#8217;accessibilit\u00e0 e la convenienza per i suoi utenti Mega offre un servizio di file hosting accessibile ed equo (FHS) in modalit\u00e0 Mega free account e Mega Premium account come di seguito:<\/p>\n\n\n\n<p>&nbsp;1. Mega Gratuito &#8211; Un account gratuito ha un&#8217;allocazione di quindici (15) GB di cloud storage disponibile; trentacinque (35) GB di cloud storage di prova per un (1) mese; e un&#8217;allocazione aggiuntiva basata su realizzazioni di un massimo di trentacinque (35) GB.<\/p>\n\n\n\n<p>2.&nbsp; Mega Premium Account Pro Lite &#8211; Un conto premium che richiede un pagamento mensile pari a undici punti trentotto dollari ($ 11,38) con quattrocento (400) GB di memoria che pu\u00f2 avere un&#8217;allocazione caricata e scaricata fino a un (1) TB al mese.<\/p>\n\n\n\n<p>3. Mega Premium Account Pro II &#8211; Un conto premium che richiede un pagamento mensile pari a ventidue virgola settantotto dollari ($ 22,78) con duemila (2000) GB di memoria che pu\u00f2 avere velocit\u00e0 di upload o download fino a due (2) TB al mese.<\/p>\n\n\n\n<p>4. Mega Premium Account Pro III &#8211; Un conto premium che richiede un pagamento mensile pari a ventidue punti ventinove virgola settantotto dollari ($ 29,78) con ottomila (8000) GB di memoria che possono avere velocit\u00e0 di upload o download fino a otto (8) TB al mese.<\/p>\n\n\n<a class=\"maxbutton-2 maxbutton maxbutton-cta\" target=\"_blank\" rel=\"nofollow noopener\" href=\"\/go\/\"><span class='mb-text'>&gt;&gt; Vai al sito web originale di Linkifier<\/span><\/a>\n\n\n<p><\/p>\n\n\n\n<p>5. Mega Premium Account Pro IV &#8211; Un conto premium che richiede un pagamento mensile pari a cinquantadue virgola settantotto dollari ($ 52,78) con sedicimila (16000) GB di memoria che pu\u00f2 avere velocit\u00e0 di upload o download fino a sedici (16) TB al mese.<\/p>\n\n\n\n<figure class=\"wp-block-image\"><img src=\"https:\/\/lh5.googleusercontent.com\/u3_8o-SUQK7WVh-qzE8SfPyslU1u7vYvnwoS4qZECM7b9bCFWlgXIi9MorBY1jiojon-tNXUw5llENtpBrZV1FdrMvKQed4ZVLq7kPVyPDYAaREb6DT0IADZVDjN_hwQaPepxOI\" alt=\"Hand holding a medal\"\/><\/figure>\n\n\n\n<p>Si noti che tutti i piani Mega Premium Account Pro (Lite, II, III e IV) verranno forniti con un abbonamento gratuito di due (2) mesi al momento della sottoscrizione di un piano Mega Premium Account Pro di un (1) anno. Avrete sentito che inizialmente, Mega fornisce cinquanta (50) GB di spazio web gratuito online. Nel 2017, la direzione ha deciso di limitare il freebie a trenta (35) GB per un mese a causa dei crescenti costi di manutenzione dei suoi server. Ciononostante, la direzione di Mega cerca di compensare questi costi incorporando un sistema di ricompensa nella piattaforma.<\/p>\n\n\n\n<p>I premi possono essere ottenuti installando il programma Mega per Windows e le applicazioni Mega per Android e iOS. Invitando amici e molti altri compiti si pu\u00f2 anche fornire a ciascun utente una capacit\u00e0 di cloud storage aggiuntiva come ricompensa per questi risultati.<\/p>\n\n\n\n<h2>Mega Accessibility<\/h2>\n\n\n\n<p>Lo sviluppo della piattaforma Mega file hosting service (FHS) o cloud storage \u00e8 stato attentamente studiato e progettato per fornire un&#8217;esperienza ergonomica e senza soluzione di continuit\u00e0 ai suoi utenti attraverso le sue interfacce user-friendly Mega programma per Windows e Mega applicazione per Android e iOS. Anche il sito web Mega stesso \u00e8 stato progettato considerando la diversit\u00e0 e le risorse dei suoi utenti di tutto il mondo. Il sito web Mega \u00e8 facilmente accessibile utilizzando i principali browser mainstream di Internet, tra cui Google Chrome, Mozilla Firefox, Internet Explorer, Safari e Opera per diversi sistemi operativi tra cui Windows, iOS, Linux, Ubuntu e Android per dispositivi mobili.<\/p>\n\n\n\n<p>Mega fornisce uno stoccaggio incentivante per l&#8217;esecuzione di compiti e per determinati risultati<\/p>\n\n\n\n<h2>Mega Innovazione<\/h2>\n\n\n\n<p>Per soddisfare ulteriormente ogni suo cliente e cliente, Mega sviluppa continuamente il proprio software, sviluppando e fornendo funzionalit\u00e0 aggiuntive per i propri prodotti, come ad esempio le seguenti:<\/p>\n\n\n\n<p>1. MEGAchat \u2013 Come i vostri consueti servizi di messaggistica web, MEGAchat \u00e8 una piattaforma di comunicazione basata su browser. MEGAchat fornisce servizi di chat, videochiamate e videoconferenze con funzionalit\u00e0 aggiuntive. Non come il vostro abituale web messenger, MEGAchat \u00e8 incorporato con la pi\u00f9 alta crittografia dei dati come sua controparte di cloud storage per proteggere i suoi utenti da hacker di comunicazione e intercettazioni telefoniche.<\/p>\n\n\n\n<p>2. MEGA <a rel=\"noreferrer noopener\" aria-label=\"Estensioni  (\u00f6ffnet in neuem Tab)\" href=\"https:\/\/www.forbes.com\/sites\/adrianbridgwater\/2019\/04\/16\/how-browser-extensions-work\/\" target=\"_blank\">Estensioni <\/a>\u2013 Mega \u00e8 stato in grado di sviluppare estensioni per i vostri principali browser internet mainstream, tra cui Google Chrome, Mozilla Firefox, Internet Explorer, Safari e Opera per diversi sistemi operativi tra cui Windows, iOS, <a href=\"https:\/\/opensource.com\/resources\/linux\">Linux<\/a>, <a href=\"https:\/\/ubuntu.com\/\">Ubuntu<\/a>. Queste estensioni, come riportato, hanno fornito una maggiore comodit\u00e0 in quanto l&#8217;installazione delle estensioni del browser ha reso pi\u00f9 veloce l&#8217;upload e il download, oltre a fornire una protezione sul lato client.<\/p>\n\n\n\n<h2>Mega Conclusione<\/h2>\n\n\n\n<p>Allora, siete pronti a portare l&#8217;accessibilit\u00e0 e la sicurezza dei vostri dati e delle vostre informazioni al livello successivo? Iscrivetevi gratuitamente e sperimentate i vantaggi Mega dell&#8217;utilizzo della piattaforma Mega file hosting service (FHS). Questo \u00e8 il cloud storage a cui si pu\u00f2 accedere dalle basi ma che fornisce un Mega cloud storage.<\/p>\n\n\n\n<h2>Frequently Asked Questions (FAQ)<\/h2>\n\n\n\n<h3><strong>1. Posso comunicare con Mega in caso di problemi e difficolt\u00e0 nell&#8217;utilizzo del servizio di file hosting Mega (FHS)?<\/strong><\/h3>\n\n\n\n<p>S\u00ec, Mega ha un team di assistenza clienti Mega che ascolter\u00e0 e affronter\u00e0 i vostri problemi e le vostre difficolt\u00e0 nell&#8217;utilizzo del servizio di file hosting Mega (FHS). Il team di assistenza clienti \u00e8 disponibile online in qualsiasi momento di qualsiasi giorno, ventiquattro-sette (24\/7) o sette (7) giorni alla settimana in tutte le nazioni del mondo. Perch\u00e9 Mega fornisce la massima cura e supporto per i suoi utenti e clienti. Inoltre, gli utenti di Mega Premium Account Pro (Lite, II, III e IV) sono la priorit\u00e0 per i servizi di assistenza clienti, tuttavia la direzione di Mega si occupa di tutte le preoccupazioni nel pi\u00f9 breve tempo possibile.<\/p>\n\n\n\n<h3><strong>&nbsp;2. I miei file sono al sicuro nello storage Mega Cloud?<\/strong><\/h3>\n\n\n\n<p>I mega sviluppatori si sono concentrati sul garantire la massima riservatezza dei dati per i propri utenti. La piattaforma \u00e8 stata attentamente progettata per rispettare le leggi locali e internazionali esistenti attraverso il suo scripting lato client. Con lo scripting lato client, tutte le informazioni di ogni utente vengono criptate prima che entri nel server con l&#8217;algoritmo AES. Ogni informazione criptata \u00e8 memorizzata in due (2) server situati in due (2) posizioni separate che garantiscono la sicurezza e l&#8217;incolumit\u00e0 di tutti i suoi utenti contro il phishing e il furto di dati.<\/p>\n\n\n\n<h3><strong>&nbsp;3. Posso utilizzare il servizio di hosting di file Mega (FHS) senza pagare?<\/strong><\/h3>\n\n\n\n<p>Il Mega ha uno schema di account gratuito che prevede un&#8217;allocazione di quindici (15) GB di cloud storage disponibile; trentacinque (35) GB di cloud storage di prova per un (1) mese; e un&#8217;allocazione aggiuntiva basata sui risultati ottenuti per un massimo di trentacinque (35) GB. In caso contrario, gli utenti possono scegliere di passare a un Mega Premium Account Pro (Lite, I, II, III, IV) per accedere a un numero maggiore di cloud storage.<\/p>\n\n\n\n<h3><strong>&nbsp;4. Posso accedere al servizio di hosting di file Mega (FHS) utilizzando il mio browser web integrato?<\/strong><\/h3>\n\n\n\n<p>S\u00ec, il sito web Mega \u00e8 facilmente accessibile utilizzando i principali browser Internet mainstream e integrati, tra cui Google Chrome, Mozilla Firefox, Internet Explorer, Safari e Opera per diversi sistemi operativi tra cui Windows, iOS, Linux, Ubuntu e Android per cellulari. Inoltre, Mega dispone di un&#8217;estensione per tutti i browser sopra elencati che offre comfort e convenienza ai suoi utenti, rendendo pi\u00f9 veloci gli upload e i download, oltre a fornire una protezione sul lato client per i suoi utenti.<\/p>\n\n\n<a class=\"maxbutton-2 maxbutton maxbutton-cta\" target=\"_blank\" rel=\"nofollow noopener\" href=\"\/go\/\"><span class='mb-text'>&gt;&gt; Vai al sito web originale di Linkifier<\/span><\/a>\n\n\n<p><\/p>\n","protected":false},"excerpt":{"rendered":"<p>Mega \u00e8 il vostro sicuro, sicuro e conveniente archiviazione cloud gratis. Questo cloud storage si aggiorna e si rimodella continuamente<\/p>\n","protected":false},"author":2,"featured_media":0,"parent":0,"menu_order":0,"comment_status":"closed","ping_status":"closed","template":"","meta":[],"yoast_head":"<!-- This site is optimized with the Yoast SEO plugin v18.3 - https:\/\/yoast.com\/wordpress\/plugins\/seo\/ -->\n<title>Mega Premium Account \u2013 Il Filehoster in sintesi<\/title>\n<meta name=\"description\" content=\"Se Mega \u00e8 un fornitore affidabile o meno, potete trovare la risposta nel test in corso su Multihoster.org \u279c Cliccate ora \u271a per leggere le nostre esperienze!\" \/>\n<meta name=\"robots\" content=\"index, follow, max-snippet:-1, max-image-preview:large, max-video-preview:-1\" \/>\n<link rel=\"canonical\" href=\"https:\/\/multihoster.org\/it\/mega\/\" \/>\n<meta property=\"og:locale\" content=\"it_IT\" \/>\n<meta property=\"og:type\" content=\"article\" \/>\n<meta property=\"og:title\" content=\"Mega Premium Account \u2013 Il Filehoster in sintesi\" \/>\n<meta property=\"og:description\" content=\"Se Mega \u00e8 un fornitore affidabile o meno, potete trovare la risposta nel test in corso su Multihoster.org \u279c Cliccate ora \u271a per leggere le nostre esperienze!\" \/>\n<meta property=\"og:url\" content=\"https:\/\/multihoster.org\/it\/mega\/\" \/>\n<meta property=\"og:site_name\" content=\"Multihoster.org\" \/>\n<meta property=\"article:modified_time\" content=\"2020-05-29T10:33:09+00:00\" \/>\n<meta property=\"og:image\" content=\"https:\/\/lh5.googleusercontent.com\/ziFsG1DkHhIGJyIU2hWhpt6qMoGKojcN-gTFptnOvGyD6gg2nqjB2Pv2xjpsSN9Wd_8XNgyv8zEvv_3om4-z7X1l5bYHfG9DBymKYAxnVaU5JQWfhQozCW24eOoS1CLrvNHJ3UU\" \/>\n<meta name=\"twitter:card\" content=\"summary\" \/>\n<meta name=\"twitter:label1\" content=\"Tempo di lettura stimato\" \/>\n\t<meta name=\"twitter:data1\" content=\"8 minuti\" \/>\n<script type=\"application\/ld+json\" class=\"yoast-schema-graph\">{\"@context\":\"https:\/\/schema.org\",\"@graph\":[{\"@type\":\"WebSite\",\"@id\":\"https:\/\/multihoster.org\/#website\",\"url\":\"https:\/\/multihoster.org\/\",\"name\":\"Multihoster.org\",\"description\":\"Reviews of the major Filehosting services\",\"potentialAction\":[{\"@type\":\"SearchAction\",\"target\":{\"@type\":\"EntryPoint\",\"urlTemplate\":\"https:\/\/multihoster.org\/?s={search_term_string}\"},\"query-input\":\"required name=search_term_string\"}],\"inLanguage\":\"it-IT\"},{\"@type\":\"ImageObject\",\"@id\":\"https:\/\/multihoster.org\/it\/mega\/#primaryimage\",\"inLanguage\":\"it-IT\",\"url\":\"https:\/\/lh5.googleusercontent.com\/ziFsG1DkHhIGJyIU2hWhpt6qMoGKojcN-gTFptnOvGyD6gg2nqjB2Pv2xjpsSN9Wd_8XNgyv8zEvv_3om4-z7X1l5bYHfG9DBymKYAxnVaU5JQWfhQozCW24eOoS1CLrvNHJ3UU\",\"contentUrl\":\"https:\/\/lh5.googleusercontent.com\/ziFsG1DkHhIGJyIU2hWhpt6qMoGKojcN-gTFptnOvGyD6gg2nqjB2Pv2xjpsSN9Wd_8XNgyv8zEvv_3om4-z7X1l5bYHfG9DBymKYAxnVaU5JQWfhQozCW24eOoS1CLrvNHJ3UU\"},{\"@type\":\"WebPage\",\"@id\":\"https:\/\/multihoster.org\/it\/mega\/#webpage\",\"url\":\"https:\/\/multihoster.org\/it\/mega\/\",\"name\":\"Mega Premium Account \u2013 Il Filehoster in sintesi\",\"isPartOf\":{\"@id\":\"https:\/\/multihoster.org\/#website\"},\"primaryImageOfPage\":{\"@id\":\"https:\/\/multihoster.org\/it\/mega\/#primaryimage\"},\"datePublished\":\"2020-03-20T11:48:51+00:00\",\"dateModified\":\"2020-05-29T10:33:09+00:00\",\"description\":\"Se Mega \u00e8 un fornitore affidabile o meno, potete trovare la risposta nel test in corso su Multihoster.org \u279c Cliccate ora \u271a per leggere le nostre esperienze!\",\"breadcrumb\":{\"@id\":\"https:\/\/multihoster.org\/it\/mega\/#breadcrumb\"},\"inLanguage\":\"it-IT\",\"potentialAction\":[{\"@type\":\"ReadAction\",\"target\":[\"https:\/\/multihoster.org\/it\/mega\/\"]}]},{\"@type\":\"BreadcrumbList\",\"@id\":\"https:\/\/multihoster.org\/it\/mega\/#breadcrumb\",\"itemListElement\":[{\"@type\":\"ListItem\",\"position\":1,\"name\":\"Startseite\",\"item\":\"https:\/\/multihoster.org\/it\/\"},{\"@type\":\"ListItem\",\"position\":2,\"name\":\"Mega Conto Premium: Il Filehoster in sintesi\"}]}]}<\/script>\n<!-- \/ Yoast SEO plugin. -->","yoast_head_json":{"title":"Mega Premium Account \u2013 Il Filehoster in sintesi","description":"Se Mega \u00e8 un fornitore affidabile o meno, potete trovare la risposta nel test in corso su Multihoster.org \u279c Cliccate ora \u271a per leggere le nostre esperienze!","robots":{"index":"index","follow":"follow","max-snippet":"max-snippet:-1","max-image-preview":"max-image-preview:large","max-video-preview":"max-video-preview:-1"},"canonical":"https:\/\/multihoster.org\/it\/mega\/","og_locale":"it_IT","og_type":"article","og_title":"Mega Premium Account \u2013 Il Filehoster in sintesi","og_description":"Se Mega \u00e8 un fornitore affidabile o meno, potete trovare la risposta nel test in corso su Multihoster.org \u279c Cliccate ora \u271a per leggere le nostre esperienze!","og_url":"https:\/\/multihoster.org\/it\/mega\/","og_site_name":"Multihoster.org","article_modified_time":"2020-05-29T10:33:09+00:00","og_image":[{"url":"https:\/\/lh5.googleusercontent.com\/ziFsG1DkHhIGJyIU2hWhpt6qMoGKojcN-gTFptnOvGyD6gg2nqjB2Pv2xjpsSN9Wd_8XNgyv8zEvv_3om4-z7X1l5bYHfG9DBymKYAxnVaU5JQWfhQozCW24eOoS1CLrvNHJ3UU"}],"twitter_card":"summary","twitter_misc":{"Tempo di lettura stimato":"8 minuti"},"schema":{"@context":"https:\/\/schema.org","@graph":[{"@type":"WebSite","@id":"https:\/\/multihoster.org\/#website","url":"https:\/\/multihoster.org\/","name":"Multihoster.org","description":"Reviews of the major Filehosting services","potentialAction":[{"@type":"SearchAction","target":{"@type":"EntryPoint","urlTemplate":"https:\/\/multihoster.org\/?s={search_term_string}"},"query-input":"required name=search_term_string"}],"inLanguage":"it-IT"},{"@type":"ImageObject","@id":"https:\/\/multihoster.org\/it\/mega\/#primaryimage","inLanguage":"it-IT","url":"https:\/\/lh5.googleusercontent.com\/ziFsG1DkHhIGJyIU2hWhpt6qMoGKojcN-gTFptnOvGyD6gg2nqjB2Pv2xjpsSN9Wd_8XNgyv8zEvv_3om4-z7X1l5bYHfG9DBymKYAxnVaU5JQWfhQozCW24eOoS1CLrvNHJ3UU","contentUrl":"https:\/\/lh5.googleusercontent.com\/ziFsG1DkHhIGJyIU2hWhpt6qMoGKojcN-gTFptnOvGyD6gg2nqjB2Pv2xjpsSN9Wd_8XNgyv8zEvv_3om4-z7X1l5bYHfG9DBymKYAxnVaU5JQWfhQozCW24eOoS1CLrvNHJ3UU"},{"@type":"WebPage","@id":"https:\/\/multihoster.org\/it\/mega\/#webpage","url":"https:\/\/multihoster.org\/it\/mega\/","name":"Mega Premium Account \u2013 Il Filehoster in sintesi","isPartOf":{"@id":"https:\/\/multihoster.org\/#website"},"primaryImageOfPage":{"@id":"https:\/\/multihoster.org\/it\/mega\/#primaryimage"},"datePublished":"2020-03-20T11:48:51+00:00","dateModified":"2020-05-29T10:33:09+00:00","description":"Se Mega \u00e8 un fornitore affidabile o meno, potete trovare la risposta nel test in corso su Multihoster.org \u279c Cliccate ora \u271a per leggere le nostre esperienze!","breadcrumb":{"@id":"https:\/\/multihoster.org\/it\/mega\/#breadcrumb"},"inLanguage":"it-IT","potentialAction":[{"@type":"ReadAction","target":["https:\/\/multihoster.org\/it\/mega\/"]}]},{"@type":"BreadcrumbList","@id":"https:\/\/multihoster.org\/it\/mega\/#breadcrumb","itemListElement":[{"@type":"ListItem","position":1,"name":"Startseite","item":"https:\/\/multihoster.org\/it\/"},{"@type":"ListItem","position":2,"name":"Mega Conto Premium: Il Filehoster in sintesi"}]}]}},"_links":{"self":[{"href":"https:\/\/multihoster.org\/it\/wp-json\/wp\/v2\/pages\/2396"}],"collection":[{"href":"https:\/\/multihoster.org\/it\/wp-json\/wp\/v2\/pages"}],"about":[{"href":"https:\/\/multihoster.org\/it\/wp-json\/wp\/v2\/types\/page"}],"author":[{"embeddable":true,"href":"https:\/\/multihoster.org\/it\/wp-json\/wp\/v2\/users\/2"}],"replies":[{"embeddable":true,"href":"https:\/\/multihoster.org\/it\/wp-json\/wp\/v2\/comments?post=2396"}],"version-history":[{"count":5,"href":"https:\/\/multihoster.org\/it\/wp-json\/wp\/v2\/pages\/2396\/revisions"}],"predecessor-version":[{"id":4516,"href":"https:\/\/multihoster.org\/it\/wp-json\/wp\/v2\/pages\/2396\/revisions\/4516"}],"wp:attachment":[{"href":"https:\/\/multihoster.org\/it\/wp-json\/wp\/v2\/media?parent=2396"}],"curies":[{"name":"wp","href":"https:\/\/api.w.org\/{rel}","templated":true}]}}