{"id":2454,"date":"2020-03-20T11:55:30","date_gmt":"2020-03-20T11:55:30","guid":{"rendered":"https:\/\/multihoster.org\/?page_id=2454"},"modified":"2020-03-23T15:07:41","modified_gmt":"2020-03-23T15:07:41","slug":"openload","status":"publish","type":"page","link":"https:\/\/multihoster.org\/it\/openload\/","title":{"rendered":"Openload Conto Premium: Il Filehoster in sintesi"},"content":{"rendered":"\n<figure class=\"wp-block-image\"><img src=\"https:\/\/lh5.googleusercontent.com\/zV-SviouA7daBi8XugOcCpDkWQex4kXx8M9Vf7o2khVu4x6L7g7Xzcm_Z_MCXx37l-jre3m8D_bsoBYz19rCNEpdq4_lj5tULatS1vbk1d0_-LC6OlHPlvNtysq_a8-q3U1RKqs\" alt=\"Openload Logo\"\/><\/figure>\n\n\n\n<p>E&#8217; triste dire che ora, quando qualcuno cerca di accedere o di visitare il sito Openload.co, questo messaggio di errore verr\u00e0 visualizzato sul sito &#8220;Il sito non \u00e8 pi\u00f9 disponibile a causa di una violazione del copyright&#8221;. Verrete reindirizzati su alliance4creativity.com&#8221;. S\u00ec, il sito Openload.co e i suoi servizi sono stati chiusi dal 31 ottobre 2019 e saranno veramente reindirizzati automaticamente al sito di Alliance for Creativity and Entertainment o ACE dopo cinque (5) secondi di conteggio. Questo a causa del gran numero di contenuti piratati che si trovano sotto il dominio di Openload. Anche Streammango \u00e8 chiuso.<\/p>\n\n\n\n<p>\u00c8 da notare che la maggior parte delle persone nel mondo ora sono sempre alla ricerca di scaricare gratuitamente file come video, musica e documenti. Uno dei siti consigliati che sono gratuiti e che hanno la capacit\u00e0 di ospitare file \u00e8 l&#8217;Openload. <\/p>\n\n\n\n<p>Openload \u00e8 lo stesso della memoria, ma in forma digitale. E&#8217; il sito dove un utente pu\u00f2 caricare per salvare qualsiasi tipo di file sul sito e scaricarlo per ottenere un file dal sito. Un utente pu\u00f2 anche condividere file diversi con altri.<\/p>\n\n\n\n<p>Ha una versione premium che \u00e8 l&#8217;Openload Premium.<\/p>\n\n\n<a class=\"maxbutton-2 maxbutton maxbutton-cta\" target=\"_blank\" rel=\"nofollow noopener\" href=\"\/go\/\"><span class='mb-text'>&gt;&gt; Vai al sito web originale di Linkifier<\/span><\/a>\n\n\n<p><\/p>\n\n\n\n<h2>Cosa offrono l&#8217;Openload Free e l&#8217;Open Premium Account?<\/h2>\n\n\n\n<figure class=\"wp-block-table\"><table class=\"\"><tbody><tr><td>Openload Versione:<\/td><td>Openload Gratuito<\/td><\/tr><tr><td>Prezzo:<\/td><td>Gratuito<\/td><\/tr><tr><td>Capacit\u00e0 di stoccaggio:<\/td><td>Limitata<\/td><\/tr><tr><td>Dispositivi supportati:<\/td><td>Qualsiasi dispositivo con una connessione internet<\/td><\/tr><\/tbody><\/table><\/figure>\n\n\n\n<figure class=\"wp-block-table\"><table class=\"\"><tbody><tr><td>Versione openload:<\/td><td>Openload Premium<\/td><\/tr><tr><td>Prezzo:<\/td><td>Gratuito<\/td><\/tr><tr><td>Capacit\u00e0 di stoccaggio:<\/td><td>Illimitato<\/td><\/tr><tr><td>Dispositivi supportati:<\/td><td>Qualsiasi dispositivo con una connessione internet<\/td><\/tr><\/tbody><\/table><\/figure>\n\n\n\n<p>Confrontando le due versioni di Openload, entrambe sono gratuite, ma la Openload Premium Account contiene pi\u00f9 funzionalit\u00e0 e ha una capacit\u00e0 di storage maggiore rispetto alla versione gratuita di Openload.<\/p>\n\n\n\n<h2>Openload: Caricamento dei file<\/h2>\n\n\n\n<p>\u00c8 possibile caricare file, documenti, musica e video su Openload, soprattutto se si utilizza l&#8217;account Premium di Openload. Basta seguire le seguenti procedure.<\/p>\n\n\n\n<p>1. Vai al sito di Openload.<\/p>\n\n\n\n<p>2. Sfoglia le cartelle e individua il file o il documento o la musica o il video che vuoi caricare. 3. 3. Una volta trovato, selezionare quel file.<\/p>\n\n\n\n<p>4. Trascinare e rilasciare il file nella pagina di caricamento di Openload.<\/p>\n\n\n\n<p>5. Il tuo file verr\u00e0 caricato automaticamente sul sito di Openload.<\/p>\n\n\n\n<h2>Openload: Scaricare i file<\/h2>\n\n\n\n<h3><strong>Come scaricare i video sul sito di hosting di file OpenLoad?<\/strong><\/h3>\n\n\n\n<p>Non dovete preoccuparvi, perch\u00e9 qui il download dei file \u00e8 gratuito. Ci sono due (2) modi per scaricare un file su Openload. Per scaricare qualsiasi file dal sito di hosting file di Openload, seguire le seguenti procedure.<\/p>\n\n\n\n<p><\/p>\n\n\n\n<figure class=\"wp-block-table\"><table class=\"\"><tbody><tr><td>Il primo modo per scaricare un file:<br><br>1. Vai al sito Openload.<br>2. Trova un file che vuoi scaricare.<br>3. Cliccate su quel file e sarete indirizzati alla pagina del file.<br>4. Nella pagina, trovare il pulsante &#8220;DOWNLOAD&#8221; e cliccarlo. Chiudi gli annunci che appariranno.<br>5. Apparir\u00e0 un altro pulsante che \u00e8 il &#8220;FREE DOWNLOAD&#8221;, attendere da 3 a 5 secondi per abilitare il pulsante, cliccare il pulsante, e il file inizier\u00e0 a scaricarsi.<br>6. Il vostro download aprir\u00e0 automaticamente il vostro software scaricatore come Internet Download Manager (IDM) o se non avete un software come quello, sar\u00e0 il browser a gestire il vostro download.<\/td><td>Il secondo modo per scaricare (A TRICK &#8211; per i video):<br> Questo modo \u00e8 per i tipi di file video.<br> Invece di cliccare sul pulsante DOWNLOAD, c&#8217;\u00e8 un altro modo complicato per un utente per scaricarlo. Vedi sotto.<br>1. Vai al sito Openload.<br>2. Trova un video che vuoi scaricare da guardare..<br>3. Clicca su quel video e sarai indirizzato alla pagina del video.<br>4. Ecco il <a rel=\"noreferrer noopener\" aria-label=\"trucco (\u00f6ffnet in neuem Tab)\" href=\"https:\/\/dictionary.cambridge.org\/us\/dictionary\/english\/trick\" target=\"_blank\">trucco<\/a>. Clicca il pulsante &#8220;PLAY&#8221; e chiudi gli annunci che appariranno. Se il video \u00e8 stato messo in pausa dagli annunci, basta continuare a cliccare sul pulsante &#8220;PLAY&#8221; fino a quando il video si carica<br>5. Quando il video viene caricato, cliccare con il tasto destro del mouse sul video e cliccare su &#8220;Salva video con nome&#8221;.<br>6. Scegliere una posizione sul dispositivo in cui si desidera salvare il file video.<br>7. Cliccate su &#8220;OK&#8221;.<br>8. Il vostro download aprir\u00e0 automaticamente il vostro software scaricatore come Internet Download Manager (IDM) o se non avete un software come quello, sar\u00e0 il browser a gestire il vostro download.<\/td><\/tr><\/tbody><\/table><\/figure>\n\n\n\n<ul><li>Per garantire che il video venga scaricato correttamente, la connessione internet del dispositivo deve essere stabile. In caso contrario, il video non verr\u00e0 scaricato completamente o sar\u00e0 corrotto.<\/li><li>Se il sito \u00e8 vietato nel vostro paese, gli utenti possono anche utilizzare Virtual Private Network o <a rel=\"noreferrer noopener\" aria-label=\" (\u00f6ffnet in neuem Tab)\" href=\"https:\/\/us.norton.com\/internetsecurity-privacy-what-is-a-vpn.html\" target=\"_blank\">VPN<\/a> per accedere al sito e per scaricare eventuali video.<\/li><\/ul>\n\n\n\n<h2>Openload: Guardare i video<\/h2>\n\n\n\n<p>\u00c8 molto facile guardare qualsiasi video qui sul sito di hosting di file Openload. Basta andare sul sito, trovare il video che si vuole guardare, <\/p>\n\n\n\n<p>1. Vai al sito di Openload.<\/p>\n\n\n\n<p>2. Trova un video che vuoi vedere online.<\/p>\n\n\n\n<p>3. Clicca su quel video e sarai indirizzato alla pagina del video.<\/p>\n\n\n\n<p>4. Basta cliccare sul pulsante &#8220;PLAY&#8221; e attendere che carichi il video. Dopo di che, ora potete godervi il video completo online.<\/p>\n\n\n\n<h2>Openload: Condivisione dei file<\/h2>\n\n\n\n<p>Gli utenti possono condividere i file con altre persone attraverso i link.<br><\/p>\n\n\n\n<figure class=\"wp-block-table\"><table class=\"\"><tbody><tr><td>Per utenti non registrati:<br>1. Vai al sito di Openload.<br>2. Trova un file che vuoi condividere online.<br>3. Basta copiare il link del file che si desidera condividere.<br>4. Incolla il link copiato a chi o dove vuoi condividerlo.<\/td><td>Per gli utenti registrati:<br>1. Vai al sito di Openload.<br>2. Accedi e vai al File Manager nel Pannello Utente.<br>3. Trova un file che vuoi condividere online.<br>4. Selezionare il file e copiare il link del file che si trova sotto la pagina o cliccare sul pulsante &#8220;COPY LINK&#8221; per condividerlo.<br>5. Incolla il link copiato a chi o dove vuoi condividerlo.<\/td><\/tr><\/tbody><\/table><\/figure>\n\n\n<a class=\"maxbutton-2 maxbutton maxbutton-cta\" target=\"_blank\" rel=\"nofollow noopener\" href=\"\/go\/\"><span class='mb-text'>&gt;&gt; Vai al sito web originale di Linkifier<\/span><\/a>\n\n\n<p><\/p>\n\n\n\n<p>Per accedere al file, gli altri dovrebbero cliccare sul link e saranno automaticamente indirizzati al file.<\/p>\n\n\n\n<h2>Openload: Pannello utente<\/h2>\n\n\n\n<p>Il pannello utente \u00e8 costituito da quanto segue: Dashboard, File Manager, Caricamento remoto, Multi Upload, Impostazioni utente, Programma di affiliazione, Impostazioni di conversione e Statistiche.<\/p>\n\n\n\n<p>Prima di poter accedere al pannello utente, un utente deve registrarsi su Openload per poter utilizzare queste funzioni di cui sopra.<\/p>\n\n\n\n<ul><li>Cruscotto<\/li><\/ul>\n\n\n\n<p>Questo mostra lo stato attuale dell&#8217;utente, il numero di download totali, i file e l&#8217;archiviazione.<\/p>\n\n\n\n<ul><li>File Manager<\/li><\/ul>\n\n\n\n<p>Questa \u00e8 la pagina in cui un utente gestisce le sue cartelle e i suoi file sul sito Openload. Contiene le cartelle create e i file aggiunti (file attivi e inattivi) di un utente, la dimensione della cartella o del file, il tipo di contenuto, i link di tali cartelle e file, la data e l&#8217;ora di caricamento e il numero di download di una cartella o di un file.<\/p>\n\n\n\n<ul><li>Caricamento remoto<\/li><\/ul>\n\n\n\n<p>Qui \u00e8 dove un file proviene da un link sorgente per essere caricato sul conto Openload dell&#8217;utente.<\/p>\n\n\n\n<ul><li>Multi Upload<\/li><\/ul>\n\n\n\n<p>Un utente pu\u00f2 caricare pi\u00f9 file in qualsiasi tipo di file. Basta cliccare sul pulsante &#8220;ADD FILES&#8221; per aggiungere i file e cliccare sul pulsante &#8220;START UPLOAD&#8221; per caricare i file appena aggiunti sul sito Openload. <\/p>\n\n\n\n<p>Gli utenti possono cancellare il file di caricamento in qualsiasi momento cliccando sul pulsante &#8220;CANCELLA&#8221; accanto al file di caricamento. Possono anche annullare tutto o cancellare l&#8217;elenco di caricamento, basta cliccare sul pulsante &#8220;CANCELLA TUTTO\/CANCELLA TUTTO&#8221;. <\/p>\n\n\n\n<p>Il file caricato verr\u00e0 aggiunto e verr\u00e0 visualizzato nella pagina File Manager del Pannello Utente.<\/p>\n\n\n\n<ul><li>Impostazioni utente<\/li><\/ul>\n\n\n\n<p>Qui gli utenti gestiscono i loro account e le informazioni.<\/p>\n\n\n\n<ul><li>Programma di affiliazione<\/li><\/ul>\n\n\n\n<p>Per poter aderire al programma di affiliazione, l&#8217;utente deve accettare le regole e le condizioni del programma di affiliazione Openload, perch\u00e9 ci sono tipi di file che non possono essere caricati sul sito di Openload.<\/p>\n\n\n\n<ul><li>Statistiche<\/li><\/ul>\n\n\n\n<p>Questo mostra la ricompensa o il reddito di un utente in dollari, il traffico e i paesi dove c&#8217;\u00e8 <a rel=\"noreferrer noopener\" aria-label=\"traffico (\u00f6ffnet in neuem Tab)\" href=\"https:\/\/www.computerhope.com\/jargon\/t\/traffic.htm\" target=\"_blank\">traffico<\/a>. Questi sono indicati per giorno, per mese e per anno.<\/p>\n\n\n\n<ul><li>Impostazioni di conversione<\/li><\/ul>\n\n\n\n<p>Qui viene impostata la conversione per un video. L&#8217;Openload ha una funzione di auto-conversione per convertire automaticamente la qualit\u00e0 di un video quando viene trasmesso in streaming da un utente in quale risoluzione un utente ha gi\u00e0 impostato e salvato nelle impostazioni di conversione.<br><\/p>\n\n\n\n<figure class=\"wp-block-table\"><table class=\"\"><tbody><tr><td>Risoluzioni supportate da Openload<\/td><\/tr><tr><td>HD, HD 720p, SD 480p, and SD 360p<\/td><\/tr><\/tbody><\/table><\/figure>\n\n\n\n<h2>Openload: Programma Pay Per Download (PPD)<\/h2>\n\n\n\n<p>Openload, specialmente con la Openload Premium Account, ha un programma chiamato Pay Per Download o PPD Program che vengono creati per generare reddito per gli utenti. Un utente specifico pu\u00f2 utilizzare Openload per guadagnare semplicemente scaricando o trasmettendo in streaming sul sito di Openload. Openload paga gli utenti che creano contenuti sul loro sito con un importo fisso per 10.000 download o streaming, ma dipende dal paese in cui vengono effettuati i download o gli streaming (vedi la figura del programma Openload Tier for Pay Per Download (PPD) qui sotto). <\/p>\n\n\n\n<p>Pagamenti: Per un minimo di venti dollari ($20) un utente pu\u00f2 richiedere un pagamento e i pagamenti saranno elaborati entro il giorno.<\/p>\n\n\n\n<h3><strong>Come vengono conteggiati i download o i flussi in Openload?<\/strong><\/h3>\n\n\n\n<p>In Openload, i download o i flussi di ogni indirizzo  <a href=\"https:\/\/www.wpbeginner.com\/glossary\/ip-address\/\">Internet Protocol (IP)<\/a> vengono conteggiati solo per un massimo di tre volte (3x) nell&#8217;arco dell&#8217;intera giornata, ma questo per il modo automatico di download, Openload non dar\u00e0 ricompensa per questi.<br><\/p>\n\n\n\n<p>Nota: Se un utente non rispetta tutte le regole e le condizioni del programma di affiliazione Openload o Openload Premium e del programma di affiliazione Pay Per Download o PPD, il suo conto verr\u00e0 temporaneamente sospeso o peggio, il conto verr\u00e0 definitivamente chiuso.<\/p>\n\n\n\n<h3><strong>Livelli di carico aperto per il programma Pay Per Download (PPD)<\/strong><\/h3>\n\n\n\n<p>Questa figura qui sotto mostra come Openload ordina i diversi paesi dal livello pi\u00f9 basso al livello pi\u00f9 alto dove pagano per i download o i flussi sul sito.<\/p>\n\n\n\n<p class=\"has-text-align-center\"><img loading=\"lazy\" width=\"387\" height=\"479\" class=\"wp-image-2440\" style=\"width: 400px;\" src=\"https:\/\/multihoster.org\/wp-content\/uploads\/2020\/03\/Tier-1.png\" alt=\"\" srcset=\"https:\/\/multihoster.org\/wp-content\/uploads\/2020\/03\/Tier-1.png 387w, https:\/\/multihoster.org\/wp-content\/uploads\/2020\/03\/Tier-1-242x300.png 242w\" sizes=\"(max-width: 387px) 100vw, 387px\" \/><\/p>\n\n\n\n<figure class=\"wp-block-table\"><table class=\"\"><tbody><tr><td>Livelli di livello<\/td><td>Ricompensa<\/td><\/tr><tr><td>Livello pi\u00f9 alto<\/td><td>Trentacinque dollari (35 dollari)<\/td><\/tr><tr><td>Livello alto<\/td><td>Venticinque dollari (25 dollari)<\/td><\/tr><tr><td>Livello moderato<\/td><td>Quindici dollari (15 dollari)<\/td><\/tr><tr><td>Livello basso<\/td><td>Sette dollari e cinquanta centesimi (7,50 dollari)<\/td><\/tr><tr><td>Livello pi\u00f9 basso<\/td><td>Cinque dollari (5 dollari)<\/td><\/tr><\/tbody><\/table><\/figure>\n\n\n<a class=\"maxbutton-2 maxbutton maxbutton-cta\" target=\"_blank\" rel=\"nofollow noopener\" href=\"\/go\/\"><span class='mb-text'>&gt;&gt; Vai al sito web originale di Linkifier<\/span><\/a>\n\n\n<p><\/p>\n","protected":false},"excerpt":{"rendered":"<p>E&#8217; triste dire che ora, quando qualcuno cerca di accedere o di visitare il sito Openload.co, questo messaggio di errore<\/p>\n","protected":false},"author":2,"featured_media":0,"parent":0,"menu_order":0,"comment_status":"closed","ping_status":"closed","template":"","meta":[],"yoast_head":"<!-- This site is optimized with the Yoast SEO plugin v18.3 - https:\/\/yoast.com\/wordpress\/plugins\/seo\/ -->\n<title>Openload Premium Account \u2013 Il Filehoster in sintesi<\/title>\n<meta name=\"description\" content=\"Se Openload \u00e8 un fornitore affidabile o meno, potete trovare la risposta nel test in corso su Multihoster.org \u279c Cliccate ora \u271a per leggere le nostre esperienze!\" \/>\n<meta name=\"robots\" content=\"index, follow, max-snippet:-1, max-image-preview:large, max-video-preview:-1\" \/>\n<link rel=\"canonical\" href=\"https:\/\/multihoster.org\/it\/openload\/\" \/>\n<meta property=\"og:locale\" content=\"it_IT\" \/>\n<meta property=\"og:type\" content=\"article\" \/>\n<meta property=\"og:title\" content=\"Openload Premium Account \u2013 Il Filehoster in sintesi\" \/>\n<meta property=\"og:description\" content=\"Se Openload \u00e8 un fornitore affidabile o meno, potete trovare la risposta nel test in corso su Multihoster.org \u279c Cliccate ora \u271a per leggere le nostre esperienze!\" \/>\n<meta property=\"og:url\" content=\"https:\/\/multihoster.org\/it\/openload\/\" \/>\n<meta property=\"og:site_name\" content=\"Multihoster.org\" \/>\n<meta property=\"article:modified_time\" content=\"2020-03-23T15:07:41+00:00\" \/>\n<meta property=\"og:image\" content=\"https:\/\/lh5.googleusercontent.com\/zV-SviouA7daBi8XugOcCpDkWQex4kXx8M9Vf7o2khVu4x6L7g7Xzcm_Z_MCXx37l-jre3m8D_bsoBYz19rCNEpdq4_lj5tULatS1vbk1d0_-LC6OlHPlvNtysq_a8-q3U1RKqs\" \/>\n<meta name=\"twitter:card\" content=\"summary\" \/>\n<meta name=\"twitter:label1\" content=\"Tempo di lettura stimato\" \/>\n\t<meta name=\"twitter:data1\" content=\"8 minuti\" \/>\n<script type=\"application\/ld+json\" class=\"yoast-schema-graph\">{\"@context\":\"https:\/\/schema.org\",\"@graph\":[{\"@type\":\"WebSite\",\"@id\":\"https:\/\/multihoster.org\/#website\",\"url\":\"https:\/\/multihoster.org\/\",\"name\":\"Multihoster.org\",\"description\":\"Reviews of the major Filehosting services\",\"potentialAction\":[{\"@type\":\"SearchAction\",\"target\":{\"@type\":\"EntryPoint\",\"urlTemplate\":\"https:\/\/multihoster.org\/?s={search_term_string}\"},\"query-input\":\"required name=search_term_string\"}],\"inLanguage\":\"it-IT\"},{\"@type\":\"ImageObject\",\"@id\":\"https:\/\/multihoster.org\/it\/openload\/#primaryimage\",\"inLanguage\":\"it-IT\",\"url\":\"https:\/\/lh5.googleusercontent.com\/zV-SviouA7daBi8XugOcCpDkWQex4kXx8M9Vf7o2khVu4x6L7g7Xzcm_Z_MCXx37l-jre3m8D_bsoBYz19rCNEpdq4_lj5tULatS1vbk1d0_-LC6OlHPlvNtysq_a8-q3U1RKqs\",\"contentUrl\":\"https:\/\/lh5.googleusercontent.com\/zV-SviouA7daBi8XugOcCpDkWQex4kXx8M9Vf7o2khVu4x6L7g7Xzcm_Z_MCXx37l-jre3m8D_bsoBYz19rCNEpdq4_lj5tULatS1vbk1d0_-LC6OlHPlvNtysq_a8-q3U1RKqs\"},{\"@type\":\"WebPage\",\"@id\":\"https:\/\/multihoster.org\/it\/openload\/#webpage\",\"url\":\"https:\/\/multihoster.org\/it\/openload\/\",\"name\":\"Openload Premium Account \u2013 Il Filehoster in sintesi\",\"isPartOf\":{\"@id\":\"https:\/\/multihoster.org\/#website\"},\"primaryImageOfPage\":{\"@id\":\"https:\/\/multihoster.org\/it\/openload\/#primaryimage\"},\"datePublished\":\"2020-03-20T11:55:30+00:00\",\"dateModified\":\"2020-03-23T15:07:41+00:00\",\"description\":\"Se Openload \u00e8 un fornitore affidabile o meno, potete trovare la risposta nel test in corso su Multihoster.org \u279c Cliccate ora \u271a per leggere le nostre esperienze!\",\"breadcrumb\":{\"@id\":\"https:\/\/multihoster.org\/it\/openload\/#breadcrumb\"},\"inLanguage\":\"it-IT\",\"potentialAction\":[{\"@type\":\"ReadAction\",\"target\":[\"https:\/\/multihoster.org\/it\/openload\/\"]}]},{\"@type\":\"BreadcrumbList\",\"@id\":\"https:\/\/multihoster.org\/it\/openload\/#breadcrumb\",\"itemListElement\":[{\"@type\":\"ListItem\",\"position\":1,\"name\":\"Startseite\",\"item\":\"https:\/\/multihoster.org\/it\/\"},{\"@type\":\"ListItem\",\"position\":2,\"name\":\"Openload Conto Premium: Il Filehoster in sintesi\"}]}]}<\/script>\n<!-- \/ Yoast SEO plugin. -->","yoast_head_json":{"title":"Openload Premium Account \u2013 Il Filehoster in sintesi","description":"Se Openload \u00e8 un fornitore affidabile o meno, potete trovare la risposta nel test in corso su Multihoster.org \u279c Cliccate ora \u271a per leggere le nostre esperienze!","robots":{"index":"index","follow":"follow","max-snippet":"max-snippet:-1","max-image-preview":"max-image-preview:large","max-video-preview":"max-video-preview:-1"},"canonical":"https:\/\/multihoster.org\/it\/openload\/","og_locale":"it_IT","og_type":"article","og_title":"Openload Premium Account \u2013 Il Filehoster in sintesi","og_description":"Se Openload \u00e8 un fornitore affidabile o meno, potete trovare la risposta nel test in corso su Multihoster.org \u279c Cliccate ora \u271a per leggere le nostre esperienze!","og_url":"https:\/\/multihoster.org\/it\/openload\/","og_site_name":"Multihoster.org","article_modified_time":"2020-03-23T15:07:41+00:00","og_image":[{"url":"https:\/\/lh5.googleusercontent.com\/zV-SviouA7daBi8XugOcCpDkWQex4kXx8M9Vf7o2khVu4x6L7g7Xzcm_Z_MCXx37l-jre3m8D_bsoBYz19rCNEpdq4_lj5tULatS1vbk1d0_-LC6OlHPlvNtysq_a8-q3U1RKqs"}],"twitter_card":"summary","twitter_misc":{"Tempo di lettura stimato":"8 minuti"},"schema":{"@context":"https:\/\/schema.org","@graph":[{"@type":"WebSite","@id":"https:\/\/multihoster.org\/#website","url":"https:\/\/multihoster.org\/","name":"Multihoster.org","description":"Reviews of the major Filehosting services","potentialAction":[{"@type":"SearchAction","target":{"@type":"EntryPoint","urlTemplate":"https:\/\/multihoster.org\/?s={search_term_string}"},"query-input":"required name=search_term_string"}],"inLanguage":"it-IT"},{"@type":"ImageObject","@id":"https:\/\/multihoster.org\/it\/openload\/#primaryimage","inLanguage":"it-IT","url":"https:\/\/lh5.googleusercontent.com\/zV-SviouA7daBi8XugOcCpDkWQex4kXx8M9Vf7o2khVu4x6L7g7Xzcm_Z_MCXx37l-jre3m8D_bsoBYz19rCNEpdq4_lj5tULatS1vbk1d0_-LC6OlHPlvNtysq_a8-q3U1RKqs","contentUrl":"https:\/\/lh5.googleusercontent.com\/zV-SviouA7daBi8XugOcCpDkWQex4kXx8M9Vf7o2khVu4x6L7g7Xzcm_Z_MCXx37l-jre3m8D_bsoBYz19rCNEpdq4_lj5tULatS1vbk1d0_-LC6OlHPlvNtysq_a8-q3U1RKqs"},{"@type":"WebPage","@id":"https:\/\/multihoster.org\/it\/openload\/#webpage","url":"https:\/\/multihoster.org\/it\/openload\/","name":"Openload Premium Account \u2013 Il Filehoster in sintesi","isPartOf":{"@id":"https:\/\/multihoster.org\/#website"},"primaryImageOfPage":{"@id":"https:\/\/multihoster.org\/it\/openload\/#primaryimage"},"datePublished":"2020-03-20T11:55:30+00:00","dateModified":"2020-03-23T15:07:41+00:00","description":"Se Openload \u00e8 un fornitore affidabile o meno, potete trovare la risposta nel test in corso su Multihoster.org \u279c Cliccate ora \u271a per leggere le nostre esperienze!","breadcrumb":{"@id":"https:\/\/multihoster.org\/it\/openload\/#breadcrumb"},"inLanguage":"it-IT","potentialAction":[{"@type":"ReadAction","target":["https:\/\/multihoster.org\/it\/openload\/"]}]},{"@type":"BreadcrumbList","@id":"https:\/\/multihoster.org\/it\/openload\/#breadcrumb","itemListElement":[{"@type":"ListItem","position":1,"name":"Startseite","item":"https:\/\/multihoster.org\/it\/"},{"@type":"ListItem","position":2,"name":"Openload Conto Premium: Il Filehoster in sintesi"}]}]}},"_links":{"self":[{"href":"https:\/\/multihoster.org\/it\/wp-json\/wp\/v2\/pages\/2454"}],"collection":[{"href":"https:\/\/multihoster.org\/it\/wp-json\/wp\/v2\/pages"}],"about":[{"href":"https:\/\/multihoster.org\/it\/wp-json\/wp\/v2\/types\/page"}],"author":[{"embeddable":true,"href":"https:\/\/multihoster.org\/it\/wp-json\/wp\/v2\/users\/2"}],"replies":[{"embeddable":true,"href":"https:\/\/multihoster.org\/it\/wp-json\/wp\/v2\/comments?post=2454"}],"version-history":[{"count":4,"href":"https:\/\/multihoster.org\/it\/wp-json\/wp\/v2\/pages\/2454\/revisions"}],"predecessor-version":[{"id":2725,"href":"https:\/\/multihoster.org\/it\/wp-json\/wp\/v2\/pages\/2454\/revisions\/2725"}],"wp:attachment":[{"href":"https:\/\/multihoster.org\/it\/wp-json\/wp\/v2\/media?parent=2454"}],"curies":[{"name":"wp","href":"https:\/\/api.w.org\/{rel}","templated":true}]}}