{"id":2508,"date":"2020-03-20T11:52:32","date_gmt":"2020-03-20T11:52:32","guid":{"rendered":"https:\/\/multihoster.org\/?page_id=2508"},"modified":"2020-03-25T14:17:49","modified_gmt":"2020-03-25T14:17:49","slug":"mediafire","status":"publish","type":"page","link":"https:\/\/multihoster.org\/it\/mediafire\/","title":{"rendered":"Mediafire Premium Conto: Il Filehoster In Sintesi"},"content":{"rendered":"\n<figure class=\"wp-block-image\"><img src=\"https:\/\/lh5.googleusercontent.com\/zNXndndjxVA0YDOnOq4pjuulNSt_TmkOKKarck7VbnRykHu0xfRGfdekc3c9o24_zkfmAZBYEVa3GLesmBe4x1CXsS9XVfk8NsAWlUs3yzt-eHG5YUGNEC_GwN4_j21iCZb_t54\" alt=\"MediaFire logo\"\/><\/figure>\n\n\n\n<p>MediaFire \u00e8 una piattaforma perfetta per tutti coloro che hanno bisogno di condividere e conservare un file. I file che vengono aggiunti su Mediafire sono tutti memorizzati online nel <a rel=\"noreferrer noopener\" aria-label=\"Cloud  (opens in a new tab)\" href=\"https:\/\/www.techopedia.com\/definition\/26535\/cloud-storage\" target=\"_blank\">Cloud <\/a>dove diversi utenti possono accedervi e condividerli facilmente ovunque.<\/p>\n\n\n\n<p>Qualsiasi tipo di file come immagini, video, musica e documenti pu\u00f2 essere caricato su MediaFire. A questi file e al MediaFire stesso si pu\u00f2 accedere tramite telefono cellulare, tablet, computer desktop o laptop con l&#8217;aiuto di Internet.<\/p>\n\n\n\n<p>MediaFire \u00e8 uno dei posti migliori per eseguire il backup di tutti i file importanti dell&#8217;utente, sia per uso personale che professionale. Offre agli utenti fino a cinquanta gigabyte (50 GB) di capacit\u00e0 di archiviazione gratuita e diventa ancora pi\u00f9 grande quando un utente acquista la versione MediaFire Pro con il suo account MediaFire Premium e i suoi servizi.<\/p>\n\n\n\n<p>Innegabilmente, a causa della necessit\u00e0 di archiviazione e sicurezza dei file, sempre pi\u00f9 persone utilizzano il MediaFire gratuitamente e acquistano ogni mese le sue diverse versioni, come la versione MediaFire Pro, per godere delle caratteristiche e dei servizi dell&#8217;account Premium MediaFire. Secondo le stime, ci sono pi\u00f9 di centocinquanta (150) milioni di persone nel mondo che utilizzano MediaFire.<\/p>\n\n\n\n<p>MediaFire pu\u00f2 rendere il <a rel=\"noreferrer noopener\" aria-label=\"flusso di lavoro (opens in a new tab)\" href=\"https:\/\/dictionary.cambridge.org\/us\/dictionary\/english\/workflow\" target=\"_blank\">flusso di lavoro<\/a> quotidiano degli utenti pi\u00f9 semplice perch\u00e9 ha caratteristiche molto utili per gestire i vostri file. Vedi le sue caratteristiche qui sotto.<\/p>\n\n\n<a class=\"maxbutton-2 maxbutton maxbutton-cta\" target=\"_blank\" rel=\"nofollow noopener\" href=\"\/go\/\"><span class='mb-text'>&gt;&gt; Vai al sito web originale di Linkifier<\/span><\/a>\n\n\n<p><\/p>\n\n\n\n<h2><strong>MediaFire Free e MediaFire Premium Account<\/strong><\/h2>\n\n\n\n<figure class=\"wp-block-table\"><table class=\"\"><tbody><tr><td class=\"has-text-align-center\" data-align=\"center\"><strong> MediaFire Premium Conto<\/strong><\/td><\/tr><\/tbody><\/table><\/figure>\n\n\n\n<figure class=\"wp-block-table\"><table class=\"\"><tbody><tr><td> <strong>CARATTERISTICHE <\/strong><\/td><td class=\"has-text-align-center\" data-align=\"center\"><strong>Basic <\/strong><\/td><td class=\"has-text-align-center\" data-align=\"center\"><strong>Pro <\/strong><\/td><td class=\"has-text-align-center\" data-align=\"center\"><strong>Business <\/strong><\/td><\/tr><tr><td>Supporta un gran numero di download  <\/td><td class=\"has-text-align-center\" data-align=\"center\"> No  <\/td><td class=\"has-text-align-center\" data-align=\"center\">S\u00ec<\/td><td class=\"has-text-align-center\" data-align=\"center\">S\u00ec<\/td><\/tr><tr><td>Scarica l&#8217;intera cartella e le sue sottocartelle  <\/td><td class=\"has-text-align-center\" data-align=\"center\"> No  <\/td><td class=\"has-text-align-center\" data-align=\"center\">S\u00ec<\/td><td class=\"has-text-align-center\" data-align=\"center\"> S\u00ec<\/td><\/tr><tr><td>Non ha pubblicit\u00e0 quando si condivide e si scarica  <\/td><td class=\"has-text-align-center\" data-align=\"center\"> No  <\/td><td class=\"has-text-align-center\" data-align=\"center\">S\u00ec<\/td><td class=\"has-text-align-center\" data-align=\"center\"> S\u00ec<\/td><\/tr><tr><td>Capacit\u00e0 di stoccaggio in terabyte (TB) <\/td><td class=\"has-text-align-center\" data-align=\"center\">0.01<\/td><td class=\"has-text-align-center\" data-align=\"center\">1<\/td><td class=\"has-text-align-center\" data-align=\"center\">100<\/td><\/tr><tr><td>Supporto venti gigabyte (20 GB) per file <\/td><td class=\"has-text-align-center\" data-align=\"center\"> No  <\/td><td class=\"has-text-align-center\" data-align=\"center\">S\u00ec<\/td><td class=\"has-text-align-center\" data-align=\"center\"> S\u00ec<\/td><\/tr><tr><td>Conservazione a lungo termine  <\/td><td class=\"has-text-align-center\" data-align=\"center\"> No  <\/td><td class=\"has-text-align-center\" data-align=\"center\">S\u00ec<\/td><td class=\"has-text-align-center\" data-align=\"center\"> S\u00ec<\/td><\/tr><tr><td>Senza codici captcha <\/td><td class=\"has-text-align-center\" data-align=\"center\"> No  <\/td><td class=\"has-text-align-center\" data-align=\"center\">S\u00ec<\/td><td class=\"has-text-align-center\" data-align=\"center\"> S\u00ec<\/td><\/tr><tr><td>Link di file (diretto)    <\/td><td class=\"has-text-align-center\" data-align=\"center\"> No  <\/td><td class=\"has-text-align-center\" data-align=\"center\">S\u00ec<\/td><td class=\"has-text-align-center\" data-align=\"center\"> S\u00ec<\/td><\/tr><tr><td>Caricatore per FileDrop <\/td><td class=\"has-text-align-center\" data-align=\"center\"> No  <\/td><td class=\"has-text-align-center\" data-align=\"center\">S\u00ec<\/td><td class=\"has-text-align-center\" data-align=\"center\"> S\u00ec<\/td><\/tr><tr><td> FileDrop <\/td><td class=\"has-text-align-center\" data-align=\"center\"> No  <\/td><td class=\"has-text-align-center\" data-align=\"center\">S\u00ec <\/td><td class=\"has-text-align-center\" data-align=\"center\"> S\u00ec<\/td><\/tr><tr><td>Pu\u00f2 caricare da qualsiasi sito <\/td><td class=\"has-text-align-center\" data-align=\"center\"> No  <\/td><td class=\"has-text-align-center\" data-align=\"center\">S\u00ec<\/td><td class=\"has-text-align-center\" data-align=\"center\"> S\u00ec<\/td><\/tr><tr><td>La priorit\u00e0 del sostegno <\/td><td class=\"has-text-align-center\" data-align=\"center\"> No  <\/td><td class=\"has-text-align-center\" data-align=\"center\">S\u00ec<\/td><td class=\"has-text-align-center\" data-align=\"center\"> S\u00ec<\/td><\/tr><tr><td>Uso della password per proteggere i file <\/td><td class=\"has-text-align-center\" data-align=\"center\"> No  <\/td><td class=\"has-text-align-center\" data-align=\"center\">S\u00ec<\/td><td class=\"has-text-align-center\" data-align=\"center\"> S\u00ec<\/td><\/tr><tr><td>Strumento di collegamento una tantum <\/td><td class=\"has-text-align-center\" data-align=\"center\"> No  <\/td><td class=\"has-text-align-center\" data-align=\"center\">S\u00ec<\/td><td class=\"has-text-align-center\" data-align=\"center\"> S\u00ec<\/td><\/tr><tr><td>Personalizzazione completa del marchio  <\/td><td class=\"has-text-align-center\" data-align=\"center\"> No  <\/td><td class=\"has-text-align-center\" data-align=\"center\"> No  <\/td><td class=\"has-text-align-center\" data-align=\"center\"> S\u00ec<\/td><\/tr><tr><td>I registri di sicurezza sono dettagliati  <\/td><td class=\"has-text-align-center\" data-align=\"center\"> No  <\/td><td class=\"has-text-align-center\" data-align=\"center\"> No  <\/td><td class=\"has-text-align-center\" data-align=\"center\"> S\u00ec<\/td><\/tr><tr><td>Si possono aggiungere pi\u00f9 di 100 utenti  <\/td><td class=\"has-text-align-center\" data-align=\"center\"> No  <\/td><td class=\"has-text-align-center\" data-align=\"center\"> No  <\/td><td class=\"has-text-align-center\" data-align=\"center\"> S\u00ec<\/td><\/tr><\/tbody><\/table><\/figure>\n\n\n\n<h3>Aggiorna il tuo account MediaFire<\/h3>\n\n\n\n<p>Mediafire d\u00e0 all&#8217;utente l&#8217;accesso alle sue nuove e altre caratteristiche e alle sue capacit\u00e0 di caricamento, download e condivisione quando un utente aggiorna il suo account MediaFire e gli utenti possono aggiornare il loro account MediaFire in qualsiasi momento. Inoltre, l&#8217;aggiornamento dell&#8217;account MediaFire sbloccher\u00e0 una maggiore capacit\u00e0 di archiviazione, pi\u00f9 opzioni per la condivisione e una maggiore larghezza di banda.  <\/p>\n\n\n\n<p>Se un utente non \u00e8 ancora registrato a MediaFire, pu\u00f2 prima controllare la pagina di aggiornamento di MediaFire per scegliere quale piano MediaFire vuole ottenere. La creazione di un account MediaFire verr\u00e0 effettuata durante il processo di aggiornamento MediaFire. Prima di ci\u00f2, l&#8217;utente pu\u00f2 anche scegliere di creare il proprio account MediaFire prima di effettuare l&#8217;aggiornamento.<\/p>\n\n\n\n<p>MediaFire Premium ha tre (3) piani (MediaFire Basic Plan, MediaFire Pro Plan e MediaFire Business Plan) che hanno caratteristiche e capacit\u00e0 diverse. Quindi, state pensando a quale piano sceglierete?<\/p>\n\n\n\n<figure class=\"wp-block-table\"><table class=\"\"><tbody><tr><td class=\"has-text-align-center\" data-align=\"center\"><strong> MediaFire Premium Conto<\/strong><\/td><\/tr><\/tbody><\/table><\/figure>\n\n\n\n<figure class=\"wp-block-table\"><table class=\"\"><tbody><tr><td><strong>Piano di base gratuito MediaFire <\/strong><\/td><td><strong>Piano Pro <\/strong><\/td><td><strong> Business Plan <\/strong><\/td><\/tr><tr><td>Contiene Annunci<\/td><td>Nessun annuncio<\/td><td>Nessun annuncio<\/td><\/tr><tr><td>La capacit\u00e0 di memorizzazione \u00e8 limitata a 10 GB o 0,01 TB <\/td><td>La capacit\u00e0 di archiviazione \u00e8 di 1 TB (1000 GB) <\/td><td>La capacit\u00e0 di stoccaggio \u00e8 di 1 TB fino a 100 TB <\/td><\/tr><tr><td>Il prezzo \u00e8 gratuito <\/td><td>Prezzo (con sconto del 50%):<br> Prezzo originale: $7,50 al mese<\/td><td> Prezzo (con sconto del 50%):<br> Prezzo originale (mensile):<br> 80 dollari al mese<br> Mensile: $50 al mese<\/td><\/tr><tr><td>Il numero di accesso al tool 1-Time Download Link \u00e8 di 10 al giorno <\/td><td> Annuale: 3,75 dollari al mese<br> Mensile: 5 dollari al mese<\/td><td> Prezzo originale (trimestrale): $100 al mese<br> Trimestrale: 40 dollari al mese<\/td><\/tr><tr><td>\ufeff<\/td><td> Viene fatturato annualmente<br> o 5 dollari al mese <\/td><td> Viene fatturato trimestralmente<br> o $50 mese per mese <\/td><\/tr><tr><td>\ufeff<\/td><td> Il numero di accesso al tool 1-Time Download Link \u00e8 di 100 al giorno  <\/td><td> Il numero di accesso al tool 1-Time Download Link \u00e8 di 5000 al giorno <\/td><\/tr><tr><td>\ufeff<\/td><td>1 utente <\/td><td>Pi\u00f9 di 100 utenti <\/td><\/tr><\/tbody><\/table><\/figure>\n\n\n\n<p>*1 TB = 1024 GB<\/p>\n\n\n\n<p>Si noti che tutti i tipi di account MediaFire utilizzano la stessa interfaccia grafica utente (GUI) di quello che ha l&#8217;account gratuito MediaFire, ma solo gli account premium hanno annunci su di esso, quindi alcuni utenti si avvalgono del tipo di account Premium MediaFire perch\u00e9 trovano che gli annunci distraggono per l&#8217;account MediaFire Free Basic. <\/p>\n\n\n\n<p>Gli account Premium MediaFire &#8211; il Professional e l&#8217;account Business, questi danno agli utenti gli strumenti di cui avranno bisogno per conservare i loro file in modo sicuro, per controllare l&#8217;accesso degli altri utenti ai file, e per collaborare in modo pi\u00f9 efficace con le altre persone soprattutto in termini di business. <\/p>\n\n\n\n<p>La cosa positiva di tutto questo \u00e8 che i conti di MediaFire non scadono mai.<\/p>\n\n\n\n<h3>Tassa sul conto Premium Mediafire<\/h3>\n\n\n\n<p>Non ci sono <a rel=\"noreferrer noopener\" aria-label=\"imposta  (opens in a new tab)\" href=\"https:\/\/www.investopedia.com\/terms\/t\/taxes.asp\" target=\"_blank\">imposta <\/a>costi per gli utenti che sono iscritti al Mediafire Premium Account, ma se un utente \u00e8 uno dei residenti del Texas, quell&#8217;utente deve pagare l&#8217;8,25% per l&#8217;onere fiscale per ogni singola transazione.<\/p>\n\n\n\n<h3>Pagamento per MediaFire<\/h3>\n\n\n\n<p>MediaFire supporta solo la modalit\u00e0 di pagamento diretto tramite carta di credito o carta di debito. La carta pu\u00f2 essere una VISA, MasterCard, Discover e American Express.<\/p>\n\n\n\n<h2><strong>Carica<\/strong><\/h2>\n\n\n\n<p>Caricare i file \u00e8 davvero facile ora!<\/p>\n\n\n\n<p>MediaFire \u00e8 qui per aiutarvi a mantenere e organizzare i vostri file per rendere la vostra vita pi\u00f9 facile, MediaFire ha una funzione &#8220;drag and drop&#8221; che render\u00e0 il caricamento pi\u00f9 veloce. Supporta anche il caricamento di pi\u00f9 file diversi con diversi tipi di file.<\/p>\n\n\n\n<p>Gli utenti possono semplicemente trascinare la loro cartella o il loro file dal loro dispositivo e rilasciarlo nella loro pagina MediaFire My Files.  Dopo di che, MediaFire caricher\u00e0 automaticamente l&#8217;intero contenuto della cartella o del file per voi. <\/p>\n\n\n\n<p>Caricando cartelle o file con dispositivi mobili \u00e8 possibile utilizzare l&#8217;opzione &#8220;Condividi a&#8221; e selezionare &#8220;MediaFire&#8221; per caricarli direttamente sull&#8217;account MediaFire dell&#8217;utente.<\/p>\n\n\n\n<p>Vai subito sul sito o sull&#8217;applicazione MediaFire e prova a caricare i tuoi file!<\/p>\n\n\n\n<h2><strong>Scaricare<\/strong><\/h2>\n\n\n\n<p>Gli utenti possono ora facilmente scaricare il file dal sito MediaFire, dalla posta elettronica e dai social media, o da qualsiasi altro luogo utilizzando il link fornito da MediaFire per i file. Le persone dovranno solo cliccare sul link e questo li indirizzer\u00e0 al file per il download.<\/p>\n\n\n<a class=\"maxbutton-2 maxbutton maxbutton-cta\" target=\"_blank\" rel=\"nofollow noopener\" href=\"\/go\/\"><span class='mb-text'>&gt;&gt; Vai al sito web originale di Linkifier<\/span><\/a>\n\n\n<p><\/p>\n\n\n\n<h2><strong>Condivisione: Collegamento una tantum<\/strong><\/h2>\n\n\n\n<p>Il One-Time Link \u00e8 un link alla cartella o al file necessario per controllare l&#8217;accesso in condivisione e il download.<\/p>\n\n\n\n<p>Altre persone non possono condividere il legame con altri. Il link \u00e8 accessibile solo per il proprietario e per l&#8217;utente condiviso. Di solito viene utilizzato per i file privati, personali o di lavoro. <\/p>\n\n\n\n<p>Non c&#8217;\u00e8 bisogno di preoccuparsi se un utente ha esaurito tutti i link One-Time disponibili, perch\u00e9 il numero di link si aggiorner\u00e0 una volta al giorno.<\/p>\n\n\n\n<h2><strong>Dispositivi supportati da MediaFire<\/strong><\/h2>\n\n\n\n<p>MediaFire assicura ai suoi utenti che i loro file sono sempre con loro attraverso l&#8217;aiuto di diversi dispositivi. Un utente pu\u00f2 accedere al sito o all&#8217;applicazione MediaFire attraverso questi dispositivi supportati, ovunque si rechi.<\/p>\n\n\n\n<ul><li>Dispositivi mobili o Tablet<\/li><\/ul>\n\n\n\n<p>MediaFire was released in January 2013 for Android phones and in July 2012 for <a href=\"https:\/\/www.techopedia.com\/definition\/25206\/ios\">iOS<\/a> phones.<br>MediaFire \u00e8 stato rilasciato a gennaio 2013 per i telefoni Android e a luglio 2012 per i telefoni <a href=\"https:\/\/www.techopedia.com\/definition\/25206\/ios\" target=\"_blank\" rel=\"noreferrer noopener\" aria-label=\"iOS (opens in a new tab)\">iOS<\/a>.<\/p>\n\n\n\n<p>L&#8217;applicazione mobile di MediaFire \u00e8 un modo molto utile e molto conveniente da usare per eseguire il backup o il ripristino dei file pi\u00f9 velocemente e tutti i file saranno tenuti al sicuro nell&#8217;account MediaFire dell&#8217;utente se il dispositivo dell&#8217;utente \u00e8 rotto o danneggiato.<\/p>\n\n\n\n<figure class=\"wp-block-table\"><table class=\"\"><tbody><tr><td><strong>MediaFire per iOS<\/strong><\/td><td><strong>MediaFire per Android<\/strong><\/td><\/tr><tr><td>Auto &#8211; sincronizzazione di foto e videoCartella e gestione dei file Caricamento di foto e videoVisualizza i documenti utilizzando l&#8217;app MediaFireCondividi i file utilizzando altri appCondividi i link tramite copia e incollaCompatibile con i dispositivi mobili Apple con versione iOS 9 e superiori.<\/td><td>Auto &#8211; sincronizzazione di foto e videoCartella e gestione dei file Caricamento dei file con qualsiasi tipo di fileAprire i file utilizzando altre applicazioniCondividere i file utilizzando altre applicazioniCondividere i link tramite copia e incollaCompatibile con i dispositivi mobili Android con Android versione #16 (4.1) e superiori.<\/td><\/tr><\/tbody><\/table><\/figure>\n\n\n\n<ul><li>MediaFire per Desktop o Laptop (Web)<\/li><\/ul>\n\n\n\n<p>MediaFire per il web \u00e8 stato pubblicato per la prima volta a novembre del 2013.<\/p>\n\n\n\n<p>Il sito MediaFire \u00e8 accessibile agli utenti di desktop o laptop utilizzando un diverso browser web supportato ed \u00e8 compatibile con il sistema operativo Mac e il sistema operativo Microsoft Windows. Permette al sistema di effettuare la sincronizzazione di cartelle e file con un account utente MediaFire. <\/p>\n\n\n\n<p>Sistemi operativi (S.O.) compatibili per MediaFire Web:<\/p>\n\n\n\n<p>1. Per il sistema operativo Microsoft Windows<\/p>\n\n\n\n<p>&nbsp;&#8211; Windows XP, Windows Vista, Windows 7 e Windows 8, o versioni superiori di Windows con almeno 1 GB di RAM e 600 MB di spazio su disco.<\/p>\n\n\n\n<p>2. Per Mac OS<\/p>\n\n\n\n<p>&nbsp;&#8211; Mac OS X 10.7 o versioni superiori di Windows con almeno 1 GB di RAM e 600 MB di spazio su disco. <\/p>\n\n\n\n<p>Browser Web compatibili per MediaFire Web:<\/p>\n\n\n\n<p>1. Google Chrome,<\/p>\n\n\n\n<p>2. Internet Explorer (IE), and<\/p>\n\n\n\n<p>3. Mozilla Firefox<\/p>\n\n\n\n<p>Caratteristiche Web MediaFire:<\/p>\n\n\n\n<p>1. Sincronizzazione di cartelle e file<\/p>\n\n\n\n<p>2. Condivisione di cartelle e file<\/p>\n\n\n\n<p>3. Notifiche<\/p>\n\n\n\n<p>4. Catturare lo schermo<\/p>\n\n\n\n<h2><strong>Collaborazione MediaFire<\/strong><\/h2>\n\n\n\n<p>Quando si parla di collaborazione, MediaFire \u00e8 in grado di condividere cartelle e file ed \u00e8 collegato con le piattaforme dei social media come Facebook, Google, Twitter e persino con le piattaforme di posta elettronica. Nella condivisione di file con MediaFire, un utente pu\u00f2 invitare altre persone a condividere file utilizzando queste piattaforme. Un utente pu\u00f2 anche controllare l&#8217;accesso di una o pi\u00f9 persone per visualizzare o anche modificare la sua cartella o il suo file. MediaFire supporta pi\u00f9 di duecento (200) tipi di file. I file possono includere foto, video, musica, documenti e altri.<\/p>\n\n\n<a class=\"maxbutton-2 maxbutton maxbutton-cta\" target=\"_blank\" rel=\"nofollow noopener\" href=\"\/go\/\"><span class='mb-text'>&gt;&gt; Vai al sito web originale di Linkifier<\/span><\/a>\n\n\n<p><\/p>\n","protected":false},"excerpt":{"rendered":"<p>MediaFire \u00e8 una piattaforma perfetta per tutti coloro che hanno bisogno di condividere e conservare un file. I file che<\/p>\n","protected":false},"author":2,"featured_media":0,"parent":0,"menu_order":0,"comment_status":"closed","ping_status":"closed","template":"","meta":[],"yoast_head":"<!-- This site is optimized with the Yoast SEO plugin v18.3 - https:\/\/yoast.com\/wordpress\/plugins\/seo\/ -->\n<title>Mediafire Premium Account - Il Filehoster in sintesi<\/title>\n<meta name=\"description\" content=\"Se Mediafire \u00e8 un fornitore affidabile o no, potete trovare la risposta nel test in corso su Multihoster.org \u279c Cliccate ora \u271a per leggere le nostre esperienze!\" \/>\n<meta name=\"robots\" content=\"index, follow, max-snippet:-1, max-image-preview:large, max-video-preview:-1\" \/>\n<link rel=\"canonical\" href=\"https:\/\/multihoster.org\/it\/mediafire\/\" \/>\n<meta property=\"og:locale\" content=\"it_IT\" \/>\n<meta property=\"og:type\" content=\"article\" \/>\n<meta property=\"og:title\" content=\"Mediafire Premium Account - Il Filehoster in sintesi\" \/>\n<meta property=\"og:description\" content=\"Se Mediafire \u00e8 un fornitore affidabile o no, potete trovare la risposta nel test in corso su Multihoster.org \u279c Cliccate ora \u271a per leggere le nostre esperienze!\" \/>\n<meta property=\"og:url\" content=\"https:\/\/multihoster.org\/it\/mediafire\/\" \/>\n<meta property=\"og:site_name\" content=\"Multihoster.org\" \/>\n<meta property=\"article:modified_time\" content=\"2020-03-25T14:17:49+00:00\" \/>\n<meta property=\"og:image\" content=\"https:\/\/lh5.googleusercontent.com\/zNXndndjxVA0YDOnOq4pjuulNSt_TmkOKKarck7VbnRykHu0xfRGfdekc3c9o24_zkfmAZBYEVa3GLesmBe4x1CXsS9XVfk8NsAWlUs3yzt-eHG5YUGNEC_GwN4_j21iCZb_t54\" \/>\n<meta name=\"twitter:card\" content=\"summary\" \/>\n<meta name=\"twitter:label1\" content=\"Tempo di lettura stimato\" \/>\n\t<meta name=\"twitter:data1\" content=\"8 minuti\" \/>\n<script type=\"application\/ld+json\" class=\"yoast-schema-graph\">{\"@context\":\"https:\/\/schema.org\",\"@graph\":[{\"@type\":\"WebSite\",\"@id\":\"https:\/\/multihoster.org\/#website\",\"url\":\"https:\/\/multihoster.org\/\",\"name\":\"Multihoster.org\",\"description\":\"Reviews of the major Filehosting services\",\"potentialAction\":[{\"@type\":\"SearchAction\",\"target\":{\"@type\":\"EntryPoint\",\"urlTemplate\":\"https:\/\/multihoster.org\/?s={search_term_string}\"},\"query-input\":\"required name=search_term_string\"}],\"inLanguage\":\"it-IT\"},{\"@type\":\"ImageObject\",\"@id\":\"https:\/\/multihoster.org\/it\/mediafire\/#primaryimage\",\"inLanguage\":\"it-IT\",\"url\":\"https:\/\/lh5.googleusercontent.com\/zNXndndjxVA0YDOnOq4pjuulNSt_TmkOKKarck7VbnRykHu0xfRGfdekc3c9o24_zkfmAZBYEVa3GLesmBe4x1CXsS9XVfk8NsAWlUs3yzt-eHG5YUGNEC_GwN4_j21iCZb_t54\",\"contentUrl\":\"https:\/\/lh5.googleusercontent.com\/zNXndndjxVA0YDOnOq4pjuulNSt_TmkOKKarck7VbnRykHu0xfRGfdekc3c9o24_zkfmAZBYEVa3GLesmBe4x1CXsS9XVfk8NsAWlUs3yzt-eHG5YUGNEC_GwN4_j21iCZb_t54\"},{\"@type\":\"WebPage\",\"@id\":\"https:\/\/multihoster.org\/it\/mediafire\/#webpage\",\"url\":\"https:\/\/multihoster.org\/it\/mediafire\/\",\"name\":\"Mediafire Premium Account - Il Filehoster in sintesi\",\"isPartOf\":{\"@id\":\"https:\/\/multihoster.org\/#website\"},\"primaryImageOfPage\":{\"@id\":\"https:\/\/multihoster.org\/it\/mediafire\/#primaryimage\"},\"datePublished\":\"2020-03-20T11:52:32+00:00\",\"dateModified\":\"2020-03-25T14:17:49+00:00\",\"description\":\"Se Mediafire \u00e8 un fornitore affidabile o no, potete trovare la risposta nel test in corso su Multihoster.org \u279c Cliccate ora \u271a per leggere le nostre esperienze!\",\"breadcrumb\":{\"@id\":\"https:\/\/multihoster.org\/it\/mediafire\/#breadcrumb\"},\"inLanguage\":\"it-IT\",\"potentialAction\":[{\"@type\":\"ReadAction\",\"target\":[\"https:\/\/multihoster.org\/it\/mediafire\/\"]}]},{\"@type\":\"BreadcrumbList\",\"@id\":\"https:\/\/multihoster.org\/it\/mediafire\/#breadcrumb\",\"itemListElement\":[{\"@type\":\"ListItem\",\"position\":1,\"name\":\"Startseite\",\"item\":\"https:\/\/multihoster.org\/it\/\"},{\"@type\":\"ListItem\",\"position\":2,\"name\":\"Mediafire Premium Conto: Il Filehoster In Sintesi\"}]}]}<\/script>\n<!-- \/ Yoast SEO plugin. -->","yoast_head_json":{"title":"Mediafire Premium Account - Il Filehoster in sintesi","description":"Se Mediafire \u00e8 un fornitore affidabile o no, potete trovare la risposta nel test in corso su Multihoster.org \u279c Cliccate ora \u271a per leggere le nostre esperienze!","robots":{"index":"index","follow":"follow","max-snippet":"max-snippet:-1","max-image-preview":"max-image-preview:large","max-video-preview":"max-video-preview:-1"},"canonical":"https:\/\/multihoster.org\/it\/mediafire\/","og_locale":"it_IT","og_type":"article","og_title":"Mediafire Premium Account - Il Filehoster in sintesi","og_description":"Se Mediafire \u00e8 un fornitore affidabile o no, potete trovare la risposta nel test in corso su Multihoster.org \u279c Cliccate ora \u271a per leggere le nostre esperienze!","og_url":"https:\/\/multihoster.org\/it\/mediafire\/","og_site_name":"Multihoster.org","article_modified_time":"2020-03-25T14:17:49+00:00","og_image":[{"url":"https:\/\/lh5.googleusercontent.com\/zNXndndjxVA0YDOnOq4pjuulNSt_TmkOKKarck7VbnRykHu0xfRGfdekc3c9o24_zkfmAZBYEVa3GLesmBe4x1CXsS9XVfk8NsAWlUs3yzt-eHG5YUGNEC_GwN4_j21iCZb_t54"}],"twitter_card":"summary","twitter_misc":{"Tempo di lettura stimato":"8 minuti"},"schema":{"@context":"https:\/\/schema.org","@graph":[{"@type":"WebSite","@id":"https:\/\/multihoster.org\/#website","url":"https:\/\/multihoster.org\/","name":"Multihoster.org","description":"Reviews of the major Filehosting services","potentialAction":[{"@type":"SearchAction","target":{"@type":"EntryPoint","urlTemplate":"https:\/\/multihoster.org\/?s={search_term_string}"},"query-input":"required name=search_term_string"}],"inLanguage":"it-IT"},{"@type":"ImageObject","@id":"https:\/\/multihoster.org\/it\/mediafire\/#primaryimage","inLanguage":"it-IT","url":"https:\/\/lh5.googleusercontent.com\/zNXndndjxVA0YDOnOq4pjuulNSt_TmkOKKarck7VbnRykHu0xfRGfdekc3c9o24_zkfmAZBYEVa3GLesmBe4x1CXsS9XVfk8NsAWlUs3yzt-eHG5YUGNEC_GwN4_j21iCZb_t54","contentUrl":"https:\/\/lh5.googleusercontent.com\/zNXndndjxVA0YDOnOq4pjuulNSt_TmkOKKarck7VbnRykHu0xfRGfdekc3c9o24_zkfmAZBYEVa3GLesmBe4x1CXsS9XVfk8NsAWlUs3yzt-eHG5YUGNEC_GwN4_j21iCZb_t54"},{"@type":"WebPage","@id":"https:\/\/multihoster.org\/it\/mediafire\/#webpage","url":"https:\/\/multihoster.org\/it\/mediafire\/","name":"Mediafire Premium Account - Il Filehoster in sintesi","isPartOf":{"@id":"https:\/\/multihoster.org\/#website"},"primaryImageOfPage":{"@id":"https:\/\/multihoster.org\/it\/mediafire\/#primaryimage"},"datePublished":"2020-03-20T11:52:32+00:00","dateModified":"2020-03-25T14:17:49+00:00","description":"Se Mediafire \u00e8 un fornitore affidabile o no, potete trovare la risposta nel test in corso su Multihoster.org \u279c Cliccate ora \u271a per leggere le nostre esperienze!","breadcrumb":{"@id":"https:\/\/multihoster.org\/it\/mediafire\/#breadcrumb"},"inLanguage":"it-IT","potentialAction":[{"@type":"ReadAction","target":["https:\/\/multihoster.org\/it\/mediafire\/"]}]},{"@type":"BreadcrumbList","@id":"https:\/\/multihoster.org\/it\/mediafire\/#breadcrumb","itemListElement":[{"@type":"ListItem","position":1,"name":"Startseite","item":"https:\/\/multihoster.org\/it\/"},{"@type":"ListItem","position":2,"name":"Mediafire Premium Conto: Il Filehoster In Sintesi"}]}]}},"_links":{"self":[{"href":"https:\/\/multihoster.org\/it\/wp-json\/wp\/v2\/pages\/2508"}],"collection":[{"href":"https:\/\/multihoster.org\/it\/wp-json\/wp\/v2\/pages"}],"about":[{"href":"https:\/\/multihoster.org\/it\/wp-json\/wp\/v2\/types\/page"}],"author":[{"embeddable":true,"href":"https:\/\/multihoster.org\/it\/wp-json\/wp\/v2\/users\/2"}],"replies":[{"embeddable":true,"href":"https:\/\/multihoster.org\/it\/wp-json\/wp\/v2\/comments?post=2508"}],"version-history":[{"count":5,"href":"https:\/\/multihoster.org\/it\/wp-json\/wp\/v2\/pages\/2508\/revisions"}],"predecessor-version":[{"id":2882,"href":"https:\/\/multihoster.org\/it\/wp-json\/wp\/v2\/pages\/2508\/revisions\/2882"}],"wp:attachment":[{"href":"https:\/\/multihoster.org\/it\/wp-json\/wp\/v2\/media?parent=2508"}],"curies":[{"name":"wp","href":"https:\/\/api.w.org\/{rel}","templated":true}]}}