{"id":2528,"date":"2020-03-20T14:33:18","date_gmt":"2020-03-20T14:33:18","guid":{"rendered":"https:\/\/multihoster.org\/?page_id=2528"},"modified":"2020-12-14T18:46:50","modified_gmt":"2020-12-14T18:46:50","slug":"uptobox","status":"publish","type":"page","link":"https:\/\/multihoster.org\/it\/uptobox\/","title":{"rendered":"Uptobox Premium Conto: Il Filehoster In Sintesi"},"content":{"rendered":"\n<figure class=\"wp-block-image\"><img src=\"https:\/\/lh4.googleusercontent.com\/xv77LN-168QhF1RoSxdXh1MjQwqUr05MsdRowLG3ns8v4mB8SIfgagayRIOS2mSr5z3ZacePc7jeItnedhkyU9zJI8E04UxYUfzxXbmj5fVfg7ssk9wtBHMEG8wU42jnzz7IFiw\" alt=\"Uptobox Homepage\"\/><\/figure>\n\n\n\n<p>Volete e avete bisogno di salvare i vostri file e documenti online? Non si tratta di salvare i dati per i vostri siti online, ma piuttosto di file privati e individuali, immagini, documenti e cos\u00ec via.<\/p>\n\n\n\n<p>Se si \u00e8 una persona che dipende in modo massiccio da grandi quantit\u00e0 di memoria per i file essenziali, pesare questo fattore durante la scelta di un piano di hosting \u00e8 intelligente. Diversi modelli aziendali si affidano interamente alle centinaia di GB di contenuti eccellenti, che spesso includono pesanti spazi di archiviazione.<\/p>\n\n\n\n<p><strong>Sii una persona sempre preparata.<\/strong><\/p>\n\n\n\n<p>C&#8217;\u00e8 un servizio come File hosting che ti d\u00e0 la libert\u00e0 di caricare i file su un server e di accedervi da qualsiasi gadget. Ci sono servizi simili forniti, e questi sono Dropbox o Google Drive, tuttavia, per un maggiore controllo extra, potreste aver bisogno e richiedere altri fornitori di File Hosting. <\/p>\n\n\n\n<p>I programmi di archiviazione dei file si differenziano a seconda dei limiti di dimensione dei file, dello spazio, del prezzo, e consentono di distribuire i dati online con altri individui, ad esempio con il vostro telelavoratore.<\/p>\n\n\n\n<p>E siccome volevamo che foste preparati, vi presenteremo uno dei migliori account premium del File Hosting. In questa discussione, approfondiremo le meraviglie dei servizi premium di Uptobox.<\/p>\n\n\n<a class=\"maxbutton-2 maxbutton maxbutton-cta\" target=\"_blank\" rel=\"nofollow noopener\" href=\"\/uptobox\/goto\/\"><span class='mb-text'>&gt;&gt; Vai al sito web originale di Uptobox<\/span><\/a>\n\n\n<p><\/p>\n\n\n\n\n\n\n\n<figure class=\"wp-block-image\"><img src=\"https:\/\/lh4.googleusercontent.com\/kItRDMH2CIrSQJ_UT8akXzJKIV6mWUHbI6Tz6OlX0bhoIb2-56RgHYrK9ir1uSHHpqPiMHSe6zP2oFkNAeXU65feQaKsXcntwg0y20n6ct51FSKOxYLKuCU_0Hfs2pnHEkt7B44\" alt=\"Uptobox Logo\"\/><\/figure>\n\n\n\n<h2>Cos&#8217;\u00e8 Uptobox?<\/h2>\n\n\n\n<p>Uptobox \u00e8 un vero e proprio file hosting provider. Consente capacit\u00e0 di backup remoto, archiviazione online, strumenti avanzati per il download e il caricamento e il download. Con Uptobox, gli utenti possono ospitare file, audio, immagini, video e flash nello stesso punto.<\/p>\n\n\n\n<p>Uptobox \u00e8 orgogliosa di essere non solo un fornitore di File Hosting ma anche una piattaforma di File Sharing. Prendi due piccioni con una fava quando ti iscrivi ad un account Premium di Uptobox. Ma qual \u00e8 esattamente la differenza tra File Hosting e File Sharing?<\/p>\n\n\n\n<ul><li>Hosting di file<\/li><\/ul>\n\n\n\n<p>Il file hosting \u00e8 un aiuto che permette di caricare e gestire i propri file sul server di qualcun altro. Potrebbe essere ospitato su un server reale o utilizzare il cloud storage &#8211; lo stesso risultato si otterrebbe. Caricate i vostri documenti sul server, e questo rimarr\u00e0 fino a quando non li togliete (tranne che i vostri file vengono eliminati dall&#8217;azienda per qualche motivo che potrebbe aver violato i loro termini e condizioni).<\/p>\n\n\n\n<ul><li>Condivisione dei file<\/li><\/ul>\n\n\n\n<p>Un servizio di distribuzione di file pu\u00f2 essere visto come una sorta di file hosting. Con la condivisione dei file, si ottiene non solo il diritto di caricare e mantenere i propri file sui server dell&#8217;azienda, ma anche la libert\u00e0 di dare ad altre persone un link per il download. Avendo quel link per il download, questi altri utenti possono ottenere e scaricare il vostro file per il loro uso.<\/p>\n\n\n\n<figure class=\"wp-block-image\"><img src=\"https:\/\/lh3.googleusercontent.com\/ooi_fJxD8rz548IY4kL6Ssuz2j4bryUW42uR81xe_k4IVN-VFRmw_xRW3KDdFGopKo6YgipyRODEzo796Zx80AABer8Td3aARU79Z0B4QhLmsp-wG5bwg9aJUoNRG44WpdJ9b-k\" alt=\"Uptobox Premium Account Pricing\"\/><\/figure>\n\n\n\n<h2>Uptobox Premium vale la pena?<\/h2>\n\n\n\n<p>Uptobox Premium permette di massimizzare tutti gli strumenti e l&#8217;utilit\u00e0 della societ\u00e0 di file hosting. Anche se avere un account gratuito Uptobox \u00e8 gi\u00e0 grande, ma essere in grado di utilizzare tutti gli strumenti avanzati \u00e8 solo per raffreddare.<\/p>\n\n\n\n<p>In base alla validit\u00e0 dell&#8217;account, Uptobox Premium ti permette di gestire pi\u00f9 facilmente il tuo abbonamento fornendo il miglior pacchetto a seconda dei giorni di utilizzo dell&#8217;account. Il loro servizio \u00e8 quello di renderti la vita pi\u00f9 facile, quindi perch\u00e9 non rendere l&#8217;abbonamento anche molto semplice e conveniente, giusto?<\/p>\n\n\n\n<figure class=\"wp-block-table\"><table><tbody><tr><td>IMPORTO<\/td><td>VALIDIT\u00c0 DELL&#8217;ABBONAMENTO<\/td><\/tr><tr><td>$5.42<\/td><td>30 giorni<\/td><\/tr><tr><td>$27.11<\/td><td>1 anno<\/td><\/tr><tr><td>$48.79<\/td><td>2 anni<\/td><\/tr><tr><td>$135.53<\/td><td>5 anni<\/td><\/tr><\/tbody><\/table><\/figure>\n\n\n\n<p>Tutte le preoccupazioni degli utenti sono la loro massima priorit\u00e0 e mirano alla vostra convenienza. Quindi tutte le impostazioni e gli strumenti avanzati saranno elencati in basso e vedrete voi stessi se un account premium vale davvero la pena di provare.<\/p>\n\n\n\n<figure class=\"wp-block-table\"><table><tbody><tr><td><br><\/td><td>GRATIS<\/td><td>REGISTRATO<\/td><td>PREMIUM<\/td><\/tr><tr><td>Dimensione massima del file da caricare <\/td><td>1 GB<\/td><td>200 GB<\/td><td>200 GB<\/td><\/tr><tr><td>Spazio \/ Conservazione<\/td><td>\u2716<\/td><td>1 TB<\/td><td>Unlimited<\/td><\/tr><tr><td>Velocit\u00e0 di download<\/td><td>Molto limitato<\/td><td>Limitata<\/td><td>Massimo<\/td><\/tr><tr><td>Caricamento del link remoto<\/td><td>\u2716<\/td><td>\u2714\ufe0f<\/td><td>\u2714\ufe0f<\/td><\/tr><tr><td>Carica con il client FTP<\/td><td>\u2716<\/td><td>\u2716<\/td><td>\u2714\ufe0f<\/td><\/tr><tr><td>Link per il download protetti da password<\/td><td>\u2716<\/td><td>\u2714\ufe0f<\/td><td>\u2714\ufe0f<\/td><\/tr><tr><td>Alta disponibilit\u00e0 di file<\/td><td>\u2716<\/td><td>\u2716<\/td><td>\u2714\ufe0f<\/td><\/tr><tr><td>Tempo di attesa prima del download<\/td><td>\u2716<\/td><td>\u2716<\/td><td>\u2714\ufe0f<\/td><\/tr><tr><td>Download diretto<\/td><td>\u2716<\/td><td>\u2716<\/td><td>\u2714\ufe0f<\/td><\/tr><tr><td>Download criptati<\/td><td>\u2716<\/td><td>\u2716<\/td><td>\u2714\ufe0f<\/td><\/tr><tr><td>Senza pubblicit\u00e0<\/td><td>\u2716<\/td><td>\u2716<\/td><td>\u2714\ufe0f<\/td><\/tr><tr><td>Download-Acceleratori<\/td><td>\u2714\ufe0f<\/td><td>\u2714\ufe0f<\/td><td>\u2714\ufe0f<\/td><\/tr><tr><td>Cancellazione dei file<\/td><td>30 giorni dall&#8217;ultimo download<\/td><td>90 giorni dall&#8217;ultimo download<\/td><td>Mai<\/td><\/tr><\/tbody><\/table><\/figure>\n\n\n\n<h3>Caratteristiche aggiuntive per Uptobox Premium Conto<\/h3>\n\n\n\n<figure class=\"wp-block-table\"><table><tbody><tr><td><br><\/td><td>GRATIS<\/td><td>REGISTRATO<\/td><td>PREMIUM<\/td><\/tr><tr><td>Riprendere<\/td><td>\u2714\ufe0f<\/td><td>\u2714\ufe0f<\/td><td>\u2714\ufe0f<\/td><\/tr><tr><td>Video HD<\/td><td>\u2714\ufe0f<\/td><td>\u2714\ufe0f<\/td><td>\u2714\ufe0f<\/td><\/tr><tr><td>Priorit\u00e0 di codifica<\/td><td>\u2716<\/td><td>\u2716<\/td><td>\u2714\ufe0f<\/td><\/tr><tr><td>Orologio a tempo illimitato<\/td><td>\u2716<\/td><td>\u2716<\/td><td>\u2714\ufe0f<\/td><\/tr><tr><td>Commerciale \/ Annunci Gratuiti<\/td><td>\u2716<\/td><td>\u2716<\/td><td>\u2714\ufe0f<\/td><\/tr><\/tbody><\/table><\/figure>\n\n\n\n<h2>Perch\u00e9 utilizzare Uptobox Premium?<\/h2>\n\n\n\n<p>Ogni volta che si richiede di trasferire un file troppo pesante per la posta elettronica, Uptobox pu\u00f2 aiutarvi in questo senso. Se desiderate una funzione di area remota protetta e sicura per le riserve fuori sede, Uptobox contribuisce alle risoluzioni per voi.<\/p>\n\n\n<a class=\"maxbutton-2 maxbutton maxbutton-cta\" target=\"_blank\" rel=\"nofollow noopener\" href=\"\/uptobox\/goto\/\"><span class='mb-text'>&gt;&gt; Vai al sito web originale di Uptobox<\/span><\/a>\n\n\n<p><br><\/p>\n\n\n\n<p>Se si desidera raggiungere i dati personali da una variet\u00e0 di postazioni di lavoro e non si vuole tenere ovunque una chiavetta USB, Uptobox Premium Account \u00e8 un ottimo mezzo per farlo.<\/p>\n\n\n\n<figure class=\"wp-block-image\"><img src=\"https:\/\/lh6.googleusercontent.com\/Qi_hpwDep5TgCTSGhPa0L1KvIsvCKwyrEqn4E7RP4UOwmTOFGeiETyMAPtRdnHY7742KwHemblps9xGn4HRQvVjUoKOpkTgLrdLNdwu6uaa9c2wkoGGz-yAyfR3TGxy75-N0AaE\" alt=\"Uptobox Security\"\/><\/figure>\n\n\n\n<h2>Uptobox Misure di sicurezza e di protezione<\/h2>\n\n\n\n<p>La gestione di Uptobox, proprio come l&#8217;altra societ\u00e0 di file hosting, assicura misure di protezione per garantire che tutti gli utenti siano al sicuro da persone malintenzionate e da altre attivit\u00e0 illegali durante l&#8217;utilizzo del servizio.<\/p>\n\n\n\n<p>Come tutti gli utenti dovrebbero ora, Uptobox ha il diritto di incapacitare il collegamento diretto su account che praticano un&#8217;estrema larghezza di banda o in altro modo, sfruttando i vantaggi del sistema. Fino a quando Uptobox sar\u00e0 stata avvisata di tale sfruttamento e abuso, si assicurer\u00e0 di intraprendere azioni immediate per instillare l&#8217;integrit\u00e0 del sistema.<\/p>\n\n\n\n<figure class=\"wp-block-table\"><table><tbody><tr><td><br>La pornografia, la nudit\u00e0, le immagini sessuali e altri tipi di video o immagini di nudo sono illegali. Anche il materiale protetto da copyright pu\u00f2 essere rigorosamente illegale. Ci riserviamo il diritto di scegliere un file adatto e possiamo rimuovere video o immagini in qualsiasi momento senza che l&#8217;utente ne venga a conoscenza.<\/td><\/tr><\/tbody><\/table><\/figure>\n\n\n\n<p>Gli utenti dovrebbero anche partecipare alle misure di sicurezza conformandosi a tutte le leggi che riguardano il proprio paese, compresa la legislazione sui marchi e sul copyright. Le immagini, i video e i file che violano i diritti d&#8217;autore o i marchi commerciali non sono ammessi.<\/p>\n\n\n\n<p>Se qualcuno ha una richiesta di risarcimento per violazione contro di voi personalmente, vi sar\u00e0 presto chiesto di rimuovere il file protetto da copyright fino a quando la situazione non sar\u00e0 risolta. Quando c&#8217;\u00e8 una controversia tra i partecipanti su questo sito web, Uptobox non ha il dovere di farsi coinvolgere.<\/p>\n\n\n\n<p>Uptobox non \u00e8 responsabile per i vostri file, immagini o video o per qualsiasi attivit\u00e0 persa a causa della indisponibilit\u00e0 o mancanza nel sito. Quando \u00e8 necessario effettuare un&#8217;indagine, Uptobox si impegna a collaborare con tutte le autorit\u00e0 competenti.<\/p>\n\n\n\n<h3>Altre misure di protezione Gli utenti devono sapere<\/h3>\n\n\n\n<ul><li>\u00c8 vietato scaricare da vari luoghi in un momento simile. Uptobox non consente la condivisione dell&#8217;account utente.<\/li><li> L&#8217;utilizzo di Uptobox come enorme magazzino frigorifero in cui i file vengono memorizzati solo e non vengono scaricati, questo caso \u00e8 proibito. Tuttavia, gli utenti possono ottenere uno spazio di archiviazione illimitato per la conservazione a caldo.<\/li><li> L&#8217;utilizzo di alcuni server \u00e8 proibito se gli utenti ottengono tutti i file per tutto il giorno o producono un traffico enorme per il sito.<\/li><li> L&#8217;utilizzo di componenti aggiuntivi di terze parti per Upstream \u00e8 proibito. Gli utenti dell&#8217;account premium di Uptobox hanno il privilegio di utilizzare Upstream, ma non devono abusare di tale vantaggio. Ogni file e documento sar\u00e0 rimosso se gli utenti non lo seguono. Agli utenti viene dato solo un giocatore specifico da Uptobox.<\/li><\/ul>\n\n\n\n<figure class=\"wp-block-image\"><img src=\"https:\/\/lh3.googleusercontent.com\/ebMs-arMcOk4E3QrPbj4xCk9oLpNxq6EirwdtmloKnZ48uJs651NFwUYFO1DpXmqMJFayJ7o_17g7C2rBx4vONK7MwARkcZeR58HPQQwh1z8zufcTzOtG0mkFaVhGZVK3HUpGIE\" alt=\"Information, Solution and Questions\"\/><\/figure>\n\n\n\n<h2>Ulteriori informazioni su Uptobox<\/h2>\n\n\n\n<ul><li>Altri file caricati da altri utenti sono accessibili?<\/li><\/ul>\n\n\n\n<p>Poich\u00e9 Uptobox \u00e8 una piattaforma sicura, la risposta \u00e8 no. Perch\u00e9 non tutti gli altri vogliono condividere con voi i file che caricano insieme a tutti gli altri. Tuttavia, altri possono accedere ai file di altri utenti se hanno ricevuto il permesso. In questo modo, Uptobox pu\u00f2 essere utilizzato per condividere i file con chiunque tu scelga di farlo, oltre che per memorizzarli personalmente come backup o per scaricarli da qualsiasi luogo sulla terra.<\/p>\n\n\n\n<ul><li>Ci sono restrizioni su qualsiasi file da caricare?<\/li><\/ul>\n\n\n\n<p>Nessuna restrizione, tranne che per i file illegali o maligni. I file illegali o dannosi sono nudit\u00e0, pornografia, immagini sessuali e altri tipi di materiale offensivo, ovviamente anche materiale protetto da copyright. Ma tutto sommato, tutti i tipi di file possono essere caricati in Uptobox dalle foto della celebrazione ai documenti essenziali. <\/p>\n\n\n\n<ul><li>\u00c8 consentito l&#8217;Hotlinking per il file caricato dall&#8217;utente?<\/li><\/ul>\n\n\n\n<p>Uptobox non consente l&#8217;Hotlinking. L&#8217;Hotlinking \u00e8 un modo per ottenere il link di un file, ad esempio, un&#8217;immagine dall&#8217;hosting e inserirla in un sito web per la visualizzazione.<\/p>\n\n\n\n<ul><li>Per i file che un utente ha caricato, come pu\u00f2 essere rimosso?<\/li><\/ul>\n\n\n\n<p>Tutti i file caricati possono essere gestiti nella scheda &#8220;I miei file&#8221;. Il File Manager Uptobox \u00e8 facile da usare, quindi gli utenti non avranno difficolt\u00e0 a gestire i loro documenti.<\/p>\n\n\n\n<ul><li>In caso di rimborso, quali sono i dettagli di cui prendere nota?<\/li><\/ul>\n\n\n\n<p>Ogni utente pu\u00f2 chiedere un rimborso all&#8217;assistenza clienti a condizione che non siano trascorsi 7 giorni dal momento dell&#8217;iscrizione all&#8217;account premium di Uptobox e solo se l&#8217;account non \u00e8 stato ancora utilizzato.<\/p>\n\n\n\n<p>Tuttavia, per gli altri tipi di rimborso, Uptobox ha l&#8217;autorit\u00e0 di non attuare un rimborso se non pu\u00f2 farlo.<\/p>\n\n\n\n<ul><li>E se un utente ha ancora bisogno di ulteriori discussioni su altre questioni?<\/li><\/ul>\n\n\n\n<p>Uptobox ha un servizio di assistenza clienti rapido per varie questioni come i problemi di pagamento, la preoccupazione dell&#8217;account utente, la segnalazione di bug, alcune idee e suggerimenti, la partnership, le segnalazioni di abusi, l&#8217;utilizzo di Uptostream e altro ancora. Gli utenti possono andare alla scheda &#8220;Supporto&#8221; della piattaforma e procedere con le loro preoccupazioni.<\/p>\n\n\n\n<h2>Raccomandazioni finali<\/h2>\n\n\n\n<p>Al giorno d&#8217;oggi ci sono molti fornitori di file hosting. Allora, cosa farebbe un individuo come te qui? Noi suggeriamo una ricerca rigorosa prima di iscriversi a uno e assicurarsi che tutte le vostre esigenze sono soddisfatte da una certa societ\u00e0 di file hosting, e abbiamo appena fatto uno per voi, circa Uptobox file hosting.<\/p>\n\n\n\n<p>\u00c8 importante che il file hosting sia affidabile, sicuro, conveniente e sempre disponibile, senza tempi di inattivit\u00e0 il pi\u00f9 possibile. Inoltre, per la maggior parte, sta avendo grandi azioni di servizio al cliente. Queste caratteristiche sono soddisfatte da Uptobox e siamo orgogliosi di utilizzare questo tipo di servizio.<\/p>\n\n\n\n<p>Riferimenti<\/p>\n\n\n\n<p><a rel=\"noreferrer noopener\" aria-label=\"https:\/\/www.techopedia.com\/definition\/25310\/file-hosting-service (opens in a new tab)\" href=\"https:\/\/www.techopedia.com\/definition\/25310\/file-hosting-service\" target=\"_blank\">https:\/\/www.techopedia.com\/definition\/25310\/file-hosting-service<\/a><br><a rel=\"noreferrer noopener\" aria-label=\" (opens in a new tab)\" href=\"https:\/\/searchmobilecomputing.techtarget.com\/definition\/file-sharing\" target=\"_blank\">https:\/\/searchmobilecomputing.techtarget.com\/definition\/file-sharing<\/a><br><a rel=\"noreferrer noopener\" aria-label=\" (opens in a new tab)\" href=\"https:\/\/ezinearticles.com\/?File-Sharing-and-Its-Importance-in-Web-Hosting&amp;id=5950843\" target=\"_blank\">https:\/\/ezinearticles.com\/?File-Sharing-and-Its-Importance-in-Web-Hosting&amp;id=5950843<\/a><br><a rel=\"noreferrer noopener\" aria-label=\" (opens in a new tab)\" href=\"http:\/\/www.nextprocess.com\/document-management\/6-reasons-store-data-electronically\/\" target=\"_blank\">http:\/\/www.nextprocess.com\/document-management\/6-reasons-store-data-electronically\/<\/a><br><a rel=\"noreferrer noopener\" aria-label=\" (opens in a new tab)\" href=\"https:\/\/www.slideshare.net\/Qecart1\/want-to-know-benefits-of-file-hosting-service\" target=\"_blank\">https:\/\/www.slideshare.net\/Qecart1\/want-to-know-benefits-of-file-hosting-service<\/a><\/p>\n\n\n<a class=\"maxbutton-2 maxbutton maxbutton-cta\" target=\"_blank\" rel=\"nofollow noopener\" href=\"\/uptobox\/goto\/\"><span class='mb-text'>&gt;&gt; Vai al sito web originale di Uptobox<\/span><\/a>\n\n\n<p><\/p>\n","protected":false},"excerpt":{"rendered":"<p>Volete e avete bisogno di salvare i vostri file e documenti online? Non si tratta di salvare i dati per<\/p>\n","protected":false},"author":2,"featured_media":0,"parent":0,"menu_order":0,"comment_status":"closed","ping_status":"closed","template":"","meta":[],"yoast_head":"<!-- This site is optimized with the Yoast SEO plugin v18.3 - https:\/\/yoast.com\/wordpress\/plugins\/seo\/ -->\n<title>Uptobox Premium Conto - Il Filehoster in sintesi<\/title>\n<meta name=\"description\" content=\"Se Uptobox \u00e8 un fornitore affidabile o meno, potete trovare la risposta nel test in corso su Multihoster.org \u279c Cliccate ora \u271a per leggere le nostre esperienze!\" \/>\n<meta name=\"robots\" content=\"index, follow, max-snippet:-1, max-image-preview:large, max-video-preview:-1\" \/>\n<link rel=\"canonical\" href=\"https:\/\/multihoster.org\/it\/uptobox\/\" \/>\n<meta property=\"og:locale\" content=\"it_IT\" \/>\n<meta property=\"og:type\" content=\"article\" \/>\n<meta property=\"og:title\" content=\"Uptobox Premium Conto - Il Filehoster in sintesi\" \/>\n<meta property=\"og:description\" content=\"Se Uptobox \u00e8 un fornitore affidabile o meno, potete trovare la risposta nel test in corso su Multihoster.org \u279c Cliccate ora \u271a per leggere le nostre esperienze!\" \/>\n<meta property=\"og:url\" content=\"https:\/\/multihoster.org\/it\/uptobox\/\" \/>\n<meta property=\"og:site_name\" content=\"Multihoster.org\" \/>\n<meta property=\"article:modified_time\" content=\"2020-12-14T18:46:50+00:00\" \/>\n<meta property=\"og:image\" content=\"https:\/\/lh4.googleusercontent.com\/xv77LN-168QhF1RoSxdXh1MjQwqUr05MsdRowLG3ns8v4mB8SIfgagayRIOS2mSr5z3ZacePc7jeItnedhkyU9zJI8E04UxYUfzxXbmj5fVfg7ssk9wtBHMEG8wU42jnzz7IFiw\" \/>\n<meta name=\"twitter:card\" content=\"summary\" \/>\n<meta name=\"twitter:label1\" content=\"Tempo di lettura stimato\" \/>\n\t<meta name=\"twitter:data1\" content=\"8 minuti\" \/>\n<script type=\"application\/ld+json\" class=\"yoast-schema-graph\">{\"@context\":\"https:\/\/schema.org\",\"@graph\":[{\"@type\":\"WebSite\",\"@id\":\"https:\/\/multihoster.org\/#website\",\"url\":\"https:\/\/multihoster.org\/\",\"name\":\"Multihoster.org\",\"description\":\"Reviews of the major Filehosting services\",\"potentialAction\":[{\"@type\":\"SearchAction\",\"target\":{\"@type\":\"EntryPoint\",\"urlTemplate\":\"https:\/\/multihoster.org\/?s={search_term_string}\"},\"query-input\":\"required name=search_term_string\"}],\"inLanguage\":\"it-IT\"},{\"@type\":\"ImageObject\",\"@id\":\"https:\/\/multihoster.org\/it\/uptobox\/#primaryimage\",\"inLanguage\":\"it-IT\",\"url\":\"https:\/\/lh4.googleusercontent.com\/xv77LN-168QhF1RoSxdXh1MjQwqUr05MsdRowLG3ns8v4mB8SIfgagayRIOS2mSr5z3ZacePc7jeItnedhkyU9zJI8E04UxYUfzxXbmj5fVfg7ssk9wtBHMEG8wU42jnzz7IFiw\",\"contentUrl\":\"https:\/\/lh4.googleusercontent.com\/xv77LN-168QhF1RoSxdXh1MjQwqUr05MsdRowLG3ns8v4mB8SIfgagayRIOS2mSr5z3ZacePc7jeItnedhkyU9zJI8E04UxYUfzxXbmj5fVfg7ssk9wtBHMEG8wU42jnzz7IFiw\"},{\"@type\":\"WebPage\",\"@id\":\"https:\/\/multihoster.org\/it\/uptobox\/#webpage\",\"url\":\"https:\/\/multihoster.org\/it\/uptobox\/\",\"name\":\"Uptobox Premium Conto - Il Filehoster in sintesi\",\"isPartOf\":{\"@id\":\"https:\/\/multihoster.org\/#website\"},\"primaryImageOfPage\":{\"@id\":\"https:\/\/multihoster.org\/it\/uptobox\/#primaryimage\"},\"datePublished\":\"2020-03-20T14:33:18+00:00\",\"dateModified\":\"2020-12-14T18:46:50+00:00\",\"description\":\"Se Uptobox \u00e8 un fornitore affidabile o meno, potete trovare la risposta nel test in corso su Multihoster.org \u279c Cliccate ora \u271a per leggere le nostre esperienze!\",\"breadcrumb\":{\"@id\":\"https:\/\/multihoster.org\/it\/uptobox\/#breadcrumb\"},\"inLanguage\":\"it-IT\",\"potentialAction\":[{\"@type\":\"ReadAction\",\"target\":[\"https:\/\/multihoster.org\/it\/uptobox\/\"]}]},{\"@type\":\"BreadcrumbList\",\"@id\":\"https:\/\/multihoster.org\/it\/uptobox\/#breadcrumb\",\"itemListElement\":[{\"@type\":\"ListItem\",\"position\":1,\"name\":\"Startseite\",\"item\":\"https:\/\/multihoster.org\/it\/\"},{\"@type\":\"ListItem\",\"position\":2,\"name\":\"Uptobox Premium Conto: Il Filehoster In Sintesi\"}]}]}<\/script>\n<!-- \/ Yoast SEO plugin. -->","yoast_head_json":{"title":"Uptobox Premium Conto - Il Filehoster in sintesi","description":"Se Uptobox \u00e8 un fornitore affidabile o meno, potete trovare la risposta nel test in corso su Multihoster.org \u279c Cliccate ora \u271a per leggere le nostre esperienze!","robots":{"index":"index","follow":"follow","max-snippet":"max-snippet:-1","max-image-preview":"max-image-preview:large","max-video-preview":"max-video-preview:-1"},"canonical":"https:\/\/multihoster.org\/it\/uptobox\/","og_locale":"it_IT","og_type":"article","og_title":"Uptobox Premium Conto - Il Filehoster in sintesi","og_description":"Se Uptobox \u00e8 un fornitore affidabile o meno, potete trovare la risposta nel test in corso su Multihoster.org \u279c Cliccate ora \u271a per leggere le nostre esperienze!","og_url":"https:\/\/multihoster.org\/it\/uptobox\/","og_site_name":"Multihoster.org","article_modified_time":"2020-12-14T18:46:50+00:00","og_image":[{"url":"https:\/\/lh4.googleusercontent.com\/xv77LN-168QhF1RoSxdXh1MjQwqUr05MsdRowLG3ns8v4mB8SIfgagayRIOS2mSr5z3ZacePc7jeItnedhkyU9zJI8E04UxYUfzxXbmj5fVfg7ssk9wtBHMEG8wU42jnzz7IFiw"}],"twitter_card":"summary","twitter_misc":{"Tempo di lettura stimato":"8 minuti"},"schema":{"@context":"https:\/\/schema.org","@graph":[{"@type":"WebSite","@id":"https:\/\/multihoster.org\/#website","url":"https:\/\/multihoster.org\/","name":"Multihoster.org","description":"Reviews of the major Filehosting services","potentialAction":[{"@type":"SearchAction","target":{"@type":"EntryPoint","urlTemplate":"https:\/\/multihoster.org\/?s={search_term_string}"},"query-input":"required name=search_term_string"}],"inLanguage":"it-IT"},{"@type":"ImageObject","@id":"https:\/\/multihoster.org\/it\/uptobox\/#primaryimage","inLanguage":"it-IT","url":"https:\/\/lh4.googleusercontent.com\/xv77LN-168QhF1RoSxdXh1MjQwqUr05MsdRowLG3ns8v4mB8SIfgagayRIOS2mSr5z3ZacePc7jeItnedhkyU9zJI8E04UxYUfzxXbmj5fVfg7ssk9wtBHMEG8wU42jnzz7IFiw","contentUrl":"https:\/\/lh4.googleusercontent.com\/xv77LN-168QhF1RoSxdXh1MjQwqUr05MsdRowLG3ns8v4mB8SIfgagayRIOS2mSr5z3ZacePc7jeItnedhkyU9zJI8E04UxYUfzxXbmj5fVfg7ssk9wtBHMEG8wU42jnzz7IFiw"},{"@type":"WebPage","@id":"https:\/\/multihoster.org\/it\/uptobox\/#webpage","url":"https:\/\/multihoster.org\/it\/uptobox\/","name":"Uptobox Premium Conto - Il Filehoster in sintesi","isPartOf":{"@id":"https:\/\/multihoster.org\/#website"},"primaryImageOfPage":{"@id":"https:\/\/multihoster.org\/it\/uptobox\/#primaryimage"},"datePublished":"2020-03-20T14:33:18+00:00","dateModified":"2020-12-14T18:46:50+00:00","description":"Se Uptobox \u00e8 un fornitore affidabile o meno, potete trovare la risposta nel test in corso su Multihoster.org \u279c Cliccate ora \u271a per leggere le nostre esperienze!","breadcrumb":{"@id":"https:\/\/multihoster.org\/it\/uptobox\/#breadcrumb"},"inLanguage":"it-IT","potentialAction":[{"@type":"ReadAction","target":["https:\/\/multihoster.org\/it\/uptobox\/"]}]},{"@type":"BreadcrumbList","@id":"https:\/\/multihoster.org\/it\/uptobox\/#breadcrumb","itemListElement":[{"@type":"ListItem","position":1,"name":"Startseite","item":"https:\/\/multihoster.org\/it\/"},{"@type":"ListItem","position":2,"name":"Uptobox Premium Conto: Il Filehoster In Sintesi"}]}]}},"_links":{"self":[{"href":"https:\/\/multihoster.org\/it\/wp-json\/wp\/v2\/pages\/2528"}],"collection":[{"href":"https:\/\/multihoster.org\/it\/wp-json\/wp\/v2\/pages"}],"about":[{"href":"https:\/\/multihoster.org\/it\/wp-json\/wp\/v2\/types\/page"}],"author":[{"embeddable":true,"href":"https:\/\/multihoster.org\/it\/wp-json\/wp\/v2\/users\/2"}],"replies":[{"embeddable":true,"href":"https:\/\/multihoster.org\/it\/wp-json\/wp\/v2\/comments?post=2528"}],"version-history":[{"count":6,"href":"https:\/\/multihoster.org\/it\/wp-json\/wp\/v2\/pages\/2528\/revisions"}],"predecessor-version":[{"id":5461,"href":"https:\/\/multihoster.org\/it\/wp-json\/wp\/v2\/pages\/2528\/revisions\/5461"}],"wp:attachment":[{"href":"https:\/\/multihoster.org\/it\/wp-json\/wp\/v2\/media?parent=2528"}],"curies":[{"name":"wp","href":"https:\/\/api.w.org\/{rel}","templated":true}]}}