{"id":2589,"date":"2020-03-20T16:34:38","date_gmt":"2020-03-20T16:34:38","guid":{"rendered":"https:\/\/multihoster.org\/?page_id=2589"},"modified":"2020-03-30T14:06:34","modified_gmt":"2020-03-30T14:06:34","slug":"4share","status":"publish","type":"page","link":"https:\/\/multihoster.org\/it\/4share\/","title":{"rendered":"4share Premium Conto: Il Filehoster In Sintesi"},"content":{"rendered":"\n<figure class=\"wp-block-image\"><img src=\"https:\/\/lh3.googleusercontent.com\/RrbU4oZEm4QWQKICoZLyymhFtYa8lbr9pXG3GYEgIjcXl-e1SHUFBrLO4GvlZAt1bGGxzdjop4KvAsHTOgT02oisMpTGlnhNxTCtO6KVy24hCDffb1nmnOyrDKLKxgDucv-ks1w\" alt=\"4share logo\"\/><\/figure>\n\n\n\n<p>La ricerca di un hoster di file affidabile su Internet \u00e8 come la ricerca di aghi in un pagliaio. Ci sono un sacco di hoster di file l\u00e0 fuori, ma non offrono per lo pi\u00f9 il servizio di qualit\u00e0 che promettono. Tuttavia, ci sono buoni fornitori di servizi l\u00e0 fuori che offrono servizi di file hosting a buon mercato e affidabile. Uno di questi \u00e8 il servizio di file hosting 4Share (da non confondere con 4shared). 4share ha una delle tariffe pi\u00f9 economiche in ogni servizio di file hosting l\u00e0 fuori, ma ha ancora le caratteristiche di file host pi\u00f9 popolari. <\/p>\n\n\n<a class=\"maxbutton-2 maxbutton maxbutton-cta\" target=\"_blank\" rel=\"nofollow noopener\" href=\"\/go\/\"><span class='mb-text'>&gt;&gt; Vai al sito web originale di Linkifier<\/span><\/a>\n\n\n<p><\/p>\n\n\n\n<h2>Cos&#8217;\u00e8 4share?<\/h2>\n\n\n\n<p>4share \u00e8 un servizio di file hosting che utilizza la tecnologia cloud per memorizzare i suoi file. 4share offre una delle tariffe pi\u00f9 economiche in tutti gli hoster di file l\u00e0 fuori. Per soli 50.000 VND o 2,20 dollari al mese, un proprietario di un account Premium 4share pu\u00f2 godere di numerosi servizi che possono costare fino a diverse centinaia di dollari solo da utilizzare con altri servizi di file hosting. Il loro sito web ha una funzione di directory che pu\u00f2 essere utilizzata per gestire i file facilmente.<\/p>\n\n\n\n<p>Condividere i file con 4share \u00e8 molto facile e senza problemi. Il 4share utilizza link diretti per la condivisione rapida dei file. \u00c8 anche possibile includere le password nei file quando si utilizza il loro servizio di account Premium per una maggiore protezione e sicurezza.<\/p>\n\n\n\n<p>Cerca milioni di file dalla loro vasta biblioteca di contenuti e media attraverso diversi utenti in tutto il mondo. Condividi i tuoi contenuti con i tuoi amici e colleghi in modo semplice e immediato. Tutto quello che dovete fare \u00e8 condividere il link e la password ed \u00e8 tutto pronto per la condivisione. \u00c8 anche possibile guadagnare denaro semplicemente scaricando e caricando diversi file attraverso il loro 4share Premium account Rewards System e Uploader Bonus. Questi punti possono essere convertiti in oro che pu\u00f2 essere poi convertito in denaro.<\/p>\n\n\n\n<figure class=\"wp-block-image\"><img src=\"https:\/\/lh5.googleusercontent.com\/UqjTF6dyAIxPnGl0cG9cZKd5-ISTAysBk0Km5fS-pdki6nUVmGnzLWP9N7E6lsdcOlewtGUjdr-ThYbNJNK01Dnm7QBFhuP7SkTy7MgF_mQpduSUB6pZkiK98R5sbmLoG9-tiso\" alt=\"4share website\"\/><\/figure>\n\n\n\n<h2>4share Premium Caratteristiche<\/h2>\n\n\n\n<ul><li>Velocit\u00e0 illimitata<\/li><\/ul>\n\n\n\n<p>La creazione di un account Premium 4share consente di accedere ai file senza limiti di velocit\u00e0. Ci\u00f2 significa che la velocit\u00e0 di upload o download dipende interamente dalla vostra connessione internet. Perfetto per gli utenti che hanno bisogno di caricare e scaricare costantemente i loro contenuti online come artisti e redattori. Un utente di un account gratuito ha per\u00f2 una velocit\u00e0 limitata a causa della bassa priorit\u00e0 sul traffico di rete. Anche la larghezza di banda per gli utenti gratuiti \u00e8 limitata<\/p>\n\n\n\n<ul><li>Lunga durata di conservazione<\/li><\/ul>\n\n\n\n<p>Gli utenti dell&#8217;account 4share Premium hanno prolungato il tempo di archiviazione nel server cloud. Gli utenti di account Premium hanno un totale di 30 giorni di tempo di archiviazione pi\u00f9 tempo extra V.I.P. per periodi pi\u00f9 lunghi. Un utente gratuito, tuttavia, \u00e8 limitato a soli 15 giorni. Un account premium \u00e8 consigliabile perch\u00e9 tutti i file sono memorizzati nel server per una durata maggiore e non dovete preoccuparvi di lasciare i vostri media e file per un lungo periodo di tempo senza controllarli.<\/p>\n\n\n\n<ul><li>Limite superiore per il download di file<\/li><\/ul>\n\n\n\n<p>Un utente gratuito ha un numero limitato di download di file al giorno, tuttavia, utilizzando un account premium 4share consente di godere di un totale di 500GB di download fie ogni giorno. Potete gestire liberamente i vostri file ovunque e in qualsiasi momento e con maggiore velocit\u00e0 per garantire che possiate accedere facilmente ai vostri file ogni volta che ne avete bisogno.<\/p>\n\n\n\n<ul><li>Download multipli<\/li><\/ul>\n\n\n\n<p>L&#8217;account premium consente di scaricare i file contemporaneamente. Ci\u00f2 significa che tutti i file necessari possono essere presi rapidamente e senza problemi con l&#8217;account Premium 4share. Un utente gratuito \u00e8 limitato a 1 solo download per accesso e deve attendere alcuni secondi prima di poter ricominciare a scaricare.<\/p>\n\n\n\n<ul><li>4share Strumento<\/li><\/ul>\n\n\n\n<p>4share Tool \u00e8 una caratteristica speciale del 4share Premium che gestisce i vostri download. \u00c8 uno degli strumenti che rendono 4share eccezionale. Consente di monitorare i vostri download contemporaneamente. \u00c8 anche possibile mettere in pausa e riprendere qualsiasi download utilizzando lo strumento. Come download manager, mostra tutte le informazioni necessarie sui file che si stanno scaricando.<\/p>\n\n\n\n<figure class=\"wp-block-image\"><img src=\"https:\/\/lh3.googleusercontent.com\/FU1HIpkqN2mjTD0NQ9L6upbQoXOAO1Sx8rWUABkhEoBfRDvFsP4KqwQdRXOmAZaxpnjPn5RWEoHy50yPBfL_OPAzPl35SlCBxY_0MjDbXq0qWZWBb6xP0qT71UEmcotfljgXZ_w\" alt=\"4share Tool App window\"\/><\/figure>\n\n\n\n<ul><li>Limite di stoccaggio pi\u00f9 alto<\/li><\/ul>\n\n\n\n<p>Gli utenti dell&#8217;account Premium 4share godono di limiti di archiviazione pi\u00f9 elevati rispetto agli utenti gratuiti. Gli utenti di un account Premium hanno a disposizione 300GB di spazio di archiviazione da utilizzare liberamente. Sia che si tratti di video o di semplici documenti per il lavoro e la scuola, 4share Premium offre ai suoi utenti una grande quantit\u00e0 di spazio di archiviazione. I film o altri media possono essere archiviati senza doversi preoccupare del limite di archiviazione, mentre un utente con un account gratuito ha solo un&#8217;archiviazione limitata.<\/p>\n\n\n\n<ul><li>Responsabile dell&#8217;elenco telefonico<\/li><\/ul>\n\n\n\n<p>Gli utenti che si avvalgono di un proprio account Premium 4share godono di un&#8217;altra comoda funzione, il Directory Manager. Il DIrectory Manager consente di gestire e ordinare tutto ci\u00f2 che \u00e8 stato caricato nel vostro storage. Accedete sempre e ovunque ai vostri file e ai vostri media senza problemi. Il Directory Manager consente una ricerca dei file pi\u00f9 agevole e senza soluzione di continuit\u00e0.<\/p>\n\n\n\n<ul><li>Protezione con password<\/li><\/ul>\n\n\n\n<p>Tutti i file caricati dagli utenti dell&#8217;account Premium 4share sono protetti da una password. Gli altri utenti non possono accedere ai tuoi file a meno che tu non fornisca loro una password. Molto pratico per la custodia dei file per il lavoro o per i media creati da voi stessi, come arte e video. Un utente libero dall&#8217;altra parte ha i propri file esposti agli altri utenti e vi si pu\u00f2 accedere attraverso il loro link. Se volete proteggere i vostri file privati, \u00e8 molto consigliabile un account 4share Premium. Internet \u00e8 pieno di entit\u00e0 malintenzionate che mirano a rubare file e altri contenuti. Il sistema di password 4share Premium elimina completamente la possibilit\u00e0 di tali rischi per i propri utenti.<\/p>\n\n\n\n<ul><li>Collegamento diretto<\/li><\/ul>\n\n\n<a class=\"maxbutton-2 maxbutton maxbutton-cta\" target=\"_blank\" rel=\"nofollow noopener\" href=\"\/go\/\"><span class='mb-text'>&gt;&gt; Vai al sito web originale di Linkifier<\/span><\/a>\n\n\n<p><\/p>\n\n\n\n<p>La condivisione dei file con il 4share Premium viene effettuata con collegamenti diretti. Vi viene fornito un link del vostro file che volete condividere e basta inviarlo all&#8217;altra persona con cui volete condividerlo. \u00c8 anche possibile includere una password per una condivisione pi\u00f9 sicura.<\/p>\n\n\n\n<ul><li>Abbonamento mensile economico<\/li><\/ul>\n\n\n\n<p>4share Premium ha la tariffa di abbonamento pi\u00f9 bassa in qualsiasi servizio di file hosting sul web. Con solo circa 50.000 VND o 2,20 dollari al mese, ogni caratteristica dell&#8217;account 4share Premium \u00e8 prontamente disponibile per l&#8217;utilizzo. Altri servizi di file hosting possono costare fino a oltre 250 dollari al mese, anche se le caratteristiche e la qualit\u00e0 del servizio sono quasi identiche a 4share. 4share mira a dare ai suoi utenti un&#8217;alternativa pi\u00f9 economica al file hosting convenzionale e con una funzione aggiuntiva. Se sei uno studente o un piccolo imprenditore che ha bisogno di accedere ai propri file e media in qualsiasi momento ma ha un budget limitato per la gestione dei file, l&#8217;account 4share Premium \u00e8 fatto apposta per te.<\/p>\n\n\n\n<ul><li>Guida per l&#8217;utente<\/li><\/ul>\n\n\n\n<p>Per un utilizzo pi\u00f9 comodo, gli utenti hanno a disposizione una guida utile che li aiuta a utilizzare meglio le funzioni e a navigare nel sito web dell&#8217;applicazione. Tutte le informazioni necessarie sono gi\u00e0 elencate nella Guida per l&#8217;utente, dal download al caricamento, dalla condivisione dei link al sistema di punti bonus. Sono inoltre disponibili guide per estendere l&#8217;abbonamento per il tuo account 4share Premium.<\/p>\n\n\n\n<h2>4share Premium Punti bonus<\/h2>\n\n\n\n<p>4share Premium Bonus Points \u00e8 un sistema di ricompensa per i suoi utenti. Un utente di un account Premium pu\u00f2 guadagnare punti attraverso il download e il caricamento di file. Un download da 2GB ti fa guadagnare 1 punto o 10 punti di larghezza di banda. Questi punti possono essere scambiati con l&#8217;oro (il denaro interno utilizzato nell&#8217;app). Questo oro pu\u00f2 poi essere scambiato con altri prodotti e servizi da 4share. \u00c8 anche possibile utilizzare questo per estendere l&#8217;abbonamento. 40 punti premio equivalgono a 1 Gold. I download dello stesso file, tuttavia, vengono convertiti in punti solo 3 volte all&#8217;ora.<\/p>\n\n\n\n<h2>Guadagnare denaro con il sistema di premi 4share Premium Account Rewards System<\/h2>\n\n\n\n<p>Sapevate che i 4share Premium Account Points possono essere cambiati in contanti? I punti corrispondenti possono essere convertiti in contanti e prelevati direttamente sul vostro conto bancario. Un singolo punto Gold pu\u00f2 essere cambiato con 300 VND o $0,015. Questo sistema offre l&#8217;opportunit\u00e0 di ottenere un reddito supplementare durante la condivisione di file su Internet. L&#8217;importo minimo di prelievo \u00e8 di 500.000 o 21,00 dollari.<\/p>\n\n\n\n<p>Si segnala inoltre che il sistema Rewards System pu\u00f2 essere soggetto a modifiche ogni mese per ottimizzare completamente il sistema e migliorare ulteriormente la qualit\u00e0 del servizio.<\/p>\n\n\n\n<h2>Come prelevare i tuoi guadagni con i 4share Premium Account Rewards<\/h2>\n\n\n\n<p>Potete ritirare i vostri guadagni con il sistema Rewards System in pochi semplici passi.<\/p>\n\n\n\n<p><strong>Passo 1.<\/strong> Invia le tue informazioni e il tuo numero di telefono all&#8217;app.<\/p>\n\n\n\n<p><strong>Passo 2.<\/strong> Attendere la conferma dell&#8217;account.<\/p>\n\n\n\n<p><strong>Passo 3.<\/strong> Aspettare che il contante si rifletta sul vostro conto bancario.<br><\/p>\n\n\n\n<h2>Disponibilit\u00e0 di un  4share  conto Premium<\/h2>\n\n\n\n<p>Il conto 4share Premium accetta diversi tipi di metodi di pagamento VISA e MasterCard.<\/p>\n\n\n\n<h2>4share Premium Conto VS Conto gratuito<\/h2>\n\n\n\n<figure class=\"wp-block-table\"><table class=\"\"><tbody><tr><td>Caratteristiche<\/td><td>4share Premium<\/td><td>Conto gratuito<\/td><\/tr><tr><td>Quota d&#8217;iscrizione mensile<\/td><td>$2.20 \/ 50,000 VND<\/td><td>gratuito<\/td><\/tr><tr><td>Tempo di stoccaggio<\/td><td>30 giorni + Bonus<\/td><td>15 giorni<\/td><\/tr><tr><td>Scarica la velocit\u00e0<\/td><td>velocit\u00e0 illimitata<\/td><td>limitato<\/td><\/tr><tr><td>Numero di file per ogni download<\/td><td>illimitato<\/td><td>download singolo<\/td><\/tr><tr><td>Dimensione di stoccaggio<\/td><td>300GB<\/td><td>limitato<\/td><\/tr><tr><td>Capacit\u00e0 di ripresa<\/td><td>disponibile<\/td><td>disponibile<\/td><\/tr><tr><td>Protezione con password<\/td><td>disponibile<\/td><td>disponibile<\/td><\/tr><tr><td>Tempo di attesa<\/td><td>istantaneo<\/td><td>alcuni secondi<\/td><\/tr><tr><td>Limite giornaliero di download<\/td><td>500GB al giorno<\/td><td>limitato<\/td><\/tr><\/tbody><\/table><\/figure>\n\n\n\n<h2>4share Premium: Filehoster pi\u00f9 economico nel Web<\/h2>\n\n\n\n<p>Il 4share Premium \u00e8 sicuramente uno dei servizi di file hosting pi\u00f9 economici sul web. Per soli 2 dollari al mese, l&#8217;utente di un account Premium pu\u00f2 usufruire di numerosi servizi e strumenti che gli permettono di gestire i propri file senza problemi. Ci sono altri servizi di file hosting l\u00e0 fuori disponibili, ma la maggior parte vi far\u00e0 pagare diverse centinaia di dollari per la stessa caratteristica che il 4share Premium pu\u00f2 dare. E il sistema Uploader Bonus ti permette di guadagnare soldi sui lati, quindi quale migliore offerta puoi chiedere?<\/p>\n\n\n<a class=\"maxbutton-2 maxbutton maxbutton-cta\" target=\"_blank\" rel=\"nofollow noopener\" href=\"\/go\/\"><span class='mb-text'>&gt;&gt; Vai al sito web originale di Linkifier<\/span><\/a>","protected":false},"excerpt":{"rendered":"<p>La ricerca di un hoster di file affidabile su Internet \u00e8 come la ricerca di aghi in un pagliaio. Ci<\/p>\n","protected":false},"author":2,"featured_media":0,"parent":0,"menu_order":0,"comment_status":"closed","ping_status":"closed","template":"","meta":[],"yoast_head":"<!-- This site is optimized with the Yoast SEO plugin v18.3 - https:\/\/yoast.com\/wordpress\/plugins\/seo\/ -->\n<title>4share Premium Conto - Il Filehoster in sintesi<\/title>\n<meta name=\"description\" content=\"Se 4share \u00e8 un fornitore affidabile o meno, potete trovare la risposta nel test in corso su Multihoster.org \u279c Cliccate ora \u271a per leggere le nostre esperienze!\" \/>\n<meta name=\"robots\" content=\"index, follow, max-snippet:-1, max-image-preview:large, max-video-preview:-1\" \/>\n<link rel=\"canonical\" href=\"https:\/\/multihoster.org\/it\/4share\/\" \/>\n<meta property=\"og:locale\" content=\"it_IT\" \/>\n<meta property=\"og:type\" content=\"article\" \/>\n<meta property=\"og:title\" content=\"4share Premium Conto - Il Filehoster in sintesi\" \/>\n<meta property=\"og:description\" content=\"Se 4share \u00e8 un fornitore affidabile o meno, potete trovare la risposta nel test in corso su Multihoster.org \u279c Cliccate ora \u271a per leggere le nostre esperienze!\" \/>\n<meta property=\"og:url\" content=\"https:\/\/multihoster.org\/it\/4share\/\" \/>\n<meta property=\"og:site_name\" content=\"Multihoster.org\" \/>\n<meta property=\"article:modified_time\" content=\"2020-03-30T14:06:34+00:00\" \/>\n<meta property=\"og:image\" content=\"https:\/\/lh3.googleusercontent.com\/RrbU4oZEm4QWQKICoZLyymhFtYa8lbr9pXG3GYEgIjcXl-e1SHUFBrLO4GvlZAt1bGGxzdjop4KvAsHTOgT02oisMpTGlnhNxTCtO6KVy24hCDffb1nmnOyrDKLKxgDucv-ks1w\" \/>\n<meta name=\"twitter:card\" content=\"summary\" \/>\n<meta name=\"twitter:label1\" content=\"Tempo di lettura stimato\" \/>\n\t<meta name=\"twitter:data1\" content=\"8 minuti\" \/>\n<script type=\"application\/ld+json\" class=\"yoast-schema-graph\">{\"@context\":\"https:\/\/schema.org\",\"@graph\":[{\"@type\":\"WebSite\",\"@id\":\"https:\/\/multihoster.org\/#website\",\"url\":\"https:\/\/multihoster.org\/\",\"name\":\"Multihoster.org\",\"description\":\"Reviews of the major Filehosting services\",\"potentialAction\":[{\"@type\":\"SearchAction\",\"target\":{\"@type\":\"EntryPoint\",\"urlTemplate\":\"https:\/\/multihoster.org\/?s={search_term_string}\"},\"query-input\":\"required name=search_term_string\"}],\"inLanguage\":\"it-IT\"},{\"@type\":\"ImageObject\",\"@id\":\"https:\/\/multihoster.org\/it\/4share\/#primaryimage\",\"inLanguage\":\"it-IT\",\"url\":\"https:\/\/lh3.googleusercontent.com\/RrbU4oZEm4QWQKICoZLyymhFtYa8lbr9pXG3GYEgIjcXl-e1SHUFBrLO4GvlZAt1bGGxzdjop4KvAsHTOgT02oisMpTGlnhNxTCtO6KVy24hCDffb1nmnOyrDKLKxgDucv-ks1w\",\"contentUrl\":\"https:\/\/lh3.googleusercontent.com\/RrbU4oZEm4QWQKICoZLyymhFtYa8lbr9pXG3GYEgIjcXl-e1SHUFBrLO4GvlZAt1bGGxzdjop4KvAsHTOgT02oisMpTGlnhNxTCtO6KVy24hCDffb1nmnOyrDKLKxgDucv-ks1w\"},{\"@type\":\"WebPage\",\"@id\":\"https:\/\/multihoster.org\/it\/4share\/#webpage\",\"url\":\"https:\/\/multihoster.org\/it\/4share\/\",\"name\":\"4share Premium Conto - Il Filehoster in sintesi\",\"isPartOf\":{\"@id\":\"https:\/\/multihoster.org\/#website\"},\"primaryImageOfPage\":{\"@id\":\"https:\/\/multihoster.org\/it\/4share\/#primaryimage\"},\"datePublished\":\"2020-03-20T16:34:38+00:00\",\"dateModified\":\"2020-03-30T14:06:34+00:00\",\"description\":\"Se 4share \u00e8 un fornitore affidabile o meno, potete trovare la risposta nel test in corso su Multihoster.org \u279c Cliccate ora \u271a per leggere le nostre esperienze!\",\"breadcrumb\":{\"@id\":\"https:\/\/multihoster.org\/it\/4share\/#breadcrumb\"},\"inLanguage\":\"it-IT\",\"potentialAction\":[{\"@type\":\"ReadAction\",\"target\":[\"https:\/\/multihoster.org\/it\/4share\/\"]}]},{\"@type\":\"BreadcrumbList\",\"@id\":\"https:\/\/multihoster.org\/it\/4share\/#breadcrumb\",\"itemListElement\":[{\"@type\":\"ListItem\",\"position\":1,\"name\":\"Startseite\",\"item\":\"https:\/\/multihoster.org\/it\/\"},{\"@type\":\"ListItem\",\"position\":2,\"name\":\"4share Premium Conto: Il Filehoster In Sintesi\"}]}]}<\/script>\n<!-- \/ Yoast SEO plugin. -->","yoast_head_json":{"title":"4share Premium Conto - Il Filehoster in sintesi","description":"Se 4share \u00e8 un fornitore affidabile o meno, potete trovare la risposta nel test in corso su Multihoster.org \u279c Cliccate ora \u271a per leggere le nostre esperienze!","robots":{"index":"index","follow":"follow","max-snippet":"max-snippet:-1","max-image-preview":"max-image-preview:large","max-video-preview":"max-video-preview:-1"},"canonical":"https:\/\/multihoster.org\/it\/4share\/","og_locale":"it_IT","og_type":"article","og_title":"4share Premium Conto - Il Filehoster in sintesi","og_description":"Se 4share \u00e8 un fornitore affidabile o meno, potete trovare la risposta nel test in corso su Multihoster.org \u279c Cliccate ora \u271a per leggere le nostre esperienze!","og_url":"https:\/\/multihoster.org\/it\/4share\/","og_site_name":"Multihoster.org","article_modified_time":"2020-03-30T14:06:34+00:00","og_image":[{"url":"https:\/\/lh3.googleusercontent.com\/RrbU4oZEm4QWQKICoZLyymhFtYa8lbr9pXG3GYEgIjcXl-e1SHUFBrLO4GvlZAt1bGGxzdjop4KvAsHTOgT02oisMpTGlnhNxTCtO6KVy24hCDffb1nmnOyrDKLKxgDucv-ks1w"}],"twitter_card":"summary","twitter_misc":{"Tempo di lettura stimato":"8 minuti"},"schema":{"@context":"https:\/\/schema.org","@graph":[{"@type":"WebSite","@id":"https:\/\/multihoster.org\/#website","url":"https:\/\/multihoster.org\/","name":"Multihoster.org","description":"Reviews of the major Filehosting services","potentialAction":[{"@type":"SearchAction","target":{"@type":"EntryPoint","urlTemplate":"https:\/\/multihoster.org\/?s={search_term_string}"},"query-input":"required name=search_term_string"}],"inLanguage":"it-IT"},{"@type":"ImageObject","@id":"https:\/\/multihoster.org\/it\/4share\/#primaryimage","inLanguage":"it-IT","url":"https:\/\/lh3.googleusercontent.com\/RrbU4oZEm4QWQKICoZLyymhFtYa8lbr9pXG3GYEgIjcXl-e1SHUFBrLO4GvlZAt1bGGxzdjop4KvAsHTOgT02oisMpTGlnhNxTCtO6KVy24hCDffb1nmnOyrDKLKxgDucv-ks1w","contentUrl":"https:\/\/lh3.googleusercontent.com\/RrbU4oZEm4QWQKICoZLyymhFtYa8lbr9pXG3GYEgIjcXl-e1SHUFBrLO4GvlZAt1bGGxzdjop4KvAsHTOgT02oisMpTGlnhNxTCtO6KVy24hCDffb1nmnOyrDKLKxgDucv-ks1w"},{"@type":"WebPage","@id":"https:\/\/multihoster.org\/it\/4share\/#webpage","url":"https:\/\/multihoster.org\/it\/4share\/","name":"4share Premium Conto - Il Filehoster in sintesi","isPartOf":{"@id":"https:\/\/multihoster.org\/#website"},"primaryImageOfPage":{"@id":"https:\/\/multihoster.org\/it\/4share\/#primaryimage"},"datePublished":"2020-03-20T16:34:38+00:00","dateModified":"2020-03-30T14:06:34+00:00","description":"Se 4share \u00e8 un fornitore affidabile o meno, potete trovare la risposta nel test in corso su Multihoster.org \u279c Cliccate ora \u271a per leggere le nostre esperienze!","breadcrumb":{"@id":"https:\/\/multihoster.org\/it\/4share\/#breadcrumb"},"inLanguage":"it-IT","potentialAction":[{"@type":"ReadAction","target":["https:\/\/multihoster.org\/it\/4share\/"]}]},{"@type":"BreadcrumbList","@id":"https:\/\/multihoster.org\/it\/4share\/#breadcrumb","itemListElement":[{"@type":"ListItem","position":1,"name":"Startseite","item":"https:\/\/multihoster.org\/it\/"},{"@type":"ListItem","position":2,"name":"4share Premium Conto: Il Filehoster In Sintesi"}]}]}},"_links":{"self":[{"href":"https:\/\/multihoster.org\/it\/wp-json\/wp\/v2\/pages\/2589"}],"collection":[{"href":"https:\/\/multihoster.org\/it\/wp-json\/wp\/v2\/pages"}],"about":[{"href":"https:\/\/multihoster.org\/it\/wp-json\/wp\/v2\/types\/page"}],"author":[{"embeddable":true,"href":"https:\/\/multihoster.org\/it\/wp-json\/wp\/v2\/users\/2"}],"replies":[{"embeddable":true,"href":"https:\/\/multihoster.org\/it\/wp-json\/wp\/v2\/comments?post=2589"}],"version-history":[{"count":4,"href":"https:\/\/multihoster.org\/it\/wp-json\/wp\/v2\/pages\/2589\/revisions"}],"predecessor-version":[{"id":2781,"href":"https:\/\/multihoster.org\/it\/wp-json\/wp\/v2\/pages\/2589\/revisions\/2781"}],"wp:attachment":[{"href":"https:\/\/multihoster.org\/it\/wp-json\/wp\/v2\/media?parent=2589"}],"curies":[{"name":"wp","href":"https:\/\/api.w.org\/{rel}","templated":true}]}}