{"id":2654,"date":"2020-03-24T10:34:37","date_gmt":"2020-03-24T10:34:37","guid":{"rendered":"https:\/\/multihoster.org\/?page_id=2654"},"modified":"2020-03-30T11:38:35","modified_gmt":"2020-03-30T11:38:35","slug":"filespace","status":"publish","type":"page","link":"https:\/\/multihoster.org\/it\/filespace\/","title":{"rendered":"FileSpace Premium Conto: Il Filehoster In Sintesi"},"content":{"rendered":"\n<figure class=\"wp-block-image\"><img src=\"https:\/\/lh4.googleusercontent.com\/ZlNxd9tp6QAC8NYVn7sS81txC1GN292jtBZXWzo5HeZmw7cG-D62mGS9VIPg_g9wXTN3YgBUTKdFfpRXi1ks9dHqy8SQs1OU77XHIIGd4BKzqx0H0b5sP_VAu_TudblE8pKPbSA\" alt=\"FileSpace logo\"\/><\/figure>\n\n\n\n<p>Il sito FileSpace \u00e8 considerato uno dei migliori fornitori di file hosting al mondo. Si trova a Bayside Ltd, 112 Bonadie Street, Kingstown, nel paese di St. Vincent &amp; the Grenadines. <\/p>\n\n\n\n<p>Il FileSpace ha aumentato il numero dei suoi server per fornire una capacit\u00e0 di spazio di archiviazione pi\u00f9 che sufficiente per i suoi utenti o clienti. Offre anche spazio di archiviazione online per facilitare il caricamento, la condivisione e la conservazione di uno o pi\u00f9 file.<\/p>\n\n\n\n<p>Inoltre, il sito del FileSpace offre agli utenti la possibilit\u00e0 di caricare, scaricare, condividere e archiviare online i loro diversi file. Attraverso il FileSpace, l&#8217;utente pu\u00f2 sempre accedere e gestire i propri file in modo semplice e veloce ogni volta che ne ha bisogno e ovunque si trovi: al lavoro, a scuola, a casa, nei centri commerciali, nei ristoranti, o anche in auto. Supporta anche la funzione di caricamento con il <a rel=\"noreferrer noopener\" aria-label=\"File Transfer Protocol (opens in a new tab)\" href=\"https:\/\/www.webopedia.com\/TERM\/F\/ftp.html\" target=\"_blank\">File Transfer Protocol<\/a> o il caricamento FTP, Web upload e Remote Upload.<br><\/p>\n\n\n\n<p>Il sito del FileSpace \u00e8 supportato da diverse lingue: inglese, tedesco, indonesiano, spagnolo, tailandese, francese, turco, arabo, russo, giapponese, polacco, olandese ed ebraico. Un utente pu\u00f2 passare a queste diverse lingue a seconda di ci\u00f2 che capisce.<\/p>\n\n\n<a class=\"maxbutton-2 maxbutton maxbutton-cta\" target=\"_blank\" rel=\"nofollow noopener\" href=\"\/go\/\"><span class='mb-text'>&gt;&gt; Vai al sito web originale di Linkifier<\/span><\/a>\n\n\n<p><\/p>\n\n\n\n<h2>Due delle caratteristiche di FileSpace<\/h2>\n\n\n\n<h3>La funzione Link Checker del FileSpace<\/h3>\n\n\n\n<p>Il FileSpace ha una funzione chiamata Link Checker, che ha lo scopo di controllare l&#8217;Uniform Resource Locator o l&#8217;URL Link di uno o pi\u00f9 file se questi sono disponibili o meno nel database e nel server del FileSpace.<\/p>\n\n\n\n<p>Per verificare se un file \u00e8 disponibile, basta inserire il link URL di un file nella casella Link Checker (si prega di guardare l&#8217;immagine qui sotto) e cliccare sul pulsante &#8220;Controlla URLs&#8221; per inviare. Poi, sar\u00e0 il sistema FileSpace a controllarlo automaticamente.<br><\/p>\n\n\n\n<figure class=\"wp-block-image\"><img src=\"https:\/\/lh3.googleusercontent.com\/ct8ssgeQ3Tc9slZLlOKbro7K0knCMN1O8xlIF94jUoU6tVLnxtN1LdhRt7zSuYr0t2ojlR3V3Vhl_2uG9mxGjpziKHk6CzySYdQJPRNs-6mzsde67spjnW8C7LGrcRxT7-IPlnI\" alt=\"FileSpace Link Checker - URL field\"\/><\/figure>\n\n\n\n<h3>La funzione di recupero password del FileSpace<\/h3>\n\n\n\n<p>Un utente del FileSpace pu\u00f2 a volte dimenticare la password del suo account, ma non deve preoccuparsi, perch\u00e9 il FileSpace ha una funzione che si chiama Password Recovery per recuperare la password dell&#8217;account dei suoi utenti.<\/p>\n\n\n\n<p>Quali sono i dettagli di cui un utente ha bisogno per il recupero della password?<\/p>\n\n\n\n<ul><li>Il nome utente o l&#8217;indirizzo e-mail dell&#8217;utente del FileSpace. (Assicurarsi che l&#8217;indirizzo email inserito sia valido e attivo per ricevere l&#8217;email dal FileSpace).<\/li><li>Il <a rel=\"noreferrer noopener\" aria-label=\"CAPTCHA  (opens in a new tab)\" href=\"https:\/\/en.wikipedia.org\/wiki\/CAPTCHA\" target=\"_blank\">CAPTCHA <\/a>deve essere corretto per procedere.<\/li><\/ul>\n\n\n\n<p>Affinch\u00e9 FileSpace invii la nuova password per il recupero all&#8217;indirizzo e-mail dell&#8217;utente, questi deve cliccare sul pulsante &#8220;Reset my password&#8221; per inviare la richiesta di recupero della password. <\/p>\n\n\n\n<p>Un utente dovrebbe controllare le sue cartelle di posta elettronica (Posta in arrivo, Spam o Junk) per il messaggio di recupero della password di FileSpace. Un utente pu\u00f2 modificare la sua nuova password inviata dal FileSpace sulle impostazioni del suo Account sul sito FileSpace.<\/p>\n\n\n\n<h2>Le caratteristiche dei conti FileSpace<\/h2>\n\n\n\n<p>FileSpace ha due diversi tipi di conti. Questi sono il conto FileSpace Regular Account e il conto FileSpace Premium Account. Vedere la tabella sottostante per conoscere la differenza tra i due tipi di conti di FileSpace.<\/p>\n\n\n\n<figure class=\"wp-block-table\"><table class=\"\"><tbody><tr><td>Diverse caratteristiche del FileSpace <\/td><td>Diversi tipi di conti FileSpace<\/td><\/tr><tr><td>Conto regolare<\/td><td>\u22c6Premium Conto<\/td><\/tr><tr><td>Velocit\u00e0 per scaricare un file<\/td><td>Cento kilobyte al secondo (100 KB\/s)<\/td><td>illimitato<\/td><\/tr><tr><td>Ora di inizio per il download<\/td><td>Il download inizier\u00e0 dopo sessanta (60) secondi<\/td><td>Il download inizier\u00e0 immediatamente<\/td><\/tr><tr><td>Quanti file possono essere scaricati?<\/td><td>Pu\u00f2 scaricare solo un file alla volta<\/td><td>Pu\u00f2 scaricare diversi numeri di file contemporaneamente<\/td><\/tr><tr><td>Per quanto tempo pu\u00f2 essere conservato un file?<\/td><td>I file possono essere memorizzati per esattamente sessanta (60) giorni solo dopo l&#8217;ultimo download<\/td><td>illimitato<\/td><\/tr><tr><td>Quanto spazio per lo stoccaggio?<\/td><td>Cinquanta gigabyte (50 GB) o cinquantamila megabyte (50000 MB)<\/td><td>Cinquecento gigabyte (500 GB) o cinquecentomila megabyte (500000 MB)<\/td><\/tr><tr><td>Un utente pu\u00f2 scaricare direttamente un file?<\/td><td><strong>X<\/strong><\/td><td>\u2714&nbsp;<\/td><\/tr><tr><td>Un utente pu\u00f2 caricare un file utilizzando il File Transfer Protocol o l&#8217;FTP?<\/td><td><strong>X<\/strong><\/td><td>\u2714<\/td><\/tr><tr><td>Un utente pu\u00f2 caricare un file da remoto?<\/td><td><strong>X<\/strong><\/td><td>\u2714<\/td><\/tr><tr><td>Caricamento sul web<\/td><td>\u2714<\/td><td>\u2714<\/td><\/tr><tr><td>Contiene Annunci<\/td><td>\u2714<\/td><td><strong>X<\/strong><\/td><\/tr><\/tbody><\/table><\/figure>\n\n\n\n<p><\/p>\n\n\n\n<h2>FileSpace Premium Conto Pacchetti<\/h2>\n\n\n\n<p>Il FileSpace ha diversi piani per il FileSpace Premium Account. Il prezzo del piano dipende dal numero di giorni. Vedi la tabella sottostante.<\/p>\n\n\n\n<figure class=\"wp-block-table\"><table class=\"\"><tbody><tr><td><strong>I piani dei conti Premium FileSpace<\/strong><\/td><\/tr><tr><td>Quanti giorni?<\/td><td>Quanto costa?<\/td><\/tr><tr><td>30 giorni<\/td><td>13.71 USD<\/td><\/tr><tr><td>90 giorni <\/td><td>34.92 USD<\/td><\/tr><tr><td>330 giorni <\/td><td>97.54 USD<\/td><\/tr><\/tbody><\/table><\/figure>\n\n\n<a class=\"maxbutton-2 maxbutton maxbutton-cta\" target=\"_blank\" rel=\"nofollow noopener\" href=\"\/go\/\"><span class='mb-text'>&gt;&gt; Vai al sito web originale di Linkifier<\/span><\/a>\n\n\n<p><\/p>\n\n\n\n<h2>Metodi di pagamento FileSpace<\/h2>\n\n\n\n<p>Le opzioni per il sistema di pagamento del FileSpace sono state aggiornate per consentire agli utenti di avere pi\u00f9 opzioni e convenienza nel pagamento dei Piani di Account Premium FileShare. Quindi, non c&#8217;\u00e8 bisogno di preoccuparsi perch\u00e9 il pagamento qui nel FileSpace \u00e8 molto accurato e molto affidabile.<\/p>\n\n\n\n<figure class=\"wp-block-table\"><table class=\"\"><tbody><tr><td><strong>Come pagare il piano di pagamento del conto premium FileSpace?<\/strong><\/td><\/tr><tr><td>Credit cards (Visa and MasterCard)<\/td><td>Web Money Transfer or WMZ<\/td><td>Sofort Banking<\/td><\/tr><tr><td>PayPal<\/td><td>QIWI wallet and Digital wallets<\/td><td>PaySafeCard<\/td><\/tr><tr><td>Bitcoin, Ripple, Litecoin, and Ethereum<\/td><td>AdvCash<\/td><td>CashU<\/td><\/tr><tr><td>Skrill<\/td><td>TrustPay (Internet Banking)<\/td><td>AliPay<\/td><\/tr><tr><td>Taobao.com<\/td><td>Interkassa<\/td><td>Rivenditori ufficiali FileSpace<\/td><\/tr><\/tbody><\/table><\/figure>\n\n\n\n<p>Per il FileSpace Premium Account Key, il FileSpace ha molti rivenditori affidabili. Un utente pu\u00f2 acquistare da questi rivenditori del FileSpace perch\u00e9 vendono le chiavi di account FileSpace Premium. <\/p>\n\n\n\n<p>Se un utente ha ulteriori domande riguardanti il pagamento e i piani o servizi FileSpace Premium, pu\u00f2 contattare il servizio clienti del FileSpace inviando un messaggio al suo indirizzo email cs@filespace.com.<\/p>\n\n\n\n<h2>Programma di affiliazione FileSpace: Diventa uno degli affiliati di FileSpace!<\/h2>\n\n\n\n<p>FileSpace ha creato un programma chiamato &#8220;Programma di affiliazione&#8221; che d\u00e0 ai suoi utenti o membri l&#8217;opportunit\u00e0 di guadagnare utilizzando il sito.<\/p>\n\n\n\n<p>Di seguito sono riportati i seguenti vantaggi che un utente o un membro del FileSpace pu\u00f2 ottenere quando entra a far parte del Programma di Affiliazione:<\/p>\n\n\n\n<p>&nbsp;&nbsp;\u2022 Un utente del Filespace pu\u00f2 guadagnare fino al sessanta per cento (60%) delle vendite del Filespace Premium utilizzando la modalit\u00e0 Pay Per Sale o PPS profit.<\/p>\n\n\n\n<p>&nbsp;&nbsp;\u2022 Un utente del Filespace pu\u00f2 guadagnare fino a trentotto dollari (38 dollari) per ogni mille (1000) download pi\u00f9 il venti per cento (20%) delle vendite del Filespace in modalit\u00e0 a profitto misto.<\/p>\n\n\n\n<p>&nbsp;&nbsp;\u2022 Il Filespace d\u00e0 un venti per cento (20%) ai proprietari del sito web del Filespace per guadagnare e un cinque per cento (5%) per i guadagni del rinvio. Per i guadagni del referral, significa che tutte le persone che si sono registrate con successo e si sono iscritte al FileSpace utilizzando i link del membro del FileSpace saranno automaticamente aggiunte ai referral del membro.<\/p>\n\n\n\n<p>&nbsp;&nbsp;\u2022 Le statistiche sono molto dettagliate e ha anche accesso al File Transfer Protocol o FTP e al Remote URL upload.<\/p>\n\n\n\n<p>&nbsp;&nbsp;\u2022 I pagamenti del Filespace per questo sono completati entro due (2) giorni lavorativi. L&#8217;importo minimo di pagamento del Filespace \u00e8 di soli dieci dollari ($10). Pagano i loro utenti o clienti tramite WebMoney, Bitcoin o Ethereum o altre valute digitali, PayPal, AdvCash e altri (fare riferimento alle opzioni di pagamento di cui sopra).<br><\/p>\n\n\n\n<p>Un utente del sito FileSpace ha la libert\u00e0 di scegliere la sua modalit\u00e0 di profitto nel Programma di Affiliazione. Si prega di vedere le seguenti modalit\u00e0 di profitto.<\/p>\n\n\n\n<h3>Due (2) Modalit\u00e0 di profitto del FileSpace<\/h3>\n\n\n\n<p>1. Pay Per Sale o PPS &#8211; Utilizzando questa modalit\u00e0, un utente pu\u00f2 guadagnare fino al sessanta per cento (60%) della vendita iniziale di ogni utente o membro di FileSpace e il cinquanta per cento (50%) per le altre vendite e bollette.<\/p>\n\n\n\n<p>2. Misto del Pay Per Download o PPD + Pay Per Sale o PPS &#8211; Utilizzando questa modalit\u00e0, un utente pu\u00f2 guadagnare fino a venti dollari ($20) per ogni mille (1000) download e il venti per cento (20%) per tutte le vendite e le bollette.<\/p>\n\n\n\n<h3>Come richiedere di aderire al Programma di Affiliazione dello Spazio File?<\/h3>\n\n\n\n<p>Affinch\u00e9 un utente possa richiedere di aderire al Programma di Affiliazione del Filespace, deve creare un messaggio via email o tramite la pagina dei contatti del sito FileSpace. <\/p>\n\n\n\n<p>Un utente deve copiare il <a rel=\"noreferrer noopener\" aria-label=\"Uniform Resource Locator (opens in a new tab)\" href=\"https:\/\/en.wikipedia.org\/wiki\/URL\" target=\"_blank\">Uniform Resource Locator<\/a> o il link URL del suo sito web o i link URL dai suoi post su altri siti web come forum, blog, social media e altri. Egli o lei deve incollare il link nel contenuto del messaggio e inviarlo all&#8217;email del FileSpace o se si sta utilizzando il sito Filespace, basta cliccare sul pulsante &#8220;Invia&#8221; per inviare la richiesta. <br><\/p>\n\n\n\n<p>Un utente pu\u00f2 anche includere la dimensione dello spazio di cui ha bisogno per l&#8217;archiviazione dei file. Egli o lei pu\u00f2 anche fornire qualsiasi dettaglio importante nel contenuto del messaggio. Un utente pu\u00f2 anche aggiungere il suo contatto. <\/p>\n\n\n\n<p>Il gestore affiliato del FileSpace sar\u00e0 quello che avr\u00e0 la responsabilit\u00e0 di rispondere alle richieste o ai messaggi degli utenti entro sole quarantotto ore (48 ore).<\/p>\n\n\n\n<h2>Avete domande o dubbi?<\/h2>\n\n\n\n<p>Se un utente ha domande o dubbi sul sito FileSpace, sui piani premium, sui pagamenti, sul programma di affiliazione, sulle caratteristiche e sui servizi, non deve esitare a contattare FileSpace attraverso il suo indirizzo email cs@filespace.com o attraverso il modulo di contatto sul suo sito FileSpace (http:\/\/www.filespace.com) o attraverso il suo numero di telefono 855-218-6668, ma prima di inviare un messaggio \u00e8 pregato di leggere i Termini di Servizio e la Politica di FileSpace. <\/p>\n\n\n\n<p>Il FileSpace \u00e8 molto responsabile di rispondere alle domande e alle preoccupazioni degli utenti. Aspettatevi sempre che inviino una risposta entro due (2) giorni lavorativi.<\/p>\n\n\n<a class=\"maxbutton-2 maxbutton maxbutton-cta\" target=\"_blank\" rel=\"nofollow noopener\" href=\"\/go\/\"><span class='mb-text'>&gt;&gt; Vai al sito web originale di Linkifier<\/span><\/a>\n\n\n<p><br><\/p>\n","protected":false},"excerpt":{"rendered":"<p>Il sito FileSpace \u00e8 considerato uno dei migliori fornitori di file hosting al mondo. Si trova a Bayside Ltd, 112<\/p>\n","protected":false},"author":2,"featured_media":0,"parent":0,"menu_order":0,"comment_status":"closed","ping_status":"closed","template":"","meta":[],"yoast_head":"<!-- This site is optimized with the Yoast SEO plugin v18.3 - https:\/\/yoast.com\/wordpress\/plugins\/seo\/ -->\n<title>FileSpace Premium Conto - Il Filehoster in sintesi<\/title>\n<meta name=\"description\" content=\"Se FileSpace \u00e8 un fornitore affidabile o meno, potete trovare la risposta nel test in corso su Multihoster.org \u279c Cliccate ora \u271a per leggere le nostre esperienze!\" \/>\n<meta name=\"robots\" content=\"index, follow, max-snippet:-1, max-image-preview:large, max-video-preview:-1\" \/>\n<link rel=\"canonical\" href=\"https:\/\/multihoster.org\/it\/filespace\/\" \/>\n<meta property=\"og:locale\" content=\"it_IT\" \/>\n<meta property=\"og:type\" content=\"article\" \/>\n<meta property=\"og:title\" content=\"FileSpace Premium Conto - Il Filehoster in sintesi\" \/>\n<meta property=\"og:description\" content=\"Se FileSpace \u00e8 un fornitore affidabile o meno, potete trovare la risposta nel test in corso su Multihoster.org \u279c Cliccate ora \u271a per leggere le nostre esperienze!\" \/>\n<meta property=\"og:url\" content=\"https:\/\/multihoster.org\/it\/filespace\/\" \/>\n<meta property=\"og:site_name\" content=\"Multihoster.org\" \/>\n<meta property=\"article:modified_time\" content=\"2020-03-30T11:38:35+00:00\" \/>\n<meta property=\"og:image\" content=\"https:\/\/lh4.googleusercontent.com\/ZlNxd9tp6QAC8NYVn7sS81txC1GN292jtBZXWzo5HeZmw7cG-D62mGS9VIPg_g9wXTN3YgBUTKdFfpRXi1ks9dHqy8SQs1OU77XHIIGd4BKzqx0H0b5sP_VAu_TudblE8pKPbSA\" \/>\n<meta name=\"twitter:card\" content=\"summary\" \/>\n<meta name=\"twitter:label1\" content=\"Tempo di lettura stimato\" \/>\n\t<meta name=\"twitter:data1\" content=\"7 minuti\" \/>\n<script type=\"application\/ld+json\" class=\"yoast-schema-graph\">{\"@context\":\"https:\/\/schema.org\",\"@graph\":[{\"@type\":\"WebSite\",\"@id\":\"https:\/\/multihoster.org\/#website\",\"url\":\"https:\/\/multihoster.org\/\",\"name\":\"Multihoster.org\",\"description\":\"Reviews of the major Filehosting services\",\"potentialAction\":[{\"@type\":\"SearchAction\",\"target\":{\"@type\":\"EntryPoint\",\"urlTemplate\":\"https:\/\/multihoster.org\/?s={search_term_string}\"},\"query-input\":\"required name=search_term_string\"}],\"inLanguage\":\"it-IT\"},{\"@type\":\"ImageObject\",\"@id\":\"https:\/\/multihoster.org\/it\/filespace\/#primaryimage\",\"inLanguage\":\"it-IT\",\"url\":\"https:\/\/lh4.googleusercontent.com\/ZlNxd9tp6QAC8NYVn7sS81txC1GN292jtBZXWzo5HeZmw7cG-D62mGS9VIPg_g9wXTN3YgBUTKdFfpRXi1ks9dHqy8SQs1OU77XHIIGd4BKzqx0H0b5sP_VAu_TudblE8pKPbSA\",\"contentUrl\":\"https:\/\/lh4.googleusercontent.com\/ZlNxd9tp6QAC8NYVn7sS81txC1GN292jtBZXWzo5HeZmw7cG-D62mGS9VIPg_g9wXTN3YgBUTKdFfpRXi1ks9dHqy8SQs1OU77XHIIGd4BKzqx0H0b5sP_VAu_TudblE8pKPbSA\"},{\"@type\":\"WebPage\",\"@id\":\"https:\/\/multihoster.org\/it\/filespace\/#webpage\",\"url\":\"https:\/\/multihoster.org\/it\/filespace\/\",\"name\":\"FileSpace Premium Conto - Il Filehoster in sintesi\",\"isPartOf\":{\"@id\":\"https:\/\/multihoster.org\/#website\"},\"primaryImageOfPage\":{\"@id\":\"https:\/\/multihoster.org\/it\/filespace\/#primaryimage\"},\"datePublished\":\"2020-03-24T10:34:37+00:00\",\"dateModified\":\"2020-03-30T11:38:35+00:00\",\"description\":\"Se FileSpace \u00e8 un fornitore affidabile o meno, potete trovare la risposta nel test in corso su Multihoster.org \u279c Cliccate ora \u271a per leggere le nostre esperienze!\",\"breadcrumb\":{\"@id\":\"https:\/\/multihoster.org\/it\/filespace\/#breadcrumb\"},\"inLanguage\":\"it-IT\",\"potentialAction\":[{\"@type\":\"ReadAction\",\"target\":[\"https:\/\/multihoster.org\/it\/filespace\/\"]}]},{\"@type\":\"BreadcrumbList\",\"@id\":\"https:\/\/multihoster.org\/it\/filespace\/#breadcrumb\",\"itemListElement\":[{\"@type\":\"ListItem\",\"position\":1,\"name\":\"Startseite\",\"item\":\"https:\/\/multihoster.org\/it\/\"},{\"@type\":\"ListItem\",\"position\":2,\"name\":\"FileSpace Premium Conto: Il Filehoster In Sintesi\"}]}]}<\/script>\n<!-- \/ Yoast SEO plugin. -->","yoast_head_json":{"title":"FileSpace Premium Conto - Il Filehoster in sintesi","description":"Se FileSpace \u00e8 un fornitore affidabile o meno, potete trovare la risposta nel test in corso su Multihoster.org \u279c Cliccate ora \u271a per leggere le nostre esperienze!","robots":{"index":"index","follow":"follow","max-snippet":"max-snippet:-1","max-image-preview":"max-image-preview:large","max-video-preview":"max-video-preview:-1"},"canonical":"https:\/\/multihoster.org\/it\/filespace\/","og_locale":"it_IT","og_type":"article","og_title":"FileSpace Premium Conto - Il Filehoster in sintesi","og_description":"Se FileSpace \u00e8 un fornitore affidabile o meno, potete trovare la risposta nel test in corso su Multihoster.org \u279c Cliccate ora \u271a per leggere le nostre esperienze!","og_url":"https:\/\/multihoster.org\/it\/filespace\/","og_site_name":"Multihoster.org","article_modified_time":"2020-03-30T11:38:35+00:00","og_image":[{"url":"https:\/\/lh4.googleusercontent.com\/ZlNxd9tp6QAC8NYVn7sS81txC1GN292jtBZXWzo5HeZmw7cG-D62mGS9VIPg_g9wXTN3YgBUTKdFfpRXi1ks9dHqy8SQs1OU77XHIIGd4BKzqx0H0b5sP_VAu_TudblE8pKPbSA"}],"twitter_card":"summary","twitter_misc":{"Tempo di lettura stimato":"7 minuti"},"schema":{"@context":"https:\/\/schema.org","@graph":[{"@type":"WebSite","@id":"https:\/\/multihoster.org\/#website","url":"https:\/\/multihoster.org\/","name":"Multihoster.org","description":"Reviews of the major Filehosting services","potentialAction":[{"@type":"SearchAction","target":{"@type":"EntryPoint","urlTemplate":"https:\/\/multihoster.org\/?s={search_term_string}"},"query-input":"required name=search_term_string"}],"inLanguage":"it-IT"},{"@type":"ImageObject","@id":"https:\/\/multihoster.org\/it\/filespace\/#primaryimage","inLanguage":"it-IT","url":"https:\/\/lh4.googleusercontent.com\/ZlNxd9tp6QAC8NYVn7sS81txC1GN292jtBZXWzo5HeZmw7cG-D62mGS9VIPg_g9wXTN3YgBUTKdFfpRXi1ks9dHqy8SQs1OU77XHIIGd4BKzqx0H0b5sP_VAu_TudblE8pKPbSA","contentUrl":"https:\/\/lh4.googleusercontent.com\/ZlNxd9tp6QAC8NYVn7sS81txC1GN292jtBZXWzo5HeZmw7cG-D62mGS9VIPg_g9wXTN3YgBUTKdFfpRXi1ks9dHqy8SQs1OU77XHIIGd4BKzqx0H0b5sP_VAu_TudblE8pKPbSA"},{"@type":"WebPage","@id":"https:\/\/multihoster.org\/it\/filespace\/#webpage","url":"https:\/\/multihoster.org\/it\/filespace\/","name":"FileSpace Premium Conto - Il Filehoster in sintesi","isPartOf":{"@id":"https:\/\/multihoster.org\/#website"},"primaryImageOfPage":{"@id":"https:\/\/multihoster.org\/it\/filespace\/#primaryimage"},"datePublished":"2020-03-24T10:34:37+00:00","dateModified":"2020-03-30T11:38:35+00:00","description":"Se FileSpace \u00e8 un fornitore affidabile o meno, potete trovare la risposta nel test in corso su Multihoster.org \u279c Cliccate ora \u271a per leggere le nostre esperienze!","breadcrumb":{"@id":"https:\/\/multihoster.org\/it\/filespace\/#breadcrumb"},"inLanguage":"it-IT","potentialAction":[{"@type":"ReadAction","target":["https:\/\/multihoster.org\/it\/filespace\/"]}]},{"@type":"BreadcrumbList","@id":"https:\/\/multihoster.org\/it\/filespace\/#breadcrumb","itemListElement":[{"@type":"ListItem","position":1,"name":"Startseite","item":"https:\/\/multihoster.org\/it\/"},{"@type":"ListItem","position":2,"name":"FileSpace Premium Conto: Il Filehoster In Sintesi"}]}]}},"_links":{"self":[{"href":"https:\/\/multihoster.org\/it\/wp-json\/wp\/v2\/pages\/2654"}],"collection":[{"href":"https:\/\/multihoster.org\/it\/wp-json\/wp\/v2\/pages"}],"about":[{"href":"https:\/\/multihoster.org\/it\/wp-json\/wp\/v2\/types\/page"}],"author":[{"embeddable":true,"href":"https:\/\/multihoster.org\/it\/wp-json\/wp\/v2\/users\/2"}],"replies":[{"embeddable":true,"href":"https:\/\/multihoster.org\/it\/wp-json\/wp\/v2\/comments?post=2654"}],"version-history":[{"count":3,"href":"https:\/\/multihoster.org\/it\/wp-json\/wp\/v2\/pages\/2654\/revisions"}],"predecessor-version":[{"id":2793,"href":"https:\/\/multihoster.org\/it\/wp-json\/wp\/v2\/pages\/2654\/revisions\/2793"}],"wp:attachment":[{"href":"https:\/\/multihoster.org\/it\/wp-json\/wp\/v2\/media?parent=2654"}],"curies":[{"name":"wp","href":"https:\/\/api.w.org\/{rel}","templated":true}]}}