{"id":2825,"date":"2020-03-30T14:03:37","date_gmt":"2020-03-30T14:03:37","guid":{"rendered":"https:\/\/multihoster.org\/?page_id=2825"},"modified":"2020-03-31T15:47:29","modified_gmt":"2020-03-31T15:47:29","slug":"4shared","status":"publish","type":"page","link":"https:\/\/multihoster.org\/it\/4shared\/","title":{"rendered":"4shared Premium Conto: Il Filehoster In Sintesi"},"content":{"rendered":"\n<figure class=\"wp-block-image size-large\"><img loading=\"lazy\" width=\"350\" height=\"91\" src=\"https:\/\/multihoster.org\/wp-content\/uploads\/2020\/03\/4shared.png\" alt=\"4shared logo\" class=\"wp-image-3095\" srcset=\"https:\/\/multihoster.org\/wp-content\/uploads\/2020\/03\/4shared.png 350w, https:\/\/multihoster.org\/wp-content\/uploads\/2020\/03\/4shared-300x78.png 300w\" sizes=\"(max-width: 350px) 100vw, 350px\" \/><\/figure>\n\n\n<a class=\"maxbutton-2 maxbutton maxbutton-cta\" target=\"_blank\" rel=\"nofollow noopener\" href=\"\/go\/\"><span class='mb-text'>&gt;&gt; Vai al sito web originale di Linkifier<\/span><\/a>\n\n\n<p><\/p>\n\n\n\n<h2>Il sito 4shared<\/h2>\n\n\n\n<p>4shared \u00e8 uno dei siti di file hosting e trasferimento file pi\u00f9 sicuri e affidabili al mondo. Ci sono pi\u00f9 di dieci (10) milioni di file che gli utenti condividono su 4shared.<\/p>\n\n\n\n<p>4shared \u00e8 stato creato e pubblicato nel 2005 in Ucraina, Kiev e fino ad oggi \u00e8 ancora molto utile per molte persone. Ha funzioni per salvare, caricare, scaricare e condividere uno o pi\u00f9 file con altri utenti o altri dispositivi. Aiuta le persone a salvare, caricare e aprire i loro file facilmente ovunque con Internet utilizzando questo sito per qualsiasi scopo.<\/p>\n\n\n\n<p>L&#8217;interfaccia utente 4shared \u00e8 molto semplice e molto facile da usare, il che rende pi\u00f9 facile per molti utenti comprenderla cos\u00ec come le sue caratteristiche.<\/p>\n\n\n\n<p>Un utente pu\u00f2 creare la sua libreria per la musica o le canzoni nel suo account 4shared. La cosa bella \u00e8 che 4shared supporta lo streaming per la musica. Un utente pu\u00f2 ascoltare la musica tramite i browser del proprio cellulare (Android e iOS) o dei dispositivi desktop.<\/p>\n\n\n\n<p>Il 4shared ha un centro di assistenza dove gli utenti possono trovare risposte ad alcune delle loro domande sulle caratteristiche del 4shared e sui suoi servizi. Hanno anche un supporto tecnico per assistere le preoccupazioni dei clienti o degli utenti riguardo al loro sito o ai loro prodotti.<\/p>\n\n\n\n<p>Il 4shared ha due tipi di conti: il 4shared free account e il 4shared Premium account. <\/p>\n\n\n\n<p>Avere un conto \u00e8 facile. Un utente pu\u00f2 registrarsi utilizzando il suo account sui social media su Twitter, Facebook o Google, o qualsiasi indirizzo e-mail di un utente. Dopo aver creato l&#8217;account, un utente deve verificarlo sulla sua e-mail nella cartella Posta in arrivo o Spam cliccando sul link del messaggio di 4shared. Successivamente, 4shared notificher\u00e0 all&#8217;utente se il suo account \u00e8 stato verificato.<\/p>\n\n\n\n<p>Un utente del 4shared pu\u00f2 sperimentare i seguenti vantaggi:<\/p>\n\n\n\n<p>1. Un utente pu\u00f2 effettuare la personalizzazione del proprio profilo su 4shared. Pu\u00f2 aggiungere o modificare il design e altri nelle impostazioni dell&#8217;account di un utente.<\/p>\n\n\n\n<p>2. Un utente pu\u00f2 comunicare con altri utenti attraverso la messaggistica privata o l&#8217;invio di commenti su messaggi pubblici.<\/p>\n\n\n\n<p>3. Un utente pu\u00f2 visualizzare e trasmettere in streaming musica o qualsiasi file multimediale sul sito web di 4shared.<\/p>\n\n\n\n<p>4. Un utente pu\u00f2 utilizzare l&#8217;applicazione mobile di 4shared per accedere al proprio account e gestirlo. <\/p>\n\n\n\n<p>Gli utenti possono anche tradurre la lingua del sito 4shared nelle lingue supportate qui sotto.<\/p>\n\n\n\n<h3>Le lingue sul sito 4shared:<\/h3>\n\n\n\n<ul><li>English,<\/li><li>Deutsch,<\/li><li>Italian,<\/li><li>French,<\/li><li>Polish,<\/li><li>Turkish,<\/li><li>Indonesian o Malay,<\/li><li>Portuguese,<\/li><li>Thai,<\/li><li>Arabic,<\/li><li>Mandarin o Chinese,<\/li><li>Vietnamese,<\/li><li>Japanese,<\/li><li>e Korean.<\/li><\/ul>\n\n\n\n<h2>Il sito 4shared Blog<\/h2>\n\n\n\n<p>Tutti gli utenti possono pubblicare i loro articoli qui perch\u00e9 4shared ha il suo sito blog che contiene diversi articoli sulle nuove funzionalit\u00e0 o altri aggiornamenti sul 4shared stesso. Gli articoli sono scritti da diversi utenti e diversi utenti possono commentare un articolo specifico e possono anche condividere il link dell&#8217;articolo attraverso i social media come Twitter o Facebook. <\/p>\n\n\n\n<p>Sul blog 4shared, visualizza le proprie statistiche dove gli utenti possono vedere il numero di utenti che utilizzano il 4shared, il numero di visite ogni giorno di un utente, la dimensione dei file che vengono ospitati sul sito 4shared, e la dimensione dei file che vengono trasferiti ogni giorno.<\/p>\n\n\n\n<p>Gli utenti possono anche tradurre la lingua del sito del blog 4shared in inglese, indonesiano, portoghese, tailandese, arabo e coreano.<\/p>\n\n\n\n<h2>Il 4shared Premium Conto <\/h2>\n\n\n\n<p>Il conto Premium 4shared ha pi\u00f9 caratteristiche del conto gratuito 4shared. Se un utente non vuole pubblicit\u00e0 sulla pagina del sito durante la condivisione e il download, se un utente vuole una sicurezza avanzata per i suoi file e il suo account, se un utente vuole una grande dimensione di archiviazione, e se un utente vuole un modo molto veloce per caricare e scaricare, allora dovrebbe ottenere l&#8217;account Premium 4shared.<\/p>\n\n\n\n<figure class=\"wp-block-table\"><table class=\"\"><tbody><tr><td>4shared Premium<\/td><td>4shared Gratuito<\/td><\/tr><tr><td><li>Necessit\u00e0 di pagare<br><li>Non ha annunci<br><li>Cento gigabyte (100 GB) per lo storage<br><li>Cento gigabyte (100 GB) da caricare<br><li>Dispone di supporto tecnico<br><li>Ha <a href=\"https:\/\/www.yourdictionary.com\/accelerator\">acceleratore<\/a> per il download<br><li>Pu\u00f2 riprendere il download<br><li>Ha un link per il download diretto di un file<br><li>Dispone di statistiche dettagliate<br><li>Ha una funzione di ricerca<br><li>Pu\u00f2 ripristinare il file<br><li>Pu\u00f2 fare un backup dei file<br><li>Condivisione di file e articoli su social network o e-mail<br><li>Uso dei codici QR<br><li>Impostare una password per bloccare le cartelle<br><li>Pu\u00f2 trasmettere musica in streaming o altri file multimediali<br><li>Ha un visualizzatore di foto<br><li>Controllo dei file con un antivirus<br><li>Pu\u00f2 accedere attraverso l&#8217;applicazione mobile e desktop di 4shared\u00a0<br><li>Un utente pu\u00f2 commentare un file <\/td><td><li>Non c&#8217;\u00e8 bisogno di pagare<br><li> Ha annunci pubblicitari<br><li> Quindici gigabyte (15 GB) per lo storage<br><li> 2048 MB da caricare<br><li> Dispone di supporto tecnico<br><li> Non ha un acceleratore da scaricare<br><li> Impossibile riprendere il download<br><li> Non ha un link diretto per il download di un file<br><li> Non ha statistiche dettagliate<br><li> Ha una funzione di ricerca<br><li> Pu\u00f2 ripristinare il file<br><li> Impossibile eseguire il backup di un file<br><li> Condivisione di file e articoli su social network o e-mail<br><li> Uso dei codici QR<br><li> Impostare una password per bloccare le cartelle<br><li> Pu\u00f2 trasmettere musica in streaming o altri file multimediali<br><li> Ha un visualizzatore di foto<br><li> Controllo dei file con un antivirus<br><li> Pu\u00f2 accedere attraverso l&#8217;applicazione mobile e desktop di 4shared <br><li> Un utente pu\u00f2 commentare un file<br><li> Gestione dei file<br><li> Pu\u00f2 caricare molti file<\/td><\/tr><\/tbody><\/table><\/figure>\n\n\n\n<h3>Il sito 4shared Premium Conto Piani<\/h3>\n\n\n\n<figure class=\"wp-block-table\"><table class=\"\"><tbody><tr><td>4shared Premium Conto Piani <\/td><\/tr><tr><td># di Mesi:<\/td><td>1<\/td><td>3<\/td><td>6<\/td><td>12<\/td><\/tr><tr><td>Importo da pagare al mese:<\/td><td>$ 9.95<\/td><td>$ 7.98<\/td><td>$ 7.16<\/td><td>$ 6.50<\/td><\/tr><\/tbody><\/table><\/figure>\n\n\n\n<p>I suddetti Piani Premium Account 4shared devono essere pagati ai rivenditori ufficiali di 4shared o direttamente al sito 4shared. Un utente pu\u00f2 ottenere uno sconto quando acquista un piano se ha applicato un coupon di sconto da 4shared. Inoltre, se un utente ha richieste di informazioni sul pagamento del piano Premium, pu\u00f2 contattare 4shared attraverso il suo indirizzo e-mail.<\/p>\n\n\n\n<p>I rivenditori ufficiali di 4shared sono elencati di seguito:<\/p>\n\n\n\n<ul><li>24instant.com<\/li><li>BigShareShop<\/li><li>Fast-Premium.com<\/li><li>Premium.Us &#8211; Questo accetta il pagamento Paypal che pu\u00f2 inviare il pagamento velocemente.<\/li><li>PremiumInstant &#8211; Questo accetta il pagamento Paypal<\/li><\/ul>\n\n\n<a class=\"maxbutton-2 maxbutton maxbutton-cta\" target=\"_blank\" rel=\"nofollow noopener\" href=\"\/go\/\"><span class='mb-text'>&gt;&gt; Vai al sito web originale di Linkifier<\/span><\/a>\n\n\n<p><\/p>\n\n\n\n<p>4shared raccomanda i suddetti rivenditori e consiglia agli utenti di non acquistare prodotti da altri rivenditori o venditori che non siano presenti nell&#8217;elenco.<\/p>\n\n\n\n<h2>Cosa fare con i vostri file?<\/h2>\n\n\n\n<p>I file sul sito 4shared sono ordinati per dimensioni, per tipi di file, per data e ora o per nome.<\/p>\n\n\n\n<p>I file sono ordinati in base alle loro dimensioni:<\/p>\n\n\n\n<ul><li>File che sono meno di 1 MB<\/li><li> File piccoli &#8211; questo va da 1 MB a 10 MB<\/li><li> File medi &#8211; questo va da 10 MB a 100 MB<\/li><li> File di grandi dimensioni &#8211; questo va da 100 MB a 1000 MB o 1 GB<\/li><li> File di dimensioni superiori a 1 GB<\/li><\/ul>\n\n\n\n<p>I file sono ordinati in base al tipo di file:<\/p>\n\n\n\n<ul><li>rar<\/li><li>zip<\/li><li>7-zip or 7z<\/li><li>cso<\/li><li>Iso<\/li><li>img<\/li><li>Tar<\/li><li>gz<\/li><li>pacchetto<\/li><\/ul>\n\n\n\n<p>I file sono ordinati in base alla data e all&#8217;ora in cui sono stati caricati:<\/p>\n\n\n\n<ul><li>Dal pi\u00f9 recente al pi\u00f9 vecchio<\/li><li> Dal pi\u00f9 vecchio al pi\u00f9 recente<\/li><\/ul>\n\n\n\n<p>I file sono ordinati secondo il suo nome:<\/p>\n\n\n\n<ul><li>Nome dalla A alla Z<\/li><li> Nome dalla Z alla A<\/li><\/ul>\n\n\n\n<h3>1. Caricalo<\/h3>\n\n\n\n<p>Dopo che un utente ha caricato un file, 4shared visualizzer\u00e0 il nome dell&#8217;uploader (utente), il nome dell&#8217;album o della cartella, la foto di copertina del file, la data in cui il file \u00e8 stato caricato, il nome del file, la dimensione del file, il bitrate del file, l&#8217;estensione del file e i tag del file.<\/p>\n\n\n\n<figure class=\"wp-block-image\"><img src=\"https:\/\/lh6.googleusercontent.com\/a_ax3EiHjZa6eEKmxT6O7lglKqEKGdW21vC6NVRSGLpKBnOEJWBC_vtMK96YVkE2vpD1ueIgg0BOoJQZFNBN68cy9M_qNCf76Eb_xQHuMPGnPjeSmJRe1an-NvAH9EqrWMzo0jE\" alt=\"Plus button when adding files to a 4shared account\"\/><\/figure>\n\n\n\n<figure class=\"wp-block-image\"><img src=\"https:\/\/lh5.googleusercontent.com\/brDHiN-SpQWpYp1widxU6wBUEG-qcQhsGBj-ps_vlVwm-rMtMXTH95_jz279RxopjPnp1n_VUugzpFbo_L8FC0XxKlIiwc24MJECa7oci6RS8TeIk6MGnZy9_CiBFtM8uBTaZJQ\" alt=\"Button when adding files to a 4shared account\"\/><\/figure>\n\n\n\n<p>Un utente pu\u00f2 anche aggiungere i file al proprio account su 4shared. Deve solo cliccare sul pulsante pi\u00f9 o sul pulsante &#8220;Aggiungi al mio account&#8221; del file.<\/p>\n\n\n\n<p>Gli utenti possono cliccare sul pulsante &#8220;Load more&#8221; per caricare gli altri file successivi oppure possono cliccare sul pulsante &#8220;Next&#8221; per caricare i file della pagina successiva.<\/p>\n\n\n\n<p>Di seguito sono riportati i tipi di file che possono essere caricati su 4shared:<\/p>\n\n\n\n<ul><li>Musica o audio<\/li><li> Video<\/li><li> Applicazioni e giochi<\/li><li> Libri o e-book<\/li><li> Archivio o compresso<\/li><\/ul>\n\n\n\n<h3>2. Scaricalo<\/h3>\n\n\n\n<figure class=\"wp-block-image\"><img src=\"https:\/\/lh5.googleusercontent.com\/oyBfDjUy1_xgoLHfPGM-edYkEWqQlu03KFB1SH9vVC91cfAYGclV0Af174-2Blc-ATmvn6XAngZvy5M2bwJGMfU_i9wQd02AkMPRS1-PpZlQq0QxgDa3-cL7CGG1XvbJtjyAdzI\" alt=\"Download button of 4shared\"\/><\/figure>\n\n\n\n<p>Per condividere un file, gli utenti devono cliccare il pulsante &#8220;Download&#8221; sul link di download o tramite l&#8217;uso del <a rel=\"noreferrer noopener\" aria-label=\"codice QR (opens in a new tab)\" href=\"https:\/\/whatis.techtarget.com\/definition\/QR-code-quick-response-code\" target=\"_blank\">codice QR<\/a> del file o sulla pagina del file specifico.<\/p>\n\n\n\n<h3>3. Condividi<\/h3>\n\n\n\n<figure class=\"wp-block-image\"><img src=\"https:\/\/lh3.googleusercontent.com\/wd9_yQb7-lEsBKiVYZ2VlyLGY7NTz42OEEdaQ2p7rzOVxbCZLXw9MuHqqPecrmLmhv11hswTqVqeZumt6le9zFLqrpPx5nXFghhGyAHfZddYoNlqQ-97k4k0r5lVrnJacPcuCgo\" alt=\"Share button of 4shared\"\/><\/figure>\n\n\n\n<p>Per condividere un file, gli utenti devono cliccare sul pulsante &#8220;Condividi&#8221; sul link o tramite l&#8217;uso del codice QR del file o sulla pagina del file specifico.<\/p>\n\n\n\n<p>Inoltre, un utente pu\u00f2 copiare e incollare il link del file solo utilizzando il browser web di qualsiasi dispositivo.<\/p>\n\n\n\n<p>Di seguito sono riportate le estensioni dei file che 4shared ha permesso:<\/p>\n\n\n\n<figure class=\"wp-block-table\"><table class=\"\"><tbody><tr><td>Documentazione<\/td><td>Musica dell&#8217;audio<\/td><td>Videos<\/td><td>Foto<\/td><td>Archivio<\/td><\/tr><tr><td>.txt.doc.rtf.pdf.xls<\/td><td>.wav.mp3.ogg.mid<\/td><td>.avi.mpeg.mpg<br><\/td><td>.jpg.png.gif.bmp<\/td><td>.rar.zip.jar<\/td><\/tr><\/tbody><\/table><\/figure>\n\n\n\n<p>Un utente pu\u00f2 caricare e condividere qualsiasi file che sia supportato da 4shared ma non pu\u00f2 e non deve caricare e condividere un file relativo alla <a rel=\"noreferrer noopener\" aria-label=\"pornografia (opens in a new tab)\" href=\"https:\/\/www.merriam-webster.com\/dictionary\/pornography\" target=\"_blank\">pornografia<\/a>, a cose illegali o di copyright, o a qualsiasi cosa che non sia in accordo con le Condizioni d&#8217;uso di 4shared.<\/p>\n\n\n\n<h2>Il sito 4shared Applicazioni<\/h2>\n\n\n\n<h3>A. App per telefoni cellulari<\/h3>\n\n\n\n<p>Un utente pu\u00f2 scaricare l&#8217;applicazione 4shared attraverso i suoi telefoni cellulari in Google Play dell&#8217;Android, App Store di iOS, Phone Store per Windows.<\/p>\n\n\n\n<h3>B. App per desktop<\/h3>\n\n\n\n<p>Un utente pu\u00f2 scaricare l&#8217;applicazione 4shared attraverso il suo computer desktop o laptop per mac OS e Windows operante dal sito 4shared.<\/p>\n\n\n<a class=\"maxbutton-2 maxbutton maxbutton-cta\" target=\"_blank\" rel=\"nofollow noopener\" href=\"\/go\/\"><span class='mb-text'>&gt;&gt; Vai al sito web originale di Linkifier<\/span><\/a>\n\n\n<p><br><\/p>\n","protected":false},"excerpt":{"rendered":"<p>Il sito 4shared 4shared \u00e8 uno dei siti di file hosting e trasferimento file pi\u00f9 sicuri e affidabili al mondo.<\/p>\n","protected":false},"author":2,"featured_media":0,"parent":0,"menu_order":0,"comment_status":"closed","ping_status":"closed","template":"","meta":[],"yoast_head":"<!-- This site is optimized with the Yoast SEO plugin v18.3 - https:\/\/yoast.com\/wordpress\/plugins\/seo\/ -->\n<title>4shared Premium Conto: Il Filehoster In Sintesi<\/title>\n<meta name=\"description\" content=\"Se 4shared \u00e8 un fornitore affidabile o meno, potete trovare la risposta nel test in corso su Multihoster.org \u279c Cliccate ora \u271a per leggere le nostre esperienze!\" \/>\n<meta name=\"robots\" content=\"index, follow, max-snippet:-1, max-image-preview:large, max-video-preview:-1\" \/>\n<link rel=\"canonical\" href=\"https:\/\/multihoster.org\/it\/4shared\/\" \/>\n<meta property=\"og:locale\" content=\"it_IT\" \/>\n<meta property=\"og:type\" content=\"article\" \/>\n<meta property=\"og:title\" content=\"4shared Premium Conto: Il Filehoster In Sintesi\" \/>\n<meta property=\"og:description\" content=\"Se 4shared \u00e8 un fornitore affidabile o meno, potete trovare la risposta nel test in corso su Multihoster.org \u279c Cliccate ora \u271a per leggere le nostre esperienze!\" \/>\n<meta property=\"og:url\" content=\"https:\/\/multihoster.org\/it\/4shared\/\" \/>\n<meta property=\"og:site_name\" content=\"Multihoster.org\" \/>\n<meta property=\"article:modified_time\" content=\"2020-03-31T15:47:29+00:00\" \/>\n<meta property=\"og:image\" content=\"https:\/\/multihoster.org\/wp-content\/uploads\/2020\/03\/4shared.png\" \/>\n<meta name=\"twitter:card\" content=\"summary\" \/>\n<meta name=\"twitter:label1\" content=\"Tempo di lettura stimato\" \/>\n\t<meta name=\"twitter:data1\" content=\"7 minuti\" \/>\n<script type=\"application\/ld+json\" class=\"yoast-schema-graph\">{\"@context\":\"https:\/\/schema.org\",\"@graph\":[{\"@type\":\"WebSite\",\"@id\":\"https:\/\/multihoster.org\/#website\",\"url\":\"https:\/\/multihoster.org\/\",\"name\":\"Multihoster.org\",\"description\":\"Reviews of the major Filehosting services\",\"potentialAction\":[{\"@type\":\"SearchAction\",\"target\":{\"@type\":\"EntryPoint\",\"urlTemplate\":\"https:\/\/multihoster.org\/?s={search_term_string}\"},\"query-input\":\"required name=search_term_string\"}],\"inLanguage\":\"it-IT\"},{\"@type\":\"ImageObject\",\"@id\":\"https:\/\/multihoster.org\/it\/4shared\/#primaryimage\",\"inLanguage\":\"it-IT\",\"url\":\"https:\/\/multihoster.org\/wp-content\/uploads\/2020\/03\/4shared.png\",\"contentUrl\":\"https:\/\/multihoster.org\/wp-content\/uploads\/2020\/03\/4shared.png\",\"width\":350,\"height\":91,\"caption\":\"4shared logo\"},{\"@type\":\"WebPage\",\"@id\":\"https:\/\/multihoster.org\/it\/4shared\/#webpage\",\"url\":\"https:\/\/multihoster.org\/it\/4shared\/\",\"name\":\"4shared Premium Conto: Il Filehoster In Sintesi\",\"isPartOf\":{\"@id\":\"https:\/\/multihoster.org\/#website\"},\"primaryImageOfPage\":{\"@id\":\"https:\/\/multihoster.org\/it\/4shared\/#primaryimage\"},\"datePublished\":\"2020-03-30T14:03:37+00:00\",\"dateModified\":\"2020-03-31T15:47:29+00:00\",\"description\":\"Se 4shared \u00e8 un fornitore affidabile o meno, potete trovare la risposta nel test in corso su Multihoster.org \u279c Cliccate ora \u271a per leggere le nostre esperienze!\",\"breadcrumb\":{\"@id\":\"https:\/\/multihoster.org\/it\/4shared\/#breadcrumb\"},\"inLanguage\":\"it-IT\",\"potentialAction\":[{\"@type\":\"ReadAction\",\"target\":[\"https:\/\/multihoster.org\/it\/4shared\/\"]}]},{\"@type\":\"BreadcrumbList\",\"@id\":\"https:\/\/multihoster.org\/it\/4shared\/#breadcrumb\",\"itemListElement\":[{\"@type\":\"ListItem\",\"position\":1,\"name\":\"Startseite\",\"item\":\"https:\/\/multihoster.org\/it\/\"},{\"@type\":\"ListItem\",\"position\":2,\"name\":\"4shared Premium Conto: Il Filehoster In Sintesi\"}]}]}<\/script>\n<!-- \/ Yoast SEO plugin. -->","yoast_head_json":{"title":"4shared Premium Conto: Il Filehoster In Sintesi","description":"Se 4shared \u00e8 un fornitore affidabile o meno, potete trovare la risposta nel test in corso su Multihoster.org \u279c Cliccate ora \u271a per leggere le nostre esperienze!","robots":{"index":"index","follow":"follow","max-snippet":"max-snippet:-1","max-image-preview":"max-image-preview:large","max-video-preview":"max-video-preview:-1"},"canonical":"https:\/\/multihoster.org\/it\/4shared\/","og_locale":"it_IT","og_type":"article","og_title":"4shared Premium Conto: Il Filehoster In Sintesi","og_description":"Se 4shared \u00e8 un fornitore affidabile o meno, potete trovare la risposta nel test in corso su Multihoster.org \u279c Cliccate ora \u271a per leggere le nostre esperienze!","og_url":"https:\/\/multihoster.org\/it\/4shared\/","og_site_name":"Multihoster.org","article_modified_time":"2020-03-31T15:47:29+00:00","og_image":[{"url":"https:\/\/multihoster.org\/wp-content\/uploads\/2020\/03\/4shared.png"}],"twitter_card":"summary","twitter_misc":{"Tempo di lettura stimato":"7 minuti"},"schema":{"@context":"https:\/\/schema.org","@graph":[{"@type":"WebSite","@id":"https:\/\/multihoster.org\/#website","url":"https:\/\/multihoster.org\/","name":"Multihoster.org","description":"Reviews of the major Filehosting services","potentialAction":[{"@type":"SearchAction","target":{"@type":"EntryPoint","urlTemplate":"https:\/\/multihoster.org\/?s={search_term_string}"},"query-input":"required name=search_term_string"}],"inLanguage":"it-IT"},{"@type":"ImageObject","@id":"https:\/\/multihoster.org\/it\/4shared\/#primaryimage","inLanguage":"it-IT","url":"https:\/\/multihoster.org\/wp-content\/uploads\/2020\/03\/4shared.png","contentUrl":"https:\/\/multihoster.org\/wp-content\/uploads\/2020\/03\/4shared.png","width":350,"height":91,"caption":"4shared logo"},{"@type":"WebPage","@id":"https:\/\/multihoster.org\/it\/4shared\/#webpage","url":"https:\/\/multihoster.org\/it\/4shared\/","name":"4shared Premium Conto: Il Filehoster In Sintesi","isPartOf":{"@id":"https:\/\/multihoster.org\/#website"},"primaryImageOfPage":{"@id":"https:\/\/multihoster.org\/it\/4shared\/#primaryimage"},"datePublished":"2020-03-30T14:03:37+00:00","dateModified":"2020-03-31T15:47:29+00:00","description":"Se 4shared \u00e8 un fornitore affidabile o meno, potete trovare la risposta nel test in corso su Multihoster.org \u279c Cliccate ora \u271a per leggere le nostre esperienze!","breadcrumb":{"@id":"https:\/\/multihoster.org\/it\/4shared\/#breadcrumb"},"inLanguage":"it-IT","potentialAction":[{"@type":"ReadAction","target":["https:\/\/multihoster.org\/it\/4shared\/"]}]},{"@type":"BreadcrumbList","@id":"https:\/\/multihoster.org\/it\/4shared\/#breadcrumb","itemListElement":[{"@type":"ListItem","position":1,"name":"Startseite","item":"https:\/\/multihoster.org\/it\/"},{"@type":"ListItem","position":2,"name":"4shared Premium Conto: Il Filehoster In Sintesi"}]}]}},"_links":{"self":[{"href":"https:\/\/multihoster.org\/it\/wp-json\/wp\/v2\/pages\/2825"}],"collection":[{"href":"https:\/\/multihoster.org\/it\/wp-json\/wp\/v2\/pages"}],"about":[{"href":"https:\/\/multihoster.org\/it\/wp-json\/wp\/v2\/types\/page"}],"author":[{"embeddable":true,"href":"https:\/\/multihoster.org\/it\/wp-json\/wp\/v2\/users\/2"}],"replies":[{"embeddable":true,"href":"https:\/\/multihoster.org\/it\/wp-json\/wp\/v2\/comments?post=2825"}],"version-history":[{"count":5,"href":"https:\/\/multihoster.org\/it\/wp-json\/wp\/v2\/pages\/2825\/revisions"}],"predecessor-version":[{"id":3103,"href":"https:\/\/multihoster.org\/it\/wp-json\/wp\/v2\/pages\/2825\/revisions\/3103"}],"wp:attachment":[{"href":"https:\/\/multihoster.org\/it\/wp-json\/wp\/v2\/media?parent=2825"}],"curies":[{"name":"wp","href":"https:\/\/api.w.org\/{rel}","templated":true}]}}