{"id":2845,"date":"2020-03-30T13:37:59","date_gmt":"2020-03-30T13:37:59","guid":{"rendered":"https:\/\/multihoster.org\/?page_id=2845"},"modified":"2020-03-30T13:38:01","modified_gmt":"2020-03-30T13:38:01","slug":"sendspace","status":"publish","type":"page","link":"https:\/\/multihoster.org\/it\/sendspace\/","title":{"rendered":"SendSpace Premium Conto: Il Filehoster In Sintesi"},"content":{"rendered":"\n<figure class=\"wp-block-image\"><img src=\"https:\/\/lh3.googleusercontent.com\/WjQlUlQJ23MPthwlLGbf0ndBToObt7-IkPsMKXMXS2OfiicbFdZ4ldswnaQLxICp2JVD3xJvbAjxBtJjxKKsA8yr9VuA3jcROL2jtcjuflbiG3n0kEBG9xjnPOjVzxfFV0fQZCM\" alt=\"Sendspace on desktop\"\/><\/figure>\n\n\n<a class=\"maxbutton-2 maxbutton maxbutton-cta\" target=\"_blank\" rel=\"nofollow noopener\" href=\"\/go\/\"><span class='mb-text'>&gt;&gt; Vai al sito web originale di Linkifier<\/span><\/a>\n\n\n<p><\/p>\n\n\n\n<h2>Sendspace Panoramica<\/h2>\n\n\n\n<p>Sendspace non \u00e8 solo un semplice provider di file hosting, ma anche un software per la condivisione di file. A causa dell&#8217;elevata richiesta di servizi affidabili ed efficienti, da oggi i documenti vengono consegnati un milione di volte in una settimana. S\u00ec, milioni di file!<\/p>\n\n\n\n<p>Sendspace riconosce che ogni file che state consegnando \u00e8 essenziale per i vostri sforzi, e si assicura di renderlo pronto per il download sicuro e conveniente.<\/p>\n\n\n\n<p>L&#8217;azienda si dedica al trasferimento di file e si accerta di rendere il servizio pi\u00f9 affidabile possibile. Dal 2005, i privati e le piccole e medie imprese si affidano a loro per l&#8217;invio dei loro enormi file e garantiscono che il servizio offerto \u00e8 semplice da utilizzare e affidabile.<\/p>\n\n\n\n<p>Sendspace tiene molto ai suoi utenti, e il loro feedback o suggerimento \u00e8 sempre apprezzato. Si assicurano di controllare ogni messaggio. Per loro, \u00e8 solo una parte della loro dedizione ad essere il pi\u00f9 utile possibile.<\/p>\n\n\n\n<h2>Caricamento remoto: Che cos&#8217;\u00e8?<\/h2>\n\n\n\n<p>Questa impostazione \u00e8 accessibile dagli utenti di Sendspace Premium. Se la vostra cartella \u00e8 gi\u00e0 ospitata da qualche parte su Internet, Sendspace pu\u00f2 recuperarla per voi e combinarla con il vostro account utente. Tutti i requisiti di Sendspace sono il link FTP o HTT ai dati, e saranno accumulati. Per utilizzare questa impostazione, accedere al link denominato &#8220;Remote Upload&#8221;, quindi inserire i dettagli del link. Sendspace verifica anche il nome utente e la password per l&#8217;autenticazione, se necessario. Un modulo URL per le cartelle che richiedono l&#8217;autorizzazione assomiglia a <\/p>\n\n\n\n<p>http:\/\/username:password@http.site.com\/file\/path\/name.example for an HTTP and link.ftp:\/\/username:password@ftp.yoursite.com\/file\/path\/name.example for an FTP URL.<\/p>\n\n\n\n<h2>Sendspace Premium Caratteristiche del conto<\/h2>\n\n\n\n<p>Oltre all&#8217;account GRATUITO Sendspace, ci sono due tipi di account Premium Sendspace che rendono le caratteristiche eccezionali. Vi forniremo una tabella di confronto per mostrarvi facilmente quali sono le differenze tra l&#8217;utilizzo gratuito e l&#8217;utilizzo di un account Sendspace Premium di Pro-Base e Pro-Plus.<\/p>\n\n\n\n<figure class=\"wp-block-table\"><table class=\"\"><tbody><tr><td>CARATTERISTICHE<\/td><td>GRATIS (a vita)<\/td><td>PRO-BASE<\/td><td>PRO-PLUS<\/td><\/tr><tr><td>Dimensione del singolo file fino a*<\/td><td>300 MB<\/td><td>5 GB<\/td><td>10 GB<\/td><\/tr><tr><td>Larghezza di banda per il download diretto<\/td><td>\u2716<\/td><td>100 GB<\/td><td>300 GB<\/td><\/tr><tr><td>Conservazione a vita illimitata<\/td><td>Limitato (30 giorni disponibili)<\/td><td>\u2714\ufe0f<\/td><td>\u2714\ufe0f<\/td><\/tr><tr><td>Caricamenti e download veloci e senza pubblicit\u00e0<\/td><td>\u2716<\/td><td>\u2714\ufe0f<\/td><td>\u2714\ufe0f<\/td><\/tr><tr><td>Condividere un gruppo di file con un unico link<\/td><td>Limitata<\/td><td>\u2714\ufe0f<\/td><td>\u2714\ufe0f<\/td><\/tr><tr><td>File e cartelle protette da password<\/td><td>\u2716<\/td><td>\u2714\ufe0f<\/td><td>\u2714\ufe0f<\/td><\/tr><tr><td>Cartella\/widget di caricamento pubblico<\/td><td>\u2716<\/td><td>\u2714\ufe0f<\/td><td>\u2714\ufe0f<\/td><\/tr><tr><td>Personalizza le tue pagine di download<\/td><td>\u2716<\/td><td>\u2714\ufe0f<\/td><td>\u2714\ufe0f<\/td><\/tr><tr><td>Statistiche di caricamento e scaricamento dei file<\/td><td>Basic<\/td><td>\u2714\ufe0f<\/td><td>\u2714\ufe0f<\/td><\/tr><tr><td>File versioning<\/td><td>\u2716<\/td><td>\u2714\ufe0f<\/td><td>\u2714\ufe0f<\/td><\/tr><tr><td>Download dei file di controllo e limiti di disponibilit\u00e0<\/td><td>\u2716<\/td><td>\u2714\ufe0f<\/td><td>\u2714\ufe0f<\/td><\/tr><tr><td>Copiare i file Sendspace sul tuo account<\/td><td>\u2716<\/td><td>\u2714\ufe0f<\/td><td>\u2714\ufe0f<\/td><\/tr><tr><td>Supporto prioritario, recupero file<\/td><td>\u2716<\/td><td>\u2714\ufe0f<\/td><td>\u2714\ufe0f<\/td><\/tr><tr><td>Strumenti per desktop e mobile<\/td><td>Limitata<\/td><td>\u2714\ufe0f<\/td><td>\u2714\ufe0f<\/td><\/tr><\/tbody><\/table><\/figure>\n\n\n\n<p>Il piano pi\u00f9 popolare di Sendspace \u00e8 il conto Pro-Base Sendspace Premium dove il tipo di funzionalit\u00e0 che offre \u00e8 probabilmente lo strumento pi\u00f9 ideale di cui la gente ha bisogno al giorno d&#8217;oggi. Tuttavia, se sei una persona che ha davvero bisogno di quella spinta nella condivisione dei file, scommettiamo che l&#8217;account Pro-Plus Sendspace Premium \u00e8 quello giusto per te.<\/p>\n\n\n\n<h2>Tariffe Sendspace Pro-Base e Pro-Plus<\/h2>\n\n\n\n<p>Quindi, quanto paghereste per questo tipo di caratteristiche eccezionali di un sistema? Qui sotto trovate un&#8217;anteprima delle tariffe di Sendspace con tre diverse durate di piano disponibili in Sendspace.<\/p>\n\n\n\n<figure class=\"wp-block-table\"><table class=\"\"><tbody><tr><td>DURATA<\/td><td>PRO-BASE<\/td><td>PRO-PLUS<\/td><\/tr><tr><td>30 giorni<\/td><td>$8.99<\/td><td>$19.99<\/td><\/tr><tr><td>6 mesi<\/td><td>$50.99<\/td><td>$113.99<\/td><\/tr><tr><td>1 anno<\/td><td>$96.99<\/td><td>$215.99<\/td><\/tr><\/tbody><\/table><\/figure>\n\n\n\n<p>Gli utenti di Sendspace Premium possono anche usufruire di un hosting illimitato di file per i loro file che non sono stati scaricati da molto tempo. Poich\u00e9 Sendspace free ha solo 30 giorni di hosting per un file che \u00e8 gi\u00e0 considerato inattivo.<\/p>\n\n\n\n<figure class=\"wp-block-image\"><img src=\"https:\/\/lh5.googleusercontent.com\/cb-Vw18TYphxG5xo6f69gF-LIvAo7vPWCn5c2XRE9tFfAab6WIuzkY1ZkvBOVY1xqvYwFkxa0pzi7p_igobHG7hm9SNK97VPSDhkjDxyuWFGFF-xcJAMfVOiQpm5n-u9wt_xAMc\" alt=\"Sendspace for Business\"\/><\/figure>\n\n\n\n<h2>Business Plan in Sendspace<\/h2>\n\n\n\n<p>Se hai mai provato la versione gratuita e l&#8217;account Premium di Sendspace, tuttavia, ha bisogno di pi\u00f9 gestione dei file insieme ad altri utenti, o ad altri tuoi colleghi, potresti voler provare l&#8217;account Premium di Sendspace per il business.<\/p>\n\n\n\n<p>Sendspace ha aiutato le piccole e medie imprese con i loro file e ha dimostrato negli anni l&#8217;efficienza del sistema.<\/p>\n\n\n\n<figure class=\"wp-block-table\"><table class=\"\"><tbody><tr><td>CARATTERISTICHE DEL BUSINESS PLAN<\/td><td>GRATIS (14 giorni)<\/td><td>BASE AZIENDALE<\/td><\/tr><tr><td>Combinare un gruppo di lavoro di utenti<\/td><td>\u2714\ufe0f<\/td><\/tr><tr><td>Collaborare con le cartelle condivise<\/td><td>\u2714\ufe0f<\/td><\/tr><tr><td>Messaggistica istantanea in loco<\/td><td>\u2714\ufe0f<\/td><\/tr><tr><td>Dimensione del singolo file fino a*<\/td><td>10 GB<\/td><\/tr><tr><td>Larghezza di banda per il download diretto<\/td><td>300 GB<\/td><\/tr><tr><td>Conservazione a vita illimitata<\/td><td>\u2714\ufe0f<\/td><\/tr><tr><td>Caricamenti e download veloci e senza pubblicit\u00e0<\/td><td>\u2714\ufe0f<\/td><\/tr><tr><td>Condividere un gruppo di file con un unico link<\/td><td>\u2714\ufe0f<\/td><\/tr><tr><td>File e cartelle protette da password<\/td><td>\u2714\ufe0f<\/td><\/tr><tr><td>Cartella\/widget di caricamento pubblico<\/td><td>\u2714\ufe0f<\/td><\/tr><tr><td>Personalizza le tue pagine di download<\/td><td>\u2714\ufe0f<\/td><\/tr><tr><td>Statistiche di caricamento e scaricamento dei file<\/td><td>\u2714\ufe0f<\/td><\/tr><tr><td>File versioning<\/td><td>\u2714\ufe0f<\/td><\/tr><tr><td>Download dei file di controllo e limiti di disponibilit\u00e0<\/td><td>\u2714\ufe0f<\/td><\/tr><tr><td>Copiare i file Sendspace sul tuo account<\/td><td>\u2714\ufe0f<\/td><\/tr><tr><td>Supporto prioritario, recupero file<\/td><td>\u2714\ufe0f<\/td><\/tr><tr><td>Strumenti per desktop e mobile<\/td><td>\u2714\ufe0f<\/td><\/tr><\/tbody><\/table><\/figure>\n\n\n\n<p>Per il Business Plan su Sendspace, le tariffe sono incluse di seguito:<\/p>\n\n\n<a class=\"maxbutton-2 maxbutton maxbutton-cta\" target=\"_blank\" rel=\"nofollow noopener\" href=\"\/go\/\"><span class='mb-text'>&gt;&gt; Vai al sito web originale di Linkifier<\/span><\/a>\n\n\n<p><\/p>\n\n\n\n<figure class=\"wp-block-table\"><table class=\"\"><tbody><tr><td>DURATA<\/td><td>BASE AZIENDALE<\/td><\/tr><tr><td>30 giorni<\/td><td>$49.99<\/td><\/tr><tr><td>6 mesi<\/td><td>$49.99<\/td><\/tr><tr><td>1 anno<\/td><td>$49.99<\/td><\/tr><\/tbody><\/table><\/figure>\n\n\n\n<figure class=\"wp-block-image\"><img src=\"https:\/\/lh5.googleusercontent.com\/F8Jn5bmDjZg7P5yMSdTdw7-V0r78J_POAqxXQxRSXytvCJRPJ52T-0mkS8ZlilMqQxIj83yEEY2e6pUnSrr_kN4gThgSJK0nLDPScMVFevUrNu3YahZmHJc608Wflj0pn8y4OpQ\" alt=\"Sendspace for Mobile\"\/><\/figure>\n\n\n\n<figure class=\"wp-block-image\"><img src=\"https:\/\/lh5.googleusercontent.com\/S4KqTjrL_fxRPqmAvqwe_9A_LoEqwHqO-Xdmb9wHhUDtS7oLYVyuoYWm9DXjh4mbI-mSaLS-r9IxCPbNAwt6zm9uJm0JSnCKe1pyiwmnrg8K29KiMtU7oW3xBGyzGjGuKt7frBQ\" alt=\"Google Play Icon\"\/><\/figure>\n\n\n\n<h2>Spazio di invio per Mobile<\/h2>\n\n\n\n<p>Per semplificarvi la vita, s\u00ec, Sendspace ha sviluppato la sua app mobile per garantire che l&#8217;intero file sia accessibile e disponibile in ogni momento nel palmo delle vostre mani. Con Sendspace per telefoni Android \u00e8 possibile condividere, caricare e scaricare file sul proprio telefono.<\/p>\n\n\n\n<p>Attraverso Sendspace per Android, un utente pu\u00f2:<\/p>\n\n\n\n<ul><li>Carica e distribuisci i file dal tuo cellulare alimentato da Sendspace<\/li><li> Pubblicare tutti i file necessari senza vincoli di spazio su disco<\/li><li> Spedire i link per il download ad altri individui tramite e-mail<\/li><li> Gli utenti possono scaricare i loro file direttamente dai loro cellulari<\/li><li> Garantito che il Sendspace Mobile non causer\u00e0 danni poich\u00e9 non ci sono Annunci o Malware<\/li><li> La versione mobile di Sendspace viene utilizzata gratuitamente. Non \u00e8 necessario alcun pagamento per scaricare l&#8217;App da Google Play.<\/li><\/ul>\n\n\n\n<figure class=\"wp-block-image\"><img src=\"https:\/\/lh4.googleusercontent.com\/W9Y2KW9D9rhP413G6C67zuhqXX22TpboVGUv6UISccgpZGU_H1kN6AAgDFGiRj3oM9Urnce7-udMHVmTVgpde1-8Dh-gsxY49_7_SC7JFrG3ILZfqaJg0sPxPkMe2Yr2YNDiLNk\" alt=\"Sendspace Bar code\"\/><\/figure>\n\n\n\n<p>Potete anche scansionare il codice a barre con il vostro dispositivo Android per trovare Sendspace per Android su Google Play.<\/p>\n\n\n\n<p>Utilizzando Sendspace sul vostro dispositivo mobile Android, caricare e inviare o condividere qualsiasi tipo di file va bene. Tutto questo pu\u00f2 essere fatto anche con il tuo account gratuito Sendspace. Gli utenti possono anche inviare un link al mittente via e-mail. Incredibile, vero?<\/p>\n\n\n\n<p>L&#8217;applicazione Sendspace Mobile App non presenta annunci o altre cose irrilevanti nell&#8217;interfaccia, ma solo una semplice interfaccia per iniziare: la distribuzione di upload e download di file dal cellulare.<\/p>\n\n\n\n<h2>Wizard Tool per Sendspace Desktop<\/h2>\n\n\n\n<figure class=\"wp-block-image\"><img src=\"https:\/\/lh6.googleusercontent.com\/n4hXh_UcGOvOahjTMUv-ewjtu-EeuDCEud8pF2jtHprhYm7vjA3K5dx_YvarqlzlLCOXsCZCrhv0FX8296RIWXX0g-M9kelJBmM7b0lYrXL1BdURk8e2EzfO4_9FhsBc31lL-GY\" alt=\"Sendspace for Desktop (Windows, Mac &amp; Linux)\"\/><\/figure>\n\n\n\n<p>Wizard Tool \u00e8 uno strumento desktop gratuito per i titolari di un account Premium Sendspace e anche per i membri gratuiti. Questo strumento ha lo scopo di rendere l&#8217;utilizzo di Sendspace pi\u00f9 semplice ed efficiente. Lo strumento pu\u00f2 essere utilizzato da utenti Windows, utenti Mac e anche da utenti Linux.<\/p>\n\n\n\n<p>Con lo strumento Wizard, tutti gli utenti possono caricare pi\u00f9 file contemporaneamente, basta trascinare e rilasciare le funzioni, personalizzare ogni descrizione dei file prima del caricamento, distribuire i link dei file tramite e-mail, la gestione dei file non \u00e8 mai stata cos\u00ec personalizzata con lo strumento e si ottengono aggiornamenti automatici.<\/p>\n\n\n\n<h2>Sendspace DropBox<\/h2>\n\n\n\n<p>Un Sendspace DropBox \u00e8 uno strumento di caricamento unico, dove i dati possono essere trasferiti a voi da qualsiasi persona che non possiede un account in Sendspace o anche da un esterno di Sendspace. Ogni dato caricato in un Sendspace DropBox procede immediatamente ad un portafoglio a vostra scelta. \u00c8 come possedere la propria casella postale digitale personalizzata per grandi portafogli di dati.<\/p>\n\n\n\n<p>Impostate la piccola chiave del widget DropBox all&#8217;interno delle pagine del vostro sito web, e gli individui possono caricare direttamente dal vostro sito web nel vostro estratto conto. Alla persona che effettua l&#8217;upload non verr\u00e0 fornito un link alla cartella. \u00c8 una vostra scelta individuale ricevere una mail ogni volta che il vostro DropBox viene utilizzato.<\/p>\n\n\n\n<p>Se mai il portafoglio di file \u00e8 in privato, si ottiene il portafoglio di file da utilizzare come si desidera. Il titolare del conto decide se conservare o distribuire ulteriormente il file. Inoltre, se il portafoglio viene distribuito, tutti coloro che identificano il link del file condiviso visualizzeranno i dati caricati e potranno scaricarli.<\/p>\n\n\n\n<p>Utilizzando un Sendspace DropBox, potete accettare dati o costruire la vostra catena di file sharing personale, presentandoli praticamente ad amici e aziende per condividere i file in modo efficiente. Questa impostazione \u00e8 accessibile ai membri dell&#8217;account Premium di Sendspace ed \u00e8 progettata e regolata all&#8217;interno di Mysendspace<\/p>\n\n\n\n<figure class=\"wp-block-image\"><img src=\"https:\/\/lh6.googleusercontent.com\/y8H0Mk1d7Gi2ZlW1JjOSzW2lVrKrl8weP2Bf5w3DMID2lXHiF1rLf-H5G0Mgtb4aTeDF5OHNPZlldo5bKjkx7o4Mj44Ybfks10-3TVSyd5ENwmCc1f6y5dEcmU8umGeRiBfoKME\" alt=\"Files accessible anywhere and anytime\"\/><\/figure>\n\n\n\n<h2>Cosa fare dopo aver perso il link per la cancellazione dei file? <\/h2>\n\n\n\n<p>Gli account registrati e registrati possono cancellare i dati e le cartelle del loro account procedendo a My Account -&gt; My Files. Sendspace non pu\u00f2 autenticare che tu sia il proprietario dei documenti se non sei iscritto, non hai effettuato il login e non hai il link per la cancellazione. Di conseguenza, il file verr\u00e0 distrutto automaticamente un mese dopo l&#8217;ultimo download. Qualsiasi azione tu faccia in seguito non far\u00e0 nulla.<\/p>\n\n\n\n<h2>Chi ha l&#8217;autorit\u00e0 di cancellare un file nel vostro conto?<\/h2>\n\n\n\n<p>L&#8217;account utente e Sendspace possono solo rimuovere il file. Dopo aver caricato un documento, verr\u00e0 fornito un link univoco per cancellare il file. D&#8217;altra parte, se si sceglie un&#8217;autenticazione e-mail, il link di cancellazione sar\u00e0 allegato in quella particolare e-mail.<\/p>\n\n\n\n<p>Se qualcuno carica utilizzando un DropBox, non viene fornito con i link o inoltrata una mail. L&#8217;utente o il proprietario dell&#8217;account DropBox pu\u00f2 rimuovere il documento. Gli account registrati possono aggiornare le informazioni e trasferire i loro file nella loro pagina web &#8216;My Files&#8217;. I destinatari dei vostri dati non sono in grado di scartarli (ad eccezione di quelli presentati con l&#8217;URL di cancellazione) o di aggiornarli.<\/p>\n\n\n\n<h2>Sommario<\/h2>\n\n\n\n<p>Ora siamo giunti alla fine e quello che dovete fare ora \u00e8 studiare i piani che sono adatti a voi o alla vostra attivit\u00e0. Ogni volta che avete bisogno di decidere su qualcosa, dovreste fare delle ricerche approfondite.<\/p>\n\n\n\n<p>Sendspace ha tonnellate di recensioni online che puoi esplorare anche tu. Continuate a cercare finch\u00e9 non troverete un servizio adatto alle vostre esigenze.<\/p>\n\n\n\n<h2>Riferimenti<\/h2>\n\n\n\n<p><a href=\"https:\/\/www.cmpod.net\/all-transcripts\/history-file-sharing-part-1-2-rise-fall-napster_text\/\">www.cmpod.net\/all-transcripts\/history-file-sharing-part-1-2-rise-fall-napster_text\/<\/a><br><a href=\"https:\/\/www.smartfile.com\/blog\/an-all-too-brief-history-of-file-sharing\/\">www.smartfile.com\/blog\/an-all-too-brief-history-of-file-sharing\/<\/a><br><a href=\"https:\/\/www.thefreedictionary.com\/File+hosting\">www.thefreedictionary.com\/File+hosting<\/a><br><a href=\"https:\/\/beginnersbook.com\/2013\/04\/advantages-and-disadvantages-of-online-data-storage\/\">www.beginnersbook.com\/2013\/04\/advantages-and-disadvantages-of-online-data-storage\/<\/a><br><a href=\"https:\/\/www.technobezz.com\/5-benefits-online-data-storage\/\">www.technobezz.com\/5-benefits-online-data-storage\/<\/a><br><a href=\"https:\/\/www.quora.com\/What-is-cloud-storage-What-is-its-importance-in-the-modern-computer-world\">www.quora.com\/What-is-cloud-storage-What-is-its-importance-in-the-modern-computer-world<\/a><\/p>\n\n\n<a class=\"maxbutton-2 maxbutton maxbutton-cta\" target=\"_blank\" rel=\"nofollow noopener\" href=\"\/go\/\"><span class='mb-text'>&gt;&gt; Vai al sito web originale di Linkifier<\/span><\/a>\n\n\n<p><\/p>\n","protected":false},"excerpt":{"rendered":"<p>Sendspace Panoramica Sendspace non \u00e8 solo un semplice provider di file hosting, ma anche un software per la condivisione di<\/p>\n","protected":false},"author":2,"featured_media":0,"parent":0,"menu_order":0,"comment_status":"closed","ping_status":"closed","template":"","meta":[],"yoast_head":"<!-- This site is optimized with the Yoast SEO plugin v18.3 - https:\/\/yoast.com\/wordpress\/plugins\/seo\/ -->\n<title>SendSpace Premium Conto: Il Filehoster In Sintesi<\/title>\n<meta name=\"description\" content=\"Se SendSpace \u00e8 un fornitore affidabile o meno, potete trovare la risposta nel test in corso su Multihoster.org \u279c Cliccate ora \u271a per leggere le nostre esperienze!\" \/>\n<meta name=\"robots\" content=\"index, follow, max-snippet:-1, max-image-preview:large, max-video-preview:-1\" \/>\n<link rel=\"canonical\" href=\"https:\/\/multihoster.org\/it\/sendspace\/\" \/>\n<meta property=\"og:locale\" content=\"it_IT\" \/>\n<meta property=\"og:type\" content=\"article\" \/>\n<meta property=\"og:title\" content=\"SendSpace Premium Conto: Il Filehoster In Sintesi\" \/>\n<meta property=\"og:description\" content=\"Se SendSpace \u00e8 un fornitore affidabile o meno, potete trovare la risposta nel test in corso su Multihoster.org \u279c Cliccate ora \u271a per leggere le nostre esperienze!\" \/>\n<meta property=\"og:url\" content=\"https:\/\/multihoster.org\/it\/sendspace\/\" \/>\n<meta property=\"og:site_name\" content=\"Multihoster.org\" \/>\n<meta property=\"article:modified_time\" content=\"2020-03-30T13:38:01+00:00\" \/>\n<meta property=\"og:image\" content=\"https:\/\/lh3.googleusercontent.com\/WjQlUlQJ23MPthwlLGbf0ndBToObt7-IkPsMKXMXS2OfiicbFdZ4ldswnaQLxICp2JVD3xJvbAjxBtJjxKKsA8yr9VuA3jcROL2jtcjuflbiG3n0kEBG9xjnPOjVzxfFV0fQZCM\" \/>\n<meta name=\"twitter:card\" content=\"summary\" \/>\n<meta name=\"twitter:label1\" content=\"Tempo di lettura stimato\" \/>\n\t<meta name=\"twitter:data1\" content=\"8 minuti\" \/>\n<script type=\"application\/ld+json\" class=\"yoast-schema-graph\">{\"@context\":\"https:\/\/schema.org\",\"@graph\":[{\"@type\":\"WebSite\",\"@id\":\"https:\/\/multihoster.org\/#website\",\"url\":\"https:\/\/multihoster.org\/\",\"name\":\"Multihoster.org\",\"description\":\"Reviews of the major Filehosting services\",\"potentialAction\":[{\"@type\":\"SearchAction\",\"target\":{\"@type\":\"EntryPoint\",\"urlTemplate\":\"https:\/\/multihoster.org\/?s={search_term_string}\"},\"query-input\":\"required name=search_term_string\"}],\"inLanguage\":\"it-IT\"},{\"@type\":\"ImageObject\",\"@id\":\"https:\/\/multihoster.org\/it\/sendspace\/#primaryimage\",\"inLanguage\":\"it-IT\",\"url\":\"https:\/\/lh3.googleusercontent.com\/WjQlUlQJ23MPthwlLGbf0ndBToObt7-IkPsMKXMXS2OfiicbFdZ4ldswnaQLxICp2JVD3xJvbAjxBtJjxKKsA8yr9VuA3jcROL2jtcjuflbiG3n0kEBG9xjnPOjVzxfFV0fQZCM\",\"contentUrl\":\"https:\/\/lh3.googleusercontent.com\/WjQlUlQJ23MPthwlLGbf0ndBToObt7-IkPsMKXMXS2OfiicbFdZ4ldswnaQLxICp2JVD3xJvbAjxBtJjxKKsA8yr9VuA3jcROL2jtcjuflbiG3n0kEBG9xjnPOjVzxfFV0fQZCM\"},{\"@type\":\"WebPage\",\"@id\":\"https:\/\/multihoster.org\/it\/sendspace\/#webpage\",\"url\":\"https:\/\/multihoster.org\/it\/sendspace\/\",\"name\":\"SendSpace Premium Conto: Il Filehoster In Sintesi\",\"isPartOf\":{\"@id\":\"https:\/\/multihoster.org\/#website\"},\"primaryImageOfPage\":{\"@id\":\"https:\/\/multihoster.org\/it\/sendspace\/#primaryimage\"},\"datePublished\":\"2020-03-30T13:37:59+00:00\",\"dateModified\":\"2020-03-30T13:38:01+00:00\",\"description\":\"Se SendSpace \u00e8 un fornitore affidabile o meno, potete trovare la risposta nel test in corso su Multihoster.org \u279c Cliccate ora \u271a per leggere le nostre esperienze!\",\"breadcrumb\":{\"@id\":\"https:\/\/multihoster.org\/it\/sendspace\/#breadcrumb\"},\"inLanguage\":\"it-IT\",\"potentialAction\":[{\"@type\":\"ReadAction\",\"target\":[\"https:\/\/multihoster.org\/it\/sendspace\/\"]}]},{\"@type\":\"BreadcrumbList\",\"@id\":\"https:\/\/multihoster.org\/it\/sendspace\/#breadcrumb\",\"itemListElement\":[{\"@type\":\"ListItem\",\"position\":1,\"name\":\"Startseite\",\"item\":\"https:\/\/multihoster.org\/it\/\"},{\"@type\":\"ListItem\",\"position\":2,\"name\":\"SendSpace Premium Conto: Il Filehoster In Sintesi\"}]}]}<\/script>\n<!-- \/ Yoast SEO plugin. -->","yoast_head_json":{"title":"SendSpace Premium Conto: Il Filehoster In Sintesi","description":"Se SendSpace \u00e8 un fornitore affidabile o meno, potete trovare la risposta nel test in corso su Multihoster.org \u279c Cliccate ora \u271a per leggere le nostre esperienze!","robots":{"index":"index","follow":"follow","max-snippet":"max-snippet:-1","max-image-preview":"max-image-preview:large","max-video-preview":"max-video-preview:-1"},"canonical":"https:\/\/multihoster.org\/it\/sendspace\/","og_locale":"it_IT","og_type":"article","og_title":"SendSpace Premium Conto: Il Filehoster In Sintesi","og_description":"Se SendSpace \u00e8 un fornitore affidabile o meno, potete trovare la risposta nel test in corso su Multihoster.org \u279c Cliccate ora \u271a per leggere le nostre esperienze!","og_url":"https:\/\/multihoster.org\/it\/sendspace\/","og_site_name":"Multihoster.org","article_modified_time":"2020-03-30T13:38:01+00:00","og_image":[{"url":"https:\/\/lh3.googleusercontent.com\/WjQlUlQJ23MPthwlLGbf0ndBToObt7-IkPsMKXMXS2OfiicbFdZ4ldswnaQLxICp2JVD3xJvbAjxBtJjxKKsA8yr9VuA3jcROL2jtcjuflbiG3n0kEBG9xjnPOjVzxfFV0fQZCM"}],"twitter_card":"summary","twitter_misc":{"Tempo di lettura stimato":"8 minuti"},"schema":{"@context":"https:\/\/schema.org","@graph":[{"@type":"WebSite","@id":"https:\/\/multihoster.org\/#website","url":"https:\/\/multihoster.org\/","name":"Multihoster.org","description":"Reviews of the major Filehosting services","potentialAction":[{"@type":"SearchAction","target":{"@type":"EntryPoint","urlTemplate":"https:\/\/multihoster.org\/?s={search_term_string}"},"query-input":"required name=search_term_string"}],"inLanguage":"it-IT"},{"@type":"ImageObject","@id":"https:\/\/multihoster.org\/it\/sendspace\/#primaryimage","inLanguage":"it-IT","url":"https:\/\/lh3.googleusercontent.com\/WjQlUlQJ23MPthwlLGbf0ndBToObt7-IkPsMKXMXS2OfiicbFdZ4ldswnaQLxICp2JVD3xJvbAjxBtJjxKKsA8yr9VuA3jcROL2jtcjuflbiG3n0kEBG9xjnPOjVzxfFV0fQZCM","contentUrl":"https:\/\/lh3.googleusercontent.com\/WjQlUlQJ23MPthwlLGbf0ndBToObt7-IkPsMKXMXS2OfiicbFdZ4ldswnaQLxICp2JVD3xJvbAjxBtJjxKKsA8yr9VuA3jcROL2jtcjuflbiG3n0kEBG9xjnPOjVzxfFV0fQZCM"},{"@type":"WebPage","@id":"https:\/\/multihoster.org\/it\/sendspace\/#webpage","url":"https:\/\/multihoster.org\/it\/sendspace\/","name":"SendSpace Premium Conto: Il Filehoster In Sintesi","isPartOf":{"@id":"https:\/\/multihoster.org\/#website"},"primaryImageOfPage":{"@id":"https:\/\/multihoster.org\/it\/sendspace\/#primaryimage"},"datePublished":"2020-03-30T13:37:59+00:00","dateModified":"2020-03-30T13:38:01+00:00","description":"Se SendSpace \u00e8 un fornitore affidabile o meno, potete trovare la risposta nel test in corso su Multihoster.org \u279c Cliccate ora \u271a per leggere le nostre esperienze!","breadcrumb":{"@id":"https:\/\/multihoster.org\/it\/sendspace\/#breadcrumb"},"inLanguage":"it-IT","potentialAction":[{"@type":"ReadAction","target":["https:\/\/multihoster.org\/it\/sendspace\/"]}]},{"@type":"BreadcrumbList","@id":"https:\/\/multihoster.org\/it\/sendspace\/#breadcrumb","itemListElement":[{"@type":"ListItem","position":1,"name":"Startseite","item":"https:\/\/multihoster.org\/it\/"},{"@type":"ListItem","position":2,"name":"SendSpace Premium Conto: Il Filehoster In Sintesi"}]}]}},"_links":{"self":[{"href":"https:\/\/multihoster.org\/it\/wp-json\/wp\/v2\/pages\/2845"}],"collection":[{"href":"https:\/\/multihoster.org\/it\/wp-json\/wp\/v2\/pages"}],"about":[{"href":"https:\/\/multihoster.org\/it\/wp-json\/wp\/v2\/types\/page"}],"author":[{"embeddable":true,"href":"https:\/\/multihoster.org\/it\/wp-json\/wp\/v2\/users\/2"}],"replies":[{"embeddable":true,"href":"https:\/\/multihoster.org\/it\/wp-json\/wp\/v2\/comments?post=2845"}],"version-history":[{"count":2,"href":"https:\/\/multihoster.org\/it\/wp-json\/wp\/v2\/pages\/2845\/revisions"}],"predecessor-version":[{"id":2940,"href":"https:\/\/multihoster.org\/it\/wp-json\/wp\/v2\/pages\/2845\/revisions\/2940"}],"wp:attachment":[{"href":"https:\/\/multihoster.org\/it\/wp-json\/wp\/v2\/media?parent=2845"}],"curies":[{"name":"wp","href":"https:\/\/api.w.org\/{rel}","templated":true}]}}