{"id":2923,"date":"2020-03-30T13:33:12","date_gmt":"2020-03-30T13:33:12","guid":{"rendered":"https:\/\/multihoster.org\/?page_id=2923"},"modified":"2020-05-29T12:56:43","modified_gmt":"2020-05-29T12:56:43","slug":"streamcloud","status":"publish","type":"page","link":"https:\/\/multihoster.org\/it\/streamcloud\/","title":{"rendered":"StreamCloud Premium Conto: Il Filehoster In Sintesi"},"content":{"rendered":"<a class=\"maxbutton-2 maxbutton maxbutton-cta\" target=\"_blank\" rel=\"nofollow noopener\" href=\"\/go\/\"><span class='mb-text'>&gt;&gt; Vai al sito web originale di Linkifier<\/span><\/a>\n\n\n<p>Streamcloud Premium \u00e8 la svolta che ha portato <a rel=\"noreferrer noopener\" aria-label=\"l'archiviazione online sul web (opens in a new tab)\" href=\"https:\/\/cloud.google.com\/storage\" target=\"_blank\">l&#8217;archiviazione online sul web<\/a> (cloud storage) e lo streaming video sul web in un&#8217;unica soluzione. Pur mantenendo tutti i file in un server criptato, \u00e8 possibile anche lo streaming di video utilizzando la piattaforma.  Per saperne di pi\u00f9, leggete la recensione qui sotto. <\/p>\n\n\n\n<h2>Informazioni sulla piattaforma Streamcloud Premium<\/h2>\n\n\n\n<p>La piattaforma Streamcloud Premium \u00e8 un sito web sviluppato da New Ventures Services, Corp il 4 ottobre 2012. Ora \u00e8 attivo da sette (7) anni e quattro (4) mesi ed \u00e8 ancora mantenuto dai suoi fondatori. Le stime di vari siti web hanno dimostrato la sua legittimit\u00e0 in quanto il sito web vale 8,95 dollari e guadagna 0,15 dollari. \u00c8 contrassegnato per essere sicuro dai suoi buoni parametri<\/p>\n\n\n\n<figure class=\"wp-block-image\"><img src=\"https:\/\/lh4.googleusercontent.com\/xcxpv9Ok39mZs2azSQyAMZjRiJmA_UPp2NkcIGgn7jTknebXHbBFvyI5GpychS6EqvN1AwTPLUvFkGzWwaxFzbX_4LcrW3vqqHLE04zHgp4L49tAp32tiZ8kelyfa6cjvEWkctM\" alt=\"Streamcloud descriptive image\"\/><\/figure>\n\n\n\n<p><br>Streamcloud \u00e8 la vostra migliore piattaforma di file hosting con funzionalit\u00e0 aggiuntive<\/p>\n\n\n\n<p>Ora che sapete cosa rende legittima la piattaforma Streamcloud Premium, scoprite cosa pu\u00f2 fare Streamcloud Premium per voi e per i vostri file leggendo il prossimo argomento.<\/p>\n\n\n\n<h2>Le caratteristiche della piattaforma Premium Streamcloud<\/h2>\n\n\n\n<p>La piattaforma Streamcloud Premium \u00e8 fondamentalmente un web storage online (cloud storage) e video streaming sul web combinati. Pu\u00f2 conservare tutti i file in un <a rel=\"noreferrer noopener\" aria-label=\"server criptato (opens in a new tab)\" href=\"https:\/\/computersciencewiki.org\/index.php\/Client-side_scripting_and_server-side_scripting\" target=\"_blank\">server criptato<\/a>, \u00e8 possibile anche lo streaming di video utilizzando la piattaforma. La Network Solutions, LLC supportata dai suoi esperti in ingegneria web e programmazione web utilizzando combinazioni di diversi linguaggi (come HTML, CSS, Javascript, Python, C#, C+ e C++) per garantire l&#8217;affidabilit\u00e0 del sito web per fornire i servizi promessi senza soluzione di continuit\u00e0 e fornire la massima sicurezza ai suoi uploader con la sua crittografia simultanea incorporata nel sito web. In questo modo, i dati e le informazioni dei suoi utenti, compresi tutti i file caricati, saranno criptati prima ancora che vengano pubblicati sul web tramite scripting lato client. Utilizzando l&#8217;algoritmo AES, tutti i dati e le informazioni sono protetti con i server di Streamcloud Premium, che si trova in pi\u00f9 sedi, il che aggiunge un&#8217;ulteriore garanzia di massima sicurezza per i suoi utenti.<\/p>\n\n\n\n<p>Le caratteristiche di Streamcloud Premium potrebbero non impressionare, poich\u00e9 altri fornitori di servizi di file hosting (FHS) possono offrire lo stesso, ma Streamcloud Premium \u00e8 unico tra tutti i suoi concorrenti. Streamcloud Premium ha un lettore video incorporato che pu\u00f2 riprodurre i principali tipi di file video come 3gp, mp4, webm, flv e tutti gli altri file video. \u00c8 possibile guardare tutti i video nel web storage online Streamcloud Premium o nel cloud storage utilizzando lo streaming video Streamcloud Premium cos\u00ec come tutti i video di altri utenti se vogliono condividere i loro file. Le impostazioni di privacy per i file video sono accessibili utilizzando le propriet\u00e0 del file video selezionato. Basta cliccare sulle Propriet\u00e0 e selezionare il pubblico se si desidera che il file video sia disponibile per tutti o privato affinch\u00e9 il file video sia accessibile solo a voi. Le propriet\u00e0 dei file video possono anche essere impostate in modo che siano disponibili solo per gli utenti selezionati, selezionando solo per poi inserire i nomi o gli indirizzi e-mail degli utenti di Streamcloud Premium ai quali si desidera condividere il file.<\/p>\n\n\n\n<figure class=\"wp-block-image\"><img src=\"https:\/\/lh6.googleusercontent.com\/bnFLG5PFEBQOPMFDAWo3rHyJYiu5nEEu9aSxZAy7r_ohcySBJa8icgsb0tprIBpaFsF61MTqBMn4OgCrcJSlR-hVaBJfVCPILVqfvqdQYnQ69kSFjOa-zleyxB2GZk4xBkZ0a1I\" alt=\"Streamcloud online video streaming\"\/><\/figure>\n\n\n\n<p>Streamcloud ha una funzione di streaming web integrata per guardare i video caricati<\/p>\n\n\n\n<p>Il <a rel=\"noreferrer noopener\" aria-label=\"lettore video integrato  (opens in a new tab)\" href=\"https:\/\/developer.mozilla.org\/en\/docs\/Web\/HTML\/Element\/video\" target=\"_blank\">lettore video integrato <\/a>Streamcloud Premium \u00e8 in grado di riprodurre video in qualit\u00e0 240p, 360p, 480p, 720p, HD e Blu-ray, in modo da poter guardare i propri file video con la certezza che tutti i file sono protetti in un host online attraverso la piattaforma Streamcloud Premium.<\/p>\n\n\n\n<h2>Il problema della frode Streamcloud<\/h2>\n\n\n\n<p>Sul web sono circolate voci sulla questione della frode di Streamcloud, ma la Network Solutions, LLC condanna con estrema fermezza questo problema in quanto Streamcloud \u00e8 un sito web completamente legittimo. Avete letto le origini anche dei componenti del suo sito web fino ai suoi guadagni effettivi per provarlo. Questo problema \u00e8 chiaramente costituito dai suoi concorrenti poich\u00e9 Streamcloud \u00e8 un prodotto unico che \u00e8 stato desiderato da molti dei suoi utenti. Molte aziende hanno anche cercato di acquistarlo per il suo valore ma Streamcloud sotto la gestione della Network Solutions, LLC si impegna a fornire i migliori servizi durante lo streaming dei vostri video e ad utilizzare il servizio di file hosting pi\u00f9 sicuro sul cloud.<\/p>\n\n\n\n<h2>I tipi di account Premium Streamcloud<\/h2>\n\n\n\n<p>Streamcloud Premium ha diversi tipi di <a rel=\"noreferrer noopener\" aria-label=\"account  (opens in a new tab)\" href=\"https:\/\/www.techopedia.com\/definition\/13458\/user-accountKEwiU-5z0i4joAhUYfd4KHczKAH8QFjAQegQIBxAB&amp;url=https%3A%2F%2Fwww.techopedia.com%2Fdefinition%2F13458%2Fuser-account&amp;usg=AOvVaw2CezyjXl4sE6JmdNqYBYSu\" target=\"_blank\">account <\/a>che sono progettati per soddisfare le esigenze quotidiane dei nostri utenti. Fondamentalmente, lo Streamcloud Premium offre il servizio di file hosting Freemium (FHS), ma ci sono anche account Streamcloud Premium che possono offrire maggiori funzionalit\u00e0. Abbiamo presentato i dettagli di ogni account nella tabella sottostante.<\/p>\n\n\n\n<p>Tabella 1. Diversi tipi di conti Streamcloud<\/p>\n\n\n\n<figure class=\"wp-block-table\"><table><tbody><tr><td>Tipo di conto<\/td><td>Tassa di manutenzione<\/td><td>Allocazione dello stoccaggio<\/td><td>Larghezza di banda<\/td><\/tr><tr><td>Streamcloud Freemium<\/td><td>Gratuito<\/td><td>15 GB al mese<\/td><td>35 GB al mese<\/td><\/tr><tr><td>Streamcloud Premium<\/td><td>$ 11.00 al mese<\/td><td>400 GB al mese<\/td><td>1 TB al mese<\/td><\/tr><tr><td>Streamcloud Premium Avanzato<\/td><td>$ 23 al mese<\/td><td>2 TB al mese<\/td><td>2 TB al mese<\/td><\/tr><tr><td>Streamcloud Premium Prestige<\/td><td>$ 30.00 al mese<\/td><td>8 TB al mese<\/td><td>8 TB al mese<\/td><\/tr><tr><td>Streamcloud Premium Royalty<\/td><td>$ 53.00 al mese<\/td><td>16 TB al mese<\/td><td>16 TB al mese<\/td><\/tr><\/tbody><\/table><\/figure>\n\n\n\n<p>Come mostrato sopra, i diversi tipi di account Streamcloud Premium sono Streamcloud Freemium Account, Streamcloud Premium Account, Streamcloud Premium Advanced Account, Streamcloud Premium Prestige Account e Streamcloud Premium Royalty Account, ognuno con i propri vantaggi.<\/p>\n\n\n\n<p>Siamo sicuri che apprezzerete il nostro servizio di hosting di file di account Streamcloud Freemium (FHS), ma siamo molto sicuri che apprezzerete anche i nostri Account Premium Streamcloud per le caratteristiche e le funzionalit\u00e0 aggiuntive che si adattano alle vostre esigenze. Streamcloud offre quattro (4) variet\u00e0 di account premium che offrono una maggiore allocazione di memoria per ogni tipo di file che si pu\u00f2 portare, sia che si tratti di documenti, powerpoint, audio, video, il servizio di file hosting di Streamcloud Premium (FHS) sar\u00e0 sicuramente in buone mani.<\/p>\n\n\n<a class=\"maxbutton-2 maxbutton maxbutton-cta\" target=\"_blank\" rel=\"nofollow noopener\" href=\"\/go\/\"><span class='mb-text'>&gt;&gt; Vai al sito web originale di Linkifier<\/span><\/a>\n\n\n<p><\/p>\n\n\n\n<figure class=\"wp-block-image\"><img src=\"https:\/\/lh4.googleusercontent.com\/EwSoUUcLaV1VFD69SnYqb4OUrI1isFgChdnJuRgj0tvdu0tMRV-LQGsOL1olFcHCENiI5ZofW8_15Akd2hZ20mry27bXDGCwUzDbyF7otnD4SQgJl1Adbi9Qyrl4bWmUr91kpUQ\" alt=\"Streamcloud features works across devices regardless of the account type\"\/><\/figure>\n\n\n\n<p>Qualunque sia il tipo di conto o il dispositivo, lo Streamcloud si adatta automaticamente e dinamicamente<\/p>\n\n\n\n<p>Qualunque sia il tuo account, la piattaforma Streamcloud cripta tutti gli stessi file con gli stessi titoli e le stesse caratteristiche per la tua privacy. Lo stesso vale per la funzione aggiuntiva: Servizio di streaming video online Streamcloud. Sia che si disponga di Streamcloud Freemium Account, Streamcloud Premium Account, Streamcloud Premium Advanced Account, Streamcloud Premium Prestige Account o Streamcloud Premium Royalty Account; \u00e8 comunque possibile effettuare lo streaming e guardare i video caricati e i video che sono stati resi pubblici dai suoi utenti. Devi anche condividere i tuoi video con il pubblico utilizzando qualsiasi account. Perch\u00e9 Streamcloud si preoccupa e si preoccupa di tutti i suoi utenti, indipendentemente dal tipo di account Streamcloud.<\/p>\n\n\n\n<h2>Considerazioni finali su Streamcloud Premium<\/h2>\n\n\n\n<p>Potreste non essere impressionati dalla piattaforma Streamcloud come fornitore di servizi di file hosting (FHS) in quanto ci sono molte nuvole o storage web online disponibili su internet, ma vi sfidiamo a provare a vedere cosa rende unico lo Streamcloud Premium e a stupirvi perch\u00e9 lo Streamcloud Premium non \u00e8 solo una piattaforma di servizi di file hosting (FHS), ma \u00e8 anche un sito di streaming video online per guardare tutti i video disponibili al pubblico nella piattaforma, indipendentemente dalle sue dimensioni e qualit\u00e0.<\/p>\n\n\n\n<h2>Domande frequenti (FAQ) su Streamcloud Premium<\/h2>\n\n\n\n<h3>1. Streamcloud offre servizi gratuiti?<\/h3>\n\n\n\n<p>S\u00ec, lo Streamcloud Premium ha un servizio freemium che un utente pu\u00f2 utilizzare semplicemente utilizzando i propri indirizzi e-mail. Lo Streamcloud premium offre un cloud storage di quindici gigabyte (15 GB) per un mese con un massimo di trentacinque gigabyte (35 GB) di larghezza di banda, in modo da poter archiviare e condividere tutti i file con tutto questo spazio di archiviazione web online o cloud storage per un mese, oltre a trasmettere gratuitamente i video pubblici sulla piattaforma Streamcloud. Streamcloud offre anche gli account Streamcloud Premium con pi\u00f9 funzionalit\u00e0 e caratteristiche per soddisfare le vostre esigenze.<\/p>\n\n\n\n<h3>2. Qual \u00e8 il miglior account Premium Streamcloud?<\/h3>\n\n\n\n<p>Lo Streamcloud Premium ha quattro (4) tipi di account Streamcloud Premium, ma l&#8217;account con la maggior parte delle funzionalit\u00e0 e delle caratteristiche \u00e8 lo Streamcloud Premium Royalty Account. Con soli cinquantatre dollari (53,00 dollari) al mese, un utente ha diritto a sedici terabyte (16 TB) di storage web online o cloud storage con una larghezza di banda massima anche di sedici terabyte (16 TB) per un mese. Ci\u00f2 significa pi\u00f9 spazio di memorizzazione per i vostri file pi\u00f9 importanti e backup per i vostri file speciali, indipendentemente dal tipo e dalla dimensione dei file, finch\u00e9 vi rimane l&#8217;allocazione dei dati. \u00c8 anche possibile condividere e guardare pi\u00f9 film, il che lo rende pi\u00f9 speciale perch\u00e9 Streamcloud premium non \u00e8 solo un servizio di file hosting (FHS), ma \u00e8 anche un sito di streaming video online per guardare tutti i file disponibili al pubblico nella piattaforma.<\/p>\n\n\n\n<h3>3. Sto usando il mio browser predefinito, posso ancora utilizzare la piattaforma Streamcloud?<\/h3>\n\n\n\n<p>Che si tratti di Windows, Linux, Ubuntu, iOs o Android, il sito web Streamcloud \u00e8 dinamicamente disponibile per tutti i tipi di browser. Il sito web Streamcloud \u00e8 stato modificato e programmato per adattarsi automaticamente alla risoluzione di qualsiasi dispositivo dell&#8217;utente, in modo da essere sicuri di non avere problemi nell&#8217;utilizzarlo. Sar\u00e0 sicuramente visualizzato su Internet Explorer, Google Chrome, Mozilla Firefox, Opera, Safari e persino sul browser Tor. Nonostante l&#8217;utilizzo di qualsiasi tipo di browser, la piattaforma Streamcloud \u00e8 sicura di crittografare ogni file dei suoi utenti utilizzando l&#8217;avanzato algoritmo di crittografia AES per proteggersi da qualsiasi tipo di phishing dei dati e da qualsiasi furto di dati.<\/p>\n\n\n\n<h3>&nbsp;4. Altri possono accedere ai miei file caricati nella piattaforma premium Streamcloud?<\/h3>\n\n\n\n<p>Tutti gli upload nella piattaforma premium Streamcloud vengono caricati con impostazioni di privacy private, quindi, a meno che un utente non abbia modificato le impostazioni di privacy al pubblico, nessun altro utente pu\u00f2 vedere o accedere ai suoi file nella piattaforma premium Streamcloud.<\/p>\n\n\n\n<h3>5. Streamcloud premium ha un rappresentante dell&#8217;assistenza clienti?<\/h3>\n\n\n\n<p>Per domande, chiarimenti e altre preoccupazioni, la Network Solutions, LLC ha designato i servizi di supporto premium Streamcloud attraverso i rappresentanti dei clienti premium Streamcloud per rispondere a qualsiasi preoccupazione o problema, anche se questo accade molto raramente perch\u00e9 la piattaforma Streamcloud lascia sempre i suoi utenti soddisfatti delle sue funzionalit\u00e0 e caratteristiche come un servizio di file hosting (FHS) e un sito di video streaming online per guardare tutti i file disponibili pubblicamente nella piattaforma.<\/p>\n\n\n<a class=\"maxbutton-2 maxbutton maxbutton-cta\" target=\"_blank\" rel=\"nofollow noopener\" href=\"\/go\/\"><span class='mb-text'>&gt;&gt; Vai al sito web originale di Linkifier<\/span><\/a>\n\n\n<p><br><\/p>\n","protected":false},"excerpt":{"rendered":"<p>Streamcloud Premium \u00e8 la svolta che ha portato l&#8217;archiviazione online sul web (cloud storage) e lo streaming video sul web<\/p>\n","protected":false},"author":2,"featured_media":0,"parent":0,"menu_order":0,"comment_status":"closed","ping_status":"closed","template":"","meta":[],"yoast_head":"<!-- This site is optimized with the Yoast SEO plugin v18.3 - https:\/\/yoast.com\/wordpress\/plugins\/seo\/ -->\n<title>StreamCloud Premium Conto: Il Filehoster In Sintesi<\/title>\n<meta name=\"description\" content=\"Se StreamCloud \u00e8 un fornitore affidabile o meno, potete trovare la risposta nel test in corso su Multihoster.org \u279c Cliccate ora \u271a per leggere le nostre esperienze!\" \/>\n<meta name=\"robots\" content=\"index, follow, max-snippet:-1, max-image-preview:large, max-video-preview:-1\" \/>\n<link rel=\"canonical\" href=\"https:\/\/multihoster.org\/it\/streamcloud\/\" \/>\n<meta property=\"og:locale\" content=\"it_IT\" \/>\n<meta property=\"og:type\" content=\"article\" \/>\n<meta property=\"og:title\" content=\"StreamCloud Premium Conto: Il Filehoster In Sintesi\" \/>\n<meta property=\"og:description\" content=\"Se StreamCloud \u00e8 un fornitore affidabile o meno, potete trovare la risposta nel test in corso su Multihoster.org \u279c Cliccate ora \u271a per leggere le nostre esperienze!\" \/>\n<meta property=\"og:url\" content=\"https:\/\/multihoster.org\/it\/streamcloud\/\" \/>\n<meta property=\"og:site_name\" content=\"Multihoster.org\" \/>\n<meta property=\"article:modified_time\" content=\"2020-05-29T12:56:43+00:00\" \/>\n<meta property=\"og:image\" content=\"https:\/\/lh4.googleusercontent.com\/xcxpv9Ok39mZs2azSQyAMZjRiJmA_UPp2NkcIGgn7jTknebXHbBFvyI5GpychS6EqvN1AwTPLUvFkGzWwaxFzbX_4LcrW3vqqHLE04zHgp4L49tAp32tiZ8kelyfa6cjvEWkctM\" \/>\n<meta name=\"twitter:card\" content=\"summary\" \/>\n<meta name=\"twitter:label1\" content=\"Tempo di lettura stimato\" \/>\n\t<meta name=\"twitter:data1\" content=\"8 minuti\" \/>\n<script type=\"application\/ld+json\" class=\"yoast-schema-graph\">{\"@context\":\"https:\/\/schema.org\",\"@graph\":[{\"@type\":\"WebSite\",\"@id\":\"https:\/\/multihoster.org\/#website\",\"url\":\"https:\/\/multihoster.org\/\",\"name\":\"Multihoster.org\",\"description\":\"Reviews of the major Filehosting services\",\"potentialAction\":[{\"@type\":\"SearchAction\",\"target\":{\"@type\":\"EntryPoint\",\"urlTemplate\":\"https:\/\/multihoster.org\/?s={search_term_string}\"},\"query-input\":\"required name=search_term_string\"}],\"inLanguage\":\"it-IT\"},{\"@type\":\"ImageObject\",\"@id\":\"https:\/\/multihoster.org\/it\/streamcloud\/#primaryimage\",\"inLanguage\":\"it-IT\",\"url\":\"https:\/\/lh4.googleusercontent.com\/xcxpv9Ok39mZs2azSQyAMZjRiJmA_UPp2NkcIGgn7jTknebXHbBFvyI5GpychS6EqvN1AwTPLUvFkGzWwaxFzbX_4LcrW3vqqHLE04zHgp4L49tAp32tiZ8kelyfa6cjvEWkctM\",\"contentUrl\":\"https:\/\/lh4.googleusercontent.com\/xcxpv9Ok39mZs2azSQyAMZjRiJmA_UPp2NkcIGgn7jTknebXHbBFvyI5GpychS6EqvN1AwTPLUvFkGzWwaxFzbX_4LcrW3vqqHLE04zHgp4L49tAp32tiZ8kelyfa6cjvEWkctM\"},{\"@type\":\"WebPage\",\"@id\":\"https:\/\/multihoster.org\/it\/streamcloud\/#webpage\",\"url\":\"https:\/\/multihoster.org\/it\/streamcloud\/\",\"name\":\"StreamCloud Premium Conto: Il Filehoster In Sintesi\",\"isPartOf\":{\"@id\":\"https:\/\/multihoster.org\/#website\"},\"primaryImageOfPage\":{\"@id\":\"https:\/\/multihoster.org\/it\/streamcloud\/#primaryimage\"},\"datePublished\":\"2020-03-30T13:33:12+00:00\",\"dateModified\":\"2020-05-29T12:56:43+00:00\",\"description\":\"Se StreamCloud \u00e8 un fornitore affidabile o meno, potete trovare la risposta nel test in corso su Multihoster.org \u279c Cliccate ora \u271a per leggere le nostre esperienze!\",\"breadcrumb\":{\"@id\":\"https:\/\/multihoster.org\/it\/streamcloud\/#breadcrumb\"},\"inLanguage\":\"it-IT\",\"potentialAction\":[{\"@type\":\"ReadAction\",\"target\":[\"https:\/\/multihoster.org\/it\/streamcloud\/\"]}]},{\"@type\":\"BreadcrumbList\",\"@id\":\"https:\/\/multihoster.org\/it\/streamcloud\/#breadcrumb\",\"itemListElement\":[{\"@type\":\"ListItem\",\"position\":1,\"name\":\"Startseite\",\"item\":\"https:\/\/multihoster.org\/it\/\"},{\"@type\":\"ListItem\",\"position\":2,\"name\":\"StreamCloud Premium Conto: Il Filehoster In Sintesi\"}]}]}<\/script>\n<!-- \/ Yoast SEO plugin. -->","yoast_head_json":{"title":"StreamCloud Premium Conto: Il Filehoster In Sintesi","description":"Se StreamCloud \u00e8 un fornitore affidabile o meno, potete trovare la risposta nel test in corso su Multihoster.org \u279c Cliccate ora \u271a per leggere le nostre esperienze!","robots":{"index":"index","follow":"follow","max-snippet":"max-snippet:-1","max-image-preview":"max-image-preview:large","max-video-preview":"max-video-preview:-1"},"canonical":"https:\/\/multihoster.org\/it\/streamcloud\/","og_locale":"it_IT","og_type":"article","og_title":"StreamCloud Premium Conto: Il Filehoster In Sintesi","og_description":"Se StreamCloud \u00e8 un fornitore affidabile o meno, potete trovare la risposta nel test in corso su Multihoster.org \u279c Cliccate ora \u271a per leggere le nostre esperienze!","og_url":"https:\/\/multihoster.org\/it\/streamcloud\/","og_site_name":"Multihoster.org","article_modified_time":"2020-05-29T12:56:43+00:00","og_image":[{"url":"https:\/\/lh4.googleusercontent.com\/xcxpv9Ok39mZs2azSQyAMZjRiJmA_UPp2NkcIGgn7jTknebXHbBFvyI5GpychS6EqvN1AwTPLUvFkGzWwaxFzbX_4LcrW3vqqHLE04zHgp4L49tAp32tiZ8kelyfa6cjvEWkctM"}],"twitter_card":"summary","twitter_misc":{"Tempo di lettura stimato":"8 minuti"},"schema":{"@context":"https:\/\/schema.org","@graph":[{"@type":"WebSite","@id":"https:\/\/multihoster.org\/#website","url":"https:\/\/multihoster.org\/","name":"Multihoster.org","description":"Reviews of the major Filehosting services","potentialAction":[{"@type":"SearchAction","target":{"@type":"EntryPoint","urlTemplate":"https:\/\/multihoster.org\/?s={search_term_string}"},"query-input":"required name=search_term_string"}],"inLanguage":"it-IT"},{"@type":"ImageObject","@id":"https:\/\/multihoster.org\/it\/streamcloud\/#primaryimage","inLanguage":"it-IT","url":"https:\/\/lh4.googleusercontent.com\/xcxpv9Ok39mZs2azSQyAMZjRiJmA_UPp2NkcIGgn7jTknebXHbBFvyI5GpychS6EqvN1AwTPLUvFkGzWwaxFzbX_4LcrW3vqqHLE04zHgp4L49tAp32tiZ8kelyfa6cjvEWkctM","contentUrl":"https:\/\/lh4.googleusercontent.com\/xcxpv9Ok39mZs2azSQyAMZjRiJmA_UPp2NkcIGgn7jTknebXHbBFvyI5GpychS6EqvN1AwTPLUvFkGzWwaxFzbX_4LcrW3vqqHLE04zHgp4L49tAp32tiZ8kelyfa6cjvEWkctM"},{"@type":"WebPage","@id":"https:\/\/multihoster.org\/it\/streamcloud\/#webpage","url":"https:\/\/multihoster.org\/it\/streamcloud\/","name":"StreamCloud Premium Conto: Il Filehoster In Sintesi","isPartOf":{"@id":"https:\/\/multihoster.org\/#website"},"primaryImageOfPage":{"@id":"https:\/\/multihoster.org\/it\/streamcloud\/#primaryimage"},"datePublished":"2020-03-30T13:33:12+00:00","dateModified":"2020-05-29T12:56:43+00:00","description":"Se StreamCloud \u00e8 un fornitore affidabile o meno, potete trovare la risposta nel test in corso su Multihoster.org \u279c Cliccate ora \u271a per leggere le nostre esperienze!","breadcrumb":{"@id":"https:\/\/multihoster.org\/it\/streamcloud\/#breadcrumb"},"inLanguage":"it-IT","potentialAction":[{"@type":"ReadAction","target":["https:\/\/multihoster.org\/it\/streamcloud\/"]}]},{"@type":"BreadcrumbList","@id":"https:\/\/multihoster.org\/it\/streamcloud\/#breadcrumb","itemListElement":[{"@type":"ListItem","position":1,"name":"Startseite","item":"https:\/\/multihoster.org\/it\/"},{"@type":"ListItem","position":2,"name":"StreamCloud Premium Conto: Il Filehoster In Sintesi"}]}]}},"_links":{"self":[{"href":"https:\/\/multihoster.org\/it\/wp-json\/wp\/v2\/pages\/2923"}],"collection":[{"href":"https:\/\/multihoster.org\/it\/wp-json\/wp\/v2\/pages"}],"about":[{"href":"https:\/\/multihoster.org\/it\/wp-json\/wp\/v2\/types\/page"}],"author":[{"embeddable":true,"href":"https:\/\/multihoster.org\/it\/wp-json\/wp\/v2\/users\/2"}],"replies":[{"embeddable":true,"href":"https:\/\/multihoster.org\/it\/wp-json\/wp\/v2\/comments?post=2923"}],"version-history":[{"count":3,"href":"https:\/\/multihoster.org\/it\/wp-json\/wp\/v2\/pages\/2923\/revisions"}],"predecessor-version":[{"id":4534,"href":"https:\/\/multihoster.org\/it\/wp-json\/wp\/v2\/pages\/2923\/revisions\/4534"}],"wp:attachment":[{"href":"https:\/\/multihoster.org\/it\/wp-json\/wp\/v2\/media?parent=2923"}],"curies":[{"name":"wp","href":"https:\/\/api.w.org\/{rel}","templated":true}]}}