{"id":296,"date":"2018-05-22T17:19:42","date_gmt":"2018-05-22T17:19:42","guid":{"rendered":"https:\/\/multihoster.org\/?page_id=296"},"modified":"2018-09-12T06:19:25","modified_gmt":"2018-09-12T06:19:25","slug":"oboom","status":"publish","type":"page","link":"https:\/\/multihoster.org\/it\/oboom\/","title":{"rendered":"Oboom Premium Account &#8211; Il Filehoster in sintesi"},"content":{"rendered":"<p><img loading=\"lazy\" class=\"size-full wp-image-101 alignleft\" src=\"https:\/\/multihoster.org\/wp-content\/uploads\/2018\/04\/logo.png\" alt=\"logo\" width=\"222\" height=\"59\"><\/p>\n<p>Oboom offre un servizio completamente gratuito, dove \u00e8 possibile memorizzare i file nel cloud in modo completamente indipendente da posizione e dispositivo. Il fornitore attribuisce grande importanza al lavoro di squadra e vuole utilizzare la piattaforma per creare un modo di condividere i file facilmente da qualsiasi luogo e con qualsiasi dispositivo. discrezione e sicurezza sono naturalmente le nostre priorit\u00e0.<\/p>\n\n<p><a class=\"fasc-button fasc-size-xlarge fasc-type-glossy fasc-rounded-medium ico-fa fasc-ico-after fa-share\" style=\"background-color: #43585e; color: #ffffff;\" rel=\"nofollow\" href=\"https:\/\/multihoster.org\/oboom\/goto\/\">Vai a Oboom.com<\/a><\/p>\n<h2>Caratteristiche positive del fornitore<\/h2>\n<ul>\n<li>conto gratuito<\/li>\n<li>Fino a 50 GB di spazio libero su disco<\/li>\n<li>Possibile creazione di account anonimi<\/li>\n<li>Assistenza telefonica<\/li>\n<li>Possibilit\u00e0 di utilizzo del gestore di download<\/li>\n<\/ul>\n<h2>Tutta l&#8217;offerta Oboom in sintesi<\/h2>\n<p class=\"normal\">Il fornitore non offre ai propri utenti un account premium esplicito nell&#8217;assortimento, poich\u00e9 in linea di principio nell&#8217;offerta di Oboom \u00e8 presente solo l&#8217;account gratuito. Il fornitore fornisce il suo servizio in modo completamente gratuito per ogni utente, che ha a disposizione fino a 50 GB di spazio di archiviazione.<\/p>\n<p class=\"normal\">Chi desidera godere di ulteriori vantaggi nell&#8217;ambito dell&#8217;offerta Oboom Premium pu\u00f2 farlo con un account Smoozed Pro. Per utilizzare l&#8217;account Oboom Premium, devi prima registrarti con Smoozed e poi inserire i dati di accesso dell&#8217;account Smoozed Pro in JDownloader o Smoozed Addon.<\/p>\n<p class=\"normal\">Con un account Pro a Smoozed non solo \u00e8 possibile utilizzare l&#8217;intera gamma di servizi di Oboom Premium, ma \u00e8 anche possibile utilizzare il servizio di quasi tutti gli altri hoster di file.<\/p>\n<h2 class=\"normal\">Offerte bonus<\/h2>\n<p>Un&#8217;offerta di bonus molto interessante \u00e8 il modello Pay-Per-Download, che prevede il pagamento di una commissione per l&#8217;upload di un numero particolarmente elevato di file nel cloud. Il prerequisito \u00e8 che i file siano molto popolari e vengano scaricati di conseguenza spesso: il programma bonus non \u00e8 organizzato direttamente da Oboom, ma dai rispettivi file hoster. Molti fornitori hanno il loro programma bonus per motivare i fornitori a caricare file popolari, le commissioni variano a seconda del fornitore e possono essere non solo un interessante reddito aggiuntivo, ma anche una delle principali fonti di reddito.<\/p>\n<h2>Costi e modalit\u00e0 di pagamento<\/h2>\n<p class=\"normal\">Come opzione di pagamento per il servizio Oboom Premium, il pagamento con carta di credito, SEPA express e Handypay \u00e8 a vostra disposizione, mentre la valuta digitale Bitcoin \u00e8 accettata anche come metodo di pagamento.<\/p>\n\n<table id=\"tablepress-43\" class=\"tablepress tablepress-id-43\">\n<thead>\n<tr class=\"row-1 odd\">\n\t<th class=\"column-1\">BASIC<\/th><th class=\"column-2\">ADVANCED<\/th><th class=\"column-3\">ULTRA<\/th>\n<\/tr>\n<\/thead>\n<tbody class=\"row-hover\">\n<tr class=\"row-2 even\">\n\t<td class=\"column-1\">1 mese<\/td><td class=\"column-2\">6 mese<\/td><td class=\"column-3\">12 mese<\/td>\n<\/tr>\n<tr class=\"row-3 odd\">\n\t<td class=\"column-1\">9,95\u20ac<\/td><td class=\"column-2\">29,99\u20ac invece di 49,99\u20ac<\/td><td class=\"column-3\">39,95\u20ac invece di 99,99\u20ac<\/td>\n<\/tr>\n<tr class=\"row-4 even\">\n\t<td class=\"column-1\">oltre 40 filehosters<\/td><td class=\"column-2\">oltre 40 filehosters<\/td><td class=\"column-3\">oltre 40 filehosters<\/td>\n<\/tr>\n<tr class=\"row-5 odd\">\n\t<td class=\"column-1\">Accesso VPN<\/td><td class=\"column-2\">Accesso VPN<\/td><td class=\"column-3\">Accesso VPN<\/td>\n<\/tr>\n<\/tbody>\n<\/table>\n<!-- #tablepress-43 from cache -->\n<p><a class=\"fasc-button fasc-size-xlarge fasc-type-glossy fasc-rounded-medium ico-fa fasc-ico-after fa-share\" style=\"background-color: #43585e; color: #ffffff;\" rel=\"nofollow\" href=\"https:\/\/multihoster.org\/oboom\/goto\/\">Vai a Oboom.com<\/a><\/p>\n<h2>Informativa sulla privacy e protezione dei dati<\/h2>\n<p>Per quanto riguarda la protezione dei dati e della privacy, Oboom attribuisce grande importanza alla riservatezza e al rispetto delle norme di legge e, a differenza di molti altri fornitori, offre un servizio che \u00e8 possibile senza fornire dati personali.<\/p>\n<p>La raccolta di dati personali, tuttavia, avviene sempre su base volontaria e Oboom non li trasmetter\u00e0 mai a terzi senza l&#8217;espresso consenso. Il provider cerca sempre di garantire la migliore sicurezza possibile, ma fa notare che una protezione completa su Internet non \u00e8 possibile.<\/p>\n<p>Quando si utilizza il social network Facebook, i dati possono essere scambiati tra il browser e il server Facebook utilizzando i plug-in esistenti. Ulteriori dati vengono valutati dal servizio Google Analytics, che li utilizza per migliorare l&#8217;esperienza individuale dell&#8217;utente. Inoltre, i dati personali possono essere scambiati o memorizzati durante l&#8217;utilizzo di Google Plus o Twitter.<\/p>\n<h2>Assistenza Clienti<\/h2>\n<p class=\"normal\">Il supporto Oboom \u00e8 disponibile durante il giorno dalle 9.00 alle 17.00. Chiama il numero 414 1588 0562. Inoltre, puoi scrivere un&#8217;e-mail per ricevere assistenza in caso di domande senza risposta. Un&#8217;altra opzione che oggi \u00e8 pi\u00f9 veloce e che offre anche una soluzione \u00e8 l&#8217;area FAQ: ecco le molte domande che vengono poste regolarmente da altri utenti.<\/p>\n<h2>Facilit\u00e0 d&#8217;uso del sito web<\/h2>\n<p class=\"normal\">Il sito web del provider Oboom \u00e8 chiaramente strutturato in modo che il servizio e la filosofia aziendale siano chiari a prima vista, in alto a destra \u00e8 possibile creare un account, accedere o utilizzare Facebook, Twitter e Google+.<\/p>\n<p>Subito dopo l&#8217;accesso, verr\u00e0 visualizzata la panoramica di CloudDrive, da cui \u00e8 possibile caricare o scaricare i file e apportare le modifiche desiderate nelle impostazioni o dare un&#8217;occhiata pi\u00f9 da vicino al programma partner.<\/p>\n<p><img loading=\"lazy\" class=\"alignnone wp-image-100 size-large\" src=\"https:\/\/multihoster.org\/wp-content\/uploads\/2018\/04\/upload-1024x459.png\" alt=\"upload\" width=\"800\" height=\"359\" srcset=\"https:\/\/multihoster.org\/wp-content\/uploads\/2018\/04\/upload-1024x459.png 1024w, https:\/\/multihoster.org\/wp-content\/uploads\/2018\/04\/upload-300x135.png 300w, https:\/\/multihoster.org\/wp-content\/uploads\/2018\/04\/upload-768x345.png 768w, https:\/\/multihoster.org\/wp-content\/uploads\/2018\/04\/upload.png 1199w\" sizes=\"(max-width: 800px) 100vw, 800px\" \/><\/p>\n<h2>App mobile<\/h2>\n<p class=\"normal\">Oboom non offre un&#8217;app mobile, ma solo l&#8217;utilizzo tramite il consueto browser web, e desidera offrire al pi\u00f9 presto la possibilit\u00e0 di accedervi tramite stick o dispositivo mobile. Fino ad allora, gli utenti possono facilmente utilizzare jDownloader per controllare i download e gli upload su Oboom, dove possono anche accedere con il loro account Smoozed Pro e utilizzare il servizio Oboom Premium.<\/p>\n<h2>I vantaggi di un conto premium<\/h2>\n<p class=\"normal\">Non esiste un account Oboom Premium separato, ma con un account Smoozed Premium puoi utilizzare la gamma massima di funzioni che Oboom ti offre. inoltre, un account Smoozed Premium Pro include molte altre caratteristiche.<\/p>\n<p class=\"normal\">Con un account Smoozed Pro hai accesso a una vasta gamma di diversi hoster di file, tra cui rinomati provider come Filefactory, Keep2Share e Streamcloud. L&#8217;account Premium ti permette di usufruire dell&#8217;offerta di qualsiasi provider alla massima velocit\u00e0: hai a disposizione un totale di 50 GB di traffico al giorno ed \u00e8 inoltre possibile utilizzare un server VPN per l&#8217;utilizzo anonimo e sicuro di Internet.<\/p>\n<p class=\"normal\">Qui presentiamo tutti i filehosters che \u00e8 possibile utilizzare in aggiunta a Oboom Premium con l&#8217;account Smoozed Premium Pro.<\/p>\n<h2>La nostra conclusione sul fornitore Oboom<\/h2>\n<p class=\"normal\">Tutto sommato, il fornitore Oboom fa un&#8217;impressione seria e affidabile: \u00e8 particolarmente convincente il fatto che il servizio completo di Oboom sia gratuito. Ogni utente pu\u00f2 memorizzare i propri file in modo anonimo nel cloud con uno spazio di archiviazione fino a 50 gigabyte senza dover inserire dati personali.<\/p>\n<p class=\"normal\">Se hai gi\u00e0 un account Smoozed, puoi utilizzare Oboom Premium Service con la massima velocit\u00e0 e senza tempi di attesa. Con Smoozed puoi iscriverti fino a 10 euro al mese e quindi non solo avere un account Oboom Premium, ma anche avere accesso al servizio di quasi tutti i file hoster.<\/p>\n<p class=\"normal\">Potete scegliere tra diversi metodi di pagamento: l&#8217;assistenza \u00e8 disponibile sia via e-mail che per telefono in tedesco, il che distingue l&#8217;offerente dalla concorrenza in termini di servizio.<\/p>\n<p><a class=\"fasc-button fasc-size-xlarge fasc-type-glossy fasc-rounded-medium ico-fa fasc-ico-after fa-share\" style=\"background-color: #43585e; color: #ffffff;\" rel=\"nofollow\" href=\"https:\/\/multihoster.org\/oboom\/goto\/\">Vai a Oboom.com<\/a><\/p>\n","protected":false},"excerpt":{"rendered":"<p>Oboom offre un servizio completamente gratuito, dove \u00e8 possibile memorizzare i file nel cloud in modo completamente indipendente da posizione<\/p>\n","protected":false},"author":2,"featured_media":0,"parent":0,"menu_order":0,"comment_status":"closed","ping_status":"closed","template":"","meta":[],"yoast_head":"<!-- This site is optimized with the Yoast SEO plugin v18.3 - https:\/\/yoast.com\/wordpress\/plugins\/seo\/ -->\n<title>lll\u25b7 Oboom Premium Account serio o no +++ Test su Multihoster.org<\/title>\n<meta name=\"description\" content=\"Se Oboom \u00e8 un fornitore affidabile o meno, potete trovare la risposta nel test corrente su Multihoster.org \u279c Ora cliccate su \u271a per leggere le nostre esperienze!\" \/>\n<meta name=\"robots\" content=\"index, follow, max-snippet:-1, max-image-preview:large, max-video-preview:-1\" \/>\n<link rel=\"canonical\" href=\"https:\/\/multihoster.org\/it\/oboom\/\" \/>\n<meta property=\"og:locale\" content=\"it_IT\" \/>\n<meta property=\"og:type\" content=\"article\" \/>\n<meta property=\"og:title\" content=\"lll\u25b7 Oboom Premium Account serio o no +++ Test su Multihoster.org\" \/>\n<meta property=\"og:description\" content=\"Se Oboom \u00e8 un fornitore affidabile o meno, potete trovare la risposta nel test corrente su Multihoster.org \u279c Ora cliccate su \u271a per leggere le nostre esperienze!\" \/>\n<meta property=\"og:url\" content=\"https:\/\/multihoster.org\/it\/oboom\/\" \/>\n<meta property=\"og:site_name\" content=\"Multihoster.org\" \/>\n<meta property=\"article:modified_time\" content=\"2018-09-12T06:19:25+00:00\" \/>\n<meta property=\"og:image\" content=\"https:\/\/multihoster.org\/wp-content\/uploads\/2018\/04\/logo.png\" \/>\n<meta name=\"twitter:card\" content=\"summary\" \/>\n<meta name=\"twitter:label1\" content=\"Tempo di lettura stimato\" \/>\n\t<meta name=\"twitter:data1\" content=\"5 minuti\" \/>\n<script type=\"application\/ld+json\" class=\"yoast-schema-graph\">{\"@context\":\"https:\/\/schema.org\",\"@graph\":[{\"@type\":\"WebSite\",\"@id\":\"https:\/\/multihoster.org\/#website\",\"url\":\"https:\/\/multihoster.org\/\",\"name\":\"Multihoster.org\",\"description\":\"Reviews of the major Filehosting services\",\"potentialAction\":[{\"@type\":\"SearchAction\",\"target\":{\"@type\":\"EntryPoint\",\"urlTemplate\":\"https:\/\/multihoster.org\/?s={search_term_string}\"},\"query-input\":\"required name=search_term_string\"}],\"inLanguage\":\"it-IT\"},{\"@type\":\"ImageObject\",\"@id\":\"https:\/\/multihoster.org\/it\/oboom\/#primaryimage\",\"inLanguage\":\"it-IT\",\"url\":\"https:\/\/multihoster.org\/wp-content\/uploads\/2018\/04\/logo.png\",\"contentUrl\":\"https:\/\/multihoster.org\/wp-content\/uploads\/2018\/04\/logo.png\",\"width\":222,\"height\":59,\"caption\":\"logo\"},{\"@type\":\"WebPage\",\"@id\":\"https:\/\/multihoster.org\/it\/oboom\/#webpage\",\"url\":\"https:\/\/multihoster.org\/it\/oboom\/\",\"name\":\"lll\u25b7 Oboom Premium Account serio o no +++ Test su Multihoster.org\",\"isPartOf\":{\"@id\":\"https:\/\/multihoster.org\/#website\"},\"primaryImageOfPage\":{\"@id\":\"https:\/\/multihoster.org\/it\/oboom\/#primaryimage\"},\"datePublished\":\"2018-05-22T17:19:42+00:00\",\"dateModified\":\"2018-09-12T06:19:25+00:00\",\"description\":\"Se Oboom \u00e8 un fornitore affidabile o meno, potete trovare la risposta nel test corrente su Multihoster.org \u279c Ora cliccate su \u271a per leggere le nostre esperienze!\",\"breadcrumb\":{\"@id\":\"https:\/\/multihoster.org\/it\/oboom\/#breadcrumb\"},\"inLanguage\":\"it-IT\",\"potentialAction\":[{\"@type\":\"ReadAction\",\"target\":[\"https:\/\/multihoster.org\/it\/oboom\/\"]}]},{\"@type\":\"BreadcrumbList\",\"@id\":\"https:\/\/multihoster.org\/it\/oboom\/#breadcrumb\",\"itemListElement\":[{\"@type\":\"ListItem\",\"position\":1,\"name\":\"Startseite\",\"item\":\"https:\/\/multihoster.org\/it\/\"},{\"@type\":\"ListItem\",\"position\":2,\"name\":\"Oboom Premium Account &#8211; Il Filehoster in sintesi\"}]}]}<\/script>\n<!-- \/ Yoast SEO plugin. -->","yoast_head_json":{"title":"lll\u25b7 Oboom Premium Account serio o no +++ Test su Multihoster.org","description":"Se Oboom \u00e8 un fornitore affidabile o meno, potete trovare la risposta nel test corrente su Multihoster.org \u279c Ora cliccate su \u271a per leggere le nostre esperienze!","robots":{"index":"index","follow":"follow","max-snippet":"max-snippet:-1","max-image-preview":"max-image-preview:large","max-video-preview":"max-video-preview:-1"},"canonical":"https:\/\/multihoster.org\/it\/oboom\/","og_locale":"it_IT","og_type":"article","og_title":"lll\u25b7 Oboom Premium Account serio o no +++ Test su Multihoster.org","og_description":"Se Oboom \u00e8 un fornitore affidabile o meno, potete trovare la risposta nel test corrente su Multihoster.org \u279c Ora cliccate su \u271a per leggere le nostre esperienze!","og_url":"https:\/\/multihoster.org\/it\/oboom\/","og_site_name":"Multihoster.org","article_modified_time":"2018-09-12T06:19:25+00:00","og_image":[{"url":"https:\/\/multihoster.org\/wp-content\/uploads\/2018\/04\/logo.png"}],"twitter_card":"summary","twitter_misc":{"Tempo di lettura stimato":"5 minuti"},"schema":{"@context":"https:\/\/schema.org","@graph":[{"@type":"WebSite","@id":"https:\/\/multihoster.org\/#website","url":"https:\/\/multihoster.org\/","name":"Multihoster.org","description":"Reviews of the major Filehosting services","potentialAction":[{"@type":"SearchAction","target":{"@type":"EntryPoint","urlTemplate":"https:\/\/multihoster.org\/?s={search_term_string}"},"query-input":"required name=search_term_string"}],"inLanguage":"it-IT"},{"@type":"ImageObject","@id":"https:\/\/multihoster.org\/it\/oboom\/#primaryimage","inLanguage":"it-IT","url":"https:\/\/multihoster.org\/wp-content\/uploads\/2018\/04\/logo.png","contentUrl":"https:\/\/multihoster.org\/wp-content\/uploads\/2018\/04\/logo.png","width":222,"height":59,"caption":"logo"},{"@type":"WebPage","@id":"https:\/\/multihoster.org\/it\/oboom\/#webpage","url":"https:\/\/multihoster.org\/it\/oboom\/","name":"lll\u25b7 Oboom Premium Account serio o no +++ Test su Multihoster.org","isPartOf":{"@id":"https:\/\/multihoster.org\/#website"},"primaryImageOfPage":{"@id":"https:\/\/multihoster.org\/it\/oboom\/#primaryimage"},"datePublished":"2018-05-22T17:19:42+00:00","dateModified":"2018-09-12T06:19:25+00:00","description":"Se Oboom \u00e8 un fornitore affidabile o meno, potete trovare la risposta nel test corrente su Multihoster.org \u279c Ora cliccate su \u271a per leggere le nostre esperienze!","breadcrumb":{"@id":"https:\/\/multihoster.org\/it\/oboom\/#breadcrumb"},"inLanguage":"it-IT","potentialAction":[{"@type":"ReadAction","target":["https:\/\/multihoster.org\/it\/oboom\/"]}]},{"@type":"BreadcrumbList","@id":"https:\/\/multihoster.org\/it\/oboom\/#breadcrumb","itemListElement":[{"@type":"ListItem","position":1,"name":"Startseite","item":"https:\/\/multihoster.org\/it\/"},{"@type":"ListItem","position":2,"name":"Oboom Premium Account &#8211; Il Filehoster in sintesi"}]}]}},"_links":{"self":[{"href":"https:\/\/multihoster.org\/it\/wp-json\/wp\/v2\/pages\/296"}],"collection":[{"href":"https:\/\/multihoster.org\/it\/wp-json\/wp\/v2\/pages"}],"about":[{"href":"https:\/\/multihoster.org\/it\/wp-json\/wp\/v2\/types\/page"}],"author":[{"embeddable":true,"href":"https:\/\/multihoster.org\/it\/wp-json\/wp\/v2\/users\/2"}],"replies":[{"embeddable":true,"href":"https:\/\/multihoster.org\/it\/wp-json\/wp\/v2\/comments?post=296"}],"version-history":[{"count":7,"href":"https:\/\/multihoster.org\/it\/wp-json\/wp\/v2\/pages\/296\/revisions"}],"predecessor-version":[{"id":1380,"href":"https:\/\/multihoster.org\/it\/wp-json\/wp\/v2\/pages\/296\/revisions\/1380"}],"wp:attachment":[{"href":"https:\/\/multihoster.org\/it\/wp-json\/wp\/v2\/media?parent=296"}],"curies":[{"name":"wp","href":"https:\/\/api.w.org\/{rel}","templated":true}]}}