{"id":2995,"date":"2020-03-30T15:51:09","date_gmt":"2020-03-30T15:51:09","guid":{"rendered":"https:\/\/multihoster.org\/uloz\/"},"modified":"2020-03-31T09:21:24","modified_gmt":"2020-03-31T09:21:24","slug":"uloz","status":"publish","type":"page","link":"https:\/\/multihoster.org\/it\/uloz\/","title":{"rendered":"Uloz Premium Conto: Il Filehoster In Sintesi"},"content":{"rendered":"\n<figure class=\"wp-block-image\"><img src=\"https:\/\/lh5.googleusercontent.com\/DSso4_iy_x8XL-_Dzwlt3-uz1hpxM25zgpxOGdudM89UryFHdWhEDp_vTHuLAD9ofIDr1yF2225Bjq9DnvEk07QdYZhSxKxox3O0Ny7-KmqOcc0zMTUJi8_3tuxh82T5GK0o3oU\" alt=\"Uloz Dashboard\"\/><\/figure>\n\n\n<a class=\"maxbutton-2 maxbutton maxbutton-cta\" target=\"_blank\" rel=\"nofollow noopener\" href=\"\/go\/\"><span class='mb-text'>&gt;&gt; Vai al sito web originale di Linkifier<\/span><\/a>\n\n\n<p><\/p>\n\n\n\n<h2>Che cos&#8217;\u00e8 Uloz?<\/h2>\n\n\n\n<p>Uloz \u00e8 considerata la pi\u00f9 grande rete di cloud storage ceco. Con Uloz, gli individui che non hanno un account o che non sono registrati possono caricare un file nello storage, condividerlo tramite e-mail, su Facebook e twittare il link su twitter. Molto facile e super accessibile da quasi tutti. Con Uloz, \u00e8 possibile caricare, condividere, esplorare e ottenere un file gratuitamente. S\u00ec, tutto gratis.<\/p>\n\n\n\n<p>Uloz offre anche il suo account Premium, dove permette di scaricare qualsiasi file con velocit\u00e0 illimitata o immensa. Anche se scaricare i file gratuitamente \u00e8 ancora una buona caratteristica, avere un account Premium ti d\u00e0 solo pi\u00f9 di gestione dei file e velocit\u00e0 di download. Ottenere un account Premium Uloz \u00e8 davvero l&#8217;ideale per gli utenti che scaricano un file veramente pesante perch\u00e9 fa risparmiare loro tempo.<\/p>\n\n\n\n<figure class=\"wp-block-image\"><img src=\"https:\/\/lh4.googleusercontent.com\/vyCXEh_9xmbsW8_C9IPWDQU5PMGqvkzt86JfeQyJ44gn0MFl4EQ049AjUjpUbSjGgyLUdrbnmn4vE7L5Q5Kz4TDa4XJEf1GajUzS_0s1QNtQiwicIFEc8HpYzDaPnpDucVh1H34\" alt=\"Uloz File Sharing &amp; File Storage\"\/><\/figure>\n\n\n\n<h2>Chi pu\u00f2 utilizzare Uloz Premium?<\/h2>\n\n\n\n<p>L&#8217;account Uloz Premium pu\u00f2 essere per chi vuole sfruttare maggiormente i vantaggi di Uloz quando si tratta di memorizzare i video caricati. Avendo sottoscritto il loro account premium significa che tutti i file caricati sono al sicuro in un unico posto.<\/p>\n\n\n\n<h2>Quando vi serve Uloz Premium?<\/h2>\n\n\n\n<p>E&#8217; vero che si possono davvero caricare file in Uloz, qualunque siano i vostri dati, non vengono conteggiate tutte le restrizioni in tutti i magazzini. Tuttavia, la sottoscrizione consente di creare i propri file in un luogo sicuro e non andranno mai persi. Gli utenti non registrati possono facilmente perdere i loro file una volta che il link per il download e il link per lo streaming sono andati persi, e avere un account gratuito non garantisce che i vostri file resteranno in giro per pi\u00f9 tempo. Quindi, se hai bisogno di memorizzare i file, di condividere i file e di un sito di streaming in un unico luogo, iscriviti ad un account Uloz Premium.<\/p>\n\n\n\n<h2>Come caricare in modo anonimo e gratuito in Uloz?<\/h2>\n\n\n\n<p>Ogni volta che volete provare gratuitamente la Uloz, potete controllare rapidamente il loro sistema anche senza registrare un account. Su Uloz, puoi caricare qualsiasi file tu voglia, s\u00ec, qualsiasi cosa.<\/p>\n\n\n\n<figure class=\"wp-block-image\"><img src=\"https:\/\/lh3.googleusercontent.com\/dFKTijjasJGkOvQ_J790u_ApKWPAAY8_ydaXBFtx3y69Rd5aYeNlmJouV-dCF9KaA6T5ilCRwwkr5XuFpcZi18OnIg8t1gwYdqb2bqrz5z0yCQYca3as8_82GGElQH0-86hKuRY\" alt=\"Uloz File Uploading\"\/><\/figure>\n\n\n\n<p>Basta cliccare sul pulsante &#8220;Upload Files&#8221; che vedrete nell&#8217;angolo in alto a destra del sito. Dopo aver cliccato il pulsante, sarete reindirizzati a una pagina dove potrete caricare i vostri file e regolare le impostazioni su come volete che i vostri file siano accessibili. Ci sono due opzioni e queste sono &#8216;Pubblico&#8217; e &#8216;via Link&#8217;, o privatamente.<\/p>\n\n\n\n<p>Se si carica un video e lo si imposta in modo che sia pubblico, una volta sar\u00e0 accessibile a molti utenti semplicemente cercando nella casella di ricerca. Basta cliccare sul pulsante &#8220;Carica file&#8221; che si trova in alto a destra del sito. Dopo aver cliccato il pulsante, sarete reindirizzati ad una pagina dove potrete caricare i vostri file e regolare le impostazioni su come volete che i vostri dati siano accessibili. Ci sono due opzioni, e queste sono &#8216;Pubblico&#8217; e &#8216;via Link&#8217;, o privatamente.<\/p>\n\n\n\n<p>Se si sta caricando un video e lo si imposta come pubblico, una volta sar\u00e0 accessibile a molti utenti semplicemente cercando nella casella di ricerca e viceversa per caricare l&#8217;ang impostando l&#8217;accesso al video solo tramite link. Per il caricamento privato, vi verranno fornite alcune scelte su come volete che ogni file venga caricato.<\/p>\n\n\n\n<p>Se avete un conto presso Uloz, tutti i file scaricati sono accessibili attraverso il vostro conto e possono essere gestiti. Questo \u00e8 il contro del non avere un account premium. Non sarete in grado di gestire tutto. E se si tratta di un account gratuito, c&#8217;\u00e8 la possibilit\u00e0 che il vostro file venga eliminato.<\/p>\n\n\n\n<figure class=\"wp-block-image\"><img src=\"https:\/\/lh5.googleusercontent.com\/53dUYaUP29M3UJqW-Z03Vl_XS9rXDURzDRr6JlI2WgAbqFqF1KbNsvpTHolEe_d_VElAPRAtMSIXQe38S-Kth-3PIfPKu3BeqoncfRvStcB8WdAyOdTtgLVPxpPrBzLFgo8osIY\" alt=\"Uloz Registration\"\/><\/figure>\n\n\n\n<h2>Registrati gratuitamente con Uloz<\/h2>\n\n\n\n<p>La piattaforma \u00e8 molto aperta a tutti gli individui. Non sono richieste tasse, spese, prove o carte di credito per far parte della loro comunit\u00e0. Basta compilare il modulo sul loro sito web e iscriversi. Convalida la tua email controllando le tue e-mail e dopo, sei libero di usare la piattaforma.<\/p>\n\n\n\n<p>Se venite dalla Repubblica Ceca o dalla Slovenia, e odiate compilare e digitare i moduli, hanno una registrazione rapida che richiede solo l&#8217;invio di un messaggio a seconda della vostra posizione.<\/p>\n\n\n\n<p>Per gli individui provenienti dalla Repubblica Ceca o dalla Repubblica Ceca, inviate un SMS contenente la parola &#8220;ULOZTO&#8221; e inviatelo al numero 9094499. Avrete automaticamente un credito di 10 GB. Per le persone provenienti dalla Slovenia, dopo l&#8217;invio di &#8220;ULOZTO 6&#8221; al numero 8877, avrete un credito di 15 GB sul vostro conto. Ricordate che tutti i testi sono a pagamento. Una volta terminato l&#8217;invio dell&#8217;SMS, potete aspettare un altro SMS che contiene i vostri dati di accesso per potervi godere la piattaforma.<\/p>\n\n\n\n<h2>Piattaforma di condivisione file Uloz<\/h2>\n\n\n\n<p>Come detto prima, ci sono molti modi per condividere un file caricato sulla piattaforma Uloz. Pu\u00f2 essere tramite link, mail, Facebook e Twitter. Dopo aver caricato un file, sarete reindirizzati a una pagina dove vi sar\u00e0 dato un link e l&#8217;altra opzione. Se avete caricato un video, il vostro video sar\u00e0 condiviso anche sulla piattaforma se \u00e8 impostato per il pubblico.<\/p>\n\n\n\n<p>Godetevi Uloz gratuitamente, ma Uloz Premium \u00e8 altamente consigliato per sfruttare al massimo i vantaggi della piattaforma.<\/p>\n\n\n\n<h2>Conto Uloz Premium<\/h2>\n\n\n\n<p>Uloz Premium pu\u00f2 essere raggiunto facilmente anche da utenti gratuiti semplicemente acquistando CREDITI. Una volta esaurito il credito, se lo desiderano possono usufruire di pi\u00f9. Ecco i costi per ogni credito.<\/p>\n\n\n<a class=\"maxbutton-2 maxbutton maxbutton-cta\" target=\"_blank\" rel=\"nofollow noopener\" href=\"\/go\/\"><span class='mb-text'>&gt;&gt; Vai al sito web originale di Linkifier<\/span><\/a>\n\n\n<p><br><\/p>\n\n\n\n<figure class=\"wp-block-table\"><table class=\"\"><tbody><tr><td>DATI<\/td><td>PREZZO<\/td><td>CONSEGNA DEL CREDITO ISTANTANEA<\/td><td>CONSEGNA DEL CREDITO IN SEGUITO<\/td><\/tr><tr><td>340 Gigabytes<\/td><td>38,99 Euro<\/td><td>Pagare con la carta<\/td><td>Pagamento tramite bonifico bancario<\/td><\/tr><tr><td>150 Gigabytes<\/td><td>19,49 Euro<\/td><td>Pagare con la carta<\/td><td>Pagamento tramite bonifico bancario<\/td><\/tr><tr><td>70 Gigabytes<\/td><td>9,99 Euro<\/td><td>Pagare con la carta<\/td><td>Pagamento tramite bonifico bancario<\/td><\/tr><tr><td>40 Gigabytes<\/td><td>5,99 Euro<\/td><td>Pagare con la carta<\/td><td>Pagamento tramite bonifico bancario<\/td><\/tr><tr><td>25 Gigabytes<\/td><td>3,99 Euro<\/td><td>Pagare con la carta<\/td><td>Pagamento tramite bonifico bancario<\/td><\/tr><\/tbody><\/table><\/figure>\n\n\n\n<h2>Domande frequenti Uloz <\/h2>\n\n\n\n<h3>Visibilit\u00e0 dei file<\/h3>\n\n\n\n<p>Con i Conti Uloz, ci sono tre modi per scegliere come i vostri file saranno disponibili:<\/p>\n\n\n\n<ol><li>Accesso privato o &#8220;Solo per me&#8221; &#8211; potete accedere a quel particolare file solo se avete effettuato il login sul conto dove lo avete inserito. Nessun altro pu\u00f2 accedervi dalla piattaforma.<\/li><li> Accesso tramite link &#8211; anche in questo caso, questo tipo di file \u00e8 disponibile solo per le persone che hanno il suo link, e non \u00e8 visibile agli altri utenti che cercheranno di cercarlo nella barra di ricerca Uloz.<\/li><li> Accesso pubblico &#8211; questo tipo di file \u00e8 ricercabile nel motore di ricerca della piattaforma ed \u00e8 accessibile anche quando si dispone del relativo link.<\/li><\/ol>\n\n\n\n<h3>Disponibilit\u00e0 dei file e propriet\u00e0 dei file<\/h3>\n\n\n\n<p>Gli utenti o anche le persone non registrate possono gi\u00e0 stabilire la disponibilit\u00e0 del file quando lo caricano, oppure indica chi acceder\u00e0 al file. Tuttavia, la modifica delle propriet\u00e0 del file e l&#8217;aggiornamento della sua disponibilit\u00e0 possono essere gestiti solo se si \u00e8 un utente registrato, gratuito o premium. I dati possono essere gestiti in qualsiasi punto di My Files o attraverso File Detail. Inoltre, non \u00e8 possibile modificare le propriet\u00e0 di altri file pubblici e solo i propri file possono essere aggiornati da voi.<\/p>\n\n\n\n<h3>Foto non censurate e la sua sicurezza<\/h3>\n\n\n\n<p>Caricare alcuni file che non sono davvero visibili a tutti \u00e8 molto pericoloso. A volte pu\u00f2 essere un membro della famiglia o il vostro bambino che si diverte a fare il bagno, e di certo non volevate che questo trapelasse perch\u00e9 il mondo online \u00e8 davvero difficile di questi tempi.<\/p>\n\n\n\n<p>Nel caso in cui stiate memorizzando ricordi di foto che possono essere un allarme per altri occhi, dovreste sempre tenere a mente di privatizzare tutte le vostre cartelle e i vostri file. Proteggete il vostro file rendendo la vostra memoria protetta da una password. L&#8217;impostazione di una password \u00e8 altamente consigliata ogni volta che i vostri giovani sono parzialmente o interamente rivelati.<\/p>\n\n\n\n<h3>Caricamenti anonimi e relative restrizioni<\/h3>\n\n\n\n<p>S\u00ec, come gi\u00e0 discusso in precedenza, \u00e8 possibile utilizzare la piattaforma Uloz anche se non si \u00e8 connessi o registrati come utenti. Pertanto, il caricamento di file in forma anonima pu\u00f2 davvero avvenire. Anche se la direzione non raccomanda questo tipo di attivit\u00e0, soprattutto quando si caricano foto o video sensibili o personali. <\/p>\n\n\n\n<p>Il fatto \u00e8 che non sar\u00e0 possibile impostare i file caricati in uno privato. Perch\u00e9? Perch\u00e9 non hai alcun controllo su di esso perch\u00e9 non sei connesso. Potete impostare i vostri file solo su Pubblico e condividerli tramite un link. Ma in generale, non avete alcun controllo su dove vengono presi o spostati i vostri dati, perch\u00e9 \u00e8 come se aveste caricato un dato nello spazio libero. Nessun account significa anche nessuna memorizzazione. E una volta che hai perso il tuo link di condivisione, puoi perderlo completamente.<\/p>\n\n\n\n<p>Ciononostante, per le immagini e i video privati, il team Uloz sostiene eternamente la gestione con loro solo come account utente registrato che ha a disposizione alternative complete.<\/p>\n\n\n\n<h3>Controllo dell&#8217;et\u00e0: 18 anni Sotto o sopra<\/h3>\n\n\n\n<p>Vi chiederete perch\u00e9 il sistema ha bisogno di sapere se siete maggiorenni o meno. Anche se questo dettaglio \u00e8 altamente necessario per il sistema per impostare il contenuto di ci\u00f2 che vedrete. Per esempio, se hai 18 anni e il sistema sa che lo sei, \u00e8 probabile che non ti mostreranno mai una pubblicit\u00e0 su tabacco o alcolici e simili. Ecco perch\u00e9 sapere qual \u00e8 la vostra et\u00e0 limiter\u00e0 il sistema a mostrarvi contenuti irrilevanti. <\/p>\n\n\n\n<h3>Streaming video<\/h3>\n\n\n\n<p>I visitatori che volevano vedere i video caricati pubblicamente in Uloz possono essere riprodotti. Ma ci sono delle restrizioni, e se un video \u00e8 di 10 minuti pi\u00f9 lungo, non verr\u00e0 riprodotto. Sarebbe meglio se si \u00e8 connessi o registrati con i crediti per guardare video di dimensioni maggiori.<\/p>\n\n\n\n<h3>Caricamento<\/h3>\n\n\n\n<p>In genere \u00e8 possibile caricare dati fino a 18 GB. La dimensione maggiore dei dati caricati \u00e8 davvero limitata alla visualizzazione del browser. Si consiglia vivamente di dividere i file superiori a 18 GB in numerosi archivi pi\u00f9 brevi (come in WinRAR o WinZIP), poi si possono caricare questi file compressi. Gli upload da riga di comando possono essere utilizzati anche da utenti esperti.<\/p>\n\n\n\n<h3>Cancellazione file<\/h3>\n\n\n\n<p>Dopo aver caricato un dato, verranno visualizzati l&#8217;URL di download e anche un altro link per la cancellazione dei dati caricati.<\/p>\n\n\n\n<p>Se avete caricato un file come utente registrato o loggato, potete anche gestire i vostri dati e cancellare quello che volete. Se utilizzi il File Manager per caricare un file, ti consigliamo di aprire completamente il tuo account. In caso contrario, non sarete in grado di cancellare il file con successo. Potete contattare il team di supporto Uloz se tutte le opzioni non sono disponibili per voi. <\/p>\n\n\n\n<h2>Sommario<\/h2>\n\n\n\n<p>C&#8217;\u00e8 molto di pi\u00f9 da sapere su Uloz e potete controllare sul loro sito web. Con la piattaforma \u00e8 possibile condividere i file in modo semplice e veloce. Hanno anche lo streaming online, dove si pu\u00f2 godere di molti video caricati da altri utenti. \u00c8 davvero meglio avere dei crediti sul proprio account per un controllo completo dei propri file, scaricare molto velocemente, guardare video pi\u00f9 lunghi e molto altro ancora.<\/p>\n\n\n\n<h2>Riferimenti<\/h2>\n\n\n\n<p><a href=\"https:\/\/www.techopedia.com\/definition\/25310\/file-hosting-service\">https:\/\/www.techopedia.com\/definition\/25310\/file-hosting-service<\/a><br> <a href=\"https:\/\/www.computerhope.com\/jargon\/f\/fileshar.htm\">https:\/\/www.computerhope.com\/jargon\/f\/fileshar.htm<\/a><br> <a href=\"https:\/\/www.lifewire.com\/internet-streaming-how-it-works-1999513\">https:\/\/www.lifewire.com\/internet-streaming-how-it-works-1999513<\/a><br> <a href=\"https:\/\/whatis.techtarget.com\/definition\/video-streaming-service\">https:\/\/whatis.techtarget.com\/definition\/video-streaming-service<\/a><br> <a href=\"https:\/\/www.cloudflare.com\/learning\/performance\/what-is-streaming\/\">https:\/\/www.cloudflare.com\/learning\/performance\/what-is-streaming\/<\/a><\/p>\n\n\n<a class=\"maxbutton-2 maxbutton maxbutton-cta\" target=\"_blank\" rel=\"nofollow noopener\" href=\"\/go\/\"><span class='mb-text'>&gt;&gt; Vai al sito web originale di Linkifier<\/span><\/a>\n\n\n<p><\/p>\n","protected":false},"excerpt":{"rendered":"<p>Che cos&#8217;\u00e8 Uloz? Uloz \u00e8 considerata la pi\u00f9 grande rete di cloud storage ceco. Con Uloz, gli individui che non<\/p>\n","protected":false},"author":2,"featured_media":0,"parent":0,"menu_order":0,"comment_status":"closed","ping_status":"closed","template":"","meta":[],"yoast_head":"<!-- This site is optimized with the Yoast SEO plugin v18.3 - https:\/\/yoast.com\/wordpress\/plugins\/seo\/ -->\n<title>Uloz Premium Conto: Il Filehoster In Sintesi<\/title>\n<meta name=\"description\" content=\"Se Uloz \u00e8 un fornitore affidabile o no, potete trovare la risposta nel test in corso su Multihoster.org \u279c Cliccate ora \u271a per leggere le nostre esperienze!\" \/>\n<meta name=\"robots\" content=\"index, follow, max-snippet:-1, max-image-preview:large, max-video-preview:-1\" \/>\n<link rel=\"canonical\" href=\"https:\/\/multihoster.org\/it\/uloz\/\" \/>\n<meta property=\"og:locale\" content=\"it_IT\" \/>\n<meta property=\"og:type\" content=\"article\" \/>\n<meta property=\"og:title\" content=\"Uloz Premium Conto: Il Filehoster In Sintesi\" \/>\n<meta property=\"og:description\" content=\"Se Uloz \u00e8 un fornitore affidabile o no, potete trovare la risposta nel test in corso su Multihoster.org \u279c Cliccate ora \u271a per leggere le nostre esperienze!\" \/>\n<meta property=\"og:url\" content=\"https:\/\/multihoster.org\/it\/uloz\/\" \/>\n<meta property=\"og:site_name\" content=\"Multihoster.org\" \/>\n<meta property=\"article:modified_time\" content=\"2020-03-31T09:21:24+00:00\" \/>\n<meta property=\"og:image\" content=\"https:\/\/lh5.googleusercontent.com\/DSso4_iy_x8XL-_Dzwlt3-uz1hpxM25zgpxOGdudM89UryFHdWhEDp_vTHuLAD9ofIDr1yF2225Bjq9DnvEk07QdYZhSxKxox3O0Ny7-KmqOcc0zMTUJi8_3tuxh82T5GK0o3oU\" \/>\n<meta name=\"twitter:card\" content=\"summary\" \/>\n<meta name=\"twitter:label1\" content=\"Tempo di lettura stimato\" \/>\n\t<meta name=\"twitter:data1\" content=\"9 minuti\" \/>\n<script type=\"application\/ld+json\" class=\"yoast-schema-graph\">{\"@context\":\"https:\/\/schema.org\",\"@graph\":[{\"@type\":\"WebSite\",\"@id\":\"https:\/\/multihoster.org\/#website\",\"url\":\"https:\/\/multihoster.org\/\",\"name\":\"Multihoster.org\",\"description\":\"Reviews of the major Filehosting services\",\"potentialAction\":[{\"@type\":\"SearchAction\",\"target\":{\"@type\":\"EntryPoint\",\"urlTemplate\":\"https:\/\/multihoster.org\/?s={search_term_string}\"},\"query-input\":\"required name=search_term_string\"}],\"inLanguage\":\"it-IT\"},{\"@type\":\"ImageObject\",\"@id\":\"https:\/\/multihoster.org\/it\/uloz\/#primaryimage\",\"inLanguage\":\"it-IT\",\"url\":\"https:\/\/lh5.googleusercontent.com\/DSso4_iy_x8XL-_Dzwlt3-uz1hpxM25zgpxOGdudM89UryFHdWhEDp_vTHuLAD9ofIDr1yF2225Bjq9DnvEk07QdYZhSxKxox3O0Ny7-KmqOcc0zMTUJi8_3tuxh82T5GK0o3oU\",\"contentUrl\":\"https:\/\/lh5.googleusercontent.com\/DSso4_iy_x8XL-_Dzwlt3-uz1hpxM25zgpxOGdudM89UryFHdWhEDp_vTHuLAD9ofIDr1yF2225Bjq9DnvEk07QdYZhSxKxox3O0Ny7-KmqOcc0zMTUJi8_3tuxh82T5GK0o3oU\"},{\"@type\":\"WebPage\",\"@id\":\"https:\/\/multihoster.org\/it\/uloz\/#webpage\",\"url\":\"https:\/\/multihoster.org\/it\/uloz\/\",\"name\":\"Uloz Premium Conto: Il Filehoster In Sintesi\",\"isPartOf\":{\"@id\":\"https:\/\/multihoster.org\/#website\"},\"primaryImageOfPage\":{\"@id\":\"https:\/\/multihoster.org\/it\/uloz\/#primaryimage\"},\"datePublished\":\"2020-03-30T15:51:09+00:00\",\"dateModified\":\"2020-03-31T09:21:24+00:00\",\"description\":\"Se Uloz \u00e8 un fornitore affidabile o no, potete trovare la risposta nel test in corso su Multihoster.org \u279c Cliccate ora \u271a per leggere le nostre esperienze!\",\"breadcrumb\":{\"@id\":\"https:\/\/multihoster.org\/it\/uloz\/#breadcrumb\"},\"inLanguage\":\"it-IT\",\"potentialAction\":[{\"@type\":\"ReadAction\",\"target\":[\"https:\/\/multihoster.org\/it\/uloz\/\"]}]},{\"@type\":\"BreadcrumbList\",\"@id\":\"https:\/\/multihoster.org\/it\/uloz\/#breadcrumb\",\"itemListElement\":[{\"@type\":\"ListItem\",\"position\":1,\"name\":\"Startseite\",\"item\":\"https:\/\/multihoster.org\/it\/\"},{\"@type\":\"ListItem\",\"position\":2,\"name\":\"Uloz Premium Conto: Il Filehoster In Sintesi\"}]}]}<\/script>\n<!-- \/ Yoast SEO plugin. -->","yoast_head_json":{"title":"Uloz Premium Conto: Il Filehoster In Sintesi","description":"Se Uloz \u00e8 un fornitore affidabile o no, potete trovare la risposta nel test in corso su Multihoster.org \u279c Cliccate ora \u271a per leggere le nostre esperienze!","robots":{"index":"index","follow":"follow","max-snippet":"max-snippet:-1","max-image-preview":"max-image-preview:large","max-video-preview":"max-video-preview:-1"},"canonical":"https:\/\/multihoster.org\/it\/uloz\/","og_locale":"it_IT","og_type":"article","og_title":"Uloz Premium Conto: Il Filehoster In Sintesi","og_description":"Se Uloz \u00e8 un fornitore affidabile o no, potete trovare la risposta nel test in corso su Multihoster.org \u279c Cliccate ora \u271a per leggere le nostre esperienze!","og_url":"https:\/\/multihoster.org\/it\/uloz\/","og_site_name":"Multihoster.org","article_modified_time":"2020-03-31T09:21:24+00:00","og_image":[{"url":"https:\/\/lh5.googleusercontent.com\/DSso4_iy_x8XL-_Dzwlt3-uz1hpxM25zgpxOGdudM89UryFHdWhEDp_vTHuLAD9ofIDr1yF2225Bjq9DnvEk07QdYZhSxKxox3O0Ny7-KmqOcc0zMTUJi8_3tuxh82T5GK0o3oU"}],"twitter_card":"summary","twitter_misc":{"Tempo di lettura stimato":"9 minuti"},"schema":{"@context":"https:\/\/schema.org","@graph":[{"@type":"WebSite","@id":"https:\/\/multihoster.org\/#website","url":"https:\/\/multihoster.org\/","name":"Multihoster.org","description":"Reviews of the major Filehosting services","potentialAction":[{"@type":"SearchAction","target":{"@type":"EntryPoint","urlTemplate":"https:\/\/multihoster.org\/?s={search_term_string}"},"query-input":"required name=search_term_string"}],"inLanguage":"it-IT"},{"@type":"ImageObject","@id":"https:\/\/multihoster.org\/it\/uloz\/#primaryimage","inLanguage":"it-IT","url":"https:\/\/lh5.googleusercontent.com\/DSso4_iy_x8XL-_Dzwlt3-uz1hpxM25zgpxOGdudM89UryFHdWhEDp_vTHuLAD9ofIDr1yF2225Bjq9DnvEk07QdYZhSxKxox3O0Ny7-KmqOcc0zMTUJi8_3tuxh82T5GK0o3oU","contentUrl":"https:\/\/lh5.googleusercontent.com\/DSso4_iy_x8XL-_Dzwlt3-uz1hpxM25zgpxOGdudM89UryFHdWhEDp_vTHuLAD9ofIDr1yF2225Bjq9DnvEk07QdYZhSxKxox3O0Ny7-KmqOcc0zMTUJi8_3tuxh82T5GK0o3oU"},{"@type":"WebPage","@id":"https:\/\/multihoster.org\/it\/uloz\/#webpage","url":"https:\/\/multihoster.org\/it\/uloz\/","name":"Uloz Premium Conto: Il Filehoster In Sintesi","isPartOf":{"@id":"https:\/\/multihoster.org\/#website"},"primaryImageOfPage":{"@id":"https:\/\/multihoster.org\/it\/uloz\/#primaryimage"},"datePublished":"2020-03-30T15:51:09+00:00","dateModified":"2020-03-31T09:21:24+00:00","description":"Se Uloz \u00e8 un fornitore affidabile o no, potete trovare la risposta nel test in corso su Multihoster.org \u279c Cliccate ora \u271a per leggere le nostre esperienze!","breadcrumb":{"@id":"https:\/\/multihoster.org\/it\/uloz\/#breadcrumb"},"inLanguage":"it-IT","potentialAction":[{"@type":"ReadAction","target":["https:\/\/multihoster.org\/it\/uloz\/"]}]},{"@type":"BreadcrumbList","@id":"https:\/\/multihoster.org\/it\/uloz\/#breadcrumb","itemListElement":[{"@type":"ListItem","position":1,"name":"Startseite","item":"https:\/\/multihoster.org\/it\/"},{"@type":"ListItem","position":2,"name":"Uloz Premium Conto: Il Filehoster In Sintesi"}]}]}},"_links":{"self":[{"href":"https:\/\/multihoster.org\/it\/wp-json\/wp\/v2\/pages\/2995"}],"collection":[{"href":"https:\/\/multihoster.org\/it\/wp-json\/wp\/v2\/pages"}],"about":[{"href":"https:\/\/multihoster.org\/it\/wp-json\/wp\/v2\/types\/page"}],"author":[{"embeddable":true,"href":"https:\/\/multihoster.org\/it\/wp-json\/wp\/v2\/users\/2"}],"replies":[{"embeddable":true,"href":"https:\/\/multihoster.org\/it\/wp-json\/wp\/v2\/comments?post=2995"}],"version-history":[{"count":2,"href":"https:\/\/multihoster.org\/it\/wp-json\/wp\/v2\/pages\/2995\/revisions"}],"predecessor-version":[{"id":3015,"href":"https:\/\/multihoster.org\/it\/wp-json\/wp\/v2\/pages\/2995\/revisions\/3015"}],"wp:attachment":[{"href":"https:\/\/multihoster.org\/it\/wp-json\/wp\/v2\/media?parent=2995"}],"curies":[{"name":"wp","href":"https:\/\/api.w.org\/{rel}","templated":true}]}}