{"id":3030,"date":"2020-03-31T11:27:13","date_gmt":"2020-03-31T11:27:13","guid":{"rendered":"https:\/\/multihoster.org\/fastshare-premium-account-the-filehoster-at-a-glance\/"},"modified":"2020-03-31T15:14:13","modified_gmt":"2020-03-31T15:14:13","slug":"fastshare","status":"publish","type":"page","link":"https:\/\/multihoster.org\/it\/fastshare\/","title":{"rendered":"FastShare Premium Conto: Il Filehoster In Sintesi"},"content":{"rendered":"<a class=\"maxbutton-2 maxbutton maxbutton-cta\" target=\"_blank\" rel=\"nofollow noopener\" href=\"\/go\/\"><span class='mb-text'>&gt;&gt; Vai al sito web originale di Linkifier<\/span><\/a>\n\n\n<p><\/p>\n\n\n\n<h2>Informazioni su FastShare<\/h2>\n\n\n\n<figure class=\"wp-block-image\"><img src=\"https:\/\/lh5.googleusercontent.com\/qkSKbflSi_69f0YXAUWBrRmR7tMHNjLfpjTJxJhSPoozavL_4PZ37Jn5-G489WpO-S7Eqa4GCPa8EvioRruH3MDRss6xfnZA3GJqfBO9pYXytWHDPRjlxnBxbFqWNsmav1kbYM8\" alt=\"FastShare Logo\"\/><\/figure>\n\n\n\n<h3>Cosa offre FastShare?<\/h3>\n\n\n\n<p>FastShare \u00e8 uno dei siti di file hosting pi\u00f9 veloci e offre i seguenti vantaggi agli utenti.<\/p>\n\n\n\n<figure class=\"wp-block-image\"><img src=\"https:\/\/lh3.googleusercontent.com\/H5_-8YfL8c9JkU2IWw3jxc-yX990JcAtCd27N6cjM2wg8919yYWhCWbChmwy_bU9g1lcLtyl2tivZSRJFtPBwvtT7Mh3L0-EwfzkQl1p40Bd1_SfdcyQNKdJ0SQTb_Ulc7kYoWo\" alt=\"FastShare Benefits\"\/><\/figure>\n\n\n\n<figure class=\"wp-block-table\"><table class=\"\"><tbody><tr><td>Il conto Premium FastShare<\/td><\/tr><tr><td>Numero di mesi:<\/td><td>1<\/td><td>3<\/td><td>12<\/td><\/tr><tr><td>Prezzo in CZK:<\/td><td>99<\/td><td>279<br><\/td><td>699<\/td><\/tr><tr><td>Scarica Limite:<\/td><td>illimitato<\/td><td>illimitato<\/td><td>illimitato<\/td><\/tr><tr><td>        Avail Now! &lt;&lt;    <\/td><\/tr><\/tbody><\/table><\/figure>\n\n\n\n<h3>Opzioni di pagamento<\/h3>\n\n\n\n<figure class=\"wp-block-table\"><table class=\"\"><tbody><tr><td>Morsetti SAZKA <\/td><td>SMS o messaggio di testo<\/td><\/tr><tr><td>Bonifico bancario (opzione migliore)<\/td><td>Bitcoin (Indirizzo del portafoglio digitale)<\/td><\/tr><tr><td>Carte di credito &#8211; VISA o Mastercard (opzione pi\u00f9 veloce)<\/td><\/tr><\/tbody><\/table><\/figure>\n\n\n\n<p>*Se un utente non riceve l&#8217;account Premium di FastShare, pu\u00f2 inviare la ricevuta di pagamento a FastShare via e-mail (info@fastshare.com) per rintracciarlo. Non ho ricevuto un pagamento Bitcoin.<\/p>\n\n\n\n<h3>Installazione del software FastShare<\/h3>\n\n\n\n<h4>Software FastShare per PC<\/h4>\n\n\n\n<p>Per installare il software FastShare, l&#8217;utente deve andare sul proprio sito di download e scegliere la versione FastShare adatta al proprio dispositivo.<\/p>\n\n\n\n<p>Versioni FastShare:<\/p>\n\n\n\n<figure class=\"wp-block-table\"><table class=\"\"><tbody><tr><td>Versione n.:<\/td><td>v2.4.0<\/td><td>V2.3.1<\/td><\/tr><tr><td>Dimensioni:<\/td><td>6.2 MB<\/td><td>6.2 MB<\/td><\/tr><tr><td>        Installare ora! &lt;&lt;    <\/td><\/tr><\/tbody><\/table><\/figure>\n\n\n\n<p>Avete un problema con l&#8217;installazione del software FastShare? <\/p>\n\n\n\n<p>&#8220;Windows ha protetto il vostro computer&#8221; <\/p>\n\n\n\n<p>Quando sul dispositivo di un utente appare il messaggio &#8220;Windows ha protetto il computer&#8221; durante l&#8217;installazione dell&#8217;utente deve cliccare sul link &#8220;Ulteriori informazioni&#8221; per visualizzarne i dettagli o cliccare sul pulsante &#8220;Esegui a distanza&#8221; per passare semplicemente a questo messaggio.<\/p>\n\n\n\n<p>FastShare \u00e8 un software sicuro, quindi non c&#8217;\u00e8 bisogno di preoccuparsi del messaggio che appare durante l&#8217;installazione.<\/p>\n\n\n\n<h4>Applicazione FastShare per cellulari (Android)<\/h4>\n\n\n\n<p>FastShare ha anche un&#8217;applicazione per gli utenti di telefonia mobile. <\/p>\n\n\n\n<p>Le capacit\u00e0 dell&#8217;applicazione mobile FastShare:<\/p>\n\n\n\n<ul><li>Ricerca di file<\/li><li> Scaricamento di file<\/li><li> Salvataggio di file, e molti altri<\/li><\/ul>\n\n\n\n<p>Un utente pu\u00f2 ottenere l&#8217;applicazione FastShare per cellulari Android tramite Google Play. L&#8217;applicazione FastShare \u00e8 gratuita, quindi \u00e8 possibile ottenerla subito!<\/p>\n\n\n\n<h2>Conto utente su FastShare<\/h2>\n\n\n\n<p>La registrazione su FastShare \u00e8 molto veloce! Non ci vorranno uno o due minuti per registrarsi.<\/p>\n\n\n\n<figure class=\"wp-block-image\"><img src=\"https:\/\/lh4.googleusercontent.com\/JCmkkXGYq6M5MBuEioAbmYcWCvdIFHDcsUbutflUqDx2aIBk1IgWASzfDnYn-IZLva95PbBft-qtw7e_oMWW3Yjp_PeQlguYWzypkb-soc1LkwO_gBuVqhJWRZKm7x_nJSJ8E5k\" alt=\"FastShare Registration via FB\"\/><\/figure>\n\n\n\n<p>Affinch\u00e9 un utente possa avere un account su FastShare, deve essere registrato prima sul modulo di registrazione di FastShare. Un utente pu\u00f2 anche registrarsi collegando FastShare al suo account Facebook.<\/p>\n\n\n\n<figure class=\"wp-block-image\"><img src=\"https:\/\/lh4.googleusercontent.com\/lxHoUuNgqyknh53L9BMVkjZcpfM6elXfCu0WYskezCJi1Brl0Zyho0FDBqLGVVrcbheKSuo7EQgAW6Qz8H2zRUM2aAaKEjoEoAGJSVXq7tDA_4Jy6qTGDj0O23g7-j1QbipZ9rA\" alt=\"FastShare Eye Button for Passwords\"\/><\/figure>\n\n\n\n<p>Per vedere la password quando si digita, fare clic sul pulsante dell&#8217;occhio per visualizzarla.  Se questo pulsante a occhio \u00e8 disabilitato, la password digitata mostrer\u00e0 solo punti per nasconderla, come l&#8217;immagine qui sotto.<\/p>\n\n\n\n<figure class=\"wp-block-image\"><img src=\"https:\/\/lh5.googleusercontent.com\/EmBpWnXwW38P5T9zxHWxySFD6maxFRhIQIQHEYHCK1gisI_mbutqjS-SqJ_1qQjHk2jcrzPrWEpSEPED4QwQPsUHJyqUU8n7OdOvKmLMdwC1fs-b4OeI_XLQf1JfJULEsYVCANg\" alt=\"Hide the password\"\/><\/figure>\n\n\n\n<figure class=\"wp-block-image\"><img src=\"https:\/\/lh6.googleusercontent.com\/3hdQHwq_zqcaiWLlPLS7WnSA1UyVsc6lbEYzochMrgVk0bpjSGbedTb4rogStwYYneBnv27wtqv0TyCthxfp6cvIxUi2fjkxcIZ2dZuBryChvJwTCGJfebXu_HW4YcrGmsHWMaA\" alt=\"Show the password\"\/><\/figure>\n\n\n\n<p> or <\/p>\n\n\n\n<h3>Accedi a FastShare<\/h3>\n\n\n\n<figure class=\"wp-block-image\"><img src=\"https:\/\/lh3.googleusercontent.com\/W2tDWJXjxzjf4kaE_taLx8udmUlJ0YbzC4TQZJHkOsUCRVZGYe0VGiYEGOH253dprxMm-_IYRNbdNGmdlktqtVT-_8FwdM5qqqRzdugrEpfKQ1qu8T1hlnESQV9thprT7Pe8A7A\" alt=\"FastShare Login\"\/><\/figure>\n\n\n\n<p>Per accedere, un utente deve inserire il suo nome utente o la sua e-mail e la password per FastShare.<\/p>\n\n\n\n<figure class=\"wp-block-image\"><img src=\"https:\/\/lh3.googleusercontent.com\/W2tDWJXjxzjf4kaE_taLx8udmUlJ0YbzC4TQZJHkOsUCRVZGYe0VGiYEGOH253dprxMm-_IYRNbdNGmdlktqtVT-_8FwdM5qqqRzdugrEpfKQ1qu8T1hlnESQV9thprT7Pe8A7A\" alt=\"FastShare Login via FB\"\/><\/figure>\n\n\n\n<p>Un utente pu\u00f2 anche effettuare il login utilizzando il suo account Facebook. Basta cliccare su questo pulsante sulla pagina di accesso FastShare \u2192 <\/p>\n\n\n\n<p>Se un utente vuole cambiare la sua password o la sua e-mail, pu\u00f2 impostarne una nuova nella pagina Il mio account di FastShare.<\/p>\n\n\n\n<p>Cosa succede se un utente ha dimenticato la password del suo account?<\/p>\n\n\n\n<figure class=\"wp-block-image\"><img src=\"https:\/\/lh4.googleusercontent.com\/cXG7DGoNczbXRjA_l55kn9U5md-565qc3clyh84kVTZawzVs-22vL58SGcT9z5FqpqPi7FzgpIqtgPQqWiGWtTMvQwa9n5LKbKSWf59OEVPZgwGzTdc0Twm6tdfDLJQ8CupfcGc\" alt=\"FastShare Forgot Password\"\/><\/figure>\n\n\n\n<p>Soluzione:  Se un utente non riesce pi\u00f9 a ricordare la sua password, il Reset Password \u00e8 il modo migliore per farlo. Cliccare sulla &#8220;PASSWORD DIMENTICATA&#8221; per procedere. Un utente deve inserire la sua email registrata su FastShare per modificare la password dell&#8217;account nella pagina Password dimenticata. Cliccate su &#8220;Invia password&#8221;, perch\u00e9 FastShare invii la nuova password temporanea alla sua email per aprire l&#8217;account dell&#8217;utente. Se un utente non riceve la nuova password, inviare un messaggio a FastShare.<\/p>\n\n\n\n<h2>LinkChecker di FastShare<\/h2>\n\n\n\n<figure class=\"wp-block-image\"><img src=\"https:\/\/lh3.googleusercontent.com\/5rKZY9pT7Z1o09V1OkAQ0S0dhL0cwf9Z6QU08G6vnXywTUN310hRYyGlBLAb8NeFqGOxbNfW5q7nqo6puRmbtaxObHSYZRyI80k7mdLcUa7aLQR_P8DgWYE5D8-Z-KjtkTZ_QYs\" alt=\"FastShare LinkChecker\"\/><\/figure>\n\n\n\n<p>FastShare dispone di LinkChecker per verificare se il file che l&#8217;utente sta cercando \u00e8 ancora disponibile.<\/p>\n\n\n<a class=\"maxbutton-2 maxbutton maxbutton-cta\" target=\"_blank\" rel=\"nofollow noopener\" href=\"\/go\/\"><span class='mb-text'>&gt;&gt; Vai al sito web originale di Linkifier<\/span><\/a>\n\n\n<p><\/p>\n\n\n\n<h2>Come caricare un file su FastShare?<\/h2>\n\n\n\n<p>Per caricare uno o pi\u00f9 file, un utente o un ospite deve cliccare sul pulsante &#8220;Seleziona file&#8221; e selezionare il file o i file che si desidera caricare su FastShare dal proprio dispositivo. Dopo aver selezionato il file o i file, FastShare effettuer\u00e0 automaticamente il caricamento per un utente.<\/p>\n\n\n\n<p>Al momento del caricamento, un utente o un ospite pu\u00f2 annullare il processo di caricamento, basta cliccare su &#8220;Annulla caricamento&#8221;, poi FastShare interromper\u00e0 il caricamento del file o dei file. <\/p>\n\n\n\n<p>Un utente o un ospite pu\u00f2 selezionare la casella &#8220;Tutti i file hanno un contenuto erotico&#8221; se il file che ha caricato contiene contenuti sessuali.<\/p>\n\n\n\n<figure class=\"wp-block-image\"><img src=\"https:\/\/lh4.googleusercontent.com\/xv3EHmOnLHODJXoQHHKCUOvB9nTNYQgQpmQjnnB3WbdRs9GLzisMVs0NXJDbaUpFaS2oPYGTFC65otQFpqqCchxCEMQ3FHOiBLLn82HMJ2kdH6W07Pt_WvJlmI83hGyrdGz6w1w\" alt=\"Upload Files on FastShare\"\/><\/figure>\n\n\n\n<p>Se un utente vuole caricare il suo o i suoi file sul suo account FastShare, deve prima effettuare il login al suo account. Un utente pu\u00f2 caricare uno o pi\u00f9 file utilizzando il Download o Upload Manager di FastShare e pu\u00f2 caricare un file con le sue dimensioni di trenta gigabyte (30 GB). Un utente pu\u00f2 anche caricare file o file utilizzando un browser web, ma pu\u00f2 caricare solo fino a due gigabyte (2 GB) della dimensione di un file.<\/p>\n\n\n\n<p>I file finiti di caricamento saranno visualizzati nella lista dei file caricati di FastShare. (Si prega di vedere l&#8217;immagine qui sotto).<\/p>\n\n\n\n<figure class=\"wp-block-image\"><img src=\"https:\/\/lh4.googleusercontent.com\/IX0JvdbpbHZiVku6NyFKEOuFr7pBRWSv4c5eQIUqxWPNWNK01IKy9EgHKLj_mCjmyMXce513ITIIlnL_spjFhDdl4fOWS2z29u-uyMdgFVRO9gfqHnU7mMpqjBCsBEWOtaFrlLw\" alt=\"Uploaded Files List\"\/><\/figure>\n\n\n\n<p>Un utente pu\u00f2 anche guadagnare caricando il suo o i suoi file. Pi\u00f9 persone scaricano i file caricati, pi\u00f9 un utente (uploader di file) pu\u00f2 guadagnare. Un utente pu\u00f2 condividere i link dei suoi file per diffonderli in tutto il mondo, ad esempio su blog, siti di forum, siti di social media, video blog e altri.<\/p>\n\n\n\n<p>Un utente ricever\u00e0 quindici centesimi di dollaro ($ 0,15) per ogni gigabyte (1GB) scaricato dei suoi file caricati. Per questo, FastShare eroga il pagamento ogni luned\u00ec della settimana fino a cento cechi (100 CZK) tramite bonifico bancario o bancario o tramite l&#8217;indirizzo del portafoglio Bitcoin.<\/p>\n\n\n\n<p>Allora, vuoi caricare ora?  Vai su FastShare ora e guadagna! \u2192 <\/p>\n\n\n\n<h2>Ordinamento di FastShare<\/h2>\n\n\n\n<figure class=\"wp-block-image\"><img src=\"https:\/\/lh4.googleusercontent.com\/wiVWpm0Htzv9nb_B40t3sb0eG-FzBunTfN10vYrG2jik78YRGzoqGyzZXeJgk5Q-G1Z6qb6Ank5VOok0Vr0z33v-PokXBOHkUkIf3MfigyItVhvJdkuW5ykA1GmvkGAP4TURGbk\" alt=\"FastShare Sorting files\"\/><\/figure>\n\n\n\n<p>I file vengono ordinati in base a diversi ordini.<\/p>\n\n\n\n<p>1. Pertinenza<\/p>\n\n\n\n<ul><li>I file sono ordinati in base a quale \u00e8 pi\u00f9 probabile che siano collegati alla richiesta dell&#8217;utente inserita nella casella di ricerca. I file pi\u00f9 rilevanti o pi\u00f9 correlati saranno mostrati nella prima pagina della ricerca.<\/li><\/ul>\n\n\n\n<p>2. Dal pi\u00f9 grande<\/p>\n\n\n\n<ul><li>Se un file ha una dimensione grande, allora sar\u00e0 in cima alla lista da visualizzare nella pagina di ricerca. I file saranno ordinati dalla dimensione pi\u00f9 grande a quella pi\u00f9 piccola.<\/li><\/ul>\n\n\n\n<p>3. Dal pi\u00f9 piccolo<\/p>\n\n\n\n<ul><li>Se un file ha una dimensione ridotta, allora sar\u00e0 in cima alla lista da visualizzare nella pagina di ricerca. I file saranno ordinati dalla dimensione pi\u00f9 piccola a quella pi\u00f9 grande.<\/li><\/ul>\n\n\n\n<p>4. I pi\u00f9 scaricati<\/p>\n\n\n\n<ul><li>Files will be sorted from the largest to the smallest number of downloads. If a file gets more download times, it will be displayed at the top of the list. <\/li><\/ul>\n\n\n\n<p>5. Ultime notizie<\/p>\n\n\n\n<ul><li>Il file con la data pi\u00f9 recente caricata verr\u00e0 mostrato nella prima pagina della ricerca.<\/li><\/ul>\n\n\n\n<p>6. Punteggio<\/p>\n\n\n\n<ul><li>In FastShare, un utente o un ospite pu\u00f2 valutare un file. I file saranno ordinati dal punteggio pi\u00f9 alto al pi\u00f9 basso. Se un file ha il punteggio pi\u00f9 alto, allora sar\u00e0 in cima alla lista da visualizzare nella pagina di ricerca. <\/li><\/ul>\n\n\n\n<h2>Scarica su FastShare<\/h2>\n\n\n\n<h3>Come scaricare un file?<\/h3>\n\n\n\n<p>Un utente pu\u00f2 scaricare un file su FastShare utilizzando un browser web e utilizzando il Download o Upload Manager del software FastShare o dell&#8217;applicazione mobile. Un utente che ha un account Premium FastShare pu\u00f2 scaricare i file molte volte perch\u00e9 l&#8217;account Premium FastShare supporta il numero illimitato di download di file.<\/p>\n\n\n\n<p>Il file scaricato verr\u00e0 visualizzato su FastShare con i seguenti dettagli:<\/p>\n\n\n\n<ul><li>Dimensione del file<\/li><li> Tipo di file<\/li><li> Qualit\u00e0 o risoluzione video<\/li><li> Titolo del file<\/li><li> Data di caricamento<\/li><li> Durata del file<\/li><li> <a rel=\"noreferrer noopener\" aria-label=\"Codec  (opens in a new tab)\" href=\"https:\/\/www.merriam-webster.com\/dictionary\/codec\" target=\"_blank\">Codec <\/a>file, Bitrate, Framerate, Codec audio e canali<\/li><\/ul>\n\n\n\n<h3>Non \u00e8 possibile scaricare un file?<\/h3>\n\n\n\n<p>Se un utente non \u00e8 in grado di scaricare un file, qui di seguito sono riportati i motivi.<\/p>\n\n\n\n<p>1. Controllare le impostazioni del <a rel=\"noreferrer noopener\" aria-label=\"firewall (opens in a new tab)\" href=\"https:\/\/www.webopedia.com\/TERM\/F\/firewall.html\" target=\"_blank\">firewall<\/a>, dell&#8217;antivirus e della rete del dispositivo dell&#8217;utente, perch\u00e9 queste cose possono interrompere o bloccare la connessione per il download dal sito.<\/p>\n\n\n\n<p>2. Gli utenti possono raggiungere FastShare per chiedere aiuto sulla pagina dei contatti di FastShare o via e-mail (info@fastshare.com).<\/p>\n\n\n\n<h2>Cancellare un file su FastShare<\/h2>\n\n\n\n<p>L&#8217;eliminazione di uno o pi\u00f9 file su FastShare \u00e8 molto semplice. Un utente deve solo inviare una richiesta di cancellazione di uno o pi\u00f9 file a FastShare. Per inviare una richiesta di cancellazione, un utente deve copiare il link del file e incollarlo nella casella di messaggio del modulo di contatto di FastShare. Successivamente, sar\u00e0 il team di FastShare a gestire la cancellazione del file o dei file di un utente.<\/p>\n\n\n\n<p>FastShare canceller\u00e0 il file o il file solo se e solo se il proprietario del copyright ne ha richiesto la cancellazione. Non eseguono la procedura di cancellazione a meno che non venga richiesta.<\/p>\n\n\n\n<h2>Commentare i file FastShare<\/h2>\n\n\n\n<p>Qualsiasi utente di FastShare (FastShare Free o FastShare Premium Account) pu\u00f2 aggiungere e inviare un commento per qualsiasi file caricato sul proprio sito, se ha qualcosa da dire o da chiedere sul file o sull&#8217;uploader del file.<\/p>\n\n\n\n<h2>Il programma di affiliazione di FastShare<\/h2>\n\n\n\n<p>Un utente pu\u00f2 guadagnare denaro con il Programma di affiliazione di FastShare. Questo \u00e8 anche chiamato &#8220;Programma Partner&#8221;.<\/p>\n\n\n\n<p>Per guadagnare soldi, un utente deve solo raccomandare il sito o l&#8217;applicazione FastShare. Un utente (inviter o recommender) pu\u00f2 ottenere il cinquanta per cento (50%) di tutti i pagamenti effettuati dai suoi inviti. Ogni persona che ha invitato deve essere registrata con successo ed aver acquistato qualsiasi piano di FastShare, perch\u00e9 FastShare paghi l&#8217;utente che lo ha raccomandato o invitato.<\/p>\n\n\n\n<p>FastShare paga ogni primo giorno della settimana che \u00e8 il luned\u00ec, se e solo se la commissione dell&#8217;utente supera i duecento cechi (200 CZK).<\/p>\n\n\n\n<p>Inoltre, un utente di FastShare otterr\u00e0 una <a rel=\"noreferrer noopener\" aria-label=\"commissione  (opens in a new tab)\" href=\"https:\/\/www.merriam-webster.com\/dictionary\/commission\" target=\"_blank\">commissione <\/a>aggiuntiva che \u00e8 del dieci per cento (10%), se una delle persone che ha invitato inizia a promuovere il sito o l&#8217;applicazione di FastShare.<br><\/p>\n\n\n\n<p>Un utente pu\u00f2 promuovere in qualsiasi modo desideri, come la condivisione sui social media, video blog, e-mail, blog, SMS o messaggi di testo, e altri.<\/p>\n\n\n\n<p>Come e quando un utente pu\u00f2 ricevere la sua commissione dal programma di affiliazione FastShare?<\/p>\n\n\n\n<p>Un utente deve solo inserire il suo numero di conto o l&#8217;indirizzo del portafoglio digitale per bitcoin o semplicemente il suo indirizzo BitCoin nell&#8217;elenco dei file della sua pagina Il mio conto su FastShare.<\/p>\n\n\n\n<p>Inoltre, se un utente vuole limitare i suoi pagamenti, pu\u00f2 impostare il limite di pagamento fino a cinquecento dollari (500 dollari).  Andate subito su FastShare e guadagnate! \u2192<\/p>\n\n\n<a class=\"maxbutton-2 maxbutton maxbutton-cta\" target=\"_blank\" rel=\"nofollow noopener\" href=\"\/go\/\"><span class='mb-text'>&gt;&gt; Vai al sito web originale di Linkifier<\/span><\/a>\n\n\n<p><\/p>\n","protected":false},"excerpt":{"rendered":"<p>Informazioni su FastShare Cosa offre FastShare? FastShare \u00e8 uno dei siti di file hosting pi\u00f9 veloci e offre i seguenti<\/p>\n","protected":false},"author":2,"featured_media":0,"parent":0,"menu_order":0,"comment_status":"closed","ping_status":"closed","template":"","meta":[],"yoast_head":"<!-- This site is optimized with the Yoast SEO plugin v18.3 - https:\/\/yoast.com\/wordpress\/plugins\/seo\/ -->\n<title>FastShare Premium Conto: Il Filehoster In Sintesi<\/title>\n<meta name=\"description\" content=\"FastShare \u00e8 un fornitore affidabile o no, potete trovare la risposta nel test in corso su Multihoster.org \u279c Cliccate ora \u271a per leggere le nostre esperienze!\" \/>\n<meta name=\"robots\" content=\"index, follow, max-snippet:-1, max-image-preview:large, max-video-preview:-1\" \/>\n<link rel=\"canonical\" href=\"https:\/\/multihoster.org\/it\/fastshare\/\" \/>\n<meta property=\"og:locale\" content=\"it_IT\" \/>\n<meta property=\"og:type\" content=\"article\" \/>\n<meta property=\"og:title\" content=\"FastShare Premium Conto: Il Filehoster In Sintesi\" \/>\n<meta property=\"og:description\" content=\"FastShare \u00e8 un fornitore affidabile o no, potete trovare la risposta nel test in corso su Multihoster.org \u279c Cliccate ora \u271a per leggere le nostre esperienze!\" \/>\n<meta property=\"og:url\" content=\"https:\/\/multihoster.org\/it\/fastshare\/\" \/>\n<meta property=\"og:site_name\" content=\"Multihoster.org\" \/>\n<meta property=\"article:modified_time\" content=\"2020-03-31T15:14:13+00:00\" \/>\n<meta property=\"og:image\" content=\"https:\/\/lh5.googleusercontent.com\/qkSKbflSi_69f0YXAUWBrRmR7tMHNjLfpjTJxJhSPoozavL_4PZ37Jn5-G489WpO-S7Eqa4GCPa8EvioRruH3MDRss6xfnZA3GJqfBO9pYXytWHDPRjlxnBxbFqWNsmav1kbYM8\" \/>\n<meta name=\"twitter:card\" content=\"summary\" \/>\n<meta name=\"twitter:label1\" content=\"Tempo di lettura stimato\" \/>\n\t<meta name=\"twitter:data1\" content=\"8 minuti\" \/>\n<script type=\"application\/ld+json\" class=\"yoast-schema-graph\">{\"@context\":\"https:\/\/schema.org\",\"@graph\":[{\"@type\":\"WebSite\",\"@id\":\"https:\/\/multihoster.org\/#website\",\"url\":\"https:\/\/multihoster.org\/\",\"name\":\"Multihoster.org\",\"description\":\"Reviews of the major Filehosting services\",\"potentialAction\":[{\"@type\":\"SearchAction\",\"target\":{\"@type\":\"EntryPoint\",\"urlTemplate\":\"https:\/\/multihoster.org\/?s={search_term_string}\"},\"query-input\":\"required name=search_term_string\"}],\"inLanguage\":\"it-IT\"},{\"@type\":\"ImageObject\",\"@id\":\"https:\/\/multihoster.org\/it\/fastshare\/#primaryimage\",\"inLanguage\":\"it-IT\",\"url\":\"https:\/\/lh5.googleusercontent.com\/qkSKbflSi_69f0YXAUWBrRmR7tMHNjLfpjTJxJhSPoozavL_4PZ37Jn5-G489WpO-S7Eqa4GCPa8EvioRruH3MDRss6xfnZA3GJqfBO9pYXytWHDPRjlxnBxbFqWNsmav1kbYM8\",\"contentUrl\":\"https:\/\/lh5.googleusercontent.com\/qkSKbflSi_69f0YXAUWBrRmR7tMHNjLfpjTJxJhSPoozavL_4PZ37Jn5-G489WpO-S7Eqa4GCPa8EvioRruH3MDRss6xfnZA3GJqfBO9pYXytWHDPRjlxnBxbFqWNsmav1kbYM8\"},{\"@type\":\"WebPage\",\"@id\":\"https:\/\/multihoster.org\/it\/fastshare\/#webpage\",\"url\":\"https:\/\/multihoster.org\/it\/fastshare\/\",\"name\":\"FastShare Premium Conto: Il Filehoster In Sintesi\",\"isPartOf\":{\"@id\":\"https:\/\/multihoster.org\/#website\"},\"primaryImageOfPage\":{\"@id\":\"https:\/\/multihoster.org\/it\/fastshare\/#primaryimage\"},\"datePublished\":\"2020-03-31T11:27:13+00:00\",\"dateModified\":\"2020-03-31T15:14:13+00:00\",\"description\":\"FastShare \u00e8 un fornitore affidabile o no, potete trovare la risposta nel test in corso su Multihoster.org \u279c Cliccate ora \u271a per leggere le nostre esperienze!\",\"breadcrumb\":{\"@id\":\"https:\/\/multihoster.org\/it\/fastshare\/#breadcrumb\"},\"inLanguage\":\"it-IT\",\"potentialAction\":[{\"@type\":\"ReadAction\",\"target\":[\"https:\/\/multihoster.org\/it\/fastshare\/\"]}]},{\"@type\":\"BreadcrumbList\",\"@id\":\"https:\/\/multihoster.org\/it\/fastshare\/#breadcrumb\",\"itemListElement\":[{\"@type\":\"ListItem\",\"position\":1,\"name\":\"Startseite\",\"item\":\"https:\/\/multihoster.org\/it\/\"},{\"@type\":\"ListItem\",\"position\":2,\"name\":\"FastShare Premium Conto: Il Filehoster In Sintesi\"}]}]}<\/script>\n<!-- \/ Yoast SEO plugin. -->","yoast_head_json":{"title":"FastShare Premium Conto: Il Filehoster In Sintesi","description":"FastShare \u00e8 un fornitore affidabile o no, potete trovare la risposta nel test in corso su Multihoster.org \u279c Cliccate ora \u271a per leggere le nostre esperienze!","robots":{"index":"index","follow":"follow","max-snippet":"max-snippet:-1","max-image-preview":"max-image-preview:large","max-video-preview":"max-video-preview:-1"},"canonical":"https:\/\/multihoster.org\/it\/fastshare\/","og_locale":"it_IT","og_type":"article","og_title":"FastShare Premium Conto: Il Filehoster In Sintesi","og_description":"FastShare \u00e8 un fornitore affidabile o no, potete trovare la risposta nel test in corso su Multihoster.org \u279c Cliccate ora \u271a per leggere le nostre esperienze!","og_url":"https:\/\/multihoster.org\/it\/fastshare\/","og_site_name":"Multihoster.org","article_modified_time":"2020-03-31T15:14:13+00:00","og_image":[{"url":"https:\/\/lh5.googleusercontent.com\/qkSKbflSi_69f0YXAUWBrRmR7tMHNjLfpjTJxJhSPoozavL_4PZ37Jn5-G489WpO-S7Eqa4GCPa8EvioRruH3MDRss6xfnZA3GJqfBO9pYXytWHDPRjlxnBxbFqWNsmav1kbYM8"}],"twitter_card":"summary","twitter_misc":{"Tempo di lettura stimato":"8 minuti"},"schema":{"@context":"https:\/\/schema.org","@graph":[{"@type":"WebSite","@id":"https:\/\/multihoster.org\/#website","url":"https:\/\/multihoster.org\/","name":"Multihoster.org","description":"Reviews of the major Filehosting services","potentialAction":[{"@type":"SearchAction","target":{"@type":"EntryPoint","urlTemplate":"https:\/\/multihoster.org\/?s={search_term_string}"},"query-input":"required name=search_term_string"}],"inLanguage":"it-IT"},{"@type":"ImageObject","@id":"https:\/\/multihoster.org\/it\/fastshare\/#primaryimage","inLanguage":"it-IT","url":"https:\/\/lh5.googleusercontent.com\/qkSKbflSi_69f0YXAUWBrRmR7tMHNjLfpjTJxJhSPoozavL_4PZ37Jn5-G489WpO-S7Eqa4GCPa8EvioRruH3MDRss6xfnZA3GJqfBO9pYXytWHDPRjlxnBxbFqWNsmav1kbYM8","contentUrl":"https:\/\/lh5.googleusercontent.com\/qkSKbflSi_69f0YXAUWBrRmR7tMHNjLfpjTJxJhSPoozavL_4PZ37Jn5-G489WpO-S7Eqa4GCPa8EvioRruH3MDRss6xfnZA3GJqfBO9pYXytWHDPRjlxnBxbFqWNsmav1kbYM8"},{"@type":"WebPage","@id":"https:\/\/multihoster.org\/it\/fastshare\/#webpage","url":"https:\/\/multihoster.org\/it\/fastshare\/","name":"FastShare Premium Conto: Il Filehoster In Sintesi","isPartOf":{"@id":"https:\/\/multihoster.org\/#website"},"primaryImageOfPage":{"@id":"https:\/\/multihoster.org\/it\/fastshare\/#primaryimage"},"datePublished":"2020-03-31T11:27:13+00:00","dateModified":"2020-03-31T15:14:13+00:00","description":"FastShare \u00e8 un fornitore affidabile o no, potete trovare la risposta nel test in corso su Multihoster.org \u279c Cliccate ora \u271a per leggere le nostre esperienze!","breadcrumb":{"@id":"https:\/\/multihoster.org\/it\/fastshare\/#breadcrumb"},"inLanguage":"it-IT","potentialAction":[{"@type":"ReadAction","target":["https:\/\/multihoster.org\/it\/fastshare\/"]}]},{"@type":"BreadcrumbList","@id":"https:\/\/multihoster.org\/it\/fastshare\/#breadcrumb","itemListElement":[{"@type":"ListItem","position":1,"name":"Startseite","item":"https:\/\/multihoster.org\/it\/"},{"@type":"ListItem","position":2,"name":"FastShare Premium Conto: Il Filehoster In Sintesi"}]}]}},"_links":{"self":[{"href":"https:\/\/multihoster.org\/it\/wp-json\/wp\/v2\/pages\/3030"}],"collection":[{"href":"https:\/\/multihoster.org\/it\/wp-json\/wp\/v2\/pages"}],"about":[{"href":"https:\/\/multihoster.org\/it\/wp-json\/wp\/v2\/types\/page"}],"author":[{"embeddable":true,"href":"https:\/\/multihoster.org\/it\/wp-json\/wp\/v2\/users\/2"}],"replies":[{"embeddable":true,"href":"https:\/\/multihoster.org\/it\/wp-json\/wp\/v2\/comments?post=3030"}],"version-history":[{"count":3,"href":"https:\/\/multihoster.org\/it\/wp-json\/wp\/v2\/pages\/3030\/revisions"}],"predecessor-version":[{"id":3087,"href":"https:\/\/multihoster.org\/it\/wp-json\/wp\/v2\/pages\/3030\/revisions\/3087"}],"wp:attachment":[{"href":"https:\/\/multihoster.org\/it\/wp-json\/wp\/v2\/media?parent=3030"}],"curies":[{"name":"wp","href":"https:\/\/api.w.org\/{rel}","templated":true}]}}