{"id":3139,"date":"2020-04-07T13:28:30","date_gmt":"2020-04-07T13:28:30","guid":{"rendered":"https:\/\/multihoster.org\/?page_id=3139"},"modified":"2020-05-29T13:46:41","modified_gmt":"2020-05-29T13:46:41","slug":"webshare","status":"publish","type":"page","link":"https:\/\/multihoster.org\/it\/webshare\/","title":{"rendered":"WebShare Premium Conto: Il Filehoster In Sintesi"},"content":{"rendered":"\n<div class=\"wp-block-image\"><figure class=\"aligncenter size-large\"><img loading=\"lazy\" width=\"337\" height=\"100\" src=\"https:\/\/multihoster.org\/wp-content\/uploads\/2020\/04\/webshare.png\" alt=\"\" class=\"wp-image-3125\" srcset=\"https:\/\/multihoster.org\/wp-content\/uploads\/2020\/04\/webshare.png 337w, https:\/\/multihoster.org\/wp-content\/uploads\/2020\/04\/webshare-300x89.png 300w\" sizes=\"(max-width: 337px) 100vw, 337px\" \/><\/figure><\/div>\n\n\n<a class=\"maxbutton-2 maxbutton maxbutton-cta\" target=\"_blank\" rel=\"nofollow noopener\" href=\"\/go\/\"><span class='mb-text'>&gt;&gt; Vai al sito web originale di Linkifier<\/span><\/a>\n\n\n<p><\/p>\n\n\n\n<h2>Che cos&#8217;\u00e8 la Webshare?<\/h2>\n\n\n\n<p>Webshare \u00e8 una piattaforma di cloud storage online che \u00e8 possibile utilizzare salvando diversi tipi di dati, tra cui immagini, musica, film, documenti, file compressi e altro ancora. Tutti i dati che state conservando e memorizzando saranno accessibili a voi ovunque andiate, in tutto il mondo. Pertanto, se avete bisogno di un file storage molto conveniente e affidabile, Webshare \u00e8 la piattaforma giusta per voi.<\/p>\n\n\n\n<figure class=\"wp-block-image\"><img src=\"https:\/\/lh3.googleusercontent.com\/FTuLvNkvS9rm_YkW9WzPyn54PGM_G44j4io1Xm9PjsowHHoj5ldYZ2ZdvdroAKv1QNwHEg34vsUwhn-H26ooVtQ4VscLe1cVcnHBUPjANDgmb_3efqZqslmxpkNCzb-ew6h5uf8n\" alt=\"Webshare Homepage\"\/><\/figure>\n\n\n\n<h2>Dietro la piattaforma di condivisione web<\/h2>\n\n\n\n<p>Webshare \u00e8 stato creato e istituito il 10 settembre 2009. Prima era solo un hobby. Dopo diversi anni di funzionamento della piattaforma, tre anni esatti, hanno scoperto che Webshare \u00e8 diventato famoso per migliaia di utenti di account. Per questo motivo, hanno deciso di creare una nuova e migliorata condivisione Web. Il loro obiettivo \u00e8 quello di diventare un forte concorrente tra gli altri importanti attori sul mercato della Repubblica Ceca e di fornire a un maggior numero di utenti un modo potente e facile per gestire tutti i dati.<\/p>\n\n\n\n<p>La loro squadra \u00e8 composta da quattro persone. Zbyn\u011bk e Luk\u00e1\u0161 sono l&#8217;amministratore del server, e sono responsabili della tenuta e della gestione dei server. Adam \u00e8 il loro capo programmatore, e l&#8217;ultimo membro \u00e8 Honza, che \u00e8 responsabile della progettazione del sito web e di altre strategie di marketing. Per loro, Webshare non \u00e8 solo un piano e un progetto di garage, ma \u00e8 un servizio avanzato che permette ai suoi utenti di mantenere i loro dati, gestire tutto da vari dispositivi e condividerli con le persone di cui si fidano.<\/p>\n\n\n\n<p>La missione del team \u00e8 quella di rendere Webshare il servizio pi\u00f9 eccezionale del settore e del mercato ceco e slovacco. Sanno che questo obiettivo \u00e8 un&#8217;ambizione notevole, ma lo sanno, e si sforzano di far s\u00ec che questo obiettivo si realizzi. <\/p>\n\n\n\n<p>Vogliono offrire ai loro utenti uno strumento pi\u00f9 moderno e raffinato per aiutarli a gestire i loro dati e a farli sincronizzare in vari dispositivi. Per questo motivo Webshare non \u00e8 solo un semplice strumento di download e upload, ma lo stanno espandendo per avere una controparte di applicazione mobile e uno strumento desktop intelligente per massimizzare l&#8217;efficienza della loro piattaforma. Tutto \u00e8 per la vostra comodit\u00e0.<\/p>\n\n\n\n<p>Dal loro team, per tutte le cose che stanno facendo, una cosa \u00e8 certa, ed \u00e8 far s\u00ec che le richieste, i requisiti e i desideri dei loro utenti si realizzino. I loro clienti sono la loro priorit\u00e0 assoluta. Per questo motivo stanno facendo del Webshare non solo un servizio, ma anche un vero e proprio strumento per tutti gli utenti.<\/p>\n\n\n\n<h2>Perch\u00e9 utilizzare la condivisione Web?<\/h2>\n\n\n\n<p>Avere i vostri file e altri dati salvati nel cloud storage \u00e8 semplicemente comodo. Per questo motivo, non \u00e8 necessario portare con s\u00e9 unit\u00e0 flash ovunque si vada. Tutto quello che dovete fare \u00e8 caricare tutti i vostri file importanti o qualsiasi altro file nel vostro account come immagini, documenti, musica, film e altri file memorabili. Quello che vi serve \u00e8 solo internet per poter accedere al vostro account di Webshare.<\/p>\n\n\n\n<p>Webshare \u00e8 davvero l&#8217;ideale per i vostri progetti scolastici, i compiti, i documenti aziendali, i video e la musica che volevate condividere con i vostri colleghi, dipendenti, amici o semplicemente qualsiasi dato a cui volevate avere accesso ovunque vi trovaste.<\/p>\n\n\n\n<figure class=\"wp-block-table\"><table class=\"\"><tbody><tr><td><li>Gli utenti hanno a disposizione un&#8217;immensa memoria di dati<br><\/li><li>Tutti i vostri file sono semplicemente appoggiati sul cloud storage, con internet, potete accedervi ovunque<br><\/li><li>Le unit\u00e0 flash non saranno mai un&#8217;opzione<br>L&#8217;interfaccia del sito web di Webshare \u00e8 molto amichevole e pu\u00f2 essere accessibile istantaneamente<br><\/li><li>Il supporto clienti Webshare assicura il contatto con ogni utente per garantire che sia assistito in ogni modo necessario<br><\/li><li>Il sistema di Webshare e la piattaforma stanno progressivamente migliorando e adattandosi alle esigenze di ogni utente<br><\/li><li>Webshare sta attualmente sviluppando un&#8217;applicazione mobile per la vostra convenienza. <\/li><\/td><\/tr><\/tbody><\/table><\/figure>\n\n\n\n<h2>Qual \u00e8 il costo di un account Webshare Premium?<\/h2>\n\n\n\n<p>Ci sono molte opzioni di pagamento per usufruire dei loro account VIP o Webshare Premium. Di seguito sono riportate le opzioni, e stanno facendo in modo che tutto sia per la vostra convenienza, quindi scegliete quello che vi conviene di pi\u00f9.<\/p>\n\n\n\n<p><strong>Pagamento con carta di credito<br><\/strong>Basta inserire alcuni dati necessari stampati sulla carta e il gioco \u00e8 fatto.<\/p>\n\n\n\n<figure class=\"wp-block-table\"><table><tbody><tr><td>Iscrizione<\/td><td>Durata<\/td><td>File privati<\/td><td>Tassa<\/td><\/tr><tr><td>Argento VIP<\/td><td>1 mese<\/td><td>10 GB di memoria privata<\/td><td>59.00 K\u010d<\/td><\/tr><tr><td>Oro VIP<\/td><td>3 mesi<\/td><td>20 GB di memoria privata<\/td><td>169.00 K\u010d<\/td><\/tr><tr><td>Platino VIP<\/td><td>1 anno<\/td><td>50 GB di memoria privata<\/td><td>599.00 K\u010d<\/td><\/tr><\/tbody><\/table><\/figure>\n\n\n\n<p>Tutti i prezzi sono comprensivi di IVA (21%)<\/p>\n\n\n\n<p><strong>Pagamento online<br><\/strong>L&#8217;assistenza per le rimesse online GoPay &#8211; scegliete il tipo di pagamento pi\u00f9 adatto alle vostre esigenze.<\/p>\n\n\n\n<figure class=\"wp-block-table\"><table><tbody><tr><td>Iscrizione<\/td><td>Durata<\/td><td>File privati<\/td><td>Tassa<\/td><\/tr><tr><td>Argento VIP<\/td><td>1 mese<\/td><td>10 GB di memoria privata<\/td><td>59.00 K\u010d<\/td><\/tr><tr><td>Oro VIP<\/td><td>3 mesi<\/td><td>20 GB di memoria privata<\/td><td>169.00 K\u010d<\/td><\/tr><tr><td>Platino VIP<\/td><td>1 anno<\/td><td>50 GB di memoria privata<\/td><td>599.00 K\u010d<\/td><\/tr><\/tbody><\/table><\/figure>\n\n\n\n<p>Tutti i prezzi sono comprensivi di IVA (21%)<\/p>\n\n\n\n<p><strong>Pagamento tramite bonifico bancario<br><\/strong>Inviare i fondi previsti sul conto bancario di Webshare.<\/p>\n\n\n\n<figure class=\"wp-block-table\"><table><tbody><tr><td> Iscrizione <\/td><td> Durata <\/td><td> File privati <\/td><td> Tassa <\/td><\/tr><tr><td> Argento VIP <\/td><td> 1 mese <\/td><td> 10 GB di memoria privata <\/td><td>59.00 K\u010d<\/td><\/tr><tr><td> Oro VIP <\/td><td> 3 mesi <\/td><td> 20 GB di memoria privata <\/td><td>169.00 K\u010d<\/td><\/tr><tr><td> Platino VIP <\/td><td> 1 anno <\/td><td> 50 GB di memoria privata <\/td><td>599.00 K\u010d<\/td><\/tr><\/tbody><\/table><\/figure>\n\n\n\n<p>Tutti i prezzi sono comprensivi di IVA (21%)<\/p>\n\n\n\n<p><strong>Pagamento punti Webshare<br><\/strong>Webshare vi offre la possibilit\u00e0 di trasformare i vostri punti Webshare in un account Premium.<\/p>\n\n\n<a class=\"maxbutton-2 maxbutton maxbutton-cta\" target=\"_blank\" rel=\"nofollow noopener\" href=\"\/go\/\"><span class='mb-text'>&gt;&gt; Vai al sito web originale di Linkifier<\/span><\/a>\n\n\n<p><\/p>\n\n\n\n<figure class=\"wp-block-table\"><table><tbody><tr><td> Iscrizione  <\/td><td> Durata  <\/td><td> File privati <\/td><td> Tassa <\/td><\/tr><tr><td>  Argento VIP  <\/td><td>  1 mese  <\/td><td>  10 GB di memoria privata  <\/td><td>10000 B<\/td><\/tr><tr><td>  Oro VIP  <\/td><td>  3 mesi  <\/td><td>  20 GB di memoria privata  <\/td><td>30000 B<\/td><\/tr><tr><td>  Platino VIP  <\/td><td>  1 anno  <\/td><td>  50 GB di memoria privata  <\/td><td>120000 B<\/td><\/tr><\/tbody><\/table><\/figure>\n\n\n\n<p>Tutti i prezzi sono comprensivi di IVA (21%)<\/p>\n\n\n\n<p><strong>Pagamento via SMS<br><\/strong>La tassa \u00e8 pi\u00f9 alta a causa delle condizioni speciali per il fornitore di rimesse.<\/p>\n\n\n\n<figure class=\"wp-block-table\"><table><tbody><tr><td>Iscrizione<\/td><td>Durata<\/td><td>File privati<\/td><td>Tassa<\/td><\/tr><tr><td>Argento VIP<\/td><td>1 mese<\/td><td>10 GB di memoria privata<\/td><td>99 K\u010d<\/td><\/tr><\/tbody><\/table><\/figure>\n\n\n\n<p>Tutti i prezzi sono comprensivi di IVA (21%)<\/p>\n\n\n\n<h2>Quali sono i vantaggi di Webshare Premium Account?<\/h2>\n\n\n\n<p>Potete usufruire dei vantaggi di un membro premium a soli 2,39 euro al mese. Con l&#8217;abbonamento premium o VIP, ogni utente pu\u00f2 massimizzare la sua velocit\u00e0 di download illimitata su Webshare, ottenere pi\u00f9 spazio di archiviazione e molto altro ancora.<\/p>\n\n\n\n<p>Pensate a questo scenario: Il vostro computer desktop si \u00e8 bloccato, ha perso il portatile o ha corrotto un file senza aver eseguito il backup dei dati essenziali. Con la tecnologia di oggi, non dovrebbe accadere, o non \u00e8 come sarebbe stato. Avere la condivisione web sulla mano \u00e8 molto conveniente. Il vostro computer desktop deve essersi bloccato, ma potete comunque accedere ai vostri file su altri dispositivi tramite Webshare. Si pu\u00f2 dormire sonni tranquilli sapendo che i dati sono protetti e al sicuro.<\/p>\n\n\n\n<figure class=\"wp-block-table\"><table><tbody><tr><td>E&#8217; conveniente, costa solo 2,39\u20ac, non ti costa quasi niente e puoi scegliere la tua tariffa.<\/td><td>1\/4 di anno\u20ac6,39 per 3 mesi<\/td><td>1 anno\u20ac22,95 all&#8217;anno<\/td><\/tr><tr><td>Download veloce e veloceSperimenta il massimo dalla tua connessione internet.<\/td><td>500+Fino a 500 Mb\/s<\/td><td>20+Slot di scarico<\/td><\/tr><tr><td>10 GB di storage privatoAggiungete la vostra capacit\u00e0 di storage privato a 10 Gigabyte.<\/td><td>5 GB+Pi\u00f9 spazio privato<\/td><td>Disponibilit\u00e0 dei file 24 ore su 24, 7 giorni su 7<\/td><\/tr><tr><td>Download ristabilendo \u00c8 possibile continuare un download interrotto.<\/td><td>99% Pu\u00f2 essere ristabilito<\/td><td>10\/1010 downloads<\/td><\/tr><tr><td>Nessun annuncio Non ci saranno annunci nelle sezioni di dettaglio dei file e nella casella di ricerca.<\/td><td>4\/44\/4 annunci non ci saranno<\/td><td>0 Nemmeno un singolo annuncio<\/td><\/tr><\/tbody><\/table><\/figure>\n\n\n\n<h2>Altre domande frequenti in Webshare<\/h2>\n\n\n\n<h3>Perch\u00e9 iscriversi a Webshare?<\/h3>\n\n\n\n<p>E&#8217; libero di registrarsi o di creare un account in Webshare. Otterrete 5 Gigabyte di memoria gratuita. Poter utilizzare uno strumento con molti vantaggi, tra cui l&#8217;accesso per commentare i file dei vari utenti, raccogliere punti, gestire e organizzare i propri dati e molto altro ancora, cosa si pu\u00f2 chiedere? Perch\u00e9 non utilizzare uno strumento che aumenti la vostra produttivit\u00e0, giusto? <\/p>\n\n\n\n<h3>Quali sono i vantaggi di ottenere un conto Webshare Premium?<\/h3>\n\n\n\n<p>Come gi\u00e0 discusso in precedenza, abbonandosi ad un account premium, gli utenti hanno diritto alle prestazioni superiori della piattaforma quando si tratta di velocit\u00e0 di download, anche se si dovrebbe comunque controllare il proprio provider internet in quanto ci\u00f2 influisce sul progresso e pu\u00f2 limitare il massimo aiuto che il Webshare pu\u00f2 fornire. Ci sar\u00e0 anche un gestore di download che permette all&#8217;utente di continuare il download quando si verifica il down di internet. Per il tipo di abbonamento di cui si dispone, questo determiner\u00e0 la quantit\u00e0 di memoria che si otterr\u00e0. Non ci saranno annunci non necessari e tutti i vostri file saranno sottoposti a backup. Webshare esegue il backup del vostro file di backup.<\/p>\n\n\n\n<h3>Saldare il pagamento per gli account Premium di Webshare<\/h3>\n\n\n\n<p>Per la vostra comodit\u00e0 e comodit\u00e0, Webshare vi permette di pagare l&#8217;abbonamento Premium con molte opzioni, tra cui carta di credito o di debito, bonifico bancario, punti e via SMS.<\/p>\n\n\n\n<h3>Quando un account Premium scade, cosa succede con i file memorizzati nell&#8217;account?<\/h3>\n\n\n\n<p>Finch\u00e9 sei un membro premium, tutti i tuoi file saranno protetti e non saranno toccati. Tuttavia, quando la tua iscrizione scade, e non sei in grado di aggiornare la tua iscrizione entro due mesi, il sistema rimuover\u00e0 i dati che superano i 5 GB di memoria per gli utenti gratuiti.<\/p>\n\n\n\n<h3>Caricamento in Webshare<\/h3>\n\n\n\n<p>Ci sono molti modi per caricare i dati su Webshare. Dal trascinamento al rilascio dei file in qualsiasi punto del sito, o semplicemente gestendo il vostro file manager cliccando sul pulsante &#8220;I miei file&#8221;, e vi verr\u00e0 richiesto di selezionare il file o la cartella che volete caricare. Poi aspettate che il caricamento finisca.<\/p>\n\n\n\n<p>Un utente pu\u00f2 caricare tutti i file che vuole e la dimensione massima del file che pu\u00f2 essere caricata \u00e8 di 20 GB. Per un file caricato pi\u00f9 alto, \u00e8 sufficiente dividerlo prima di caricarlo.<\/p>\n\n\n\n<h2>Riepilogo Webshare<\/h2>\n\n\n\n<p>Webshare ha molto da offrire e lo sar\u00e0 ancora di pi\u00f9 se continuer\u00e0 ad avanzare e a sviluppare la piattaforma. Tutte le tariffe premium sono molto ragionevoli se si ha intenzione di confrontare i servizi e le innovazioni che si possono ottenere. Assicuratevi di selezionare l&#8217;abbonamento migliore per voi per massimizzarne l&#8217;utilizzo.<\/p>\n\n\n\n<h2>Riferimenti<\/h2>\n\n\n\n<p><a rel=\"noreferrer noopener\" aria-label=\" (opens in a new tab)\" href=\"https:\/\/www.gearcoupon.com\/the-best-czech-and-foreign-storage-for-easy-file-sharing\/\" target=\"_blank\">https:\/\/www.gearcoupon.com\/the-best-czech-and-foreign-storage-for-easy-file-sharing\/<\/a><br><a rel=\"noreferrer noopener\" aria-label=\" (opens in a new tab)\" href=\"https:\/\/alternative.app\/webshare\" target=\"_blank\">https:\/\/alternative.app\/webshare<\/a><br><a rel=\"noreferrer noopener\" aria-label=\" (opens in a new tab)\" href=\"https:\/\/webshare.cz.cutestat.com\/\" target=\"_blank\">https:\/\/webshare.cz.cutestat.com\/<\/a><br><a rel=\"noreferrer noopener\" aria-label=\" (opens in a new tab)\" href=\"https:\/\/safeweb.norton.com\/reviews?url=webshare.cz\" target=\"_blank\">https:\/\/safeweb.norton.com\/reviews?url=webshare.cz<\/a><br><a rel=\"noreferrer noopener\" aria-label=\"https:\/\/www.thesiterate.com\/stats\/webshare.cz (opens in a new tab)\" href=\"https:\/\/www.thesiterate.com\/stats\/webshare.cz\" target=\"_blank\">https:\/\/www.thesiterate.com\/stats\/webshare.cz<\/a><\/p>\n\n\n<a class=\"maxbutton-2 maxbutton maxbutton-cta\" target=\"_blank\" rel=\"nofollow noopener\" href=\"\/go\/\"><span class='mb-text'>&gt;&gt; Vai al sito web originale di Linkifier<\/span><\/a>\n\n\n<p><\/p>\n","protected":false},"excerpt":{"rendered":"<p>Che cos&#8217;\u00e8 la Webshare? Webshare \u00e8 una piattaforma di cloud storage online che \u00e8 possibile utilizzare salvando diversi tipi di<\/p>\n","protected":false},"author":2,"featured_media":0,"parent":0,"menu_order":0,"comment_status":"closed","ping_status":"closed","template":"","meta":[],"yoast_head":"<!-- This site is optimized with the Yoast SEO plugin v18.3 - https:\/\/yoast.com\/wordpress\/plugins\/seo\/ -->\n<title>WebShare Premium Conto: Il Filehoster In Sintesi<\/title>\n<meta name=\"description\" content=\"Se WebShare \u00e8 un fornitore affidabile o meno, potete trovare la risposta nel test in corso su Multihoster.org \u279c Cliccate ora \u271a per leggere le nostre esperienze!\" \/>\n<meta name=\"robots\" content=\"index, follow, max-snippet:-1, max-image-preview:large, max-video-preview:-1\" \/>\n<link rel=\"canonical\" href=\"https:\/\/multihoster.org\/it\/webshare\/\" \/>\n<meta property=\"og:locale\" content=\"it_IT\" \/>\n<meta property=\"og:type\" content=\"article\" \/>\n<meta property=\"og:title\" content=\"WebShare Premium Conto: Il Filehoster In Sintesi\" \/>\n<meta property=\"og:description\" content=\"Se WebShare \u00e8 un fornitore affidabile o meno, potete trovare la risposta nel test in corso su Multihoster.org \u279c Cliccate ora \u271a per leggere le nostre esperienze!\" \/>\n<meta property=\"og:url\" content=\"https:\/\/multihoster.org\/it\/webshare\/\" \/>\n<meta property=\"og:site_name\" content=\"Multihoster.org\" \/>\n<meta property=\"article:modified_time\" content=\"2020-05-29T13:46:41+00:00\" \/>\n<meta property=\"og:image\" content=\"https:\/\/multihoster.org\/wp-content\/uploads\/2020\/04\/webshare.png\" \/>\n<meta name=\"twitter:card\" content=\"summary\" \/>\n<meta name=\"twitter:label1\" content=\"Tempo di lettura stimato\" \/>\n\t<meta name=\"twitter:data1\" content=\"8 minuti\" \/>\n<script type=\"application\/ld+json\" class=\"yoast-schema-graph\">{\"@context\":\"https:\/\/schema.org\",\"@graph\":[{\"@type\":\"WebSite\",\"@id\":\"https:\/\/multihoster.org\/#website\",\"url\":\"https:\/\/multihoster.org\/\",\"name\":\"Multihoster.org\",\"description\":\"Reviews of the major Filehosting services\",\"potentialAction\":[{\"@type\":\"SearchAction\",\"target\":{\"@type\":\"EntryPoint\",\"urlTemplate\":\"https:\/\/multihoster.org\/?s={search_term_string}\"},\"query-input\":\"required name=search_term_string\"}],\"inLanguage\":\"it-IT\"},{\"@type\":\"ImageObject\",\"@id\":\"https:\/\/multihoster.org\/it\/webshare\/#primaryimage\",\"inLanguage\":\"it-IT\",\"url\":\"https:\/\/multihoster.org\/wp-content\/uploads\/2020\/04\/webshare.png\",\"contentUrl\":\"https:\/\/multihoster.org\/wp-content\/uploads\/2020\/04\/webshare.png\",\"width\":337,\"height\":100},{\"@type\":\"WebPage\",\"@id\":\"https:\/\/multihoster.org\/it\/webshare\/#webpage\",\"url\":\"https:\/\/multihoster.org\/it\/webshare\/\",\"name\":\"WebShare Premium Conto: Il Filehoster In Sintesi\",\"isPartOf\":{\"@id\":\"https:\/\/multihoster.org\/#website\"},\"primaryImageOfPage\":{\"@id\":\"https:\/\/multihoster.org\/it\/webshare\/#primaryimage\"},\"datePublished\":\"2020-04-07T13:28:30+00:00\",\"dateModified\":\"2020-05-29T13:46:41+00:00\",\"description\":\"Se WebShare \u00e8 un fornitore affidabile o meno, potete trovare la risposta nel test in corso su Multihoster.org \u279c Cliccate ora \u271a per leggere le nostre esperienze!\",\"breadcrumb\":{\"@id\":\"https:\/\/multihoster.org\/it\/webshare\/#breadcrumb\"},\"inLanguage\":\"it-IT\",\"potentialAction\":[{\"@type\":\"ReadAction\",\"target\":[\"https:\/\/multihoster.org\/it\/webshare\/\"]}]},{\"@type\":\"BreadcrumbList\",\"@id\":\"https:\/\/multihoster.org\/it\/webshare\/#breadcrumb\",\"itemListElement\":[{\"@type\":\"ListItem\",\"position\":1,\"name\":\"Startseite\",\"item\":\"https:\/\/multihoster.org\/it\/\"},{\"@type\":\"ListItem\",\"position\":2,\"name\":\"WebShare Premium Conto: Il Filehoster In Sintesi\"}]}]}<\/script>\n<!-- \/ Yoast SEO plugin. -->","yoast_head_json":{"title":"WebShare Premium Conto: Il Filehoster In Sintesi","description":"Se WebShare \u00e8 un fornitore affidabile o meno, potete trovare la risposta nel test in corso su Multihoster.org \u279c Cliccate ora \u271a per leggere le nostre esperienze!","robots":{"index":"index","follow":"follow","max-snippet":"max-snippet:-1","max-image-preview":"max-image-preview:large","max-video-preview":"max-video-preview:-1"},"canonical":"https:\/\/multihoster.org\/it\/webshare\/","og_locale":"it_IT","og_type":"article","og_title":"WebShare Premium Conto: Il Filehoster In Sintesi","og_description":"Se WebShare \u00e8 un fornitore affidabile o meno, potete trovare la risposta nel test in corso su Multihoster.org \u279c Cliccate ora \u271a per leggere le nostre esperienze!","og_url":"https:\/\/multihoster.org\/it\/webshare\/","og_site_name":"Multihoster.org","article_modified_time":"2020-05-29T13:46:41+00:00","og_image":[{"url":"https:\/\/multihoster.org\/wp-content\/uploads\/2020\/04\/webshare.png"}],"twitter_card":"summary","twitter_misc":{"Tempo di lettura stimato":"8 minuti"},"schema":{"@context":"https:\/\/schema.org","@graph":[{"@type":"WebSite","@id":"https:\/\/multihoster.org\/#website","url":"https:\/\/multihoster.org\/","name":"Multihoster.org","description":"Reviews of the major Filehosting services","potentialAction":[{"@type":"SearchAction","target":{"@type":"EntryPoint","urlTemplate":"https:\/\/multihoster.org\/?s={search_term_string}"},"query-input":"required name=search_term_string"}],"inLanguage":"it-IT"},{"@type":"ImageObject","@id":"https:\/\/multihoster.org\/it\/webshare\/#primaryimage","inLanguage":"it-IT","url":"https:\/\/multihoster.org\/wp-content\/uploads\/2020\/04\/webshare.png","contentUrl":"https:\/\/multihoster.org\/wp-content\/uploads\/2020\/04\/webshare.png","width":337,"height":100},{"@type":"WebPage","@id":"https:\/\/multihoster.org\/it\/webshare\/#webpage","url":"https:\/\/multihoster.org\/it\/webshare\/","name":"WebShare Premium Conto: Il Filehoster In Sintesi","isPartOf":{"@id":"https:\/\/multihoster.org\/#website"},"primaryImageOfPage":{"@id":"https:\/\/multihoster.org\/it\/webshare\/#primaryimage"},"datePublished":"2020-04-07T13:28:30+00:00","dateModified":"2020-05-29T13:46:41+00:00","description":"Se WebShare \u00e8 un fornitore affidabile o meno, potete trovare la risposta nel test in corso su Multihoster.org \u279c Cliccate ora \u271a per leggere le nostre esperienze!","breadcrumb":{"@id":"https:\/\/multihoster.org\/it\/webshare\/#breadcrumb"},"inLanguage":"it-IT","potentialAction":[{"@type":"ReadAction","target":["https:\/\/multihoster.org\/it\/webshare\/"]}]},{"@type":"BreadcrumbList","@id":"https:\/\/multihoster.org\/it\/webshare\/#breadcrumb","itemListElement":[{"@type":"ListItem","position":1,"name":"Startseite","item":"https:\/\/multihoster.org\/it\/"},{"@type":"ListItem","position":2,"name":"WebShare Premium Conto: Il Filehoster In Sintesi"}]}]}},"_links":{"self":[{"href":"https:\/\/multihoster.org\/it\/wp-json\/wp\/v2\/pages\/3139"}],"collection":[{"href":"https:\/\/multihoster.org\/it\/wp-json\/wp\/v2\/pages"}],"about":[{"href":"https:\/\/multihoster.org\/it\/wp-json\/wp\/v2\/types\/page"}],"author":[{"embeddable":true,"href":"https:\/\/multihoster.org\/it\/wp-json\/wp\/v2\/users\/2"}],"replies":[{"embeddable":true,"href":"https:\/\/multihoster.org\/it\/wp-json\/wp\/v2\/comments?post=3139"}],"version-history":[{"count":5,"href":"https:\/\/multihoster.org\/it\/wp-json\/wp\/v2\/pages\/3139\/revisions"}],"predecessor-version":[{"id":4548,"href":"https:\/\/multihoster.org\/it\/wp-json\/wp\/v2\/pages\/3139\/revisions\/4548"}],"wp:attachment":[{"href":"https:\/\/multihoster.org\/it\/wp-json\/wp\/v2\/media?parent=3139"}],"curies":[{"name":"wp","href":"https:\/\/api.w.org\/{rel}","templated":true}]}}