{"id":316,"date":"2018-05-22T17:19:22","date_gmt":"2018-05-22T17:19:22","guid":{"rendered":"https:\/\/multihoster.org\/?page_id=316"},"modified":"2018-09-12T05:27:47","modified_gmt":"2018-09-12T05:27:47","slug":"keep2share","status":"publish","type":"page","link":"https:\/\/multihoster.org\/it\/keep2share\/","title":{"rendered":"Keep2Share Premium Account &#8211; Il Filehoster in sintesi"},"content":{"rendered":"<p class=\"normal\"><span lang=\"de\"><img loading=\"lazy\" class=\"alignleft wp-image-246 size-medium\" src=\"https:\/\/multihoster.org\/wp-content\/uploads\/2018\/05\/keep2share_logo-300x97.jpg\" alt=\"logo\" width=\"300\" height=\"97\" srcset=\"https:\/\/multihoster.org\/wp-content\/uploads\/2018\/05\/keep2share_logo-300x97.jpg 300w, https:\/\/multihoster.org\/wp-content\/uploads\/2018\/05\/keep2share_logo.jpg 382w\" sizes=\"(max-width: 300px) 100vw, 300px\" \/>Filehoster Keep2Share offre ai suoi utenti il massimo livello di sicurezza e garantisce che tutti i dati siano tenuti assolutamente al sicuro, sia attraverso la sua esperienza e il sistema crittografato. La presenza e la disponibilit\u00e0 24 ore su 24 dei dipendenti di Keep2Share garantiscono inoltre che tutti i dati siano protetti in modo ottimale e che il sito web sia sempre accessibile.<br \/>\n<\/span><\/p>\n<p class=\"normal\"><span lang=\"de\">Inoltre, Keep2Share consente una velocit\u00e0 estremamente veloce e l&#8217;avvio di download senza tempi di attesa. Con un account Premium vengono aggiunte molte altre funzioni.<br \/>\n<\/span><\/p>\n<p><strong><\/strong><\/p>\n<p><a class=\"fasc-button fasc-size-xlarge fasc-type-glossy fasc-rounded-medium ico-fa fasc-ico-after fa-share\" style=\"background-color: #43585e; color: #ffffff;\" target=\"_blank\" rel=\"nofollow\" href=\"https:\/\/multihoster.org\/keep2share\/goto\/\">Vai a Keep2Share.net<\/a><\/p>\n<h2><span lang=\"de\">Caratteristiche positive del fornitore<br \/>\n<\/span><\/h2>\n<ul>\n<li>Conto premium gi\u00e0 disponibile a partire da 31 centesimi al giorno<\/li>\n<li>Controllo virus con account premium<\/li>\n<li>Pagamento sicuro con Verified by VISA &amp; Mastercard SecureCode<\/li>\n<li>Possibilit\u00e0 di utilizzo di Download Manager<\/li>\n<li>Download multipli contemporaneamente<\/li>\n<\/ul>\n<h2><span lang=\"de\">L&#8217;intera offerta di Keep2Share in sintesi<br \/>\n<\/span><\/h2>\n<p class=\"normal\"><span lang=\"de\">Il filehoster Keep2Share vi offre con due tariffe una selezione relativamente piccola per quanto riguarda l&#8217;account premium. Mentre l&#8217;account Premium Pro ti offre la massima velocit\u00e0, la larghezza di banda della normale tariffa Premium \u00e8 leggermente limitata. Il volume di dati varia da 20.000 MB per la tariffa Premium a 50.000 MB per la tariffa Premium Pro.<br \/>\n<\/span><\/p>\n<h2><span lang=\"de\">Costi e modalit\u00e0 di pagamento<br \/>\n<\/span><\/h2>\n<p><img loading=\"lazy\" class=\"alignnone wp-image-248 size-full\" src=\"https:\/\/multihoster.org\/wp-content\/uploads\/2018\/05\/cost_image_1.jpg\" alt=\"tariffe\" width=\"1011\" height=\"813\" srcset=\"https:\/\/multihoster.org\/wp-content\/uploads\/2018\/05\/cost_image_1.jpg 1011w, https:\/\/multihoster.org\/wp-content\/uploads\/2018\/05\/cost_image_1-300x241.jpg 300w, https:\/\/multihoster.org\/wp-content\/uploads\/2018\/05\/cost_image_1-768x618.jpg 768w\" sizes=\"(max-width: 1011px) 100vw, 1011px\" \/><\/p>\n<p class=\"normal\"><span lang=\"de\">Su Keep2Share puoi scegliere tra il pagamento con carta di credito, con carta VISA, con Mastercard o con American Express. Per il pagamento con la vostra carta VISA o Mastercard, a questo punto beneficiate di un&#8217;ulteriore procedura di sicurezza. Queste sono le procedure SecureCode di VISA e MasterCard, che intercalano ulteriori verifiche al momento dell&#8217;acquisto per proteggere efficacemente i vostri dati e il vostro denaro.<\/span><\/p>\n<p>&nbsp;<\/p>\n<p class=\"normal\"><span lang=\"de\">Oltre al pagamento tramite carta VISA o MasterCard, il fornitore offre ulteriori opzioni per l&#8217;acquisto di un account premium Keep2Share. Questo include il pagamento con il servizio Sofort\u00fcberweisung, il consueto bonifico bancario online e il pagamento con Bitcoin, cos\u00ec come il pagamento di ulteriori monete e l&#8217;acquisto tramite rivenditore. Come ultima opzione, sono disponibili i metodi di pagamento locali; in Germania, \u00e8 possibile utilizzare banche come Postbank, DZ Bank o DZ Bank <a href=\"https:\/\/www.wmtransfer.com\/\" target=\"_blank\" rel=\"noopener\">webmoney<\/a> svolgere. I popolari metodi di pagamento Paypal e Paysafe non sono offerti da Keep2Share. Se non \u00e8 possibile utilizzare nessuno dei metodi di pagamento elencati e si desidera comunque pagare il proprio conto in modo semplice e sicuro online, \u00e8 possibile acquistare una carta di credito prepagata.<\/span><\/p>\n<p>&nbsp;<\/p>\n\n<table id=\"tablepress-14\" class=\"tablepress tablepress-id-14\">\n<thead>\n<tr class=\"row-1 odd\">\n\t<th class=\"column-1\">Keep2Condividi PREMIO PRO<\/th><th class=\"column-2\">Keep2Condividi PREMIO<\/th>\n<\/tr>\n<\/thead>\n<tbody class=\"row-hover\">\n<tr class=\"row-2 even\">\n\t<td class=\"column-1\">50.000 MB al giorno<\/td><td class=\"column-2\">20.000 MB al giorno<\/td>\n<\/tr>\n<tr class=\"row-3 odd\">\n\t<td class=\"column-1\">11,75 USD al giorno<\/td><td class=\"column-2\">9,50 USD al giorno<\/td>\n<\/tr>\n<tr class=\"row-4 even\">\n\t<td class=\"column-1\">0,38 USD al giorno<\/td><td class=\"column-2\">0,31 USD al giorno<\/td>\n<\/tr>\n<tr class=\"row-5 odd\">\n\t<td class=\"column-1\">Velocit\u00e0 massima di download<\/td><td class=\"column-2\">Velocit\u00e0 di download veloce<\/td>\n<\/tr>\n<tr class=\"row-6 even\">\n\t<td class=\"column-1\">Download Manager pu\u00f2 essere utilizzato<\/td><td class=\"column-2\">Download Manager pu\u00f2 essere utilizzato<\/td>\n<\/tr>\n<tr class=\"row-7 odd\">\n\t<td class=\"column-1\">Download multipli contemporaneamente<\/td><td class=\"column-2\">Download multipli contemporaneamente<\/td>\n<\/tr>\n<tr class=\"row-8 even\">\n\t<td class=\"column-1\">Scaricabile<\/td><td class=\"column-2\">Scaricabile<\/td>\n<\/tr>\n<tr class=\"row-9 odd\">\n\t<td class=\"column-1\">controllo antivirus<\/td><td class=\"column-2\"><\/td>\n<\/tr>\n<tr class=\"row-10 even\">\n\t<td class=\"column-1\">File preferiti<\/td><td class=\"column-2\"><\/td>\n<\/tr>\n<tr class=\"row-11 odd\">\n\t<td class=\"column-1\">Anteprima video illimitata<\/td><td class=\"column-2\"><\/td>\n<\/tr>\n<tr class=\"row-12 even\">\n\t<td class=\"column-1\">Scarica anonimo<\/td><td class=\"column-2\"><\/td>\n<\/tr>\n<tr class=\"row-13 odd\">\n\t<td class=\"column-1\">Maggior spazio di archiviazione<\/td><td class=\"column-2\"><\/td>\n<\/tr>\n<tr class=\"row-14 even\">\n\t<td class=\"column-1\">Dimensione massima del file di 10 GB<\/td><td class=\"column-2\"><\/td>\n<\/tr>\n<\/tbody>\n<\/table>\n<!-- #tablepress-14 from cache -->\n<p><a class=\"fasc-button fasc-size-xlarge fasc-type-glossy fasc-rounded-medium ico-fa fasc-ico-after fa-share\" style=\"background-color: #43585e; color: #ffffff;\" target=\"_blank\" rel=\"nofollow\" href=\"https:\/\/multihoster.org\/keep2share\/goto\/\">Vai a Keep2Share.net<\/a><\/p>\n<h2><span lang=\"de\">Informativa sulla privacy e protezione dei dati<br \/>\n<\/span><\/h2>\n<p class=\"normal\"><span lang=\"de\">La tutela della vita privata e la protezione dei dati stanno diventando un tema sempre pi\u00f9 importante su Internet. Siamo lieti di condividere le nostre conoscenze ed esperienze con Keep2Share in modo che possiate ottenere un quadro completo del fornitore.<br \/>\n<\/span><\/p>\n<p class=\"normal\"><span lang=\"de\">Quando si utilizza il servizio Keep2Share, i dati personali come indirizzo e-mail, nome o conto bancario, cos\u00ec come i dati demografici, non personali vengono memorizzati automaticamente.<br \/>\n<\/span><\/p>\n<p class=\"normal\"><span lang=\"de\">I dati personali vengono utilizzati solo per servizi come il processo di pagamento, per stabilire contatti e per le notifiche, ecc. e non vengono trasmessi a terzi. I dati demografici non sono dati personali e vengono raccolti in forma anonima, in modo da tutelare anche la vita privata.<\/span><\/p>\n<p>&nbsp;<\/p>\n<h2><span lang=\"de\">Servizio post-vendita<br \/>\n<\/span><\/h2>\n<p><img loading=\"lazy\" class=\"alignnone wp-image-247 size-full\" src=\"https:\/\/multihoster.org\/wp-content\/uploads\/2018\/05\/keep2share_image_2.jpg\" alt=\"vantaggi\" width=\"1799\" height=\"777\" srcset=\"https:\/\/multihoster.org\/wp-content\/uploads\/2018\/05\/keep2share_image_2.jpg 1799w, https:\/\/multihoster.org\/wp-content\/uploads\/2018\/05\/keep2share_image_2-300x130.jpg 300w, https:\/\/multihoster.org\/wp-content\/uploads\/2018\/05\/keep2share_image_2-768x332.jpg 768w, https:\/\/multihoster.org\/wp-content\/uploads\/2018\/05\/keep2share_image_2-1024x442.jpg 1024w\" sizes=\"(max-width: 1799px) 100vw, 1799px\" \/><\/p>\n<p class=\"normal\"><span lang=\"de\">Se avete domande sul servizio Keep2Share, troverete il link alla pagina del servizio in fondo alla pagina. Da qui \u00e8 possibile accedere all&#8217;area FAQ, dove sono gi\u00e0 spiegate molte risposte alle domande pi\u00f9 frequenti. Il fornitore ha gi\u00e0 un alto grado di esperienza e di solito sa dove gli utenti hanno bisogno di aiuto. Se non si riesce a trovare una soluzione soddisfacente in questo modo, \u00e8 possibile contattare il supporto direttamente tramite il modulo online e descrivere il problema in modo pi\u00f9 dettagliato qui. In questa sezione, \u00e8 anche possibile fornire al Servizio Clienti Keep2Share un feedback sulla propria esperienza con il fornitore di servizi, consentendo di migliorare il servizio per se stessi e per gli altri utenti nel lungo periodo.<br \/>\n<\/span><\/p>\n<h2><span lang=\"de\">Facilit\u00e0 d&#8217;uso<br \/>\n<\/span><\/h2>\n<p class=\"normal\"><span lang=\"de\">Per accedere a Keep2Share, \u00e8 possibile creare facilmente un account Keep2Share o registrarsi tramite Facebook o Google. Per utilizzare completamente l&#8217;account, \u00e8 necessario prima confermare l&#8217;indirizzo e-mail e quindi selezionare &#8220;I miei file&#8221;, &#8220;Il mio profilo&#8221; e &#8220;I miei preferiti&#8221;. Inoltre, troverai un modo per aggiornare il tuo account Keep2Share a un account premium. Grazie all&#8217;interfaccia user-friendly, non richiede molta esperienza per utilizzare appieno e godere dei servizi del fornitore.<\/span><\/p>\n<h2><span lang=\"de\">I vantaggi di un conto premium con Keep2Share<br \/>\n<\/span><\/h2>\n<p class=\"normal\"><span lang=\"de\">Con l&#8217;account Premium di Keep2Share si pu\u00f2 gi\u00e0 godere di una velocit\u00e0 veloce, che \u00e8 solo leggermente inferiore rispetto alla versione Premium Pro. Inoltre, \u00e8 possibile avere pi\u00f9 download in esecuzione contemporaneamente e possono essere facilmente monitorati, messi in pausa e continuati da un gestore di download.<br \/>\n<\/span><\/p>\n<p class=\"normal\"><span lang=\"de\">Ottenere di pi\u00f9 con l&#8217;account Keep2Share Premium Pro, che ti d\u00e0 la massima velocit\u00e0 e un controllo dei virus dei file. Inoltre, si dispone di pi\u00f9 spazio di archiviazione, l&#8217;uso illimitato dell&#8217;anteprima video e la memorizzazione dei file nella cartella Favorite Files. L&#8217;account Premium Pro consente anche di scaricare i file in modo anonimo, aumentando la dimensione massima dei file da 5 GB a 10 GB con questo pacchetto.<\/span><\/p>\n<h2><span lang=\"de\">La nostra conclusione su Keep2Share<br \/>\n<\/span><\/h2>\n<p class=\"normal\"><span lang=\"de\">Keep2Share non solo promette protezione completa dei dati e della privacy, ma offre anche tariffe interessanti per l&#8217;hosting e il download di file. \u00c8 possibile scegliere tra due tassi Keep2Share Premium, che sono gi\u00e0 disponibili per 31 o 38 centesimi al giorno. Se si desidera testare l&#8217;offerta del provider, \u00e8 anche possibile creare un account gratuito Keep2Share.<br \/>\n<\/span><\/p>\n<p class=\"normal\"><span lang=\"de\">Keep2Share Premium Account Pro offre ancora pi\u00f9 funzioni rispetto all&#8217;account Premium e consente di scaricare in modo anonimo i file, anteprima video illimitata e scaricare file fino a 10 GB di dimensione.<br \/>\n<\/span><\/p>\n<p class=\"normal\"><span lang=\"de\">Il pagamento pu\u00f2 essere effettuato con carta di credito e sono disponibili anche altri metodi di pagamento. Ulteriori procedure di sicurezza di VISA e MasterCard garantiscono la massima sicurezza, e molti altri metodi di pagamento sono possibili, ad eccezione di Paypal e Paysafe.<br \/>\n<\/span><\/p>\n<p><a class=\"fasc-button fasc-size-xlarge fasc-type-glossy fasc-rounded-medium ico-fa fasc-ico-after fa-share\" style=\"background-color: #43585e; color: #ffffff;\" target=\"_blank\" rel=\"nofollow\" href=\"https:\/\/multihoster.org\/keep2share\/goto\/\">Vai a Keep2Share.net<\/a><\/p>\n","protected":false},"excerpt":{"rendered":"<p>Filehoster Keep2Share offre ai suoi utenti il massimo livello di sicurezza e garantisce che tutti i dati siano tenuti assolutamente<\/p>\n","protected":false},"author":2,"featured_media":0,"parent":0,"menu_order":0,"comment_status":"closed","ping_status":"closed","template":"","meta":[],"yoast_head":"<!-- This site is optimized with the Yoast SEO plugin v18.3 - https:\/\/yoast.com\/wordpress\/plugins\/seo\/ -->\n<title>lll\u25b7 Keep2share Premium Account serio o no +++ Test su Multihoster.org<\/title>\n<meta name=\"description\" content=\"Se Keep2share \u00e8 un fornitore affidabile o meno, potete trovare la risposta nel test corrente su Multihoster.org \u279c Ora cliccate su \u271a per leggere le nostre esperienze!\" \/>\n<meta name=\"robots\" content=\"index, follow, max-snippet:-1, max-image-preview:large, max-video-preview:-1\" \/>\n<link rel=\"canonical\" href=\"https:\/\/multihoster.org\/it\/keep2share\/\" \/>\n<meta property=\"og:locale\" content=\"it_IT\" \/>\n<meta property=\"og:type\" content=\"article\" \/>\n<meta property=\"og:title\" content=\"lll\u25b7 Keep2share Premium Account serio o no +++ Test su Multihoster.org\" \/>\n<meta property=\"og:description\" content=\"Se Keep2share \u00e8 un fornitore affidabile o meno, potete trovare la risposta nel test corrente su Multihoster.org \u279c Ora cliccate su \u271a per leggere le nostre esperienze!\" \/>\n<meta property=\"og:url\" content=\"https:\/\/multihoster.org\/it\/keep2share\/\" \/>\n<meta property=\"og:site_name\" content=\"Multihoster.org\" \/>\n<meta property=\"article:modified_time\" content=\"2018-09-12T05:27:47+00:00\" \/>\n<meta property=\"og:image\" content=\"https:\/\/multihoster.org\/wp-content\/uploads\/2018\/05\/keep2share_logo-300x97.jpg\" \/>\n<meta name=\"twitter:card\" content=\"summary\" \/>\n<meta name=\"twitter:label1\" content=\"Tempo di lettura stimato\" \/>\n\t<meta name=\"twitter:data1\" content=\"5 minuti\" \/>\n<script type=\"application\/ld+json\" class=\"yoast-schema-graph\">{\"@context\":\"https:\/\/schema.org\",\"@graph\":[{\"@type\":\"WebSite\",\"@id\":\"https:\/\/multihoster.org\/#website\",\"url\":\"https:\/\/multihoster.org\/\",\"name\":\"Multihoster.org\",\"description\":\"Reviews of the major Filehosting services\",\"potentialAction\":[{\"@type\":\"SearchAction\",\"target\":{\"@type\":\"EntryPoint\",\"urlTemplate\":\"https:\/\/multihoster.org\/?s={search_term_string}\"},\"query-input\":\"required name=search_term_string\"}],\"inLanguage\":\"it-IT\"},{\"@type\":\"ImageObject\",\"@id\":\"https:\/\/multihoster.org\/it\/keep2share\/#primaryimage\",\"inLanguage\":\"it-IT\",\"url\":\"https:\/\/multihoster.org\/wp-content\/uploads\/2018\/05\/keep2share_logo.jpg\",\"contentUrl\":\"https:\/\/multihoster.org\/wp-content\/uploads\/2018\/05\/keep2share_logo.jpg\",\"width\":382,\"height\":123},{\"@type\":\"WebPage\",\"@id\":\"https:\/\/multihoster.org\/it\/keep2share\/#webpage\",\"url\":\"https:\/\/multihoster.org\/it\/keep2share\/\",\"name\":\"lll\u25b7 Keep2share Premium Account serio o no +++ Test su Multihoster.org\",\"isPartOf\":{\"@id\":\"https:\/\/multihoster.org\/#website\"},\"primaryImageOfPage\":{\"@id\":\"https:\/\/multihoster.org\/it\/keep2share\/#primaryimage\"},\"datePublished\":\"2018-05-22T17:19:22+00:00\",\"dateModified\":\"2018-09-12T05:27:47+00:00\",\"description\":\"Se Keep2share \u00e8 un fornitore affidabile o meno, potete trovare la risposta nel test corrente su Multihoster.org \u279c Ora cliccate su \u271a per leggere le nostre esperienze!\",\"breadcrumb\":{\"@id\":\"https:\/\/multihoster.org\/it\/keep2share\/#breadcrumb\"},\"inLanguage\":\"it-IT\",\"potentialAction\":[{\"@type\":\"ReadAction\",\"target\":[\"https:\/\/multihoster.org\/it\/keep2share\/\"]}]},{\"@type\":\"BreadcrumbList\",\"@id\":\"https:\/\/multihoster.org\/it\/keep2share\/#breadcrumb\",\"itemListElement\":[{\"@type\":\"ListItem\",\"position\":1,\"name\":\"Startseite\",\"item\":\"https:\/\/multihoster.org\/it\/\"},{\"@type\":\"ListItem\",\"position\":2,\"name\":\"Keep2Share Premium Account &#8211; Il Filehoster in sintesi\"}]}]}<\/script>\n<!-- \/ Yoast SEO plugin. -->","yoast_head_json":{"title":"lll\u25b7 Keep2share Premium Account serio o no +++ Test su Multihoster.org","description":"Se Keep2share \u00e8 un fornitore affidabile o meno, potete trovare la risposta nel test corrente su Multihoster.org \u279c Ora cliccate su \u271a per leggere le nostre esperienze!","robots":{"index":"index","follow":"follow","max-snippet":"max-snippet:-1","max-image-preview":"max-image-preview:large","max-video-preview":"max-video-preview:-1"},"canonical":"https:\/\/multihoster.org\/it\/keep2share\/","og_locale":"it_IT","og_type":"article","og_title":"lll\u25b7 Keep2share Premium Account serio o no +++ Test su Multihoster.org","og_description":"Se Keep2share \u00e8 un fornitore affidabile o meno, potete trovare la risposta nel test corrente su Multihoster.org \u279c Ora cliccate su \u271a per leggere le nostre esperienze!","og_url":"https:\/\/multihoster.org\/it\/keep2share\/","og_site_name":"Multihoster.org","article_modified_time":"2018-09-12T05:27:47+00:00","og_image":[{"url":"https:\/\/multihoster.org\/wp-content\/uploads\/2018\/05\/keep2share_logo-300x97.jpg"}],"twitter_card":"summary","twitter_misc":{"Tempo di lettura stimato":"5 minuti"},"schema":{"@context":"https:\/\/schema.org","@graph":[{"@type":"WebSite","@id":"https:\/\/multihoster.org\/#website","url":"https:\/\/multihoster.org\/","name":"Multihoster.org","description":"Reviews of the major Filehosting services","potentialAction":[{"@type":"SearchAction","target":{"@type":"EntryPoint","urlTemplate":"https:\/\/multihoster.org\/?s={search_term_string}"},"query-input":"required name=search_term_string"}],"inLanguage":"it-IT"},{"@type":"ImageObject","@id":"https:\/\/multihoster.org\/it\/keep2share\/#primaryimage","inLanguage":"it-IT","url":"https:\/\/multihoster.org\/wp-content\/uploads\/2018\/05\/keep2share_logo.jpg","contentUrl":"https:\/\/multihoster.org\/wp-content\/uploads\/2018\/05\/keep2share_logo.jpg","width":382,"height":123},{"@type":"WebPage","@id":"https:\/\/multihoster.org\/it\/keep2share\/#webpage","url":"https:\/\/multihoster.org\/it\/keep2share\/","name":"lll\u25b7 Keep2share Premium Account serio o no +++ Test su Multihoster.org","isPartOf":{"@id":"https:\/\/multihoster.org\/#website"},"primaryImageOfPage":{"@id":"https:\/\/multihoster.org\/it\/keep2share\/#primaryimage"},"datePublished":"2018-05-22T17:19:22+00:00","dateModified":"2018-09-12T05:27:47+00:00","description":"Se Keep2share \u00e8 un fornitore affidabile o meno, potete trovare la risposta nel test corrente su Multihoster.org \u279c Ora cliccate su \u271a per leggere le nostre esperienze!","breadcrumb":{"@id":"https:\/\/multihoster.org\/it\/keep2share\/#breadcrumb"},"inLanguage":"it-IT","potentialAction":[{"@type":"ReadAction","target":["https:\/\/multihoster.org\/it\/keep2share\/"]}]},{"@type":"BreadcrumbList","@id":"https:\/\/multihoster.org\/it\/keep2share\/#breadcrumb","itemListElement":[{"@type":"ListItem","position":1,"name":"Startseite","item":"https:\/\/multihoster.org\/it\/"},{"@type":"ListItem","position":2,"name":"Keep2Share Premium Account &#8211; Il Filehoster in sintesi"}]}]}},"_links":{"self":[{"href":"https:\/\/multihoster.org\/it\/wp-json\/wp\/v2\/pages\/316"}],"collection":[{"href":"https:\/\/multihoster.org\/it\/wp-json\/wp\/v2\/pages"}],"about":[{"href":"https:\/\/multihoster.org\/it\/wp-json\/wp\/v2\/types\/page"}],"author":[{"embeddable":true,"href":"https:\/\/multihoster.org\/it\/wp-json\/wp\/v2\/users\/2"}],"replies":[{"embeddable":true,"href":"https:\/\/multihoster.org\/it\/wp-json\/wp\/v2\/comments?post=316"}],"version-history":[{"count":8,"href":"https:\/\/multihoster.org\/it\/wp-json\/wp\/v2\/pages\/316\/revisions"}],"predecessor-version":[{"id":1357,"href":"https:\/\/multihoster.org\/it\/wp-json\/wp\/v2\/pages\/316\/revisions\/1357"}],"wp:attachment":[{"href":"https:\/\/multihoster.org\/it\/wp-json\/wp\/v2\/media?parent=316"}],"curies":[{"name":"wp","href":"https:\/\/api.w.org\/{rel}","templated":true}]}}