{"id":3172,"date":"2020-04-07T11:19:22","date_gmt":"2020-04-07T11:19:22","guid":{"rendered":"https:\/\/multihoster.org\/?page_id=3172"},"modified":"2020-05-29T14:46:18","modified_gmt":"2020-05-29T14:46:18","slug":"zippyshare","status":"publish","type":"page","link":"https:\/\/multihoster.org\/it\/zippyshare\/","title":{"rendered":"Zippyshare Premium Conto: Il Filehoster In Sintesi"},"content":{"rendered":"\n<p>Zippyshare Premium \u00e8 un <a rel=\"noreferrer noopener\" aria-label=\"servizio di file hosting (FHS) (opens in a new tab)\" href=\"https:\/\/cloud.google.com\/storage\" target=\"_blank\">servizio di file hosting (FHS)<\/a> che permette agli utenti di tutto il mondo di acquisire il cloud storage senza bisogno di registrazioni ed \u00e8 completamente gratuito. Zippyshare Premium non ha limiti di download e offre un grande cloud storage. Per saperne di pi\u00f9 su Zippyshare Premium, leggete gli argomenti successivi.<\/p>\n\n\n<a class=\"maxbutton-2 maxbutton maxbutton-cta\" target=\"_blank\" rel=\"nofollow noopener\" href=\"\/go\/\"><span class='mb-text'>&gt;&gt; Vai al sito web originale di Linkifier<\/span><\/a>\n\n\n<p><\/p>\n\n\n\n<h2>Retroscena di Zippyshare Premium<\/h2>\n\n\n\n<p>Zippyshare Premium \u00e8 stato lanciato nel 2006 da Tucows, Inc con sede in Francia. All&#8217;epoca lo storage era limitato da 50 megabyte (50 MB) a 80 megabyte (80 MB). Questo alla fine \u00e8 aumentato a cento megabyte (100 MB) e a tempo debito si \u00e8 evoluto con l&#8217;attuale tecnologia per offrire infinite quantit\u00e0 di cloud storage o storage online.<\/p>\n\n\n\n<figure class=\"wp-block-image\"><img src=\"https:\/\/lh5.googleusercontent.com\/jGG6ExEvxfLXvl7PU9quzMr96-jrFDO7CNN3Co5zBomf-zazQ8B5hToKCi1QhjvNOxFuVTntQ1C1aM8un7SfqlJ_yXHTC25smlgCgvmKFB9T0FRf5qUKFO3VxycFTqW2nqg1Rck\" alt=\"Zippyshare Website Layout\"\/><\/figure>\n\n\n\n<p>L&#8217;ultimo aggiornamento dell&#8217;interfaccia Zippyshare Premium<\/p>\n\n\n\n<p>Lo Zippyshare Premium si \u00e8 dimostrato sicuro e affidabile in quanto ha attualmente un (1) decennio, tre (3) anni e cinque (5) mesi. Questi sono i dettagli che dimostrano la legittimit\u00e0 della piattaforma Zippyshare Premium. L&#8217;account Zippyshare Premium \u00e8 gi\u00e0 affidabile da oltre un decennio e migliora continuamente per fornire il servizio di file hosting pi\u00f9 efficiente e innovativo sul cloud. Per saperne di pi\u00f9 sulla piattaforma Zippyshare Premium leggi i seguenti argomenti che spiegheranno ulteriormente i dettagli specifici della piattaforma.<\/p>\n\n\n\n<h2>Vantaggi dell&#8217;utilizzo di Zippyshare Premium<\/h2>\n\n\n\n<p>Rispetto ad altri servizi di file hosting (FHS) e di cloud storage, la piattaforma Zippyshare Premium ha numerosi vantaggi grazie agli esperti innovativi e flessibili di Tucows, Inc. Utilizzando le ultime tendenze nell&#8217;ingegneria del software e nella programmazione, la piattaforma Zippyshare Premium \u00e8 ricca di vantaggi per fornire la migliore esperienza utente nel servizio di file hosting (FHS) e nel web storage online o cloud storage. Nella tabella sottostante sono riportati i vantaggi dell&#8217;account Zippyshare Premium per l&#8217;altro fornitore di servizi di file hosting e di cloud storage concorrente.<\/p>\n\n\n\n<p>Tabella 1. Caratteristiche del vostro solito file hosting e Zippyshare Premium<\/p>\n\n\n\n<figure class=\"wp-block-table\"><table><tbody><tr><td>Caratteristica<\/td><td>Solito File Hosting Service Provider (FHS)<\/td><td>Zippyshare Premium<\/td><\/tr><tr><td>Tassa di manutenzione<\/td><td>Richiede il pagamento di almeno $ 20,00<\/td><td>Gratuito e senza costi nascosti<\/td><\/tr><tr><td>Accessibility<\/td><td>Ha un design molto tecnico del sito web<\/td><td>Ha un design del sito web molto innovativo ed ergonomico<\/td><\/tr><tr><td>Scarica il limite<\/td><td>Massimo 1 GB al giorno<\/td><td>Nessun limite di download<\/td><\/tr><tr><td>Dimensione massima del file da caricare<\/td><td>Caricamento di file di dimensioni massime molto piccole<\/td><td>Dimensione massima del file di 500 MB<\/td><\/tr><tr><td>Massima allocazione di stoccaggio<\/td><td>Massimo 1 GB al mese<\/td><td>Assegnazione di stoccaggio illimitata al mese<\/td><\/tr><tr><td>Larghezza di banda massima<\/td><td>Massimo 1 GB al mese<\/td><td>Larghezza di banda illimitata consentita<\/td><\/tr><tr><td>Protezione contro il furto di dati e il phishing dei dati<\/td><td>Vulnerabile al furto di dati e al phishing dei dati (tramite Adware, Spyware, Malware, Trojan Horse e worm)<\/td><td>Ha una <a rel=\"noreferrer noopener\" aria-label=\"protezione  (opens in a new tab)\" href=\"https:\/\/computersciencewiki.org\/index.php\/Client-side_scripting_and_server-side_scripting\" target=\"_blank\">protezione <\/a>contro Adware, Spyware, Malware, Trojan Horse e worm<\/td><\/tr><tr><td>Code e captchas richiesti<\/td><td>Necessario per riempire lunghe code e captchas<\/td><td>Non ha avuto lunghe code e captchas<\/td><\/tr><tr><td>Scadenza del file memorizzato<\/td><td>Massimo 15 giorni se non aggiornato<\/td><td>Massimo 1 mese dopo l&#8217;ultima attivit\u00e0<\/td><\/tr><tr><td>Obbligo di registrazione<\/td><td>Registrazione dell&#8217;account, verifica e login richiesti<\/td><td>Non \u00e8 richiesto il login<\/td><\/tr><\/tbody><\/table><\/figure>\n\n\n\n<p>Come avete presentato sopra, possiamo chiaramente vedere che la piattaforma Zippyshare Premium si distingue dal vostro abituale fornitore di servizi di file hosting della concorrenza in quanto \u00e8 gratuita e senza costi nascosti; ha un design del sito web molto innovativo ed ergonomico; non ha limiti di download; pu\u00f2 caricare file di dimensioni massime di cinquecento (500 MB); con un&#8217;allocazione di storage illimitata al mese; larghezza di banda illimitata consentita; ha una protezione contro Adware, Spyware, Malware, Trojan Horse e worm; non ha lunghe code e captchas; pu\u00f2 mantenere i vostri file fino a un (1) mese dopo la vostra ultima attivit\u00e0; e infine, l&#8217;account Zippyshare Premium non richiede alcuna registrazione o requisiti di login per i suoi utenti per accedere ai servizi di Zippyshare Premium perch\u00e9, sull&#8217;account Zippyshare Premium, ci preoccupiamo di zippare i vostri file pi\u00f9 importanti per voi da custodire e condividere.<\/p>\n\n\n\n<p>Per imparare e iniziare a godere dei suddetti vantaggi attraverso la funzione e le caratteristiche della piattaforma Zippyshare Premium, leggete l&#8217;argomento qui sotto e iniziate a mettere in sicurezza i vostri file pi\u00f9 importanti o a condividere i vostri ricordi pi\u00f9 belli secondo la vostra volont\u00e0.<\/p>\n\n\n\n<h2>Utilizzo del premio Zippyshare<\/h2>\n\n\n\n<p>L&#8217;utilizzo della piattaforma Zippyshare Premium \u00e8 molto semplice. Sia che il vostro personal computer abbia installato Windows, macOS, Linux o Unix o che il vostro dispositivo sia un Android o iOS potrete accedere facilmente alla sua pagina web attraverso la sua pagina web dinamica. Seguite il tutorial qui sotto e iniziate a utilizzare Zippyshare Premium.<\/p>\n\n\n<a class=\"maxbutton-2 maxbutton maxbutton-cta\" target=\"_blank\" rel=\"nofollow noopener\" href=\"\/go\/\"><span class='mb-text'>&gt;&gt; Vai al sito web originale di Linkifier<\/span><\/a>\n\n\n<p><\/p>\n\n\n\n<figure class=\"wp-block-image\"><img src=\"https:\/\/lh4.googleusercontent.com\/EFl5s6kpJizQDTuwrRpBT6PMrDMgmMYyY2iX2Ak0KMnrA6_oTqZA3_MRaqnwT5L3_1KarpiQicNkY5T2CYCqGeFmKfKcWxsnkdFo7VUEoofIrsHrbsraZOASi8TXaDm6fznAp0M\" alt=\"Zippshare Premium Across Different Devices\"\/><\/figure>\n\n\n\n<p>L&#8217;account Zippyshare Premium ha un sito web dinamico che funziona su diversi dispositivi<\/p>\n\n\n\n<p>1. Basta selezionare il file che si desidera caricare e memorizzarlo sulla piattaforma Zippyshare Premium cliccando sul pulsante &#8220;Sfoglia&#8221;. Dopo aver cliccato il pulsante &#8220;Sfoglia&#8221;, apparir\u00e0 un gestore di file pop-up per individuare il vostro file. Il caricamento dei file sulla piattaforma Zippyshare Premium non sar\u00e0 ostacolato indipendentemente dal tipo di file. Qualsiasi tipo di <a rel=\"noreferrer noopener\" aria-label=\"file (opens in a new tab)\" href=\"https:\/\/en.wikipedia.org\/wiki\/List_of_file_formats\" target=\"_blank\">file<\/a>, che si tratti di immagini, audio, video, documenti, presentazioni e tutti gli altri file possono essere caricati sulla piattaforma Zippyshare Premium. \u00c8 possibile caricare un massimo di cinquecento megabyte (500 MB) per file sulla piattaforma Zippyshare Premium.<\/p>\n\n\n\n<p>2. Dopo aver selezionato il vostro file, potete caricarlo immediatamente cliccando sul pulsante &#8220;Start Upload&#8221;. Vedrete l&#8217;avanzamento del caricamento in percentuale nello stato di caricamento dell&#8217;account Zippyshare Premium a comparsa. Fate attenzione a non uscire dal vostro browser e a non scollegarvi dalla vostra connessione internet per evitare la corruzione dei dati, la perdita di dati o l&#8217;annullamento del caricamento dei file.<\/p>\n\n\n\n<p>3. Infine, una volta completato il caricamento, \u00e8 possibile impostare la privacy del file in pubblico, privato o mostrare a persone selezionate. In sostanza, quando impostate la privacy del vostro file in pubblico, il vostro file pu\u00f2 essere visto da altri utenti nella piattaforma Zippyshare Premium e sar\u00e0 ricercabile da altri utenti. Questa funzione massimizza la condivisibilit\u00e0 del vostro file o dei vostri file. Quando impostate la privacy del vostro file su privato, solo voi che usate il vostro account potete accedere al vostro file nella piattaforma Zippyshare Premium. In seguito, se avete selezionato la privacy del vostro file da mostrare a persone selezionate, vi sar\u00e0 richiesto di inserire il nome o gli indirizzi e-mail delle persone che volete condividere il vostro file.<\/p>\n\n\n\n<p>Si noti che ogni file avr\u00e0 un link univoco al sito web Zippyshare Premium per scaricare il vostro file. I file che sono impostati come privati o che devono essere mostrati solo a persone selezionate non possono essere accessibili ad altri utenti anonimi, a meno che non si permetta il loro accesso. Zippyshare Premium si preoccupa della condivisibilit\u00e0 dei vostri file e della vostra privacy per proteggervi da tutti gli Adware, Spyware, Malware, Trojan Horse e worm indesiderati che possono effettuare il furto di dati e il phishing dei dati attraverso il vostro account.<\/p>\n\n\n\n<p>Inoltre, la piattaforma Zippyshare Premium pu\u00f2 sicuramente funzionare in tutti i browser disponibili, che si tratti di Microsoft Internet Explorer, Microsoft Edge, Mozilla Firefox, Safari, Opera Tor e tutti gli altri principali browser Internet su tutti i dispositivi. Gli esperti di Tucows, Inc. hanno fatto in modo che l&#8217;accessibilit\u00e0 del sito web Zippyshare Premium sia disponibile in modo attivo e dinamico in qualsiasi dispositivo in tutto il mondo, utilizzando una <a rel=\"noreferrer noopener\" aria-label=\"programmazione  (opens in a new tab)\" href=\"https:\/\/www.khanacademy.org\/computing\/computer-programming\/programming\/intro-to-programming\/v\/programming-intro\" target=\"_blank\">programmazione <\/a>avanzata del computer e sofisticati algoritmi.<\/p>\n\n\n\n<h2>Informazioni sul problema della frode Zippyshare Premium<\/h2>\n\n\n\n<p>La piattaforma Zippyshare Premium sostenuta da Tucows, Inc. \u00e8 un sito web completamente legittimo e verificato. I dati numerici sono stati pubblicati sopra per dimostrare che la piattaforma Zippyshare Premium non \u00e8 un prodotto fraudolento, ma \u00e8 un fornitore di servizi di hosting di file e di cloud storage, fornitore di servizi di hosting di file completamente reale. L&#8217;account Zippyshare Premium si prende cura di tutti i vostri file, mentre zippiamo i vostri file pi\u00f9 importanti per voi da custodire e condividere.<\/p>\n\n\n\n<h2>Pensieri finali su Zippyshare Premium<\/h2>\n\n\n\n<p>La piattaforma Zippyshare Premium \u00e8 collaudata da oltre un decennio per mantenere i vostri file al sicuro e protetti da eventuali tracker e hacker indesiderati. Zippyshare Premium si prende cura dei vostri file pi\u00f9 importanti da conservare e condividere. Iniziate a utilizzare l&#8217;account Zippyshare Premium e sperimentate le ultime novit\u00e0 nel servizio di file hosting (FHS) e nel cloud storage utilizzando la piattaforma Zippyshare Premium.<\/p>\n\n\n\n<h2>Domande frequenti sul conto Zippyshare Premium<\/h2>\n\n\n\n<h3>1. La piattaforma Zippyshare Premium \u00e8 legittima e non \u00e8 una truffa?<\/h3>\n\n\n\n<p>La piattaforma Zippyshare Premium \u00e8 stata sviluppata da Tucows, Inc con sede in Francia. si \u00e8 dimostrata sicura e affidabile per un (1) decennio, tre (3) anni e cinque (5) mesi dal suo lancio nel 2006.<\/p>\n\n\n\n<h3>2. Come guadagna lo Zippyshare Premium quando fornisce i suoi servizi gratuitamente?<\/h3>\n\n\n\n<p>La piattaforma di file hosting (FHS) guadagna attraverso i suoi annunci incorporati nel sito web Zippyshare Premium. Si stima che possa guadagnare fino a trentacinque mila novecentocinquantatr\u00e9 dollari (35.953,00 dollari) al giorno e che valga circa trentotto milioni ottocentoventinovemila duecentoquaranta dollari (38.829.240,00 dollari).<\/p>\n\n\n\n<h3>3. Quando scadr\u00e0 il dominio Zippyshare Premium?<\/h3>\n\n\n\n<p>Lo stato del dominio Zippyshare Premium scadr\u00e0 il 6 settembre 2021, ovvero tra quasi due (2) anni.  \u00c8 ancora ed \u00e8 sempre contrassegnato come SICURO da cutestat.org per la completa assenza di qualsiasi problema di rischio che lo ha reso abbastanza famoso da essere visitato quotidianamente da quattro milioni quattrocentoquarantanovemila (4.494.077) persone diverse provenienti da tutto il mondo con il suo sito web visualizzato trentacinque milioni novecentocinquantaduemila e seicentosei (35.952.616) pageview giornalieri. Attualmente \u00e8 il numero trecentonovantotto (398) del Rank Alexa. La piattaforma \u00e8 inoltre indicizzata da Google per un milione e seicentotrentamila con backlink di Google fino a diciannove milioni e ottocentomila (19.800.000). Gli sviluppatori, Tucows, Inc. hanno fatto in modo che i suoi utenti possano garantire la sicurezza e l&#8217;incolumit\u00e0 dei loro file nella piattaforma, dato che l&#8217;account Zippyshare Premium zippa i loro file pi\u00f9 importanti per farne tesoro e condividerli.<\/p>\n\n\n<a class=\"maxbutton-2 maxbutton maxbutton-cta\" target=\"_blank\" rel=\"nofollow noopener\" href=\"\/go\/\"><span class='mb-text'>&gt;&gt; Vai al sito web originale di Linkifier<\/span><\/a>\n\n\n<p><\/p>\n","protected":false},"excerpt":{"rendered":"<p>Zippyshare Premium \u00e8 un servizio di file hosting (FHS) che permette agli utenti di tutto il mondo di acquisire il<\/p>\n","protected":false},"author":2,"featured_media":0,"parent":0,"menu_order":0,"comment_status":"closed","ping_status":"closed","template":"","meta":[],"yoast_head":"<!-- This site is optimized with the Yoast SEO plugin v18.3 - https:\/\/yoast.com\/wordpress\/plugins\/seo\/ -->\n<title>Zippyshare Premium Conto: Il Filehoster In Sintesi<\/title>\n<meta name=\"description\" content=\"Se Zippyshare \u00e8 un fornitore affidabile o no, potete trovare la risposta nel test in corso su Multihoster.org \u279c Cliccate ora \u271a per leggere le nostre esperienze!\" \/>\n<meta name=\"robots\" content=\"index, follow, max-snippet:-1, max-image-preview:large, max-video-preview:-1\" \/>\n<link rel=\"canonical\" href=\"https:\/\/multihoster.org\/it\/zippyshare\/\" \/>\n<meta property=\"og:locale\" content=\"it_IT\" \/>\n<meta property=\"og:type\" content=\"article\" \/>\n<meta property=\"og:title\" content=\"Zippyshare Premium Conto: Il Filehoster In Sintesi\" \/>\n<meta property=\"og:description\" content=\"Se Zippyshare \u00e8 un fornitore affidabile o no, potete trovare la risposta nel test in corso su Multihoster.org \u279c Cliccate ora \u271a per leggere le nostre esperienze!\" \/>\n<meta property=\"og:url\" content=\"https:\/\/multihoster.org\/it\/zippyshare\/\" \/>\n<meta property=\"og:site_name\" content=\"Multihoster.org\" \/>\n<meta property=\"article:modified_time\" content=\"2020-05-29T14:46:18+00:00\" \/>\n<meta property=\"og:image\" content=\"https:\/\/lh5.googleusercontent.com\/jGG6ExEvxfLXvl7PU9quzMr96-jrFDO7CNN3Co5zBomf-zazQ8B5hToKCi1QhjvNOxFuVTntQ1C1aM8un7SfqlJ_yXHTC25smlgCgvmKFB9T0FRf5qUKFO3VxycFTqW2nqg1Rck\" \/>\n<meta name=\"twitter:card\" content=\"summary\" \/>\n<meta name=\"twitter:label1\" content=\"Tempo di lettura stimato\" \/>\n\t<meta name=\"twitter:data1\" content=\"8 minuti\" \/>\n<script type=\"application\/ld+json\" class=\"yoast-schema-graph\">{\"@context\":\"https:\/\/schema.org\",\"@graph\":[{\"@type\":\"WebSite\",\"@id\":\"https:\/\/multihoster.org\/#website\",\"url\":\"https:\/\/multihoster.org\/\",\"name\":\"Multihoster.org\",\"description\":\"Reviews of the major Filehosting services\",\"potentialAction\":[{\"@type\":\"SearchAction\",\"target\":{\"@type\":\"EntryPoint\",\"urlTemplate\":\"https:\/\/multihoster.org\/?s={search_term_string}\"},\"query-input\":\"required name=search_term_string\"}],\"inLanguage\":\"it-IT\"},{\"@type\":\"ImageObject\",\"@id\":\"https:\/\/multihoster.org\/it\/zippyshare\/#primaryimage\",\"inLanguage\":\"it-IT\",\"url\":\"https:\/\/lh5.googleusercontent.com\/jGG6ExEvxfLXvl7PU9quzMr96-jrFDO7CNN3Co5zBomf-zazQ8B5hToKCi1QhjvNOxFuVTntQ1C1aM8un7SfqlJ_yXHTC25smlgCgvmKFB9T0FRf5qUKFO3VxycFTqW2nqg1Rck\",\"contentUrl\":\"https:\/\/lh5.googleusercontent.com\/jGG6ExEvxfLXvl7PU9quzMr96-jrFDO7CNN3Co5zBomf-zazQ8B5hToKCi1QhjvNOxFuVTntQ1C1aM8un7SfqlJ_yXHTC25smlgCgvmKFB9T0FRf5qUKFO3VxycFTqW2nqg1Rck\"},{\"@type\":\"WebPage\",\"@id\":\"https:\/\/multihoster.org\/it\/zippyshare\/#webpage\",\"url\":\"https:\/\/multihoster.org\/it\/zippyshare\/\",\"name\":\"Zippyshare Premium Conto: Il Filehoster In Sintesi\",\"isPartOf\":{\"@id\":\"https:\/\/multihoster.org\/#website\"},\"primaryImageOfPage\":{\"@id\":\"https:\/\/multihoster.org\/it\/zippyshare\/#primaryimage\"},\"datePublished\":\"2020-04-07T11:19:22+00:00\",\"dateModified\":\"2020-05-29T14:46:18+00:00\",\"description\":\"Se Zippyshare \u00e8 un fornitore affidabile o no, potete trovare la risposta nel test in corso su Multihoster.org \u279c Cliccate ora \u271a per leggere le nostre esperienze!\",\"breadcrumb\":{\"@id\":\"https:\/\/multihoster.org\/it\/zippyshare\/#breadcrumb\"},\"inLanguage\":\"it-IT\",\"potentialAction\":[{\"@type\":\"ReadAction\",\"target\":[\"https:\/\/multihoster.org\/it\/zippyshare\/\"]}]},{\"@type\":\"BreadcrumbList\",\"@id\":\"https:\/\/multihoster.org\/it\/zippyshare\/#breadcrumb\",\"itemListElement\":[{\"@type\":\"ListItem\",\"position\":1,\"name\":\"Startseite\",\"item\":\"https:\/\/multihoster.org\/it\/\"},{\"@type\":\"ListItem\",\"position\":2,\"name\":\"Zippyshare Premium Conto: Il Filehoster In Sintesi\"}]}]}<\/script>\n<!-- \/ Yoast SEO plugin. -->","yoast_head_json":{"title":"Zippyshare Premium Conto: Il Filehoster In Sintesi","description":"Se Zippyshare \u00e8 un fornitore affidabile o no, potete trovare la risposta nel test in corso su Multihoster.org \u279c Cliccate ora \u271a per leggere le nostre esperienze!","robots":{"index":"index","follow":"follow","max-snippet":"max-snippet:-1","max-image-preview":"max-image-preview:large","max-video-preview":"max-video-preview:-1"},"canonical":"https:\/\/multihoster.org\/it\/zippyshare\/","og_locale":"it_IT","og_type":"article","og_title":"Zippyshare Premium Conto: Il Filehoster In Sintesi","og_description":"Se Zippyshare \u00e8 un fornitore affidabile o no, potete trovare la risposta nel test in corso su Multihoster.org \u279c Cliccate ora \u271a per leggere le nostre esperienze!","og_url":"https:\/\/multihoster.org\/it\/zippyshare\/","og_site_name":"Multihoster.org","article_modified_time":"2020-05-29T14:46:18+00:00","og_image":[{"url":"https:\/\/lh5.googleusercontent.com\/jGG6ExEvxfLXvl7PU9quzMr96-jrFDO7CNN3Co5zBomf-zazQ8B5hToKCi1QhjvNOxFuVTntQ1C1aM8un7SfqlJ_yXHTC25smlgCgvmKFB9T0FRf5qUKFO3VxycFTqW2nqg1Rck"}],"twitter_card":"summary","twitter_misc":{"Tempo di lettura stimato":"8 minuti"},"schema":{"@context":"https:\/\/schema.org","@graph":[{"@type":"WebSite","@id":"https:\/\/multihoster.org\/#website","url":"https:\/\/multihoster.org\/","name":"Multihoster.org","description":"Reviews of the major Filehosting services","potentialAction":[{"@type":"SearchAction","target":{"@type":"EntryPoint","urlTemplate":"https:\/\/multihoster.org\/?s={search_term_string}"},"query-input":"required name=search_term_string"}],"inLanguage":"it-IT"},{"@type":"ImageObject","@id":"https:\/\/multihoster.org\/it\/zippyshare\/#primaryimage","inLanguage":"it-IT","url":"https:\/\/lh5.googleusercontent.com\/jGG6ExEvxfLXvl7PU9quzMr96-jrFDO7CNN3Co5zBomf-zazQ8B5hToKCi1QhjvNOxFuVTntQ1C1aM8un7SfqlJ_yXHTC25smlgCgvmKFB9T0FRf5qUKFO3VxycFTqW2nqg1Rck","contentUrl":"https:\/\/lh5.googleusercontent.com\/jGG6ExEvxfLXvl7PU9quzMr96-jrFDO7CNN3Co5zBomf-zazQ8B5hToKCi1QhjvNOxFuVTntQ1C1aM8un7SfqlJ_yXHTC25smlgCgvmKFB9T0FRf5qUKFO3VxycFTqW2nqg1Rck"},{"@type":"WebPage","@id":"https:\/\/multihoster.org\/it\/zippyshare\/#webpage","url":"https:\/\/multihoster.org\/it\/zippyshare\/","name":"Zippyshare Premium Conto: Il Filehoster In Sintesi","isPartOf":{"@id":"https:\/\/multihoster.org\/#website"},"primaryImageOfPage":{"@id":"https:\/\/multihoster.org\/it\/zippyshare\/#primaryimage"},"datePublished":"2020-04-07T11:19:22+00:00","dateModified":"2020-05-29T14:46:18+00:00","description":"Se Zippyshare \u00e8 un fornitore affidabile o no, potete trovare la risposta nel test in corso su Multihoster.org \u279c Cliccate ora \u271a per leggere le nostre esperienze!","breadcrumb":{"@id":"https:\/\/multihoster.org\/it\/zippyshare\/#breadcrumb"},"inLanguage":"it-IT","potentialAction":[{"@type":"ReadAction","target":["https:\/\/multihoster.org\/it\/zippyshare\/"]}]},{"@type":"BreadcrumbList","@id":"https:\/\/multihoster.org\/it\/zippyshare\/#breadcrumb","itemListElement":[{"@type":"ListItem","position":1,"name":"Startseite","item":"https:\/\/multihoster.org\/it\/"},{"@type":"ListItem","position":2,"name":"Zippyshare Premium Conto: Il Filehoster In Sintesi"}]}]}},"_links":{"self":[{"href":"https:\/\/multihoster.org\/it\/wp-json\/wp\/v2\/pages\/3172"}],"collection":[{"href":"https:\/\/multihoster.org\/it\/wp-json\/wp\/v2\/pages"}],"about":[{"href":"https:\/\/multihoster.org\/it\/wp-json\/wp\/v2\/types\/page"}],"author":[{"embeddable":true,"href":"https:\/\/multihoster.org\/it\/wp-json\/wp\/v2\/users\/2"}],"replies":[{"embeddable":true,"href":"https:\/\/multihoster.org\/it\/wp-json\/wp\/v2\/comments?post=3172"}],"version-history":[{"count":3,"href":"https:\/\/multihoster.org\/it\/wp-json\/wp\/v2\/pages\/3172\/revisions"}],"predecessor-version":[{"id":4577,"href":"https:\/\/multihoster.org\/it\/wp-json\/wp\/v2\/pages\/3172\/revisions\/4577"}],"wp:attachment":[{"href":"https:\/\/multihoster.org\/it\/wp-json\/wp\/v2\/media?parent=3172"}],"curies":[{"name":"wp","href":"https:\/\/api.w.org\/{rel}","templated":true}]}}