{"id":3242,"date":"2020-04-07T15:14:19","date_gmt":"2020-04-07T15:14:19","guid":{"rendered":"https:\/\/multihoster.org\/pobierz\/"},"modified":"2020-05-29T15:24:45","modified_gmt":"2020-05-29T15:24:45","slug":"pobierz","status":"publish","type":"page","link":"https:\/\/multihoster.org\/it\/pobierz\/","title":{"rendered":"Pobierz Premium Conto: Il Filehoster In Sintesi"},"content":{"rendered":"<a class=\"maxbutton-2 maxbutton maxbutton-cta\" target=\"_blank\" rel=\"nofollow noopener\" href=\"\/go\/\"><span class='mb-text'>&gt;&gt; Vai al sito web originale di Linkifier<\/span><\/a>\n\n\n<figure class=\"wp-block-image\"><img src=\"https:\/\/lh5.googleusercontent.com\/3wfv5DvQ8nXJrn63afXmHk3vHDU2P9Qc52t0gcb1DGySTk2gMQeM2Xw8-xt8A3_h79_uhIAePowyrlqubfV6Jkh3GlmEnY9ZOdwMTu8kqoaQZ7Ew4S7urFH2qT9pQxRCA3n63XM\" alt=\"Pobierz Logo\"\/><\/figure>\n\n\n\n<p>Pobierz \u00e8 un servizio di <a href=\"https:\/\/www.techopedia.com\/definition\/25310\/file-hosting-service\" target=\"_blank\" rel=\"noreferrer noopener\" aria-label=\"filehosting  (opens in a new tab)\">filehosting <\/a>che offre facili soluzioni di condivisione per voi e i vostri amici o coetanei. Anche se meno popolare di molti altri hoster di file, non si pu\u00f2 negare che Pobierz abbia qualcosa da dire sulla qualit\u00e0 del servizio. Per non parlare dell&#8217;alta enfasi sulla sicurezza che manca alla maggior parte dei servizi di file hosting. Pobierz supporta anche quasi tutti i tipi di file, fornendo flessibilit\u00e0 ai suoi utenti. Con una qualit\u00e0 del servizio che \u00e8 alla pari con la maggior parte dei file hoster pi\u00f9 popolari, Pobierz rimane ancora come uno dei pi\u00f9 economici servizio di file hosting online.<\/p>\n\n\n\n<p>Tuttavia, nonostante queste caratteristiche di cui il conto gratuito Pobierz pu\u00f2 godere liberamente, il loro conto aggiornato pu\u00f2 offrire un servizio ancora migliore. I titolari di un account Pobierz Premium hanno diritto a notevoli miglioramenti per quanto riguarda la velocit\u00e0, il limite di download e la capacit\u00e0 di memoria, tutti con un costo di abbonamento molto basso.<\/p>\n\n\n\n<figure class=\"wp-block-image\"><img src=\"https:\/\/lh3.googleusercontent.com\/Poc3zmnhybCZ6FYacWZHTat-CFbQP_-L93ZhxzPDd6VDqJRdfcSPowg06SmyrAVlwdi_vrxsl881fgTzHMFsFIgH2-7EsjxhaTNs4VDZZHiqcBPeIpBwGM7ZTfPwSagmy2vPs_Y\" alt=\"Pobierz Premium website\"\/><\/figure>\n\n\n\n<h2>Pobierz Premium Notevole Caratteristiche<\/h2>\n\n\n\n<h3>Maggiore capacit\u00e0 di stoccaggio<\/h3>\n\n\n\n<p>L&#8217;utilizzo di un account Pobierz Premium consente di usufruire di uno spazio su disco fino a 10TB. Perfetto se volete fare scorta di file di grandi dimensioni come video, film di alta qualit\u00e0 e altri tipi di media. I creatori di contenuti digitali possono creare backup e archivi dei loro contenuti nel loro <a href=\"https:\/\/searchstorage.techtarget.com\/definition\/cloud-storage\" target=\"_blank\" rel=\"noreferrer noopener\" aria-label=\"cloud storage (opens in a new tab)\">cloud storage<\/a> online.<\/p>\n\n\n\n<h3>Nessun annuncio<\/h3>\n\n\n\n<p>Gli annunci possono essere molto fastidiosi e possono contenere malware che possono danneggiare il vostro dispositivo, ma in altri siti di file hosting gratuito, questo \u00e8 l&#8217;unico modo per loro di ricevere ricavi. Ma l&#8217;acquisto di un account Pobierz Premium disabilita automaticamente qualsiasi annuncio o pop-up mentre si utilizza il loro servizio di archiviazione online.<\/p>\n\n\n\n<h3>Velocit\u00e0 di download illimitata<\/h3>\n\n\n\n<p>Gli utenti gratuiti sono messi in una priorit\u00e0 pi\u00f9 bassa nel traffico dati, ma i proprietari di account Pobierz Premium hanno un&#8217;allocazione di larghezza di banda pi\u00f9 alta che permette un download pi\u00f9 veloce di file e media. Con Pobierz, un facile accesso ai file \u00e8 possibile grazie alla velocit\u00e0 di download illimitata e alla maggiore larghezza di banda concessa ai proprietari di account premium.<\/p>\n\n\n\n<h3>Scaricare pi\u00f9 file<\/h3>\n\n\n\n<p>Avere la possibilit\u00e0 di scaricare pi\u00f9 file \u00e8 molto utile se si ha fretta, ma purtroppo l&#8217;account gratuito non ha il supporto per tale funzione. Per utilizzare la funzione di download multiplo dovrai utilizzare un account Pobierz Premium. Ma \u00e8 molto efficiente e questa funzione \u00e8 uno dei motivi per cui pi\u00f9 persone ottengono il proprio account Pobierz Premium. Potete scaricare tutti i file che volete contemporaneamente, la vostra connessione internet \u00e8 l&#8217;unico limite.<\/p>\n\n\n\n<h3>Scarica il supporto per l&#8217;acceleratore<\/h3>\n\n\n\n<p>Se avete ancora bisogno di una maggiore <a href=\"http:\/\/ask-leo.com\/how_do_download_accelerators_work.html\" target=\"_blank\" rel=\"noreferrer noopener\" aria-label=\"velocit\u00e0 di download (opens in a new tab)\">velocit\u00e0 di download<\/a>, potete usare gli acceleratori per il download. Fortunatamente, il Pobierz Premium ha un supporto completo su tutti gli acceleratori per il download disponibili online. Questa funzione permette agli utenti di migliorare completamente la loro velocit\u00e0 di download rendendo l&#8217;accesso ai loro file e ai media pi\u00f9 veloce e pi\u00f9 facile.<\/p>\n\n\n\n<h3>Archiviazione online sicura<\/h3>\n\n\n\n<p>Il Pobierz Premium ha uno dei servizi di archiviazione online pi\u00f9 sicuri sul mercato. Potresti voler essere sicuro della sicurezza dei tuoi file, soprattutto se si tratta di documenti o di contenuti in generale. Anche se stai salvando tutti i tuoi film preferiti nel tuo cloud storage, la sicurezza dei file \u00e8 comunque molto importante.<\/p>\n\n\n\n<h2>Come ottenere il proprio account Pobierz Premium<\/h2>\n\n\n\n<p>Ottenere il proprio conto Pobierz Premium \u00e8 piuttosto facile. Offrono diversi metodi di pagamento per soddisfare qualsiasi cliente. Accettano VISA, MasterCard e Paypal. DotPay \u00e8 disponibile anche come metodo di pagamento.<\/p>\n\n\n\n<p><strong>Scegliere un metodo di pagamento:<\/strong><\/p>\n\n\n\n<figure class=\"wp-block-table\"><table><tbody><tr><td><\/td><td>VISA e\/o MasterCard<\/td><td>3 Giorni Premium al costo di \u20ac 4,00<\/td><\/tr><tr><td><\/td><td>DotPay<\/td><td>3 Giorni Premium costano 6,00 PLN<\/td><\/tr><tr><td><\/td><td>Acquista il Buono Premium tramite Takevoucher.com<\/td><td>Dove un potenziale utente pu\u00f2 acquistare un voucher Premium e pu\u00f2 essere pagato tramite Paypal, Visa, MasterCard, Bitcoin e Amazon.Dopo aver selezionato questo pagamento, \u00e8 necessario selezionare nuovamente il pacchetto desiderato<\/td><\/tr><tr><td><\/td><td>Acquista il Buono Premium tramite KeyInstant.com<\/td><td> Dove un potenziale utente pu\u00f2 acquistare un voucher Premium e pu\u00f2 essere pagato tramite Paypal, Visa, MasterCard, Bitcoin e Amazon.<\/td><\/tr><tr><td><\/td><td>Altri metodi di pagamento esteri come Paysera, SafetyPay, HSBC, Nordea, Maxima, Barclays, SwedBank, Lloyds Bank, Sofort, DNB, RBS, WebMoney, Bitcoin ecc.<\/td><td>Messaggio Pobierz supporto per l&#8217;elenco dei partner del metodo di pagamento.<\/td><\/tr><tr><td><\/td><td>Servizio SMS<\/td><td>Paga utilizzando il servizio SMS. Pagamenti via SMS disponibili solo su un conto utente esistente.<\/td><\/tr><\/tbody><\/table><\/figure>\n\n\n<a class=\"maxbutton-2 maxbutton maxbutton-cta\" target=\"_blank\" rel=\"nofollow noopener\" href=\"\/go\/\"><span class='mb-text'>&gt;&gt; Vai al sito web originale di Linkifier<\/span><\/a>\n\n\n<p><\/p>\n\n\n\n<h2>Vai aVantaggi di un account Pobierz Premium il sito web originale di Linkifier<\/h2>\n\n\n\n<p>\u2714\ufe0f Scaricamento diretto, niente pi\u00f9 attese.<\/p>\n\n\n\n<p>\u2714\ufe0f Free of Ads &#8211; Massimizza l&#8217;utilizzo del tuo account senza alcuna interruzione.<\/p>\n\n\n\n<p>\u2714\ufe0f Numero illimitato di download simultanei &#8211; Utilizzatelo fino all&#8217;estremo delle vostre risorse.<\/p>\n\n\n\n<p>\u2714\ufe0f Massima velocit\u00e0 di download &#8211; Tempo di download senza problemi.<\/p>\n\n\n\n<p>\u2714\ufe0f Supporto per il download di acceleratori<\/p>\n\n\n\n<p>\u2714\ufe0f Superficie del disco illimitata &#8211; Godetevi il disco esterno senza limiti.<\/p>\n\n\n\n<p>\u2714\ufe0f Archiviazione di file senza restrizioni<\/p>\n\n\n\n<p>\u2714\ufe0f Dimensione del file fino a 10GB &#8211; Wow!<\/p>\n\n\n\n<h2>Domande frequenti (FAQ)<\/h2>\n\n\n\n<h3><strong>Q<\/strong>: Il servizio Pobierz \u00e8 gratuito?<\/h3>\n\n\n\n<p><strong>A<\/strong>: S\u00ec, il caricamento e il download sono gratuiti. Ma forniamo un servizio di account premium che autorizza una maggiore flessibilit\u00e0 di upload e\/o download.<\/p>\n\n\n\n<h3><strong>Q<\/strong>: I miei file che ho memorizzato saranno cancellati?<\/h3>\n\n\n\n<p><strong>A<\/strong>: Per gli utenti senza un account (ospite) o con un account gratuito, i file saranno conservati solo per 30 giorni. I file o i documenti per l&#8217;account Premium vengono memorizzati senza limitazioni. In linea con le regole e i regolamenti del sito web.<\/p>\n\n\n\n<h3><strong>Q<\/strong>: Quanti file posso trasferire sul mio conto?<\/h3>\n\n\n\n<p><strong>A<\/strong>: \u00c8 possibile caricare qualsiasi numero di file, purch\u00e9 il loro contenuto sia conforme alle nostre norme e non superi le dimensioni consentite.<\/p>\n\n\n\n<h3><strong>Q<\/strong>: Quali tipi di file posso caricare?<\/h3>\n\n\n\n<p><strong>A<\/strong>: \u00c8 possibile caricare qualsiasi tipo di file su cui si dispone di diritti che non influiscono sul rating inferiore agli standard della piattaforma, non intimidiscono i titolari di account e l&#8217;amministratore del sito, e non ingannano nessuno, in accordo con l&#8217;ordine del sito.<\/p>\n\n\n\n<h3><strong>Q<\/strong>: Ci sono dei vincoli sul volume dei miei file caricati?<\/h3>\n\n\n\n<p><strong>A<\/strong>: Ogni file deve essere pi\u00f9 piccolo di 10,00 GB. Questo lato deve essere l&#8217;unico limite.<\/p>\n\n\n\n<h3><strong>Q<\/strong>: \u00c8 possibile continuare a scaricare?<\/h3>\n\n\n\n<p><strong>A<\/strong>: S\u00ec, \u00e8 possibile continuare il download per un massimo di 2 minuti dopo un trasferimento interferito, senza ricalcolare il trasferimento per il file scaricato.<\/p>\n\n\n\n<h3><strong>Q<\/strong>: Come posso ingrandire\/rideterminare il mio limite di trasferimento giornaliero?<\/h3>\n\n\n\n<p><strong>A<\/strong>: Basta acquistare o prolungare il servizio del vostro conto Pobierz Premium e il trasferimento sar\u00e0 automaticamente &#8220;azzerato&#8221;.<\/p>\n\n\n\n<h2>Perch\u00e9 il sito web di Pobierz non \u00e8 disponibile in questo momento?<\/h2>\n\n\n\n<figure class=\"wp-block-image\"><img src=\"https:\/\/lh6.googleusercontent.com\/1-c0Di-QKZ4ot-F-my44mxt__MYaNhu35C_qGkstJU2Z7VqKFpBbBzTfvY5IXMY9EhhO6nCsKEb-gKl6UmFEUIBou-T11BHy0ZrV9NSmqjrYwaThwWoOoIMjJ47S7C3R0YOlnpA\" alt=\"Pobierz contact support field\"\/><\/figure>\n\n\n\n<p>Il sito web di Pobierz \u00e8 attualmente in manutenzione speciale. Per gli utenti attuali che hanno file importanti nel loro account si consiglia di scaricarli e copiarli in un altro luogo sicuro per il momento. I fondi raccolti anche nel programma partner sono stati tutti versati laddove l&#8217;importo minimo di prelievo \u00e8 stato modificato in PLN 5<\/p>\n\n\n\n<p>Se siete interessati ad acquistare il servizio &#8211; potete contattare il supporto ufficiale del sito utilizzando il modulo di contatto. E se sei un utente che ha ancora un account PREMIUM attivo e non hai contattato il supporto di Pobierz per un risarcimento, puoi farlo anche tramite il modulo di contatto\u2026<\/p>\n\n\n\n<p>Questo per\u00f2 mira a migliorare il loro servizio per i loro clienti. Siate certi che quando il Pobierz torner\u00e0, avr\u00e0 un servizio di filehosting pi\u00f9 sicuro e pi\u00f9 veloce. <\/p>\n\n\n<a class=\"maxbutton-2 maxbutton maxbutton-cta\" target=\"_blank\" rel=\"nofollow noopener\" href=\"\/go\/\"><span class='mb-text'>&gt;&gt; Vai al sito web originale di Linkifier<\/span><\/a>","protected":false},"excerpt":{"rendered":"<p>Pobierz \u00e8 un servizio di filehosting che offre facili soluzioni di condivisione per voi e i vostri amici o coetanei.<\/p>\n","protected":false},"author":2,"featured_media":0,"parent":0,"menu_order":0,"comment_status":"closed","ping_status":"closed","template":"","meta":[],"yoast_head":"<!-- This site is optimized with the Yoast SEO plugin v18.3 - https:\/\/yoast.com\/wordpress\/plugins\/seo\/ -->\n<title>Pobierz Premium Conto: Il Filehoster In Sintesi<\/title>\n<meta name=\"description\" content=\"Se Pobierz \u00e8 un fornitore affidabile o no, potete trovare la risposta nel test in corso su Multihoster.org \u279c Cliccate ora \u271a per leggere le nostre esperienze!\" \/>\n<meta name=\"robots\" content=\"index, follow, max-snippet:-1, max-image-preview:large, max-video-preview:-1\" \/>\n<link rel=\"canonical\" href=\"https:\/\/multihoster.org\/it\/pobierz\/\" \/>\n<meta property=\"og:locale\" content=\"it_IT\" \/>\n<meta property=\"og:type\" content=\"article\" \/>\n<meta property=\"og:title\" content=\"Pobierz Premium Conto: Il Filehoster In Sintesi\" \/>\n<meta property=\"og:description\" content=\"Se Pobierz \u00e8 un fornitore affidabile o no, potete trovare la risposta nel test in corso su Multihoster.org \u279c Cliccate ora \u271a per leggere le nostre esperienze!\" \/>\n<meta property=\"og:url\" content=\"https:\/\/multihoster.org\/it\/pobierz\/\" \/>\n<meta property=\"og:site_name\" content=\"Multihoster.org\" \/>\n<meta property=\"article:modified_time\" content=\"2020-05-29T15:24:45+00:00\" \/>\n<meta property=\"og:image\" content=\"https:\/\/lh5.googleusercontent.com\/3wfv5DvQ8nXJrn63afXmHk3vHDU2P9Qc52t0gcb1DGySTk2gMQeM2Xw8-xt8A3_h79_uhIAePowyrlqubfV6Jkh3GlmEnY9ZOdwMTu8kqoaQZ7Ew4S7urFH2qT9pQxRCA3n63XM\" \/>\n<meta name=\"twitter:card\" content=\"summary\" \/>\n<meta name=\"twitter:label1\" content=\"Tempo di lettura stimato\" \/>\n\t<meta name=\"twitter:data1\" content=\"6 minuti\" \/>\n<script type=\"application\/ld+json\" class=\"yoast-schema-graph\">{\"@context\":\"https:\/\/schema.org\",\"@graph\":[{\"@type\":\"WebSite\",\"@id\":\"https:\/\/multihoster.org\/#website\",\"url\":\"https:\/\/multihoster.org\/\",\"name\":\"Multihoster.org\",\"description\":\"Reviews of the major Filehosting services\",\"potentialAction\":[{\"@type\":\"SearchAction\",\"target\":{\"@type\":\"EntryPoint\",\"urlTemplate\":\"https:\/\/multihoster.org\/?s={search_term_string}\"},\"query-input\":\"required name=search_term_string\"}],\"inLanguage\":\"it-IT\"},{\"@type\":\"ImageObject\",\"@id\":\"https:\/\/multihoster.org\/it\/pobierz\/#primaryimage\",\"inLanguage\":\"it-IT\",\"url\":\"https:\/\/lh5.googleusercontent.com\/3wfv5DvQ8nXJrn63afXmHk3vHDU2P9Qc52t0gcb1DGySTk2gMQeM2Xw8-xt8A3_h79_uhIAePowyrlqubfV6Jkh3GlmEnY9ZOdwMTu8kqoaQZ7Ew4S7urFH2qT9pQxRCA3n63XM\",\"contentUrl\":\"https:\/\/lh5.googleusercontent.com\/3wfv5DvQ8nXJrn63afXmHk3vHDU2P9Qc52t0gcb1DGySTk2gMQeM2Xw8-xt8A3_h79_uhIAePowyrlqubfV6Jkh3GlmEnY9ZOdwMTu8kqoaQZ7Ew4S7urFH2qT9pQxRCA3n63XM\"},{\"@type\":\"WebPage\",\"@id\":\"https:\/\/multihoster.org\/it\/pobierz\/#webpage\",\"url\":\"https:\/\/multihoster.org\/it\/pobierz\/\",\"name\":\"Pobierz Premium Conto: Il Filehoster In Sintesi\",\"isPartOf\":{\"@id\":\"https:\/\/multihoster.org\/#website\"},\"primaryImageOfPage\":{\"@id\":\"https:\/\/multihoster.org\/it\/pobierz\/#primaryimage\"},\"datePublished\":\"2020-04-07T15:14:19+00:00\",\"dateModified\":\"2020-05-29T15:24:45+00:00\",\"description\":\"Se Pobierz \u00e8 un fornitore affidabile o no, potete trovare la risposta nel test in corso su Multihoster.org \u279c Cliccate ora \u271a per leggere le nostre esperienze!\",\"breadcrumb\":{\"@id\":\"https:\/\/multihoster.org\/it\/pobierz\/#breadcrumb\"},\"inLanguage\":\"it-IT\",\"potentialAction\":[{\"@type\":\"ReadAction\",\"target\":[\"https:\/\/multihoster.org\/it\/pobierz\/\"]}]},{\"@type\":\"BreadcrumbList\",\"@id\":\"https:\/\/multihoster.org\/it\/pobierz\/#breadcrumb\",\"itemListElement\":[{\"@type\":\"ListItem\",\"position\":1,\"name\":\"Startseite\",\"item\":\"https:\/\/multihoster.org\/it\/\"},{\"@type\":\"ListItem\",\"position\":2,\"name\":\"Pobierz Premium Conto: Il Filehoster In Sintesi\"}]}]}<\/script>\n<!-- \/ Yoast SEO plugin. -->","yoast_head_json":{"title":"Pobierz Premium Conto: Il Filehoster In Sintesi","description":"Se Pobierz \u00e8 un fornitore affidabile o no, potete trovare la risposta nel test in corso su Multihoster.org \u279c Cliccate ora \u271a per leggere le nostre esperienze!","robots":{"index":"index","follow":"follow","max-snippet":"max-snippet:-1","max-image-preview":"max-image-preview:large","max-video-preview":"max-video-preview:-1"},"canonical":"https:\/\/multihoster.org\/it\/pobierz\/","og_locale":"it_IT","og_type":"article","og_title":"Pobierz Premium Conto: Il Filehoster In Sintesi","og_description":"Se Pobierz \u00e8 un fornitore affidabile o no, potete trovare la risposta nel test in corso su Multihoster.org \u279c Cliccate ora \u271a per leggere le nostre esperienze!","og_url":"https:\/\/multihoster.org\/it\/pobierz\/","og_site_name":"Multihoster.org","article_modified_time":"2020-05-29T15:24:45+00:00","og_image":[{"url":"https:\/\/lh5.googleusercontent.com\/3wfv5DvQ8nXJrn63afXmHk3vHDU2P9Qc52t0gcb1DGySTk2gMQeM2Xw8-xt8A3_h79_uhIAePowyrlqubfV6Jkh3GlmEnY9ZOdwMTu8kqoaQZ7Ew4S7urFH2qT9pQxRCA3n63XM"}],"twitter_card":"summary","twitter_misc":{"Tempo di lettura stimato":"6 minuti"},"schema":{"@context":"https:\/\/schema.org","@graph":[{"@type":"WebSite","@id":"https:\/\/multihoster.org\/#website","url":"https:\/\/multihoster.org\/","name":"Multihoster.org","description":"Reviews of the major Filehosting services","potentialAction":[{"@type":"SearchAction","target":{"@type":"EntryPoint","urlTemplate":"https:\/\/multihoster.org\/?s={search_term_string}"},"query-input":"required name=search_term_string"}],"inLanguage":"it-IT"},{"@type":"ImageObject","@id":"https:\/\/multihoster.org\/it\/pobierz\/#primaryimage","inLanguage":"it-IT","url":"https:\/\/lh5.googleusercontent.com\/3wfv5DvQ8nXJrn63afXmHk3vHDU2P9Qc52t0gcb1DGySTk2gMQeM2Xw8-xt8A3_h79_uhIAePowyrlqubfV6Jkh3GlmEnY9ZOdwMTu8kqoaQZ7Ew4S7urFH2qT9pQxRCA3n63XM","contentUrl":"https:\/\/lh5.googleusercontent.com\/3wfv5DvQ8nXJrn63afXmHk3vHDU2P9Qc52t0gcb1DGySTk2gMQeM2Xw8-xt8A3_h79_uhIAePowyrlqubfV6Jkh3GlmEnY9ZOdwMTu8kqoaQZ7Ew4S7urFH2qT9pQxRCA3n63XM"},{"@type":"WebPage","@id":"https:\/\/multihoster.org\/it\/pobierz\/#webpage","url":"https:\/\/multihoster.org\/it\/pobierz\/","name":"Pobierz Premium Conto: Il Filehoster In Sintesi","isPartOf":{"@id":"https:\/\/multihoster.org\/#website"},"primaryImageOfPage":{"@id":"https:\/\/multihoster.org\/it\/pobierz\/#primaryimage"},"datePublished":"2020-04-07T15:14:19+00:00","dateModified":"2020-05-29T15:24:45+00:00","description":"Se Pobierz \u00e8 un fornitore affidabile o no, potete trovare la risposta nel test in corso su Multihoster.org \u279c Cliccate ora \u271a per leggere le nostre esperienze!","breadcrumb":{"@id":"https:\/\/multihoster.org\/it\/pobierz\/#breadcrumb"},"inLanguage":"it-IT","potentialAction":[{"@type":"ReadAction","target":["https:\/\/multihoster.org\/it\/pobierz\/"]}]},{"@type":"BreadcrumbList","@id":"https:\/\/multihoster.org\/it\/pobierz\/#breadcrumb","itemListElement":[{"@type":"ListItem","position":1,"name":"Startseite","item":"https:\/\/multihoster.org\/it\/"},{"@type":"ListItem","position":2,"name":"Pobierz Premium Conto: Il Filehoster In Sintesi"}]}]}},"_links":{"self":[{"href":"https:\/\/multihoster.org\/it\/wp-json\/wp\/v2\/pages\/3242"}],"collection":[{"href":"https:\/\/multihoster.org\/it\/wp-json\/wp\/v2\/pages"}],"about":[{"href":"https:\/\/multihoster.org\/it\/wp-json\/wp\/v2\/types\/page"}],"author":[{"embeddable":true,"href":"https:\/\/multihoster.org\/it\/wp-json\/wp\/v2\/users\/2"}],"replies":[{"embeddable":true,"href":"https:\/\/multihoster.org\/it\/wp-json\/wp\/v2\/comments?post=3242"}],"version-history":[{"count":5,"href":"https:\/\/multihoster.org\/it\/wp-json\/wp\/v2\/pages\/3242\/revisions"}],"predecessor-version":[{"id":4595,"href":"https:\/\/multihoster.org\/it\/wp-json\/wp\/v2\/pages\/3242\/revisions\/4595"}],"wp:attachment":[{"href":"https:\/\/multihoster.org\/it\/wp-json\/wp\/v2\/media?parent=3242"}],"curies":[{"name":"wp","href":"https:\/\/api.w.org\/{rel}","templated":true}]}}