{"id":3333,"date":"2020-04-08T06:46:37","date_gmt":"2020-04-08T06:46:37","guid":{"rendered":"https:\/\/multihoster.org\/katfile-premium-account-the-filehoster-at-a-glance\/"},"modified":"2020-12-14T18:21:45","modified_gmt":"2020-12-14T18:21:45","slug":"katfile","status":"publish","type":"page","link":"https:\/\/multihoster.org\/it\/katfile\/","title":{"rendered":"KatFile Premium Conto: Il Filehoster In Sintesi"},"content":{"rendered":"\n<p>Proprio come un amico felino, potete contare su Katfile Premium Account per essere il miglior fornitore di <a href=\"https:\/\/cloud.google.com\/storage\" target=\"_blank\" rel=\"noreferrer noopener\" aria-label=\"servizi di file hosting (FHS) (opens in a new tab)\">servizi di file hosting (FHS)<\/a> per tutti i vostri file. Che si tratti di documenti, video, audio e tutti gli altri tipi di file, l&#8217;Account Premium Katfile vi accompagner\u00e0 nella salvaguardia dei vostri file pi\u00f9 importanti online.<\/p>\n\n\n\n<p>Katfile Premium \u00e8 un rinomato fornitore di servizi di file hosting online (FHS), potete trovare maggiori informazioni nel test in corso sul nostro sito web. Leggete gli articoli successivi e arricchitevi delle funzioni e delle caratteristiche dell&#8217;account Katfile Premium.<\/p>\n\n\n<a class=\"maxbutton-2 maxbutton maxbutton-cta\" target=\"_blank\" rel=\"nofollow noopener\" href=\"\/katfile\/goto\/\"><span class='mb-text'>&gt;&gt; Vai al sito web originale di Katfile<\/span><\/a>\n\n\n<p><\/p>\n\n\n\n<h2>Backgrounder del conto Katfile Premium<\/h2>\n\n\n\n<p>Un Account Katfile Premium vi permetter\u00e0 di accedere al servizio di hosting file Katfile (FHS) o al cloud storage che pu\u00f2 fungere da file di backup per tutti i vostri file anche se si tratta di documenti, video, audio e tutti gli altri tipi di file. Ora che conoscete gli sviluppatori e le cifre relative all&#8217;account Premium di Katfile, scoprite di pi\u00f9 sulle sue ricche funzionalit\u00e0 e caratteristiche leggendo l&#8217;articolo qui sotto.<\/p>\n\n\n\n<h2>Piattaforma Account Premium di Katfile Rich Function and Features<\/h2>\n\n\n\n<p>Katfile pu\u00f2 essere paragonato a un compagno di viaggio felino che ti offre comfort e sicurezza mentre ti accompagna. Utilizzando la piattaforma Katfile, \u00e8 possibile accedere facilmente alla funzione e alle caratteristiche dell&#8217;account Katfile Premium, in quanto \u00e8 possibile proteggere il proprio spazio presso il provider del servizio di hosting file Katfile (FHS). Mentre altri fornitori di servizi di file hosting (FHS) o di cloud storage limitano il tipo di file che \u00e8 possibile caricare, la piattaforma Katfile attraverso l&#8217;account Katfile Premium consente di caricare qualsiasi cosa indipendentemente dal <a href=\"https:\/\/en.wikipedia.org\/wiki\/List_of_file_formats\" target=\"_blank\" rel=\"noreferrer noopener\" aria-label=\"formato (opens in a new tab)\">formato<\/a>, dalla qualit\u00e0, dalla risoluzione o da altre propriet\u00e0. La piattaforma Katfile attraverso l&#8217;Account Katfile Premium garantisce un comfort perfetto mentre si caricano e si archiviano i file nel servizio di file hosting file Katfile (FHS) e nel cloud storage.<\/p>\n\n\n\n<figure class=\"wp-block-image\"><img src=\"https:\/\/lh4.googleusercontent.com\/ICW4PskowWMx4NNoWX0_wnL0e6OGgDagLfk6YByo5Ck6vIknmqjaig7lCrb72BuX46NRzVjhi1oelhmHexdwloJmyYt87n8mqgEkzXXCWMhzXKsyrAyD3h2yl5Q15nFfcnuJvJG-\" alt=\"The Katfile File Hosting Service (FHS) Platform\"\/><\/figure>\n\n\n\n<p>La piattaforma Katfile File Hosting Service (FHS)<\/p>\n\n\n\n<p>Anche se diciamo che \u00e8 possibile caricare qualsiasi cosa indipendentemente dal formato, dalla qualit\u00e0, dalla risoluzione o da altre propriet\u00e0 dei file, la piattaforma Katfile attraverso il Katfile Premium Account \u00e8 conforme a tutti gli standard locali e internazionali, in particolare al <a href=\"https:\/\/en.wikipedia.org\/wiki\/Digital_Millennium_Copyright_Act\" target=\"_blank\" rel=\"noreferrer noopener\" aria-label=\"Digital Millennium Copyright Act (DMCA) (opens in a new tab)\">Digital Millennium Copyright Act (DMCA)<\/a>. Non appena si carica il file, la piattaforma Katfile attraverso l&#8217;Account Premium Katfile esegue la sua programmazione incorporata per rilevare qualsiasi tipo di nudo, pornografia e file protetti da copyright che viola le leggi e i regolamenti esistenti su internet online in tutto il mondo.<\/p>\n\n\n\n<p>La Domain Protection Services, Inc. ha integrato la funzione di sicurezza del copyright per accompagnare l&#8217;accessibilit\u00e0 con la sicurezza a beneficio dei suoi utenti in tutto il mondo. La piattaforma Katfile, attraverso il Katfile Premium Account, non solo fornisce il servizio di file hosting Katfile (FHS) e il cloud storage, ma garantisce anche la sicurezza dei file dei propri utenti, in quanto la piattaforma \u00e8 costantemente conforme alle leggi sulla propriet\u00e0 intellettuale in tutto il mondo.<\/p>\n\n\n\n<figure class=\"wp-block-image\"><img src=\"https:\/\/lh6.googleusercontent.com\/9BB5t0_ql0oRvoYLgk_ZsLEHEV4oLQtgJzOoRqdOHYNpegyu1qkFnjE-bTii2UQWKKfI3KrqYIPovAakyVKT13ZCe3hHr3pZdE6ILu9lwL0Yym6gYaQvqhO9pD3ELksBf1j_E1H8\" alt=\"Copyright Security is a priority\"\/><\/figure>\n\n\n\n<p>La sicurezza del copyright \u00e8 una priorit\u00e0 della piattaforma Katfile<\/p>\n\n\n\n<p>I file caricati nella piattaforma Katfile attraverso l&#8217;account Katfile Premium possono essere facilmente cancellati in qualsiasi momento semplicemente navigando nei menu a tendina per ogni file degli utenti. Anche le cancellazioni multiple nella piattaforma Katfile attraverso l&#8217;account Katfile Premium possono essere facilmente effettuate utilizzando il marchio tutte le funzionalit\u00e0 della piattaforma Katfile. La scadenza del vostro Account Katfile Premium canceller\u00e0 automaticamente anche tutti i file caricati dai suoi utenti.<\/p>\n\n\n\n<p>Queste ricche funzioni e caratteristiche sono molto invidiate dal servizio di file hosting della concorrenza (FHS) e dai fornitori di cloud storage. Molti dei concorrenti imitano gi\u00e0 la piattaforma Katfile attraverso il Katfile Premium Account, ma non sono riusciti a eguagliare la piattaforma Katfile attraverso il Katfile Premium Account, che si adatta continuamente alle recenti tecnologie e ne sviluppa altre per offrire il miglior servizio di file hosting service (FHS) e l&#8217;accessibilit\u00e0 al cloud storage a tutti i suoi utenti di tutto il mondo.<\/p>\n\n\n\n<p>Abbiamo dettagliato le caratteristiche della piattaforma Katfile nella tabella sottostante. Per saperne di pi\u00f9 e accedere alla sicurezza e alla protezione fornite dalla piattaforma Katfile Premium.<\/p>\n\n\n\n<figure class=\"wp-block-table\"><table><tbody><tr><td>Particolari<\/td><td>Katfile Free Account<\/td><td>Conto(i) Katfile Premium<\/td><\/tr><tr><td>Tassa di registrazione<\/td><td>Completamente gratuito<\/td><td>L&#8217;importo varia da quindici e novantanove dollari USA ($ 15,99); quarantaquattro e novantanove dollari USA ($ 44,99); novantanove e novantanove dollari USA ($ 99,99) e centonovantanove e novantanove dollari USA ($ 199,99)<\/td><\/tr><tr><td>Accessibility<\/td><td>Ha un design molto tecnico del sito web<\/td><td>Integrato con la programmazione e l&#8217;interfaccia del sito web ergonomica e innovativa<\/td><\/tr><tr><td>Volume di download al giorno<\/td><td>Massimo un (1) Gigabyte (GB) al giorno<\/td><td>Massimo 50 gigabyte (GB) al giorno<\/td><\/tr><tr><td>Spazio di stoccaggio massimo<\/td><td>Al massimo un (1) Terabyte (TB) al mese<\/td><td>Assegnazione di stoccaggio illimitata<\/td><\/tr><tr><td>Scaricabile<\/td><td>Non \u00e8 possibile continuare i download in pausa o interrotti<\/td><td>Pu\u00f2 riprendere il download in qualsiasi momento e in qualsiasi momento<\/td><\/tr><tr><td>Massima velocit\u00e0 di download<\/td><td>Offre solo fino a cento (100) Kilobyte (KB) al secondo<\/td><td>D\u00e0 la massima velocit\u00e0 di download che una larghezza di banda Internet pu\u00f2 offrire<\/td><\/tr><tr><td>Protezione contro il furto di dati e il phishing dei dati<\/td><td>Ha una <a href=\"https:\/\/computersciencewiki.org\/index.php\/Client-side_scripting_and_server-side_scripting\" target=\"_blank\" rel=\"noreferrer noopener\" aria-label=\"protezione  (opens in a new tab)\">protezione <\/a>contro Adware, Spyware, Malware, Trojan Horse e worm; e rispetta le leggi DMCA e altre leggi correlate<\/td><td>Ha una <a href=\"https:\/\/computersciencewiki.org\/index.php\/Client-side_scripting_and_server-side_scripting\" target=\"_blank\" rel=\"noreferrer noopener\" aria-label=\"protezione  (opens in a new tab)\">protezione <\/a>contro Adware, Spyware, Malware, Trojan Horse e worm; e rispetta le leggi DMCA e altre leggi correlate<\/td><\/tr><tr><td>Katfile Captchas e code<\/td><td>Realizzare tutte le captchas e le code necessarie<\/td><td>Non c&#8217;\u00e8 bisogno di realizzare le captchas e le code richieste<\/td><\/tr><tr><td>Scadenza dei file memorizzati<\/td><td>Trenta (30) giorni dopo l&#8217;ultimo caricamento o download<\/td><td>Sessanta (60) giorni dopo l&#8217;ultimo caricamento o scaricamento<\/td><\/tr><tr><td>Scarica Tempo di attesa<\/td><td>Attendere trenta (30) secondi di caricamento<\/td><td>Nessun tempo di attesa per il download<\/td><\/tr><tr><td>Annunci di sponsorizzazione di Katfile<\/td><td>Vedi gli annunci di Katfile Sponsor<\/td><td>Libero da ogni pubblicit\u00e0 interna ed esterna<\/td><\/tr><tr><td>Download simultaneo massimo<\/td><td>Solo un (1) massimo download simultaneo<\/td><td>Download simultaneo illimitato<\/td><\/tr><\/tbody><\/table><\/figure>\n\n\n<a class=\"maxbutton-2 maxbutton maxbutton-cta\" target=\"_blank\" rel=\"nofollow noopener\" href=\"\/katfile\/goto\/\"><span class='mb-text'>&gt;&gt; Vai al sito web originale di Katfile<\/span><\/a>\n\n\n<p><\/p>\n\n\n\n<p>Come mostrato sopra, l&#8217;Account Katfile Premium ha molti vantaggi rispetto all&#8217;Account Katfile Free. A pagamento, l&#8217;Account Premium Katfile ha un volume di download pi\u00f9 elevato al giorno e offre fino a un massimo di 50 gigabyte (GB) al giorno. L&#8217;Account Premium Katfile offre anche un numero illimitato di web storage online o cloud storage che possono riprendere i download messi in pausa o cancellati da browser come Internet Explorer, Microsoft Edge, Safari, Opera, Google Chrome e Mozilla Firefox.<\/p>\n\n\n\n<p>\u00c8 inoltre possibile scaricare con una larghezza di banda illimitata con l&#8217;Account Katfile Premium &#8211; il che significa che non sarete ostacolati e potrete utilizzare la vostra velocit\u00e0 internet pi\u00f9 veloce mentre utilizzate la Piattaforma Katfile attraverso l&#8217;Account Katfile Premium. Per supportare la manutenzione della piattaforma Katfile, i Servizi di protezione dei domini, i servizi di protezione dei domini, le code e gli annunci pubblicitari degli sponsor per l&#8217;Account Katfile Free, ma con l&#8217;Account Katfile Premium, vi assicuriamo che non sarete infastiditi da alcun obbligo di effettuare captchas e code o di visualizzare qualsiasi tipo di pubblicit\u00e0. Inoltre, con l&#8217;Account Katfile Premium non si dovr\u00e0 attendere l&#8217;avvio del download, a differenza di quanto avviene con l&#8217;Account Katfile Premium, dove si dovr\u00e0 attendere trenta (30) secondi per il caricamento. Inoltre, \u00e8 possibile scaricare pi\u00f9 file (indipendentemente dal loro tipo) contemporaneamente nella piattaforma Katfile utilizzando l&#8217;Account Katfile Premium, il che garantir\u00e0 l&#8217;efficienza e la facilit\u00e0 d&#8217;uso dei nostri clienti dell&#8217;Account Premium Katfile.<\/p>\n\n\n\n<p>Abbiamo arricchito la piattaforma Katfile con caratteristiche e funzioni che fungono da miglior web storage online e cloud storage. Pur essendo certi che l&#8217;account gratuito Katfile soddisfer\u00e0 le vostre esigenze di archiviazione web e cloud storage online, l&#8217;account Katfile Premium ha una funzione e caratteristiche aggiuntive per fornire ulteriore facilit\u00e0 ed efficienza in cambio della piccola quota di registrazione per la piattaforma Katfile.<\/p>\n\n\n\n<h2>Katfile Premium Account Registration Promos&#8221;.<\/h2>\n\n\n\n<p>L&#8217;account Premium di Katfile offre le tariffe di registrazione pi\u00f9 convenienti tra i suoi concorrenti online web e cloud storage. Di seguito sono riportati in dettaglio gli schemi di registrazione per l&#8217;Account Katfile Premium.<\/p>\n\n\n\n<figure class=\"wp-block-table\"><table><tbody><tr><td>Schemi di registrazione del conto Katfile Premium<\/td><td>Tassa di registrazione<\/td><\/tr><tr><td>Conto Katfile Premium per trenta (30) giorni<\/td><td>$ 15.99 USD<\/td><\/tr><tr><td>Conto Katfile Premium per novanta (90) giorni<\/td><td>$ 44.99 USD<\/td><\/tr><tr><td>Conto Katfile Premium per un (1) anno<\/td><td>$ 99.99 USD<\/td><\/tr><tr><td>Conto Vita Premium Katfile<\/td><td>$ 199.99 USD<\/td><\/tr><\/tbody><\/table><\/figure>\n\n\n\n<p>L&#8217;account Premium di Katfile ha quattro (4) schemi di registrazione per l&#8217;accessibilit\u00e0 e la compatibilit\u00e0 dei diversi utenti. I servizi di protezione del dominio, Inc. li ha progettati per soddisfare le esigenze di ciascuno dei suoi utenti. Si pu\u00f2 scegliere di avere un Account Katfile Premium per trenta (30) giorni per quindici e novantanove ($ 15,99 USD) dollari USA; un Account Katfile Premium per novanta (90) giorni per quarantaquattro e novantanove ($ 44,99 USD) dollari USA; oppure un Account Katfile Premium per un (1) anno per novantanove e novantanove ($ 99,99 USD) dollari USA.<\/p>\n\n\n\n<figure class=\"wp-block-image\"><img src=\"https:\/\/lh6.googleusercontent.com\/MC_3H6xFCnoQKBqgzNpY49fsbqHIwS1Ps-qDYMNX1rbB7wZYPfOj9ZjeKkTlkz3U7I21uX51wk2OwsTAgWxWgfFZJDfi4WNxnOhMKf3Asq_4MvwD9P8NbLKVMIm9XBYfJdlFi5js\" alt=\"Flexible registration schemes for Katfile Premium Account\"\/><\/figure>\n\n\n\n<p>Il conto premium di Katfile offre schemi di registrazione flessibili<\/p>\n\n\n\n<p>Da questi, incoraggiamo vivamente ad avere un Conto Vita Premium Katfile per cento novantanove e novantanove ($ 199,99 USD) dollari USA per godere appieno delle caratteristiche e sperimentare le ricche funzionalit\u00e0 della piattaforma Katfile attraverso il Conto Premium Katfile.<\/p>\n\n\n\n<h2>Conclusioni sul conto Katfile Premium<\/h2>\n\n\n\n<p>Se non avete ancora deciso di utilizzare e godere della piattaforma Katfile, potete prima provare il nostro account gratuito Katfile e vi assicuriamo che tutte le difficolt\u00e0 dei Domain Protection Services, Inc. non sono vane, perch\u00e9 siamo testati dal tempo per essere il miglior fornitore di servizi di file hosting (FHS) per tutti i vostri file che potete utilizzare e facilmente godere e utilizzare proprio come un compagno di passeggiata il vostro amico felino!<\/p>\n\n\n<a class=\"maxbutton-2 maxbutton maxbutton-cta\" target=\"_blank\" rel=\"nofollow noopener\" href=\"\/katfile\/goto\/\"><span class='mb-text'>&gt;&gt; Vai al sito web originale di Katfile<\/span><\/a>\n\n\n<p><\/p>\n","protected":false},"excerpt":{"rendered":"<p>Proprio come un amico felino, potete contare su Katfile Premium Account per essere il miglior fornitore di servizi di file<\/p>\n","protected":false},"author":2,"featured_media":0,"parent":0,"menu_order":0,"comment_status":"closed","ping_status":"closed","template":"","meta":[],"yoast_head":"<!-- This site is optimized with the Yoast SEO plugin v18.3 - https:\/\/yoast.com\/wordpress\/plugins\/seo\/ -->\n<title>KatFile Premium Conto: Il Filehoster In Sintesi<\/title>\n<meta name=\"description\" content=\"Se KatFile \u00e8 un fornitore affidabile o no, potete trovare la risposta nel test in corso su Multihoster.org \u279c Cliccate ora \u271a per leggere le nostre esperienze!\" \/>\n<meta name=\"robots\" content=\"index, follow, max-snippet:-1, max-image-preview:large, max-video-preview:-1\" \/>\n<link rel=\"canonical\" href=\"https:\/\/multihoster.org\/it\/katfile\/\" \/>\n<meta property=\"og:locale\" content=\"it_IT\" \/>\n<meta property=\"og:type\" content=\"article\" \/>\n<meta property=\"og:title\" content=\"KatFile Premium Conto: Il Filehoster In Sintesi\" \/>\n<meta property=\"og:description\" content=\"Se KatFile \u00e8 un fornitore affidabile o no, potete trovare la risposta nel test in corso su Multihoster.org \u279c Cliccate ora \u271a per leggere le nostre esperienze!\" \/>\n<meta property=\"og:url\" content=\"https:\/\/multihoster.org\/it\/katfile\/\" \/>\n<meta property=\"og:site_name\" content=\"Multihoster.org\" \/>\n<meta property=\"article:modified_time\" content=\"2020-12-14T18:21:45+00:00\" \/>\n<meta property=\"og:image\" content=\"https:\/\/lh4.googleusercontent.com\/ICW4PskowWMx4NNoWX0_wnL0e6OGgDagLfk6YByo5Ck6vIknmqjaig7lCrb72BuX46NRzVjhi1oelhmHexdwloJmyYt87n8mqgEkzXXCWMhzXKsyrAyD3h2yl5Q15nFfcnuJvJG-\" \/>\n<meta name=\"twitter:card\" content=\"summary\" \/>\n<meta name=\"twitter:label1\" content=\"Tempo di lettura stimato\" \/>\n\t<meta name=\"twitter:data1\" content=\"7 minuti\" \/>\n<script type=\"application\/ld+json\" class=\"yoast-schema-graph\">{\"@context\":\"https:\/\/schema.org\",\"@graph\":[{\"@type\":\"WebSite\",\"@id\":\"https:\/\/multihoster.org\/#website\",\"url\":\"https:\/\/multihoster.org\/\",\"name\":\"Multihoster.org\",\"description\":\"Reviews of the major Filehosting services\",\"potentialAction\":[{\"@type\":\"SearchAction\",\"target\":{\"@type\":\"EntryPoint\",\"urlTemplate\":\"https:\/\/multihoster.org\/?s={search_term_string}\"},\"query-input\":\"required name=search_term_string\"}],\"inLanguage\":\"it-IT\"},{\"@type\":\"ImageObject\",\"@id\":\"https:\/\/multihoster.org\/it\/katfile\/#primaryimage\",\"inLanguage\":\"it-IT\",\"url\":\"https:\/\/lh4.googleusercontent.com\/ICW4PskowWMx4NNoWX0_wnL0e6OGgDagLfk6YByo5Ck6vIknmqjaig7lCrb72BuX46NRzVjhi1oelhmHexdwloJmyYt87n8mqgEkzXXCWMhzXKsyrAyD3h2yl5Q15nFfcnuJvJG-\",\"contentUrl\":\"https:\/\/lh4.googleusercontent.com\/ICW4PskowWMx4NNoWX0_wnL0e6OGgDagLfk6YByo5Ck6vIknmqjaig7lCrb72BuX46NRzVjhi1oelhmHexdwloJmyYt87n8mqgEkzXXCWMhzXKsyrAyD3h2yl5Q15nFfcnuJvJG-\"},{\"@type\":\"WebPage\",\"@id\":\"https:\/\/multihoster.org\/it\/katfile\/#webpage\",\"url\":\"https:\/\/multihoster.org\/it\/katfile\/\",\"name\":\"KatFile Premium Conto: Il Filehoster In Sintesi\",\"isPartOf\":{\"@id\":\"https:\/\/multihoster.org\/#website\"},\"primaryImageOfPage\":{\"@id\":\"https:\/\/multihoster.org\/it\/katfile\/#primaryimage\"},\"datePublished\":\"2020-04-08T06:46:37+00:00\",\"dateModified\":\"2020-12-14T18:21:45+00:00\",\"description\":\"Se KatFile \u00e8 un fornitore affidabile o no, potete trovare la risposta nel test in corso su Multihoster.org \u279c Cliccate ora \u271a per leggere le nostre esperienze!\",\"breadcrumb\":{\"@id\":\"https:\/\/multihoster.org\/it\/katfile\/#breadcrumb\"},\"inLanguage\":\"it-IT\",\"potentialAction\":[{\"@type\":\"ReadAction\",\"target\":[\"https:\/\/multihoster.org\/it\/katfile\/\"]}]},{\"@type\":\"BreadcrumbList\",\"@id\":\"https:\/\/multihoster.org\/it\/katfile\/#breadcrumb\",\"itemListElement\":[{\"@type\":\"ListItem\",\"position\":1,\"name\":\"Startseite\",\"item\":\"https:\/\/multihoster.org\/it\/\"},{\"@type\":\"ListItem\",\"position\":2,\"name\":\"KatFile Premium Conto: Il Filehoster In Sintesi\"}]}]}<\/script>\n<!-- \/ Yoast SEO plugin. -->","yoast_head_json":{"title":"KatFile Premium Conto: Il Filehoster In Sintesi","description":"Se KatFile \u00e8 un fornitore affidabile o no, potete trovare la risposta nel test in corso su Multihoster.org \u279c Cliccate ora \u271a per leggere le nostre esperienze!","robots":{"index":"index","follow":"follow","max-snippet":"max-snippet:-1","max-image-preview":"max-image-preview:large","max-video-preview":"max-video-preview:-1"},"canonical":"https:\/\/multihoster.org\/it\/katfile\/","og_locale":"it_IT","og_type":"article","og_title":"KatFile Premium Conto: Il Filehoster In Sintesi","og_description":"Se KatFile \u00e8 un fornitore affidabile o no, potete trovare la risposta nel test in corso su Multihoster.org \u279c Cliccate ora \u271a per leggere le nostre esperienze!","og_url":"https:\/\/multihoster.org\/it\/katfile\/","og_site_name":"Multihoster.org","article_modified_time":"2020-12-14T18:21:45+00:00","og_image":[{"url":"https:\/\/lh4.googleusercontent.com\/ICW4PskowWMx4NNoWX0_wnL0e6OGgDagLfk6YByo5Ck6vIknmqjaig7lCrb72BuX46NRzVjhi1oelhmHexdwloJmyYt87n8mqgEkzXXCWMhzXKsyrAyD3h2yl5Q15nFfcnuJvJG-"}],"twitter_card":"summary","twitter_misc":{"Tempo di lettura stimato":"7 minuti"},"schema":{"@context":"https:\/\/schema.org","@graph":[{"@type":"WebSite","@id":"https:\/\/multihoster.org\/#website","url":"https:\/\/multihoster.org\/","name":"Multihoster.org","description":"Reviews of the major Filehosting services","potentialAction":[{"@type":"SearchAction","target":{"@type":"EntryPoint","urlTemplate":"https:\/\/multihoster.org\/?s={search_term_string}"},"query-input":"required name=search_term_string"}],"inLanguage":"it-IT"},{"@type":"ImageObject","@id":"https:\/\/multihoster.org\/it\/katfile\/#primaryimage","inLanguage":"it-IT","url":"https:\/\/lh4.googleusercontent.com\/ICW4PskowWMx4NNoWX0_wnL0e6OGgDagLfk6YByo5Ck6vIknmqjaig7lCrb72BuX46NRzVjhi1oelhmHexdwloJmyYt87n8mqgEkzXXCWMhzXKsyrAyD3h2yl5Q15nFfcnuJvJG-","contentUrl":"https:\/\/lh4.googleusercontent.com\/ICW4PskowWMx4NNoWX0_wnL0e6OGgDagLfk6YByo5Ck6vIknmqjaig7lCrb72BuX46NRzVjhi1oelhmHexdwloJmyYt87n8mqgEkzXXCWMhzXKsyrAyD3h2yl5Q15nFfcnuJvJG-"},{"@type":"WebPage","@id":"https:\/\/multihoster.org\/it\/katfile\/#webpage","url":"https:\/\/multihoster.org\/it\/katfile\/","name":"KatFile Premium Conto: Il Filehoster In Sintesi","isPartOf":{"@id":"https:\/\/multihoster.org\/#website"},"primaryImageOfPage":{"@id":"https:\/\/multihoster.org\/it\/katfile\/#primaryimage"},"datePublished":"2020-04-08T06:46:37+00:00","dateModified":"2020-12-14T18:21:45+00:00","description":"Se KatFile \u00e8 un fornitore affidabile o no, potete trovare la risposta nel test in corso su Multihoster.org \u279c Cliccate ora \u271a per leggere le nostre esperienze!","breadcrumb":{"@id":"https:\/\/multihoster.org\/it\/katfile\/#breadcrumb"},"inLanguage":"it-IT","potentialAction":[{"@type":"ReadAction","target":["https:\/\/multihoster.org\/it\/katfile\/"]}]},{"@type":"BreadcrumbList","@id":"https:\/\/multihoster.org\/it\/katfile\/#breadcrumb","itemListElement":[{"@type":"ListItem","position":1,"name":"Startseite","item":"https:\/\/multihoster.org\/it\/"},{"@type":"ListItem","position":2,"name":"KatFile Premium Conto: Il Filehoster In Sintesi"}]}]}},"_links":{"self":[{"href":"https:\/\/multihoster.org\/it\/wp-json\/wp\/v2\/pages\/3333"}],"collection":[{"href":"https:\/\/multihoster.org\/it\/wp-json\/wp\/v2\/pages"}],"about":[{"href":"https:\/\/multihoster.org\/it\/wp-json\/wp\/v2\/types\/page"}],"author":[{"embeddable":true,"href":"https:\/\/multihoster.org\/it\/wp-json\/wp\/v2\/users\/2"}],"replies":[{"embeddable":true,"href":"https:\/\/multihoster.org\/it\/wp-json\/wp\/v2\/comments?post=3333"}],"version-history":[{"count":4,"href":"https:\/\/multihoster.org\/it\/wp-json\/wp\/v2\/pages\/3333\/revisions"}],"predecessor-version":[{"id":5428,"href":"https:\/\/multihoster.org\/it\/wp-json\/wp\/v2\/pages\/3333\/revisions\/5428"}],"wp:attachment":[{"href":"https:\/\/multihoster.org\/it\/wp-json\/wp\/v2\/media?parent=3333"}],"curies":[{"name":"wp","href":"https:\/\/api.w.org\/{rel}","templated":true}]}}