{"id":3366,"date":"2020-04-08T09:30:20","date_gmt":"2020-04-08T09:30:20","guid":{"rendered":"https:\/\/multihoster.org\/catshare\/"},"modified":"2020-06-01T10:25:24","modified_gmt":"2020-06-01T10:25:24","slug":"catshare","status":"publish","type":"page","link":"https:\/\/multihoster.org\/it\/catshare\/","title":{"rendered":"Catshare Premium Conto: Il Filehoster In Sintesi"},"content":{"rendered":"\n<p>La piattaforma Catshare \u00e8 il pi\u00f9 conveniente e sicuro fornitore di servizi di file hosting (<a rel=\"noreferrer noopener\" aria-label=\"FHS (opens in a new tab)\" href=\"https:\/\/cloud.google.com\/storage\" target=\"_blank\">FHS<\/a>) al mondo. E &#8216;come il tuo amico peloso piccolo felino che \u00e8 cos\u00ec peloso e soffice all&#8217;esterno, ma nasconde una bestia feroce all&#8217;interno. Ha caratteristiche ricche e accessibili per voi da godere. \u00c8 molto facile da usare. Non vi accorgerete nemmeno del tempo mentre lo usate, perch\u00e9 \u00e8 molto divertente usare la nostra piattaforma.<\/p>\n\n\n\n<p>Leggi il nostro articolo e testimonia come questo enorme passo avanti nel servizio di file hosting (FHS) dimostri il perfetto equilibrio tra convenienza e sicurezza. Leggete l&#8217;articolo e scoprite la storia e la classifica web del servizio di file hosting Catshare (FHS), iniziando il vostro primo account nella piattaforma del servizio di file hosting (FHS), le caratteristiche uniche del nostro servizio di file hosting (FHS), i diversi tipi di Catshare file hosting service (FHS) Premium Plans, e alcune domande frequenti sulla piattaforma Catshare.<\/p>\n\n\n\n<p>Ora che avete una base della credibilit\u00e0 e dell&#8217;onore della piattaforma, vedete cosa offre la piattaforma e vi assicuriamo che non vi pentirete mai di aver firmato un account per le sue caratteristiche ricche e accessibili per poterne godere.<\/p>\n\n\n<a class=\"maxbutton-2 maxbutton maxbutton-cta\" target=\"_blank\" rel=\"nofollow noopener\" href=\"\/go\/\"><span class='mb-text'>&gt;&gt; Vai al sito web originale di Linkifier<\/span><\/a>\n\n\n<p><\/p>\n\n\n\n<h2>Caratteristiche del servizio di hosting di file Catshare<\/h2>\n\n\n\n<p>Il Catshare File Hosting Service (FHS) ha il giusto equilibrio tra accessibilit\u00e0 e funzionalit\u00e0. Fare riferimento alla Tabella 1. Per sapere cosa rende unica la piattaforma rispetto alla concorrenza.<\/p>\n\n\n\n<p>Tabella 1. Le caratteristiche dei conti Catshare (Free e Premium) rispetto ad altre piattaforme di cloud storage<\/p>\n\n\n\n<figure class=\"wp-block-table\"><table><tbody><tr><td class=\"has-text-align-center\" data-align=\"center\">Conti Catshare <\/td><\/tr><\/tbody><\/table><\/figure>\n\n\n\n<figure class=\"wp-block-table\"><table><tbody><tr><td>Caratteristiche di Catshare<\/td><td>Altre piattaforme di archiviazione cloud <\/td><td>Conto Gratuito Catshare <\/td><td> Catshare Premium Conto<\/td><\/tr><tr><td>Pagamento per l&#8217;iscrizione <\/td><td>Pagamento costoso richiesto per l&#8217;iscrizione <\/td><td>Non richiede il pagamento dell&#8217;iscrizione <\/td><td>Offre un pagamento flessibile e conveniente per l&#8217;iscrizione <\/td><\/tr><tr><td>Massima velocit\u00e0 di download <\/td><td>70 kb al secondo <\/td><td>150 kb per second <\/td><td>NESSUN LIMITE DI VELOCIT\u00c0 PER IL DOWNLOAD <\/td><\/tr><tr><td>Numero di download al giorno <\/td><td>Pu\u00f2 scaricare solo 1 file al giorno <\/td><td>Pu\u00f2 scaricare istantaneamente dopo 1 ora di attesa <\/td><td>INIZIA A SCARICARE IMMEDIATAMENTE <\/td><\/tr><tr><td>Supporto per il download multiplo <\/td><td>Non \u00e8 consentito scaricare pi\u00f9 file contemporaneamente <\/td><td>Non \u00e8 consentito scaricare pi\u00f9 file contemporaneamente <\/td><td>SUPPORTA IL DOWNLOAD MULTIPLO <\/td><\/tr><tr><td>Scaricabile <\/td><td>Non supporta il download riassicurabile <\/td><td>Non supporta il download riassicurabile <\/td><td>SUPPORTA IL DOWNLOAD RIASSICURABILE <\/td><\/tr><tr><td>Stoccaggio online allocato <\/td><td>Solo 500 mb <\/td><td>Con uno storage online di 3 TB assegnato <\/td><td>HA UNO STORAGE ONLINE DI 300 GB ASSEGNATI <\/td><\/tr><tr><td>Annunci nel sito web <\/td><td>Ha numerosi annunci sul sito web <\/td><td>Ha pochi annunci nel sito web <\/td><td>NON HA ALCUN TIPO DI PUBBLICIT\u00c0 FASTIDIOSA <\/td><\/tr><tr><td>Integrazione di Captchas e code <\/td><td>Pieno di numerose e fastidiose captchas e code <\/td><td>Integrato con alcune captchas e code <\/td><td>NIENTE CAPTCHAS E CODE FASTIDIOSE <\/td><\/tr><tr><td>Conservazione dei file <\/td><td>Il tuo file viene conservato per 30 giorni dopo l&#8217;ultimo accesso <\/td><td>Il tuo file viene conservato per 60 giorni dopo l&#8217;ultimo accesso <\/td><td>I VOSTRI FILE NON SARANNO MAI CANCELLATI ED \u00c8 SICURO <\/td><\/tr><tr><td>Supporto per i gestori di download di terze parti <\/td><td>Non supporta i gestori di download di terze parti <\/td><td>Non supporta i gestori di download di terze parti <\/td><td>SUPPORTA I GESTORI DI DOWNLOAD DI TERZE PARTI <\/td><\/tr><\/tbody><\/table><\/figure>\n\n\n\n<p>Sono illustrate sopra le caratteristiche distintive del Catshare File Hosting Service (FHS) che lo separa dagli altri concorrenti del cloud storage. Il nostro account gratuito ha una serie di vantaggi rispetto ad altre piattaforme di cloud storage, come il fatto di non richiedere pagamenti per la registrazione iniziale. Avete sentito bene, l&#8217;account gratuito Catshare non richiede un pagamento iniziale di registrazione, il che significa che potete utilizzare la nostra piattaforma con tutte le sue caratteristiche gratuitamente, a differenza delle piattaforme di cloud storage che richiedono un costoso pagamento al momento della registrazione. Catshare Free Account pu\u00f2 anche scaricare fino a 150 kb al secondo, a differenza del suo concorrente che di solito pu\u00f2 scaricare solo fino a 70 kb al secondo. \u00c8 anche possibile scaricare immediatamente dopo 1 ora, a differenza del nostro concorrente che di solito pu\u00f2 scaricare solo 1 file al giorno. L&#8217;account gratuito ha anche uno spazio di archiviazione pi\u00f9 alto con lo spazio di archiviazione online di 3 TB, a differenza dei marchi concorrenti che hanno solo 500 mb di spazio di archiviazione online. Ci sono anche meno pubblicit\u00e0 nel nostro account gratuito rispetto ai nostri concorrenti che di solito hanno numerose pubblicit\u00e0 fastidiose. Altre cose fastidiose del nostro sito di file hosting dei concorrenti sono le numerose e fastidiose <a rel=\"noreferrer noopener\" aria-label=\"captchas  (opens in a new tab)\" href=\"http:\/\/www.en.wikipedia.org\/wiki\/CAPTCHA\" target=\"_blank\">captchas <\/a>e code, mentre nel nostro account gratuito abbiamo solo poche captchas e code integrate nel sito web. Il nostro account gratuito ha anche un periodo di conservazione pi\u00f9 lungo in cui il vostro file viene conservato per 60 giorni dopo l&#8217;ultimo accesso rispetto ai nostri concorrenti che di solito conservano i file solo per 30 giorni dopo l&#8217;ultimo accesso. Tutto sommato, Catshare Premium Account offre molte caratteristiche e vantaggi rispetto ai nostri concorrenti.<\/p>\n\n\n\n<div class=\"wp-block-image\"><figure class=\"aligncenter size-large\"><img loading=\"lazy\" width=\"401\" height=\"267\" src=\"https:\/\/multihoster.org\/wp-content\/uploads\/2020\/04\/Catshare.png\" alt=\"Catshare\" class=\"wp-image-3351\" srcset=\"https:\/\/multihoster.org\/wp-content\/uploads\/2020\/04\/Catshare.png 401w, https:\/\/multihoster.org\/wp-content\/uploads\/2020\/04\/Catshare-300x200.png 300w\" sizes=\"(max-width: 401px) 100vw, 401px\" \/><\/figure><\/div>\n\n\n\n<p>Con Catshare Premium Account, \u00e8 possibile scaricare a velocit\u00e0 illimitata<\/p>\n\n\n\n<p>Ma poi offriamo altre funzionalit\u00e0 in Catshare Premium Account. Usando il nostro account premium, sei iscritto a un sistema di pagamento flessibile e conveniente; questo ti d\u00e0 la libert\u00e0 di non avere alcun limite di velocit\u00e0 di download; scarica istantaneamente il tuo file anche dopo l&#8217;ultimo download; supporto per il download multiplo cos\u00ec come per il download riassicurabile; che offre anche una massiccia allocazione di 300 GB di spazio di archiviazione online; senza quelle fastidiose pubblicit\u00e0 n\u00e9 fastidiose captchas e code. Vi assicuriamo inoltre che potete utilizzare qualsiasi gestore di download di terze parti e che i vostri file in Catshare Premium Account non saranno mai cancellati e sono sicuri per sempre. Troppo bello per essere vero? No, perch\u00e9 l&#8217;Account Catshare Premium \u00e8 focalizzato a darvi il miglior servizio di file hosting (FHS) che vi meritiate.<\/p>\n\n\n\n<p>Ora che sapete gi\u00e0 cosa pu\u00f2 dare il conto Catshare Premium. Ora, iniziate ad usarlo imparando ad iscrivervi attraverso il seguente articolo.<\/p>\n\n\n\n<h2>Iscriviti al servizio di hosting di file in Catshare<\/h2>\n\n\n\n<p>Puoi facilmente iscriverti al Catshare File Hosting Service (FHS) andando sul nostro sito web nella pagina di iscrizione. Basta <a rel=\"noreferrer noopener\" aria-label=\"fornire  (opens in a new tab)\" href=\"https:\/\/www.online-tech-tips.com\/ms-office-tips\/how-to-create-fillable-forms-in-word\/\" target=\"_blank\">fornire <\/a>il tuo nome completo (nome, secondo nome e cognome) con la tua data di nascita, il sesso e l&#8217;indirizzo e-mail di lavoro. Dopo averli forniti, vi forniremo un&#8217;e-mail di conferma per il vostro account. Basta cliccare sul link che hai gi\u00e0 il tuo account personale Catshare Free.<\/p>\n\n\n\n<p>Per passare a un conto premium leggere il seguente sottotema.<\/p>\n\n\n<a class=\"maxbutton-2 maxbutton maxbutton-cta\" target=\"_blank\" rel=\"nofollow noopener\" href=\"\/go\/\"><span class='mb-text'>&gt;&gt; Vai al sito web originale di Linkifier<\/span><\/a>\n\n\n<p><\/p>\n\n\n\n<h2>Aggiornamento a un conto Catshare Premium<\/h2>\n\n\n\n<p>Scegliete tra i seguenti piani di Catshare Premium Account e iniziate a godere delle ricche funzionalit\u00e0 di cui la Namecheap Inc. \u00e8 orgogliosa per la sua accessibilit\u00e0 e convenienza.<\/p>\n\n\n\n<p>Tabella 2. Modalit\u00e0 di pagamento del conto Catshare Premium<\/p>\n\n\n\n<figure class=\"wp-block-table\"><table><tbody><tr><td class=\"has-text-align-center\" data-align=\"center\">Piani di Catshare Premium Account <\/td><\/tr><\/tbody><\/table><\/figure>\n\n\n\n<figure class=\"wp-block-table\"><table><tbody><tr><td> Caratteristica <\/td><td>Piano del conto per 30 giorni <\/td><td>Piano del conto per 60 giorni <\/td><td>Piano del conto per 90 giorni <\/td><td>Piano del conto per 180 giorni <\/td><td>Piano del conto per 365 giorni <\/td><td>Piano del conto per 730 giorni <\/td><\/tr><tr><td>Dimensione massima dei file da scaricare al giorno <\/td><td> 1 TB al giorno <\/td><td> 2 TB al giorno <\/td><td> 4 TB al giorno <\/td><td> 6 TB al giorno  <\/td><td>  12 TB al giorno  <\/td><td> 24 TB al giorno <\/td><\/tr><tr><td>Assegnazione del volume massimo di stoccaggio <\/td><td> 3 TB <\/td><td> 3 TB <\/td><td>ASSEGNAZIONE DI STOCCAGGIO ILLIMITATA <\/td><td>ASSEGNAZIONE DI STOCCAGGIO ILLIMITATA <\/td><td>ASSEGNAZIONE DI STOCCAGGIO ILLIMITATA <\/td><td>ASSEGNAZIONE DI STOCCAGGIO ILLIMITATA <\/td><\/tr><tr><td>Pagamento iniziale <\/td><td>$ 13,99 USD <\/td><td>$ 28,99 USD <\/td><td>$ 38,99 USD <\/td><td>$ 48,99 USD <\/td><td>$ 68,99 USD <\/td><td>$ 98,99 USD <\/td><\/tr><\/tbody><\/table><\/figure>\n\n\n\n<p>Scegliete tra i sei piani di Catshare Premium Account accessibili e convenienti. Puoi scegliere di provare per i primi 30 giorni che ti dar\u00e0 un massimo di 3 TB di spazio di archiviazione per $ 13,99 USD o il conto premium da 60 giorni che ti dar\u00e0 anche un massimo di 3 TB di spazio di archiviazione per $ 28,99 USD, ma invitiamo tutti a provare i piani di account che danno un&#8217;allocazione di spazio di archiviazione illimitata. Questi sono i piani di conto per 90, 365 e 730 giorni che hanno un pagamento iniziale di iscrizione molto basso per soli $ 28,99 USD, $ 38,99 USD, $ 48,99 USD, $ 68,99 USD e $ 98,99 USD, rispettivamente per godere di tutte le caratteristiche e funzionalit\u00e0 del conto premium Catshare. Puoi pagare attraverso i nostri <a rel=\"noreferrer noopener\" aria-label=\"partner  (opens in a new tab)\" href=\"http:\/\/www.wisegeek.net\/what-is-a-financial-services-corporation.htm\" target=\"_blank\">partner <\/a>Bitcoin, Ripple, MasterCard, Visa, Paypal, Qiwi Wallet, Ethereum, Litecoin, Alipay, Sofort Banking, Interkassa, Taobao, Trustpay Internet Banking, Skrill, Pay safe card, UCash e WebMoney.<\/p>\n\n\n\n<h2>Pensieri finali su Catshare<\/h2>\n\n\n\n<p>Catshare offre il pi\u00f9 versatile ma anche il pi\u00f9 conveniente fornitore di servizi di file hosting (FHS) fino ad oggi. Siamo sicuri di non deludervi mai mentre continuiamo a sviluppare la nostra piattaforma con le sue caratteristiche ricche e accessibili per farvi godere.<\/p>\n\n\n\n<h2>Domande frequenti sul servizio di hosting dei file di Catshare<\/h2>\n\n\n\n<h3>1. Catshare ha un account gratuito?<\/h3>\n\n\n\n<p>Abbiamo un account gratuito Catshare che puoi utilizzare senza alcun pagamento iniziale di iscrizione. Con il nostro account gratuito puoi archiviare i tuoi file fino a 30 GB<\/p>\n\n\n\n<h3>2. A quanto ammonta la vostra dotazione di memoria per il conto Catshare Premium?<\/h3>\n\n\n\n<p>L&#8217;allocazione della memoria del conto premium di Catshare varia. Per i piani di account 30 e 60 giorni, hai un&#8217;allocazione di storage di 3 TB, mentre i piani di account per 90 giorni, 180 giorni, 365 giorni e 730 giorni hanno un&#8217;allocazione di storage illimitata che puoi utilizzare e di cui puoi usufruire.<\/p>\n\n\n\n<h3>3. Come guadagna il Catshare File Hosting Service (FHS) per essere un servizio gratuito?<\/h3>\n\n\n\n<p>La piattaforma Catshare guadagna dalle inserzioni pubblicitarie cos\u00ec come dalle captchas e dalle code integrate nel Catshare Free. Il pagamento iniziale di iscrizione supporta anche il funzionamento e la manutenzione della piattaforma Catshare.<\/p>\n\n\n<a class=\"maxbutton-2 maxbutton maxbutton-cta\" target=\"_blank\" rel=\"nofollow noopener\" href=\"\/go\/\"><span class='mb-text'>&gt;&gt; Vai al sito web originale di Linkifier<\/span><\/a>\n\n\n<p><\/p>\n","protected":false},"excerpt":{"rendered":"<p>La piattaforma Catshare \u00e8 il pi\u00f9 conveniente e sicuro fornitore di servizi di file hosting (FHS) al mondo. E &#8216;come<\/p>\n","protected":false},"author":2,"featured_media":0,"parent":0,"menu_order":0,"comment_status":"closed","ping_status":"closed","template":"","meta":[],"yoast_head":"<!-- This site is optimized with the Yoast SEO plugin v18.3 - https:\/\/yoast.com\/wordpress\/plugins\/seo\/ -->\n<title>Catshare Premium Conto: Il Filehoster In Sintesi<\/title>\n<meta name=\"description\" content=\"Se Catshare \u00e8 un fornitore affidabile o no, potete trovare la risposta nel test in corso su Multihoster.org \u279c Cliccate ora \u271a per leggere le nostre esperienze!\" \/>\n<meta name=\"robots\" content=\"index, follow, max-snippet:-1, max-image-preview:large, max-video-preview:-1\" \/>\n<link rel=\"canonical\" href=\"https:\/\/multihoster.org\/it\/catshare\/\" \/>\n<meta property=\"og:locale\" content=\"it_IT\" \/>\n<meta property=\"og:type\" content=\"article\" \/>\n<meta property=\"og:title\" content=\"Catshare Premium Conto: Il Filehoster In Sintesi\" \/>\n<meta property=\"og:description\" content=\"Se Catshare \u00e8 un fornitore affidabile o no, potete trovare la risposta nel test in corso su Multihoster.org \u279c Cliccate ora \u271a per leggere le nostre esperienze!\" \/>\n<meta property=\"og:url\" content=\"https:\/\/multihoster.org\/it\/catshare\/\" \/>\n<meta property=\"og:site_name\" content=\"Multihoster.org\" \/>\n<meta property=\"article:modified_time\" content=\"2020-06-01T10:25:24+00:00\" \/>\n<meta property=\"og:image\" content=\"https:\/\/multihoster.org\/wp-content\/uploads\/2020\/04\/Catshare.png\" \/>\n<meta name=\"twitter:card\" content=\"summary\" \/>\n<meta name=\"twitter:label1\" content=\"Tempo di lettura stimato\" \/>\n\t<meta name=\"twitter:data1\" content=\"7 minuti\" \/>\n<script type=\"application\/ld+json\" class=\"yoast-schema-graph\">{\"@context\":\"https:\/\/schema.org\",\"@graph\":[{\"@type\":\"WebSite\",\"@id\":\"https:\/\/multihoster.org\/#website\",\"url\":\"https:\/\/multihoster.org\/\",\"name\":\"Multihoster.org\",\"description\":\"Reviews of the major Filehosting services\",\"potentialAction\":[{\"@type\":\"SearchAction\",\"target\":{\"@type\":\"EntryPoint\",\"urlTemplate\":\"https:\/\/multihoster.org\/?s={search_term_string}\"},\"query-input\":\"required name=search_term_string\"}],\"inLanguage\":\"it-IT\"},{\"@type\":\"ImageObject\",\"@id\":\"https:\/\/multihoster.org\/it\/catshare\/#primaryimage\",\"inLanguage\":\"it-IT\",\"url\":\"https:\/\/multihoster.org\/wp-content\/uploads\/2020\/04\/Catshare.png\",\"contentUrl\":\"https:\/\/multihoster.org\/wp-content\/uploads\/2020\/04\/Catshare.png\",\"width\":401,\"height\":267},{\"@type\":\"WebPage\",\"@id\":\"https:\/\/multihoster.org\/it\/catshare\/#webpage\",\"url\":\"https:\/\/multihoster.org\/it\/catshare\/\",\"name\":\"Catshare Premium Conto: Il Filehoster In Sintesi\",\"isPartOf\":{\"@id\":\"https:\/\/multihoster.org\/#website\"},\"primaryImageOfPage\":{\"@id\":\"https:\/\/multihoster.org\/it\/catshare\/#primaryimage\"},\"datePublished\":\"2020-04-08T09:30:20+00:00\",\"dateModified\":\"2020-06-01T10:25:24+00:00\",\"description\":\"Se Catshare \u00e8 un fornitore affidabile o no, potete trovare la risposta nel test in corso su Multihoster.org \u279c Cliccate ora \u271a per leggere le nostre esperienze!\",\"breadcrumb\":{\"@id\":\"https:\/\/multihoster.org\/it\/catshare\/#breadcrumb\"},\"inLanguage\":\"it-IT\",\"potentialAction\":[{\"@type\":\"ReadAction\",\"target\":[\"https:\/\/multihoster.org\/it\/catshare\/\"]}]},{\"@type\":\"BreadcrumbList\",\"@id\":\"https:\/\/multihoster.org\/it\/catshare\/#breadcrumb\",\"itemListElement\":[{\"@type\":\"ListItem\",\"position\":1,\"name\":\"Startseite\",\"item\":\"https:\/\/multihoster.org\/it\/\"},{\"@type\":\"ListItem\",\"position\":2,\"name\":\"Catshare Premium Conto: Il Filehoster In Sintesi\"}]}]}<\/script>\n<!-- \/ Yoast SEO plugin. -->","yoast_head_json":{"title":"Catshare Premium Conto: Il Filehoster In Sintesi","description":"Se Catshare \u00e8 un fornitore affidabile o no, potete trovare la risposta nel test in corso su Multihoster.org \u279c Cliccate ora \u271a per leggere le nostre esperienze!","robots":{"index":"index","follow":"follow","max-snippet":"max-snippet:-1","max-image-preview":"max-image-preview:large","max-video-preview":"max-video-preview:-1"},"canonical":"https:\/\/multihoster.org\/it\/catshare\/","og_locale":"it_IT","og_type":"article","og_title":"Catshare Premium Conto: Il Filehoster In Sintesi","og_description":"Se Catshare \u00e8 un fornitore affidabile o no, potete trovare la risposta nel test in corso su Multihoster.org \u279c Cliccate ora \u271a per leggere le nostre esperienze!","og_url":"https:\/\/multihoster.org\/it\/catshare\/","og_site_name":"Multihoster.org","article_modified_time":"2020-06-01T10:25:24+00:00","og_image":[{"url":"https:\/\/multihoster.org\/wp-content\/uploads\/2020\/04\/Catshare.png"}],"twitter_card":"summary","twitter_misc":{"Tempo di lettura stimato":"7 minuti"},"schema":{"@context":"https:\/\/schema.org","@graph":[{"@type":"WebSite","@id":"https:\/\/multihoster.org\/#website","url":"https:\/\/multihoster.org\/","name":"Multihoster.org","description":"Reviews of the major Filehosting services","potentialAction":[{"@type":"SearchAction","target":{"@type":"EntryPoint","urlTemplate":"https:\/\/multihoster.org\/?s={search_term_string}"},"query-input":"required name=search_term_string"}],"inLanguage":"it-IT"},{"@type":"ImageObject","@id":"https:\/\/multihoster.org\/it\/catshare\/#primaryimage","inLanguage":"it-IT","url":"https:\/\/multihoster.org\/wp-content\/uploads\/2020\/04\/Catshare.png","contentUrl":"https:\/\/multihoster.org\/wp-content\/uploads\/2020\/04\/Catshare.png","width":401,"height":267},{"@type":"WebPage","@id":"https:\/\/multihoster.org\/it\/catshare\/#webpage","url":"https:\/\/multihoster.org\/it\/catshare\/","name":"Catshare Premium Conto: Il Filehoster In Sintesi","isPartOf":{"@id":"https:\/\/multihoster.org\/#website"},"primaryImageOfPage":{"@id":"https:\/\/multihoster.org\/it\/catshare\/#primaryimage"},"datePublished":"2020-04-08T09:30:20+00:00","dateModified":"2020-06-01T10:25:24+00:00","description":"Se Catshare \u00e8 un fornitore affidabile o no, potete trovare la risposta nel test in corso su Multihoster.org \u279c Cliccate ora \u271a per leggere le nostre esperienze!","breadcrumb":{"@id":"https:\/\/multihoster.org\/it\/catshare\/#breadcrumb"},"inLanguage":"it-IT","potentialAction":[{"@type":"ReadAction","target":["https:\/\/multihoster.org\/it\/catshare\/"]}]},{"@type":"BreadcrumbList","@id":"https:\/\/multihoster.org\/it\/catshare\/#breadcrumb","itemListElement":[{"@type":"ListItem","position":1,"name":"Startseite","item":"https:\/\/multihoster.org\/it\/"},{"@type":"ListItem","position":2,"name":"Catshare Premium Conto: Il Filehoster In Sintesi"}]}]}},"_links":{"self":[{"href":"https:\/\/multihoster.org\/it\/wp-json\/wp\/v2\/pages\/3366"}],"collection":[{"href":"https:\/\/multihoster.org\/it\/wp-json\/wp\/v2\/pages"}],"about":[{"href":"https:\/\/multihoster.org\/it\/wp-json\/wp\/v2\/types\/page"}],"author":[{"embeddable":true,"href":"https:\/\/multihoster.org\/it\/wp-json\/wp\/v2\/users\/2"}],"replies":[{"embeddable":true,"href":"https:\/\/multihoster.org\/it\/wp-json\/wp\/v2\/comments?post=3366"}],"version-history":[{"count":2,"href":"https:\/\/multihoster.org\/it\/wp-json\/wp\/v2\/pages\/3366\/revisions"}],"predecessor-version":[{"id":4611,"href":"https:\/\/multihoster.org\/it\/wp-json\/wp\/v2\/pages\/3366\/revisions\/4611"}],"wp:attachment":[{"href":"https:\/\/multihoster.org\/it\/wp-json\/wp\/v2\/media?parent=3366"}],"curies":[{"name":"wp","href":"https:\/\/api.w.org\/{rel}","templated":true}]}}