{"id":3440,"date":"2020-04-08T13:13:08","date_gmt":"2020-04-08T13:13:08","guid":{"rendered":"https:\/\/multihoster.org\/subyshare\/"},"modified":"2020-04-08T15:30:58","modified_gmt":"2020-04-08T15:30:58","slug":"subyshare","status":"publish","type":"page","link":"https:\/\/multihoster.org\/it\/subyshare\/","title":{"rendered":"Subyshare Premium Conto: Il Filehoster In Sintesi"},"content":{"rendered":"\n<figure class=\"wp-block-image\"><img src=\"https:\/\/lh5.googleusercontent.com\/UquMrYbmLRQkC4EBiJecFA3UlFC8z2rcSYEBDawVt67_570UGuXawyAmBDVWM9MxQSfW0OIuqUrBIrg9tjN2n_xBKq3D3lCZsTGllywdzLY9OVZDET9XWc7Al_AHCd3-fCv95xM\" alt=\"Subyshare logo\"\/><\/figure>\n\n\n<a class=\"maxbutton-2 maxbutton maxbutton-cta\" target=\"_blank\" rel=\"nofollow noopener\" href=\"\/go\/\"><span class='mb-text'>&gt;&gt; Vai al sito web originale di Linkifier<\/span><\/a>\n\n\n<p><\/p>\n\n\n\n<h2>Subyshare: Che cos&#8217;\u00e8?<\/h2>\n\n\n\n<p>Subyshare \u00e8 un file hoster che fornisce l&#8217;archiviazione o il backup online. Ha strumenti per condividere, caricare, scaricare e cancellare un file.<\/p>\n\n\n\n<p>Quando si tratta di ospitare un file, Subyshare \u00e8 veramente veloce nel caricare o scaricare un file dai <a rel=\"noreferrer noopener\" aria-label=\"server  (opens in a new tab)\" href=\"https:\/\/www.computerhope.com\/jargon\/s\/server.htm\" target=\"_blank\">server <\/a>Subyshare. Il file hoster Subyshare \u00e8 una delle soluzioni ai problemi con cui molte persone hanno a che fare, soprattutto per quanto riguarda l&#8217;accesso e il recupero dei loro file.<\/p>\n\n\n\n<h2>Servizi di Subyshare<\/h2>\n\n\n\n<p>Ogni volta che un utente ha bisogno di inviare o condividere un file con il suo amico o con altre persone, ma non pu\u00f2 caricarlo sulla sua e-mail perch\u00e9 la dimensione del file o dei file che sta cercando di inviare \u00e8 molto grande. Beh, per questo problema, Subyshare pu\u00f2 fare il compito per voi. <\/p>\n\n\n\n<p>Se un individuo ha bisogno di una capacit\u00e0 di archiviazione online veramente sicura per il backup dei suoi file, Subyshare pu\u00f2 fornire una soluzione per questo. <\/p>\n\n\n\n<p>Il sito e i servizi Subyshare sono compatibili con qualsiasi dispositivo. Se un individuo vuole accedere ai propri dati personali o privati da diversi dispositivi come cellulari, computer o laptop, ma non vuole portare sempre con s\u00e9 tutti questi dispositivi, allora Subyshare ha il modo migliore per farlo. Non avr\u00e0 bisogno di flash drive per portare con s\u00e9 i propri dati o file, ma con l&#8217;aiuto di Subyshare, potr\u00e0 conservare e accedere ai propri dati o file in qualsiasi momento e ovunque. <\/p>\n\n\n\n<p>Ecco perch\u00e9 l&#8217;uso dell&#8217;archiviazione online \u00e8 importante. Ora, con i servizi di Subyshare, potete portare e proteggere i vostri dati o file e rimanere qui in un unico luogo.<\/p>\n\n\n\n<h2>Funzionalit\u00e0 di subcondivisione per diversi conti<\/h2>\n\n\n\n<p>Subyshare ha tre (3) diversi tipi di account per gli utenti. Questi sono il Subyshare Free, il Subyshare Registered e il Subyshare Premium Account.<\/p>\n\n\n\n<p>Affinch\u00e9 un utente possa decidere quale account utilizzare, ecco le seguenti caratteristiche di ogni account Subyshare.<\/p>\n\n\n\n<figure class=\"wp-block-table\"><table class=\"\"><tbody><tr><td><strong>Il tuo piano attuale: ISCRITTO<\/strong><\/td><td><strong>GRATIS<\/strong><\/td><td><strong>REGISTRATO<\/strong><\/td><td><strong>PREMIUM<\/strong><\/td><\/tr><tr><td>Spazio di stoccaggio<\/td><td><\/td><td>5000 GB Temporaneamente<\/td><td>A partire da 1000 GB PRE + 4 TB Temporaneamente<\/td><\/tr><tr><td>Volume di download al giorno<\/td><td>2 GB 1 giorno<\/td><td>2 GB 1 giorno <\/td><td>4 GB 1 giorno <\/td><\/tr><tr><td>Acquista Altro scarica Larghezza di banda<\/td><td>No<\/td><td>No<\/td><td>S\u00ec<\/td><\/tr><tr><td>Dimensione massima del file da caricare<\/td><td>100 Mb<\/td><td>5120 Mb<\/td><td>20480 Mb<\/td><\/tr><tr><td>Scarica la velocit\u00e0<\/td><td>130 KB\/s<\/td><td> 130 KB\/s <\/td><td>7-15MB\/s<\/td><\/tr><tr><td>Dove vengono cancellati i vostri file?<\/td><td>1 giorno dopo l&#8217;ultimo download<\/td><td>30 giorni dopo l&#8217;ultimo download<\/td><td>180 giorni dopo l&#8217;ultimo download<\/td><\/tr><tr><td>Tempo di attesa<\/td><td>60 secondi<\/td><td>60 secondi <\/td><td>Nessuno!<\/td><\/tr><tr><td>Annunci<\/td><td>S\u00ec<\/td><td> S\u00ec<\/td><td> Nessuno! <\/td><\/tr><tr><td>Risolvi Captcha in download<\/td><td> S\u00ec<\/td><td> S\u00ec<\/td><td> Nessuno! <\/td><\/tr><\/tbody><\/table><\/figure>\n\n\n\n<h2>Conto Premium Subyshare<\/h2>\n\n\n\n<p>Se un utente vuole sperimentare tutte le caratteristiche e i servizi di Subyshare in pieno, allora deve ottenere l&#8217;account premium di Subyshare.<\/p>\n\n\n\n<h3>Chiave del conto Premium Subyshare<\/h3>\n\n\n\n<p>Se un utente ha gi\u00e0 la <a rel=\"noreferrer noopener\" aria-label=\"chiave  (opens in a new tab)\" href=\"https:\/\/searchsecurity.techtarget.com\/definition\/key\" target=\"_blank\">chiave <\/a>per il suo account premium, pu\u00f2 eseguire i seguenti passi per attivare l&#8217;account Premium Subyshare.<br><\/p>\n\n\n\n<p>1. \u00c8 necessario accedere al proprio account utente a Subyshare per accedere al proprio profilo. Se non siete ancora registrati, potete registrarvi per avere un account per Subyshare.<\/p>\n\n\n\n<p>2. Dopo il login, aprite questo link: http:\/\/subyshare.com\/account\/profile<\/p>\n\n\n\n<p>3. Copiate la chiave o il codice che avete e incollatela nel campo di testo &#8220;Chiave Premium&#8221; o &#8220;Codice di attivazione&#8221;. (Si prega di fare riferimento all&#8217;immagine sottostante).<\/p>\n\n\n\n<p>4. Cliccare il tasto &#8220;Invio&#8221; per inviare e applicare la chiave o il codice a Subyshare.<\/p>\n\n\n\n<figure class=\"wp-block-image\"><img src=\"https:\/\/lh3.googleusercontent.com\/TwETx_rfPehPnTx0tCW572Fj0afFVMNJOsbgKwf9hc7i7iNEFC7ItL4XPXwWEIbYB2pxykFwfAeLVYQgE-SA6pKu4nm_na196XLIW3iqEy2bREkoVbSxoY_PgZZecfP0xXxiFEI\" alt=\"Subyshare Account Overview\"\/><\/figure>\n\n\n\n<p>5. Subyshare lo verificher\u00e0. Se la chiave che hai inserito \u00e8 corretta, il tuo account Premium Subyshare verr\u00e0 attivato.<\/p>\n\n\n\n<h2>Piani di Conto Premium Subyshare<\/h2>\n\n\n\n<figure class=\"wp-block-table\"><table class=\"\"><tbody><tr><td># di giorni <\/td><td>Prezzi dei pacchetti <\/td><td>Stoccaggio in terabyte (TB) <\/td><td>Larghezza di banda giornaliera in gigabyte (GB) <\/td><td>Stoccaggio illimitato <\/td><td>Scarica Velocit\u00e0 in megabyte (MB) <\/td><td>Contiene Annunci <\/td><td>Download diretto <\/td><\/tr><tr><td>30<\/td><td>14,99 USD  <\/td><td>1<\/td><td> 40 <\/td><td>S\u00ec<\/td><td>10<\/td><td>No<\/td><td> S\u00ec<\/td><\/tr><tr><td> 75 <\/td><td>29,95 USD  <\/td><td>1<\/td><td> 40 <\/td><td>S\u00ec<\/td><td>10<\/td><td> No <\/td><td> S\u00ec<\/td><\/tr><tr><td> 180 <\/td><td>47,45 USD  <\/td><td>1<\/td><td> 40 <\/td><td> S\u00ec<\/td><td>10<\/td><td> No <\/td><td> S\u00ec<\/td><\/tr><tr><td> 365 <\/td><td>87,95 USD  <\/td><td>1<\/td><td> 40 <\/td><td> S\u00ec<\/td><td>10<\/td><td> No <\/td><td> S\u00ec<\/td><\/tr><\/tbody><\/table><\/figure>\n\n\n\n<p>*Questi piani possono essere pagati una sola volta, ma un utente pu\u00f2 sempre aggiornare o rinnovare o estendere il piano di cui si avvale.<\/p>\n\n\n\n<h3>Passi:<\/h3>\n\n\n\n<ul><li>1\u00b0: Un utente deve scegliere uno dei pacchetti del Subyshare Premium che vuole usare.<\/li><li> 2: Un utente deve scegliere uno dei metodi di pagamento del Subyshare <\/li><li> Terzo: Un utente deve controllare se il piano viene aggiunto al suo carrello.<\/li><li> 4\u00b0:  Cliccare il pulsante &#8220;Checkout&#8221; per controllare il pacchetto Subyshare Premium.<\/li><\/ul>\n\n\n<a class=\"maxbutton-2 maxbutton maxbutton-cta\" target=\"_blank\" rel=\"nofollow noopener\" href=\"\/go\/\"><span class='mb-text'>&gt;&gt; Vai al sito web originale di Linkifier<\/span><\/a>\n\n\n<p><\/p>\n\n\n\n<h3>A pagamento:<\/h3>\n\n\n\n<p>Nel pagare il pacchetto Premium, Subyshare accetta i seguenti metodi di pagamento:<\/p>\n\n\n\n<ul><li>Tutti i tipi di carte di credito,<\/li><li> Webmoney, <\/li><li> Bitcoin, e<\/li><li> Paypal<\/li><\/ul>\n\n\n\n<h2>Subyshare: File<\/h2>\n\n\n\n<h3>Caricamento file<\/h3>\n\n\n\n<p>Ci sono tre (3) modi per caricare uno o pi\u00f9 file su Subyshare:<\/p>\n\n\n\n<p>1. Caricamento tramite browser web.<\/p>\n\n\n\n<p>L&#8217;uso dei browser web \u00e8 il modo normale e molto semplice che un utente pu\u00f2 fare per caricare uno o pi\u00f9 file su Subyshare. Per effettuare il caricamento su un browser web, seguire la procedura seguente:<\/p>\n\n\n\n<p>i. Vai su Subyshare e accedi al tuo account.<\/p>\n\n\n\n<p>ii. Andate alla pagina &#8220;I miei file&#8221; del vostro Subyshare Account File Manager.<\/p>\n\n\n\n<p>iii. Trascinare e rilasciare il file o i file l\u00ec o andare in una qualsiasi delle vostre cartelle e trascinare e rilasciare il file o i file in esso contenuti.<\/p>\n\n\n\n<p>iv. Vedi che c&#8217;\u00e8 una barra di avanzamento che deve essere riempita al 100%. Essa indicher\u00e0 che i file os sono caricati completamente. <\/p>\n\n\n\n<p>2. Caricamento tramite l&#8217;uso di File Transfer Protocol o upload FTP.<\/p>\n\n\n\n<p>Un utente pu\u00f2 utilizzare qualsiasi <a rel=\"noreferrer noopener\" aria-label=\"File Transfer Protocol (opens in a new tab)\" href=\"https:\/\/searchnetworking.techtarget.com\/definition\/File-Transfer-Protocol-FTP\" target=\"_blank\">File Transfer Protocol<\/a> o client FTP, ad esempio, \u00e8 Filezilla per caricare il file o i file su Subyshare attraverso i server FTP. Per caricare utilizzando questo modo FTP, un utente deve fornire il proprio hostname, il nome utente dell&#8217;account e la password dell&#8217;account.<\/p>\n\n\n\n<p>Per hostname: Utilizzare i seguenti server di Subyshare:<\/p>\n\n\n\n<figure class=\"wp-block-table\"><table class=\"\"><tbody><tr><td class=\"has-text-align-center\" data-align=\"center\">Nome del Server: <\/td><\/tr><tr><td class=\"has-text-align-center\" data-align=\"center\">ftp.subyshare.com &#8211; (per l&#8217;Europa) <\/td><\/tr><tr><td class=\"has-text-align-center\" data-align=\"center\">us.ftp.subyshare.com &#8211; (per l&#8217;America) <\/td><\/tr><\/tbody><\/table><\/figure>\n\n\n\n<p>3. Utilizzo della funzione di caricamento remoto.<\/p>\n\n\n\n<p>La funzione di caricamento remoto dipender\u00e0 sempre dalle impostazioni dell&#8217;account dell&#8217;utente su Subyshare. Inoltre, se un utente vuole o ha bisogno di utilizzare la modalit\u00e0 di caricamento remoto, deve contattare il supporto Subyshare per guidarlo su come farlo.<\/p>\n\n\n\n<h3>Scarica il file<\/h3>\n\n\n\n<p>Scaricare uno o pi\u00f9 file in Subyshare \u00e8 semplicissimo. Un utente deve solo fare doppio clic sul file che vuole scaricare, ma quando un utente utilizza l&#8217;account Subyshare Premium \u00e8 molto pi\u00f9 facile da scaricare, perch\u00e9 Subyshare Premium pu\u00f2 scaricare automaticamente il file o i file desiderati. In primo luogo, un utente deve solo impostare le sue impostazioni di download su &#8220;Download diretto&#8221; nelle impostazioni del suo account Subyshare. Un utente pu\u00f2 anche utilizzare il link per il download fornito da Subyshare (il link per il download \u00e8 disponibile gratuitamente e per gli utenti Premium).<\/p>\n\n\n\n<p>Subyshare pu\u00f2 connettersi con altri software di download per scaricare uno o pi\u00f9 file come Internet Download Manager o IDM.<\/p>\n\n\n\n<h3>Flusso di file<\/h3>\n\n\n\n<p>Lo streaming in Subyshare supporta solo questi tipi di file video:<\/p>\n\n\n\n<figure class=\"wp-block-table\"><table class=\"\"><tbody><tr><td>3gp<\/td><td>avi<\/td><td>divx<\/td><td>flv<\/td><td>mkv<\/td><td>mov<\/td><td>mp4<\/td><td>mpeg<\/td><td>mpg<\/td><td>vob<\/td><td>wmv<\/td><td>xvid<\/td><\/tr><\/tbody><\/table><\/figure>\n\n\n\n<figure class=\"wp-block-image\"><img src=\"https:\/\/lh3.googleusercontent.com\/1gxrgoQikEaD4cXKfXcGuv8fVFojiwgr2nhFon4IjtlHIn4ynWj9KOll78T6KWI-1ZKPOcRDKX4pdyj_Ns5CbFx2gwksc0WjiMbFNgomyqJZihb7TMltRzpsCOLTICG6SoRCtgs\" alt=\"Adobe Flash Player\"\/><\/figure>\n\n\n\n<p>Per trasmettere un video in streaming sul sito di Subyshare. Un utente aveva bisogno di avere un Adobe Flash Player funzionante e aggiornato affinch\u00e9 il video funzionasse correttamente.<\/p>\n\n\n\n<p>Se un utente non dispone di Adobe Flash Player, deve prima installarlo prima di poter trasmettere un video su Subyshare. <\/p>\n\n\n\n<h3>Condivisione di file<\/h3>\n\n\n\n<p>Un utente non pu\u00f2 condividere i file con tutte le persone, ma Subyshare permette agli utenti di condividere i file con altre persone che scelgono solo di condividere.<\/p>\n\n\n\n<p>Un utente non pu\u00f2 vedere il file o i file che gli altri utenti hanno caricato, ma pu\u00f2 vederlo se l&#8217;uploader gli ha permesso di vedere il file dei file che ha caricato.<\/p>\n\n\n\n<h3>Subyshare: Cancellare<\/h3>\n\n\n\n<p>Se un utente ha gi\u00e0 caricato un file su Subyshare, ha fornito da Subyshare una funzione di cancellazione sul suo account, quindi se c&#8217;\u00e8 un file che vuole cancellare, gli \u00e8 permesso di farlo.<\/p>\n\n\n\n<p>Per cancellare un file, seguire la seguente procedura:<\/p>\n\n\n\n<p>1. Vai al sito Subyshare.<\/p>\n\n\n\n<p>2. Vai al file caricato e clicca sul file che hai scelto di cancellare. (Per scegliere molti file, potete premere il tasto Ctrl o il tasto Shift e cliccare sui file).<\/p>\n\n\n\n<p>3. Per cancellare il file scelto, cliccate con il tasto destro del mouse sul file o sui file e cliccate su &#8220;Cancella&#8221;.<\/p>\n\n\n\n<p>4. Prima di procedere alla cancellazione del file, \u00e8 necessario inserire la password per cancellarlo. Quindi, cliccate sul pulsante &#8220;OK&#8221; per applicare la procedura di cancellazione al file o ai file.<\/p>\n\n\n\n<p>*Se un utente ha dimenticato la sua password per la cancellazione di uno o pi\u00f9 file, deve contattare il supporto di Subyshare o pu\u00f2 inviare la sua richiesta attraverso il modulo di contatto Subyshare.<\/p>\n\n\n\n<h2>Subyshare: Aiuto<\/h2>\n\n\n\n<p>Se un utente ha ancora un problema o una domanda sui servizi di Subyshare o su qualsiasi cosa relativa al Subyshare, allora non dovrebbe avere timore di contattare i supporti Subyshare e non dovrebbe avere paura di utilizzare il modulo di contatto Subyshare e riempirlo completamente per inviare qualsiasi sua preoccupazione. L&#8217;utente pu\u00f2 raggiungerli in qualsiasi momento.<\/p>\n\n\n\n<p>Subyshare ha anche un supporto in tempo reale per assistere gli utenti, i clienti, o i clienti con le loro preoccupazioni in tempo reale, ma possono usare questa funzione di Subyshare solo quando vedono che la funzione \u00e8 sul sito Subyshare. Se il supporto dal vivo non \u00e8 sul sito Subyshare, l&#8217;utente \u00e8 avvisato che invier\u00e0 sempre le sue preoccupazioni attraverso il modulo di contatto che \u00e8 il biglietto per il supporto Subyshare.<\/p>\n\n\n<a class=\"maxbutton-2 maxbutton maxbutton-cta\" target=\"_blank\" rel=\"nofollow noopener\" href=\"\/go\/\"><span class='mb-text'>&gt;&gt; Vai al sito web originale di Linkifier<\/span><\/a>\n\n\n<p><\/p>\n","protected":false},"excerpt":{"rendered":"<p>Subyshare: Che cos&#8217;\u00e8? Subyshare \u00e8 un file hoster che fornisce l&#8217;archiviazione o il backup online. Ha strumenti per condividere, caricare,<\/p>\n","protected":false},"author":2,"featured_media":0,"parent":0,"menu_order":0,"comment_status":"closed","ping_status":"closed","template":"","meta":[],"yoast_head":"<!-- This site is optimized with the Yoast SEO plugin v18.3 - https:\/\/yoast.com\/wordpress\/plugins\/seo\/ -->\n<title>Subyshare Premium Conto: Il Filehoster In Sintesi<\/title>\n<meta name=\"description\" content=\"Se Subyshare \u00e8 un fornitore affidabile o meno, potete trovare la risposta nel test in corso su Multihoster.org \u279c Cliccate ora \u271a per leggere le nostre esperienze!\" \/>\n<meta name=\"robots\" content=\"index, follow, max-snippet:-1, max-image-preview:large, max-video-preview:-1\" \/>\n<link rel=\"canonical\" href=\"https:\/\/multihoster.org\/it\/subyshare\/\" \/>\n<meta property=\"og:locale\" content=\"it_IT\" \/>\n<meta property=\"og:type\" content=\"article\" \/>\n<meta property=\"og:title\" content=\"Subyshare Premium Conto: Il Filehoster In Sintesi\" \/>\n<meta property=\"og:description\" content=\"Se Subyshare \u00e8 un fornitore affidabile o meno, potete trovare la risposta nel test in corso su Multihoster.org \u279c Cliccate ora \u271a per leggere le nostre esperienze!\" \/>\n<meta property=\"og:url\" content=\"https:\/\/multihoster.org\/it\/subyshare\/\" \/>\n<meta property=\"og:site_name\" content=\"Multihoster.org\" \/>\n<meta property=\"article:modified_time\" content=\"2020-04-08T15:30:58+00:00\" \/>\n<meta property=\"og:image\" content=\"https:\/\/lh5.googleusercontent.com\/UquMrYbmLRQkC4EBiJecFA3UlFC8z2rcSYEBDawVt67_570UGuXawyAmBDVWM9MxQSfW0OIuqUrBIrg9tjN2n_xBKq3D3lCZsTGllywdzLY9OVZDET9XWc7Al_AHCd3-fCv95xM\" \/>\n<meta name=\"twitter:card\" content=\"summary\" \/>\n<meta name=\"twitter:label1\" content=\"Tempo di lettura stimato\" \/>\n\t<meta name=\"twitter:data1\" content=\"7 minuti\" \/>\n<script type=\"application\/ld+json\" class=\"yoast-schema-graph\">{\"@context\":\"https:\/\/schema.org\",\"@graph\":[{\"@type\":\"WebSite\",\"@id\":\"https:\/\/multihoster.org\/#website\",\"url\":\"https:\/\/multihoster.org\/\",\"name\":\"Multihoster.org\",\"description\":\"Reviews of the major Filehosting services\",\"potentialAction\":[{\"@type\":\"SearchAction\",\"target\":{\"@type\":\"EntryPoint\",\"urlTemplate\":\"https:\/\/multihoster.org\/?s={search_term_string}\"},\"query-input\":\"required name=search_term_string\"}],\"inLanguage\":\"it-IT\"},{\"@type\":\"ImageObject\",\"@id\":\"https:\/\/multihoster.org\/it\/subyshare\/#primaryimage\",\"inLanguage\":\"it-IT\",\"url\":\"https:\/\/lh5.googleusercontent.com\/UquMrYbmLRQkC4EBiJecFA3UlFC8z2rcSYEBDawVt67_570UGuXawyAmBDVWM9MxQSfW0OIuqUrBIrg9tjN2n_xBKq3D3lCZsTGllywdzLY9OVZDET9XWc7Al_AHCd3-fCv95xM\",\"contentUrl\":\"https:\/\/lh5.googleusercontent.com\/UquMrYbmLRQkC4EBiJecFA3UlFC8z2rcSYEBDawVt67_570UGuXawyAmBDVWM9MxQSfW0OIuqUrBIrg9tjN2n_xBKq3D3lCZsTGllywdzLY9OVZDET9XWc7Al_AHCd3-fCv95xM\"},{\"@type\":\"WebPage\",\"@id\":\"https:\/\/multihoster.org\/it\/subyshare\/#webpage\",\"url\":\"https:\/\/multihoster.org\/it\/subyshare\/\",\"name\":\"Subyshare Premium Conto: Il Filehoster In Sintesi\",\"isPartOf\":{\"@id\":\"https:\/\/multihoster.org\/#website\"},\"primaryImageOfPage\":{\"@id\":\"https:\/\/multihoster.org\/it\/subyshare\/#primaryimage\"},\"datePublished\":\"2020-04-08T13:13:08+00:00\",\"dateModified\":\"2020-04-08T15:30:58+00:00\",\"description\":\"Se Subyshare \u00e8 un fornitore affidabile o meno, potete trovare la risposta nel test in corso su Multihoster.org \u279c Cliccate ora \u271a per leggere le nostre esperienze!\",\"breadcrumb\":{\"@id\":\"https:\/\/multihoster.org\/it\/subyshare\/#breadcrumb\"},\"inLanguage\":\"it-IT\",\"potentialAction\":[{\"@type\":\"ReadAction\",\"target\":[\"https:\/\/multihoster.org\/it\/subyshare\/\"]}]},{\"@type\":\"BreadcrumbList\",\"@id\":\"https:\/\/multihoster.org\/it\/subyshare\/#breadcrumb\",\"itemListElement\":[{\"@type\":\"ListItem\",\"position\":1,\"name\":\"Startseite\",\"item\":\"https:\/\/multihoster.org\/it\/\"},{\"@type\":\"ListItem\",\"position\":2,\"name\":\"Subyshare Premium Conto: Il Filehoster In Sintesi\"}]}]}<\/script>\n<!-- \/ Yoast SEO plugin. -->","yoast_head_json":{"title":"Subyshare Premium Conto: Il Filehoster In Sintesi","description":"Se Subyshare \u00e8 un fornitore affidabile o meno, potete trovare la risposta nel test in corso su Multihoster.org \u279c Cliccate ora \u271a per leggere le nostre esperienze!","robots":{"index":"index","follow":"follow","max-snippet":"max-snippet:-1","max-image-preview":"max-image-preview:large","max-video-preview":"max-video-preview:-1"},"canonical":"https:\/\/multihoster.org\/it\/subyshare\/","og_locale":"it_IT","og_type":"article","og_title":"Subyshare Premium Conto: Il Filehoster In Sintesi","og_description":"Se Subyshare \u00e8 un fornitore affidabile o meno, potete trovare la risposta nel test in corso su Multihoster.org \u279c Cliccate ora \u271a per leggere le nostre esperienze!","og_url":"https:\/\/multihoster.org\/it\/subyshare\/","og_site_name":"Multihoster.org","article_modified_time":"2020-04-08T15:30:58+00:00","og_image":[{"url":"https:\/\/lh5.googleusercontent.com\/UquMrYbmLRQkC4EBiJecFA3UlFC8z2rcSYEBDawVt67_570UGuXawyAmBDVWM9MxQSfW0OIuqUrBIrg9tjN2n_xBKq3D3lCZsTGllywdzLY9OVZDET9XWc7Al_AHCd3-fCv95xM"}],"twitter_card":"summary","twitter_misc":{"Tempo di lettura stimato":"7 minuti"},"schema":{"@context":"https:\/\/schema.org","@graph":[{"@type":"WebSite","@id":"https:\/\/multihoster.org\/#website","url":"https:\/\/multihoster.org\/","name":"Multihoster.org","description":"Reviews of the major Filehosting services","potentialAction":[{"@type":"SearchAction","target":{"@type":"EntryPoint","urlTemplate":"https:\/\/multihoster.org\/?s={search_term_string}"},"query-input":"required name=search_term_string"}],"inLanguage":"it-IT"},{"@type":"ImageObject","@id":"https:\/\/multihoster.org\/it\/subyshare\/#primaryimage","inLanguage":"it-IT","url":"https:\/\/lh5.googleusercontent.com\/UquMrYbmLRQkC4EBiJecFA3UlFC8z2rcSYEBDawVt67_570UGuXawyAmBDVWM9MxQSfW0OIuqUrBIrg9tjN2n_xBKq3D3lCZsTGllywdzLY9OVZDET9XWc7Al_AHCd3-fCv95xM","contentUrl":"https:\/\/lh5.googleusercontent.com\/UquMrYbmLRQkC4EBiJecFA3UlFC8z2rcSYEBDawVt67_570UGuXawyAmBDVWM9MxQSfW0OIuqUrBIrg9tjN2n_xBKq3D3lCZsTGllywdzLY9OVZDET9XWc7Al_AHCd3-fCv95xM"},{"@type":"WebPage","@id":"https:\/\/multihoster.org\/it\/subyshare\/#webpage","url":"https:\/\/multihoster.org\/it\/subyshare\/","name":"Subyshare Premium Conto: Il Filehoster In Sintesi","isPartOf":{"@id":"https:\/\/multihoster.org\/#website"},"primaryImageOfPage":{"@id":"https:\/\/multihoster.org\/it\/subyshare\/#primaryimage"},"datePublished":"2020-04-08T13:13:08+00:00","dateModified":"2020-04-08T15:30:58+00:00","description":"Se Subyshare \u00e8 un fornitore affidabile o meno, potete trovare la risposta nel test in corso su Multihoster.org \u279c Cliccate ora \u271a per leggere le nostre esperienze!","breadcrumb":{"@id":"https:\/\/multihoster.org\/it\/subyshare\/#breadcrumb"},"inLanguage":"it-IT","potentialAction":[{"@type":"ReadAction","target":["https:\/\/multihoster.org\/it\/subyshare\/"]}]},{"@type":"BreadcrumbList","@id":"https:\/\/multihoster.org\/it\/subyshare\/#breadcrumb","itemListElement":[{"@type":"ListItem","position":1,"name":"Startseite","item":"https:\/\/multihoster.org\/it\/"},{"@type":"ListItem","position":2,"name":"Subyshare Premium Conto: Il Filehoster In Sintesi"}]}]}},"_links":{"self":[{"href":"https:\/\/multihoster.org\/it\/wp-json\/wp\/v2\/pages\/3440"}],"collection":[{"href":"https:\/\/multihoster.org\/it\/wp-json\/wp\/v2\/pages"}],"about":[{"href":"https:\/\/multihoster.org\/it\/wp-json\/wp\/v2\/types\/page"}],"author":[{"embeddable":true,"href":"https:\/\/multihoster.org\/it\/wp-json\/wp\/v2\/users\/2"}],"replies":[{"embeddable":true,"href":"https:\/\/multihoster.org\/it\/wp-json\/wp\/v2\/comments?post=3440"}],"version-history":[{"count":1,"href":"https:\/\/multihoster.org\/it\/wp-json\/wp\/v2\/pages\/3440\/revisions"}],"predecessor-version":[{"id":3453,"href":"https:\/\/multihoster.org\/it\/wp-json\/wp\/v2\/pages\/3440\/revisions\/3453"}],"wp:attachment":[{"href":"https:\/\/multihoster.org\/it\/wp-json\/wp\/v2\/media?parent=3440"}],"curies":[{"name":"wp","href":"https:\/\/api.w.org\/{rel}","templated":true}]}}