{"id":3554,"date":"2020-04-15T09:17:01","date_gmt":"2020-04-15T09:17:01","guid":{"rendered":"https:\/\/multihoster.org\/upstore-premium-account-the-filehoster-at-a-glance\/"},"modified":"2020-04-15T10:19:56","modified_gmt":"2020-04-15T10:19:56","slug":"upstore","status":"publish","type":"page","link":"https:\/\/multihoster.org\/it\/upstore\/","title":{"rendered":"Upstore Premium Conto: Il Filehoster In Sintesi"},"content":{"rendered":"<a class=\"maxbutton-2 maxbutton maxbutton-cta\" target=\"_blank\" rel=\"nofollow noopener\" href=\"\/go\/\"><span class='mb-text'>&gt;&gt; Vai al sito web originale di Linkifier<\/span><\/a>\n\n\n<p><\/p>\n\n\n\n<h2>Informazioni su Upstore<\/h2>\n\n\n\n<p>Grazie alla modernizzazione di questa generazione oggi, la rete cloud \u00e8 il modo migliore per gestire dati e file. \u00c8 una rete in cui i dispositivi sono collegati a <a rel=\"noreferrer noopener\" aria-label=\"servizi  (opens in a new tab)\" href=\"https:\/\/www.techopedia.com\/definition\/29017\/cloud-services\" target=\"_blank\">servizi <\/a>e <a rel=\"noreferrer noopener\" aria-label=\"server  (opens in a new tab)\" href=\"https:\/\/www.computerhope.com\/jargon\/s\/server.htm\" target=\"_blank\">server <\/a>cloud. Gli informatici hanno sviluppato questa archiviazione di file nel cloud chiamato Upstore e Maxiwebconsulting Ltd. \u00e8 colui che gestisce i servizi Upstore.<\/p>\n\n\n\n<p>Upstore pu\u00f2 aiutare gli utenti a mantenere i loro file al loro posto e al sicuro in qualsiasi momento. I file aggiunti dall&#8217;utente possono essere scaricati anche da altri utenti. Questi possono anche essere condivisi e gestiti dagli utenti, sia che siano registrati come account gratuito o come utenti Premium.<\/p>\n\n\n\n<p>Upstore pu\u00f2 conservare qualsiasi tipo di file come video, canzoni, documenti e immagini, purch\u00e9 i file caricati siano conformi ai termini e alle condizioni di Upstore.<\/p>\n\n\n\n<p>\u00c8 molto utile e conveniente per le persone, soprattutto per gli studenti e per gli uomini d&#8217;affari, perch\u00e9 possono salvare, scaricare e trasportare i loro file senza bisogno di unit\u00e0 flash, schede di memoria o dischi rigidi esterni, ma naturalmente con l&#8217;aiuto delle connessioni internet in qualsiasi luogo.<\/p>\n\n\n\n<h3>Interfaccia utente di Upstore<\/h3>\n\n\n\n<p>Quando si parla dell&#8217;interfaccia utente di Upstore, possiamo dire che la sua interfaccia \u00e8 molto semplice o molto semplice. Gli utenti possono navigare facilmente tra i pulsanti, le funzioni e le caratteristiche del sito. Tuttavia, gli utenti possono godere di tutte le caratteristiche e i servizi di Upstore se si registrano e ottengono un piano Upstore Premium.<\/p>\n\n\n\n<h2>Conto Upstore Free e Premium<\/h2>\n\n\n\n<h3>Conto gratuito<\/h3>\n\n\n\n<p>Upstore \u00e8 generoso con le persone, specialmente con coloro che non possono permettersi di acquistare il conto Upstore Premium, cos\u00ec hanno creato un conto gratuito per chiunque possa utilizzare i servizi Upstore, ma naturalmente, un conto gratuito ha delle limitazioni come per la velocit\u00e0 di upload e download, la dimensione della memoria, la dimensione del file e la larghezza di banda. Gli account gratuiti Upstore sono utilizzati principalmente da persone che hanno solo bisogno di conservare i loro file per un breve periodo di tempo. S\u00ec, \u00e8 possibile utilizzare Upstore come storage temporaneo.<\/p>\n\n\n\n<p>Di seguito sono riportati i vantaggi quando si utilizza il conto gratuito di Upstore:<\/p>\n\n\n\n<ul><li>Gli utenti non possono caricare molti file contemporaneamente.<\/li><li> La velocit\u00e0 per il download \u00e8 lenta e i download non iniziano immediatamente<\/li><li> Gli utenti non possono caricare o scaricare molti file, devono aspettare che il singolo file finisca il download per scaricarne un altro.<\/li><li> La larghezza di banda data \u00e8 fino a 6 gigabyte (6 GB) al giorno<\/li><li> La dimensione per i file da scaricare \u00e8 di soli due gigabyte (2) GB<\/li><li> La dimensione del file da caricare \u00e8 di soli 2 GB.<\/li><li> Il tempo per la memorizzazione dei file \u00e8 limitato. I file vengono memorizzati per un breve periodo di tempo solo nel server cloud.<\/li><li> \u00c8 sempre necessario inserire il captcha.<\/li><li> Gli utenti non devono pagare il conto gratuito di Upstore per utilizzarlo.<\/li><li> Gli utenti possono vedere gli annunci pubblicitari sulla pagina<\/li><li> I link per il download sono validi solo per un breve periodo di tempo.<\/li><\/ul>\n\n\n\n<h3>Conto Premium<\/h3>\n\n\n\n<p>Se un utente vuole caricare e scaricare velocemente senza la pubblicit\u00e0 che distrae, dovrebbe ottenere il piano di account Upstore Premium. Inoltre, un utente pu\u00f2 aggiornare il suo account gratuito a un account premium, ma deve pagare l&#8217;importo del prezzo. <\/p>\n\n\n\n<p>Il conto Upstore Premium \u00e8 utilizzato principalmente da persone che hanno bisogno di conservare i loro file per un lungo periodo di tempo. S\u00ec, \u00e8 possibile utilizzare Upstore come memoria permanente.<\/p>\n\n\n\n<p>Di seguito sono riportati i vantaggi quando si utilizza il conto Premium di Upstore:<\/p>\n\n\n\n<ul><li>Gli utenti possono caricare e scaricare molti file contemporaneamente<\/li><li> Gli utenti possono scaricare un file immediatamente e senza rallentamenti con un solo clic del pulsante di download<\/li><li> La velocit\u00e0 di download per gli utenti \u00e8 fino a 1000 Mbps<\/li><li> La larghezza di banda data \u00e8 fino a venti gigabyte (20 GB) al giorno<\/li><li> La dimensione del file da caricare \u00e8 fino a cinque gigabyte (5 GB)<\/li><li> Non vi \u00e8 alcun limite di tempo per la memorizzazione dei file. I file vengono memorizzati per un certo periodo di tempo nel server cloud.<\/li><li> Non \u00e8 necessario inserire il <a rel=\"noreferrer noopener\" aria-label=\"captcha (opens in a new tab)\" href=\"https:\/\/www.pandasecurity.com\/mediacenter\/panda-security\/what-is-captcha\/\" target=\"_blank\">captcha<\/a><\/li><li> Non c&#8217;\u00e8 un limite di tempo per il download dei file<\/li><li> Gli utenti devono pagare il prezzo del piano Upstore Premium Account.<\/li><li> La pagina non contiene pubblicit\u00e0<\/li><li> Il link di un file da condividere pu\u00f2 essere impostato da un utente con una password.<\/li><li> I link per il download sono validi per un lungo periodo di tempo.<\/li><\/ul>\n\n\n\n<h2>Upstore ha qualche limitazione?<\/h2>\n\n\n\n<p>S\u00ec, \u00e8 vero. Upstore d\u00e0 limitazioni agli utenti liberi o non registrati: Le limitazioni sono le seguenti:<\/p>\n\n\n\n<ul><li>Per gli utenti gratuiti e per gli utenti non registrati, Upstore fornisce loro fino a 6000 MB al giorno per i download, un massimo di due gigabyte (2 GB) per la dimensione dei file da caricare e un massimo di due gigabyte (2 GB) per la dimensione dei file da scaricare.<\/li><li> Per gli utenti Premium &#8211; Upstore offre fino a 20.000 MB al giorno per i download, un massimo di cinque gigabyte (5 GB) per la dimensione dei file da caricare e la dimensione dei file da scaricare \u00e8 illimitata.<\/li><\/ul>\n\n\n\n<h2>Quanto costa il conto Premium di Upstore?<\/h2>\n\n\n\n<p>Buone notizie per tutti! Il conto Upstore Premium non \u00e8 cos\u00ec costoso. S\u00ec, molte persone possono permettersi di ottenere questo conto Upstore. Gli utenti possono scegliere tra quattro (4) diversi tipi di piani Upstore Premium. Questi includono i seguenti prezzi dei piani:<\/p>\n\n\n\n<figure class=\"wp-block-table\"><table class=\"\"><tbody><tr><td class=\"has-text-align-center\" data-align=\"center\"><strong>Piani Premium Upstore <\/strong><\/td><\/tr><\/tbody><\/table><\/figure>\n\n\n\n<figure class=\"wp-block-table\"><table class=\"\"><tbody><tr><td>Durata <\/td><td>Vantaggi <\/td><td> Prezzi <\/td><td>Prezzi al giorno <\/td><\/tr><tr><td>Solo per 1 mese e 3 giorni <\/td><td>Max 10 file possono essere scaricati contemporaneamente <\/td><td> 11.95 \u20ac <\/td><td> 0.36 \u20ac <\/td><\/tr><tr><td>Per 3 mesi <\/td><td>La larghezza di banda \u00e8 fino a 20 GB al giorno <\/td><td> 25 \u20ac <\/td><td> 0.28 \u20ac <\/td><\/tr><tr><td>Per 6 mesi <\/td><td>La velocit\u00e0 per il download \u00e8 fino a 1000 Mbps <\/td><td> 45 \u20ac <\/td><td> 25 \u20ac <\/td><\/tr><tr><td>Per 1 anno o 12 mesi <\/td><td>Completamente sicuro grazie alla sua velocit\u00e0 elevata <\/td><td> 75 \u20ac <\/td><td> 0.21 \u20ac <\/td><\/tr><\/tbody><\/table><\/figure>\n\n\n<a class=\"maxbutton-2 maxbutton maxbutton-cta\" target=\"_blank\" rel=\"nofollow noopener\" href=\"\/go\/\"><span class='mb-text'>&gt;&gt; Vai al sito web originale di Linkifier<\/span><\/a>\n\n\n<p><\/p>\n\n\n\n<h2>Pagamento per il conto Upstore Premium<\/h2>\n\n\n\n<p>Se gli utenti vogliono ottenere il Conto Premium Upstore, allora Upstore ha diversi metodi per pagare il loro abbonamento. Vedi la tabella sottostante per i diversi metodi di pagamento di Upstore.<\/p>\n\n\n\n<figure class=\"wp-block-table\"><table class=\"\"><tbody><tr><td class=\"has-text-align-center\" data-align=\"center\"><strong>I METODI DI PAGAMENTO UPSTORE <\/strong><\/td><\/tr><\/tbody><\/table><\/figure>\n\n\n\n<figure class=\"wp-block-table\"><table class=\"\"><tbody><tr><td class=\"has-text-align-center\" data-align=\"center\"><strong>Per carte Visa o MasterCard (carte di credito) <\/strong><\/td><td class=\"has-text-align-center\" data-align=\"center\"><strong>Per i clienti che sono europei<\/strong><\/td><\/tr><tr><td class=\"has-text-align-center\" data-align=\"center\"><img loading=\"lazy\" width=\"408\" height=\"54\" class=\"wp-image-3541\" style=\"width: 150px;\" src=\"https:\/\/multihoster.org\/wp-content\/uploads\/2020\/04\/Visa-or-MasterCard-Cards-Credit-Cards.png\" alt=\"Visa or MasterCard Cards (Credit Cards)\" srcset=\"https:\/\/multihoster.org\/wp-content\/uploads\/2020\/04\/Visa-or-MasterCard-Cards-Credit-Cards.png 408w, https:\/\/multihoster.org\/wp-content\/uploads\/2020\/04\/Visa-or-MasterCard-Cards-Credit-Cards-300x40.png 300w\" sizes=\"(max-width: 408px) 100vw, 408px\" \/><br>Carta Visa, MasterCard, Maestro, Gift card e Pay card <\/td><td class=\"has-text-align-center\" data-align=\"center\"><img loading=\"lazy\" width=\"290\" height=\"46\" class=\"wp-image-3532\" style=\"width: 150px;\" src=\"https:\/\/multihoster.org\/wp-content\/uploads\/2020\/04\/Payment-method-of-customers-who-are-European.png\" alt=\"Payment method of customers who are European\"><br>Carta Visa, MasterCard, Qiwi, WebMoney e Moneta <\/td><\/tr><tr><td class=\"has-text-align-center\" data-align=\"center\"><strong>Per i pagamenti elettronici e le alternative <\/strong><\/td><td class=\"has-text-align-center\" data-align=\"center\"><strong>Per Paysera o bonifico bancario <\/strong><\/td><\/tr><tr><td class=\"has-text-align-center\" data-align=\"center\"><img loading=\"lazy\" width=\"401\" height=\"43\" class=\"wp-image-3523\" style=\"width: 150px;\" src=\"https:\/\/multihoster.org\/wp-content\/uploads\/2020\/04\/For-E-Payment-and-Alternatives.png\" alt=\"For E-Payment and Alternatives\" srcset=\"https:\/\/multihoster.org\/wp-content\/uploads\/2020\/04\/For-E-Payment-and-Alternatives.png 401w, https:\/\/multihoster.org\/wp-content\/uploads\/2020\/04\/For-E-Payment-and-Alternatives-300x32.png 300w, https:\/\/multihoster.org\/wp-content\/uploads\/2020\/04\/For-E-Payment-and-Alternatives-392x43.png 392w, https:\/\/multihoster.org\/wp-content\/uploads\/2020\/04\/For-E-Payment-and-Alternatives-390x43.png 390w\" sizes=\"(max-width: 401px) 100vw, 401px\" \/><img loading=\"lazy\" width=\"177\" height=\"45\" class=\"wp-image-3514\" style=\"width: 70px;\" src=\"https:\/\/multihoster.org\/wp-content\/uploads\/2020\/04\/For-E-Payment-and-Alternatives-1.png\" alt=\"For E-Payment and Alternatives\"> <br>Bitcoin, Alipay, PaySafe, WM, Paymer, Ideal, Przelewy 24, MyBank e altri portafogli digitali <\/td><td class=\"has-text-align-center\" data-align=\"center\"><img loading=\"lazy\" width=\"286\" height=\"48\" class=\"wp-image-3505\" style=\"width: 150px;\" src=\"https:\/\/multihoster.org\/wp-content\/uploads\/2020\/04\/For-Paysera-or-Wire-Transfer.png\" alt=\"For Paysera or Wire Transfer\"><img loading=\"lazy\" width=\"57\" height=\"41\" class=\"wp-image-3496\" style=\"width: 34px;\" src=\"https:\/\/multihoster.org\/wp-content\/uploads\/2020\/04\/For-Paysera-or-Wire-Transfer-1.png\" alt=\"For Paysera or Wire Transfer\"><br>cashU, Sicurezza Pagamento, Bonifico bancario o bonifico bancario, Euro, Paysera <\/td><\/tr><\/tbody><\/table><\/figure>\n\n\n\n<p>Un utente pu\u00f2 contattare Upstore tramite email o help desk se incontra un problema di pagamento o se ha bisogno di aiuto per pagare il conto premium Upstore.<\/p>\n\n\n\n<h2>Caricamento su Upstore<\/h2>\n\n\n\n<p>I server di Upstore si trovano nella sede europea, quindi se un utente nell&#8217;altro paese carica un file, potrebbe essere un po&#8217; pi\u00f9 lento, ma Upstore sta attualmente mirando a sviluppare un server aggiuntivo in altri paesi al di fuori dell&#8217;Europa.<\/p>\n\n\n\n<p>Un utente pu\u00f2 caricare diversi tipi di file, ma Upstore vieta gli altri tipi di file. Vedi sotto per conoscere i tipi di file proibiti.<\/p>\n\n\n\n<p>Tipi di file vietati da caricare su Upstore:<\/p>\n\n\n\n<ul><li>File con violenza<\/li><li> File con qualsiasi tipo di porno<\/li><li> Altri file che non sono in accordo con le leggi americane o europee.<\/li><\/ul>\n\n\n\n<p>Inoltre, Upstore ha un servizio in cui gli utenti possono anche caricare un file utilizzando qualsiasi torrent.<\/p>\n\n\n\n<p>Il caricamento dei file \u00e8 limitato per gli utenti non registrati e per gli utenti liberi, quindi si raccomanda ad un utente di avere un account Upstore Premium (qualsiasi piano premium Upstore).<\/p>\n\n\n\n<p>Nel caricare un file, a volte pu\u00f2 richiedere molto tempo, quindi gli utenti devono controllare la stabilit\u00e0 e la velocit\u00e0 della loro connessione internet che stanno utilizzando.<\/p>\n\n\n\n<h2>Iscriviti a un conto Upstore<\/h2>\n\n\n\n<p>Se volete conservare o condividere i vostri file, Upstore \u00e8 uno di quelli su cui potete contare. Upstore \u00e8 per tutti gli utenti ed \u00e8 gratuito. Chiunque pu\u00f2 registrarsi qui ogni volta che vuole avere un account su Upstore.<\/p>\n\n\n\n<p>Avere un conto qui su Upstore \u00e8 facile e semplice. Un utente deve solo inserire i suoi dati nel modulo e inviarlo. Il modulo richiede solo che l&#8217;utente inserisca il suo indirizzo e-mail e poi lo invii. Dopo di che, gli utenti possono iniziare a gestire, caricare e scaricare i file sul loro account.<\/p>\n\n\n\n<h2>Abbonamenti su Upstore<\/h2>\n\n\n\n<p>Se un abbonamento utente viene pagato per un (1) mese o tre (3) mesi del piano premium Upstore, pu\u00f2 avere il controllo del suo abbonamento sia per impostare gli abbonamenti manualmente sia per impostarli in automatico sul cruscotto dell&#8217;utente. <\/p>\n\n\n\n<h2>Aiuto da Upstore<\/h2>\n\n\n\n<p>Sfortunatamente, Upstore non ha supporto per le chat o le chiamate, ma gli utenti registrati o non registrati possono raggiungere Upstore attraverso il loro help desk o di solito gli utenti li contattano via email, quindi chiedere qualsiasi richiesta di informazioni.<\/p>\n\n\n\n<h2>Eventuali suggerimenti per Upstore<\/h2>\n\n\n\n<p>L&#8217;aiuto del supporto \u00e8 molto necessario per tutti gli utenti di Upstore. Per qualsiasi tipo di utente, si suggerisce che Upstore dovrebbe avere un supporto per le chat e le chiamate, in modo che le persone possano raggiungerli in tempo reale e il team di supporto Upstore possa rispondere subito alle richieste degli utenti e possa istruire le soluzioni per il problema degli utenti in tempo reale.<\/p>\n\n\n<a class=\"maxbutton-2 maxbutton maxbutton-cta\" target=\"_blank\" rel=\"nofollow noopener\" href=\"\/go\/\"><span class='mb-text'>&gt;&gt; Vai al sito web originale di Linkifier<\/span><\/a>\n\n\n<p><\/p>\n","protected":false},"excerpt":{"rendered":"<p>Informazioni su Upstore Grazie alla modernizzazione di questa generazione oggi, la rete cloud \u00e8 il modo migliore per gestire dati<\/p>\n","protected":false},"author":2,"featured_media":0,"parent":0,"menu_order":0,"comment_status":"closed","ping_status":"closed","template":"","meta":[],"yoast_head":"<!-- This site is optimized with the Yoast SEO plugin v18.3 - https:\/\/yoast.com\/wordpress\/plugins\/seo\/ -->\n<title>Upstore Premium Conto: Il Filehoster In Sintesi<\/title>\n<meta name=\"description\" content=\"Se Upstore \u00e8 un fornitore affidabile o meno, potete trovare la risposta nel test in corso su Multihoster.org \u279c Cliccate ora \u271a per leggere le nostre esperienze!\" \/>\n<meta name=\"robots\" content=\"index, follow, max-snippet:-1, max-image-preview:large, max-video-preview:-1\" \/>\n<link rel=\"canonical\" href=\"https:\/\/multihoster.org\/it\/upstore\/\" \/>\n<meta property=\"og:locale\" content=\"it_IT\" \/>\n<meta property=\"og:type\" content=\"article\" \/>\n<meta property=\"og:title\" content=\"Upstore Premium Conto: Il Filehoster In Sintesi\" \/>\n<meta property=\"og:description\" content=\"Se Upstore \u00e8 un fornitore affidabile o meno, potete trovare la risposta nel test in corso su Multihoster.org \u279c Cliccate ora \u271a per leggere le nostre esperienze!\" \/>\n<meta property=\"og:url\" content=\"https:\/\/multihoster.org\/it\/upstore\/\" \/>\n<meta property=\"og:site_name\" content=\"Multihoster.org\" \/>\n<meta property=\"article:modified_time\" content=\"2020-04-15T10:19:56+00:00\" \/>\n<meta property=\"og:image\" content=\"https:\/\/multihoster.org\/wp-content\/uploads\/2020\/04\/Visa-or-MasterCard-Cards-Credit-Cards.png\" \/>\n<meta name=\"twitter:card\" content=\"summary\" \/>\n<meta name=\"twitter:label1\" content=\"Tempo di lettura stimato\" \/>\n\t<meta name=\"twitter:data1\" content=\"7 minuti\" \/>\n<script type=\"application\/ld+json\" class=\"yoast-schema-graph\">{\"@context\":\"https:\/\/schema.org\",\"@graph\":[{\"@type\":\"WebSite\",\"@id\":\"https:\/\/multihoster.org\/#website\",\"url\":\"https:\/\/multihoster.org\/\",\"name\":\"Multihoster.org\",\"description\":\"Reviews of the major Filehosting services\",\"potentialAction\":[{\"@type\":\"SearchAction\",\"target\":{\"@type\":\"EntryPoint\",\"urlTemplate\":\"https:\/\/multihoster.org\/?s={search_term_string}\"},\"query-input\":\"required name=search_term_string\"}],\"inLanguage\":\"it-IT\"},{\"@type\":\"ImageObject\",\"@id\":\"https:\/\/multihoster.org\/it\/upstore\/#primaryimage\",\"inLanguage\":\"it-IT\",\"url\":\"https:\/\/multihoster.org\/wp-content\/uploads\/2020\/04\/Visa-or-MasterCard-Cards-Credit-Cards.png\",\"contentUrl\":\"https:\/\/multihoster.org\/wp-content\/uploads\/2020\/04\/Visa-or-MasterCard-Cards-Credit-Cards.png\",\"width\":408,\"height\":54,\"caption\":\"Visa or MasterCard Cards (Credit Cards)\"},{\"@type\":\"WebPage\",\"@id\":\"https:\/\/multihoster.org\/it\/upstore\/#webpage\",\"url\":\"https:\/\/multihoster.org\/it\/upstore\/\",\"name\":\"Upstore Premium Conto: Il Filehoster In Sintesi\",\"isPartOf\":{\"@id\":\"https:\/\/multihoster.org\/#website\"},\"primaryImageOfPage\":{\"@id\":\"https:\/\/multihoster.org\/it\/upstore\/#primaryimage\"},\"datePublished\":\"2020-04-15T09:17:01+00:00\",\"dateModified\":\"2020-04-15T10:19:56+00:00\",\"description\":\"Se Upstore \u00e8 un fornitore affidabile o meno, potete trovare la risposta nel test in corso su Multihoster.org \u279c Cliccate ora \u271a per leggere le nostre esperienze!\",\"breadcrumb\":{\"@id\":\"https:\/\/multihoster.org\/it\/upstore\/#breadcrumb\"},\"inLanguage\":\"it-IT\",\"potentialAction\":[{\"@type\":\"ReadAction\",\"target\":[\"https:\/\/multihoster.org\/it\/upstore\/\"]}]},{\"@type\":\"BreadcrumbList\",\"@id\":\"https:\/\/multihoster.org\/it\/upstore\/#breadcrumb\",\"itemListElement\":[{\"@type\":\"ListItem\",\"position\":1,\"name\":\"Startseite\",\"item\":\"https:\/\/multihoster.org\/it\/\"},{\"@type\":\"ListItem\",\"position\":2,\"name\":\"Upstore Premium Conto: Il Filehoster In Sintesi\"}]}]}<\/script>\n<!-- \/ Yoast SEO plugin. -->","yoast_head_json":{"title":"Upstore Premium Conto: Il Filehoster In Sintesi","description":"Se Upstore \u00e8 un fornitore affidabile o meno, potete trovare la risposta nel test in corso su Multihoster.org \u279c Cliccate ora \u271a per leggere le nostre esperienze!","robots":{"index":"index","follow":"follow","max-snippet":"max-snippet:-1","max-image-preview":"max-image-preview:large","max-video-preview":"max-video-preview:-1"},"canonical":"https:\/\/multihoster.org\/it\/upstore\/","og_locale":"it_IT","og_type":"article","og_title":"Upstore Premium Conto: Il Filehoster In Sintesi","og_description":"Se Upstore \u00e8 un fornitore affidabile o meno, potete trovare la risposta nel test in corso su Multihoster.org \u279c Cliccate ora \u271a per leggere le nostre esperienze!","og_url":"https:\/\/multihoster.org\/it\/upstore\/","og_site_name":"Multihoster.org","article_modified_time":"2020-04-15T10:19:56+00:00","og_image":[{"url":"https:\/\/multihoster.org\/wp-content\/uploads\/2020\/04\/Visa-or-MasterCard-Cards-Credit-Cards.png"}],"twitter_card":"summary","twitter_misc":{"Tempo di lettura stimato":"7 minuti"},"schema":{"@context":"https:\/\/schema.org","@graph":[{"@type":"WebSite","@id":"https:\/\/multihoster.org\/#website","url":"https:\/\/multihoster.org\/","name":"Multihoster.org","description":"Reviews of the major Filehosting services","potentialAction":[{"@type":"SearchAction","target":{"@type":"EntryPoint","urlTemplate":"https:\/\/multihoster.org\/?s={search_term_string}"},"query-input":"required name=search_term_string"}],"inLanguage":"it-IT"},{"@type":"ImageObject","@id":"https:\/\/multihoster.org\/it\/upstore\/#primaryimage","inLanguage":"it-IT","url":"https:\/\/multihoster.org\/wp-content\/uploads\/2020\/04\/Visa-or-MasterCard-Cards-Credit-Cards.png","contentUrl":"https:\/\/multihoster.org\/wp-content\/uploads\/2020\/04\/Visa-or-MasterCard-Cards-Credit-Cards.png","width":408,"height":54,"caption":"Visa or MasterCard Cards (Credit Cards)"},{"@type":"WebPage","@id":"https:\/\/multihoster.org\/it\/upstore\/#webpage","url":"https:\/\/multihoster.org\/it\/upstore\/","name":"Upstore Premium Conto: Il Filehoster In Sintesi","isPartOf":{"@id":"https:\/\/multihoster.org\/#website"},"primaryImageOfPage":{"@id":"https:\/\/multihoster.org\/it\/upstore\/#primaryimage"},"datePublished":"2020-04-15T09:17:01+00:00","dateModified":"2020-04-15T10:19:56+00:00","description":"Se Upstore \u00e8 un fornitore affidabile o meno, potete trovare la risposta nel test in corso su Multihoster.org \u279c Cliccate ora \u271a per leggere le nostre esperienze!","breadcrumb":{"@id":"https:\/\/multihoster.org\/it\/upstore\/#breadcrumb"},"inLanguage":"it-IT","potentialAction":[{"@type":"ReadAction","target":["https:\/\/multihoster.org\/it\/upstore\/"]}]},{"@type":"BreadcrumbList","@id":"https:\/\/multihoster.org\/it\/upstore\/#breadcrumb","itemListElement":[{"@type":"ListItem","position":1,"name":"Startseite","item":"https:\/\/multihoster.org\/it\/"},{"@type":"ListItem","position":2,"name":"Upstore Premium Conto: Il Filehoster In Sintesi"}]}]}},"_links":{"self":[{"href":"https:\/\/multihoster.org\/it\/wp-json\/wp\/v2\/pages\/3554"}],"collection":[{"href":"https:\/\/multihoster.org\/it\/wp-json\/wp\/v2\/pages"}],"about":[{"href":"https:\/\/multihoster.org\/it\/wp-json\/wp\/v2\/types\/page"}],"author":[{"embeddable":true,"href":"https:\/\/multihoster.org\/it\/wp-json\/wp\/v2\/users\/2"}],"replies":[{"embeddable":true,"href":"https:\/\/multihoster.org\/it\/wp-json\/wp\/v2\/comments?post=3554"}],"version-history":[{"count":1,"href":"https:\/\/multihoster.org\/it\/wp-json\/wp\/v2\/pages\/3554\/revisions"}],"predecessor-version":[{"id":3565,"href":"https:\/\/multihoster.org\/it\/wp-json\/wp\/v2\/pages\/3554\/revisions\/3565"}],"wp:attachment":[{"href":"https:\/\/multihoster.org\/it\/wp-json\/wp\/v2\/media?parent=3554"}],"curies":[{"name":"wp","href":"https:\/\/api.w.org\/{rel}","templated":true}]}}