{"id":3599,"date":"2020-04-15T10:37:30","date_gmt":"2020-04-15T10:37:30","guid":{"rendered":"https:\/\/multihoster.org\/bigfile\/"},"modified":"2020-04-15T13:09:28","modified_gmt":"2020-04-15T13:09:28","slug":"bigfile","status":"publish","type":"page","link":"https:\/\/multihoster.org\/it\/bigfile\/","title":{"rendered":"BigFile Premium Conto: Il Filehoster In Sintesi"},"content":{"rendered":"\n<div class=\"wp-block-image\"><figure class=\"alignleft size-large\"><img loading=\"lazy\" width=\"250\" height=\"114\" src=\"https:\/\/multihoster.org\/wp-content\/uploads\/2020\/04\/pasted-image-0-1-e1586947238554.png\" alt=\"BigFile logo\" class=\"wp-image-3584\"\/><\/figure><\/div>\n\n\n\n<p>Dite &#8220;addio&#8221; a tutte le memorie esterne come le unit\u00e0 flash o i dischi rigidi esterni, perch\u00e9 la memoria online per i file degli utenti \u00e8 arrivata in questo tempo che viene sviluppata con l&#8217;aiuto degli sviluppatori professionisti e che pu\u00f2 essere utilizzata con l&#8217;aiuto della connessione internet su un dispositivo. Questa archiviazione online si chiama <strong>BigFile<\/strong>.<\/p>\n\n\n<a class=\"maxbutton-2 maxbutton maxbutton-cta\" target=\"_blank\" rel=\"nofollow noopener\" href=\"\/go\/\"><span class='mb-text'>&gt;&gt; Vai al sito web originale di Linkifier<\/span><\/a>\n\n\n<h2>BigFile Run-through<\/h2>\n\n\n\n<p>Bigfile \u00e8 precedentemente noto come &#8220;Uploadable.ch&#8221;. \u00c8 uno dei siti web pi\u00f9 famosi per accedere, memorizzare, caricare e scaricare uno o pi\u00f9 file. Bigfile offre un file hosting sicuro e affidabile e garantisce ai suoi utenti un&#8217;esperienza sicura e protetta con il loro sito e con le operazioni di pagamento.<\/p>\n\n\n\n<p>Inoltre, BigFile pu\u00f2 conservare tutti i file dell&#8217;utente, sia che si tratti di documenti, video, musica o altri tipi di file, e pu\u00f2 rendere tali file disponibili all&#8217;utente ogni volta che vuole accedervi o ogni volta che ne ha bisogno, ovunque si rechi su qualsiasi dispositivo dotato di una connessione internet. Un utente pu\u00f2 visualizzare e condividere i propri file (documenti, video, musica o altri tipi di file) sul sito di BigFile utilizzando qualsiasi browser web di qualsiasi dispositivo.<\/p>\n\n\n\n<p>Se un utente ha incontrato problemi o problemi o vuole semplicemente chiedere qualcosa sul sito o sulle caratteristiche o sui servizi o sui pagamenti di BigFile, allora pu\u00f2 raggiungere il team di supporto di BigFile compilando il modulo di contatto sul loro sito.<\/p>\n\n\n\n<p>Per utilizzare le diverse funzionalit\u00e0 e servizi del sito di BigFile, deve creare un account per essere registrato sul sito. Inoltre, ogni utente deve confermare e verificare i propri conti per la sicurezza di tutte le transazioni che verranno effettuate con il sistema del sito BigFile. Un account confermato e verificato \u00e8 necessario per evitare qualsiasi frode o qualsiasi transazione falsa. L&#8217;utente deve ricordare che non deve condividere il suo account, in particolare le informazioni sui suoi pagamenti a qualsiasi utente o a chiunque per la sua sicurezza.<\/p>\n\n\n\n<p>BigFile ha due diversi tipi di conti, questi sono il BigFile Free Account e il BigFile Premium Account. Gli utenti possono godere di tutte le caratteristiche e servizi con l&#8217;account premium. BigFile permette agli utenti che hanno un account premium di scaricare pi\u00f9 file allo stesso tempo, a differenza degli utenti che hanno un account gratuito, hanno solo un numero limitato di download di file che solo un (1) file alla volta, possono solo avviare il download per il file successivo dopo che il file precedente \u00e8 finito il download. L&#8217;account BigFile Premium supporta il download di uno o pi\u00f9 file con gli acceleratori di download che possono dare una velocit\u00e0 maggiore per la velocit\u00e0 dei download anche quando la connessione internet di un utente non ha una velocit\u00e0 maggiore. Inoltre, l&#8217;account premium di Bigfile ha una velocit\u00e0 maggiore rispetto all&#8217;account gratuito perch\u00e9 il <a href=\"https:\/\/en.wikipedia.org\/wiki\/Internet_Protocol\" target=\"_blank\" rel=\"noreferrer noopener\" aria-label=\"protocollo Internet (opens in a new tab)\">protocollo Internet<\/a> o l&#8217;indirizzo IP dell&#8217;utente viene indirizzato ai server del sito BigFile che non sono pi\u00f9 affollati per un traffico inferiore rispetto a quello degli account gratuiti. <\/p>\n\n\n\n<p>Per scaricare uno o pi\u00f9 file dal sito di Bigfile, un utente pu\u00f2 utilizzare uno o pi\u00f9 strumenti di download come Internet Download Manager o IDM, Jdownloader, Download Accelerator Plus o DAP, Mipon o qualsiasi altro strumento che un utente \u00e8 abituato a utilizzare.<\/p>\n\n\n\n<ul><li>Einfach und zug\u00e4nglich \u2043 Ein Benutzer kann jederzeit und \u00fcberall auf die Site von BigFile zugreifen, ohne sich Gedanken dar\u00fcber machen zu m\u00fcssen, wie er Ihre Dateien transportieren soll. Au\u00dferdem kann er oder sie die Eigenschaften, Funktionen und Dienste der BigFile-Site leicht verstehen und anpassen, weil sie einfach und grundlegend sind.<\/li><li>Gesellig \u2043 Jeder Benutzer kann die BigFile-Site mit seinen Gruppen- oder Teamkollegen oder Klassenkameraden, Freunden, Familie oder anderen benutzen, indem er eine oder mehrere Dateien mit ihnen teilt. Er oder sie kann seine Datei(en) \u00fcber das Internet \u00fcber soziale Medien oder E-Mail versenden.<\/li><li>Gr\u00f6\u00dfere Dateigr\u00f6\u00dfe \u2043 Wenn sich ein Benutzer nur f\u00fcr das kostenlose Konto von BigFile entscheidet, dann kann er davon ausgehen, dass er nur eine begrenzte Gr\u00f6\u00dfe des Speicherplatzes erh\u00e4lt, n\u00e4mlich zwei Gigabyte (2 GB) oder zweitausend Megabyte (2000 MB), w\u00e4hrend ein Benutzer, der sich f\u00fcr das Premium-Konto von BigFile entscheidet, zehn Gigabyte (10 GB) zehntausend Megabyte (10.000 MB) Speicherplatz erh\u00e4lt.<\/li><li>Schnelle Lieferung \u2043 Die Lieferung des Kontos und der Produktcodes von BigFile wird schneller an die E-Mail des Benutzers gesendet.<\/li><li>Verschiedene Zahlungsmethoden \u2043 BigFile unterst\u00fctzt verschiedene Methoden f\u00fcr die Zahlung, so dass verschiedene Benutzer auf der ganzen Welt ihre Produkte und Dienstleistungen bezahlen oder kaufen k\u00f6nnen.<\/li><li>Sehr Sichere Site \u2043 Die Dateien der Benutzer sind alle gesch\u00fctzt, da BigFile die beste <a href=\"https:\/\/en.wikipedia.org\/wiki\/Encryption\" target=\"_blank\" rel=\"noreferrer noopener\" aria-label=\"Verschl\u00fcsselungstechnologie  (opens in a new tab)\">Verschl\u00fcsselungstechnologie <\/a>f\u00fcr die Sicherheitsmerkmale der Site verwendet. <\/li><li>24\/7 Support-Team \u2043 Die Site von BigFile hat ein Support-Team f\u00fcr Live-Chats und E-Mails. Das Support-Team ist in Betrieb und jede Woche 24\/7 verf\u00fcgbar.<\/li><\/ul>\n\n\n<a class=\"maxbutton-2 maxbutton maxbutton-cta\" target=\"_blank\" rel=\"nofollow noopener\" href=\"\/go\/\"><span class='mb-text'>&gt;&gt; Vai al sito web originale di Linkifier<\/span><\/a>\n\n\n<h2>I vantaggi e le caratteristiche di Bigfile Premium Conto<\/h2>\n\n\n\n<ul><li>Ha la velocit\u00e0 massima per scaricare uno o pi\u00f9 file. Non ha limiti di velocit\u00e0.<\/li><li>Ha una dimensione illimitata della memoria personale per tutti gli utenti premium.<\/li><li>Ha dieci gigabyte (10 GB) o diecimila megabyte (10.000 MB) per caricare uno o pi\u00f9 file.<\/li><li>L&#8217;archiviazione dei file \u00e8 illimitata.<\/li><li>Ha una larghezza di <a href=\"https:\/\/dictionary.cambridge.org\/us\/dictionary\/english\/bandwidth\" target=\"_blank\" rel=\"noreferrer noopener\" aria-label=\"banda  (opens in a new tab)\">banda <\/a>maggiore<\/li><li>Non ha tempo di attesa per scaricare uno o pi\u00f9 file e nessun annuncio quando si utilizza il sito di BigFile.<\/li><li>E&#8217; un sito e un account sicuro al 100% e al 100%.<\/li><li>Supporta la gestione dei file.<\/li><li>Supporta il download di pi\u00f9 file contemporaneamente.<\/li><li>Ha un curriculum vitae e una pausa per i download.<\/li><li>Ha un acceleratore di download per scaricare i file pi\u00f9 velocemente<\/li><li>Supporta diversi gestori o strumenti per scaricare uno o pi\u00f9 file.<\/li><\/ul>\n\n\n\n<p>Si prega di consultare i seguenti prezzi del Conto BigFile Free e del BigFile Premium Conto .<\/p>\n\n\n\n<figure class=\"wp-block-table\"><table class=\"\"><tbody><tr><td class=\"has-text-align-center\" data-align=\"center\">Prezzi del conto BigFile<\/td><\/tr><\/tbody><\/table><\/figure>\n\n\n\n<figure class=\"wp-block-table\"><table class=\"\"><tbody><tr><td>Tipi di conti BigFile<\/td><td>Giorni o mesi<\/td><td>Prezzi<\/td><td>Le dimensioni della capacit\u00e0 di stoccaggio<\/td><td>\u00c8 sicuro? <\/td><td>\u00c8 sicuro?<\/td><\/tr><tr><td>Conto gratuito<\/td><td>Zero (0) giorni o Zero (0) mesi<\/td><td>00.00 USD<\/td><td>piccolo <\/td><td>\u2611 S\u00cc<\/td><td>100%<\/td><\/tr><tr><td>\u22c6 Premium  Conto<\/td><td>Trenta (30) giorni o un (1) mese<\/td><td>15.99 USD<\/td><td>pi\u00f9 grande<\/td><td>\u2611 S\u00cc<\/td><td>100%<\/td><\/tr><tr><td>\u22c6 Premium Conto<\/td><td>Novanta (90) giorni o un (3) mese<\/td><td>36.99 USD<\/td><td>pi\u00f9 grande<\/td><td>\u2611 S\u00cc<\/td><td>100%<\/td><\/tr><tr><td>\u22c6 Premium Conto<\/td><td>Centottanta giorni(180) giorni o sei (6) mesi<\/td><td>61.90 USD<\/td><td>pi\u00f9 grande<\/td><td>\u2611 S\u00cc<\/td><td>100%<\/td><\/tr><tr><td>\u22c6 Premium Conto<\/td><td>Trecentosessantacinque (365) giorni o dodici (12) mesi<\/td><td>86.99 USD<\/td><td>pi\u00f9 grande<\/td><td>\u2611 S\u00cc<\/td><td>100%<\/td><\/tr><\/tbody><\/table><\/figure>\n\n\n\n<h2>Codice voucher per l&#8217;attivazione del conto BigFile Premium<\/h2>\n\n\n\n<p>S\u00ec, il sito del Bigfile supporta il pagamento tramite PayPal, VISA o MasterCard per i prodotti premium e i codici voucher. Dopo che l&#8217;utente ha pagato l&#8217;account premium o il codice voucher, ricever\u00e0 un codice composto da lettere e numeri che dovr\u00e0 utilizzare per attivare l&#8217;account Premium BigFile. Senza il codice voucher, l&#8217;account di un utente non verr\u00e0 aggiornato all&#8217;account premium e non potr\u00e0 utilizzarne le caratteristiche e i servizi.<\/p>\n\n\n\n<p><strong>Come si inserisce il codice del voucher se si tratta di un nuovo utente?<\/strong><\/p>\n\n\n\n<ol><li>Vai sul sito di BigFile e trova il pulsante per iscriverti.<\/li><li>Un utente dovrebbe registrarsi per creare un account per il sito di BigFile.<\/li><li>Un utente dovrebbe compilare tutti i campi del modulo di registrazione di BigFile. Dovrebbe inserire il suo nome utente, l&#8217;indirizzo email e la password.<\/li><li>Inserire il codice voucher del BigFile Premium Account nel campo &#8220;Premium Voucher Code&#8221;.<\/li><li>Quindi, cliccare sul pulsante &#8220;Crea Account&#8221; per inviare tutte le informazioni di un utente sul modulo di registrazione del sito di BigFile.<\/li><\/ol>\n\n\n\n<figure class=\"wp-block-image\"><img src=\"https:\/\/lh3.googleusercontent.com\/I8_mopX3mrPEEN7JGhuyPdzqO1jj6OrOFL0aF2bXkaQPVaETo4xVYVFGWxV-AR87AX0ydjO2BtvzQJaETNqSxoo1nAeSD6OtWGDOBTpoHd5t9MD_iP4vC7yPtYG5Td6GNSXMCWg7\" alt=\"Enter Voucher Code on the yellow highlighted field\"\/><\/figure>\n\n\n\n<p><strong>Come si inserisce il codice del voucher se \u00e8 un utente esistente?<\/strong><\/p>\n\n\n\n<ol><li>Vai sul sito di BigFile e trova il pulsante per il login.<\/li><li>Vai alla pagina di login del sito di BigFile.<\/li><li>Un utente deve accedere al suo account utilizzando il nome utente e la password del suo account su BigFile.<\/li><li>Andare alla scheda Riscatta del sito di BigFile.<\/li><li>Copiare il codice del voucher e incollarlo nel campo del &#8220;Premium Voucher Code&#8221; sulla pagina di riscossione.<\/li><li>Poi, cliccate sul pulsante &#8220;Invia&#8221; per applicare il codice del voucher e per attivare il Conto Premium del suo Conto BigFile. L&#8217;utente pu\u00f2 ora usufruire di tutte le funzionalit\u00e0 e i servizi del Conto Premium del BigFile.<\/li><\/ol>\n\n\n\n<figure class=\"wp-block-image\"><img src=\"https:\/\/lh5.googleusercontent.com\/Iu478QCvtTkoWyU6zrlZjC1KFVKkaTtq5MCNzq436AgZ5qP-MbuAktwuSDhTjTvvtVbCK7tR0T_bKu3-Z96e_r34TPaBE0pv0-A-Y2bwvoZxUEbX_lQ-21YikzWPKVlFQgycH-ML\" alt=\"Enter Voucher Code on the yellow highlighted field\"\/><\/figure>\n\n\n\n<p>Il tempo medio per la consegna del prodotto di BigFile \u00e8 di ventiquattro (24) ore a tre (3) giorni. Quindi, se un utente effettua un pagamento per l&#8217;account premium o il codice voucher di BigFile, deve attendere entro il suddetto intervallo di tempo per riceverlo.<\/p>\n\n\n<a class=\"maxbutton-2 maxbutton maxbutton-cta\" target=\"_blank\" rel=\"nofollow noopener\" href=\"\/go\/\"><span class='mb-text'>&gt;&gt; Vai al sito web originale di Linkifier<\/span><\/a>","protected":false},"excerpt":{"rendered":"<p>Dite &#8220;addio&#8221; a tutte le memorie esterne come le unit\u00e0 flash o i dischi rigidi esterni, perch\u00e9 la memoria online<\/p>\n","protected":false},"author":2,"featured_media":0,"parent":0,"menu_order":0,"comment_status":"closed","ping_status":"closed","template":"","meta":[],"yoast_head":"<!-- This site is optimized with the Yoast SEO plugin v18.3 - https:\/\/yoast.com\/wordpress\/plugins\/seo\/ -->\n<title>BigFile Premium Conto: Il Filehoster In Sintesi<\/title>\n<meta name=\"description\" content=\"Se BigFile \u00e8 un fornitore affidabile o meno, potete trovare la risposta nel test in corso su Multihoster.org \u279c Cliccate ora \u271a per leggere le nostre esperienze!\" \/>\n<meta name=\"robots\" content=\"index, follow, max-snippet:-1, max-image-preview:large, max-video-preview:-1\" \/>\n<link rel=\"canonical\" href=\"https:\/\/multihoster.org\/it\/bigfile\/\" \/>\n<meta property=\"og:locale\" content=\"it_IT\" \/>\n<meta property=\"og:type\" content=\"article\" \/>\n<meta property=\"og:title\" content=\"BigFile Premium Conto: Il Filehoster In Sintesi\" \/>\n<meta property=\"og:description\" content=\"Se BigFile \u00e8 un fornitore affidabile o meno, potete trovare la risposta nel test in corso su Multihoster.org \u279c Cliccate ora \u271a per leggere le nostre esperienze!\" \/>\n<meta property=\"og:url\" content=\"https:\/\/multihoster.org\/it\/bigfile\/\" \/>\n<meta property=\"og:site_name\" content=\"Multihoster.org\" \/>\n<meta property=\"article:modified_time\" content=\"2020-04-15T13:09:28+00:00\" \/>\n<meta property=\"og:image\" content=\"https:\/\/multihoster.org\/wp-content\/uploads\/2020\/04\/pasted-image-0-1-e1586947238554.png\" \/>\n<meta name=\"twitter:card\" content=\"summary\" \/>\n<meta name=\"twitter:label1\" content=\"Tempo di lettura stimato\" \/>\n\t<meta name=\"twitter:data1\" content=\"7 minuti\" \/>\n<script type=\"application\/ld+json\" class=\"yoast-schema-graph\">{\"@context\":\"https:\/\/schema.org\",\"@graph\":[{\"@type\":\"WebSite\",\"@id\":\"https:\/\/multihoster.org\/#website\",\"url\":\"https:\/\/multihoster.org\/\",\"name\":\"Multihoster.org\",\"description\":\"Reviews of the major Filehosting services\",\"potentialAction\":[{\"@type\":\"SearchAction\",\"target\":{\"@type\":\"EntryPoint\",\"urlTemplate\":\"https:\/\/multihoster.org\/?s={search_term_string}\"},\"query-input\":\"required name=search_term_string\"}],\"inLanguage\":\"it-IT\"},{\"@type\":\"ImageObject\",\"@id\":\"https:\/\/multihoster.org\/it\/bigfile\/#primaryimage\",\"inLanguage\":\"it-IT\",\"url\":\"https:\/\/multihoster.org\/wp-content\/uploads\/2020\/04\/pasted-image-0-1-e1586947238554.png\",\"contentUrl\":\"https:\/\/multihoster.org\/wp-content\/uploads\/2020\/04\/pasted-image-0-1-e1586947238554.png\",\"width\":250,\"height\":114,\"caption\":\"BigFile logo\"},{\"@type\":\"WebPage\",\"@id\":\"https:\/\/multihoster.org\/it\/bigfile\/#webpage\",\"url\":\"https:\/\/multihoster.org\/it\/bigfile\/\",\"name\":\"BigFile Premium Conto: Il Filehoster In Sintesi\",\"isPartOf\":{\"@id\":\"https:\/\/multihoster.org\/#website\"},\"primaryImageOfPage\":{\"@id\":\"https:\/\/multihoster.org\/it\/bigfile\/#primaryimage\"},\"datePublished\":\"2020-04-15T10:37:30+00:00\",\"dateModified\":\"2020-04-15T13:09:28+00:00\",\"description\":\"Se BigFile \u00e8 un fornitore affidabile o meno, potete trovare la risposta nel test in corso su Multihoster.org \u279c Cliccate ora \u271a per leggere le nostre esperienze!\",\"breadcrumb\":{\"@id\":\"https:\/\/multihoster.org\/it\/bigfile\/#breadcrumb\"},\"inLanguage\":\"it-IT\",\"potentialAction\":[{\"@type\":\"ReadAction\",\"target\":[\"https:\/\/multihoster.org\/it\/bigfile\/\"]}]},{\"@type\":\"BreadcrumbList\",\"@id\":\"https:\/\/multihoster.org\/it\/bigfile\/#breadcrumb\",\"itemListElement\":[{\"@type\":\"ListItem\",\"position\":1,\"name\":\"Startseite\",\"item\":\"https:\/\/multihoster.org\/it\/\"},{\"@type\":\"ListItem\",\"position\":2,\"name\":\"BigFile Premium Conto: Il Filehoster In Sintesi\"}]}]}<\/script>\n<!-- \/ Yoast SEO plugin. -->","yoast_head_json":{"title":"BigFile Premium Conto: Il Filehoster In Sintesi","description":"Se BigFile \u00e8 un fornitore affidabile o meno, potete trovare la risposta nel test in corso su Multihoster.org \u279c Cliccate ora \u271a per leggere le nostre esperienze!","robots":{"index":"index","follow":"follow","max-snippet":"max-snippet:-1","max-image-preview":"max-image-preview:large","max-video-preview":"max-video-preview:-1"},"canonical":"https:\/\/multihoster.org\/it\/bigfile\/","og_locale":"it_IT","og_type":"article","og_title":"BigFile Premium Conto: Il Filehoster In Sintesi","og_description":"Se BigFile \u00e8 un fornitore affidabile o meno, potete trovare la risposta nel test in corso su Multihoster.org \u279c Cliccate ora \u271a per leggere le nostre esperienze!","og_url":"https:\/\/multihoster.org\/it\/bigfile\/","og_site_name":"Multihoster.org","article_modified_time":"2020-04-15T13:09:28+00:00","og_image":[{"url":"https:\/\/multihoster.org\/wp-content\/uploads\/2020\/04\/pasted-image-0-1-e1586947238554.png"}],"twitter_card":"summary","twitter_misc":{"Tempo di lettura stimato":"7 minuti"},"schema":{"@context":"https:\/\/schema.org","@graph":[{"@type":"WebSite","@id":"https:\/\/multihoster.org\/#website","url":"https:\/\/multihoster.org\/","name":"Multihoster.org","description":"Reviews of the major Filehosting services","potentialAction":[{"@type":"SearchAction","target":{"@type":"EntryPoint","urlTemplate":"https:\/\/multihoster.org\/?s={search_term_string}"},"query-input":"required name=search_term_string"}],"inLanguage":"it-IT"},{"@type":"ImageObject","@id":"https:\/\/multihoster.org\/it\/bigfile\/#primaryimage","inLanguage":"it-IT","url":"https:\/\/multihoster.org\/wp-content\/uploads\/2020\/04\/pasted-image-0-1-e1586947238554.png","contentUrl":"https:\/\/multihoster.org\/wp-content\/uploads\/2020\/04\/pasted-image-0-1-e1586947238554.png","width":250,"height":114,"caption":"BigFile logo"},{"@type":"WebPage","@id":"https:\/\/multihoster.org\/it\/bigfile\/#webpage","url":"https:\/\/multihoster.org\/it\/bigfile\/","name":"BigFile Premium Conto: Il Filehoster In Sintesi","isPartOf":{"@id":"https:\/\/multihoster.org\/#website"},"primaryImageOfPage":{"@id":"https:\/\/multihoster.org\/it\/bigfile\/#primaryimage"},"datePublished":"2020-04-15T10:37:30+00:00","dateModified":"2020-04-15T13:09:28+00:00","description":"Se BigFile \u00e8 un fornitore affidabile o meno, potete trovare la risposta nel test in corso su Multihoster.org \u279c Cliccate ora \u271a per leggere le nostre esperienze!","breadcrumb":{"@id":"https:\/\/multihoster.org\/it\/bigfile\/#breadcrumb"},"inLanguage":"it-IT","potentialAction":[{"@type":"ReadAction","target":["https:\/\/multihoster.org\/it\/bigfile\/"]}]},{"@type":"BreadcrumbList","@id":"https:\/\/multihoster.org\/it\/bigfile\/#breadcrumb","itemListElement":[{"@type":"ListItem","position":1,"name":"Startseite","item":"https:\/\/multihoster.org\/it\/"},{"@type":"ListItem","position":2,"name":"BigFile Premium Conto: Il Filehoster In Sintesi"}]}]}},"_links":{"self":[{"href":"https:\/\/multihoster.org\/it\/wp-json\/wp\/v2\/pages\/3599"}],"collection":[{"href":"https:\/\/multihoster.org\/it\/wp-json\/wp\/v2\/pages"}],"about":[{"href":"https:\/\/multihoster.org\/it\/wp-json\/wp\/v2\/types\/page"}],"author":[{"embeddable":true,"href":"https:\/\/multihoster.org\/it\/wp-json\/wp\/v2\/users\/2"}],"replies":[{"embeddable":true,"href":"https:\/\/multihoster.org\/it\/wp-json\/wp\/v2\/comments?post=3599"}],"version-history":[{"count":1,"href":"https:\/\/multihoster.org\/it\/wp-json\/wp\/v2\/pages\/3599\/revisions"}],"predecessor-version":[{"id":3657,"href":"https:\/\/multihoster.org\/it\/wp-json\/wp\/v2\/pages\/3599\/revisions\/3657"}],"wp:attachment":[{"href":"https:\/\/multihoster.org\/it\/wp-json\/wp\/v2\/media?parent=3599"}],"curies":[{"name":"wp","href":"https:\/\/api.w.org\/{rel}","templated":true}]}}