{"id":3687,"date":"2020-04-15T15:38:06","date_gmt":"2020-04-15T15:38:06","guid":{"rendered":"https:\/\/multihoster.org\/extmatrix\/"},"modified":"2020-06-01T11:07:51","modified_gmt":"2020-06-01T11:07:51","slug":"extmatrix","status":"publish","type":"page","link":"https:\/\/multihoster.org\/it\/extmatrix\/","title":{"rendered":"ExtMatrix Premium Conto: Il Filehoster In Sintesi"},"content":{"rendered":"\n<div class=\"wp-block-image\"><figure class=\"aligncenter\"><img src=\"https:\/\/lh6.googleusercontent.com\/ajXxtb78K0qOd80BT2Q0PmNLZ9CoZlNY06w5CnxkVhNTnHG9z_D201mJ-ybLmNBhDo72X1tR4N2dV7HBQXJH5eBBn0pSUXFfou4Jme-DHtzgqVWP2YK2erUAvolG8u27ou0oqD7a\" alt=\"ExtMatrix logo\"\/><\/figure><\/div>\n\n\n<a class=\"maxbutton-2 maxbutton maxbutton-cta\" target=\"_blank\" rel=\"nofollow noopener\" href=\"\/go\/\"><span class='mb-text'>&gt;&gt; Vai al sito web originale di Linkifier<\/span><\/a>\n\n\n<h2>Che cos&#8217;\u00e8 ExtMatrix?<\/h2>\n\n\n\n<p>ExtMatrix \u00e8 una piattaforma di cloud storage online che \u00e8 possibile utilizzare salvando diversi tipi di dati, tra cui immagini, musica, film, documenti, file compressi e altro ancora. Tutti i dati che state conservando e memorizzando saranno accessibili a voi ovunque andiate, in tutto il mondo. Pertanto, se avete bisogno di un file storage molto conveniente e affidabile, ExtMatrix \u00e8 la piattaforma giusta per voi. Non ha minacce attive segnalate di recente dagli utenti, ExtMatrix \u00e8 sicuro e protetto per la navigazione.<\/p>\n\n\n\n<ul><li><strong>Hosting file<br><\/strong>Il file hosting \u00e8 un servizio che consente di caricare e gestire i file sul server di qualcun altro. Potrebbe essere ospitato su un server reale o utilizzare il cloud storage &#8211; lo stesso risultato si otterrebbe. Caricate i vostri documenti sul server. E rimarr\u00e0 fino a quando non li toglierai (tranne che i tuoi file vengono eliminati dall&#8217;azienda per qualche motivo che potrebbe aver violato i loro termini e condizioni.<br><\/li><li><strong>Condivisione dei file<br><\/strong>Un servizio di distribuzione di file pu\u00f2 essere visto come una sorta di file hosting. Con la condivisione dei file, si ha solo il diritto di caricare e mantenere i propri file sui server dell&#8217;azienda, ma anche di dare agli altri un link per il download. Avendo quel link per il download, gli altri utenti possono ottenere e scaricare il vostro file per il loro uso.<br><\/li><li><strong>Browser web supportati<br><\/strong>1. Google chrome (altamente raccomandato)<br>2. Mozilla Firefox (consigliato)<br>3. Microsoft Edge<br>4. Safari<\/li><\/ul>\n\n\n\n<h3>Perch\u00e9 scegliere ExtMatrix?<\/h3>\n\n\n\n<p>ExtMatrix \u00e8 il pi\u00f9 popolare rivenditore di File Hosting, che offre un servizio fantastico e buoni prezzi per gli ExtMatrix Premium Account, la loro responsabilit\u00e0 principale \u00e8 quella di mantenerlo all&#8217;altezza. Per migliorare e migliorare il rapporto con i nostri clienti con risposte pi\u00f9 rapide e soluzioni puntuali, abbiamo optato per i migliori team di supporto tecnico professionale attraverso il Live Support. I clienti possono fare una chiacchierata sul loro prodotto e ottenere soluzioni istantanee in base alle loro esigenze, aiuta gli utenti di tutto il mondo a supervisionare i loro record in qualsiasi giorno a loro piacimento. \u00c8 molto utile e conveniente per le persone, soprattutto per gli studenti e per gli uomini d&#8217;affari, perch\u00e9 possono salvare, scaricare e trasportare i loro file senza bisogno di unit\u00e0 flash, schede di memoria o dischi rigidi esterni, ma naturalmente con l&#8217;aiuto delle connessioni internet in qualsiasi luogo. Il gruppo pu\u00f2 inviare servizi inclusi agli utenti che cercano servizi di gestione dei file rapidi, protetti e sicuri.<\/p>\n\n\n\n<h3>Per saperne di pi\u00f9 sulle caratteristiche di ExtMatrix<\/h3>\n\n\n\n<ol><li>Manteniamo vari formati video, audio, immagini o documenti.<\/li><li>Conteneva un grande organizzatore di file in grado di gestire i documenti senza sforzo.<\/li><li>L&#8217;iscrizione Premium avr\u00e0 la migliore velocit\u00e0 di download mai avuta, senza limiti e senza magazzino finale dei vostri record, senza annunci che vi disturbano, ecc.<\/li><\/ol>\n\n\n\n<h2>Caratteristiche di ExtMatrix<\/h2>\n\n\n\n<h3>Pannello utente<\/h3>\n\n\n\n<p>Il pannello utente \u00e8 composto da quanto segue:<\/p>\n\n\n\n<ul><li><strong>Dashboard <\/strong>&#8211; Mostra lo stato attuale dell&#8217;utente, il numero di download totali, i file e l&#8217;archiviazione.<\/li><li><strong>File Manager<\/strong> &#8211; Questa \u00e8 la pagina in cui un utente gestisce le sue cartelle e i suoi file sul sito ExtMatrix, contiene le cartelle create e i file aggiunti (file attivi e inattivi) di un utente, la dimensione della cartella o del file, il tipo di contenuto, i link di tali cartelle e file, la data e l&#8217;ora di caricamento e il numero di download di una cartella o di un file.<\/li><li><strong>Caricamento multiplo<\/strong> &#8211; Un utente pu\u00f2 caricare pi\u00f9 file in qualsiasi tipo di file. Basta cliccare su &#8220;aggiungi file&#8221; e cliccare sul pulsante &#8220;Avvia caricamento&#8221; per caricare i file appena aggiunti sul sito Openload.<\/li><li><strong>Impostazioni utente<\/strong> &#8211; Qui gli utenti gestiscono i loro account e le informazioni.<\/li><li><strong>Impostazioni di conversione <\/strong>&#8211; Qui \u00e8 dove viene impostata la conversione per un video, convertendo automaticamente la qualit\u00e0 di un video quando viene trasmesso da un utente in quale risoluzione un utente ha gi\u00e0 impostato e salvato nelle impostazioni di conversione.<\/li><\/ul>\n\n\n\n<h3>Carica<\/h3>\n\n\n\n<p>Ora il caricamento dei file \u00e8 senza problemi!<\/p>\n\n\n\n<p>ExtMatrix \u00e8 qui per aiutarvi a tenere e organizzare i vostri file per semplificarvi la vita. ExtMatrix ha un&#8217;unicit\u00e0 di trascinamento semplice che render\u00e0 il caricamento pi\u00f9 veloce. Supporta anche il caricamento di numerosi file speciali con diversi tipi di file.<\/p>\n\n\n\n<p>Gli utenti possono semplicemente trascinare la loro cartella o il loro file dal loro dispositivo e rilasciarlo nei loro file ExtMatrix. Dopo di che, ExtMatrix caricher\u00e0 l&#8217;intero contenuto della cartella o del file per voi.<\/p>\n\n\n\n<p>Caricare file o cartelle utilizzando dispositivi mobili pu\u00f2 utilizzare l&#8217;opzione &#8220;Condividi a&#8221; e selezionare ExtMatrix per caricarli direttamente sull&#8217;account ExtMatrix dell&#8217;utente, successivamente, andare sul sito ExtMatrix e provare a caricare il file<\/p>\n\n\n\n<p><strong>Di seguito sono riportati i tipi di file che possono essere caricati su ExtMatrix:<\/strong><\/p>\n\n\n\n<ul><li>Musica o audio<\/li><li>Video<\/li><li>Applicazioni e giochi<\/li><li>Libri o e-book<\/li><li>Archivio o compresso<\/li><\/ul>\n\n\n<a class=\"maxbutton-2 maxbutton maxbutton-cta\" target=\"_blank\" rel=\"nofollow noopener\" href=\"\/go\/\"><span class='mb-text'>&gt;&gt; Vai al sito web originale di Linkifier<\/span><\/a>\n\n\n<h3>Scaricare<\/h3>\n\n\n\n<p>Gli utenti possono facilmente scaricare il file dal sito ExtMatrix, dalla posta elettronica e dai social media, o da qualsiasi altro luogo utilizzando il link di ExtMatrix per i file. Gli utenti dovranno solo cliccare sul link e saranno indirizzati al file per il download. <\/p>\n\n\n\n<h3>Condivisione<\/h3>\n\n\n\n<p>Il link \u00e8 accessibile solo per il proprietario e per l&#8217;utente condiviso. Di solito viene utilizzato per i file di lavoro privati o personali.<\/p>\n\n\n\n<h3>Accesso <\/h3>\n\n\n\n<p>L&#8217;utente \u00e8 l&#8217;unico responsabile e responsabile per ogni e qualsiasi accesso e utilizzo dei seguenti servizi. Gli utenti possono anche accedere ai file utilizzando telefoni Android, ios, desktop o laptop.<\/p>\n\n\n\n<h3>Dati <\/h3>\n\n\n\n<p>Gli utenti hanno la responsabilit\u00e0 e la responsabilit\u00e0 esclusiva per i dati che vengono memorizzati sui server. L&#8217;utente controlla i propri dati attraverso il link generato.<\/p>\n\n\n\n<h3>Notifiche<\/h3>\n\n\n\n<p>L&#8217;utente dovr\u00e0 notificare immediatamente se nota un&#8217;attivit\u00e0 che indica che l&#8217;account o i dati dell&#8217;utente vengono utilizzati senza autorizzazione.<\/p>\n\n\n\n<h2>Vantaggi di ExtMatrix <\/h2>\n\n\n\n<figure class=\"wp-block-table\"><table><tbody><tr><td>Caratteristica<\/td><td>Premium<\/td><td>Gratuito<\/td><\/tr><tr><td>Velocit\u00e0 di download<\/td><td>Illimitato<\/td><td>100kb\/s<\/td><\/tr><tr><td>Carica la dimensione del file<\/td><td>10.00 GB<\/td><td>250.00 MB<\/td><\/tr><tr><td>Dimensione del file disponibile<\/td><td>Illimitato<\/td><td>100.00 GB<\/td><\/tr><tr><td>I file inattivi saranno cancellati<\/td><td>Mai<\/td><td>30 giorno(s)<\/td><\/tr><\/tbody><\/table><\/figure>\n\n\n\n<h2>Come acquistare un account ExtMatrix Premium?<\/h2>\n\n\n\n<ol><li>Scegliete un giorno qualsiasi che sia valido.<\/li><li>Scegli la selezione PayPal o acquista ora<\/li><li>In seguito, sarete inoltrati ai pagamenti.<\/li><li>Utilizza il tuo indirizzo email valido che \u00e8 collegato al tuo account Paypal per il pagamento<\/li><li>Ci sono alcuni metodi di pagamento che \u00e8 possibile utilizzare come le carte di credito\/debito come Visa, MasterCard, AMEX e JCB attraverso PayPal.<\/li><li>Quando il pagamento avr\u00e0 successo, ti invieranno un&#8217;e-mail di conferma che sar\u00e0 nella tua casella di posta elettronica o messaggi di spam.<\/li><\/ol>\n\n\n\n<figure class=\"wp-block-table\"><table><tbody><tr><td>Piano dei pacchetti<\/td><td>ExtMatrix Premium Pack 30 giorni<\/td><td>ExtMatrix Premium Pack 90 giorni<\/td><td>ExtMatrix Premium Pack 180 giorni<\/td><td>ExtMatrix Premium Pack 365 giorni<\/td><\/tr><tr><td>N. di giorni<\/td><td>30 giorni<\/td><td>90 giorni<br><strong>MIGLIORE VENDITORE<\/strong><\/td><td>180 giorni<\/td><td>365 giorni<br><strong>MIGLIORE VENDITORE<\/strong><\/td><\/tr><tr><td>Costo per pacchetto<\/td><td>15 dollars<\/td><td>35 dollars<\/td><td>56 dollars<\/td><td>90 dollars<\/td><\/tr><tr><td>Metodi di pagamento<\/td><td>Paypal, MasterCard, Visa, Amex<\/td><td>Paypal, MasterCard, Visa, Amex<\/td><td>Paypal, MasterCard, Visa, Amex<\/td><td>Paypal, MasterCard, Visa, Amex<\/td><\/tr><\/tbody><\/table><\/figure>\n\n\n\n<p>*Nota: \u00e8 possibile contattare il supporto per maggiori dettagli su altri metodi di pagamento ExtMatrix.<\/p>\n\n\n\n<p>La dimensione della somma della pagina principale ExtMatrix \u00e8 di 275,9 kb. Questo effetto cade pi\u00f9 in basso rispetto al primo milione di siti web e identifica una pagina web enorme e non ottimizzata che potrebbe richiedere anni per essere caricata. Il 25% dei siti web ha bisogno di meno risorse per essere caricato. JavaScript impiega 244,1 kb, che costituisce il volume principale del sito.<\/p>\n\n\n\n<h2>Ottimizzazione ExtMatrix<\/h2>\n\n\n\n<p><strong>Ottimizzazione HTML <\/strong>&#8211; i contenuti HTML possono essere abbreviati e compressi dal server di un sito web. Il modo pi\u00f9 efficace \u00e8 quello di comprimere il contenuto utilizzando GZIP che riduce la quantit\u00e0 di informazioni che viaggiano attraverso la rete tra il server e il browser. Il sistema su questa scheda \u00e8 ben semplificato. Si consiglia vivamente di non comprimere il contenuto di questo sito, che permette di risparmiare fino a 3,9 kb o il 65% della dimensione originale.<\/p>\n\n\n\n<ul><li>Originale &#8211; 6.0 kb<\/li><li>Dopo la minificazione &#8211; 5,6 kb<\/li><li>Dopo la compressione &#8211; 2,1 kb<\/li><\/ul>\n\n\n\n<p><strong>Ottimizzazione delle immagini<\/strong> &#8211; L&#8217;ottimizzazione delle immagini pu\u00f2 aiutare a potenziare un sito web. La tabella mostra la variazione tra le dimensioni prima dell&#8217;ottimizzazione. Ovviamente, ExtMatrix richiede l&#8217;ottimizzazione delle immagini in modo da mantenere fino a 7,7 kb o il 51% del volume originale, gli strumenti pi\u00f9 ammirati e ben organizzati per l&#8217;ottimizzazione delle icone JPEG e PNG sono Jpegoptim e PNG Crush.<\/p>\n\n\n\n<ul><li>Originale &#8211; 15.0 kb<\/li><li>Dopo l&#8217;ottimizzazione &#8211; 7,3 kb<\/li><\/ul>\n\n\n\n<p><strong>Ottimizzazione JavaScript <\/strong>&#8211; E&#8217; meglio semplificare JavaScript con l&#8217;obiettivo di migliorare l&#8217;esecuzione del sito web, la figura mostra l&#8217;importo totale attuale di tutti i JavaScript. Una volta effettuate la revisione e la compressione, si consiglia vivamente di impacchettare e semplificare tutti i record JavaScript, in quanto pu\u00f2 mantenere fino a 177,4 kb o il 73% della dimensione originale. Il browser ha inviato 16 requisiti CSS, JavaScript, AJAX e figure per rendere totalmente la pagina pi\u00f9 significativa di ExtMatrix. Suggeriamo che alcuni archivi JavaScript e CSS debbano essere uniti in uno per ogni categoria. Pu\u00f2 diminuire il fabbisogno di risorse da 7 poco prima di 1 per i Java Script, e pu\u00f2 influire sulla velocit\u00e0 di caricamento delle pagine.<\/p>\n\n\n\n<ul><li>Originale &#8211; 244,1 kb<\/li><li>Dopo la modifica &#8211; 222,1 kb<\/li><li>Dopo la compressione &#8211; 66,7 kb<\/li><\/ul>\n\n\n\n<p><strong>Ottimizzazione CSS <\/strong>&#8211; La modifica dei file CSS \u00e8 molto importante per diminuire il tempo di rendering di una pagina web. I file CSS pi\u00f9 veloci possono essere caricati, il precedente una pagina che pu\u00f2 essere resa. ExtMatrix ha bisogno che tutti i file CSS siano minificati e compressi, poich\u00e9 pu\u00f2 salvare fino a 8,4 kb o il 78% della dimensione originale.<\/p>\n\n\n\n<ul><li>Originale &#8211; 10,7 kb<\/li><li>Dopo la minificazione &#8211; 8,2 kb<\/li><li>Dopo la compressione &#8211; 2,3 kb<\/li><\/ul>\n\n\n\n<h2>Domande frequenti (FAQ)<\/h2>\n\n\n\n<h3><strong>Cos&#8217;\u00e8 un conto premium ExtMatrix?<\/strong><\/h3>\n\n\n\n<p>Con un account Premium, \u00e8 possibile memorizzare e accedere ai propri file senza tempi di attesa e limiti. Basta aprire un ExtMatrix Link e il download si avvia automaticamente!<\/p>\n\n\n\n<h3><strong>Cancellate i file inattivi?<\/strong><\/h3>\n\n\n\n<p>S\u00ec, dopo 30 giorni di inattivit\u00e0. I file caricati come utente premium non verranno cancellati, quindi inizia subito a ricevere il tuo ExtMatrix premium!<\/p>\n\n\n\n<h3><strong>Posso cercare nei server ExtMatrix i file che vorrei scaricare?<\/strong><\/h3>\n\n\n\n<p>No! Proteggiamo la privacy di tutti gli utenti. Solo la persona che memorizza un file su ExtMatrix pu\u00f2 accedere al suo file.<\/p>\n\n\n<a class=\"maxbutton-2 maxbutton maxbutton-cta\" target=\"_blank\" rel=\"nofollow noopener\" href=\"\/go\/\"><span class='mb-text'>&gt;&gt; Vai al sito web originale di Linkifier<\/span><\/a>","protected":false},"excerpt":{"rendered":"<p>Che cos&#8217;\u00e8 ExtMatrix? ExtMatrix \u00e8 una piattaforma di cloud storage online che \u00e8 possibile utilizzare salvando diversi tipi di dati,<\/p>\n","protected":false},"author":2,"featured_media":0,"parent":0,"menu_order":0,"comment_status":"closed","ping_status":"closed","template":"","meta":[],"yoast_head":"<!-- This site is optimized with the Yoast SEO plugin v18.3 - https:\/\/yoast.com\/wordpress\/plugins\/seo\/ -->\n<title>ExtMatrix Premium Conto \u2013 Il Filehoster In Sintesi<\/title>\n<meta name=\"description\" content=\"Se ExtMatrix \u00e8 un fornitore affidabile o meno, potete trovare la risposta nel test in corso su Multihoster.org \u279c Cliccate ora \u271a per leggere le nostre esperienze!\" \/>\n<meta name=\"robots\" content=\"index, follow, max-snippet:-1, max-image-preview:large, max-video-preview:-1\" \/>\n<link rel=\"canonical\" href=\"https:\/\/multihoster.org\/it\/extmatrix\/\" \/>\n<meta property=\"og:locale\" content=\"it_IT\" \/>\n<meta property=\"og:type\" content=\"article\" \/>\n<meta property=\"og:title\" content=\"ExtMatrix Premium Conto \u2013 Il Filehoster In Sintesi\" \/>\n<meta property=\"og:description\" content=\"Se ExtMatrix \u00e8 un fornitore affidabile o meno, potete trovare la risposta nel test in corso su Multihoster.org \u279c Cliccate ora \u271a per leggere le nostre esperienze!\" \/>\n<meta property=\"og:url\" content=\"https:\/\/multihoster.org\/it\/extmatrix\/\" \/>\n<meta property=\"og:site_name\" content=\"Multihoster.org\" \/>\n<meta property=\"article:modified_time\" content=\"2020-06-01T11:07:51+00:00\" \/>\n<meta property=\"og:image\" content=\"https:\/\/lh6.googleusercontent.com\/ajXxtb78K0qOd80BT2Q0PmNLZ9CoZlNY06w5CnxkVhNTnHG9z_D201mJ-ybLmNBhDo72X1tR4N2dV7HBQXJH5eBBn0pSUXFfou4Jme-DHtzgqVWP2YK2erUAvolG8u27ou0oqD7a\" \/>\n<meta name=\"twitter:card\" content=\"summary\" \/>\n<meta name=\"twitter:label1\" content=\"Tempo di lettura stimato\" \/>\n\t<meta name=\"twitter:data1\" content=\"8 minuti\" \/>\n<script type=\"application\/ld+json\" class=\"yoast-schema-graph\">{\"@context\":\"https:\/\/schema.org\",\"@graph\":[{\"@type\":\"WebSite\",\"@id\":\"https:\/\/multihoster.org\/#website\",\"url\":\"https:\/\/multihoster.org\/\",\"name\":\"Multihoster.org\",\"description\":\"Reviews of the major Filehosting services\",\"potentialAction\":[{\"@type\":\"SearchAction\",\"target\":{\"@type\":\"EntryPoint\",\"urlTemplate\":\"https:\/\/multihoster.org\/?s={search_term_string}\"},\"query-input\":\"required name=search_term_string\"}],\"inLanguage\":\"it-IT\"},{\"@type\":\"ImageObject\",\"@id\":\"https:\/\/multihoster.org\/it\/extmatrix\/#primaryimage\",\"inLanguage\":\"it-IT\",\"url\":\"https:\/\/lh6.googleusercontent.com\/ajXxtb78K0qOd80BT2Q0PmNLZ9CoZlNY06w5CnxkVhNTnHG9z_D201mJ-ybLmNBhDo72X1tR4N2dV7HBQXJH5eBBn0pSUXFfou4Jme-DHtzgqVWP2YK2erUAvolG8u27ou0oqD7a\",\"contentUrl\":\"https:\/\/lh6.googleusercontent.com\/ajXxtb78K0qOd80BT2Q0PmNLZ9CoZlNY06w5CnxkVhNTnHG9z_D201mJ-ybLmNBhDo72X1tR4N2dV7HBQXJH5eBBn0pSUXFfou4Jme-DHtzgqVWP2YK2erUAvolG8u27ou0oqD7a\"},{\"@type\":\"WebPage\",\"@id\":\"https:\/\/multihoster.org\/it\/extmatrix\/#webpage\",\"url\":\"https:\/\/multihoster.org\/it\/extmatrix\/\",\"name\":\"ExtMatrix Premium Conto \u2013 Il Filehoster In Sintesi\",\"isPartOf\":{\"@id\":\"https:\/\/multihoster.org\/#website\"},\"primaryImageOfPage\":{\"@id\":\"https:\/\/multihoster.org\/it\/extmatrix\/#primaryimage\"},\"datePublished\":\"2020-04-15T15:38:06+00:00\",\"dateModified\":\"2020-06-01T11:07:51+00:00\",\"description\":\"Se ExtMatrix \u00e8 un fornitore affidabile o meno, potete trovare la risposta nel test in corso su Multihoster.org \u279c Cliccate ora \u271a per leggere le nostre esperienze!\",\"breadcrumb\":{\"@id\":\"https:\/\/multihoster.org\/it\/extmatrix\/#breadcrumb\"},\"inLanguage\":\"it-IT\",\"potentialAction\":[{\"@type\":\"ReadAction\",\"target\":[\"https:\/\/multihoster.org\/it\/extmatrix\/\"]}]},{\"@type\":\"BreadcrumbList\",\"@id\":\"https:\/\/multihoster.org\/it\/extmatrix\/#breadcrumb\",\"itemListElement\":[{\"@type\":\"ListItem\",\"position\":1,\"name\":\"Startseite\",\"item\":\"https:\/\/multihoster.org\/it\/\"},{\"@type\":\"ListItem\",\"position\":2,\"name\":\"ExtMatrix Premium Conto: Il Filehoster In Sintesi\"}]}]}<\/script>\n<!-- \/ Yoast SEO plugin. -->","yoast_head_json":{"title":"ExtMatrix Premium Conto \u2013 Il Filehoster In Sintesi","description":"Se ExtMatrix \u00e8 un fornitore affidabile o meno, potete trovare la risposta nel test in corso su Multihoster.org \u279c Cliccate ora \u271a per leggere le nostre esperienze!","robots":{"index":"index","follow":"follow","max-snippet":"max-snippet:-1","max-image-preview":"max-image-preview:large","max-video-preview":"max-video-preview:-1"},"canonical":"https:\/\/multihoster.org\/it\/extmatrix\/","og_locale":"it_IT","og_type":"article","og_title":"ExtMatrix Premium Conto \u2013 Il Filehoster In Sintesi","og_description":"Se ExtMatrix \u00e8 un fornitore affidabile o meno, potete trovare la risposta nel test in corso su Multihoster.org \u279c Cliccate ora \u271a per leggere le nostre esperienze!","og_url":"https:\/\/multihoster.org\/it\/extmatrix\/","og_site_name":"Multihoster.org","article_modified_time":"2020-06-01T11:07:51+00:00","og_image":[{"url":"https:\/\/lh6.googleusercontent.com\/ajXxtb78K0qOd80BT2Q0PmNLZ9CoZlNY06w5CnxkVhNTnHG9z_D201mJ-ybLmNBhDo72X1tR4N2dV7HBQXJH5eBBn0pSUXFfou4Jme-DHtzgqVWP2YK2erUAvolG8u27ou0oqD7a"}],"twitter_card":"summary","twitter_misc":{"Tempo di lettura stimato":"8 minuti"},"schema":{"@context":"https:\/\/schema.org","@graph":[{"@type":"WebSite","@id":"https:\/\/multihoster.org\/#website","url":"https:\/\/multihoster.org\/","name":"Multihoster.org","description":"Reviews of the major Filehosting services","potentialAction":[{"@type":"SearchAction","target":{"@type":"EntryPoint","urlTemplate":"https:\/\/multihoster.org\/?s={search_term_string}"},"query-input":"required name=search_term_string"}],"inLanguage":"it-IT"},{"@type":"ImageObject","@id":"https:\/\/multihoster.org\/it\/extmatrix\/#primaryimage","inLanguage":"it-IT","url":"https:\/\/lh6.googleusercontent.com\/ajXxtb78K0qOd80BT2Q0PmNLZ9CoZlNY06w5CnxkVhNTnHG9z_D201mJ-ybLmNBhDo72X1tR4N2dV7HBQXJH5eBBn0pSUXFfou4Jme-DHtzgqVWP2YK2erUAvolG8u27ou0oqD7a","contentUrl":"https:\/\/lh6.googleusercontent.com\/ajXxtb78K0qOd80BT2Q0PmNLZ9CoZlNY06w5CnxkVhNTnHG9z_D201mJ-ybLmNBhDo72X1tR4N2dV7HBQXJH5eBBn0pSUXFfou4Jme-DHtzgqVWP2YK2erUAvolG8u27ou0oqD7a"},{"@type":"WebPage","@id":"https:\/\/multihoster.org\/it\/extmatrix\/#webpage","url":"https:\/\/multihoster.org\/it\/extmatrix\/","name":"ExtMatrix Premium Conto \u2013 Il Filehoster In Sintesi","isPartOf":{"@id":"https:\/\/multihoster.org\/#website"},"primaryImageOfPage":{"@id":"https:\/\/multihoster.org\/it\/extmatrix\/#primaryimage"},"datePublished":"2020-04-15T15:38:06+00:00","dateModified":"2020-06-01T11:07:51+00:00","description":"Se ExtMatrix \u00e8 un fornitore affidabile o meno, potete trovare la risposta nel test in corso su Multihoster.org \u279c Cliccate ora \u271a per leggere le nostre esperienze!","breadcrumb":{"@id":"https:\/\/multihoster.org\/it\/extmatrix\/#breadcrumb"},"inLanguage":"it-IT","potentialAction":[{"@type":"ReadAction","target":["https:\/\/multihoster.org\/it\/extmatrix\/"]}]},{"@type":"BreadcrumbList","@id":"https:\/\/multihoster.org\/it\/extmatrix\/#breadcrumb","itemListElement":[{"@type":"ListItem","position":1,"name":"Startseite","item":"https:\/\/multihoster.org\/it\/"},{"@type":"ListItem","position":2,"name":"ExtMatrix Premium Conto: Il Filehoster In Sintesi"}]}]}},"_links":{"self":[{"href":"https:\/\/multihoster.org\/it\/wp-json\/wp\/v2\/pages\/3687"}],"collection":[{"href":"https:\/\/multihoster.org\/it\/wp-json\/wp\/v2\/pages"}],"about":[{"href":"https:\/\/multihoster.org\/it\/wp-json\/wp\/v2\/types\/page"}],"author":[{"embeddable":true,"href":"https:\/\/multihoster.org\/it\/wp-json\/wp\/v2\/users\/2"}],"replies":[{"embeddable":true,"href":"https:\/\/multihoster.org\/it\/wp-json\/wp\/v2\/comments?post=3687"}],"version-history":[{"count":2,"href":"https:\/\/multihoster.org\/it\/wp-json\/wp\/v2\/pages\/3687\/revisions"}],"predecessor-version":[{"id":4625,"href":"https:\/\/multihoster.org\/it\/wp-json\/wp\/v2\/pages\/3687\/revisions\/4625"}],"wp:attachment":[{"href":"https:\/\/multihoster.org\/it\/wp-json\/wp\/v2\/media?parent=3687"}],"curies":[{"name":"wp","href":"https:\/\/api.w.org\/{rel}","templated":true}]}}