{"id":3723,"date":"2020-04-16T09:00:53","date_gmt":"2020-04-16T09:00:53","guid":{"rendered":"https:\/\/multihoster.org\/tusfiles\/"},"modified":"2020-04-16T10:15:25","modified_gmt":"2020-04-16T10:15:25","slug":"tusfiles","status":"publish","type":"page","link":"https:\/\/multihoster.org\/it\/tusfiles\/","title":{"rendered":"TusFiles Premium Conto: Il Filehoster In Sintesi"},"content":{"rendered":"\n<figure class=\"wp-block-image is-resized\"><img loading=\"lazy\" src=\"https:\/\/lh5.googleusercontent.com\/VhTENL6he9zdRkCtqxyngyJXAG-GUaCUa8ROTiJUAAon7ohctlpp5uCnm4DAJW_yRxhz0Thc2ByUcVr3_gEC7bCDlnPBxDcTWS4EHLx-6pXRxF1bm8XmzhKiPPkmoaUpaxbRwOg\" alt=\"TusFiles logo\" width=\"571\" height=\"191\"\/><\/figure>\n\n\n<a class=\"maxbutton-2 maxbutton maxbutton-cta\" target=\"_blank\" rel=\"nofollow noopener\" href=\"\/go\/\"><span class='mb-text'>&gt;&gt; Vai al sito web originale di Linkifier<\/span><\/a>\n\n\n<p><\/p>\n\n\n\n<h2>Panoramica dei TusFiles<\/h2>\n\n\n\n<p>TusFiles \u00e8 uno dei servizi di hosting sicuro e gratuito per i file. E&#8217; accessibile in tutto il mondo e a qualsiasi browser web. Gli utenti di questo sito sono in grado di effettuare l&#8217;accesso, la condivisione, il caricamento e il download di un file.<\/p>\n\n\n\n<p>TusFiles ha tre (3) diversi tipi di account:<\/p>\n\n\n\n<ol><li>TusFiles Guest Account &#8211; Questo \u00e8 un account per un utente che non \u00e8 registrato o che non \u00e8 membro del sito TusFiles, ma gli utenti ospiti possono ottenere solo benefici limitati e possono utilizzare solo funzionalit\u00e0 e servizi limitati di TusFiles. Ha ritardi o lunghi tempi di attesa per i download, gli annunci e i CAPTCHA.<\/li><li> TusFiles Free Account &#8211; Questo \u00e8 un account per un utente che \u00e8 registrato o che \u00e8 un membro di TusFiles \u00e8 permesso di accedere al sito Tusfiles, ma gli utenti gratuiti possono ottenere solo benefici limitati e possono utilizzare solo la maggior parte delle caratteristiche e dei servizi di TusFiles, ma con una maggiore capacit\u00e0 di archiviazione e con una velocit\u00e0 pi\u00f9 elevata rispetto all&#8217;utente ospite. Ha anche un piccolo ritardo o un breve tempo di attesa per i download, gli annunci e i CAPTCHA.<\/li><li> Account Premium TusFiles &#8211; Questo \u00e8 un account per un utente che ha acquistato e attivato uno dei Piani Premium TusFiles per il suo account in TusFiles. Un utente di un account premium TusFiles \u00e8 autorizzato ad accedere al sito TusFiles senza avere limiti nell&#8217;utilizzo di tutte le funzionalit\u00e0 e servizi dei TusFiles. Non ha ritardi o tempi di attesa per download, annunci e CAPTCHA.<\/li><\/ol>\n\n\n\n<h2>Caratteristiche di TusFiles Diversi conti<\/h2>\n\n\n\n<figure class=\"wp-block-table\"><table class=\"\"><tbody><tr><td><br>Caratteristiche dei TusFiles<\/td><td>Tipi di file TusFiles<br> Conto ospite<\/td><td>Tipi di file TusFiles<br> Conto gratuito<\/td><td>Tipi di file TusFiles<br> Conto Premium<\/td><\/tr><tr><td>Dimensioni dello stoccaggio<\/td><td>1000 GB o 1 TB<\/td><td>1000 GB o 1 TB<\/td><td>1000 GB o 1 TB<\/td><\/tr><tr><td>Tasso di velocit\u00e0 <\/td><td>limitato<\/td><td>limitato<\/td><td>illimitato<\/td><\/tr><tr><td>Rate of the Bandwidth<\/td><td>limitato<\/td><td>limitato<\/td><td>illimitato<\/td><\/tr><tr><td>Number of uploads<\/td><td>limitato<\/td><td>limitato<\/td><td>illimitato<\/td><\/tr><tr><td>Scadenza del file<\/td><td>Un file scade dopo sette (7) giorni<\/td><td>Un file scade dopo sette (30) giorni<\/td><td>Un file non ha una scadenza<\/td><\/tr><tr><td>Le dimensioni del file sono limitate durante il caricamento?<\/td><td>S\u00ec<\/td><td>S\u00ec<\/td><td>No<\/td><\/tr><tr><td>Ha annunci<\/td><td>S\u00ec<\/td><td>S\u00ec<\/td><td>No<\/td><\/tr><tr><td>Ha tempo di attesa<\/td><td>S\u00ec<\/td><td>S\u00ec<\/td><td>No<\/td><\/tr><tr><td>Ha CAPTCHA<\/td><td>S\u00ec<\/td><td>S\u00ec<\/td><td>No<\/td><\/tr><tr><td>Ha ritardi nei download<\/td><td>S\u00ec<\/td><td>S\u00ec<\/td><td>No<\/td><\/tr><tr><td>Ha un download diretto<\/td><td>No<\/td><td>No<\/td><td>S\u00ec<\/td><\/tr><tr><td>Gli utenti possono scaricare un file contemporaneamente?<\/td><td>No<\/td><td>No<\/td><td>S\u00ec<\/td><\/tr><tr><td>Uso dell&#8217;acceleratore per il download<\/td><td>No<\/td><td>No<\/td><td>S\u00ec<\/td><\/tr><tr><td>Pu\u00f2 caricare da remoto utilizzando gli URL<\/td><td>No<\/td><td>No<\/td><td>S\u00ec<\/td><\/tr><tr><td>Pu\u00f2 mettere in pausa i download<\/td><td>S\u00ec<\/td><td>S\u00ec<\/td><td>S\u00ec<\/td><\/tr><tr><td>Pu\u00f2 riprendere i download non riusciti<\/td><td>S\u00ec<\/td><td>S\u00ec<\/td><td>S\u00ec<\/td><\/tr><tr><td>Ha accesso all&#8217;uso del File Transfer Protocol (FTP)<\/td><td>S\u00ec<\/td><td>S\u00ec<\/td><td>S\u00ec<\/td><\/tr><tr><td>Ha la sicurezza Secure Sockets Layer (SSL)<\/td><td>S\u00ec<\/td><td>S\u00ec<\/td><td>S\u00ec<\/td><\/tr><tr><td>Ha un sistema di affiliazione<\/td><td>S\u00ec<\/td><td>S\u00ec<\/td><td>S\u00ec<\/td><\/tr><tr><td>Ha il supporto di TusFiles<\/td><td>S\u00ec<\/td><td>S\u00ec<\/td><td>S\u00ec<\/td><\/tr><tr><td>\u00c8 sicuro e protetto?<\/td><td>S\u00ec<\/td><td>S\u00ec<\/td><td>S\u00ec<\/td><\/tr><\/tbody><\/table><\/figure>\n\n\n\n<h2>Costo del conto TusFiles<\/h2>\n\n\n\n<figure class=\"wp-block-table\"><table class=\"\"><tbody><tr><td>Prezzi del conto TusFiles<\/td><td>TusFiles Tipi di account ospite<\/td><td>Tipi di file TusFiles<br> Conto gratuito<\/td><td>Tipi di file TusFiles<br> Conto Premium<\/td><\/tr><tr><td>Prezzo al mese:<\/td><td>00.00 USD<\/td><td>00.00 USD<\/td><td>Dipende dal piano dei conti Premium TusFile<\/td><\/tr><\/tbody><\/table><\/figure>\n\n\n\n<h2>Pacchetti Account Premium TusFiles<\/h2>\n\n\n\n<figure class=\"wp-block-table\"><table class=\"\"><tbody><tr><td>Giorni<\/td><td>Prezzo<\/td><td>\u00c8 sicuro e protetto?<\/td><\/tr><tr><td>7<\/td><td>6,50 USD<\/td><td>S\u00ec<\/td><\/tr><tr><td>30<\/td><td>13,99 USD<\/td><td>S\u00ec<\/td><\/tr><tr><td>60<\/td><td>15,99 USD<\/td><td>S\u00ec<\/td><\/tr><tr><td>90<\/td><td>21,99 USD (Vendita!)<\/td><td>S\u00ec<\/td><\/tr><tr><td>180<\/td><td>32,99 USD (il prezzo originale \u00e8 34,99)<\/td><td>S\u00ec<\/td><\/tr><tr><td>365<\/td><td>53,99 USD<\/td><td>S\u00ec<\/td><\/tr><\/tbody><\/table><\/figure>\n\n\n\n<p>Pagare il piano del Conto Premium TusFiles \u00e8 facile e veloce. Un utente deve solo pagare il prezzo dei Piani Premium Account TusFiles attraverso la seguente lista di metodi di pagamento.<\/p>\n\n\n\n<ul><li>Attraverso PayPal<\/li><li> Attraverso le carte di credito<\/li><li> Attraverso Rupiah<\/li><li> Tramite WebMoney Transfer o WMZ<\/li><li> Attraverso bitcoin e altre <a href=\"https:\/\/www.investopedia.com\/terms\/c\/cryptocurrency.asp\" target=\"_blank\" rel=\"noreferrer noopener\" aria-label=\"crittografie (opens in a new tab)\">crittografie<\/a><\/li><\/ul>\n\n\n\n<h3>Attivazione del conto Premium TusFiles<\/h3>\n\n\n\n<p>Per attivare il TusFiles Premium Account, un utente deve avere una chiave di attivazione TusFiles Premium. <\/p>\n\n\n\n<ol><li>Un utente dovrebbe andare sul sito di TusFiles e accedere al suo account. (Se un utente non ha un account, basta crearne uno nella pagina di registrazione dei TusFiles). Vai al sito di TusFiles ora.<\/li><li> Una volta che un utente ha effettuato l&#8217;accesso, vai alla pagina &#8220;Il mio account&#8221; di TusFiles.<\/li><li> Mettete la chiave Premium Account TusFiles nel campo &#8220;Attivare la chiave Premium&#8221;.<\/li><li> Un utente deve cliccare sul pulsante &#8220;Applica&#8221; per applicare la chiave di attivazione Premium TusFiles sull&#8217;account dell&#8217;utente, in modo da poter utilizzare tutte le funzionalit\u00e0 e i servizi dell&#8217;account Premium TusFiles.<\/li><\/ol>\n\n\n\n<h2>Creare un account TusFiles: Una guida passo dopo passo<\/h2>\n\n\n\n<p>Un utente dovrebbe prima di tutto avere un account su TusFiles per utilizzare le diverse caratteristiche e servizi del sito TusFiles come la condivisione di file, il download di file, il caricamento di file e la visualizzazione dei file.<\/p>\n\n\n<a class=\"maxbutton-2 maxbutton maxbutton-cta\" target=\"_blank\" rel=\"nofollow noopener\" href=\"\/go\/\"><span class='mb-text'>&gt;&gt; Vai al sito web originale di Linkifier<\/span><\/a>\n\n\n<p><\/p>\n\n\n\n<p>Affinch\u00e9 un utente crei un account per TusFiles, seguire tutti i passaggi riportati di seguito.<\/p>\n\n\n\n<ol><li>Vai al sito TusFiles.<\/li><li> Nella homepage di TusFiles, vai nell&#8217;angolo in alto a destra del sito TusFiles, clicca sul pulsante &#8220;Iscriviti&#8221; per visualizzare il modulo di iscrizione.<\/li><li> Un utente deve compilare tutti i dettagli necessari del modulo di registrazione dei TusFiles. (Nome utente, indirizzo e-mail e password). Ricorda che tutti i dati devono essere validi.<\/li><li> Per la password, l&#8217;utente deve digitarla nuovamente per assicurarsi che la password sia stata inserita correttamente.<\/li><li> Inserire il codice CAPTCHA che appare sul modulo di iscrizione. Il codice CAPTCHA deve essere corretto affinch\u00e9 un account sia accettato.<\/li><li> Spuntare la casella di controllo per i Termini e la Politica di TusFiles per sapere che un utente \u00e8 d&#8217;accordo con tutto ci\u00f2. (L&#8217;utente deve prima leggere i Termini e la Politica del sito TusFiles).<\/li><li> Spuntare il pulsante &#8220;Invia&#8221; per inviare tutti i dettagli sul modulo di iscrizione.<ul><li>*Se un utente ha inserito tutti i dati per il processo di registrazione sono validi, allora Tusfiles salver\u00e0 automaticamente tutti i dati e creer\u00e0 un account TusFiles per lui o lei.<\/li><\/ul><\/li><li> Dopo di che, un utente deve confermare il suo account sul sito TusFiles via e-mail cliccando semplicemente sul link che i Tusfiles hanno inviato. (TusFiles invier\u00e0 un link all&#8217;indirizzo e-mail dell&#8217;utente per l&#8217;attivazione di un account utente).<\/li><\/ol>\n\n\n\n<p>Ora, un utente pu\u00f2 accedere in qualsiasi momento e ovunque voglia!<\/p>\n\n\n\n<h3>Accedi a un account su TusFiles<\/h3>\n\n\n\n<p>Per consentire all&#8217;utente di effettuare il login, seguire i quattro (4) semplici passaggi riportati di seguito.<\/p>\n\n\n\n<ol><li>Vai al sito TusFiles.<\/li><li> Vai alla pagina di accesso.<\/li><li> Inserisci il nome utente TusFiles e la password TusFiles.<\/li><li> Clicca su &#8220;Accedi&#8221;.<\/li><\/ol>\n\n\n\n<p>Dopo che un utente ha effettuato l&#8217;accesso, la pagina andr\u00e0 direttamente alla pagina Il mio account del sito TusFiles.<\/p>\n\n\n\n<h2>Caricare, scaricare e condividere<\/h2>\n\n\n\n<p>Un utente pu\u00f2 visualizzare, caricare, scaricare e condividere qualsiasi file. Un file pu\u00f2 essere:<\/p>\n\n\n\n<ul><li>un documento, <\/li><li> un&#8217;immagine, <\/li><li> un video o un film, <\/li><li> una registrazione o un brano musicale, <\/li><li> un gioco,<\/li><li> un software,<\/li><li> o altri tipi di file che non danneggiano gli spettatori o i lettori e che non includono violenza o qualsiasi contenuto negativo. <\/li><\/ul>\n\n\n\n<h3><strong>Caricare un file su un account di TusFiles<\/strong><\/h3>\n\n\n\n<p>Per caricare un file, seguire tutti i passaggi riportati di seguito:<\/p>\n\n\n\n<ol><li>Vai alla homepage del sito TusFiles e accedi all&#8217;account su TusFiles.<\/li><li> Trovate il pulsante &#8220;Upload&#8221; e fate clic su di esso. <\/li><li> Il File Explorer si aprir\u00e0 sulla pagina. Andare alla posizione del file nel dispositivo.<\/li><li> Selezionate il file o i file da caricare e cliccate su ok. Il file verr\u00e0 caricato automaticamente <\/li><li> In attesa che il file o i file vengano caricati, l&#8217;utente pu\u00f2 inserire la descrizione del file nella casella di descrizione.<\/li><li> Quando il caricamento \u00e8 terminato. Il file o i file saranno memorizzati nel server di TusFiles.<\/li><\/ol>\n\n\n\n<p>Se un utente ospite TusFiles o un account non registrato ha caricato un file, quel file sar\u00e0 scaduto o sar\u00e0 cancellato dopo quindici (15) giorni, ma i file che un utente libero TusFiles o un account registrato TusFiles ha caricato non saranno scaduti o non saranno cancellati se quei file sono meno di venticinque megabyte (25 MB).<\/p>\n\n\n\n<h3><strong>Aprire e scaricare un file su Tusfiles<\/strong><\/h3>\n\n\n\n<p>Chiunque pu\u00f2 cercare un file sul sito Tusfiles da scaricare. I file saranno recuperati dal database di TusFiles e quelli saranno scaricati dai <a rel=\"noreferrer noopener\" aria-label=\"server  (opens in a new tab)\" href=\"https:\/\/www.webopedia.com\/TERM\/S\/server.html\" target=\"_blank\">server <\/a>o dai drive di TusFiles.<\/p>\n\n\n\n<p>Per scaricare un file, seguire i quattro (4) semplici passaggi riportati di seguito:<\/p>\n\n\n\n<ol><li>Vai al link del file che vuole scaricare.<\/li><li> La pagina di download del file apparir\u00e0 con il nome, la descrizione e la dimensione del file.<\/li><li> Cliccare sul pulsante &#8220;Avvia il download&#8221; o sul pulsante &#8220;Download&#8221;.<\/li><li> Il file sar\u00e0 scaricato automaticamente da TusFiles.<\/li><\/ol>\n\n\n\n<p>Un utente pu\u00f2 anche utilizzare qualsiasi strumento per scaricare un file come Internet Download Manager o IDM Jdownloader, o altri.<\/p>\n\n\n\n<h3><strong>Condividere un file su Tusfiles<\/strong><\/h3>\n\n\n\n<p>Un utente di TusFiles pu\u00f2 condividere i file attraverso il link <a rel=\"noreferrer noopener\" aria-label=\"Uniform Resource Locator (URL) (opens in a new tab)\" href=\"https:\/\/en.wikipedia.org\/wiki\/URL\" target=\"_blank\">Uniform Resource Locator (URL)<\/a> di un file specifico e condividerli con e-mail o con diverse piattaforme di social media come ad esempio:<\/p>\n\n\n\n<ul><li>Facebook<\/li><li> Twitter<\/li><li> Youtube e altri<\/li><\/ul>\n\n\n\n<h2>Guadagnare utilizzando Tusfiles<\/h2>\n\n\n\n<p>TusFiles \u00e8 molto generoso nell&#8217;aiutare le persone. Hanno un modo per far guadagnare soldi alla gente. Ma prima di questo, una persona deve prima avere un Account Premium TusFiles. Molte persone usano TusFiles perch\u00e9 possono guadagnare semplicemente condividendo i loro file caricati con tutti per aumentare il numero di download dei file.<\/p>\n\n\n\n<p>Un utente pu\u00f2 caricare un file quanti ne vuole perch\u00e9 TusFiles pagher\u00e0 per quante persone scaricano uno o pi\u00f9 file. Stimando le entrate, per ogni mille (1000) download, un utente ricever\u00e0 0,50 USD fino a 10 USD. <\/p>\n\n\n\n<figure class=\"wp-block-table\"><table class=\"\"><tbody><tr><td class=\"has-text-align-center\" data-align=\"center\"><strong>Contatti di TusFiles<\/strong><\/td><\/tr><\/tbody><\/table><\/figure>\n\n\n\n<figure class=\"wp-block-table\"><table class=\"\"><tbody><tr><td>Sito web:<\/td><td>http:\/\/www.tusfiles.net<\/td><\/tr><tr><td>Indirizzo e-mail:<\/td><td>contact@tusfiles.net<\/td><\/tr><tr><td>Numero di telefono:<\/td><td>(432)-999-000<\/td><\/tr><tr><td>Indirizzo:<\/td><td>Burgveldweg 21, 5864AJ Meerlo, Netherland<\/td><\/tr><tr><td>Per il supporto:<\/td><td>support@tusfiles<\/td><\/tr><tr><td>Per abuso:<\/td><td>abuse@tusfiles<\/td><\/tr><tr><td>Per bug di sistema e idee:<\/td><td>support@tusfiles<\/td><\/tr><tr><td>Per il copyright:<\/td><td>dmca@tusfiles<\/td><\/tr><tr><td>Per la fatturazione:<\/td><td>billing@tusfiles<\/td><\/tr><\/tbody><\/table><\/figure>\n\n\n\n<figure class=\"wp-block-table\"><table class=\"\"><tbody><tr><td>Se un utente ha un problema o una domanda sul sito TusFiles, le caratteristiche e i servizi, allora dovrebbe raggiungere uno qualsiasi dei contatti dei TusFiles di cui sopra. Tutti i contatti TusFiles sono sempre online. Sono sempre disponibili 24 ore su 24, 7 giorni su 7 e sette (7) giorni su 7.<\/td><\/tr><\/tbody><\/table><\/figure>\n\n\n<a class=\"maxbutton-2 maxbutton maxbutton-cta\" target=\"_blank\" rel=\"nofollow noopener\" href=\"\/go\/\"><span class='mb-text'>&gt;&gt; Vai al sito web originale di Linkifier<\/span><\/a>\n\n\n<p><\/p>\n","protected":false},"excerpt":{"rendered":"<p>Panoramica dei TusFiles TusFiles \u00e8 uno dei servizi di hosting sicuro e gratuito per i file. E&#8217; accessibile in tutto<\/p>\n","protected":false},"author":2,"featured_media":0,"parent":0,"menu_order":0,"comment_status":"closed","ping_status":"closed","template":"","meta":[],"yoast_head":"<!-- This site is optimized with the Yoast SEO plugin v18.3 - https:\/\/yoast.com\/wordpress\/plugins\/seo\/ -->\n<title>TusFiles Premium Conto: Il Filehoster In Sintesi<\/title>\n<meta name=\"description\" content=\"TusFiles \u00e8 un fornitore affidabile o no, potete trovare la risposta nel test in corso su Multihoster.org \u279c Cliccate ora \u271a per leggere le nostre esperienze!\" \/>\n<meta name=\"robots\" content=\"index, follow, max-snippet:-1, max-image-preview:large, max-video-preview:-1\" \/>\n<link rel=\"canonical\" href=\"https:\/\/multihoster.org\/it\/tusfiles\/\" \/>\n<meta property=\"og:locale\" content=\"it_IT\" \/>\n<meta property=\"og:type\" content=\"article\" \/>\n<meta property=\"og:title\" content=\"TusFiles Premium Conto: Il Filehoster In Sintesi\" \/>\n<meta property=\"og:description\" content=\"TusFiles \u00e8 un fornitore affidabile o no, potete trovare la risposta nel test in corso su Multihoster.org \u279c Cliccate ora \u271a per leggere le nostre esperienze!\" \/>\n<meta property=\"og:url\" content=\"https:\/\/multihoster.org\/it\/tusfiles\/\" \/>\n<meta property=\"og:site_name\" content=\"Multihoster.org\" \/>\n<meta property=\"article:modified_time\" content=\"2020-04-16T10:15:25+00:00\" \/>\n<meta property=\"og:image\" content=\"https:\/\/lh5.googleusercontent.com\/VhTENL6he9zdRkCtqxyngyJXAG-GUaCUa8ROTiJUAAon7ohctlpp5uCnm4DAJW_yRxhz0Thc2ByUcVr3_gEC7bCDlnPBxDcTWS4EHLx-6pXRxF1bm8XmzhKiPPkmoaUpaxbRwOg\" \/>\n<meta name=\"twitter:card\" content=\"summary\" \/>\n<meta name=\"twitter:label1\" content=\"Tempo di lettura stimato\" \/>\n\t<meta name=\"twitter:data1\" content=\"8 minuti\" \/>\n<script type=\"application\/ld+json\" class=\"yoast-schema-graph\">{\"@context\":\"https:\/\/schema.org\",\"@graph\":[{\"@type\":\"WebSite\",\"@id\":\"https:\/\/multihoster.org\/#website\",\"url\":\"https:\/\/multihoster.org\/\",\"name\":\"Multihoster.org\",\"description\":\"Reviews of the major Filehosting services\",\"potentialAction\":[{\"@type\":\"SearchAction\",\"target\":{\"@type\":\"EntryPoint\",\"urlTemplate\":\"https:\/\/multihoster.org\/?s={search_term_string}\"},\"query-input\":\"required name=search_term_string\"}],\"inLanguage\":\"it-IT\"},{\"@type\":\"ImageObject\",\"@id\":\"https:\/\/multihoster.org\/it\/tusfiles\/#primaryimage\",\"inLanguage\":\"it-IT\",\"url\":\"https:\/\/lh5.googleusercontent.com\/VhTENL6he9zdRkCtqxyngyJXAG-GUaCUa8ROTiJUAAon7ohctlpp5uCnm4DAJW_yRxhz0Thc2ByUcVr3_gEC7bCDlnPBxDcTWS4EHLx-6pXRxF1bm8XmzhKiPPkmoaUpaxbRwOg\",\"contentUrl\":\"https:\/\/lh5.googleusercontent.com\/VhTENL6he9zdRkCtqxyngyJXAG-GUaCUa8ROTiJUAAon7ohctlpp5uCnm4DAJW_yRxhz0Thc2ByUcVr3_gEC7bCDlnPBxDcTWS4EHLx-6pXRxF1bm8XmzhKiPPkmoaUpaxbRwOg\"},{\"@type\":\"WebPage\",\"@id\":\"https:\/\/multihoster.org\/it\/tusfiles\/#webpage\",\"url\":\"https:\/\/multihoster.org\/it\/tusfiles\/\",\"name\":\"TusFiles Premium Conto: Il Filehoster In Sintesi\",\"isPartOf\":{\"@id\":\"https:\/\/multihoster.org\/#website\"},\"primaryImageOfPage\":{\"@id\":\"https:\/\/multihoster.org\/it\/tusfiles\/#primaryimage\"},\"datePublished\":\"2020-04-16T09:00:53+00:00\",\"dateModified\":\"2020-04-16T10:15:25+00:00\",\"description\":\"TusFiles \u00e8 un fornitore affidabile o no, potete trovare la risposta nel test in corso su Multihoster.org \u279c Cliccate ora \u271a per leggere le nostre esperienze!\",\"breadcrumb\":{\"@id\":\"https:\/\/multihoster.org\/it\/tusfiles\/#breadcrumb\"},\"inLanguage\":\"it-IT\",\"potentialAction\":[{\"@type\":\"ReadAction\",\"target\":[\"https:\/\/multihoster.org\/it\/tusfiles\/\"]}]},{\"@type\":\"BreadcrumbList\",\"@id\":\"https:\/\/multihoster.org\/it\/tusfiles\/#breadcrumb\",\"itemListElement\":[{\"@type\":\"ListItem\",\"position\":1,\"name\":\"Startseite\",\"item\":\"https:\/\/multihoster.org\/it\/\"},{\"@type\":\"ListItem\",\"position\":2,\"name\":\"TusFiles Premium Conto: Il Filehoster In Sintesi\"}]}]}<\/script>\n<!-- \/ Yoast SEO plugin. -->","yoast_head_json":{"title":"TusFiles Premium Conto: Il Filehoster In Sintesi","description":"TusFiles \u00e8 un fornitore affidabile o no, potete trovare la risposta nel test in corso su Multihoster.org \u279c Cliccate ora \u271a per leggere le nostre esperienze!","robots":{"index":"index","follow":"follow","max-snippet":"max-snippet:-1","max-image-preview":"max-image-preview:large","max-video-preview":"max-video-preview:-1"},"canonical":"https:\/\/multihoster.org\/it\/tusfiles\/","og_locale":"it_IT","og_type":"article","og_title":"TusFiles Premium Conto: Il Filehoster In Sintesi","og_description":"TusFiles \u00e8 un fornitore affidabile o no, potete trovare la risposta nel test in corso su Multihoster.org \u279c Cliccate ora \u271a per leggere le nostre esperienze!","og_url":"https:\/\/multihoster.org\/it\/tusfiles\/","og_site_name":"Multihoster.org","article_modified_time":"2020-04-16T10:15:25+00:00","og_image":[{"url":"https:\/\/lh5.googleusercontent.com\/VhTENL6he9zdRkCtqxyngyJXAG-GUaCUa8ROTiJUAAon7ohctlpp5uCnm4DAJW_yRxhz0Thc2ByUcVr3_gEC7bCDlnPBxDcTWS4EHLx-6pXRxF1bm8XmzhKiPPkmoaUpaxbRwOg"}],"twitter_card":"summary","twitter_misc":{"Tempo di lettura stimato":"8 minuti"},"schema":{"@context":"https:\/\/schema.org","@graph":[{"@type":"WebSite","@id":"https:\/\/multihoster.org\/#website","url":"https:\/\/multihoster.org\/","name":"Multihoster.org","description":"Reviews of the major Filehosting services","potentialAction":[{"@type":"SearchAction","target":{"@type":"EntryPoint","urlTemplate":"https:\/\/multihoster.org\/?s={search_term_string}"},"query-input":"required name=search_term_string"}],"inLanguage":"it-IT"},{"@type":"ImageObject","@id":"https:\/\/multihoster.org\/it\/tusfiles\/#primaryimage","inLanguage":"it-IT","url":"https:\/\/lh5.googleusercontent.com\/VhTENL6he9zdRkCtqxyngyJXAG-GUaCUa8ROTiJUAAon7ohctlpp5uCnm4DAJW_yRxhz0Thc2ByUcVr3_gEC7bCDlnPBxDcTWS4EHLx-6pXRxF1bm8XmzhKiPPkmoaUpaxbRwOg","contentUrl":"https:\/\/lh5.googleusercontent.com\/VhTENL6he9zdRkCtqxyngyJXAG-GUaCUa8ROTiJUAAon7ohctlpp5uCnm4DAJW_yRxhz0Thc2ByUcVr3_gEC7bCDlnPBxDcTWS4EHLx-6pXRxF1bm8XmzhKiPPkmoaUpaxbRwOg"},{"@type":"WebPage","@id":"https:\/\/multihoster.org\/it\/tusfiles\/#webpage","url":"https:\/\/multihoster.org\/it\/tusfiles\/","name":"TusFiles Premium Conto: Il Filehoster In Sintesi","isPartOf":{"@id":"https:\/\/multihoster.org\/#website"},"primaryImageOfPage":{"@id":"https:\/\/multihoster.org\/it\/tusfiles\/#primaryimage"},"datePublished":"2020-04-16T09:00:53+00:00","dateModified":"2020-04-16T10:15:25+00:00","description":"TusFiles \u00e8 un fornitore affidabile o no, potete trovare la risposta nel test in corso su Multihoster.org \u279c Cliccate ora \u271a per leggere le nostre esperienze!","breadcrumb":{"@id":"https:\/\/multihoster.org\/it\/tusfiles\/#breadcrumb"},"inLanguage":"it-IT","potentialAction":[{"@type":"ReadAction","target":["https:\/\/multihoster.org\/it\/tusfiles\/"]}]},{"@type":"BreadcrumbList","@id":"https:\/\/multihoster.org\/it\/tusfiles\/#breadcrumb","itemListElement":[{"@type":"ListItem","position":1,"name":"Startseite","item":"https:\/\/multihoster.org\/it\/"},{"@type":"ListItem","position":2,"name":"TusFiles Premium Conto: Il Filehoster In Sintesi"}]}]}},"_links":{"self":[{"href":"https:\/\/multihoster.org\/it\/wp-json\/wp\/v2\/pages\/3723"}],"collection":[{"href":"https:\/\/multihoster.org\/it\/wp-json\/wp\/v2\/pages"}],"about":[{"href":"https:\/\/multihoster.org\/it\/wp-json\/wp\/v2\/types\/page"}],"author":[{"embeddable":true,"href":"https:\/\/multihoster.org\/it\/wp-json\/wp\/v2\/users\/2"}],"replies":[{"embeddable":true,"href":"https:\/\/multihoster.org\/it\/wp-json\/wp\/v2\/comments?post=3723"}],"version-history":[{"count":2,"href":"https:\/\/multihoster.org\/it\/wp-json\/wp\/v2\/pages\/3723\/revisions"}],"predecessor-version":[{"id":3742,"href":"https:\/\/multihoster.org\/it\/wp-json\/wp\/v2\/pages\/3723\/revisions\/3742"}],"wp:attachment":[{"href":"https:\/\/multihoster.org\/it\/wp-json\/wp\/v2\/media?parent=3723"}],"curies":[{"name":"wp","href":"https:\/\/api.w.org\/{rel}","templated":true}]}}