{"id":3819,"date":"2020-04-16T14:55:32","date_gmt":"2020-04-16T14:55:32","guid":{"rendered":"https:\/\/multihoster.org\/movshare\/"},"modified":"2020-04-22T15:17:06","modified_gmt":"2020-04-22T15:17:06","slug":"movshare","status":"publish","type":"page","link":"https:\/\/multihoster.org\/it\/movshare\/","title":{"rendered":"Movshare Premium Conto: Il Filehoster In Sintesi"},"content":{"rendered":"\n<div class=\"wp-block-image\"><figure class=\"alignleft is-resized\"><img loading=\"lazy\" src=\"https:\/\/lh3.googleusercontent.com\/MLiKmLZbc9NrvE2Mar1qwpZVlqILKjQk8z9aY5Q2gD-uOg307wXEcHv6KvoJnlW5fNz81gNpaduEG_LoToiN2Lu-b_WBGYb0Jpi9cTEc2-6W4yh0MlLHEvpyG1CXXtOW06IQUAzV\" alt=\"Movshare logo\" width=\"223\" height=\"71\"\/><\/figure><\/div>\n\n\n\n<p>Nell&#8217;era moderna di oggi, spostare e archiviare file di grandi dimensioni non \u00e8 mai stato cos\u00ec facile come prima. Una ricerca rapida su Internet porter\u00e0 a centinaia e migliaia di siti web di file hosting e condivisione e trovare quello giusto che si adatta alle vostre esigenze pu\u00f2 essere complicato. Che sia per uso personale o come backup per i file di grandi dimensioni sui vostri progetti e sul vostro lavoro, un file hoster affidabile pu\u00f2 essere difficile da trovare. Un servizio premium veloce, sicuro e affidabile \u00e8 Movshare. Movshare fornisce servizi di file hosting con un facile accesso su pi\u00f9 dispositivi, utilizzando la tecnologia e i metodi moderni per fornire agli utenti un servizio premium ad una frazione del costo di altri servizi di file hosting.<\/p>\n\n\n<a class=\"maxbutton-2 maxbutton maxbutton-cta\" target=\"_blank\" rel=\"nofollow noopener\" href=\"\/go\/\"><span class='mb-text'>&gt;&gt; Vai al sito web originale di Linkifier<\/span><\/a>\n\n\n<p><\/p>\n\n\n\n<h2>COS&#8217;\u00c8 IL MOVSHARE PREMIUM?<\/h2>\n\n\n\n<p>Movshare \u00e8 un servizio di file hosting affidabile, sicuro e semplice che utilizza il <a href=\"https:\/\/searchstorage.techtarget.com\/definition\/cloud-storage\" target=\"_blank\" rel=\"noreferrer noopener\" aria-label=\"cloud storage (opens in a new tab)\">cloud storage<\/a>, complessi algoritmi di sicurezza e crittografia dei file per fornire ai suoi utenti un servizio rapido e affidabile. L&#8217;iscrizione ad un account Premium vi permetter\u00e0 di usufruire di funzionalit\u00e0 come il caricamento di file e il download di file a velocit\u00e0 illimitata, la sincronizzazione dei file su pi\u00f9 dispositivi come smartphone, computer desktop o laptop e vi permetter\u00e0 anche di condividere i vostri contenuti e media con centinaia di altri utenti in tutto il mondo. Movshare permette inoltre ai suoi utenti di caricare un&#8217;ampia variet\u00e0 di tipi di file come foto, video, musica, file pdf, file zip e molti altri.  Tutto questo \u00e8 fatto con facilit\u00e0 e convenienza e con piani di abbonamento a partire da soli $ 9,99, Movshare \u00e8 uno dei pi\u00f9 economici servizi di file hosting premium che si pu\u00f2 usufruire oggi che fornisce un servizio che rivaleggia anche con i pi\u00f9 popolari siti web di file hosting senza rompere la banca e senza compromettere la sicurezza.<\/p>\n\n\n\n<h2>PERCH\u00c9 AVVALERSI DI UN CONTO PREMIUM MOVSHARE?<\/h2>\n\n\n\n<div class=\"wp-block-image\"><figure class=\"aligncenter\"><img src=\"https:\/\/lh4.googleusercontent.com\/K3gC3IH67GdYYG4EAprfsJp6Z2PlVgnvtVKGspGdO0zsRkUmp4hAJKciX6eG86Brvf-lfby-6dJpkE8G_DNxX2CTTZA88iMs7Q6XOeDX6oqq-JxNedsMYlaRVEWk5S4aLXclDqHP\" alt=\"Cloud sharing for everyone!\"\/><\/figure><\/div>\n\n\n\n<h3>VELOCIT\u00c0 ILLIMITATE<\/h3>\n\n\n\n<p>Tutti gli utenti dell&#8217;account Premium possono scaricare e caricare i file alla massima velocit\u00e0. Ci\u00f2 significa che caricherete e scaricherete i file alla massima velocit\u00e0 consentita dal vostro provider di connessione internet. A differenza degli utenti gratuiti che avranno una <a href=\"https:\/\/techterms.com\/definition\/bandwidth\" target=\"_blank\" rel=\"noreferrer noopener\" aria-label=\"larghezza di banda (opens in a new tab)\">larghezza di banda<\/a> limitata durante il caricamento e il download dei file, essere un utente Premium vi permetter\u00e0 di accedere e condividere facilmente i vostri file senza alcuna restrizione. Una velocit\u00e0 veloce e illimitata significa che puoi fornire, condividere o trasferire contenuti e media pi\u00f9 velocemente della maggior parte degli utenti e ti permette anche di accedere ai contenuti condivisi e memorizzati da altri utenti senza problemi.<\/p>\n\n\n\n<h3>NESSUN TEMPO DI ATTESA<\/h3>\n\n\n\n<p>Gli utenti gratuiti dovranno aspettare e guardare gli annunci prima di poter scaricare dalla vasta libreria di file e contenuti condivisi dagli utenti di Movshare. Anche gli utenti non premium avranno una larghezza di banda limitata da utilizzare e sono a bassa priorit\u00e0 per i download e gli upload. Tuttavia, la registrazione di un account premium vi permetter\u00e0 di accedere istantaneamente a file di grandi dimensioni a piacimento, senza dover gestire gli annunci e aspettare che il download inizi. Potete anche avere un&#8217;alta priorit\u00e0 quando scaricate o caricate i file. Quando pi\u00f9 utenti scaricano lo stesso file, gli utenti premium hanno la massima priorit\u00e0. Gli utenti gratuiti dovranno inoltre attendere 2 ore per scaricare file consecutivi, mentre i titolari di un Account Premium potranno accedere a qualsiasi cosa, in qualsiasi momento e ovunque. Avere un account premium permette di avere pi\u00f9 file da scaricare contemporaneamente, senza l&#8217;inconveniente di dover aspettare prima di scaricare un altro file.<\/p>\n\n\n\n<h3>ARCHIVIAZIONE SICURA DEI FILE<\/h3>\n\n\n\n<p>Movshare fornisce ai suoi utenti una protezione sicura e garantita, tuttavia, gli utenti premium avranno accesso a protocolli e processi pi\u00f9 sicuri nel proteggere i loro file da intenti malevoli. Fornendo agli utenti premium la possibilit\u00e0 di nascondere i file, solo voi e coloro che hanno i <a href=\"https:\/\/www.free-webhosts.com\/definition\/direct-linking.php\" target=\"_blank\" rel=\"noreferrer noopener\" aria-label=\"link diretti  (opens in a new tab)\">link diretti <\/a>ad un determinato file possono accedervi e scaricarlo. Gli altri utenti non potranno cercare i file che avete nascosto nella directory dei file di Movshare. Vi sar\u00e0 anche fornita la possibilit\u00e0 di avere i propri file protetti con una password, aggiungendo cos\u00ec un altro livello di protezione che funziona a fianco del servizio di sicurezza di Movshare. La crittografia premium di Movshare assicura che tutti i file caricati siano protetti e liberi da qualsiasi forma di manipolazione da parte di accessi non autorizzati e illegali.<\/p>\n\n\n\n<h3>LIMITE DI STOCCAGGIO PI\u00d9 ALTO<\/h3>\n\n\n\n<p>Utilizzando il cloud storage di Movshare, tutti gli utenti gratuiti possono avere fino a 10gb di spazio libero. D&#8217;altra parte, quando si utilizza il servizio premium account, si ha a disposizione fino a 100gb di spazio di archiviazione. Questo storage \u00e8 ottimizzato per file di grandi dimensioni come video, progetti o qualsiasi altro contenuto. In combinazione con una velocit\u00e0 di download e upload illimitata, il limite di storage pi\u00f9 alto vi permetter\u00e0 di utilizzarlo da soli senza problemi ed eccezioni. Un flessibile aumento del limite di storage vi sar\u00e0 fornito anche quando sceglierete di essere un utente premium, al fine di soddisfare le vostre esigenze di storage veloce e sicuro. Anche il caricamento \u00e8 limitato a 1gb per gli utenti free, ma come utente premium, \u00e8 possibile caricare fino a 4gb per file sui server cloud.<\/p>\n\n\n<a class=\"maxbutton-2 maxbutton maxbutton-cta\" target=\"_blank\" rel=\"nofollow noopener\" href=\"\/go\/\"><span class='mb-text'>&gt;&gt; Vai al sito web originale di Linkifier<\/span><\/a>\n\n\n<h3>SINCRONIZZAZIONE FILE<\/h3>\n\n\n\n<p>La sincronizzazione dei file vi permetter\u00e0 di accedere ai vostri file in qualsiasi momento e ovunque, purch\u00e9 sia collegato a Internet. Sia che si tratti del vostro personal computer, di un dispositivo Android o iOS, di un portatile o del vostro computer al lavoro, Movshare assicura sempre la sincronizzazione di tutti i file che avete caricato sui vostri dispositivi. Ci\u00f2 significa che qualsiasi modifica a un file (come la modifica di documenti su un programma di foglio di calcolo) sar\u00e0 la stessa su tutti i dispositivi collegati. Questo significa anche che avrete meno tempo per trasferire i file da diversi dispositivi, poich\u00e9 l&#8217;aggiornamento avviene quasi in tempo reale.<\/p>\n\n\n\n<h3>SOSTEGNO 24 ORE SU 24, 7 GIORNI SU 7<\/h3>\n\n\n\n<p>Il team di supporto di Movshare \u00e8 sempre raggiungibile in caso di problemi. Che si tratti di problemi di accesso al proprio account, di errori nel caricamento e nel download dei file o semplicemente di domande generali sui servizi e gli strumenti forniti da Movshare, gli utenti possono raggiungere il team di supporto e ottenere una risposta alla loro richiesta in poco tempo. In qualit\u00e0 di utente premium, l&#8217;utente avr\u00e0 una priorit\u00e0 pi\u00f9 alta nella coda e potr\u00e0 chattare con il team di supporto in tempo reale nel caso in cui decida di farlo.<\/p>\n\n\n\n<h2>L&#8217;ABBONAMENTO AL SERVIZIO PREMIUM ECONOMICO DI MOVSHARE<\/h2>\n\n\n\n<p>Movshare \u00e8 tra i servizi di file hosting pi\u00f9 economici di cui si pu\u00f2 usufruire oggi. I loro account premium hanno tonnellate di benefici e vantaggi rispetto agli utenti gratuiti. Una buona parte dei metodi di pagamento vi saranno forniti nel caso in cui scegliate di usufruire del servizio Premium Account di Movshare. Rispetto ad altri servizi di file hosting su internet, l&#8217;abbonamento di Movshare \u00e8 flessibile e soprattutto economico. Questo senza compromettere la qualit\u00e0 e la sicurezza che Movshare fornisce ai suoi utenti. Per soli 9,99 dollari, \u00e8 possibile iniziare a godere dei vantaggi premium per 30 giorni. Nel caso in cui abbiate bisogno di piani di archiviazione pi\u00f9 lunghi, sono disponibili diverse opzioni per soddisfare le vostre esigenze. Con una serie di scelte nei piani di abbonamento, chiunque pu\u00f2 usufruire dei servizi premium in modo conveniente. Altri servizi di file hosting vi faranno pagare di pi\u00f9 per quasi le stesse caratteristiche che Movshare pu\u00f2 fornire meglio. Disporre di un account premium per godere di tutti i convenienti vantaggi a vostra disposizione non \u00e8 mai stato cos\u00ec facile.<\/p>\n\n\n\n<h2>COME USUFRUIRE DI UN CONTO PREMIUM MOVSHARE?<\/h2>\n\n\n\n<p>Un link di reindirizzamento alla pagina di registrazione si trova sulla pagina web di Movshare. Progettato per essere veloce, efficiente e facile da usare per chiunque, tutte le istruzioni fornite alla pagina web permettono a chiunque sia interessato ad utilizzare un account premium di registrarsi senza problemi. Basta compilare le informazioni richieste, scegliere la durata dell&#8217;abbonamento scelto e si verr\u00e0 reindirizzati alla pagina di pagamento sicuro. Selezionate il vostro pagamento e attendete l&#8217;e-mail di conferma inviatavi e inserite il codice di sicurezza una volta effettuato il login e sarete pronti a godere dei vantaggi premium di Movshare.<\/p>\n\n\n\n<h2>I PIANI DI ABBONAMENTO DI MOVSHARE<\/h2>\n\n\n\n<p>Una prova premium di 3 giorni \u00e8 disponibile gratuitamente per gli utenti. Questo include la maggior parte dei vantaggi di essere un utente premium, tuttavia, avranno 15 giorni di tempo prima che qualsiasi file, documento o supporto caricato venga cancellato. Tutti gli utenti premium avranno la possibilit\u00e0 di mantenere i loro file memorizzati per sempre nei nostri server cloud. Se si sceglie un abbonamento pi\u00f9 lungo, sono previsti sconti per i nuovi utenti. L&#8217;iscrizione consecutiva al servizio premium di Movshare vi permetter\u00e0 anche di godere di questi sconti, e gli abbonati che ritornano sono i benvenuti. \u00c8 possibile usufruire di uno sconto fino al 20% quando si utilizza il servizio premium per 12 mesi. I piani premium di Movshare sono i seguenti:<\/p>\n\n\n\n<figure class=\"wp-block-table\"><table class=\"\"><tbody><tr><td>DURATA<\/td><td>PREZZO<\/td><\/tr><tr><td>3 GIORNI PREMIUM<\/td><td>PROVA GRATUITA <\/td><\/tr><tr><td>30 GIORNI PREMIUM<\/td><td>$9.99  <\/td><\/tr><tr><td>60 GIORNI PREMIUM<\/td><td>$18.99  <\/td><\/tr><tr><td>90 GIORNI PREMIUM<\/td><td>$24.99&nbsp;&nbsp;<\/td><\/tr><tr><td>180 GIORNI PREMIUM<\/td><td>$49.99<\/td><\/tr><tr><td>1 ANNO PREMIUM<\/td><td>$99.99<\/td><\/tr><\/tbody><\/table><\/figure>\n\n\n\n<figure class=\"wp-block-table\"><table class=\"\"><tbody><tr><td>ATTRIBUTI<\/td><td>GRATIS <\/td><td>PREMIUM<\/td><\/tr><tr><td>Limite di scaricamento\/caricamento<\/td><td>1 file alla volta<\/td><td>Nessun limite<\/td><\/tr><tr><td>Tempo di attesa per il download<\/td><td>2 ore<\/td><td>Nessun limite<\/td><\/tr><tr><td>Assegnazione della velocit\u00e0 e della larghezza di banda<\/td><td>Limitata<\/td><td>Illimitato<\/td><\/tr><tr><td>Durata del file<\/td><td>15 giorni<\/td><td>Illimitato<\/td><\/tr><tr><td>Priorit\u00e0 in coda<\/td><td>Basso<\/td><td>Massimo<\/td><\/tr><\/tbody><\/table><\/figure>\n\n\n\n<p>Movshare dispone di un&#8217;ampia gamma di metodi di pagamento, che consentono di usufruire degli ampi vantaggi di essere un utente premium a proprio piacimento. La maggior parte delle carte di credito sono accettate, come Visa, Mastercard e American Express. \u00c8 disponibile anche il pagamento online tramite Paypal. Sono disponibili diversi altri metodi di pagamento se li trovate pi\u00f9 convenienti. Movshare garantisce che tutti i metodi di pagamento siano sicuri e protetti.<\/p>\n\n\n\n<div class=\"wp-block-image\"><figure class=\"aligncenter\"><img src=\"https:\/\/lh6.googleusercontent.com\/fzpCdnSsd7rxMxNU1fvvym8MRZgAihM7rvWUXa__J5MIDsaBK3XVYFX6RWAQXNFYM_AauM22kaDp-2_wSJq-xLqFDwUBDin6AvBVFOE_E1VRRNb5bm3nbSYjmPHrRseaOuxK6Xxn\" alt=\"Movshare Payment Methods\"\/><\/figure><\/div>\n\n\n\n<h2>PRIVACY E SICUREZZA DELL&#8217;UTENTE<\/h2>\n\n\n\n<p>Le informazioni condivise dall&#8217;utente premium, come i dati personali, i numeri di contatto, le password e i file caricati, vengono memorizzati e protetti con una complessa crittografia. Sono implementati vari livelli di sicurezza per impedire l&#8217;accesso non autorizzato ai file e ai media memorizzati. \u00c8 la massima priorit\u00e0 di Movshare garantire che tutti i dati caricati sui propri server cloud siano sempre protetti. Un attento e meticoloso monitoraggio delle attivit\u00e0 sospette viene sempre mantenuto da ingegneri e specialisti per ottenere un servizio di alto livello per i suoi utenti.<\/p>\n\n\n<a class=\"maxbutton-2 maxbutton maxbutton-cta\" target=\"_blank\" rel=\"nofollow noopener\" href=\"\/go\/\"><span class='mb-text'>&gt;&gt; Vai al sito web originale di Linkifier<\/span><\/a>","protected":false},"excerpt":{"rendered":"<p>Nell&#8217;era moderna di oggi, spostare e archiviare file di grandi dimensioni non \u00e8 mai stato cos\u00ec facile come prima. Una<\/p>\n","protected":false},"author":2,"featured_media":0,"parent":0,"menu_order":0,"comment_status":"closed","ping_status":"closed","template":"","meta":[],"yoast_head":"<!-- This site is optimized with the Yoast SEO plugin v18.3 - https:\/\/yoast.com\/wordpress\/plugins\/seo\/ -->\n<title>Movshare Premium Conto \u2013 Il Filehoster In Sintesi<\/title>\n<meta name=\"description\" content=\"Se Movshare \u00e8 un fornitore affidabile o no, potete trovare la risposta nel test in corso su Multihoster.org \u279c Cliccate ora \u271a per leggere le nostre esperienze!\" \/>\n<meta name=\"robots\" content=\"index, follow, max-snippet:-1, max-image-preview:large, max-video-preview:-1\" \/>\n<link rel=\"canonical\" href=\"https:\/\/multihoster.org\/it\/movshare\/\" \/>\n<meta property=\"og:locale\" content=\"it_IT\" \/>\n<meta property=\"og:type\" content=\"article\" \/>\n<meta property=\"og:title\" content=\"Movshare Premium Conto \u2013 Il Filehoster In Sintesi\" \/>\n<meta property=\"og:description\" content=\"Se Movshare \u00e8 un fornitore affidabile o no, potete trovare la risposta nel test in corso su Multihoster.org \u279c Cliccate ora \u271a per leggere le nostre esperienze!\" \/>\n<meta property=\"og:url\" content=\"https:\/\/multihoster.org\/it\/movshare\/\" \/>\n<meta property=\"og:site_name\" content=\"Multihoster.org\" \/>\n<meta property=\"article:modified_time\" content=\"2020-04-22T15:17:06+00:00\" \/>\n<meta property=\"og:image\" content=\"https:\/\/lh3.googleusercontent.com\/MLiKmLZbc9NrvE2Mar1qwpZVlqILKjQk8z9aY5Q2gD-uOg307wXEcHv6KvoJnlW5fNz81gNpaduEG_LoToiN2Lu-b_WBGYb0Jpi9cTEc2-6W4yh0MlLHEvpyG1CXXtOW06IQUAzV\" \/>\n<meta name=\"twitter:card\" content=\"summary\" \/>\n<meta name=\"twitter:label1\" content=\"Tempo di lettura stimato\" \/>\n\t<meta name=\"twitter:data1\" content=\"8 minuti\" \/>\n<script type=\"application\/ld+json\" class=\"yoast-schema-graph\">{\"@context\":\"https:\/\/schema.org\",\"@graph\":[{\"@type\":\"WebSite\",\"@id\":\"https:\/\/multihoster.org\/#website\",\"url\":\"https:\/\/multihoster.org\/\",\"name\":\"Multihoster.org\",\"description\":\"Reviews of the major Filehosting services\",\"potentialAction\":[{\"@type\":\"SearchAction\",\"target\":{\"@type\":\"EntryPoint\",\"urlTemplate\":\"https:\/\/multihoster.org\/?s={search_term_string}\"},\"query-input\":\"required name=search_term_string\"}],\"inLanguage\":\"it-IT\"},{\"@type\":\"ImageObject\",\"@id\":\"https:\/\/multihoster.org\/it\/movshare\/#primaryimage\",\"inLanguage\":\"it-IT\",\"url\":\"https:\/\/lh3.googleusercontent.com\/MLiKmLZbc9NrvE2Mar1qwpZVlqILKjQk8z9aY5Q2gD-uOg307wXEcHv6KvoJnlW5fNz81gNpaduEG_LoToiN2Lu-b_WBGYb0Jpi9cTEc2-6W4yh0MlLHEvpyG1CXXtOW06IQUAzV\",\"contentUrl\":\"https:\/\/lh3.googleusercontent.com\/MLiKmLZbc9NrvE2Mar1qwpZVlqILKjQk8z9aY5Q2gD-uOg307wXEcHv6KvoJnlW5fNz81gNpaduEG_LoToiN2Lu-b_WBGYb0Jpi9cTEc2-6W4yh0MlLHEvpyG1CXXtOW06IQUAzV\"},{\"@type\":\"WebPage\",\"@id\":\"https:\/\/multihoster.org\/it\/movshare\/#webpage\",\"url\":\"https:\/\/multihoster.org\/it\/movshare\/\",\"name\":\"Movshare Premium Conto \u2013 Il Filehoster In Sintesi\",\"isPartOf\":{\"@id\":\"https:\/\/multihoster.org\/#website\"},\"primaryImageOfPage\":{\"@id\":\"https:\/\/multihoster.org\/it\/movshare\/#primaryimage\"},\"datePublished\":\"2020-04-16T14:55:32+00:00\",\"dateModified\":\"2020-04-22T15:17:06+00:00\",\"description\":\"Se Movshare \u00e8 un fornitore affidabile o no, potete trovare la risposta nel test in corso su Multihoster.org \u279c Cliccate ora \u271a per leggere le nostre esperienze!\",\"breadcrumb\":{\"@id\":\"https:\/\/multihoster.org\/it\/movshare\/#breadcrumb\"},\"inLanguage\":\"it-IT\",\"potentialAction\":[{\"@type\":\"ReadAction\",\"target\":[\"https:\/\/multihoster.org\/it\/movshare\/\"]}]},{\"@type\":\"BreadcrumbList\",\"@id\":\"https:\/\/multihoster.org\/it\/movshare\/#breadcrumb\",\"itemListElement\":[{\"@type\":\"ListItem\",\"position\":1,\"name\":\"Startseite\",\"item\":\"https:\/\/multihoster.org\/it\/\"},{\"@type\":\"ListItem\",\"position\":2,\"name\":\"Movshare Premium Conto: Il Filehoster In Sintesi\"}]}]}<\/script>\n<!-- \/ Yoast SEO plugin. -->","yoast_head_json":{"title":"Movshare Premium Conto \u2013 Il Filehoster In Sintesi","description":"Se Movshare \u00e8 un fornitore affidabile o no, potete trovare la risposta nel test in corso su Multihoster.org \u279c Cliccate ora \u271a per leggere le nostre esperienze!","robots":{"index":"index","follow":"follow","max-snippet":"max-snippet:-1","max-image-preview":"max-image-preview:large","max-video-preview":"max-video-preview:-1"},"canonical":"https:\/\/multihoster.org\/it\/movshare\/","og_locale":"it_IT","og_type":"article","og_title":"Movshare Premium Conto \u2013 Il Filehoster In Sintesi","og_description":"Se Movshare \u00e8 un fornitore affidabile o no, potete trovare la risposta nel test in corso su Multihoster.org \u279c Cliccate ora \u271a per leggere le nostre esperienze!","og_url":"https:\/\/multihoster.org\/it\/movshare\/","og_site_name":"Multihoster.org","article_modified_time":"2020-04-22T15:17:06+00:00","og_image":[{"url":"https:\/\/lh3.googleusercontent.com\/MLiKmLZbc9NrvE2Mar1qwpZVlqILKjQk8z9aY5Q2gD-uOg307wXEcHv6KvoJnlW5fNz81gNpaduEG_LoToiN2Lu-b_WBGYb0Jpi9cTEc2-6W4yh0MlLHEvpyG1CXXtOW06IQUAzV"}],"twitter_card":"summary","twitter_misc":{"Tempo di lettura stimato":"8 minuti"},"schema":{"@context":"https:\/\/schema.org","@graph":[{"@type":"WebSite","@id":"https:\/\/multihoster.org\/#website","url":"https:\/\/multihoster.org\/","name":"Multihoster.org","description":"Reviews of the major Filehosting services","potentialAction":[{"@type":"SearchAction","target":{"@type":"EntryPoint","urlTemplate":"https:\/\/multihoster.org\/?s={search_term_string}"},"query-input":"required name=search_term_string"}],"inLanguage":"it-IT"},{"@type":"ImageObject","@id":"https:\/\/multihoster.org\/it\/movshare\/#primaryimage","inLanguage":"it-IT","url":"https:\/\/lh3.googleusercontent.com\/MLiKmLZbc9NrvE2Mar1qwpZVlqILKjQk8z9aY5Q2gD-uOg307wXEcHv6KvoJnlW5fNz81gNpaduEG_LoToiN2Lu-b_WBGYb0Jpi9cTEc2-6W4yh0MlLHEvpyG1CXXtOW06IQUAzV","contentUrl":"https:\/\/lh3.googleusercontent.com\/MLiKmLZbc9NrvE2Mar1qwpZVlqILKjQk8z9aY5Q2gD-uOg307wXEcHv6KvoJnlW5fNz81gNpaduEG_LoToiN2Lu-b_WBGYb0Jpi9cTEc2-6W4yh0MlLHEvpyG1CXXtOW06IQUAzV"},{"@type":"WebPage","@id":"https:\/\/multihoster.org\/it\/movshare\/#webpage","url":"https:\/\/multihoster.org\/it\/movshare\/","name":"Movshare Premium Conto \u2013 Il Filehoster In Sintesi","isPartOf":{"@id":"https:\/\/multihoster.org\/#website"},"primaryImageOfPage":{"@id":"https:\/\/multihoster.org\/it\/movshare\/#primaryimage"},"datePublished":"2020-04-16T14:55:32+00:00","dateModified":"2020-04-22T15:17:06+00:00","description":"Se Movshare \u00e8 un fornitore affidabile o no, potete trovare la risposta nel test in corso su Multihoster.org \u279c Cliccate ora \u271a per leggere le nostre esperienze!","breadcrumb":{"@id":"https:\/\/multihoster.org\/it\/movshare\/#breadcrumb"},"inLanguage":"it-IT","potentialAction":[{"@type":"ReadAction","target":["https:\/\/multihoster.org\/it\/movshare\/"]}]},{"@type":"BreadcrumbList","@id":"https:\/\/multihoster.org\/it\/movshare\/#breadcrumb","itemListElement":[{"@type":"ListItem","position":1,"name":"Startseite","item":"https:\/\/multihoster.org\/it\/"},{"@type":"ListItem","position":2,"name":"Movshare Premium Conto: Il Filehoster In Sintesi"}]}]}},"_links":{"self":[{"href":"https:\/\/multihoster.org\/it\/wp-json\/wp\/v2\/pages\/3819"}],"collection":[{"href":"https:\/\/multihoster.org\/it\/wp-json\/wp\/v2\/pages"}],"about":[{"href":"https:\/\/multihoster.org\/it\/wp-json\/wp\/v2\/types\/page"}],"author":[{"embeddable":true,"href":"https:\/\/multihoster.org\/it\/wp-json\/wp\/v2\/users\/2"}],"replies":[{"embeddable":true,"href":"https:\/\/multihoster.org\/it\/wp-json\/wp\/v2\/comments?post=3819"}],"version-history":[{"count":3,"href":"https:\/\/multihoster.org\/it\/wp-json\/wp\/v2\/pages\/3819\/revisions"}],"predecessor-version":[{"id":4310,"href":"https:\/\/multihoster.org\/it\/wp-json\/wp\/v2\/pages\/3819\/revisions\/4310"}],"wp:attachment":[{"href":"https:\/\/multihoster.org\/it\/wp-json\/wp\/v2\/media?parent=3819"}],"curies":[{"name":"wp","href":"https:\/\/api.w.org\/{rel}","templated":true}]}}