{"id":3856,"date":"2020-04-16T15:50:54","date_gmt":"2020-04-16T15:50:54","guid":{"rendered":"https:\/\/multihoster.org\/filesmonster\/"},"modified":"2020-12-14T18:55:05","modified_gmt":"2020-12-14T18:55:05","slug":"filesmonster","status":"publish","type":"page","link":"https:\/\/multihoster.org\/it\/filesmonster\/","title":{"rendered":"FilesMonster Premium Conto: Il Filehoster In Sintesi"},"content":{"rendered":"\n<figure class=\"wp-block-image\"><img src=\"https:\/\/lh4.googleusercontent.com\/mVWw15q9QtKDEJl6FY8p7PpoGD8y25cfV1zvM8rwNmbdQ1_g3JR0-LND1TBArjU2VehVrsqaTU1WmepskQnN-N6W0DPIr9lqtZkmPkWw7-dRzoPOCHRGXwpTURs7h7is9TTHoi4\" alt=\"Filesmonster Logo, Filesmonster Premium\"\/><\/figure>\n\n\n<a class=\"maxbutton-2 maxbutton maxbutton-cta\" target=\"_blank\" rel=\"nofollow noopener\" href=\"\/filesmonster\/goto\/\"><span class='mb-text'>&gt;&gt; Vai al sito web originale di Filesmonster<\/span><\/a>\n\n\n<p><\/p>\n\n\n\n<p>La conservazione dei file \u00e8 un must, soprattutto se la vostra attivit\u00e0 \u00e8 pi\u00f9 orientata al multimediale. Portare una memoria fisica esterna \u00e8 una seccatura e devi collegare il tuo dispositivo a un computer solo per accedere ai tuoi file quando vuoi. Una soluzione praticabile \u00e8 quella di archiviare i vostri file online. Ci sono molti servizi di archiviazione online, ma non si pu\u00f2 mai essere sicuri della sicurezza dei propri file multimediali. Per non parlare del fatto che \u00e8 molto costoso e pu\u00f2 costare diverse centinaia di dollari al mese.<\/p>\n\n\n\n<p>Filesmonster, tuttavia, pu\u00f2 sostanzialmente fornire qualsiasi soluzione di archiviazione online premium, ma con un cloud senza problemi e tariffe pi\u00f9 economiche rispetto al tradizionale servizio di archiviazione online. I servizi offerti sono di prim&#8217;ordine ed \u00e8 inoltre possibile aggiornare i servizi avvalendosi di un account Premium di Filesmonster. L&#8217;account Premium offre anche servizi aggiuntivi che possono aiutarvi a organizzare tutti i file e i documenti relativi al vostro lavoro.  Filesmonster Premium offre anche un modo per godere della sua vasta libreria di contenuti e media online attraverso una partnership con diversi servizi di streaming di alta qualit\u00e0.<\/p>\n\n\n\n<h2>Che cos&#8217;\u00e8 Filesmonster?<\/h2>\n\n\n\n<p>Filesmonster \u00e8 un servizio di file hosting online che offre ai suoi clienti un servizio di archiviazione pi\u00f9 economico e un facile accesso a qualsiasi vostra roba e media, purch\u00e9 siate connessi a internet. Filesmonster pone inoltre l&#8217;accento sulla sicurezza dei file e si assicura sempre che le sue <a rel=\"noreferrer noopener\" aria-label=\"nuvole  (opens in a new tab)\" href=\"https:\/\/searchstorage.techtarget.com\/definition\/cloud-storage\" target=\"_blank\">nuvole <\/a>siano tutte prive di virus e non esposte a furti e plagi. Hanno anche altri vantaggi disponibili se si utilizza il loro economico account Premium di Filesmonster. Attraverso questo servizio, si ha diritto ad altre caratteristiche come download pi\u00f9 veloci, maggiore spazio di archiviazione e limite di download illimitato. L&#8217;account FIlesmonster Premium \u00e8 uno degli abbonamenti pi\u00f9 economici disponibili per l&#8217;hosting di file premium, poich\u00e9 vi coster\u00e0 solo circa 15 dollari al mese. Altri servizi premium possono costare fino a qualche centinaio di dollari, mentre altri possono costare quasi mille a seconda che il servizio di file hosting sia un sito web popolare. Anche se il Filesmonster Premium offre la stessa qualit\u00e0 di servizio degli altri servizi pi\u00f9 conosciuti, il Filesmonster Premium costa molto meno. Questo \u00e8 perfetto se si \u00e8 appena avviato un piccolo business che richiede la gestione e l&#8217;accesso ai file digitali in qualsiasi momento. Offre anche protezione da <a rel=\"noreferrer noopener\" aria-label=\"malwares (opens in a new tab)\" href=\"https:\/\/www.malwarebytes.com\/malware\/\" target=\"_blank\">malwares<\/a>, pop-up e altri annunci fastidiosi. Il Filesmonster Premium assicura anche che tutti i vostri download provengano da siti web partner, quindi la legalit\u00e0 non \u00e8 un problema. Scaricate, memorizzate e conservate i vostri file senza preoccupazioni quando vi avvalete di un account Filesmonster Premium.<\/p>\n\n\n\n<h2>Caratteristiche e servizi Premium Filesmonster<\/h2>\n\n\n\n<p>L&#8217;utilizzo di un account FIlesmonster Premium vi permette di usufruire di servizi aggiuntivi e di un notevole upgrade del servizio gratuito.<\/p>\n\n\n\n<figure class=\"wp-block-image\"><img src=\"https:\/\/lh5.googleusercontent.com\/cf15g2mKcENrXzNWavHcm_QtZ6dSGqKvIBATm1dBE0Q8-cVW-iGBE7VIn4WcE1dOxUWkwrzlZ-xwCz60bBWDouXvXNSp2fuodEuXMeTkEaLS65V2TdWKMoz56oyz2nIj0CxVT0Y\" alt=\"Filesmonster Premium features\"\/><\/figure>\n\n\n\n<h3>Download pi\u00f9 veloce<\/h3>\n\n\n\n<p>Il Filesmonster Premium aggiunge pi\u00f9 larghezza di banda ai vostri download. La velocit\u00e0 media di download per i servizi di file hosting \u00e8 di circa 8-15 Mbps. Questo \u00e8 decente se si intende memorizzare solo file di piccole dimensioni come immagini, documenti e file audio, ma quando si tratta di file pi\u00f9 grandi come video o film, applicazioni di grandi dimensioni e un intero database di backup questa velocit\u00e0 di download sar\u00e0 carente. Il FIlesmonster Premium ha una velocit\u00e0 di download illimitata. Questa velocit\u00e0 \u00e8 perfetta per i file molto grandi come i video che state modificando o le grandi applicazioni. Oppure si pu\u00f2 semplicemente utilizzare questa velocit\u00e0 per scaricare media come film di alta qualit\u00e0 e file audio disponibili sui siti web dei loro partner e servizi di streaming.<\/p>\n\n\n\n<h3>Streaming dei media<\/h3>\n\n\n\n<p>Il Filesmonster Premium non \u00e8 solo un servizio di archiviazione online, ma \u00e8 anche un sito web di streaming in anteprima. Con un account FIlesmonster Premium, potrete godere di migliaia di file multimediali gratuiti di alta qualit\u00e0. I loro siti partner di streaming forniscono l&#8217;accesso a film e altri tipi di media di cui potrete godere. Avete anche la possibilit\u00e0 di scaricare questi media e il suo 100% legale. Goditi una vasta libreria di media premium con un account Filesmonster Premium.<\/p>\n\n\n\n<h3>Downloads Resumable<\/h3>\n\n\n\n<p>Non \u00e8 una seccatura se stai scaricando un file e poi devi improvvisamente partire per una commissione. Non si pu\u00f2 semplicemente lasciare aperto il proprio pc di lavoro e altri servizi non consentono di scaricare i file. Dovete ripetere il download di nuovo dall&#8217;inizio. Per non parlare del fatto che alcuni file di grandi dimensioni hanno il potenziale di essere corrotti se messi in pausa per un lungo periodo di tempo. Il Filesmonster Premium ha risolto questo problema consentendo i download riassicurabili per i vostri file. Mettere in pausa un download di file e continuare il download in un secondo momento, il Filesmonster Premium permette di accedere senza problemi ai vostri download di file quando e dove volete.<\/p>\n\n\n<a class=\"maxbutton-2 maxbutton maxbutton-cta\" target=\"_blank\" rel=\"nofollow noopener\" href=\"\/filesmonster\/goto\/\"><span class='mb-text'>&gt;&gt; Vai al sito web originale di Filesmonster<\/span><\/a>\n\n\n<p><\/p>\n\n\n\n<h3>Download istantaneo<\/h3>\n\n\n\n<p>Un account gratuito deve attendere alcuni secondi prima di iniziare il download. Questo perch\u00e9 gli utenti gratuiti hanno meno priorit\u00e0 al traffico di rete rispetto a un account Premium di Filesmonster. Se si ha fretta, questo tempo di attesa potrebbe essere la causa di un ritardo e di una grande perdita di tempo. L&#8217;utilizzo di un FIlesmonster Premium elimina questa restrizione. Potete avviare istantaneamente il vostro download nel momento in cui cliccate sul pulsante. Il servizio perfetto per i creatori di contenuti sempre in movimento.<\/p>\n\n\n\n<h3>Scarica Manager<\/h3>\n\n\n\n<p>Non essere in grado di monitorare i download dei file \u00e8 molto fastidioso. Non hai modo di conoscere lo stato del tuo download a meno che non sia finito. Tuttavia, con un account Premium di Filesmonster, potete utilizzare il loro innovativo strumento, il FIlesmonster Download Manager. Con il Download Manager, \u00e8 possibile ordinare tutti i download esistenti. Potete vedere lo stato in tempo reale dei vostri file e permette anche un modo pi\u00f9 semplice di gestire i vostri file. Il Download Manager vi mostra quanto avete gi\u00e0 scaricato. Mostra anche il tempo stimato prima di finire il download dei file. Il Download Manager di Filesmonster vi permette anche di impostare a quale file darete la priorit\u00e0 per finire il download. Lo strumento perfetto per gestire i vostri download di file anche se siete in movimento.<\/p>\n\n\n\n<h3>Scaricare pi\u00f9 file<\/h3>\n\n\n\n<p>Quando si ha fretta \u00e8 molto frustrante poter scaricare un solo file. Altri servizi di file hosting limitano i propri utenti al solo download di un singolo file per ridurre il traffico di rete. D&#8217;altra parte, un account Premium di Filesmonster consente di accedere a pi\u00f9 file contemporaneamente. \u00c8 possibile scaricare liberamente file multimediali e documenti, a condizione che la connessione internet sia in grado di gestire il traffico dati. I creatori di siti web che devono costantemente accedere alle loro risorse e ai file digitali possono scaricare facilmente tutti i file di cui hanno bisogno.<\/p>\n\n\n\n<h3>Scaricamento di file non elaborati<\/h3>\n\n\n\n<p><a rel=\"noreferrer noopener\" aria-label=\"L'archiviazione  (opens in a new tab)\" href=\"https:\/\/searchdatabackup.techtarget.com\/definition\/data-archiving\" target=\"_blank\">L&#8217;archiviazione <\/a>\u00e8 comunemente effettuata dai servizi di file hosting per ridurre il traffico sulla rete. Tuttavia, il Filesmonster Premium consente di scaricare solo i file completi. Poich\u00e9 l&#8217;archiviazione ha la possibilit\u00e0 di corrompere i file, il Filesmonster Premium si assicura che tutti i file scaricati siano ancora intatti nel momento in cui si termina il download.<\/p>\n\n\n\n<h2>Filemonster Premium Account: Come ottenere il proprio?<\/h2>\n\n\n\n<p>Per usufruire di tutti questi fantastici servizi, dovrai utilizzare un account Premium di Filesmonster. I passaggi sono molto facili e veloci. Basta andare sul loro sito web e seguire la pagina Premium. Compila tutte le informazioni richieste e sarai reindirizzato alla finestra di pagamento. Potete scegliere per quanto tempo usufruire del servizio FIlesmonster Premium. Offrono anche una versione di prova per 2 giorni, in modo da poter decidere se continuare ad utilizzare il servizio Premium. I pacchetti sono i seguenti:<\/p>\n\n\n\n<figure class=\"wp-block-table\"><table><tbody><tr><td>DURATA<\/td><td>PREZZO<\/td><\/tr><tr><td>2 giorni<\/td><td>Prova<\/td><\/tr><tr><td>15 giorni<\/td><td>$12.00<\/td><\/tr><tr><td>1 mese<\/td><td>$17.00<\/td><\/tr><tr><td>3 mesi<\/td><td>$37.00<\/td><\/tr><tr><td>6 mesi<\/td><td>$66.00<\/td><\/tr><tr><td>1 anno<\/td><td>$116.00<\/td><\/tr><\/tbody><\/table><\/figure>\n\n\n\n<p>Come potete vedere il Filesmonster Premium offre uno sconto per il periodo pi\u00f9 lungo che scegliete di utilizzare. Il pacchetto di 1 anno pu\u00f2 letteralmente farvi risparmiare fino al 50%. Ma se non siete ancora pronti ad usufruire di un periodo cos\u00ec lungo, potete scegliere il pacchetto che preferite. Il pacchetto di 1 mese \u00e8 consigliabile per singoli progetti e il pacchetto di 6 mesi va bene per motivi di lavoro.<\/p>\n\n\n\n<figure class=\"wp-block-image\"><img src=\"https:\/\/lh3.googleusercontent.com\/_-N1WSd2sWsJUFiEMan-2e9yX0uRDUCET1Vis37Oavn7Ot3p6NMDHlQcBrYxi5Y6uUn8-4-oGyUOeOuBiCkFCyHyiBTr8iJECLDGHbHKsdrFePIffG4mok16YlMEZAErY0kaIs4\" alt=\"Filesmonster Premium payment methods\"\/><\/figure>\n\n\n\n<p>Il Filesmonster Premium ha metodi di pagamento flessibili. Puoi scegliere di pagare con VISA, MasterCard o Maestro. Accettano anche pagamenti tramite Bitcoins. Tieni presente che offrono un ulteriore 10% di sconto agli utenti Bitcoin, quindi se hai un fondo esistente su Bitcoin allora questo \u00e8 molto consigliabile. Ci sono anche altri siti di vendita al dettaglio premium che offrono altri modi per acquistare il servizio premium FIlesmonster e alcuni altri offrono anche sconti. Avete la libert\u00e0 di scegliere il metodo di pagamento pi\u00f9 desiderabile per voi.<\/p>\n\n\n\n<h2>Filesmonster Premium \u00e8 legale?<\/h2>\n\n\n\n<p>Il Filesmonster Premium \u00e8 sicuramente LEGALE. Tutti i media e i servizi di streaming che il sito web offre sono tutti provenienti dai siti web partner e dai provider di streaming. \u00c8 possibile scaricare tutti i contenuti che si desidera senza preoccuparsi, perch\u00e9 tutti i contenuti sono concessi in licenza e hanno il permesso dei loro legittimi proprietari.<\/p>\n\n\n\n<h2>Filesmonster Premium \u00e8 sicuro?<\/h2>\n\n\n\n<p>Il Filesmonster Premium \u00e8 sicuro al 100%. Il fornitore di servizi di file hosting controlla e si assicura che il sito web sia sempre libero da fastidiosi annunci, malwares e spyware. Il loro cloud storage \u00e8 inoltre rinforzato con vari protocolli di sicurezza per prevenire accessi indesiderati ai file degli utenti e alle informazioni personali. Il livello di sicurezza del Filesmonster Premium \u00e8 sempre mantenuto dagli amministratori del servizio di archiviazione online. Anche i contenuti e i media accessibili dagli utenti sono filtrati in modo che il sito web rimanga sempre sicuro per i bambini. Con il Filesmonster Premium potete essere sicuri della sicurezza dei vostri file.<\/p>\n\n\n<a class=\"maxbutton-2 maxbutton maxbutton-cta\" target=\"_blank\" rel=\"nofollow noopener\" href=\"\/filesmonster\/goto\/\"><span class='mb-text'>&gt;&gt; Vai al sito web originale di Filesmonster<\/span><\/a>\n\n\n<p><\/p>\n","protected":false},"excerpt":{"rendered":"<p>La conservazione dei file \u00e8 un must, soprattutto se la vostra attivit\u00e0 \u00e8 pi\u00f9 orientata al multimediale. Portare una memoria<\/p>\n","protected":false},"author":2,"featured_media":0,"parent":0,"menu_order":0,"comment_status":"closed","ping_status":"closed","template":"","meta":[],"yoast_head":"<!-- This site is optimized with the Yoast SEO plugin v18.3 - https:\/\/yoast.com\/wordpress\/plugins\/seo\/ -->\n<title>FilesMonster Premium Conto: Il Filehoster In Sintesi<\/title>\n<meta name=\"description\" content=\"Se FilesMonster \u00e8 un fornitore affidabile o meno, potete trovare la risposta nel test in corso su Multihoster.org \u279c Cliccate ora \u271a per leggere le nostre esperienze!\" \/>\n<meta name=\"robots\" content=\"index, follow, max-snippet:-1, max-image-preview:large, max-video-preview:-1\" \/>\n<link rel=\"canonical\" href=\"https:\/\/multihoster.org\/it\/filesmonster\/\" \/>\n<meta property=\"og:locale\" content=\"it_IT\" \/>\n<meta property=\"og:type\" content=\"article\" \/>\n<meta property=\"og:title\" content=\"FilesMonster Premium Conto: Il Filehoster In Sintesi\" \/>\n<meta property=\"og:description\" content=\"Se FilesMonster \u00e8 un fornitore affidabile o meno, potete trovare la risposta nel test in corso su Multihoster.org \u279c Cliccate ora \u271a per leggere le nostre esperienze!\" \/>\n<meta property=\"og:url\" content=\"https:\/\/multihoster.org\/it\/filesmonster\/\" \/>\n<meta property=\"og:site_name\" content=\"Multihoster.org\" \/>\n<meta property=\"article:modified_time\" content=\"2020-12-14T18:55:05+00:00\" \/>\n<meta property=\"og:image\" content=\"https:\/\/lh4.googleusercontent.com\/mVWw15q9QtKDEJl6FY8p7PpoGD8y25cfV1zvM8rwNmbdQ1_g3JR0-LND1TBArjU2VehVrsqaTU1WmepskQnN-N6W0DPIr9lqtZkmPkWw7-dRzoPOCHRGXwpTURs7h7is9TTHoi4\" \/>\n<meta name=\"twitter:card\" content=\"summary\" \/>\n<meta name=\"twitter:label1\" content=\"Tempo di lettura stimato\" \/>\n\t<meta name=\"twitter:data1\" content=\"8 minuti\" \/>\n<script type=\"application\/ld+json\" class=\"yoast-schema-graph\">{\"@context\":\"https:\/\/schema.org\",\"@graph\":[{\"@type\":\"WebSite\",\"@id\":\"https:\/\/multihoster.org\/#website\",\"url\":\"https:\/\/multihoster.org\/\",\"name\":\"Multihoster.org\",\"description\":\"Reviews of the major Filehosting services\",\"potentialAction\":[{\"@type\":\"SearchAction\",\"target\":{\"@type\":\"EntryPoint\",\"urlTemplate\":\"https:\/\/multihoster.org\/?s={search_term_string}\"},\"query-input\":\"required name=search_term_string\"}],\"inLanguage\":\"it-IT\"},{\"@type\":\"ImageObject\",\"@id\":\"https:\/\/multihoster.org\/it\/filesmonster\/#primaryimage\",\"inLanguage\":\"it-IT\",\"url\":\"https:\/\/lh4.googleusercontent.com\/mVWw15q9QtKDEJl6FY8p7PpoGD8y25cfV1zvM8rwNmbdQ1_g3JR0-LND1TBArjU2VehVrsqaTU1WmepskQnN-N6W0DPIr9lqtZkmPkWw7-dRzoPOCHRGXwpTURs7h7is9TTHoi4\",\"contentUrl\":\"https:\/\/lh4.googleusercontent.com\/mVWw15q9QtKDEJl6FY8p7PpoGD8y25cfV1zvM8rwNmbdQ1_g3JR0-LND1TBArjU2VehVrsqaTU1WmepskQnN-N6W0DPIr9lqtZkmPkWw7-dRzoPOCHRGXwpTURs7h7is9TTHoi4\"},{\"@type\":\"WebPage\",\"@id\":\"https:\/\/multihoster.org\/it\/filesmonster\/#webpage\",\"url\":\"https:\/\/multihoster.org\/it\/filesmonster\/\",\"name\":\"FilesMonster Premium Conto: Il Filehoster In Sintesi\",\"isPartOf\":{\"@id\":\"https:\/\/multihoster.org\/#website\"},\"primaryImageOfPage\":{\"@id\":\"https:\/\/multihoster.org\/it\/filesmonster\/#primaryimage\"},\"datePublished\":\"2020-04-16T15:50:54+00:00\",\"dateModified\":\"2020-12-14T18:55:05+00:00\",\"description\":\"Se FilesMonster \u00e8 un fornitore affidabile o meno, potete trovare la risposta nel test in corso su Multihoster.org \u279c Cliccate ora \u271a per leggere le nostre esperienze!\",\"breadcrumb\":{\"@id\":\"https:\/\/multihoster.org\/it\/filesmonster\/#breadcrumb\"},\"inLanguage\":\"it-IT\",\"potentialAction\":[{\"@type\":\"ReadAction\",\"target\":[\"https:\/\/multihoster.org\/it\/filesmonster\/\"]}]},{\"@type\":\"BreadcrumbList\",\"@id\":\"https:\/\/multihoster.org\/it\/filesmonster\/#breadcrumb\",\"itemListElement\":[{\"@type\":\"ListItem\",\"position\":1,\"name\":\"Startseite\",\"item\":\"https:\/\/multihoster.org\/it\/\"},{\"@type\":\"ListItem\",\"position\":2,\"name\":\"FilesMonster Premium Conto: Il Filehoster In Sintesi\"}]}]}<\/script>\n<!-- \/ Yoast SEO plugin. -->","yoast_head_json":{"title":"FilesMonster Premium Conto: Il Filehoster In Sintesi","description":"Se FilesMonster \u00e8 un fornitore affidabile o meno, potete trovare la risposta nel test in corso su Multihoster.org \u279c Cliccate ora \u271a per leggere le nostre esperienze!","robots":{"index":"index","follow":"follow","max-snippet":"max-snippet:-1","max-image-preview":"max-image-preview:large","max-video-preview":"max-video-preview:-1"},"canonical":"https:\/\/multihoster.org\/it\/filesmonster\/","og_locale":"it_IT","og_type":"article","og_title":"FilesMonster Premium Conto: Il Filehoster In Sintesi","og_description":"Se FilesMonster \u00e8 un fornitore affidabile o meno, potete trovare la risposta nel test in corso su Multihoster.org \u279c Cliccate ora \u271a per leggere le nostre esperienze!","og_url":"https:\/\/multihoster.org\/it\/filesmonster\/","og_site_name":"Multihoster.org","article_modified_time":"2020-12-14T18:55:05+00:00","og_image":[{"url":"https:\/\/lh4.googleusercontent.com\/mVWw15q9QtKDEJl6FY8p7PpoGD8y25cfV1zvM8rwNmbdQ1_g3JR0-LND1TBArjU2VehVrsqaTU1WmepskQnN-N6W0DPIr9lqtZkmPkWw7-dRzoPOCHRGXwpTURs7h7is9TTHoi4"}],"twitter_card":"summary","twitter_misc":{"Tempo di lettura stimato":"8 minuti"},"schema":{"@context":"https:\/\/schema.org","@graph":[{"@type":"WebSite","@id":"https:\/\/multihoster.org\/#website","url":"https:\/\/multihoster.org\/","name":"Multihoster.org","description":"Reviews of the major Filehosting services","potentialAction":[{"@type":"SearchAction","target":{"@type":"EntryPoint","urlTemplate":"https:\/\/multihoster.org\/?s={search_term_string}"},"query-input":"required name=search_term_string"}],"inLanguage":"it-IT"},{"@type":"ImageObject","@id":"https:\/\/multihoster.org\/it\/filesmonster\/#primaryimage","inLanguage":"it-IT","url":"https:\/\/lh4.googleusercontent.com\/mVWw15q9QtKDEJl6FY8p7PpoGD8y25cfV1zvM8rwNmbdQ1_g3JR0-LND1TBArjU2VehVrsqaTU1WmepskQnN-N6W0DPIr9lqtZkmPkWw7-dRzoPOCHRGXwpTURs7h7is9TTHoi4","contentUrl":"https:\/\/lh4.googleusercontent.com\/mVWw15q9QtKDEJl6FY8p7PpoGD8y25cfV1zvM8rwNmbdQ1_g3JR0-LND1TBArjU2VehVrsqaTU1WmepskQnN-N6W0DPIr9lqtZkmPkWw7-dRzoPOCHRGXwpTURs7h7is9TTHoi4"},{"@type":"WebPage","@id":"https:\/\/multihoster.org\/it\/filesmonster\/#webpage","url":"https:\/\/multihoster.org\/it\/filesmonster\/","name":"FilesMonster Premium Conto: Il Filehoster In Sintesi","isPartOf":{"@id":"https:\/\/multihoster.org\/#website"},"primaryImageOfPage":{"@id":"https:\/\/multihoster.org\/it\/filesmonster\/#primaryimage"},"datePublished":"2020-04-16T15:50:54+00:00","dateModified":"2020-12-14T18:55:05+00:00","description":"Se FilesMonster \u00e8 un fornitore affidabile o meno, potete trovare la risposta nel test in corso su Multihoster.org \u279c Cliccate ora \u271a per leggere le nostre esperienze!","breadcrumb":{"@id":"https:\/\/multihoster.org\/it\/filesmonster\/#breadcrumb"},"inLanguage":"it-IT","potentialAction":[{"@type":"ReadAction","target":["https:\/\/multihoster.org\/it\/filesmonster\/"]}]},{"@type":"BreadcrumbList","@id":"https:\/\/multihoster.org\/it\/filesmonster\/#breadcrumb","itemListElement":[{"@type":"ListItem","position":1,"name":"Startseite","item":"https:\/\/multihoster.org\/it\/"},{"@type":"ListItem","position":2,"name":"FilesMonster Premium Conto: Il Filehoster In Sintesi"}]}]}},"_links":{"self":[{"href":"https:\/\/multihoster.org\/it\/wp-json\/wp\/v2\/pages\/3856"}],"collection":[{"href":"https:\/\/multihoster.org\/it\/wp-json\/wp\/v2\/pages"}],"about":[{"href":"https:\/\/multihoster.org\/it\/wp-json\/wp\/v2\/types\/page"}],"author":[{"embeddable":true,"href":"https:\/\/multihoster.org\/it\/wp-json\/wp\/v2\/users\/2"}],"replies":[{"embeddable":true,"href":"https:\/\/multihoster.org\/it\/wp-json\/wp\/v2\/comments?post=3856"}],"version-history":[{"count":4,"href":"https:\/\/multihoster.org\/it\/wp-json\/wp\/v2\/pages\/3856\/revisions"}],"predecessor-version":[{"id":5479,"href":"https:\/\/multihoster.org\/it\/wp-json\/wp\/v2\/pages\/3856\/revisions\/5479"}],"wp:attachment":[{"href":"https:\/\/multihoster.org\/it\/wp-json\/wp\/v2\/media?parent=3856"}],"curies":[{"name":"wp","href":"https:\/\/api.w.org\/{rel}","templated":true}]}}