{"id":3889,"date":"2020-04-17T09:59:54","date_gmt":"2020-04-17T09:59:54","guid":{"rendered":"https:\/\/multihoster.org\/clicknupload\/"},"modified":"2020-06-01T11:56:50","modified_gmt":"2020-06-01T11:56:50","slug":"clicknupload","status":"publish","type":"page","link":"https:\/\/multihoster.org\/it\/clicknupload\/","title":{"rendered":"Clicknupload Premium Conto: Il Filehoster In Sintesi"},"content":{"rendered":"<a class=\"maxbutton-2 maxbutton maxbutton-cta\" target=\"_blank\" rel=\"nofollow noopener\" href=\"\/go\/\"><span class='mb-text'>&gt;&gt; Vai al sito web originale di Linkifier<\/span><\/a>\n\n\n<p><\/p>\n\n\n\n<h2>Che cos&#8217;\u00e8 il Clicknupload?<\/h2>\n\n\n\n<p>Clicknupload \u00e8 una piattaforma di hosting di file che fornisce un cloud storage senza fine, capacit\u00e0 di riserva remota, caricamento avanzato e download di accessori. Attraverso l&#8217;utilizzo di Clicknupload, gli utenti sono abilitati ad ospitare file nella stessa posizione, da audio, video, immagini e persino flash.<\/p>\n\n\n\n<h2>Perch\u00e9 dovreste utilizzare Clicknupload?<\/h2>\n\n\n\n<figure class=\"wp-block-table\"><table><tbody><tr><td>Se avete bisogno di trasferire dati troppo grandi per la capacit\u00e0 di un&#8217;e-mail, Clicknupload pu\u00f2 accontentarvi.<br> Se desiderate uno spazio di archiviazione remoto affidabile per le riserve fuori sede, Clicknupload pu\u00f2 mostrarvi varie soluzioni per questo.<br> Se desiderate che i vostri dati personali siano accessibili nei vostri vari dispositivi e non vi piace il fastidio di avere sempre in mano una chiavetta USB, Clicknupload \u00e8 la piattaforma pi\u00f9 precisa e affidabile per salvare i vostri dati.<\/td><\/tr><\/tbody><\/table><\/figure>\n\n\n\n<p>Clicknupload offre agli utenti molte soluzioni per i vostri dati essenziali e importanti. Gli utenti possono salvare i loro dati online in tutta sicurezza e accedere facilmente ai vari file ovunque e in qualsiasi momento. Utilizzando Clicknupload \u00e8 anche possibile salvare i vostri file dal danneggiamento del vostro desktop o dall&#8217;impossibilit\u00e0 di accedervi a causa di danni al dispositivo.<\/p>\n\n\n\n<figure class=\"wp-block-image\"><img src=\"https:\/\/lh6.googleusercontent.com\/UhJNUugnwMNpbPDoJ1eOguFF5vUSWFi3bUrpmpwKyASh39nNxGlg2c7APfswk_wW2zT9M72P_U3MwUh5V4HfjLqOZ-kup7iQ-1V79YY8354J2_X72oT0aMQYPlBMTJGOhOXwYws\" alt=\"Clicknupload Link Checker\"\/><\/figure>\n\n\n\n<h2>Clicknupload Conto Premium<\/h2>\n\n\n\n<p>I generatori di link ClicknUpload Premium utilizzano gli account ClicknUpload Premium per trasformare i vostri link ClicknUpload in link HTTP ininterrotti. La piattaforma \u00e8 accessibile a tutti, disponibile per tutti gli account. Un individuo pu\u00f2 utilizzarla gratuitamente. Tuttavia, avere un account ClicknUpload premium consente di sperimentare e ricevere diversi vantaggi importanti.<\/p>\n\n\n\n<figure class=\"wp-block-table\"><table><tbody><tr><td><br><\/td><td><br><\/td><td>Dimensione massima del file<\/td><td>Larghezza di banda<\/td><td>Numero massimo di file<\/td><\/tr><tr><td>01<\/td><td>CBoxEra<\/td><td>5 Gigabyte<\/td><td>25 Gigabyte<\/td><td>1 collegamento\/5 minuti<\/td><\/tr><tr><td>02<\/td><td>CBoxPremiumLeech<\/td><td>2 Gigabyte<\/td><td>20 Gigabyte<\/td><td>1 collegamento\/3 minuti<\/td><\/tr><tr><td>03<\/td><td>Leech360<\/td><td>1 Gigabyte<\/td><td>10 Gigabyte<\/td><td>1 link\/2 min, 50GB\/giorno<\/td><\/tr><tr><td>04<\/td><td>LeechPremium<\/td><td>Unlimited<\/td><td>Unlimited<\/td><td>Illimitato (basta non fare spam)<\/td><\/tr><tr><td>05<\/td><td>OnLeech<\/td><td>10 Gigabyte<\/td><td>25 Gigabyte<\/td><td>2 collegamenti\/5 minuti<\/td><\/tr><\/tbody><\/table><\/figure>\n\n\n\n<h2>Guadagnare soldi con il programma Clicknupload Pay Per Download<\/h2>\n\n\n\n<figure class=\"wp-block-table\"><table><tbody><tr><td>LIVELLI<\/td><td>PREZZO<\/td><td>PAESI<\/td><\/tr><tr><td>Livello 1<\/td><td>50 dollari<\/td><td>Stati Uniti, Regno Unito, Canada, Australia<\/td><\/tr><tr><td>Livello 2<\/td><td>50 dollari<\/td><td>Svezia, Danimarca, Francia, Germania, Svizzera, Finlandia, Austria, Austria, Arabia Saudita<\/td><\/tr><tr><td>Livello 3<\/td><td>20 dollari<\/td><td>Paesi Bassi, Spagna, Belgio, Argentina, Irlanda, Italia, Norvegia, Turchia, Emirati Arabi Uniti, Giappone<\/td><\/tr><tr><td>Livello 4<\/td><td>7 dollari<\/td><td>India, Pakistan, Indonesia, Bangladesh e tutti gli altri paesi<\/td><\/tr><\/tbody><\/table><\/figure>\n\n\n\n<p>Mentre fare soldi \u00e8 davvero una buona cosa, ci sono regole e requisiti per essere in grado di trarre profitto all&#8217;interno del programma. Di seguito \u00e8 riportato quanto segue:<\/p>\n\n\n\n<ul><li>Ogni livello \u00e8 registrato per 10.000 download.<\/li><li> I download vengono arruolati fino a tre volte ogni 24 ore per indirizzo IP.<\/li><li> La misura del file dovrebbe essere di 5 Megabyte o superiore per essere compensata.<\/li><li> L&#8217;importo minimo di prelievo dei guadagni \u00e8 di 10 USD.<\/li><li> I versamenti di guadagno possono essere elaborati solo due volte al mese. <\/li><li> Clicknupload paga tramite WebMoney e PayPal. In alcune condizioni speciali, i pagamenti possono essere inviati in Bitcoin o Ethereum.<\/li><li> Assicurati di avere i registri nel tuo account quando hai trasferito Clicknupload la tua richiesta di pagamento per stabilire il traffico, se necessario.<\/li><li> Avventurarsi per ottenere un reddito impiegando pratiche non etiche o fuorvianti si verificher\u00e0 in una sospensione istantanea del conto.<\/li><li> La manipolazione del traffico o il traffico generato attraverso i punteggi programmati non \u00e8 assolutamente consentita.<\/li><li> Tutti gli associati devono conformarsi e seguire i Termini e le Condizioni di Clicknupload.<\/li><li> La mancata osservanza dei termini e delle condizioni pu\u00f2 comportare la sospensione momentanea o la chiusura perpetua di un account.<\/li><li> Clicknupload si riserva il potere di rivedere il programma di pagamento e la data di pagamento in qualsiasi momento senza preavviso.<\/li><\/ul>\n\n\n\n<h2>Protocollo Clicknupload<\/h2>\n\n\n\n<p>Mentre Clicknupload offre servizi ai propri utenti, l&#8217;utente si lascia invece regolare dai corsi e dalle disposizioni successive:<\/p>\n\n\n\n<ol><li>Hanno il potere di compromettere il collegamento diretto su conti utente che utilizzano larghezza di banda non necessaria o che sfruttano in modo diverso il sistema.<\/li><li> Immagini sessuali, pornografia, nudit\u00e0 e ogni tipo di immagine o video osceno sono vietati. Anche i file protetti da copyright sono severamente vietati. <\/li><li> Clicknupload ha il potere di determinare il contenuto corretto, e possono rimuovere immagini o video in qualsiasi momento anche se non c&#8217;\u00e8 il consenso e la notifica all&#8217;utente.<\/li><li> I titolari degli account devono attenersi a tutte le regole che si riferiscono alla loro area, anche alle leggi sui marchi e sul copyright. Le immagini, i file e i video che violano i marchi o i diritti d&#8217;autore non sono consentiti. Se qualcuno ha un&#8217;accusa di violazione nei vostri confronti, vi sar\u00e0 richiesto di trasferire i dati protetti da copyright fino a quando la questione non sar\u00e0 risolta. Se c&#8217;\u00e8 un disaccordo tra i membri di questa piattaforma, Clicknupload non \u00e8 sotto la responsabilit\u00e0 di impegnarsi.<\/li><li> Clicknupload non \u00e8 responsabile per le vostre foto, file o video o per qualsiasi mercato distrutto a causa della mancata disponibilit\u00e0 o del fallimento del sito web. Essi non eseguono alcun diritto di probabile autenticit\u00e0 nell&#8217;ospitare, servire, o memorizzare le vostre foto, file o video. <\/li><li> Clicknupload \u00e8 dedicato a sostenere chiunque e tutti i funzionari legali se si dovesse verificare un esame.<\/li><\/ol>\n\n\n\n<figure class=\"wp-block-image\"><img src=\"https:\/\/lh5.googleusercontent.com\/hptaBgjR67jcytcbYjsQUrp38iUUKzPFBemJMkuuQ1r7HnRwesJYV0bVLNzEOprkdlAR4cC_G0pnKCvdngSXyCGmgAHybT_YHRCCCB5luxH6KbAnPPS1HhQ3YO0rzlRF-AVgnWw\" alt=\"Clicknupload FAQs\"\/><\/figure>\n\n\n\n<h2>Domande frequenti del Clicknupload<\/h2>\n\n\n<a class=\"maxbutton-2 maxbutton maxbutton-cta\" target=\"_blank\" rel=\"nofollow noopener\" href=\"\/go\/\"><span class='mb-text'>&gt;&gt; Vai al sito web originale di Linkifier<\/span><\/a>\n\n\n<p><\/p>\n\n\n\n<h3><strong>Quale variet\u00e0 di dati pu\u00f2 essere memorizzata nella piattaforma?<\/strong><\/h3>\n\n\n\n<p>Tutti i tipi di file o dati possono essere caricati e memorizzati in Clicknupload. Dalle immagini dei vostri eventi ai documenti essenziali e significativi, tutto pu\u00f2 essere caricato nella piattaforma di hosting hile. Tuttavia, le uniche eccezioni sono i file o i dati che contengono o mostrano immagini sessuali, nudit\u00e0, pornografia e qualsiasi modo che sia un elemento offensivo e, non ultimo, non sono accettati anche materiali protetti da copyright.<\/p>\n\n\n\n<h3><strong>Come posso rimuovere o eliminare il file che ho caricato?<\/strong><\/h3>\n\n\n\n<p>La prima cosa da fare per rimuovere o eliminare un file \u00e8 il &#8220;Delete Link&#8221; fornito dopo il completamento di un processo di upload. Dovete prenderne nota se c&#8217;\u00e8 la possibilit\u00e0 che il file venga temporaneamente caricato, o se sentite la necessit\u00e0 di rimuoverlo nel vostro tempo libero. Ma non preoccupatevi se non siete stati in grado di salvare il link per la cancellazione, i file hanno una data di scadenza, quindi saranno programmati per essere cancellati dalla piattaforma in futuro. Gli utenti possono gestire comodamente i loro dati in qualsiasi momento della giornata attraverso la sezione &#8220;I miei file&#8221;.<\/p>\n\n\n\n<h3><strong>C&#8217;\u00e8 la possibilit\u00e0 che io possa effettuare l&#8217;hotlink dei diversi file che ho caricato?<\/strong><\/h3>\n\n\n\n<p>L&#8217;hotlinking avviene quando diverse piattaforme si collegano istantaneamente ai file della vostra rete, principalmente video e\/o immagini. Quando un utente effettua l&#8217;hotlinking di uno dei suoi file, utilizza il link diretto per quel file, e nel fare ci\u00f2, esaurisce le risorse del server o comunemente chiamata larghezza di banda per mostrare quel file ogni volta che viene raggiunto sul loro sito web.<\/p>\n\n\n\n<p>Pertanto, Clicknupload non consente questa pratica di hotlinking su qualsiasi tipo di file che un utente ha caricato sui propri server.<\/p>\n\n\n\n<h3><strong>Blocco di sicurezza: Che cos&#8217;\u00e8 e cosa fa quando \u00e8 attivato?<\/strong><\/h3>\n\n\n\n<p>Il blocco di sicurezza consente agli utenti di proteggere il proprio account da hacker e intrusi. Si tratta di un&#8217;impostazione avanzata in cui nessuno pu\u00f2 modificare i dettagli e le informazioni del tuo account finch\u00e9 \u00e8 abilitato. Se si desidera disattivare le impostazioni di sicurezza, si invier\u00e0 prima un messaggio di conferma all&#8217;e-mail per una verifica avanzata.<\/p>\n\n\n\n<h3><strong>Clicknupload capacit\u00e0 di memoria libera e limitazione<\/strong><\/h3>\n\n\n\n<p>La parte fantastica \u00e8 che avete una memoria illimitata per i vostri file. L&#8217;unica eccezione \u00e8 che la memorizzazione illimitata si applica solo ai file che sono stati attivamente scaricati e utilizzati. Il backup di file di grandi dimensioni che sono inattivi o l&#8217;utilizzo di Clicknupload come deposito a freddo \u00e8 proibito e non \u00e8 affatto consentito.<\/p>\n\n\n\n<h3><strong>Quanta capacit\u00e0 per il download e l&#8217;upload per gli utenti gratuiti?<\/strong><\/h3>\n\n\n\n<p>Gli utenti possono godere di una larghezza di banda illimitata.<\/p>\n\n\n\n<h3><strong>Qual \u00e8 la dimensione massima dei file che possono essere caricati sulla piattaforma?<\/strong><\/h3>\n\n\n\n<p>Ci sono due tipi che possono determinare la dimensione massima del file che pu\u00f2 essere caricato. In primo luogo, se sei un utente ospite o individui che non hanno un account registrato nella piattaforma, puoi caricare liberamente un file con una dimensione di 2 Gigabyte, non di pi\u00f9. In secondo luogo, per gli utenti registrati, hanno la possibilit\u00e0 di caricare file di dimensioni 3 Gigabyte. Infine, se sei un utente premium, puoi caricare file con dimensioni di 15 Gigabyte.<\/p>\n\n\n\n<h3><strong>Clicknupload consente il caricamento di pi\u00f9 file? Se s\u00ec, quanti file posso caricare in una sola volta?<\/strong><\/h3>\n\n\n\n<p>Gli utenti ospiti e gli utenti registrati possono caricare il maggior numero possibile di file, tuttavia, per gli utenti ospiti, il download di pi\u00f9 file \u00e8 impostato su 10 file per ogni caricamento, e gli utenti registrati possono caricare 20 file contemporaneamente. Per gli account Clicknupload Premium, hanno la capacit\u00e0 di caricare 30 file contemporaneamente.<\/p>\n\n\n\n<h3><strong>E le limitazioni di velocit\u00e0 di upload o download?<\/strong><\/h3>\n\n\n\n<p>Al momento, Clicknupload non ha alcuna limitazione; pu\u00f2 essere per ospiti o utenti registrati. Entrambi gli utenti hanno la stessa velocit\u00e0 per il download o il caricamento.<\/p>\n\n\n\n<h3><strong>Per quanto tempo la piattaforma ospita un file?<\/strong><\/h3>\n\n\n\n<p>Per fortuna, i file sono per sempre ospitati dalla piattaforma. S\u00ec, \u00e8 cos\u00ec. Ma c&#8217;\u00e8 un&#8217;eccezione come sempre. I file possono essere rimossi dal management una volta verificato che si tratta di un &#8220;file inattivo&#8221;. I file inattivi caricati dagli utenti registrati saranno cancellati dopo 20-30 giorni dall&#8217;inattivit\u00e0. I file ospiti inattivi vengono rimossi dopo una settimana.<\/p>\n\n\n\n<h3><strong>Clicknupload ha una politica sulla privacy?<\/strong><\/h3>\n\n\n\n<p>S\u00ec, ha una forte politica sulla privacy. Con grande rispetto verso ogni utente, ogni privacy \u00e8 importante per loro. Non invieranno o trasferiranno mai i dati forniti dagli utenti a servizi di terze parti.<\/p>\n\n\n\n<h3><strong>Ho bisogno di pi\u00f9 assistenza. Cosa devo fare?<\/strong><\/h3>\n\n\n\n<p>La piattaforma si impegna a fornire un servizio di assistenza clienti eccezionale. Cos\u00ec, hanno la loro pagina di contatto dove gli utenti possono compilare il modulo di contatto e discutere ulteriormente le questioni che vogliono indirizzare al team di supporto tecnico. Il contatto rapido e tempestivo \u00e8 rigorosamente rispettato.<\/p>\n\n\n\n<figure class=\"wp-block-image\"><img src=\"https:\/\/lh5.googleusercontent.com\/i9vFX3xsoZZydjUkpescbTXfR-C-tHF1RJUB3wS4oeEAXKkrLp8JMGf1l-Bwn26ddxgncxf30Y-kH_-S9knBsSPpUrNHUrqSrzln8YUXASjJUcOwANJ1jyJuveierDOqJg0qSRw\" alt=\"ClicknUpload Upload Page\"\/><\/figure>\n\n\n\n<h2>Clicknupload: Sommario<\/h2>\n\n\n\n<p>Nel complesso, Clicknupload \u00e8 semplicemente un fornitore di file hosting unico nel suo genere. Questo sito o sistema permette a un utente di fare soldi con i loro file, quindi chi non sarebbe felice di utilizzare un tale sistema. Hanno regole e regolamenti rigorosi che guardano veramente fuori per la sicurezza di ogni utente, e che da solo \u00e8 un fattore e l&#8217;avanzamento si dovrebbe utilizzare, e soprattutto, \u00e8 gratuito. Per un utilizzo pi\u00f9 avanzato, si dovrebbe ricorrere al Clicknupload Premium Account.<\/p>\n\n\n\n<p>Il clicknupload non si ferma qui, e si assicura sempre che l&#8217;esperienza dell&#8217;utente sia unica nel suo genere. Credono che i clienti debbano essere il top di tutto. La piattaforma si sforza di offrire a tutti i suoi utenti pi\u00f9 innovazione e progresso per rendere la vita pi\u00f9 facile rispetto a prima. Non c&#8217;\u00e8 bisogno di portare in giro una chiavetta USB o di essere preoccupati per il crash del desktop, Clicknupload assicura di avere un backup per i file importanti a cui si pu\u00f2 accedere in qualsiasi dispositivo in qualsiasi momento.<\/p>\n\n\n\n<h2>Riferimenti:<\/h2>\n\n\n\n<ul><li> <a href=\"https:\/\/www.techopedia.com\/definition\/25310\/file-hosting-service\">https:\/\/www.techopedia.com\/definition\/25310\/file-hosting-service<\/a><\/li><li> <a href=\"https:\/\/ppcmode.com\/direct-linking\">https:\/\/ppcmode.com\/direct-linking<\/a><\/li><li> <a href=\"http:\/\/leechvip.net\/?ClicknUpload\">http:\/\/leechvip.net\/?ClicknUpload<\/a><\/li><li> <a href=\"http:\/\/www.networksolutions.com\/support\/what-is-hotlinking\/\">http:\/\/www.networksolutions.com\/support\/what-is-hotlinking\/<\/a><\/li><li> <a href=\"https:\/\/searchstorage.techtarget.com\/definition\/cold-storage\">https:\/\/searchstorage.techtarget.com\/definition\/cold-storage<\/a><\/li><\/ul>\n\n\n<a class=\"maxbutton-2 maxbutton maxbutton-cta\" target=\"_blank\" rel=\"nofollow noopener\" href=\"\/go\/\"><span class='mb-text'>&gt;&gt; Vai al sito web originale di Linkifier<\/span><\/a>\n\n\n<p><\/p>\n","protected":false},"excerpt":{"rendered":"<p>Che cos&#8217;\u00e8 il Clicknupload? Clicknupload \u00e8 una piattaforma di hosting di file che fornisce un cloud storage senza fine, capacit\u00e0<\/p>\n","protected":false},"author":2,"featured_media":0,"parent":0,"menu_order":0,"comment_status":"closed","ping_status":"closed","template":"","meta":[],"yoast_head":"<!-- This site is optimized with the Yoast SEO plugin v18.3 - https:\/\/yoast.com\/wordpress\/plugins\/seo\/ -->\n<title>Clicknupload Premium Conto: Il Filehoster In Sintesi<\/title>\n<meta name=\"description\" content=\"Se Clicknupload \u00e8 un fornitore affidabile o no, potete trovare la risposta nel test in corso su Multihoster.org \u279c Cliccate ora \u271a per leggere le nostre esperienze!\" \/>\n<meta name=\"robots\" content=\"index, follow, max-snippet:-1, max-image-preview:large, max-video-preview:-1\" \/>\n<link rel=\"canonical\" href=\"https:\/\/multihoster.org\/it\/clicknupload\/\" \/>\n<meta property=\"og:locale\" content=\"it_IT\" \/>\n<meta property=\"og:type\" content=\"article\" \/>\n<meta property=\"og:title\" content=\"Clicknupload Premium Conto: Il Filehoster In Sintesi\" \/>\n<meta property=\"og:description\" content=\"Se Clicknupload \u00e8 un fornitore affidabile o no, potete trovare la risposta nel test in corso su Multihoster.org \u279c Cliccate ora \u271a per leggere le nostre esperienze!\" \/>\n<meta property=\"og:url\" content=\"https:\/\/multihoster.org\/it\/clicknupload\/\" \/>\n<meta property=\"og:site_name\" content=\"Multihoster.org\" \/>\n<meta property=\"article:modified_time\" content=\"2020-06-01T11:56:50+00:00\" \/>\n<meta property=\"og:image\" content=\"https:\/\/lh6.googleusercontent.com\/UhJNUugnwMNpbPDoJ1eOguFF5vUSWFi3bUrpmpwKyASh39nNxGlg2c7APfswk_wW2zT9M72P_U3MwUh5V4HfjLqOZ-kup7iQ-1V79YY8354J2_X72oT0aMQYPlBMTJGOhOXwYws\" \/>\n<meta name=\"twitter:card\" content=\"summary\" \/>\n<meta name=\"twitter:label1\" content=\"Tempo di lettura stimato\" \/>\n\t<meta name=\"twitter:data1\" content=\"9 minuti\" \/>\n<script type=\"application\/ld+json\" class=\"yoast-schema-graph\">{\"@context\":\"https:\/\/schema.org\",\"@graph\":[{\"@type\":\"WebSite\",\"@id\":\"https:\/\/multihoster.org\/#website\",\"url\":\"https:\/\/multihoster.org\/\",\"name\":\"Multihoster.org\",\"description\":\"Reviews of the major Filehosting services\",\"potentialAction\":[{\"@type\":\"SearchAction\",\"target\":{\"@type\":\"EntryPoint\",\"urlTemplate\":\"https:\/\/multihoster.org\/?s={search_term_string}\"},\"query-input\":\"required name=search_term_string\"}],\"inLanguage\":\"it-IT\"},{\"@type\":\"ImageObject\",\"@id\":\"https:\/\/multihoster.org\/it\/clicknupload\/#primaryimage\",\"inLanguage\":\"it-IT\",\"url\":\"https:\/\/lh6.googleusercontent.com\/UhJNUugnwMNpbPDoJ1eOguFF5vUSWFi3bUrpmpwKyASh39nNxGlg2c7APfswk_wW2zT9M72P_U3MwUh5V4HfjLqOZ-kup7iQ-1V79YY8354J2_X72oT0aMQYPlBMTJGOhOXwYws\",\"contentUrl\":\"https:\/\/lh6.googleusercontent.com\/UhJNUugnwMNpbPDoJ1eOguFF5vUSWFi3bUrpmpwKyASh39nNxGlg2c7APfswk_wW2zT9M72P_U3MwUh5V4HfjLqOZ-kup7iQ-1V79YY8354J2_X72oT0aMQYPlBMTJGOhOXwYws\"},{\"@type\":\"WebPage\",\"@id\":\"https:\/\/multihoster.org\/it\/clicknupload\/#webpage\",\"url\":\"https:\/\/multihoster.org\/it\/clicknupload\/\",\"name\":\"Clicknupload Premium Conto: Il Filehoster In Sintesi\",\"isPartOf\":{\"@id\":\"https:\/\/multihoster.org\/#website\"},\"primaryImageOfPage\":{\"@id\":\"https:\/\/multihoster.org\/it\/clicknupload\/#primaryimage\"},\"datePublished\":\"2020-04-17T09:59:54+00:00\",\"dateModified\":\"2020-06-01T11:56:50+00:00\",\"description\":\"Se Clicknupload \u00e8 un fornitore affidabile o no, potete trovare la risposta nel test in corso su Multihoster.org \u279c Cliccate ora \u271a per leggere le nostre esperienze!\",\"breadcrumb\":{\"@id\":\"https:\/\/multihoster.org\/it\/clicknupload\/#breadcrumb\"},\"inLanguage\":\"it-IT\",\"potentialAction\":[{\"@type\":\"ReadAction\",\"target\":[\"https:\/\/multihoster.org\/it\/clicknupload\/\"]}]},{\"@type\":\"BreadcrumbList\",\"@id\":\"https:\/\/multihoster.org\/it\/clicknupload\/#breadcrumb\",\"itemListElement\":[{\"@type\":\"ListItem\",\"position\":1,\"name\":\"Startseite\",\"item\":\"https:\/\/multihoster.org\/it\/\"},{\"@type\":\"ListItem\",\"position\":2,\"name\":\"Clicknupload Premium Conto: Il Filehoster In Sintesi\"}]}]}<\/script>\n<!-- \/ Yoast SEO plugin. -->","yoast_head_json":{"title":"Clicknupload Premium Conto: Il Filehoster In Sintesi","description":"Se Clicknupload \u00e8 un fornitore affidabile o no, potete trovare la risposta nel test in corso su Multihoster.org \u279c Cliccate ora \u271a per leggere le nostre esperienze!","robots":{"index":"index","follow":"follow","max-snippet":"max-snippet:-1","max-image-preview":"max-image-preview:large","max-video-preview":"max-video-preview:-1"},"canonical":"https:\/\/multihoster.org\/it\/clicknupload\/","og_locale":"it_IT","og_type":"article","og_title":"Clicknupload Premium Conto: Il Filehoster In Sintesi","og_description":"Se Clicknupload \u00e8 un fornitore affidabile o no, potete trovare la risposta nel test in corso su Multihoster.org \u279c Cliccate ora \u271a per leggere le nostre esperienze!","og_url":"https:\/\/multihoster.org\/it\/clicknupload\/","og_site_name":"Multihoster.org","article_modified_time":"2020-06-01T11:56:50+00:00","og_image":[{"url":"https:\/\/lh6.googleusercontent.com\/UhJNUugnwMNpbPDoJ1eOguFF5vUSWFi3bUrpmpwKyASh39nNxGlg2c7APfswk_wW2zT9M72P_U3MwUh5V4HfjLqOZ-kup7iQ-1V79YY8354J2_X72oT0aMQYPlBMTJGOhOXwYws"}],"twitter_card":"summary","twitter_misc":{"Tempo di lettura stimato":"9 minuti"},"schema":{"@context":"https:\/\/schema.org","@graph":[{"@type":"WebSite","@id":"https:\/\/multihoster.org\/#website","url":"https:\/\/multihoster.org\/","name":"Multihoster.org","description":"Reviews of the major Filehosting services","potentialAction":[{"@type":"SearchAction","target":{"@type":"EntryPoint","urlTemplate":"https:\/\/multihoster.org\/?s={search_term_string}"},"query-input":"required name=search_term_string"}],"inLanguage":"it-IT"},{"@type":"ImageObject","@id":"https:\/\/multihoster.org\/it\/clicknupload\/#primaryimage","inLanguage":"it-IT","url":"https:\/\/lh6.googleusercontent.com\/UhJNUugnwMNpbPDoJ1eOguFF5vUSWFi3bUrpmpwKyASh39nNxGlg2c7APfswk_wW2zT9M72P_U3MwUh5V4HfjLqOZ-kup7iQ-1V79YY8354J2_X72oT0aMQYPlBMTJGOhOXwYws","contentUrl":"https:\/\/lh6.googleusercontent.com\/UhJNUugnwMNpbPDoJ1eOguFF5vUSWFi3bUrpmpwKyASh39nNxGlg2c7APfswk_wW2zT9M72P_U3MwUh5V4HfjLqOZ-kup7iQ-1V79YY8354J2_X72oT0aMQYPlBMTJGOhOXwYws"},{"@type":"WebPage","@id":"https:\/\/multihoster.org\/it\/clicknupload\/#webpage","url":"https:\/\/multihoster.org\/it\/clicknupload\/","name":"Clicknupload Premium Conto: Il Filehoster In Sintesi","isPartOf":{"@id":"https:\/\/multihoster.org\/#website"},"primaryImageOfPage":{"@id":"https:\/\/multihoster.org\/it\/clicknupload\/#primaryimage"},"datePublished":"2020-04-17T09:59:54+00:00","dateModified":"2020-06-01T11:56:50+00:00","description":"Se Clicknupload \u00e8 un fornitore affidabile o no, potete trovare la risposta nel test in corso su Multihoster.org \u279c Cliccate ora \u271a per leggere le nostre esperienze!","breadcrumb":{"@id":"https:\/\/multihoster.org\/it\/clicknupload\/#breadcrumb"},"inLanguage":"it-IT","potentialAction":[{"@type":"ReadAction","target":["https:\/\/multihoster.org\/it\/clicknupload\/"]}]},{"@type":"BreadcrumbList","@id":"https:\/\/multihoster.org\/it\/clicknupload\/#breadcrumb","itemListElement":[{"@type":"ListItem","position":1,"name":"Startseite","item":"https:\/\/multihoster.org\/it\/"},{"@type":"ListItem","position":2,"name":"Clicknupload Premium Conto: Il Filehoster In Sintesi"}]}]}},"_links":{"self":[{"href":"https:\/\/multihoster.org\/it\/wp-json\/wp\/v2\/pages\/3889"}],"collection":[{"href":"https:\/\/multihoster.org\/it\/wp-json\/wp\/v2\/pages"}],"about":[{"href":"https:\/\/multihoster.org\/it\/wp-json\/wp\/v2\/types\/page"}],"author":[{"embeddable":true,"href":"https:\/\/multihoster.org\/it\/wp-json\/wp\/v2\/users\/2"}],"replies":[{"embeddable":true,"href":"https:\/\/multihoster.org\/it\/wp-json\/wp\/v2\/comments?post=3889"}],"version-history":[{"count":2,"href":"https:\/\/multihoster.org\/it\/wp-json\/wp\/v2\/pages\/3889\/revisions"}],"predecessor-version":[{"id":4643,"href":"https:\/\/multihoster.org\/it\/wp-json\/wp\/v2\/pages\/3889\/revisions\/4643"}],"wp:attachment":[{"href":"https:\/\/multihoster.org\/it\/wp-json\/wp\/v2\/media?parent=3889"}],"curies":[{"name":"wp","href":"https:\/\/api.w.org\/{rel}","templated":true}]}}