{"id":393,"date":"2018-05-22T17:17:28","date_gmt":"2018-05-22T17:17:28","guid":{"rendered":"https:\/\/multihoster.org\/?page_id=393"},"modified":"2018-09-11T06:22:55","modified_gmt":"2018-09-11T06:22:55","slug":"filefactory","status":"publish","type":"page","link":"https:\/\/multihoster.org\/it\/filefactory\/","title":{"rendered":"Filefactory Premium Account &#8211; Il Filehoster in sintesi"},"content":{"rendered":"<p><span lang=\"de\"><img loading=\"lazy\" class=\"alignleft wp-image-240 size-medium\" src=\"https:\/\/multihoster.org\/wp-content\/uploads\/2018\/05\/filefactory_logo-300x86.jpg\" alt=\"logo\" width=\"300\" height=\"86\" srcset=\"https:\/\/multihoster.org\/wp-content\/uploads\/2018\/05\/filefactory_logo-300x86.jpg 300w, https:\/\/multihoster.org\/wp-content\/uploads\/2018\/05\/filefactory_logo.jpg 365w\" sizes=\"(max-width: 300px) 100vw, 300px\" \/><\/span><\/p>\n<p class=\"normal\" style=\"text-align: left;\"><span lang=\"de\">Sul sito web di Filefactory, gli utenti possono sia caricare file che scaricare dati da altri utenti. Oltre alla versione premium, che offre una velocit\u00e0 di download illimitata, Filefactory offre anche una gamma limitata di servizi gratuiti ed \u00e8 uno dei principali hoster di file dal 2005.<\/span><\/p>\n<p>&nbsp;<\/p>\n\n<p><a class=\"fasc-button fasc-size-xlarge fasc-type-glossy fasc-rounded-medium ico-fa fasc-ico-after fa-share\" style=\"background-color: #3f5f69; color: #ffffff;\" target=\"_blank\" rel=\"nofollow\" href=\"https:\/\/multihoster.org\/filefactory\/goto\/\">Vai a FileFactory.com<\/a><\/p>\n<h2 class=\"normal\"><span lang=\"de\">Caratteristiche positive del fornitore<br \/>\n<\/span><\/h2>\n<ul>\n<li>Uso gratuito e account Premium<\/li>\n<li>Condivisione dei dati tramite account di social media<\/li>\n<li>Fino a 5 GB per upload<\/li>\n<li>Velocit\u00e0 massima con l&#8217;account Premium<\/li>\n<li>Abbonamento annuale economico disponibile<\/li>\n<\/ul>\n<h2><span lang=\"de\">L&#8217;offerta completa di Filefactory in sintesi<br \/>\n<\/span><\/h2>\n<p class=\"normal\"><span lang=\"de\">Se vuoi provare prima il servizio di Filefactory, puoi creare un account gratuito o connetterti tramite Facebook, Twitter e Google. Sia la velocit\u00e0 di download che il numero di download disponibili per ora o giorno possono essere limitati.<\/span><\/p>\n<p>Se si desidera scaricare o caricare file da Filefactory a velocit\u00e0 illimitata tutto il giorno, \u00e8 possibile utilizzare il servizio premium poco costoso. Qui sono disponibili quattro tariffe, ognuna con una durata di 30 giorni, 90 giorni e 180 o 365 giorni. Oltre alla velocit\u00e0 e al volume di dati illimitati, Premium Service vi offre ulteriori vantaggi.<\/p>\n<h2><span lang=\"de\">Offerte bonus<br \/>\n<\/span><\/h2>\n<p class=\"normal\"><span lang=\"de\">Un&#8217;offerta interessante \u00e8 il bonus che ricevi per raccomandare Filefactory. Se vi piace il servizio premium del provider, si pu\u00f2 facilmente raccomandare ai membri della famiglia e amici e conoscenti, che vi d\u00e0 una commissione interessante.<\/span><\/p>\n<h2><span lang=\"de\">Costi e modalit\u00e0 di pagamento<br \/>\n<\/span><\/h2>\n<p><img loading=\"lazy\" class=\"aligncenter wp-image-243 size-full\" src=\"https:\/\/multihoster.org\/wp-content\/uploads\/2018\/05\/prices.jpg\" alt=\"tariffe\" width=\"1442\" height=\"738\" srcset=\"https:\/\/multihoster.org\/wp-content\/uploads\/2018\/05\/prices.jpg 1442w, https:\/\/multihoster.org\/wp-content\/uploads\/2018\/05\/prices-300x154.jpg 300w, https:\/\/multihoster.org\/wp-content\/uploads\/2018\/05\/prices-768x393.jpg 768w, https:\/\/multihoster.org\/wp-content\/uploads\/2018\/05\/prices-1024x524.jpg 1024w\" sizes=\"(max-width: 1442px) 100vw, 1442px\" \/><\/p>\n<p class=\"normal\"><span lang=\"de\">L&#8217;abbonamento di 30 giorni \u00e8 disponibile per $13, se si sceglie la versione 90 giorni, il costo mensile \u00e8 di $12. Con i 180 giorni di abbonamento si ottiene il prezzo di risparmio di 10 euro e con l&#8217;abbonamento annuale il prezzo scende a soli 8 euro al mese. Oltre all&#8217;abbonamento, \u00e8 anche possibile acquistare un pacchetto dati una tantum per aumentare il volume disponibile di dati relativi alle condivisioni di traffico. Sono possibili pacchetti di dati da 2, 5, 10 o 20 terabyte.<\/span><\/p>\n\n<table id=\"tablepress-19\" class=\"tablepress tablepress-id-19\">\n<thead>\n<tr class=\"row-1 odd\">\n\t<th class=\"column-1\">$13<\/th><th class=\"column-2\">$35<\/th><th class=\"column-3\">$59<\/th><th class=\"column-4\">$94<\/th>\n<\/tr>\n<\/thead>\n<tbody class=\"row-hover\">\n<tr class=\"row-2 even\">\n\t<td class=\"column-1\">30 giorni<\/td><td class=\"column-2\">390 giorni<\/td><td class=\"column-3\">180 giorni<\/td><td class=\"column-4\">365 giorni<\/td>\n<\/tr>\n<tr class=\"row-3 odd\">\n\t<td class=\"column-1\">Illimitato<\/td><td class=\"column-2\">Illimitato<\/td><td class=\"column-3\">Illimitato<\/td><td class=\"column-4\">Illimitato<\/td>\n<\/tr>\n<tr class=\"row-4 even\">\n\t<td class=\"column-1\">Download illimitato<\/td><td class=\"column-2\">Download illimitato<\/td><td class=\"column-3\">Download illimitato<\/td><td class=\"column-4\">Download illimitato<\/td>\n<\/tr>\n<tr class=\"row-5 odd\">\n\t<td class=\"column-1\">Nessun pop-up<\/td><td class=\"column-2\">Nessun pop-up<\/td><td class=\"column-3\">Nessun pop-up<\/td><td class=\"column-4\">Nessun pop-up<\/td>\n<\/tr>\n<tr class=\"row-6 even\">\n\t<td class=\"column-1\">13 dollari al mese<\/td><td class=\"column-2\">12 dollari al mese<\/td><td class=\"column-3\">$10 dollari al mese<\/td><td class=\"column-4\">8 dollari al mese<\/td>\n<\/tr>\n<\/tbody>\n<\/table>\n\n<p class=\"normal\"><span lang=\"de\">Per quanto riguarda le opzioni di pagamento, \u00e8 necessaria una carta di credito valida per acquistare un prodotto da Filefactory. Pu\u00f2 trattarsi di una carta VISA, Mastercard o American Express Card. La carta di credito viene depositata sul tuo conto e utilizzata dal fornitore per ulteriori pagamenti, mentre il pagamento con carta di credito garantisce che il processo di pagamento in Filefactory sia sicuro, veloce e semplice.<\/span><\/p>\n<p class=\"normal\"><span lang=\"de\">Se non dovesse essere possibile pagare con la modalit\u00e0 di pagamento desiderata la tariffa con Filefactory, si pu\u00f2 ricadere sulla possibilit\u00e0, per il prodotto, di una <a href=\"https:\/\/filesharingshop.com\/filefactory-premium-key-reseller.html\">Rivenditore di Filefactory<\/a> in vendita.<\/span><\/p>\n<p><a class=\"fasc-button fasc-size-xlarge fasc-type-glossy fasc-rounded-medium ico-fa fasc-ico-after fa-share\" style=\"background-color: #3f5f69; color: #ffffff;\" target=\"_blank\" rel=\"nofollow\" href=\"https:\/\/multihoster.org\/filefactory\/goto\/\">Vai a FileFactory.com<\/a><\/p>\n<p>&nbsp;<\/p>\n<p>&nbsp;<\/p>\n<h2><span lang=\"de\">Informativa sulla privacy e protezione dei dati<br \/>\n<\/span><\/h2>\n<p class=\"normal\"><span lang=\"de\">Quando si cerca un hoster di file adatto, gli utenti sono naturalmente alla ricerca del massimo livello di sicurezza. Pertanto, molte parti interessate si chiedono: il download e l&#8217;upload di dati da Filefactory \u00e8 sicuro? Abbiamo esaminato pi\u00f9 da vicino il fornitore per voi e siamo giunti alla conclusione che i vostri dati sono sicuri e saranno trattati in modo confidenziale da Filefactory.<\/span><\/p>\n<p>Filefactory garantisce un trattamento affidabile dei dati personali, che viene utilizzato per informare i clienti circa l&#8217;azienda, l&#8217;offerta e le azioni dei partner. Filefactory utilizza i vostri dati finanziari esclusivamente per scopi di verifica al momento dell&#8217;acquisto di prodotti e servizi e per scopi di fatturazione. I dati demografici sono raccolti per adattare il sito e la fruibilit\u00e0 all&#8217;utente.<\/p>\n<p>In linea di principio, i dati personali vengono trasmessi a terzi solo se appartengono a partner di Filefactory e rispettano le stesse linee guida sulla protezione dei dati. I vostri dati sono quindi in mani sicure non solo con Filefactory, ma anche con i partner commerciali dell&#8217;azienda.<\/p>\n<p>Se si desidera impedire completamente il trasferimento dei dati, \u00e8 possibile fare una richiesta individuale al provider, ma questo pu\u00f2 portare a una selezione pi\u00f9 ridotta di funzioni.<\/p>\n<h2><span lang=\"de\">Servizio post-vendita<br \/>\n<\/span><\/h2>\n<p class=\"normal\"><span lang=\"de\">Per contattare il servizio clienti di Filefactory, \u00e8 possibile accedere al forum di supporto nell&#8217;area riservata o scrivere un&#8217;e-mail di supporto.<br \/>\n<\/span><\/p>\n<h2><span lang=\"de\">Facilit\u00e0 d&#8217;uso<br \/>\n<\/span><\/h2>\n<p><img loading=\"lazy\" class=\"aligncenter wp-image-242 size-full\" src=\"https:\/\/multihoster.org\/wp-content\/uploads\/2018\/05\/filefactory-options.jpg\" alt=\"vantaggi\" width=\"1519\" height=\"678\" srcset=\"https:\/\/multihoster.org\/wp-content\/uploads\/2018\/05\/filefactory-options.jpg 1519w, https:\/\/multihoster.org\/wp-content\/uploads\/2018\/05\/filefactory-options-300x134.jpg 300w, https:\/\/multihoster.org\/wp-content\/uploads\/2018\/05\/filefactory-options-768x343.jpg 768w, https:\/\/multihoster.org\/wp-content\/uploads\/2018\/05\/filefactory-options-1024x457.jpg 1024w\" sizes=\"(max-width: 1519px) 100vw, 1519px\" \/><\/p>\n<p>Il sito web \u00e8 organizzato in modo molto chiaro e tutte le informazioni necessarie sono gi\u00e0 visibili nella pagina iniziale. Nella parte superiore della homepage \u00e8 possibile creare un account gratuito e registrarsi tramite i social media, in modo che il processo di registrazione richieda solo pochi secondi.<\/p>\n<p>\u00c8 possibile attivare il filebox, riscattare un buono o collegare l&#8217;account a uno dei social network. Inoltre, \u00e8 disponibile l&#8217;opzione Condivisione traffico e nel riepilogo del conto vengono visualizzate anche le notifiche possibili.<\/p>\n<p>L&#8217;attivazione di Filebox consente agli altri utenti di caricare file sul proprio account. Se si desidera, \u00e8 possibile utilizzare un segno di spunta per decidere se ogni utente pu\u00f2 caricare i file o solo gli utenti che hanno la password necessaria. In questo contesto \u00e8 possibile progettare l&#8217;URL individualmente.<\/p>\n<p>Con l&#8217;opzione Condivisione traffico \u00e8 possibile rendere i dati disponibili per il download da parte di altri utenti. Anche in questo caso, \u00e8 possibile impostare la protezione con password in modo che solo alcuni utenti abbiano accesso ai file.<\/p>\n<p>Se si desidera caricare i file da soli, ci sono tre modi diversi per farlo: \u00e8 possibile effettuare un upload locale dal computer. La dimensione massima per file e upload \u00e8 di 5 GB, il che rende facile caricare file di grandi dimensioni in una sola volta.<\/p>\n<p>Per tutti coloro che sono alla ricerca di determinati dati in Filefactory, si consiglia la funzione di ricerca. Qui \u00e8 possibile specificare ci\u00f2 che si sta cercando e ottenere, a condizione che altri utenti abbiano i file desiderati e li abbiano condivisi per l&#8217;utente, l&#8217;accesso a un gran numero di pacchetti di dati. La funzione di ricerca consente di cercare tra tutti i file o di cercare solo file specifici in sei categorie &#8211; file audio, file video, immagini, programmi, documenti e archivi.<\/p>\n<h2><span lang=\"de\">I vantaggi di un conto premium con Filefactory<br \/>\n<\/span><\/h2>\n<p class=\"normal\"><span lang=\"de\">Un account Premium su Filefactory ti offre una moltitudine di funzioni che non sono disponibili con l&#8217;account gratuito o lo sono solo in misura limitata. Mentre la velocit\u00e0 di download \u00e8 limitata per gli utenti anonimi e gli utenti normali, come utente premium hai una velocit\u00e0 illimitata. Inoltre, a differenza dell&#8217;iscrizione gratuita con l&#8217;account Premium, \u00e8 possibile effettuare un numero infinito di download allo stesso tempo.<br \/>\n<\/span><\/p>\n<p>Mentre i file sono memorizzati solo per 90 giorni con l&#8217;account gratuito, i membri premium possono avere i loro file memorizzati per un periodo di tempo illimitato. Inoltre \u00e8 prevista una limitazione oraria ed eventuali termini di attesa con il mancato pagamento dei costi di iscrizione, mentre con l&#8217;account Premium non sono previsti n\u00e9 termini di attesa n\u00e9 limiti di download.<\/p>\n<p>Se si sceglie un account Premium, si beneficia anche della continuazione automatica del download e la maggior parte dei gestori di download possono essere utilizzati solo con l&#8217;account Premium.<\/p>\n<p>L&#8217;account premium \u00e8 privo di pubblicit\u00e0 e ti permette di accedere ai file dei link e di caricarli tramite FTP.<\/p>\n<h2><span lang=\"de\">La nostra conclusione sul fornitore Filefactory<br \/>\n<\/span><\/h2>\n<p class=\"normal\"><span lang=\"de\">Infine si pu\u00f2 dire che il provider Filefactory soddisfa pienamente i nostri requisiti in materia di privacy e protezione dei dati, sia voi come utenti che i vostri dati sono al sicuro con Filefactory.<br \/>\n<\/span><\/p>\n<p>Inoltre, i membri senza un account Premium hanno accesso a molti dati. I membri Premium possono utilizzare il servizio Filefactory senza restrizioni e quindi rendere disponibile al pubblico un gran numero di file e scaricare preziosi pacchetti di dati da altri utenti. Il sito \u00e8 stato progettato per rendere facile per voi la navigazione verso la destinazione desiderata, ed i principi di un uso corretto e le linee guida contro lo sfruttamento dei minori sono lodevoli.<\/p>\n<p>Quindi, \u00e8 sufficiente utilizzare l&#8217;offerta di iscrizione gratuita di Filefactory per convincersi della variet\u00e0 di possibilit\u00e0. Se lo desideri, in pochi minuti puoi aggiornare in modo semplice e sicuro la tua iscrizione gratuita a Filefactory a un prezioso account premium depositando una carta di credito.<\/p>\n<p><a class=\"fasc-button fasc-size-xlarge fasc-type-glossy fasc-rounded-medium ico-fa fasc-ico-after fa-share\" style=\"background-color: #3f5f69; color: #ffffff;\" target=\"_blank\" rel=\"nofollow\" href=\"https:\/\/multihoster.org\/filefactory\/goto\/\">Vai a FileFactory.com<\/a><\/p>\n","protected":false},"excerpt":{"rendered":"<p>Sul sito web di Filefactory, gli utenti possono sia caricare file che scaricare dati da altri utenti. Oltre alla versione<\/p>\n","protected":false},"author":2,"featured_media":0,"parent":0,"menu_order":0,"comment_status":"closed","ping_status":"closed","template":"","meta":[],"yoast_head":"<!-- This site is optimized with the Yoast SEO plugin v18.3 - https:\/\/yoast.com\/wordpress\/plugins\/seo\/ -->\n<title>lll\u25b7 Filefactory Premium Account serio o no +++ Test su Multihoster.org<\/title>\n<meta name=\"description\" content=\"Se Filefactory \u00e8 un fornitore affidabile o meno, potete trovare la risposta nel test corrente su Multihoster.org \u279c Ora cliccate su \u271a per leggere le nostre esperienze!\" \/>\n<meta name=\"robots\" content=\"index, follow, max-snippet:-1, max-image-preview:large, max-video-preview:-1\" \/>\n<link rel=\"canonical\" href=\"https:\/\/multihoster.org\/it\/filefactory\/\" \/>\n<meta property=\"og:locale\" content=\"it_IT\" \/>\n<meta property=\"og:type\" content=\"article\" \/>\n<meta property=\"og:title\" content=\"lll\u25b7 Filefactory Premium Account serio o no +++ Test su Multihoster.org\" \/>\n<meta property=\"og:description\" content=\"Se Filefactory \u00e8 un fornitore affidabile o meno, potete trovare la risposta nel test corrente su Multihoster.org \u279c Ora cliccate su \u271a per leggere le nostre esperienze!\" \/>\n<meta property=\"og:url\" content=\"https:\/\/multihoster.org\/it\/filefactory\/\" \/>\n<meta property=\"og:site_name\" content=\"Multihoster.org\" \/>\n<meta property=\"article:modified_time\" content=\"2018-09-11T06:22:55+00:00\" \/>\n<meta property=\"og:image\" content=\"https:\/\/multihoster.org\/wp-content\/uploads\/2018\/05\/filefactory_logo-300x86.jpg\" \/>\n<meta name=\"twitter:card\" content=\"summary\" \/>\n<meta name=\"twitter:label1\" content=\"Tempo di lettura stimato\" \/>\n\t<meta name=\"twitter:data1\" content=\"6 minuti\" \/>\n<script type=\"application\/ld+json\" class=\"yoast-schema-graph\">{\"@context\":\"https:\/\/schema.org\",\"@graph\":[{\"@type\":\"WebSite\",\"@id\":\"https:\/\/multihoster.org\/#website\",\"url\":\"https:\/\/multihoster.org\/\",\"name\":\"Multihoster.org\",\"description\":\"Reviews of the major Filehosting services\",\"potentialAction\":[{\"@type\":\"SearchAction\",\"target\":{\"@type\":\"EntryPoint\",\"urlTemplate\":\"https:\/\/multihoster.org\/?s={search_term_string}\"},\"query-input\":\"required name=search_term_string\"}],\"inLanguage\":\"it-IT\"},{\"@type\":\"ImageObject\",\"@id\":\"https:\/\/multihoster.org\/it\/filefactory\/#primaryimage\",\"inLanguage\":\"it-IT\",\"url\":\"https:\/\/multihoster.org\/wp-content\/uploads\/2018\/05\/filefactory_logo.jpg\",\"contentUrl\":\"https:\/\/multihoster.org\/wp-content\/uploads\/2018\/05\/filefactory_logo.jpg\",\"width\":365,\"height\":105},{\"@type\":\"WebPage\",\"@id\":\"https:\/\/multihoster.org\/it\/filefactory\/#webpage\",\"url\":\"https:\/\/multihoster.org\/it\/filefactory\/\",\"name\":\"lll\u25b7 Filefactory Premium Account serio o no +++ Test su Multihoster.org\",\"isPartOf\":{\"@id\":\"https:\/\/multihoster.org\/#website\"},\"primaryImageOfPage\":{\"@id\":\"https:\/\/multihoster.org\/it\/filefactory\/#primaryimage\"},\"datePublished\":\"2018-05-22T17:17:28+00:00\",\"dateModified\":\"2018-09-11T06:22:55+00:00\",\"description\":\"Se Filefactory \u00e8 un fornitore affidabile o meno, potete trovare la risposta nel test corrente su Multihoster.org \u279c Ora cliccate su \u271a per leggere le nostre esperienze!\",\"breadcrumb\":{\"@id\":\"https:\/\/multihoster.org\/it\/filefactory\/#breadcrumb\"},\"inLanguage\":\"it-IT\",\"potentialAction\":[{\"@type\":\"ReadAction\",\"target\":[\"https:\/\/multihoster.org\/it\/filefactory\/\"]}]},{\"@type\":\"BreadcrumbList\",\"@id\":\"https:\/\/multihoster.org\/it\/filefactory\/#breadcrumb\",\"itemListElement\":[{\"@type\":\"ListItem\",\"position\":1,\"name\":\"Startseite\",\"item\":\"https:\/\/multihoster.org\/it\/\"},{\"@type\":\"ListItem\",\"position\":2,\"name\":\"Filefactory Premium Account &#8211; Il Filehoster in sintesi\"}]}]}<\/script>\n<!-- \/ Yoast SEO plugin. -->","yoast_head_json":{"title":"lll\u25b7 Filefactory Premium Account serio o no +++ Test su Multihoster.org","description":"Se Filefactory \u00e8 un fornitore affidabile o meno, potete trovare la risposta nel test corrente su Multihoster.org \u279c Ora cliccate su \u271a per leggere le nostre esperienze!","robots":{"index":"index","follow":"follow","max-snippet":"max-snippet:-1","max-image-preview":"max-image-preview:large","max-video-preview":"max-video-preview:-1"},"canonical":"https:\/\/multihoster.org\/it\/filefactory\/","og_locale":"it_IT","og_type":"article","og_title":"lll\u25b7 Filefactory Premium Account serio o no +++ Test su Multihoster.org","og_description":"Se Filefactory \u00e8 un fornitore affidabile o meno, potete trovare la risposta nel test corrente su Multihoster.org \u279c Ora cliccate su \u271a per leggere le nostre esperienze!","og_url":"https:\/\/multihoster.org\/it\/filefactory\/","og_site_name":"Multihoster.org","article_modified_time":"2018-09-11T06:22:55+00:00","og_image":[{"url":"https:\/\/multihoster.org\/wp-content\/uploads\/2018\/05\/filefactory_logo-300x86.jpg"}],"twitter_card":"summary","twitter_misc":{"Tempo di lettura stimato":"6 minuti"},"schema":{"@context":"https:\/\/schema.org","@graph":[{"@type":"WebSite","@id":"https:\/\/multihoster.org\/#website","url":"https:\/\/multihoster.org\/","name":"Multihoster.org","description":"Reviews of the major Filehosting services","potentialAction":[{"@type":"SearchAction","target":{"@type":"EntryPoint","urlTemplate":"https:\/\/multihoster.org\/?s={search_term_string}"},"query-input":"required name=search_term_string"}],"inLanguage":"it-IT"},{"@type":"ImageObject","@id":"https:\/\/multihoster.org\/it\/filefactory\/#primaryimage","inLanguage":"it-IT","url":"https:\/\/multihoster.org\/wp-content\/uploads\/2018\/05\/filefactory_logo.jpg","contentUrl":"https:\/\/multihoster.org\/wp-content\/uploads\/2018\/05\/filefactory_logo.jpg","width":365,"height":105},{"@type":"WebPage","@id":"https:\/\/multihoster.org\/it\/filefactory\/#webpage","url":"https:\/\/multihoster.org\/it\/filefactory\/","name":"lll\u25b7 Filefactory Premium Account serio o no +++ Test su Multihoster.org","isPartOf":{"@id":"https:\/\/multihoster.org\/#website"},"primaryImageOfPage":{"@id":"https:\/\/multihoster.org\/it\/filefactory\/#primaryimage"},"datePublished":"2018-05-22T17:17:28+00:00","dateModified":"2018-09-11T06:22:55+00:00","description":"Se Filefactory \u00e8 un fornitore affidabile o meno, potete trovare la risposta nel test corrente su Multihoster.org \u279c Ora cliccate su \u271a per leggere le nostre esperienze!","breadcrumb":{"@id":"https:\/\/multihoster.org\/it\/filefactory\/#breadcrumb"},"inLanguage":"it-IT","potentialAction":[{"@type":"ReadAction","target":["https:\/\/multihoster.org\/it\/filefactory\/"]}]},{"@type":"BreadcrumbList","@id":"https:\/\/multihoster.org\/it\/filefactory\/#breadcrumb","itemListElement":[{"@type":"ListItem","position":1,"name":"Startseite","item":"https:\/\/multihoster.org\/it\/"},{"@type":"ListItem","position":2,"name":"Filefactory Premium Account &#8211; Il Filehoster in sintesi"}]}]}},"_links":{"self":[{"href":"https:\/\/multihoster.org\/it\/wp-json\/wp\/v2\/pages\/393"}],"collection":[{"href":"https:\/\/multihoster.org\/it\/wp-json\/wp\/v2\/pages"}],"about":[{"href":"https:\/\/multihoster.org\/it\/wp-json\/wp\/v2\/types\/page"}],"author":[{"embeddable":true,"href":"https:\/\/multihoster.org\/it\/wp-json\/wp\/v2\/users\/2"}],"replies":[{"embeddable":true,"href":"https:\/\/multihoster.org\/it\/wp-json\/wp\/v2\/comments?post=393"}],"version-history":[{"count":6,"href":"https:\/\/multihoster.org\/it\/wp-json\/wp\/v2\/pages\/393\/revisions"}],"predecessor-version":[{"id":1343,"href":"https:\/\/multihoster.org\/it\/wp-json\/wp\/v2\/pages\/393\/revisions\/1343"}],"wp:attachment":[{"href":"https:\/\/multihoster.org\/it\/wp-json\/wp\/v2\/media?parent=393"}],"curies":[{"name":"wp","href":"https:\/\/api.w.org\/{rel}","templated":true}]}}