{"id":3935,"date":"2020-04-17T12:53:08","date_gmt":"2020-04-17T12:53:08","guid":{"rendered":"https:\/\/multihoster.org\/novamov\/"},"modified":"2020-04-22T15:18:42","modified_gmt":"2020-04-22T15:18:42","slug":"novamov","status":"publish","type":"page","link":"https:\/\/multihoster.org\/it\/novamov\/","title":{"rendered":"Novamov Premium Conto: Il Filehoster In Sintesi"},"content":{"rendered":"\n<div class=\"wp-block-image\"><figure class=\"alignleft is-resized\"><img loading=\"lazy\" src=\"https:\/\/lh5.googleusercontent.com\/GEGPeWo_cWM4l1VHOyZGKI8iqjxPtmhqBonZwk9iL61NE2uaxrHmbfIXV7K51gYNic8K3vLA-auV1P1LvBH8gTHRgP6iYFCXEbf2phO325P-wCCXA7FH9fWrFrXH08HyES-oYE0g\" alt=\"Novamov official website\" width=\"297\" height=\"188\"\/><\/figure><\/div>\n\n\n\n<p>Novamov \u00e8 uno dei siti che gli utenti vanno a vedere i video in streaming o a trovare un file. Gli utenti possono trovare i file video da riprodurre in streaming o guardare online gratuitamente, come lo streaming di software, musica, documentari, giochi o qualsiasi genere di film o video. <\/p>\n\n\n\n<p>Il sito Novamov \u00e8 facile da navigare ed \u00e8 accessibile sui browser dei dispositivi degli utenti che dispongono di una connessione a Internet.<\/p>\n\n\n\n<p>Inoltre, Novamov ha una funzione per la directory dei file che \u00e8 divisa in sei (6) categorie, queste sono il software, musica, documenti, video, video in streaming e giochi. Gli utenti possono cercare un file inserendo parole o parole nel campo di ricerca e premere il tasto &#8220;Invio&#8221; o cliccare sul pulsante &#8220;Vai&#8221; per effettuare la ricerca.<\/p>\n\n\n\n<p>I file sul sito di Novamov nella pagina delle directory sono ordinati come segue:<\/p>\n\n\n\n<ul><li>Ordina in base alla ricorrenza dei file.<\/li><li>Ordinare i file in base al nome del file in ordine alfabetico dalla A alla Z o dalla Z alla A per l&#8217;ordine inverso.<\/li><li>Ordinare in base alla dimensione dei file. (per file grandi e piccoli)<\/li><\/ul>\n\n\n<a class=\"maxbutton-2 maxbutton maxbutton-cta\" target=\"_blank\" rel=\"nofollow noopener\" href=\"\/go\/\"><span class='mb-text'>&gt;&gt; Vai al sito web originale di Linkifier<\/span><\/a>\n\n\n<p><\/p>\n\n\n\n<h2>Novamov Premium Conto<\/h2>\n\n\n\n<p>Novamov ha due conti che sono il Conto Gratuito o il Conto Premium. Gli utenti che utilizzano l&#8217;account gratuito possono accedere solo a funzionalit\u00e0 e servizi limitati per lo streaming sul sito di Novamov, mentre gli utenti che si sono registrati per l&#8217;account premium hanno accesso illimitato a tutti gli account. Si veda di seguito il vantaggio di essere un utente premium.<\/p>\n\n\n\n<h3>I vantaggi de Novamov Premium Conto<\/h3>\n\n\n\n<ul><li>Non ci sono annunci e non ci sono captchas sulle pagine web del loro sito.<\/li><li>I video sono trasmessi in streaming ad altissima velocit\u00e0.<\/li><li>Gli utenti possono scaricare qualsiasi file video dal sito di Novamov utilizzando un download manager a loro piacimento.<\/li><li>I video che gli utenti possono vedere in streaming o guardare sono in alta definizione o in qualit\u00e0 HD.<\/li><li>Gli utenti possono guardare o trasmettere qualsiasi video senza limiti.<\/li><li>Gli utenti possono accedere alla directory dei file di Novamov.<\/li><\/ul>\n\n\n\n<h2>Novamov Video Downloader<\/h2>\n\n\n\n<p>Se gli utenti vogliono scaricare un video dal sito di Novamov, possono utilizzare il Novamov Video Downloader. Per sapere come scaricare, basta seguire i cinque (5) passaggi riportati di seguito.<\/p>\n\n\n\n<p>1. Gli utenti devono scaricare e installare prima il &#8220;Novamov Video Downloader&#8221;. Possono cercare questo software attraverso i browser web.<\/p>\n\n\n\n<p>2. Dopo che gli utenti hanno scaricato e installato il downloader, possono ora andare al link del video che gli utenti vogliono scaricare.<\/p>\n\n\n\n<p>3. Aprite il Video Downloader di Novamov.<\/p>\n\n\n\n<p>4. La finestra di login apparir\u00e0 sugli schermi degli utenti. Essi devono inserire la password corretta per accedere al downloader.<\/p>\n\n\n\n<p>5. Inserire la password &#8220;admin\/user&#8221; per la password. <\/p>\n\n\n\n<p>6. Poi, chieder\u00e0 un codice che gli utenti potranno ottenere dalle ultime stringhe del link del video. Si prega di fare riferimento all&#8217;immagine qui sotto per l&#8217;esempio. Copiarlo.<\/p>\n\n\n\n<figure class=\"wp-block-image\"><img src=\"https:\/\/lh4.googleusercontent.com\/_KDf_hoqc-1nGkhwvfXEE_sF9487xOwiOlqP3Qr_PK9mM13V9dVNmxam6C5OZgK6tmVwILC7ln2qRWOn9XpQtLFp_nBujGZTAswLP3VRtnD2m5ayfzUaF5dzYwIzhZ0Y7xHGGKLW\" alt=\"code link of the video file\"\/><\/figure>\n\n\n\n<p>7. Copiarlo e incollarlo nel campo &#8220;Incolla il codice qui&#8221; come nell&#8217;immagine sottostante.<\/p>\n\n\n\n<p>8. Cliccare su &#8220;Get Download Link&#8221; per ottenere il file video attraverso il codice.<\/p>\n\n\n\n<figure class=\"wp-block-image is-resized\"><img loading=\"lazy\" src=\"https:\/\/lh4.googleusercontent.com\/RvpR8C_uQY3pR0sRocdQYPzBROkiLXUfiRlfzfsgg4du7skfY_7X6EHSbH18JB7NRIjjX78yXSX_ct1qjjguyrWp_1l8xVgLHDb_mgiq8OjF2YlQMiJ5vC2kXOh6WYjiWwFg3CQY\" alt=\"Get the download link\" width=\"204\" height=\"113\"\/><\/figure>\n\n\n\n<p>9. Cliccate sul link &#8220;Clicca qui per scaricare il video&#8221;. Poi, il video inizier\u00e0 a scaricarsi. Si prega di vedere l&#8217;immagine qui sotto.<\/p>\n\n\n\n<figure class=\"wp-block-image is-resized\"><img loading=\"lazy\" src=\"https:\/\/lh6.googleusercontent.com\/5NOwK2jSWWgV5hVqk9p3RAjblqCX5mfImzd0d4uCCmce1nXjpPT3iBAJ57n9zxIcwasRhxkdXHx2yl9_Vmiqku2wDS-iVyINibd7Bc6sHBuyiDgZIXSvpZFzPGwJ8cLQGTHjErHO\" alt=\"Download the video file\" width=\"206\" height=\"115\"\/><\/figure>\n\n\n\n<p>10. Apparir\u00e0 la finestra di download dei file. Cliccare sul pulsante &#8220;Salva&#8221; per continuare il download.<\/p>\n\n\n\n<figure class=\"wp-block-image is-resized\"><img loading=\"lazy\" src=\"https:\/\/lh4.googleusercontent.com\/0hzF1tMyFK8VYx5sKPrF2bW3lVh7IOsfsqN7R_1JtRABtDXovPIde8ZTBf7FQcyQUnP14l-vTnhB6lz1thGZ4yC6QRe2sxX5nq3dOgdw8JfPWbGWJArKaq-GoMw8sVfewWR-hfUo\" alt=\"save the video\" width=\"208\" height=\"149\"\/><\/figure>\n\n\n\n<p>11. Infine, attendere che il file video venga scaricato completamente.<\/p>\n\n\n\n<figure class=\"wp-block-image is-resized\"><img loading=\"lazy\" src=\"https:\/\/lh5.googleusercontent.com\/V0XJqir-GvdpSkBWIQZpwY6XxP8N1400lRn0ClNXS3DLMDZeynh-RUCV4Ix15JWp2h2PygWUwO-IK7iD72YKvk6j85jax5jNmwVYKm-NdGSaROL8oQU0-c11RBdBS0EIo2Yo7R_i\" alt=\"video is downloading\" width=\"203\" height=\"135\"\/><\/figure>\n\n\n\n<p>Gli utenti possono ora divertirsi a scaricare i file video che desiderano in qualsiasi momento attraverso il software di scaricamento video di Novamov.<\/p>\n\n\n<a class=\"maxbutton-2 maxbutton maxbutton-cta\" target=\"_blank\" rel=\"nofollow noopener\" href=\"\/go\/\"><span class='mb-text'>&gt;&gt; Vai al sito web originale di Linkifier<\/span><\/a>\n\n\n<h2>Novamov: Carica un video<\/h2>\n\n\n\n<p>Se gli utenti vogliono caricare un file come video, immagine, audio e flash, possono farlo gratuitamente sul sito di Novamov. <\/p>\n\n\n\n<p>Per il caricamento, basta seguire i sei (6) semplici passi sottostanti:<\/p>\n\n\n\n<ol><li>Gli utenti devono prima effettuare il login sul sito di Novamov per caricare i loro file. Sono tenuti a registrarsi se non hanno ancora un account.<\/li><li>Vai alla pagina Carica del sito e compila il modulo (vedi l&#8217;immagine qui sotto)<\/li><li>Gli utenti devono selezionare il loro file cliccando sul pulsante &#8220;Choose File&#8221;. La directory del loro dispositivo apparir\u00e0 per individuare il file. Quindi, cliccare su &#8220;OK&#8221;.<\/li><li>Impostare il nome e la didascalia del file riempiendo i campi del titolo e della descrizione.<\/li><li>Scegliete la categoria del file (software, musica, video in streaming, documentari e giochi).<\/li><li>Cliccate sul pulsante &#8220;Upload&#8221; per avviare il processo di caricamento. Devono aspettare fino a quando il loro file non ha finito il caricamento.<\/li><\/ol>\n\n\n\n<p>Dopo averlo caricato, il file sar\u00e0 salvato nel database e nel server di Novamov e sar\u00e0 visualizzato sul sito.<\/p>\n\n\n\n<div class=\"wp-block-image\"><figure class=\"alignleft is-resized\"><img loading=\"lazy\" src=\"https:\/\/lh5.googleusercontent.com\/H9yYqkTQDUyuUqt6FnEiav9q6Ifz17QqOi1bX5ghL1Puur1MqNmv21ta68b3ZZkxaoQt3Dri9mVH5ujnVPX7DOtluJ3wJ7UcKJZg_ubufnzHzkLKNv6cbRrjLKWCEPqhlz4UTdjp\" alt=\"Novanov Upload\" width=\"185\" height=\"106\"\/><\/figure><\/div>\n\n\n\n<p>Ricordate: Gli utenti di Novamov sono autorizzati a caricare qualsiasi file che abbia diritti d&#8217;autore o che abbia un rapporto con la pornografia, la violenza, le questioni sessuali e le offese. Inoltre, non sono autorizzati a utilizzare il metodo di hotlinking nel caricamento. Possono leggere le Condizioni di servizio (CGUS) di Novamov per saperne di pi\u00f9.<\/p>\n\n\n\n<h2>Novamov: Condividi un video<\/h2>\n\n\n\n<p>Se gli utenti desiderano condividere un video dal sito di Novamov, possono cliccare sul pulsante &#8220;Condividi su Facebook&#8221; o sull&#8217;icona della condivisione stessa per condividerlo su qualsiasi sito di social media, e-mail, blog, vlog o forum.<\/p>\n\n\n\n<h2>Novamov: Guadagnare soldi<\/h2>\n\n\n\n<p>Novamov offre ai suoi utenti un modo per guadagnare denaro. Gli utenti possono ricevere fino al venticinque per cento (25%) per ogni mille file scaricati e fino al trenta per cento (30%) per i loro guadagni di rinvio.<\/p>\n\n\n\n<h2>Novamov: Accesso al sito<\/h2>\n\n\n\n<p>Se gli utenti tentano di visitare il sito di Novamov ora e non possono accedervi, \u00e8 perch\u00e9 il sito di Novamov \u00e8 fuori servizio o perch\u00e9 il loro sito \u00e8 stato rilevato con contenuti protetti da copyright o perch\u00e9 il loro dominio \u00e8 stato sospeso dall&#8217;EuroDNS. Si prega di vedere l&#8217;immagine sottostante per riferimento.<\/p>\n\n\n\n<p>Se gli utenti vengono indirizzati al sito EuroDNS con il messaggio &#8220;Questo nome a dominio \u00e8 stato sospeso&#8221;, ci\u00f2 \u00e8 dovuto a quanto segue:<\/p>\n\n\n\n<ol><li>Il proprietario del sito ha fatto alcune modifiche con i suoi dati di contatto, come l&#8217;indirizzo e-mail, ma ha trascurato di convalidarlo.<\/li><li>Non \u00e8 stato ricevuto alcun pagamento per l&#8217;hosting del sito web.<\/li><li>Se il sito web sul web hosting condiviso, ma le sue prestazioni \u00e8 lento o molto basso.<\/li><li>Se il sito web viola i diritti d&#8217;autore o le politiche.<\/li><\/ol>\n\n\n<a class=\"maxbutton-2 maxbutton maxbutton-cta\" target=\"_blank\" rel=\"nofollow noopener\" href=\"\/go\/\"><span class='mb-text'>&gt;&gt; Vai al sito web originale di Linkifier<\/span><\/a>","protected":false},"excerpt":{"rendered":"<p>Novamov \u00e8 uno dei siti che gli utenti vanno a vedere i video in streaming o a trovare un file.<\/p>\n","protected":false},"author":2,"featured_media":0,"parent":0,"menu_order":0,"comment_status":"closed","ping_status":"closed","template":"","meta":[],"yoast_head":"<!-- This site is optimized with the Yoast SEO plugin v18.3 - https:\/\/yoast.com\/wordpress\/plugins\/seo\/ -->\n<title>Novamov Premium Conto \u2013 Il Filehoster In Sintesi<\/title>\n<meta name=\"description\" content=\"Se Novamov \u00e8 un fornitore affidabile o no, potete trovare la risposta nel test in corso su Multihoster.org \u279c Cliccate ora \u271a per leggere le nostre esperienze!\" \/>\n<meta name=\"robots\" content=\"index, follow, max-snippet:-1, max-image-preview:large, max-video-preview:-1\" \/>\n<link rel=\"canonical\" href=\"https:\/\/multihoster.org\/it\/novamov\/\" \/>\n<meta property=\"og:locale\" content=\"it_IT\" \/>\n<meta property=\"og:type\" content=\"article\" \/>\n<meta property=\"og:title\" content=\"Novamov Premium Conto \u2013 Il Filehoster In Sintesi\" \/>\n<meta property=\"og:description\" content=\"Se Novamov \u00e8 un fornitore affidabile o no, potete trovare la risposta nel test in corso su Multihoster.org \u279c Cliccate ora \u271a per leggere le nostre esperienze!\" \/>\n<meta property=\"og:url\" content=\"https:\/\/multihoster.org\/it\/novamov\/\" \/>\n<meta property=\"og:site_name\" content=\"Multihoster.org\" \/>\n<meta property=\"article:modified_time\" content=\"2020-04-22T15:18:42+00:00\" \/>\n<meta property=\"og:image\" content=\"https:\/\/lh5.googleusercontent.com\/GEGPeWo_cWM4l1VHOyZGKI8iqjxPtmhqBonZwk9iL61NE2uaxrHmbfIXV7K51gYNic8K3vLA-auV1P1LvBH8gTHRgP6iYFCXEbf2phO325P-wCCXA7FH9fWrFrXH08HyES-oYE0g\" \/>\n<meta name=\"twitter:card\" content=\"summary\" \/>\n<meta name=\"twitter:label1\" content=\"Tempo di lettura stimato\" \/>\n\t<meta name=\"twitter:data1\" content=\"5 minuti\" \/>\n<script type=\"application\/ld+json\" class=\"yoast-schema-graph\">{\"@context\":\"https:\/\/schema.org\",\"@graph\":[{\"@type\":\"WebSite\",\"@id\":\"https:\/\/multihoster.org\/#website\",\"url\":\"https:\/\/multihoster.org\/\",\"name\":\"Multihoster.org\",\"description\":\"Reviews of the major Filehosting services\",\"potentialAction\":[{\"@type\":\"SearchAction\",\"target\":{\"@type\":\"EntryPoint\",\"urlTemplate\":\"https:\/\/multihoster.org\/?s={search_term_string}\"},\"query-input\":\"required name=search_term_string\"}],\"inLanguage\":\"it-IT\"},{\"@type\":\"ImageObject\",\"@id\":\"https:\/\/multihoster.org\/it\/novamov\/#primaryimage\",\"inLanguage\":\"it-IT\",\"url\":\"https:\/\/lh5.googleusercontent.com\/GEGPeWo_cWM4l1VHOyZGKI8iqjxPtmhqBonZwk9iL61NE2uaxrHmbfIXV7K51gYNic8K3vLA-auV1P1LvBH8gTHRgP6iYFCXEbf2phO325P-wCCXA7FH9fWrFrXH08HyES-oYE0g\",\"contentUrl\":\"https:\/\/lh5.googleusercontent.com\/GEGPeWo_cWM4l1VHOyZGKI8iqjxPtmhqBonZwk9iL61NE2uaxrHmbfIXV7K51gYNic8K3vLA-auV1P1LvBH8gTHRgP6iYFCXEbf2phO325P-wCCXA7FH9fWrFrXH08HyES-oYE0g\"},{\"@type\":\"WebPage\",\"@id\":\"https:\/\/multihoster.org\/it\/novamov\/#webpage\",\"url\":\"https:\/\/multihoster.org\/it\/novamov\/\",\"name\":\"Novamov Premium Conto \u2013 Il Filehoster In Sintesi\",\"isPartOf\":{\"@id\":\"https:\/\/multihoster.org\/#website\"},\"primaryImageOfPage\":{\"@id\":\"https:\/\/multihoster.org\/it\/novamov\/#primaryimage\"},\"datePublished\":\"2020-04-17T12:53:08+00:00\",\"dateModified\":\"2020-04-22T15:18:42+00:00\",\"description\":\"Se Novamov \u00e8 un fornitore affidabile o no, potete trovare la risposta nel test in corso su Multihoster.org \u279c Cliccate ora \u271a per leggere le nostre esperienze!\",\"breadcrumb\":{\"@id\":\"https:\/\/multihoster.org\/it\/novamov\/#breadcrumb\"},\"inLanguage\":\"it-IT\",\"potentialAction\":[{\"@type\":\"ReadAction\",\"target\":[\"https:\/\/multihoster.org\/it\/novamov\/\"]}]},{\"@type\":\"BreadcrumbList\",\"@id\":\"https:\/\/multihoster.org\/it\/novamov\/#breadcrumb\",\"itemListElement\":[{\"@type\":\"ListItem\",\"position\":1,\"name\":\"Startseite\",\"item\":\"https:\/\/multihoster.org\/it\/\"},{\"@type\":\"ListItem\",\"position\":2,\"name\":\"Novamov Premium Conto: Il Filehoster In Sintesi\"}]}]}<\/script>\n<!-- \/ Yoast SEO plugin. -->","yoast_head_json":{"title":"Novamov Premium Conto \u2013 Il Filehoster In Sintesi","description":"Se Novamov \u00e8 un fornitore affidabile o no, potete trovare la risposta nel test in corso su Multihoster.org \u279c Cliccate ora \u271a per leggere le nostre esperienze!","robots":{"index":"index","follow":"follow","max-snippet":"max-snippet:-1","max-image-preview":"max-image-preview:large","max-video-preview":"max-video-preview:-1"},"canonical":"https:\/\/multihoster.org\/it\/novamov\/","og_locale":"it_IT","og_type":"article","og_title":"Novamov Premium Conto \u2013 Il Filehoster In Sintesi","og_description":"Se Novamov \u00e8 un fornitore affidabile o no, potete trovare la risposta nel test in corso su Multihoster.org \u279c Cliccate ora \u271a per leggere le nostre esperienze!","og_url":"https:\/\/multihoster.org\/it\/novamov\/","og_site_name":"Multihoster.org","article_modified_time":"2020-04-22T15:18:42+00:00","og_image":[{"url":"https:\/\/lh5.googleusercontent.com\/GEGPeWo_cWM4l1VHOyZGKI8iqjxPtmhqBonZwk9iL61NE2uaxrHmbfIXV7K51gYNic8K3vLA-auV1P1LvBH8gTHRgP6iYFCXEbf2phO325P-wCCXA7FH9fWrFrXH08HyES-oYE0g"}],"twitter_card":"summary","twitter_misc":{"Tempo di lettura stimato":"5 minuti"},"schema":{"@context":"https:\/\/schema.org","@graph":[{"@type":"WebSite","@id":"https:\/\/multihoster.org\/#website","url":"https:\/\/multihoster.org\/","name":"Multihoster.org","description":"Reviews of the major Filehosting services","potentialAction":[{"@type":"SearchAction","target":{"@type":"EntryPoint","urlTemplate":"https:\/\/multihoster.org\/?s={search_term_string}"},"query-input":"required name=search_term_string"}],"inLanguage":"it-IT"},{"@type":"ImageObject","@id":"https:\/\/multihoster.org\/it\/novamov\/#primaryimage","inLanguage":"it-IT","url":"https:\/\/lh5.googleusercontent.com\/GEGPeWo_cWM4l1VHOyZGKI8iqjxPtmhqBonZwk9iL61NE2uaxrHmbfIXV7K51gYNic8K3vLA-auV1P1LvBH8gTHRgP6iYFCXEbf2phO325P-wCCXA7FH9fWrFrXH08HyES-oYE0g","contentUrl":"https:\/\/lh5.googleusercontent.com\/GEGPeWo_cWM4l1VHOyZGKI8iqjxPtmhqBonZwk9iL61NE2uaxrHmbfIXV7K51gYNic8K3vLA-auV1P1LvBH8gTHRgP6iYFCXEbf2phO325P-wCCXA7FH9fWrFrXH08HyES-oYE0g"},{"@type":"WebPage","@id":"https:\/\/multihoster.org\/it\/novamov\/#webpage","url":"https:\/\/multihoster.org\/it\/novamov\/","name":"Novamov Premium Conto \u2013 Il Filehoster In Sintesi","isPartOf":{"@id":"https:\/\/multihoster.org\/#website"},"primaryImageOfPage":{"@id":"https:\/\/multihoster.org\/it\/novamov\/#primaryimage"},"datePublished":"2020-04-17T12:53:08+00:00","dateModified":"2020-04-22T15:18:42+00:00","description":"Se Novamov \u00e8 un fornitore affidabile o no, potete trovare la risposta nel test in corso su Multihoster.org \u279c Cliccate ora \u271a per leggere le nostre esperienze!","breadcrumb":{"@id":"https:\/\/multihoster.org\/it\/novamov\/#breadcrumb"},"inLanguage":"it-IT","potentialAction":[{"@type":"ReadAction","target":["https:\/\/multihoster.org\/it\/novamov\/"]}]},{"@type":"BreadcrumbList","@id":"https:\/\/multihoster.org\/it\/novamov\/#breadcrumb","itemListElement":[{"@type":"ListItem","position":1,"name":"Startseite","item":"https:\/\/multihoster.org\/it\/"},{"@type":"ListItem","position":2,"name":"Novamov Premium Conto: Il Filehoster In Sintesi"}]}]}},"_links":{"self":[{"href":"https:\/\/multihoster.org\/it\/wp-json\/wp\/v2\/pages\/3935"}],"collection":[{"href":"https:\/\/multihoster.org\/it\/wp-json\/wp\/v2\/pages"}],"about":[{"href":"https:\/\/multihoster.org\/it\/wp-json\/wp\/v2\/types\/page"}],"author":[{"embeddable":true,"href":"https:\/\/multihoster.org\/it\/wp-json\/wp\/v2\/users\/2"}],"replies":[{"embeddable":true,"href":"https:\/\/multihoster.org\/it\/wp-json\/wp\/v2\/comments?post=3935"}],"version-history":[{"count":3,"href":"https:\/\/multihoster.org\/it\/wp-json\/wp\/v2\/pages\/3935\/revisions"}],"predecessor-version":[{"id":4320,"href":"https:\/\/multihoster.org\/it\/wp-json\/wp\/v2\/pages\/3935\/revisions\/4320"}],"wp:attachment":[{"href":"https:\/\/multihoster.org\/it\/wp-json\/wp\/v2\/media?parent=3935"}],"curies":[{"name":"wp","href":"https:\/\/api.w.org\/{rel}","templated":true}]}}